{"id":12979,"date":"2026-03-09T22:55:29","date_gmt":"2026-03-09T22:55:29","guid":{"rendered":"https:\/\/sagrinex.com\/produit\/maehroboter-1000-m%c2%b2-mobile-steuerung-per-wlan-texas-tmx1000\/"},"modified":"2026-04-15T21:11:58","modified_gmt":"2026-04-15T21:11:58","slug":"maehroboter-1000-m%c2%b2-mobile-steuerung-per-wlan-texas-tmx1000","status":"publish","type":"product","link":"https:\/\/sagrinex.com\/de\/produit\/maehroboter-1000-m%c2%b2-mobile-steuerung-per-wlan-texas-tmx1000\/","title":{"rendered":"M\u00e4hroboter 1000 M\u00b2, Mobile Steuerung Per Wlan \u2013 Texas TMX1000"},"content":{"rendered":"<h2>M\u00e4hroboter TEXAS TMX1000 \u2013 Autonom, intelligent und ideal f\u00fcr gro\u00dfe Fl\u00e4chen<\/h2>\n<p>Der <strong>M\u00e4hroboter TEXAS TMX1000<\/strong> \u00fcbernimmt <strong>gro\u00dfe Rasenfl\u00e4chen bis zu 1000 m\u00b2<\/strong> effizient. F\u00fcr anspruchsvolle Grundst\u00fccke konzipiert, ist er <strong>vernetzt, leise<\/strong> (58 dB) und einfach per Smartphone zu steuern. <\/p>\n<hr>\n<h2>Leistungsstarkes M\u00e4hen auf gro\u00dfen Fl\u00e4chen<\/h2>\n<p>Der TMX1000 ist f\u00fcr <strong>gro\u00dfe G\u00e4rten<\/strong> konzipiert und bietet eine M\u00e4hqualit\u00e4t wie <strong>Premium-Roboter f\u00fcr Privatkunden<\/strong>:  <\/p>\n<ul>\n<li><strong>Bis zu 1000 m\u00b2<\/strong> M\u00e4habdeckung f\u00fcr gro\u00dfe Au\u00dfenfl\u00e4chen.<\/li>\n<li><strong>20-cm-Messer<\/strong> mit 3 Klingen, die mit 2500 U\/min rotieren, f\u00fcr einen sauberen und schnellen Schnitt.<\/li>\n<li><strong>Einstellbare Schnitth\u00f6he<\/strong> von 20 bis 60 mm in 9 Stufen f\u00fcr individuelles M\u00e4hen.<\/li>\n<li>Bew\u00e4ltigt Steigungen bis zu <strong>24\u00b0 (45 %)<\/strong>, perfekt f\u00fcr <strong>Hanglagen oder unebenes Gel\u00e4nde<\/strong>.<\/li>\n<li><strong>Sehr leise<\/strong> mit einem Ger\u00e4uschpegel von nur 58 dB.<\/li>\n<li>Akkulaufzeit von <strong>2 bis 2,5 Std.<\/strong> mit <strong>automatischem Laden<\/strong> in 2 Std.<\/li>\n<\/ul>\n<hr>\n<h2>Ein vernetzter und erweiterbarer M\u00e4hroboter<\/h2>\n<p>Dank der TEXAS-App bietet der TMX1000 ein intuitives und umfassendes M\u00e4herlebnis:<\/p>\n<ul>\n<li><strong>Steuerung per WLAN oder Bluetooth<\/strong> mit intuitiver TEXAS-App.<\/li>\n<li><strong>Planung von 2 Zeitfenstern<\/strong> pro Tag, passend zu Ihrem Rhythmus.<\/li>\n<li><strong>Multi-Zonen-Funktion<\/strong> mit 4 Startpunkten, um alle Bereiche des Gartens zu m\u00e4hen.<\/li>\n<li><strong>Automatische Kartierung<\/strong> des Rasens nach 14 Tagen Lernphase.<\/li>\n<li><strong>Software-Updates<\/strong> direkt \u00fcber die App.<\/li>\n<\/ul>\n<h3>Sicherheit und Anpassung an die Umgebung<\/h3>\n<ul>\n<li>Hindernis-, Hebe-, Neigungs- und Regensensoren f\u00fcr ein <strong>sicheres<\/strong> und pr\u00e4zises M\u00e4hen.<\/li>\n<li><strong>Schwimmendes M\u00e4hdeck<\/strong> zur Anpassung an Bodenunebenheiten.<\/li>\n<li>Eco-Modus f\u00fcr einen <strong>reduzierten Stromverbrauch<\/strong> (50 bis 150 kr\/Jahr).<\/li>\n<li><strong>UV-Schutz<\/strong> des Geh\u00e4uses und rutschfeste Hinterr\u00e4der f\u00fcr zuverl\u00e4ssigen Einsatz auch bei feuchtem Wetter.<\/li>\n<li><strong>PIN-Code<\/strong> zur Diebstahlsicherung des M\u00e4hers.<\/li>\n<\/ul>\n<h4>Lieferumfang<\/h4>\n<ul>\n<li>Ladestation, Netzteil, 170 m Begrenzungskabel, 230 Heringe, 9 Klingen, vollst\u00e4ndiges Handbuch.<\/li>\n<\/ul>\n<p><em>Optional kann ein <strong>Schutzdach<\/strong> an der Ladestation erg\u00e4nzt werden, f\u00fcr bessere Haltbarkeit bei Witterungseinfl\u00fcssen.<\/em><\/p>\n<p><strong>2 Jahre Garantie.<\/strong> Alle <strong>Ersatzteile sind mindestens 10 Jahre verf\u00fcgbar<\/strong>.<\/p>\n<p>Mit dem <strong>M\u00e4hroboter TEXAS TMX1000<\/strong> genie\u00dfen Sie dank vernetzter, leistungsstarker Technologie f\u00fcr gro\u00dfe G\u00e4rten einen <strong>perfekten Rasen ohne Aufwand<\/strong>.<\/p>\n","protected":false},"excerpt":{"rendered":"<ul>\n<li>M\u00e4hroboter <strong>TEXAS TMX1000<\/strong>, per<strong> WLAN<\/strong> aus der Ferne steuerbar, f\u00fcr Fl\u00e4chen bis zu <strong>1000 m\u00b2.<\/strong><\/li>\n<li>Verbindung zur <strong>mobilen App<\/strong> f\u00fcr Einstellungen, Start und Fern\u00fcberwachung.<\/li>\n<li>Abgrenzung des M\u00e4hbereichs per <strong>Begrenzungskabel<\/strong> (mitgeliefert).<\/li>\n<li>Bew\u00e4ltigt Steigungen bis zu<strong> 45 %<\/strong> mit automatischer R\u00fcckkehr zur Ladestation.<\/li>\n<li>Leises 20-cm-<strong> <\/strong>Mulch-M\u00e4hsystem mit schwimmenden Messern.<\/li>\n<\/ul>\n<dl class=\"data-sheet flex_container\">\n<dd class=\"value flex_child\"><\/dd>\n<\/dl>\n","protected":false},"featured_media":12980,"comment_status":"open","ping_status":"closed","template":"","meta":[],"product_brand":[],"product_cat":[321,320],"product_tag":[],"class_list":{"0":"post-12979","1":"product","2":"type-product","3":"status-publish","4":"has-post-thumbnail","6":"product_cat-mahroboter","7":"product_cat-unsere-rasenmaher","9":"first","10":"instock","11":"sale","12":"shipping-taxable","13":"purchasable","14":"product-type-simple"},"yoast_head":"<!-- This site is optimized with the Yoast SEO plugin v27.4 - https:\/\/yoast.com\/product\/yoast-seo-wordpress\/ -->\n<title>M\u00e4hroboter 1000 m\u00b2, mobile Steuerung per WLAN \u2013 TEXAS TMX1000<\/title>\n<meta name=\"description\" content=\"M\u00e4hroboter TEXAS TMX1000, per WLAN aus der Ferne steuerbar, f\u00fcr Fl\u00e4chen bis zu 1000 m\u00b2.Verbindung zur mobilen App f\u00fcr Einstellungen, Start und Fern\u00fcberwachung.Abgrenzung des M\u00e4hbereichs per Begrenzungskabel (mitgeliefert).Bew\u00e4ltigt Steigungen bis zu 45 % mit automatischer R\u00fcckkehr zur Ladestation.Leiser 20-cm-Mulch-M\u00e4hsystem mit schwimmenden Messern.\" \/>\n<meta name=\"robots\" content=\"index, follow, max-snippet:-1, max-image-preview:large, max-video-preview:-1\" \/>\n<link rel=\"canonical\" href=\"https:\/\/sagrinex.com\/produit\/robot-tondeuse-1000-m\u00b2-pilotage-mobile-par-wi-fi-texas-tmx1000robot-tondeuse-1000-m\u00b2-pilotage-mobile-par-wi-fi-texas-tmx1000\/\" \/>\n<meta property=\"og:locale\" content=\"de_DE\" \/>\n<meta property=\"og:type\" content=\"article\" \/>\n<meta property=\"og:title\" content=\"M\u00e4hroboter 1000 m\u00b2, mobile Steuerung per WLAN \u2013 TEXAS TMX1000\" \/>\n<meta property=\"og:description\" content=\"M\u00e4hroboter TEXAS TMX1000, per WLAN aus der Ferne steuerbar, f\u00fcr Fl\u00e4chen bis zu 1000 m\u00b2.Verbindung zur mobilen App f\u00fcr Einstellungen, Start und Fern\u00fcberwachung.Abgrenzung des M\u00e4hbereichs per Begrenzungskabel (mitgeliefert).Bew\u00e4ltigt Steigungen bis zu 45 % mit automatischer R\u00fcckkehr zur Ladestation.Leiser 20-cm-Mulch-M\u00e4hsystem mit schwimmenden Messern.\" \/>\n<meta property=\"og:url\" content=\"https:\/\/sagrinex.com\/produit\/robot-tondeuse-1000-m\u00b2-pilotage-mobile-par-wi-fi-texas-tmx1000robot-tondeuse-1000-m\u00b2-pilotage-mobile-par-wi-fi-texas-tmx1000\/\" \/>\n<meta property=\"og:site_name\" content=\"Sagrinex \u2013 Anhaenger, Container &amp; Landtechnik \ud83c\udf3e\ud83d\ude9c\" \/>\n<meta property=\"article:modified_time\" content=\"2026-04-15T21:11:58+00:00\" \/>\n<meta property=\"og:image\" content=\"https:\/\/sagrinex.com\/wp-content\/uploads\/2026\/03\/robot-tondeuse-1000-m-pilotage-mobile-par-wi-fi-texas-tmx1000.jpg\" \/>\n\t<meta property=\"og:image:width\" content=\"1200\" \/>\n\t<meta property=\"og:image:height\" content=\"1372\" \/>\n\t<meta property=\"og:image:type\" content=\"image\/jpeg\" \/>\n<meta name=\"twitter:card\" content=\"summary_large_image\" \/>\n<meta name=\"twitter:label1\" content=\"Gesch\u00e4tzte Lesezeit\" \/>\n\t<meta name=\"twitter:data1\" content=\"2\u00a0Minuten\" \/>\n<script type=\"application\/ld+json\" class=\"yoast-schema-graph\">{\"@context\":\"https:\\\/\\\/schema.org\",\"@graph\":[{\"@type\":\"WebPage\",\"@id\":\"https:\\\/\\\/sagrinex.com\\\/produit\\\/robot-tondeuse-1000-m%c2%b2-pilotage-mobile-par-wi-fi-texas-tmx1000robot-tondeuse-1000-m%c2%b2-pilotage-mobile-par-wi-fi-texas-tmx1000\\\/\",\"url\":\"https:\\\/\\\/sagrinex.com\\\/produit\\\/robot-tondeuse-1000-m%c2%b2-pilotage-mobile-par-wi-fi-texas-tmx1000robot-tondeuse-1000-m%c2%b2-pilotage-mobile-par-wi-fi-texas-tmx1000\\\/\",\"name\":\"M\u00e4hroboter 1000 m\u00b2, mobile Steuerung per WLAN \u2013 TEXAS TMX1000\",\"isPartOf\":{\"@id\":\"https:\\\/\\\/sagrinex.com\\\/#website\"},\"primaryImageOfPage\":{\"@id\":\"https:\\\/\\\/sagrinex.com\\\/produit\\\/robot-tondeuse-1000-m%c2%b2-pilotage-mobile-par-wi-fi-texas-tmx1000robot-tondeuse-1000-m%c2%b2-pilotage-mobile-par-wi-fi-texas-tmx1000\\\/#primaryimage\"},\"image\":{\"@id\":\"https:\\\/\\\/sagrinex.com\\\/produit\\\/robot-tondeuse-1000-m%c2%b2-pilotage-mobile-par-wi-fi-texas-tmx1000robot-tondeuse-1000-m%c2%b2-pilotage-mobile-par-wi-fi-texas-tmx1000\\\/#primaryimage\"},\"thumbnailUrl\":\"https:\\\/\\\/sagrinex.com\\\/wp-content\\\/uploads\\\/2026\\\/03\\\/robot-tondeuse-1000-m-pilotage-mobile-par-wi-fi-texas-tmx1000.jpg\",\"datePublished\":\"2026-03-09T22:55:29+00:00\",\"dateModified\":\"2026-04-15T21:11:58+00:00\",\"description\":\"M\u00e4hroboter TEXAS TMX1000, per WLAN aus der Ferne steuerbar, f\u00fcr Fl\u00e4chen bis zu 1000 m\u00b2.Verbindung zur mobilen App f\u00fcr Einstellungen, Start und Fern\u00fcberwachung.Abgrenzung des M\u00e4hbereichs per Begrenzungskabel (mitgeliefert).Bew\u00e4ltigt Steigungen bis zu 45 % mit automatischer R\u00fcckkehr zur Ladestation.Leiser 20-cm-Mulch-M\u00e4hsystem mit schwimmenden Messern.\",\"breadcrumb\":{\"@id\":\"https:\\\/\\\/sagrinex.com\\\/produit\\\/robot-tondeuse-1000-m%c2%b2-pilotage-mobile-par-wi-fi-texas-tmx1000robot-tondeuse-1000-m%c2%b2-pilotage-mobile-par-wi-fi-texas-tmx1000\\\/#breadcrumb\"},\"inLanguage\":\"de\",\"potentialAction\":[{\"@type\":\"ReadAction\",\"target\":[\"https:\\\/\\\/sagrinex.com\\\/produit\\\/robot-tondeuse-1000-m%c2%b2-pilotage-mobile-par-wi-fi-texas-tmx1000robot-tondeuse-1000-m%c2%b2-pilotage-mobile-par-wi-fi-texas-tmx1000\\\/\"]}]},{\"@type\":\"ImageObject\",\"inLanguage\":\"de\",\"@id\":\"https:\\\/\\\/sagrinex.com\\\/produit\\\/robot-tondeuse-1000-m%c2%b2-pilotage-mobile-par-wi-fi-texas-tmx1000robot-tondeuse-1000-m%c2%b2-pilotage-mobile-par-wi-fi-texas-tmx1000\\\/#primaryimage\",\"url\":\"https:\\\/\\\/sagrinex.com\\\/wp-content\\\/uploads\\\/2026\\\/03\\\/robot-tondeuse-1000-m-pilotage-mobile-par-wi-fi-texas-tmx1000.jpg\",\"contentUrl\":\"https:\\\/\\\/sagrinex.com\\\/wp-content\\\/uploads\\\/2026\\\/03\\\/robot-tondeuse-1000-m-pilotage-mobile-par-wi-fi-texas-tmx1000.jpg\",\"width\":1200,\"height\":1372},{\"@type\":\"BreadcrumbList\",\"@id\":\"https:\\\/\\\/sagrinex.com\\\/produit\\\/robot-tondeuse-1000-m%c2%b2-pilotage-mobile-par-wi-fi-texas-tmx1000robot-tondeuse-1000-m%c2%b2-pilotage-mobile-par-wi-fi-texas-tmx1000\\\/#breadcrumb\",\"itemListElement\":[{\"@type\":\"ListItem\",\"position\":1,\"name\":\"Accueil\",\"item\":\"https:\\\/\\\/sagrinex.com\\\/?lang=de\"},{\"@type\":\"ListItem\",\"position\":2,\"name\":\"Shop\",\"item\":\"https:\\\/\\\/sagrinex.com\\\/shop\\\/\"},{\"@type\":\"ListItem\",\"position\":3,\"name\":\"M\u00e4hroboter 1000 M\u00b2, Mobile Steuerung Per Wlan \u2013 Texas TMX1000\"}]},{\"@type\":\"WebSite\",\"@id\":\"https:\\\/\\\/sagrinex.com\\\/#website\",\"url\":\"https:\\\/\\\/sagrinex.com\\\/\",\"name\":\"Sagrinex \u2013 Spezialist f\u00fcr Anh\u00e4nger, Container & Landtechnik\",\"description\":\"Anhaenger, Container &amp; Landtechnik \u2014 Online-Verkauf &amp; kostenloses Angebot\",\"publisher\":{\"@id\":\"https:\\\/\\\/sagrinex.com\\\/#organization\"},\"potentialAction\":[{\"@type\":\"SearchAction\",\"target\":{\"@type\":\"EntryPoint\",\"urlTemplate\":\"https:\\\/\\\/sagrinex.com\\\/?s={search_term_string}\"},\"query-input\":{\"@type\":\"PropertyValueSpecification\",\"valueRequired\":true,\"valueName\":\"search_term_string\"}}],\"inLanguage\":\"de\"},{\"@type\":\"Organization\",\"@id\":\"https:\\\/\\\/sagrinex.com\\\/#organization\",\"name\":\"Sagrinex \u2013 Remorques, Conteneurs & Mat\u00e9riel Agricole\",\"url\":\"https:\\\/\\\/sagrinex.com\\\/\",\"logo\":{\"@type\":\"ImageObject\",\"inLanguage\":\"de\",\"@id\":\"https:\\\/\\\/sagrinex.com\\\/#\\\/schema\\\/logo\\\/image\\\/\",\"url\":\"https:\\\/\\\/sagrinex.com\\\/wp-content\\\/uploads\\\/2026\\\/03\\\/7f1ac463-ef5a-425d-bdd6-a5da03a334a9-1024x683.png\",\"contentUrl\":\"https:\\\/\\\/sagrinex.com\\\/wp-content\\\/uploads\\\/2026\\\/03\\\/7f1ac463-ef5a-425d-bdd6-a5da03a334a9-1024x683.png\",\"width\":1024,\"height\":683,\"caption\":\"Sagrinex \u2013 Remorques, Conteneurs & Mat\u00e9riel Agricole\"},\"image\":{\"@id\":\"https:\\\/\\\/sagrinex.com\\\/#\\\/schema\\\/logo\\\/image\\\/\"}}]}<\/script>\n<!-- \/ Yoast SEO plugin. -->","yoast_head_json":{"title":"M\u00e4hroboter 1000 m\u00b2, mobile Steuerung per WLAN \u2013 TEXAS TMX1000","description":"M\u00e4hroboter TEXAS TMX1000, per WLAN aus der Ferne steuerbar, f\u00fcr Fl\u00e4chen bis zu 1000 m\u00b2.Verbindung zur mobilen App f\u00fcr Einstellungen, Start und Fern\u00fcberwachung.Abgrenzung des M\u00e4hbereichs per Begrenzungskabel (mitgeliefert).Bew\u00e4ltigt Steigungen bis zu 45 % mit automatischer R\u00fcckkehr zur Ladestation.Leiser 20-cm-Mulch-M\u00e4hsystem mit schwimmenden Messern.","robots":{"index":"index","follow":"follow","max-snippet":"max-snippet:-1","max-image-preview":"max-image-preview:large","max-video-preview":"max-video-preview:-1"},"canonical":"https:\/\/sagrinex.com\/produit\/robot-tondeuse-1000-m\u00b2-pilotage-mobile-par-wi-fi-texas-tmx1000robot-tondeuse-1000-m\u00b2-pilotage-mobile-par-wi-fi-texas-tmx1000\/","og_locale":"de_DE","og_type":"article","og_title":"M\u00e4hroboter 1000 m\u00b2, mobile Steuerung per WLAN \u2013 TEXAS TMX1000","og_description":"M\u00e4hroboter TEXAS TMX1000, per WLAN aus der Ferne steuerbar, f\u00fcr Fl\u00e4chen bis zu 1000 m\u00b2.Verbindung zur mobilen App f\u00fcr Einstellungen, Start und Fern\u00fcberwachung.Abgrenzung des M\u00e4hbereichs per Begrenzungskabel (mitgeliefert).Bew\u00e4ltigt Steigungen bis zu 45 % mit automatischer R\u00fcckkehr zur Ladestation.Leiser 20-cm-Mulch-M\u00e4hsystem mit schwimmenden Messern.","og_url":"https:\/\/sagrinex.com\/produit\/robot-tondeuse-1000-m\u00b2-pilotage-mobile-par-wi-fi-texas-tmx1000robot-tondeuse-1000-m\u00b2-pilotage-mobile-par-wi-fi-texas-tmx1000\/","og_site_name":"Sagrinex \u2013 Anhaenger, Container &amp; Landtechnik \ud83c\udf3e\ud83d\ude9c","article_modified_time":"2026-04-15T21:11:58+00:00","og_image":[{"width":1200,"height":1372,"url":"https:\/\/sagrinex.com\/wp-content\/uploads\/2026\/03\/robot-tondeuse-1000-m-pilotage-mobile-par-wi-fi-texas-tmx1000.jpg","type":"image\/jpeg"}],"twitter_card":"summary_large_image","twitter_misc":{"Gesch\u00e4tzte Lesezeit":"2\u00a0Minuten"},"schema":{"@context":"https:\/\/schema.org","@graph":[{"@type":"WebPage","@id":"https:\/\/sagrinex.com\/produit\/robot-tondeuse-1000-m%c2%b2-pilotage-mobile-par-wi-fi-texas-tmx1000robot-tondeuse-1000-m%c2%b2-pilotage-mobile-par-wi-fi-texas-tmx1000\/","url":"https:\/\/sagrinex.com\/produit\/robot-tondeuse-1000-m%c2%b2-pilotage-mobile-par-wi-fi-texas-tmx1000robot-tondeuse-1000-m%c2%b2-pilotage-mobile-par-wi-fi-texas-tmx1000\/","name":"M\u00e4hroboter 1000 m\u00b2, mobile Steuerung per WLAN \u2013 TEXAS TMX1000","isPartOf":{"@id":"https:\/\/sagrinex.com\/#website"},"primaryImageOfPage":{"@id":"https:\/\/sagrinex.com\/produit\/robot-tondeuse-1000-m%c2%b2-pilotage-mobile-par-wi-fi-texas-tmx1000robot-tondeuse-1000-m%c2%b2-pilotage-mobile-par-wi-fi-texas-tmx1000\/#primaryimage"},"image":{"@id":"https:\/\/sagrinex.com\/produit\/robot-tondeuse-1000-m%c2%b2-pilotage-mobile-par-wi-fi-texas-tmx1000robot-tondeuse-1000-m%c2%b2-pilotage-mobile-par-wi-fi-texas-tmx1000\/#primaryimage"},"thumbnailUrl":"https:\/\/sagrinex.com\/wp-content\/uploads\/2026\/03\/robot-tondeuse-1000-m-pilotage-mobile-par-wi-fi-texas-tmx1000.jpg","datePublished":"2026-03-09T22:55:29+00:00","dateModified":"2026-04-15T21:11:58+00:00","description":"M\u00e4hroboter TEXAS TMX1000, per WLAN aus der Ferne steuerbar, f\u00fcr Fl\u00e4chen bis zu 1000 m\u00b2.Verbindung zur mobilen App f\u00fcr Einstellungen, Start und Fern\u00fcberwachung.Abgrenzung des M\u00e4hbereichs per Begrenzungskabel (mitgeliefert).Bew\u00e4ltigt Steigungen bis zu 45 % mit automatischer R\u00fcckkehr zur Ladestation.Leiser 20-cm-Mulch-M\u00e4hsystem mit schwimmenden Messern.","breadcrumb":{"@id":"https:\/\/sagrinex.com\/produit\/robot-tondeuse-1000-m%c2%b2-pilotage-mobile-par-wi-fi-texas-tmx1000robot-tondeuse-1000-m%c2%b2-pilotage-mobile-par-wi-fi-texas-tmx1000\/#breadcrumb"},"inLanguage":"de","potentialAction":[{"@type":"ReadAction","target":["https:\/\/sagrinex.com\/produit\/robot-tondeuse-1000-m%c2%b2-pilotage-mobile-par-wi-fi-texas-tmx1000robot-tondeuse-1000-m%c2%b2-pilotage-mobile-par-wi-fi-texas-tmx1000\/"]}]},{"@type":"ImageObject","inLanguage":"de","@id":"https:\/\/sagrinex.com\/produit\/robot-tondeuse-1000-m%c2%b2-pilotage-mobile-par-wi-fi-texas-tmx1000robot-tondeuse-1000-m%c2%b2-pilotage-mobile-par-wi-fi-texas-tmx1000\/#primaryimage","url":"https:\/\/sagrinex.com\/wp-content\/uploads\/2026\/03\/robot-tondeuse-1000-m-pilotage-mobile-par-wi-fi-texas-tmx1000.jpg","contentUrl":"https:\/\/sagrinex.com\/wp-content\/uploads\/2026\/03\/robot-tondeuse-1000-m-pilotage-mobile-par-wi-fi-texas-tmx1000.jpg","width":1200,"height":1372},{"@type":"BreadcrumbList","@id":"https:\/\/sagrinex.com\/produit\/robot-tondeuse-1000-m%c2%b2-pilotage-mobile-par-wi-fi-texas-tmx1000robot-tondeuse-1000-m%c2%b2-pilotage-mobile-par-wi-fi-texas-tmx1000\/#breadcrumb","itemListElement":[{"@type":"ListItem","position":1,"name":"Accueil","item":"https:\/\/sagrinex.com\/?lang=de"},{"@type":"ListItem","position":2,"name":"Shop","item":"https:\/\/sagrinex.com\/shop\/"},{"@type":"ListItem","position":3,"name":"M\u00e4hroboter 1000 M\u00b2, Mobile Steuerung Per Wlan \u2013 Texas TMX1000"}]},{"@type":"WebSite","@id":"https:\/\/sagrinex.com\/#website","url":"https:\/\/sagrinex.com\/","name":"Sagrinex \u2013 Spezialist f\u00fcr Anh\u00e4nger, Container & Landtechnik","description":"Anhaenger, Container &amp; Landtechnik \u2014 Online-Verkauf &amp; kostenloses Angebot","publisher":{"@id":"https:\/\/sagrinex.com\/#organization"},"potentialAction":[{"@type":"SearchAction","target":{"@type":"EntryPoint","urlTemplate":"https:\/\/sagrinex.com\/?s={search_term_string}"},"query-input":{"@type":"PropertyValueSpecification","valueRequired":true,"valueName":"search_term_string"}}],"inLanguage":"de"},{"@type":"Organization","@id":"https:\/\/sagrinex.com\/#organization","name":"Sagrinex \u2013 Remorques, Conteneurs & Mat\u00e9riel Agricole","url":"https:\/\/sagrinex.com\/","logo":{"@type":"ImageObject","inLanguage":"de","@id":"https:\/\/sagrinex.com\/#\/schema\/logo\/image\/","url":"https:\/\/sagrinex.com\/wp-content\/uploads\/2026\/03\/7f1ac463-ef5a-425d-bdd6-a5da03a334a9-1024x683.png","contentUrl":"https:\/\/sagrinex.com\/wp-content\/uploads\/2026\/03\/7f1ac463-ef5a-425d-bdd6-a5da03a334a9-1024x683.png","width":1024,"height":683,"caption":"Sagrinex \u2013 Remorques, Conteneurs & Mat\u00e9riel Agricole"},"image":{"@id":"https:\/\/sagrinex.com\/#\/schema\/logo\/image\/"}}]}},"jetpack_sharing_enabled":true,"_links":{"self":[{"href":"https:\/\/sagrinex.com\/de\/wp-json\/wp\/v2\/product\/12979","targetHints":{"allow":["GET"]}}],"collection":[{"href":"https:\/\/sagrinex.com\/de\/wp-json\/wp\/v2\/product"}],"about":[{"href":"https:\/\/sagrinex.com\/de\/wp-json\/wp\/v2\/types\/product"}],"replies":[{"embeddable":true,"href":"https:\/\/sagrinex.com\/de\/wp-json\/wp\/v2\/comments?post=12979"}],"version-history":[{"count":0,"href":"https:\/\/sagrinex.com\/de\/wp-json\/wp\/v2\/product\/12979\/revisions"}],"wp:featuredmedia":[{"embeddable":true,"href":"https:\/\/sagrinex.com\/de\/wp-json\/wp\/v2\/media\/12980"}],"wp:attachment":[{"href":"https:\/\/sagrinex.com\/de\/wp-json\/wp\/v2\/media?parent=12979"}],"wp:term":[{"taxonomy":"product_brand","embeddable":true,"href":"https:\/\/sagrinex.com\/de\/wp-json\/wp\/v2\/product_brand?post=12979"},{"taxonomy":"product_cat","embeddable":true,"href":"https:\/\/sagrinex.com\/de\/wp-json\/wp\/v2\/product_cat?post=12979"},{"taxonomy":"product_tag","embeddable":true,"href":"https:\/\/sagrinex.com\/de\/wp-json\/wp\/v2\/product_tag?post=12979"}],"curies":[{"name":"wp","href":"https:\/\/api.w.org\/{rel}","templated":true}]}}