{"id":12999,"date":"2026-03-09T22:44:12","date_gmt":"2026-03-09T22:44:12","guid":{"rendered":"https:\/\/sagrinex.com\/produit\/autonomer-maehroboter-daewoo-600-m%c2%b2-schnittbreite-18-cm-22-m-min-akku-20-v-52-ah-darlm600i\/"},"modified":"2026-04-15T21:11:58","modified_gmt":"2026-04-15T21:11:58","slug":"autonomer-maehroboter-daewoo-600-m%c2%b2-schnittbreite-18-cm-22-m-min-akku-20-v-52-ah-darlm600i","status":"publish","type":"product","link":"https:\/\/sagrinex.com\/de\/produit\/autonomer-maehroboter-daewoo-600-m%c2%b2-schnittbreite-18-cm-22-m-min-akku-20-v-52-ah-darlm600i\/","title":{"rendered":"Autonomer M\u00e4hroboter Daewoo 600 M\u00b2 \u2013 Schnittbreite 18 Cm, 22 M\/min, Akku 20 V 5,2 Ah \u2013 Darlm600i"},"content":{"rendered":"<p>Profitieren Sie von koreanischer Technologie mit dem M\u00e4hroboter Daewoo DARLM600i \u2013 ein leistungsstarkes, intuitives Modell, das Ihre Rasenpflege revolutioniert.<\/p>\n<p>Der DARLM600i ist ein echter Gartenhelfer. Er \u00fcbernimmt alles f\u00fcr Sie \u2013 vom regelm\u00e4\u00dfigen M\u00e4hen bis zum Hindernismanagement \u2013 und l\u00e4sst Sie Ihren Au\u00dfenbereich ganz ohne Aufwand genie\u00dfen.<\/p>\n<p>Entdecken Sie die einzigartigen Vorteile des DARLM600i:<\/p>\n<p><strong>Wertvolle Zeitersparnis, d<\/strong>er DARLM600i erledigt alles, w\u00e4hrend Sie sich angenehmeren Aktivit\u00e4ten widmen \u2013 Schluss mit m\u00fchsamen, zeitaufwendigen M\u00e4harbeiten.<\/p>\n<p><strong>Ein stets makelloser Garten <\/strong>dank regelm\u00e4\u00dfigem, geplantem M\u00e4hen bleibt der Rasen immer perfekt \u2013 ohne Unkraut oder vernachl\u00e4ssigte Stellen.<\/p>\n<p><strong>Ausgestattet mit einem langlebigen 20-V-5,2-Ah-Akku<\/strong> und einem intelligenten Navigationssystem meistert der M\u00e4her jedes Gel\u00e4nde, sogar Steigungen bis zu 15 %, f\u00fcr einen gleichm\u00e4\u00dfigen und effizienten Schnitt.<\/p>\n<p><strong>Einfache, intuitive Bedienung, <\/strong>programmieren Sie die M\u00e4hzeiten und legen Sie die zu bearbeitenden Bereiche fest.<\/p>\n<p>Der DARLM600i spart Ihnen Zeit und sorgt daf\u00fcr, dass Sie einen stets makellosen Garten genie\u00dfen k\u00f6nnen.<\/p>\n<p><strong>Bitte lesen Sie die Bedienungsanleitung dieses Produkts vor der Verwendung sorgf\u00e4ltig durch.<\/strong><\/p>\n","protected":false},"excerpt":{"rendered":"<ul>\n<li><strong>Intelligenter Rasenm\u00e4her DAEWOO DARLM600i<\/strong>, m\u00e4ht autonom bis zu <strong>600 Quadratmeter<\/strong> \u2013 ideal f\u00fcr kleine bis mittelgro\u00dfe Rasenfl\u00e4chen.<\/li>\n<li><strong>L\u00e4uft bis zu 60 Minuten<\/strong> mit einer Akkuladung, Schnitth\u00f6he <strong>einstellbar zwischen 25 und 55 Millimetern <\/strong>f\u00fcr ein Ergebnis nach Ihren Bed\u00fcrfnissen.<\/li>\n<li>Ausgestattet mit <strong>zahlreichen Sensoren<\/strong> f\u00fcr eine <strong>intelligente und sichere Navigation<\/strong>, bew\u00e4ltigt <strong>Steigungen bis zu 15 %<\/strong>, weicht Hindernissen aus und erkennt Regen.<\/li>\n<li><strong>Programmieren Sie Ihre M\u00e4hzeiten<\/strong> mit verschiedenen Modi \u2013<strong> Spiral-, Rand- und Zufallsmodus<\/strong> \u2013 um wiederholte Fahrspuren zu vermeiden.<\/li>\n<li><strong>Kehrt automatisch zur Ladestation zur\u00fcck <\/strong>wenn der Akku fast leer ist oder bei schlechtem Wetter.<\/li>\n<\/ul>\n","protected":false},"featured_media":13000,"comment_status":"open","ping_status":"closed","template":"","meta":[],"product_brand":[],"product_cat":[321,320],"product_tag":[],"class_list":{"0":"post-12999","1":"product","2":"type-product","3":"status-publish","4":"has-post-thumbnail","6":"product_cat-mahroboter","7":"product_cat-unsere-rasenmaher","9":"first","10":"instock","11":"sale","12":"shipping-taxable","13":"purchasable","14":"product-type-simple"},"yoast_head":"<!-- This site is optimized with the Yoast SEO plugin v27.4 - https:\/\/yoast.com\/product\/yoast-seo-wordpress\/ -->\n<title>Autonomer M\u00e4hroboter DAEWOO 600 m\u00b2 \u2013 Schnittbreite 18 cm, 22 m\/min, Akku 20 V 5,2 Ah \u2013 DARLM600i<\/title>\n<meta name=\"description\" content=\"Intelligenter Rasenm\u00e4her DAEWOO DARLM600i, m\u00e4ht autonom bis zu 600 Quadratmeter \u2013 ideal f\u00fcr kleine bis mittelgro\u00dfe Rasenfl\u00e4chen. L\u00e4uft bis zu 60 Minuten mit einer Akkuladung, Schnitth\u00f6he einstellbar zwischen 25 und 55 Millimetern f\u00fcr ein Ergebnis nach Ihren Bed\u00fcrfnissen. Ausgestattet mit zahlreichen Sensoren f\u00fcr eine intelligente und sichere Navigation, bew\u00e4ltigt Steigungen bis zu 15 %, weicht Hindernissen aus und erkennt Regen. Programmieren Sie Ihre M\u00e4hzeiten mit verschiedenen Modi \u2013 Spiral-, Rand- und Zufallsmodus \u2013 um wiederholte Fahrspuren zu vermeiden. Kehrt automatisch zur Ladestation zur\u00fcck, wenn der Akku fast leer ist oder bei schlechtem Wetter.\" \/>\n<meta name=\"robots\" content=\"index, follow, max-snippet:-1, max-image-preview:large, max-video-preview:-1\" \/>\n<link rel=\"canonical\" href=\"https:\/\/sagrinex.com\/produit\/tondeuse-robot-autonome-daewoo-600m\u00b2-coupe-18cm-22m-min-batterie-20v-52ah-darlm600i\/\" \/>\n<meta property=\"og:locale\" content=\"de_DE\" \/>\n<meta property=\"og:type\" content=\"article\" \/>\n<meta property=\"og:title\" content=\"Autonomer M\u00e4hroboter DAEWOO 600 m\u00b2 \u2013 Schnittbreite 18 cm, 22 m\/min, Akku 20 V 5,2 Ah \u2013 DARLM600i\" \/>\n<meta property=\"og:description\" content=\"Intelligenter Rasenm\u00e4her DAEWOO DARLM600i, m\u00e4ht autonom bis zu 600 Quadratmeter \u2013 ideal f\u00fcr kleine bis mittelgro\u00dfe Rasenfl\u00e4chen. L\u00e4uft bis zu 60 Minuten mit einer Akkuladung, Schnitth\u00f6he einstellbar zwischen 25 und 55 Millimetern f\u00fcr ein Ergebnis nach Ihren Bed\u00fcrfnissen. Ausgestattet mit zahlreichen Sensoren f\u00fcr eine intelligente und sichere Navigation, bew\u00e4ltigt Steigungen bis zu 15 %, weicht Hindernissen aus und erkennt Regen. Programmieren Sie Ihre M\u00e4hzeiten mit verschiedenen Modi \u2013 Spiral-, Rand- und Zufallsmodus \u2013 um wiederholte Fahrspuren zu vermeiden. Kehrt automatisch zur Ladestation zur\u00fcck, wenn der Akku fast leer ist oder bei schlechtem Wetter.\" \/>\n<meta property=\"og:url\" content=\"https:\/\/sagrinex.com\/produit\/tondeuse-robot-autonome-daewoo-600m\u00b2-coupe-18cm-22m-min-batterie-20v-52ah-darlm600i\/\" \/>\n<meta property=\"og:site_name\" content=\"Sagrinex \u2013 Anhaenger, Container &amp; Landtechnik \ud83c\udf3e\ud83d\ude9c\" \/>\n<meta property=\"article:modified_time\" content=\"2026-04-15T21:11:58+00:00\" \/>\n<meta property=\"og:image\" content=\"https:\/\/sagrinex.com\/wp-content\/uploads\/2026\/03\/tondeuse-robot-autonome-daewoo-600m-coupe-18cm-22m-min-batterie-20v-52ah-darlm600i.jpg\" \/>\n\t<meta property=\"og:image:width\" content=\"1200\" \/>\n\t<meta property=\"og:image:height\" content=\"1372\" \/>\n\t<meta property=\"og:image:type\" content=\"image\/jpeg\" \/>\n<meta name=\"twitter:card\" content=\"summary_large_image\" \/>\n<meta name=\"twitter:label1\" content=\"Gesch\u00e4tzte Lesezeit\" \/>\n\t<meta name=\"twitter:data1\" content=\"1\u00a0Minute\" \/>\n<script type=\"application\/ld+json\" class=\"yoast-schema-graph\">{\"@context\":\"https:\\\/\\\/schema.org\",\"@graph\":[{\"@type\":\"WebPage\",\"@id\":\"https:\\\/\\\/sagrinex.com\\\/produit\\\/tondeuse-robot-autonome-daewoo-600m%c2%b2-coupe-18cm-22m-min-batterie-20v-52ah-darlm600i\\\/\",\"url\":\"https:\\\/\\\/sagrinex.com\\\/produit\\\/tondeuse-robot-autonome-daewoo-600m%c2%b2-coupe-18cm-22m-min-batterie-20v-52ah-darlm600i\\\/\",\"name\":\"Autonomer M\u00e4hroboter DAEWOO 600 m\u00b2 \u2013 Schnittbreite 18 cm, 22 m\\\/min, Akku 20 V 5,2 Ah \u2013 DARLM600i\",\"isPartOf\":{\"@id\":\"https:\\\/\\\/sagrinex.com\\\/#website\"},\"primaryImageOfPage\":{\"@id\":\"https:\\\/\\\/sagrinex.com\\\/produit\\\/tondeuse-robot-autonome-daewoo-600m%c2%b2-coupe-18cm-22m-min-batterie-20v-52ah-darlm600i\\\/#primaryimage\"},\"image\":{\"@id\":\"https:\\\/\\\/sagrinex.com\\\/produit\\\/tondeuse-robot-autonome-daewoo-600m%c2%b2-coupe-18cm-22m-min-batterie-20v-52ah-darlm600i\\\/#primaryimage\"},\"thumbnailUrl\":\"https:\\\/\\\/sagrinex.com\\\/wp-content\\\/uploads\\\/2026\\\/03\\\/tondeuse-robot-autonome-daewoo-600m-coupe-18cm-22m-min-batterie-20v-52ah-darlm600i.jpg\",\"datePublished\":\"2026-03-09T22:44:12+00:00\",\"dateModified\":\"2026-04-15T21:11:58+00:00\",\"description\":\"Intelligenter Rasenm\u00e4her DAEWOO DARLM600i, m\u00e4ht autonom bis zu 600 Quadratmeter \u2013 ideal f\u00fcr kleine bis mittelgro\u00dfe Rasenfl\u00e4chen. L\u00e4uft bis zu 60 Minuten mit einer Akkuladung, Schnitth\u00f6he einstellbar zwischen 25 und 55 Millimetern f\u00fcr ein Ergebnis nach Ihren Bed\u00fcrfnissen. Ausgestattet mit zahlreichen Sensoren f\u00fcr eine intelligente und sichere Navigation, bew\u00e4ltigt Steigungen bis zu 15 %, weicht Hindernissen aus und erkennt Regen. Programmieren Sie Ihre M\u00e4hzeiten mit verschiedenen Modi \u2013 Spiral-, Rand- und Zufallsmodus \u2013 um wiederholte Fahrspuren zu vermeiden. Kehrt automatisch zur Ladestation zur\u00fcck, wenn der Akku fast leer ist oder bei schlechtem Wetter.\",\"breadcrumb\":{\"@id\":\"https:\\\/\\\/sagrinex.com\\\/produit\\\/tondeuse-robot-autonome-daewoo-600m%c2%b2-coupe-18cm-22m-min-batterie-20v-52ah-darlm600i\\\/#breadcrumb\"},\"inLanguage\":\"de\",\"potentialAction\":[{\"@type\":\"ReadAction\",\"target\":[\"https:\\\/\\\/sagrinex.com\\\/produit\\\/tondeuse-robot-autonome-daewoo-600m%c2%b2-coupe-18cm-22m-min-batterie-20v-52ah-darlm600i\\\/\"]}]},{\"@type\":\"ImageObject\",\"inLanguage\":\"de\",\"@id\":\"https:\\\/\\\/sagrinex.com\\\/produit\\\/tondeuse-robot-autonome-daewoo-600m%c2%b2-coupe-18cm-22m-min-batterie-20v-52ah-darlm600i\\\/#primaryimage\",\"url\":\"https:\\\/\\\/sagrinex.com\\\/wp-content\\\/uploads\\\/2026\\\/03\\\/tondeuse-robot-autonome-daewoo-600m-coupe-18cm-22m-min-batterie-20v-52ah-darlm600i.jpg\",\"contentUrl\":\"https:\\\/\\\/sagrinex.com\\\/wp-content\\\/uploads\\\/2026\\\/03\\\/tondeuse-robot-autonome-daewoo-600m-coupe-18cm-22m-min-batterie-20v-52ah-darlm600i.jpg\",\"width\":1200,\"height\":1372},{\"@type\":\"BreadcrumbList\",\"@id\":\"https:\\\/\\\/sagrinex.com\\\/produit\\\/tondeuse-robot-autonome-daewoo-600m%c2%b2-coupe-18cm-22m-min-batterie-20v-52ah-darlm600i\\\/#breadcrumb\",\"itemListElement\":[{\"@type\":\"ListItem\",\"position\":1,\"name\":\"Accueil\",\"item\":\"https:\\\/\\\/sagrinex.com\\\/?lang=de\"},{\"@type\":\"ListItem\",\"position\":2,\"name\":\"Shop\",\"item\":\"https:\\\/\\\/sagrinex.com\\\/shop\\\/\"},{\"@type\":\"ListItem\",\"position\":3,\"name\":\"Autonomer M\u00e4hroboter Daewoo 600 M\u00b2 \u2013 Schnittbreite 18 Cm, 22 M\\\/min, Akku 20 V 5,2 Ah \u2013 Darlm600i\"}]},{\"@type\":\"WebSite\",\"@id\":\"https:\\\/\\\/sagrinex.com\\\/#website\",\"url\":\"https:\\\/\\\/sagrinex.com\\\/\",\"name\":\"Sagrinex \u2013 Spezialist f\u00fcr Anh\u00e4nger, Container & Landtechnik\",\"description\":\"Anhaenger, Container &amp; Landtechnik \u2014 Online-Verkauf &amp; kostenloses Angebot\",\"publisher\":{\"@id\":\"https:\\\/\\\/sagrinex.com\\\/#organization\"},\"potentialAction\":[{\"@type\":\"SearchAction\",\"target\":{\"@type\":\"EntryPoint\",\"urlTemplate\":\"https:\\\/\\\/sagrinex.com\\\/?s={search_term_string}\"},\"query-input\":{\"@type\":\"PropertyValueSpecification\",\"valueRequired\":true,\"valueName\":\"search_term_string\"}}],\"inLanguage\":\"de\"},{\"@type\":\"Organization\",\"@id\":\"https:\\\/\\\/sagrinex.com\\\/#organization\",\"name\":\"Sagrinex \u2013 Remorques, Conteneurs & Mat\u00e9riel Agricole\",\"url\":\"https:\\\/\\\/sagrinex.com\\\/\",\"logo\":{\"@type\":\"ImageObject\",\"inLanguage\":\"de\",\"@id\":\"https:\\\/\\\/sagrinex.com\\\/#\\\/schema\\\/logo\\\/image\\\/\",\"url\":\"https:\\\/\\\/sagrinex.com\\\/wp-content\\\/uploads\\\/2026\\\/03\\\/7f1ac463-ef5a-425d-bdd6-a5da03a334a9-1024x683.png\",\"contentUrl\":\"https:\\\/\\\/sagrinex.com\\\/wp-content\\\/uploads\\\/2026\\\/03\\\/7f1ac463-ef5a-425d-bdd6-a5da03a334a9-1024x683.png\",\"width\":1024,\"height\":683,\"caption\":\"Sagrinex \u2013 Remorques, Conteneurs & Mat\u00e9riel Agricole\"},\"image\":{\"@id\":\"https:\\\/\\\/sagrinex.com\\\/#\\\/schema\\\/logo\\\/image\\\/\"}}]}<\/script>\n<!-- \/ Yoast SEO plugin. -->","yoast_head_json":{"title":"Autonomer M\u00e4hroboter DAEWOO 600 m\u00b2 \u2013 Schnittbreite 18 cm, 22 m\/min, Akku 20 V 5,2 Ah \u2013 DARLM600i","description":"Intelligenter Rasenm\u00e4her DAEWOO DARLM600i, m\u00e4ht autonom bis zu 600 Quadratmeter \u2013 ideal f\u00fcr kleine bis mittelgro\u00dfe Rasenfl\u00e4chen. L\u00e4uft bis zu 60 Minuten mit einer Akkuladung, Schnitth\u00f6he einstellbar zwischen 25 und 55 Millimetern f\u00fcr ein Ergebnis nach Ihren Bed\u00fcrfnissen. Ausgestattet mit zahlreichen Sensoren f\u00fcr eine intelligente und sichere Navigation, bew\u00e4ltigt Steigungen bis zu 15 %, weicht Hindernissen aus und erkennt Regen. Programmieren Sie Ihre M\u00e4hzeiten mit verschiedenen Modi \u2013 Spiral-, Rand- und Zufallsmodus \u2013 um wiederholte Fahrspuren zu vermeiden. Kehrt automatisch zur Ladestation zur\u00fcck, wenn der Akku fast leer ist oder bei schlechtem Wetter.","robots":{"index":"index","follow":"follow","max-snippet":"max-snippet:-1","max-image-preview":"max-image-preview:large","max-video-preview":"max-video-preview:-1"},"canonical":"https:\/\/sagrinex.com\/produit\/tondeuse-robot-autonome-daewoo-600m\u00b2-coupe-18cm-22m-min-batterie-20v-52ah-darlm600i\/","og_locale":"de_DE","og_type":"article","og_title":"Autonomer M\u00e4hroboter DAEWOO 600 m\u00b2 \u2013 Schnittbreite 18 cm, 22 m\/min, Akku 20 V 5,2 Ah \u2013 DARLM600i","og_description":"Intelligenter Rasenm\u00e4her DAEWOO DARLM600i, m\u00e4ht autonom bis zu 600 Quadratmeter \u2013 ideal f\u00fcr kleine bis mittelgro\u00dfe Rasenfl\u00e4chen. L\u00e4uft bis zu 60 Minuten mit einer Akkuladung, Schnitth\u00f6he einstellbar zwischen 25 und 55 Millimetern f\u00fcr ein Ergebnis nach Ihren Bed\u00fcrfnissen. Ausgestattet mit zahlreichen Sensoren f\u00fcr eine intelligente und sichere Navigation, bew\u00e4ltigt Steigungen bis zu 15 %, weicht Hindernissen aus und erkennt Regen. Programmieren Sie Ihre M\u00e4hzeiten mit verschiedenen Modi \u2013 Spiral-, Rand- und Zufallsmodus \u2013 um wiederholte Fahrspuren zu vermeiden. Kehrt automatisch zur Ladestation zur\u00fcck, wenn der Akku fast leer ist oder bei schlechtem Wetter.","og_url":"https:\/\/sagrinex.com\/produit\/tondeuse-robot-autonome-daewoo-600m\u00b2-coupe-18cm-22m-min-batterie-20v-52ah-darlm600i\/","og_site_name":"Sagrinex \u2013 Anhaenger, Container &amp; Landtechnik \ud83c\udf3e\ud83d\ude9c","article_modified_time":"2026-04-15T21:11:58+00:00","og_image":[{"width":1200,"height":1372,"url":"https:\/\/sagrinex.com\/wp-content\/uploads\/2026\/03\/tondeuse-robot-autonome-daewoo-600m-coupe-18cm-22m-min-batterie-20v-52ah-darlm600i.jpg","type":"image\/jpeg"}],"twitter_card":"summary_large_image","twitter_misc":{"Gesch\u00e4tzte Lesezeit":"1\u00a0Minute"},"schema":{"@context":"https:\/\/schema.org","@graph":[{"@type":"WebPage","@id":"https:\/\/sagrinex.com\/produit\/tondeuse-robot-autonome-daewoo-600m%c2%b2-coupe-18cm-22m-min-batterie-20v-52ah-darlm600i\/","url":"https:\/\/sagrinex.com\/produit\/tondeuse-robot-autonome-daewoo-600m%c2%b2-coupe-18cm-22m-min-batterie-20v-52ah-darlm600i\/","name":"Autonomer M\u00e4hroboter DAEWOO 600 m\u00b2 \u2013 Schnittbreite 18 cm, 22 m\/min, Akku 20 V 5,2 Ah \u2013 DARLM600i","isPartOf":{"@id":"https:\/\/sagrinex.com\/#website"},"primaryImageOfPage":{"@id":"https:\/\/sagrinex.com\/produit\/tondeuse-robot-autonome-daewoo-600m%c2%b2-coupe-18cm-22m-min-batterie-20v-52ah-darlm600i\/#primaryimage"},"image":{"@id":"https:\/\/sagrinex.com\/produit\/tondeuse-robot-autonome-daewoo-600m%c2%b2-coupe-18cm-22m-min-batterie-20v-52ah-darlm600i\/#primaryimage"},"thumbnailUrl":"https:\/\/sagrinex.com\/wp-content\/uploads\/2026\/03\/tondeuse-robot-autonome-daewoo-600m-coupe-18cm-22m-min-batterie-20v-52ah-darlm600i.jpg","datePublished":"2026-03-09T22:44:12+00:00","dateModified":"2026-04-15T21:11:58+00:00","description":"Intelligenter Rasenm\u00e4her DAEWOO DARLM600i, m\u00e4ht autonom bis zu 600 Quadratmeter \u2013 ideal f\u00fcr kleine bis mittelgro\u00dfe Rasenfl\u00e4chen. L\u00e4uft bis zu 60 Minuten mit einer Akkuladung, Schnitth\u00f6he einstellbar zwischen 25 und 55 Millimetern f\u00fcr ein Ergebnis nach Ihren Bed\u00fcrfnissen. Ausgestattet mit zahlreichen Sensoren f\u00fcr eine intelligente und sichere Navigation, bew\u00e4ltigt Steigungen bis zu 15 %, weicht Hindernissen aus und erkennt Regen. Programmieren Sie Ihre M\u00e4hzeiten mit verschiedenen Modi \u2013 Spiral-, Rand- und Zufallsmodus \u2013 um wiederholte Fahrspuren zu vermeiden. Kehrt automatisch zur Ladestation zur\u00fcck, wenn der Akku fast leer ist oder bei schlechtem Wetter.","breadcrumb":{"@id":"https:\/\/sagrinex.com\/produit\/tondeuse-robot-autonome-daewoo-600m%c2%b2-coupe-18cm-22m-min-batterie-20v-52ah-darlm600i\/#breadcrumb"},"inLanguage":"de","potentialAction":[{"@type":"ReadAction","target":["https:\/\/sagrinex.com\/produit\/tondeuse-robot-autonome-daewoo-600m%c2%b2-coupe-18cm-22m-min-batterie-20v-52ah-darlm600i\/"]}]},{"@type":"ImageObject","inLanguage":"de","@id":"https:\/\/sagrinex.com\/produit\/tondeuse-robot-autonome-daewoo-600m%c2%b2-coupe-18cm-22m-min-batterie-20v-52ah-darlm600i\/#primaryimage","url":"https:\/\/sagrinex.com\/wp-content\/uploads\/2026\/03\/tondeuse-robot-autonome-daewoo-600m-coupe-18cm-22m-min-batterie-20v-52ah-darlm600i.jpg","contentUrl":"https:\/\/sagrinex.com\/wp-content\/uploads\/2026\/03\/tondeuse-robot-autonome-daewoo-600m-coupe-18cm-22m-min-batterie-20v-52ah-darlm600i.jpg","width":1200,"height":1372},{"@type":"BreadcrumbList","@id":"https:\/\/sagrinex.com\/produit\/tondeuse-robot-autonome-daewoo-600m%c2%b2-coupe-18cm-22m-min-batterie-20v-52ah-darlm600i\/#breadcrumb","itemListElement":[{"@type":"ListItem","position":1,"name":"Accueil","item":"https:\/\/sagrinex.com\/?lang=de"},{"@type":"ListItem","position":2,"name":"Shop","item":"https:\/\/sagrinex.com\/shop\/"},{"@type":"ListItem","position":3,"name":"Autonomer M\u00e4hroboter Daewoo 600 M\u00b2 \u2013 Schnittbreite 18 Cm, 22 M\/min, Akku 20 V 5,2 Ah \u2013 Darlm600i"}]},{"@type":"WebSite","@id":"https:\/\/sagrinex.com\/#website","url":"https:\/\/sagrinex.com\/","name":"Sagrinex \u2013 Spezialist f\u00fcr Anh\u00e4nger, Container & Landtechnik","description":"Anhaenger, Container &amp; Landtechnik \u2014 Online-Verkauf &amp; kostenloses Angebot","publisher":{"@id":"https:\/\/sagrinex.com\/#organization"},"potentialAction":[{"@type":"SearchAction","target":{"@type":"EntryPoint","urlTemplate":"https:\/\/sagrinex.com\/?s={search_term_string}"},"query-input":{"@type":"PropertyValueSpecification","valueRequired":true,"valueName":"search_term_string"}}],"inLanguage":"de"},{"@type":"Organization","@id":"https:\/\/sagrinex.com\/#organization","name":"Sagrinex \u2013 Remorques, Conteneurs & Mat\u00e9riel Agricole","url":"https:\/\/sagrinex.com\/","logo":{"@type":"ImageObject","inLanguage":"de","@id":"https:\/\/sagrinex.com\/#\/schema\/logo\/image\/","url":"https:\/\/sagrinex.com\/wp-content\/uploads\/2026\/03\/7f1ac463-ef5a-425d-bdd6-a5da03a334a9-1024x683.png","contentUrl":"https:\/\/sagrinex.com\/wp-content\/uploads\/2026\/03\/7f1ac463-ef5a-425d-bdd6-a5da03a334a9-1024x683.png","width":1024,"height":683,"caption":"Sagrinex \u2013 Remorques, Conteneurs & Mat\u00e9riel Agricole"},"image":{"@id":"https:\/\/sagrinex.com\/#\/schema\/logo\/image\/"}}]}},"jetpack_sharing_enabled":true,"_links":{"self":[{"href":"https:\/\/sagrinex.com\/de\/wp-json\/wp\/v2\/product\/12999","targetHints":{"allow":["GET"]}}],"collection":[{"href":"https:\/\/sagrinex.com\/de\/wp-json\/wp\/v2\/product"}],"about":[{"href":"https:\/\/sagrinex.com\/de\/wp-json\/wp\/v2\/types\/product"}],"replies":[{"embeddable":true,"href":"https:\/\/sagrinex.com\/de\/wp-json\/wp\/v2\/comments?post=12999"}],"version-history":[{"count":0,"href":"https:\/\/sagrinex.com\/de\/wp-json\/wp\/v2\/product\/12999\/revisions"}],"wp:featuredmedia":[{"embeddable":true,"href":"https:\/\/sagrinex.com\/de\/wp-json\/wp\/v2\/media\/13000"}],"wp:attachment":[{"href":"https:\/\/sagrinex.com\/de\/wp-json\/wp\/v2\/media?parent=12999"}],"wp:term":[{"taxonomy":"product_brand","embeddable":true,"href":"https:\/\/sagrinex.com\/de\/wp-json\/wp\/v2\/product_brand?post=12999"},{"taxonomy":"product_cat","embeddable":true,"href":"https:\/\/sagrinex.com\/de\/wp-json\/wp\/v2\/product_cat?post=12999"},{"taxonomy":"product_tag","embeddable":true,"href":"https:\/\/sagrinex.com\/de\/wp-json\/wp\/v2\/product_tag?post=12999"}],"curies":[{"name":"wp","href":"https:\/\/api.w.org\/{rel}","templated":true}]}}