{"id":13044,"date":"2026-03-09T23:07:52","date_gmt":"2026-03-09T23:07:52","guid":{"rendered":"https:\/\/sagrinex.com\/produit\/autonomer-maehroboter-daewoo-2500-m%c2%b2-programmierbar-18-cm-schnittbreite-schnellladegeraet-darlm2500i\/"},"modified":"2026-04-15T21:12:00","modified_gmt":"2026-04-15T21:12:00","slug":"autonomer-maehroboter-daewoo-2500-m%c2%b2-programmierbar-18-cm-schnittbreite-schnellladegeraet-darlm2500i","status":"publish","type":"product","link":"https:\/\/sagrinex.com\/de\/produit\/autonomer-maehroboter-daewoo-2500-m%c2%b2-programmierbar-18-cm-schnittbreite-schnellladegeraet-darlm2500i\/","title":{"rendered":"Autonomer M\u00e4hroboter Daewoo 2500 M\u00b2 \u2013 Programmierbar, 18 Cm Schnittbreite, Schnellladeger\u00e4t \u2013 Darlm2500i"},"content":{"rendered":"<p>Profitieren Sie von koreanischer Technologie mit dem intelligenten M\u00e4hroboter DAEWOO DARLM2500i, entwickelt f\u00fcr XXL-Fl\u00e4chen.<\/p>\n<p>Mit einer M\u00e4hkapazit\u00e4t von 2.500 Quadratmetern ist der DARLM2500i der ideale Partner f\u00fcr gro\u00dfe G\u00e4rten \u2013 Schluss mit m\u00fchsamer Gartenarbeit.<\/p>\n<p>Dank seines leistungsstarken Antriebssystems und der Profilr\u00e4der bew\u00e4ltigt dieser Roboter Steigungen von bis zu 25 % m\u00fchelos.<\/p>\n<p>Ausgestattet mit intelligenten Sensoren und einem leistungsstarken Navigationssystem weicht der DARLM2500i Hindernissen pr\u00e4zise aus und passt sich perfekt an die Gegebenheiten Ihres Gartens an.<\/p>\n<p>Der DARLM2500i verf\u00fcgt zudem \u00fcber fortschrittliche Funktionen, die f\u00fcr absolute Sorgenfreiheit sorgen und seine Leistung optimieren:<\/p>\n<p><strong>Spiralschnitt:<\/strong> Ideal f\u00fcr schwer zug\u00e4ngliche Stellen oder unregelm\u00e4\u00dfige Rasenfl\u00e4chen \u2013 der Spiralschnitt garantiert eine gleichm\u00e4\u00dfige Abdeckung und ein tadelloses Ergebnis.<\/p>\n<p><strong>Kantenschnitt:<\/strong> Der DARLM2500i k\u00fcmmert sich auch um das Trimmen der Kanten und bietet Ihnen ein professionelles, \u00e4sthetisches Ergebnis wie vom Landschaftsg\u00e4rtner.<\/p>\n<p><strong>Mulchzonen-Management:<\/strong> Die 3 Messer sorgen f\u00fcr einen Mulchschnitt, der das Schnittgut in einen n\u00e4hrstoffreichen nat\u00fcrlichen Mulch verwandelt und so Ihren Rasen d\u00fcngt.<\/p>\n<p><strong>Bitte lesen Sie die Bedienungsanleitung des Produkts vor der Inbetriebnahme sorgf\u00e4ltig durch<\/strong>.<\/p>\n<p>Dieser M\u00e4hroboter wird mit insgesamt 200 m Begrenzungskabel geliefert (50 m enthalten und 150 m zus\u00e4tzlich im Karton).<\/p>\n","protected":false},"excerpt":{"rendered":"<ul>\n<li><strong>M\u00e4hroboter mit langlebigem Akku DAEWOO DARLM1400i<\/strong>, ideal zum M\u00e4hen gro\u00dfer Rasenfl\u00e4chen bis zu <strong>2500 m\u00b2<\/strong>.<\/li>\n<li><strong>120 Minuten Laufzeit<\/strong> mit einer einzigen Ladung erm\u00f6glichen langes M\u00e4hen ohne Unterbrechung.<\/li>\n<li><strong>180 mm Mulchschnitt<\/strong>, Schnitth\u00f6he anpassbar zwischen <strong>25 und 55 mm<\/strong> f\u00fcr ein Ergebnis nach Ihren W\u00fcnschen.<\/li>\n<li>Bew\u00e4ltigt Steigungen bis zu <strong>25 %<\/strong> und weicht Hindernissen dank leistungsstarkem Navigationssystem und <strong>intelligenter Sensoren<\/strong> aus.<\/li>\n<li><strong>Erweiterte Funktionen<\/strong> wie <strong>Spiralschnitt<\/strong>, <strong>Kantenschnitt<\/strong> und <strong>Mulchzonen-Management<\/strong>.<\/li>\n<\/ul>\n","protected":false},"featured_media":13045,"comment_status":"open","ping_status":"closed","template":"","meta":[],"product_brand":[],"product_cat":[321,320],"product_tag":[],"class_list":{"0":"post-13044","1":"product","2":"type-product","3":"status-publish","4":"has-post-thumbnail","6":"product_cat-mahroboter","7":"product_cat-unsere-rasenmaher","9":"first","10":"instock","11":"sale","12":"shipping-taxable","13":"purchasable","14":"product-type-simple"},"yoast_head":"<!-- This site is optimized with the Yoast SEO plugin v27.4 - https:\/\/yoast.com\/product\/yoast-seo-wordpress\/ -->\n<title>Autonomer M\u00e4hroboter DAEWOO 2500 m\u00b2 \u2013 Programmierbar, 18 cm Schnittbreite, Schnellladeger\u00e4t \u2013 DARLM2500i<\/title>\n<meta name=\"description\" content=\"M\u00e4hroboter mit langlebigem Akku DAEWOO DARLM1400i, ideal f\u00fcr gro\u00dfe Rasenfl\u00e4chen bis zu 2500 m\u00b2. 120 Minuten Laufzeit mit einer Ladung erm\u00f6glichen langes M\u00e4hen ohne Unterbrechung. 180 mm Mulchschnitt, Schnitth\u00f6he anpassbar zwischen 25 und 55 mm f\u00fcr ein Ergebnis nach Ihren W\u00fcnschen. Bew\u00e4ltigt Steigungen bis zu 25 % und weicht Hindernissen dank leistungsstarkem Navigationssystem und intelligenter Sensoren aus. Erweiterte Funktionen wie Spiralschnitt, Kantenschnitt und Mulchzonen-Management.\" \/>\n<meta name=\"robots\" content=\"index, follow, max-snippet:-1, max-image-preview:large, max-video-preview:-1\" \/>\n<link rel=\"canonical\" href=\"https:\/\/sagrinex.com\/produit\/robot-tondeuse-autonome-daewoo-2500m\u00b2-programmable-coupe-18cm-chargeur-rapide-darlm2500i\/\" \/>\n<meta property=\"og:locale\" content=\"de_DE\" \/>\n<meta property=\"og:type\" content=\"article\" \/>\n<meta property=\"og:title\" content=\"Autonomer M\u00e4hroboter DAEWOO 2500 m\u00b2 \u2013 Programmierbar, 18 cm Schnittbreite, Schnellladeger\u00e4t \u2013 DARLM2500i\" \/>\n<meta property=\"og:description\" content=\"M\u00e4hroboter mit langlebigem Akku DAEWOO DARLM1400i, ideal f\u00fcr gro\u00dfe Rasenfl\u00e4chen bis zu 2500 m\u00b2. 120 Minuten Laufzeit mit einer Ladung erm\u00f6glichen langes M\u00e4hen ohne Unterbrechung. 180 mm Mulchschnitt, Schnitth\u00f6he anpassbar zwischen 25 und 55 mm f\u00fcr ein Ergebnis nach Ihren W\u00fcnschen. Bew\u00e4ltigt Steigungen bis zu 25 % und weicht Hindernissen dank leistungsstarkem Navigationssystem und intelligenter Sensoren aus. Erweiterte Funktionen wie Spiralschnitt, Kantenschnitt und Mulchzonen-Management.\" \/>\n<meta property=\"og:url\" content=\"https:\/\/sagrinex.com\/produit\/robot-tondeuse-autonome-daewoo-2500m\u00b2-programmable-coupe-18cm-chargeur-rapide-darlm2500i\/\" \/>\n<meta property=\"og:site_name\" content=\"Sagrinex \u2013 Anhaenger, Container &amp; Landtechnik \ud83c\udf3e\ud83d\ude9c\" \/>\n<meta property=\"article:modified_time\" content=\"2026-04-15T21:12:00+00:00\" \/>\n<meta property=\"og:image\" content=\"https:\/\/sagrinex.com\/wp-content\/uploads\/2026\/03\/robot-tondeuse-autonome-daewoo-2500m-programmable-coupe-18cm-chargeur-rapide-darlm2500i.jpg\" \/>\n\t<meta property=\"og:image:width\" content=\"1200\" \/>\n\t<meta property=\"og:image:height\" content=\"1372\" \/>\n\t<meta property=\"og:image:type\" content=\"image\/jpeg\" \/>\n<meta name=\"twitter:card\" content=\"summary_large_image\" \/>\n<meta name=\"twitter:label1\" content=\"Gesch\u00e4tzte Lesezeit\" \/>\n\t<meta name=\"twitter:data1\" content=\"1\u00a0Minute\" \/>\n<script type=\"application\/ld+json\" class=\"yoast-schema-graph\">{\"@context\":\"https:\\\/\\\/schema.org\",\"@graph\":[{\"@type\":\"WebPage\",\"@id\":\"https:\\\/\\\/sagrinex.com\\\/produit\\\/robot-tondeuse-autonome-daewoo-2500m%c2%b2-programmable-coupe-18cm-chargeur-rapide-darlm2500i\\\/\",\"url\":\"https:\\\/\\\/sagrinex.com\\\/produit\\\/robot-tondeuse-autonome-daewoo-2500m%c2%b2-programmable-coupe-18cm-chargeur-rapide-darlm2500i\\\/\",\"name\":\"Autonomer M\u00e4hroboter DAEWOO 2500 m\u00b2 \u2013 Programmierbar, 18 cm Schnittbreite, Schnellladeger\u00e4t \u2013 DARLM2500i\",\"isPartOf\":{\"@id\":\"https:\\\/\\\/sagrinex.com\\\/#website\"},\"primaryImageOfPage\":{\"@id\":\"https:\\\/\\\/sagrinex.com\\\/produit\\\/robot-tondeuse-autonome-daewoo-2500m%c2%b2-programmable-coupe-18cm-chargeur-rapide-darlm2500i\\\/#primaryimage\"},\"image\":{\"@id\":\"https:\\\/\\\/sagrinex.com\\\/produit\\\/robot-tondeuse-autonome-daewoo-2500m%c2%b2-programmable-coupe-18cm-chargeur-rapide-darlm2500i\\\/#primaryimage\"},\"thumbnailUrl\":\"https:\\\/\\\/sagrinex.com\\\/wp-content\\\/uploads\\\/2026\\\/03\\\/robot-tondeuse-autonome-daewoo-2500m-programmable-coupe-18cm-chargeur-rapide-darlm2500i.jpg\",\"datePublished\":\"2026-03-09T23:07:52+00:00\",\"dateModified\":\"2026-04-15T21:12:00+00:00\",\"description\":\"M\u00e4hroboter mit langlebigem Akku DAEWOO DARLM1400i, ideal f\u00fcr gro\u00dfe Rasenfl\u00e4chen bis zu 2500 m\u00b2. 120 Minuten Laufzeit mit einer Ladung erm\u00f6glichen langes M\u00e4hen ohne Unterbrechung. 180 mm Mulchschnitt, Schnitth\u00f6he anpassbar zwischen 25 und 55 mm f\u00fcr ein Ergebnis nach Ihren W\u00fcnschen. Bew\u00e4ltigt Steigungen bis zu 25 % und weicht Hindernissen dank leistungsstarkem Navigationssystem und intelligenter Sensoren aus. Erweiterte Funktionen wie Spiralschnitt, Kantenschnitt und Mulchzonen-Management.\",\"breadcrumb\":{\"@id\":\"https:\\\/\\\/sagrinex.com\\\/produit\\\/robot-tondeuse-autonome-daewoo-2500m%c2%b2-programmable-coupe-18cm-chargeur-rapide-darlm2500i\\\/#breadcrumb\"},\"inLanguage\":\"de\",\"potentialAction\":[{\"@type\":\"ReadAction\",\"target\":[\"https:\\\/\\\/sagrinex.com\\\/produit\\\/robot-tondeuse-autonome-daewoo-2500m%c2%b2-programmable-coupe-18cm-chargeur-rapide-darlm2500i\\\/\"]}]},{\"@type\":\"ImageObject\",\"inLanguage\":\"de\",\"@id\":\"https:\\\/\\\/sagrinex.com\\\/produit\\\/robot-tondeuse-autonome-daewoo-2500m%c2%b2-programmable-coupe-18cm-chargeur-rapide-darlm2500i\\\/#primaryimage\",\"url\":\"https:\\\/\\\/sagrinex.com\\\/wp-content\\\/uploads\\\/2026\\\/03\\\/robot-tondeuse-autonome-daewoo-2500m-programmable-coupe-18cm-chargeur-rapide-darlm2500i.jpg\",\"contentUrl\":\"https:\\\/\\\/sagrinex.com\\\/wp-content\\\/uploads\\\/2026\\\/03\\\/robot-tondeuse-autonome-daewoo-2500m-programmable-coupe-18cm-chargeur-rapide-darlm2500i.jpg\",\"width\":1200,\"height\":1372},{\"@type\":\"BreadcrumbList\",\"@id\":\"https:\\\/\\\/sagrinex.com\\\/produit\\\/robot-tondeuse-autonome-daewoo-2500m%c2%b2-programmable-coupe-18cm-chargeur-rapide-darlm2500i\\\/#breadcrumb\",\"itemListElement\":[{\"@type\":\"ListItem\",\"position\":1,\"name\":\"Accueil\",\"item\":\"https:\\\/\\\/sagrinex.com\\\/?lang=de\"},{\"@type\":\"ListItem\",\"position\":2,\"name\":\"Shop\",\"item\":\"https:\\\/\\\/sagrinex.com\\\/shop\\\/\"},{\"@type\":\"ListItem\",\"position\":3,\"name\":\"Autonomer M\u00e4hroboter Daewoo 2500 M\u00b2 \u2013 Programmierbar, 18 Cm Schnittbreite, Schnellladeger\u00e4t \u2013 Darlm2500i\"}]},{\"@type\":\"WebSite\",\"@id\":\"https:\\\/\\\/sagrinex.com\\\/#website\",\"url\":\"https:\\\/\\\/sagrinex.com\\\/\",\"name\":\"Sagrinex \u2013 Spezialist f\u00fcr Anh\u00e4nger, Container & Landtechnik\",\"description\":\"Anhaenger, Container &amp; Landtechnik \u2014 Online-Verkauf &amp; kostenloses Angebot\",\"publisher\":{\"@id\":\"https:\\\/\\\/sagrinex.com\\\/#organization\"},\"potentialAction\":[{\"@type\":\"SearchAction\",\"target\":{\"@type\":\"EntryPoint\",\"urlTemplate\":\"https:\\\/\\\/sagrinex.com\\\/?s={search_term_string}\"},\"query-input\":{\"@type\":\"PropertyValueSpecification\",\"valueRequired\":true,\"valueName\":\"search_term_string\"}}],\"inLanguage\":\"de\"},{\"@type\":\"Organization\",\"@id\":\"https:\\\/\\\/sagrinex.com\\\/#organization\",\"name\":\"Sagrinex \u2013 Remorques, Conteneurs & Mat\u00e9riel Agricole\",\"url\":\"https:\\\/\\\/sagrinex.com\\\/\",\"logo\":{\"@type\":\"ImageObject\",\"inLanguage\":\"de\",\"@id\":\"https:\\\/\\\/sagrinex.com\\\/#\\\/schema\\\/logo\\\/image\\\/\",\"url\":\"https:\\\/\\\/sagrinex.com\\\/wp-content\\\/uploads\\\/2026\\\/03\\\/7f1ac463-ef5a-425d-bdd6-a5da03a334a9-1024x683.png\",\"contentUrl\":\"https:\\\/\\\/sagrinex.com\\\/wp-content\\\/uploads\\\/2026\\\/03\\\/7f1ac463-ef5a-425d-bdd6-a5da03a334a9-1024x683.png\",\"width\":1024,\"height\":683,\"caption\":\"Sagrinex \u2013 Remorques, Conteneurs & Mat\u00e9riel Agricole\"},\"image\":{\"@id\":\"https:\\\/\\\/sagrinex.com\\\/#\\\/schema\\\/logo\\\/image\\\/\"}}]}<\/script>\n<!-- \/ Yoast SEO plugin. -->","yoast_head_json":{"title":"Autonomer M\u00e4hroboter DAEWOO 2500 m\u00b2 \u2013 Programmierbar, 18 cm Schnittbreite, Schnellladeger\u00e4t \u2013 DARLM2500i","description":"M\u00e4hroboter mit langlebigem Akku DAEWOO DARLM1400i, ideal f\u00fcr gro\u00dfe Rasenfl\u00e4chen bis zu 2500 m\u00b2. 120 Minuten Laufzeit mit einer Ladung erm\u00f6glichen langes M\u00e4hen ohne Unterbrechung. 180 mm Mulchschnitt, Schnitth\u00f6he anpassbar zwischen 25 und 55 mm f\u00fcr ein Ergebnis nach Ihren W\u00fcnschen. Bew\u00e4ltigt Steigungen bis zu 25 % und weicht Hindernissen dank leistungsstarkem Navigationssystem und intelligenter Sensoren aus. Erweiterte Funktionen wie Spiralschnitt, Kantenschnitt und Mulchzonen-Management.","robots":{"index":"index","follow":"follow","max-snippet":"max-snippet:-1","max-image-preview":"max-image-preview:large","max-video-preview":"max-video-preview:-1"},"canonical":"https:\/\/sagrinex.com\/produit\/robot-tondeuse-autonome-daewoo-2500m\u00b2-programmable-coupe-18cm-chargeur-rapide-darlm2500i\/","og_locale":"de_DE","og_type":"article","og_title":"Autonomer M\u00e4hroboter DAEWOO 2500 m\u00b2 \u2013 Programmierbar, 18 cm Schnittbreite, Schnellladeger\u00e4t \u2013 DARLM2500i","og_description":"M\u00e4hroboter mit langlebigem Akku DAEWOO DARLM1400i, ideal f\u00fcr gro\u00dfe Rasenfl\u00e4chen bis zu 2500 m\u00b2. 120 Minuten Laufzeit mit einer Ladung erm\u00f6glichen langes M\u00e4hen ohne Unterbrechung. 180 mm Mulchschnitt, Schnitth\u00f6he anpassbar zwischen 25 und 55 mm f\u00fcr ein Ergebnis nach Ihren W\u00fcnschen. Bew\u00e4ltigt Steigungen bis zu 25 % und weicht Hindernissen dank leistungsstarkem Navigationssystem und intelligenter Sensoren aus. Erweiterte Funktionen wie Spiralschnitt, Kantenschnitt und Mulchzonen-Management.","og_url":"https:\/\/sagrinex.com\/produit\/robot-tondeuse-autonome-daewoo-2500m\u00b2-programmable-coupe-18cm-chargeur-rapide-darlm2500i\/","og_site_name":"Sagrinex \u2013 Anhaenger, Container &amp; Landtechnik \ud83c\udf3e\ud83d\ude9c","article_modified_time":"2026-04-15T21:12:00+00:00","og_image":[{"width":1200,"height":1372,"url":"https:\/\/sagrinex.com\/wp-content\/uploads\/2026\/03\/robot-tondeuse-autonome-daewoo-2500m-programmable-coupe-18cm-chargeur-rapide-darlm2500i.jpg","type":"image\/jpeg"}],"twitter_card":"summary_large_image","twitter_misc":{"Gesch\u00e4tzte Lesezeit":"1\u00a0Minute"},"schema":{"@context":"https:\/\/schema.org","@graph":[{"@type":"WebPage","@id":"https:\/\/sagrinex.com\/produit\/robot-tondeuse-autonome-daewoo-2500m%c2%b2-programmable-coupe-18cm-chargeur-rapide-darlm2500i\/","url":"https:\/\/sagrinex.com\/produit\/robot-tondeuse-autonome-daewoo-2500m%c2%b2-programmable-coupe-18cm-chargeur-rapide-darlm2500i\/","name":"Autonomer M\u00e4hroboter DAEWOO 2500 m\u00b2 \u2013 Programmierbar, 18 cm Schnittbreite, Schnellladeger\u00e4t \u2013 DARLM2500i","isPartOf":{"@id":"https:\/\/sagrinex.com\/#website"},"primaryImageOfPage":{"@id":"https:\/\/sagrinex.com\/produit\/robot-tondeuse-autonome-daewoo-2500m%c2%b2-programmable-coupe-18cm-chargeur-rapide-darlm2500i\/#primaryimage"},"image":{"@id":"https:\/\/sagrinex.com\/produit\/robot-tondeuse-autonome-daewoo-2500m%c2%b2-programmable-coupe-18cm-chargeur-rapide-darlm2500i\/#primaryimage"},"thumbnailUrl":"https:\/\/sagrinex.com\/wp-content\/uploads\/2026\/03\/robot-tondeuse-autonome-daewoo-2500m-programmable-coupe-18cm-chargeur-rapide-darlm2500i.jpg","datePublished":"2026-03-09T23:07:52+00:00","dateModified":"2026-04-15T21:12:00+00:00","description":"M\u00e4hroboter mit langlebigem Akku DAEWOO DARLM1400i, ideal f\u00fcr gro\u00dfe Rasenfl\u00e4chen bis zu 2500 m\u00b2. 120 Minuten Laufzeit mit einer Ladung erm\u00f6glichen langes M\u00e4hen ohne Unterbrechung. 180 mm Mulchschnitt, Schnitth\u00f6he anpassbar zwischen 25 und 55 mm f\u00fcr ein Ergebnis nach Ihren W\u00fcnschen. Bew\u00e4ltigt Steigungen bis zu 25 % und weicht Hindernissen dank leistungsstarkem Navigationssystem und intelligenter Sensoren aus. Erweiterte Funktionen wie Spiralschnitt, Kantenschnitt und Mulchzonen-Management.","breadcrumb":{"@id":"https:\/\/sagrinex.com\/produit\/robot-tondeuse-autonome-daewoo-2500m%c2%b2-programmable-coupe-18cm-chargeur-rapide-darlm2500i\/#breadcrumb"},"inLanguage":"de","potentialAction":[{"@type":"ReadAction","target":["https:\/\/sagrinex.com\/produit\/robot-tondeuse-autonome-daewoo-2500m%c2%b2-programmable-coupe-18cm-chargeur-rapide-darlm2500i\/"]}]},{"@type":"ImageObject","inLanguage":"de","@id":"https:\/\/sagrinex.com\/produit\/robot-tondeuse-autonome-daewoo-2500m%c2%b2-programmable-coupe-18cm-chargeur-rapide-darlm2500i\/#primaryimage","url":"https:\/\/sagrinex.com\/wp-content\/uploads\/2026\/03\/robot-tondeuse-autonome-daewoo-2500m-programmable-coupe-18cm-chargeur-rapide-darlm2500i.jpg","contentUrl":"https:\/\/sagrinex.com\/wp-content\/uploads\/2026\/03\/robot-tondeuse-autonome-daewoo-2500m-programmable-coupe-18cm-chargeur-rapide-darlm2500i.jpg","width":1200,"height":1372},{"@type":"BreadcrumbList","@id":"https:\/\/sagrinex.com\/produit\/robot-tondeuse-autonome-daewoo-2500m%c2%b2-programmable-coupe-18cm-chargeur-rapide-darlm2500i\/#breadcrumb","itemListElement":[{"@type":"ListItem","position":1,"name":"Accueil","item":"https:\/\/sagrinex.com\/?lang=de"},{"@type":"ListItem","position":2,"name":"Shop","item":"https:\/\/sagrinex.com\/shop\/"},{"@type":"ListItem","position":3,"name":"Autonomer M\u00e4hroboter Daewoo 2500 M\u00b2 \u2013 Programmierbar, 18 Cm Schnittbreite, Schnellladeger\u00e4t \u2013 Darlm2500i"}]},{"@type":"WebSite","@id":"https:\/\/sagrinex.com\/#website","url":"https:\/\/sagrinex.com\/","name":"Sagrinex \u2013 Spezialist f\u00fcr Anh\u00e4nger, Container & Landtechnik","description":"Anhaenger, Container &amp; Landtechnik \u2014 Online-Verkauf &amp; kostenloses Angebot","publisher":{"@id":"https:\/\/sagrinex.com\/#organization"},"potentialAction":[{"@type":"SearchAction","target":{"@type":"EntryPoint","urlTemplate":"https:\/\/sagrinex.com\/?s={search_term_string}"},"query-input":{"@type":"PropertyValueSpecification","valueRequired":true,"valueName":"search_term_string"}}],"inLanguage":"de"},{"@type":"Organization","@id":"https:\/\/sagrinex.com\/#organization","name":"Sagrinex \u2013 Remorques, Conteneurs & Mat\u00e9riel Agricole","url":"https:\/\/sagrinex.com\/","logo":{"@type":"ImageObject","inLanguage":"de","@id":"https:\/\/sagrinex.com\/#\/schema\/logo\/image\/","url":"https:\/\/sagrinex.com\/wp-content\/uploads\/2026\/03\/7f1ac463-ef5a-425d-bdd6-a5da03a334a9-1024x683.png","contentUrl":"https:\/\/sagrinex.com\/wp-content\/uploads\/2026\/03\/7f1ac463-ef5a-425d-bdd6-a5da03a334a9-1024x683.png","width":1024,"height":683,"caption":"Sagrinex \u2013 Remorques, Conteneurs & Mat\u00e9riel Agricole"},"image":{"@id":"https:\/\/sagrinex.com\/#\/schema\/logo\/image\/"}}]}},"jetpack_sharing_enabled":true,"_links":{"self":[{"href":"https:\/\/sagrinex.com\/de\/wp-json\/wp\/v2\/product\/13044","targetHints":{"allow":["GET"]}}],"collection":[{"href":"https:\/\/sagrinex.com\/de\/wp-json\/wp\/v2\/product"}],"about":[{"href":"https:\/\/sagrinex.com\/de\/wp-json\/wp\/v2\/types\/product"}],"replies":[{"embeddable":true,"href":"https:\/\/sagrinex.com\/de\/wp-json\/wp\/v2\/comments?post=13044"}],"version-history":[{"count":0,"href":"https:\/\/sagrinex.com\/de\/wp-json\/wp\/v2\/product\/13044\/revisions"}],"wp:featuredmedia":[{"embeddable":true,"href":"https:\/\/sagrinex.com\/de\/wp-json\/wp\/v2\/media\/13045"}],"wp:attachment":[{"href":"https:\/\/sagrinex.com\/de\/wp-json\/wp\/v2\/media?parent=13044"}],"wp:term":[{"taxonomy":"product_brand","embeddable":true,"href":"https:\/\/sagrinex.com\/de\/wp-json\/wp\/v2\/product_brand?post=13044"},{"taxonomy":"product_cat","embeddable":true,"href":"https:\/\/sagrinex.com\/de\/wp-json\/wp\/v2\/product_cat?post=13044"},{"taxonomy":"product_tag","embeddable":true,"href":"https:\/\/sagrinex.com\/de\/wp-json\/wp\/v2\/product_tag?post=13044"}],"curies":[{"name":"wp","href":"https:\/\/api.w.org\/{rel}","templated":true}]}}