{"id":13053,"date":"2026-03-10T10:13:10","date_gmt":"2026-03-10T10:13:10","guid":{"rendered":"https:\/\/sagrinex.com\/produit\/20v-4ah-akku-fuer-kabellose-texas-20-volt-akkugeraete\/"},"modified":"2026-04-15T21:12:00","modified_gmt":"2026-04-15T21:12:00","slug":"20v-4ah-akku-fuer-kabellose-texas-20-volt-akkugeraete","status":"publish","type":"product","link":"https:\/\/sagrinex.com\/de\/produit\/20v-4ah-akku-fuer-kabellose-texas-20-volt-akkugeraete\/","title":{"rendered":"20V 4ah Akku f\u00fcr Kabellose Texas 20-volt-akkuger\u00e4te"},"content":{"rendered":"<p>TEXAS Akkuladeger\u00e4t kompatibel mit allen Texas 20-Volt-Gartenger\u00e4ten: CSX2000 &#8211; LBX2000 &#8211; Pack-PHX2000-PCX2000 &#8211; GTX2000<\/p>\n","protected":false},"excerpt":{"rendered":"<ul>\n<li><strong>4 Amperestunden Texas 20-Volt-Akku f\u00fcr Texas Gartenger\u00e4te.<\/strong><\/li>\n<li>Empfohlen f\u00fcr <strong>Rasentrimmer GTX2000, Heckenscheren, Stabheckenscheren und Hochentaster PHX2000 sowie kabelloses Blasger\u00e4t LBX2000<\/strong>.<\/li>\n<li>Geringes Gewicht erleichtert die Handhabung Ihres Ger\u00e4ts.<\/li>\n<li>Auch in 2Ah-Version Referenz BA-20v-4Ah-texas erh\u00e4ltlich, um Ihre Arbeit fortzusetzen, w\u00e4hrend Ihr Akku l\u00e4dt.<\/li>\n<li>2 Jahre Garantie.<\/li>\n<\/ul>\n","protected":false},"featured_media":13055,"comment_status":"open","ping_status":"closed","template":"","meta":[],"product_brand":[],"product_cat":[323,320],"product_tag":[],"class_list":{"0":"post-13053","1":"product","2":"type-product","3":"status-publish","4":"has-post-thumbnail","6":"product_cat-akku","7":"product_cat-unsere-rasenmaher","9":"first","10":"instock","11":"sale","12":"shipping-taxable","13":"purchasable","14":"product-type-simple"},"yoast_head":"<!-- This site is optimized with the Yoast SEO plugin v27.4 - https:\/\/yoast.com\/product\/yoast-seo-wordpress\/ -->\n<title>20V 4Ah Akku f\u00fcr kabellose Texas 20-Volt-Akkuger\u00e4te<\/title>\n<meta name=\"description\" content=\"4 Amperestunden Texas 20-Volt-Akku f\u00fcr Texas Gartenger\u00e4te. Empfohlen f\u00fcr Rasentrimmer GTX2000, Heckenscheren, Stabheckenscheren und Hochentaster PHX2000 sowie kabelloses Blasger\u00e4t LBX2000. Geringes Gewicht erleichtert die Handhabung Ihres Ger\u00e4ts. Auch in 2Ah-Version Referenz BA-20v-4Ah-texas erh\u00e4ltlich, um Ihre Arbeit fortzusetzen, w\u00e4hrend Ihr Akku l\u00e4dt. 2 Jahre Garantie.\" \/>\n<meta name=\"robots\" content=\"index, follow, max-snippet:-1, max-image-preview:large, max-video-preview:-1\" \/>\n<link rel=\"canonical\" href=\"https:\/\/sagrinex.com\/produit\/batterie-20v-4ah-pour-outils-sans-fil-a-batterie-texas-20-volts\/\" \/>\n<meta property=\"og:locale\" content=\"de_DE\" \/>\n<meta property=\"og:type\" content=\"article\" \/>\n<meta property=\"og:title\" content=\"20V 4Ah Akku f\u00fcr kabellose Texas 20-Volt-Akkuger\u00e4te\" \/>\n<meta property=\"og:description\" content=\"4 Amperestunden Texas 20-Volt-Akku f\u00fcr Texas Gartenger\u00e4te. Empfohlen f\u00fcr Rasentrimmer GTX2000, Heckenscheren, Stabheckenscheren und Hochentaster PHX2000 sowie kabelloses Blasger\u00e4t LBX2000. Geringes Gewicht erleichtert die Handhabung Ihres Ger\u00e4ts. Auch in 2Ah-Version Referenz BA-20v-4Ah-texas erh\u00e4ltlich, um Ihre Arbeit fortzusetzen, w\u00e4hrend Ihr Akku l\u00e4dt. 2 Jahre Garantie.\" \/>\n<meta property=\"og:url\" content=\"https:\/\/sagrinex.com\/produit\/batterie-20v-4ah-pour-outils-sans-fil-a-batterie-texas-20-volts\/\" \/>\n<meta property=\"og:site_name\" content=\"Sagrinex \u2013 Anhaenger, Container &amp; Landtechnik \ud83c\udf3e\ud83d\ude9c\" \/>\n<meta property=\"article:modified_time\" content=\"2026-04-15T21:12:00+00:00\" \/>\n<meta property=\"og:image\" content=\"https:\/\/sagrinex.com\/wp-content\/uploads\/2026\/03\/batterie-20v-4ah-pour-outils-sans-fil-a-batterie-texas-20-volts-1.jpg\" \/>\n\t<meta property=\"og:image:width\" content=\"1200\" \/>\n\t<meta property=\"og:image:height\" content=\"1372\" \/>\n\t<meta property=\"og:image:type\" content=\"image\/jpeg\" \/>\n<meta name=\"twitter:card\" content=\"summary_large_image\" \/>\n<meta name=\"twitter:label1\" content=\"Gesch\u00e4tzte Lesezeit\" \/>\n\t<meta name=\"twitter:data1\" content=\"1\u00a0Minute\" \/>\n<script type=\"application\/ld+json\" class=\"yoast-schema-graph\">{\"@context\":\"https:\\\/\\\/schema.org\",\"@graph\":[{\"@type\":\"WebPage\",\"@id\":\"https:\\\/\\\/sagrinex.com\\\/produit\\\/batterie-20v-4ah-pour-outils-sans-fil-a-batterie-texas-20-volts\\\/\",\"url\":\"https:\\\/\\\/sagrinex.com\\\/produit\\\/batterie-20v-4ah-pour-outils-sans-fil-a-batterie-texas-20-volts\\\/\",\"name\":\"20V 4Ah Akku f\u00fcr kabellose Texas 20-Volt-Akkuger\u00e4te\",\"isPartOf\":{\"@id\":\"https:\\\/\\\/sagrinex.com\\\/#website\"},\"primaryImageOfPage\":{\"@id\":\"https:\\\/\\\/sagrinex.com\\\/produit\\\/batterie-20v-4ah-pour-outils-sans-fil-a-batterie-texas-20-volts\\\/#primaryimage\"},\"image\":{\"@id\":\"https:\\\/\\\/sagrinex.com\\\/produit\\\/batterie-20v-4ah-pour-outils-sans-fil-a-batterie-texas-20-volts\\\/#primaryimage\"},\"thumbnailUrl\":\"https:\\\/\\\/sagrinex.com\\\/wp-content\\\/uploads\\\/2026\\\/03\\\/batterie-20v-4ah-pour-outils-sans-fil-a-batterie-texas-20-volts-1.jpg\",\"datePublished\":\"2026-03-10T10:13:10+00:00\",\"dateModified\":\"2026-04-15T21:12:00+00:00\",\"description\":\"4 Amperestunden Texas 20-Volt-Akku f\u00fcr Texas Gartenger\u00e4te. Empfohlen f\u00fcr Rasentrimmer GTX2000, Heckenscheren, Stabheckenscheren und Hochentaster PHX2000 sowie kabelloses Blasger\u00e4t LBX2000. Geringes Gewicht erleichtert die Handhabung Ihres Ger\u00e4ts. Auch in 2Ah-Version Referenz BA-20v-4Ah-texas erh\u00e4ltlich, um Ihre Arbeit fortzusetzen, w\u00e4hrend Ihr Akku l\u00e4dt. 2 Jahre Garantie.\",\"breadcrumb\":{\"@id\":\"https:\\\/\\\/sagrinex.com\\\/produit\\\/batterie-20v-4ah-pour-outils-sans-fil-a-batterie-texas-20-volts\\\/#breadcrumb\"},\"inLanguage\":\"de\",\"potentialAction\":[{\"@type\":\"ReadAction\",\"target\":[\"https:\\\/\\\/sagrinex.com\\\/produit\\\/batterie-20v-4ah-pour-outils-sans-fil-a-batterie-texas-20-volts\\\/\"]}]},{\"@type\":\"ImageObject\",\"inLanguage\":\"de\",\"@id\":\"https:\\\/\\\/sagrinex.com\\\/produit\\\/batterie-20v-4ah-pour-outils-sans-fil-a-batterie-texas-20-volts\\\/#primaryimage\",\"url\":\"https:\\\/\\\/sagrinex.com\\\/wp-content\\\/uploads\\\/2026\\\/03\\\/batterie-20v-4ah-pour-outils-sans-fil-a-batterie-texas-20-volts-1.jpg\",\"contentUrl\":\"https:\\\/\\\/sagrinex.com\\\/wp-content\\\/uploads\\\/2026\\\/03\\\/batterie-20v-4ah-pour-outils-sans-fil-a-batterie-texas-20-volts-1.jpg\",\"width\":1200,\"height\":1372},{\"@type\":\"BreadcrumbList\",\"@id\":\"https:\\\/\\\/sagrinex.com\\\/produit\\\/batterie-20v-4ah-pour-outils-sans-fil-a-batterie-texas-20-volts\\\/#breadcrumb\",\"itemListElement\":[{\"@type\":\"ListItem\",\"position\":1,\"name\":\"Accueil\",\"item\":\"https:\\\/\\\/sagrinex.com\\\/?lang=de\"},{\"@type\":\"ListItem\",\"position\":2,\"name\":\"Shop\",\"item\":\"https:\\\/\\\/sagrinex.com\\\/shop\\\/\"},{\"@type\":\"ListItem\",\"position\":3,\"name\":\"20V 4Ah Akku f\u00fcr kabellose Texas 20-Volt-Akkuger\u00e4te\"}]},{\"@type\":\"WebSite\",\"@id\":\"https:\\\/\\\/sagrinex.com\\\/#website\",\"url\":\"https:\\\/\\\/sagrinex.com\\\/\",\"name\":\"Sagrinex \u2013 Spezialist f\u00fcr Anh\u00e4nger, Container & Landtechnik\",\"description\":\"Anhaenger, Container &amp; Landtechnik \u2014 Online-Verkauf &amp; kostenloses Angebot\",\"publisher\":{\"@id\":\"https:\\\/\\\/sagrinex.com\\\/#organization\"},\"potentialAction\":[{\"@type\":\"SearchAction\",\"target\":{\"@type\":\"EntryPoint\",\"urlTemplate\":\"https:\\\/\\\/sagrinex.com\\\/?s={search_term_string}\"},\"query-input\":{\"@type\":\"PropertyValueSpecification\",\"valueRequired\":true,\"valueName\":\"search_term_string\"}}],\"inLanguage\":\"de\"},{\"@type\":\"Organization\",\"@id\":\"https:\\\/\\\/sagrinex.com\\\/#organization\",\"name\":\"Sagrinex \u2013 Remorques, Conteneurs & Mat\u00e9riel Agricole\",\"url\":\"https:\\\/\\\/sagrinex.com\\\/\",\"logo\":{\"@type\":\"ImageObject\",\"inLanguage\":\"de\",\"@id\":\"https:\\\/\\\/sagrinex.com\\\/#\\\/schema\\\/logo\\\/image\\\/\",\"url\":\"https:\\\/\\\/sagrinex.com\\\/wp-content\\\/uploads\\\/2026\\\/03\\\/7f1ac463-ef5a-425d-bdd6-a5da03a334a9-1024x683.png\",\"contentUrl\":\"https:\\\/\\\/sagrinex.com\\\/wp-content\\\/uploads\\\/2026\\\/03\\\/7f1ac463-ef5a-425d-bdd6-a5da03a334a9-1024x683.png\",\"width\":1024,\"height\":683,\"caption\":\"Sagrinex \u2013 Remorques, Conteneurs & Mat\u00e9riel Agricole\"},\"image\":{\"@id\":\"https:\\\/\\\/sagrinex.com\\\/#\\\/schema\\\/logo\\\/image\\\/\"}}]}<\/script>\n<!-- \/ Yoast SEO plugin. -->","yoast_head_json":{"title":"20V 4Ah Akku f\u00fcr kabellose Texas 20-Volt-Akkuger\u00e4te","description":"4 Amperestunden Texas 20-Volt-Akku f\u00fcr Texas Gartenger\u00e4te. Empfohlen f\u00fcr Rasentrimmer GTX2000, Heckenscheren, Stabheckenscheren und Hochentaster PHX2000 sowie kabelloses Blasger\u00e4t LBX2000. Geringes Gewicht erleichtert die Handhabung Ihres Ger\u00e4ts. Auch in 2Ah-Version Referenz BA-20v-4Ah-texas erh\u00e4ltlich, um Ihre Arbeit fortzusetzen, w\u00e4hrend Ihr Akku l\u00e4dt. 2 Jahre Garantie.","robots":{"index":"index","follow":"follow","max-snippet":"max-snippet:-1","max-image-preview":"max-image-preview:large","max-video-preview":"max-video-preview:-1"},"canonical":"https:\/\/sagrinex.com\/produit\/batterie-20v-4ah-pour-outils-sans-fil-a-batterie-texas-20-volts\/","og_locale":"de_DE","og_type":"article","og_title":"20V 4Ah Akku f\u00fcr kabellose Texas 20-Volt-Akkuger\u00e4te","og_description":"4 Amperestunden Texas 20-Volt-Akku f\u00fcr Texas Gartenger\u00e4te. Empfohlen f\u00fcr Rasentrimmer GTX2000, Heckenscheren, Stabheckenscheren und Hochentaster PHX2000 sowie kabelloses Blasger\u00e4t LBX2000. Geringes Gewicht erleichtert die Handhabung Ihres Ger\u00e4ts. Auch in 2Ah-Version Referenz BA-20v-4Ah-texas erh\u00e4ltlich, um Ihre Arbeit fortzusetzen, w\u00e4hrend Ihr Akku l\u00e4dt. 2 Jahre Garantie.","og_url":"https:\/\/sagrinex.com\/produit\/batterie-20v-4ah-pour-outils-sans-fil-a-batterie-texas-20-volts\/","og_site_name":"Sagrinex \u2013 Anhaenger, Container &amp; Landtechnik \ud83c\udf3e\ud83d\ude9c","article_modified_time":"2026-04-15T21:12:00+00:00","og_image":[{"width":1200,"height":1372,"url":"https:\/\/sagrinex.com\/wp-content\/uploads\/2026\/03\/batterie-20v-4ah-pour-outils-sans-fil-a-batterie-texas-20-volts-1.jpg","type":"image\/jpeg"}],"twitter_card":"summary_large_image","twitter_misc":{"Gesch\u00e4tzte Lesezeit":"1\u00a0Minute"},"schema":{"@context":"https:\/\/schema.org","@graph":[{"@type":"WebPage","@id":"https:\/\/sagrinex.com\/produit\/batterie-20v-4ah-pour-outils-sans-fil-a-batterie-texas-20-volts\/","url":"https:\/\/sagrinex.com\/produit\/batterie-20v-4ah-pour-outils-sans-fil-a-batterie-texas-20-volts\/","name":"20V 4Ah Akku f\u00fcr kabellose Texas 20-Volt-Akkuger\u00e4te","isPartOf":{"@id":"https:\/\/sagrinex.com\/#website"},"primaryImageOfPage":{"@id":"https:\/\/sagrinex.com\/produit\/batterie-20v-4ah-pour-outils-sans-fil-a-batterie-texas-20-volts\/#primaryimage"},"image":{"@id":"https:\/\/sagrinex.com\/produit\/batterie-20v-4ah-pour-outils-sans-fil-a-batterie-texas-20-volts\/#primaryimage"},"thumbnailUrl":"https:\/\/sagrinex.com\/wp-content\/uploads\/2026\/03\/batterie-20v-4ah-pour-outils-sans-fil-a-batterie-texas-20-volts-1.jpg","datePublished":"2026-03-10T10:13:10+00:00","dateModified":"2026-04-15T21:12:00+00:00","description":"4 Amperestunden Texas 20-Volt-Akku f\u00fcr Texas Gartenger\u00e4te. Empfohlen f\u00fcr Rasentrimmer GTX2000, Heckenscheren, Stabheckenscheren und Hochentaster PHX2000 sowie kabelloses Blasger\u00e4t LBX2000. Geringes Gewicht erleichtert die Handhabung Ihres Ger\u00e4ts. Auch in 2Ah-Version Referenz BA-20v-4Ah-texas erh\u00e4ltlich, um Ihre Arbeit fortzusetzen, w\u00e4hrend Ihr Akku l\u00e4dt. 2 Jahre Garantie.","breadcrumb":{"@id":"https:\/\/sagrinex.com\/produit\/batterie-20v-4ah-pour-outils-sans-fil-a-batterie-texas-20-volts\/#breadcrumb"},"inLanguage":"de","potentialAction":[{"@type":"ReadAction","target":["https:\/\/sagrinex.com\/produit\/batterie-20v-4ah-pour-outils-sans-fil-a-batterie-texas-20-volts\/"]}]},{"@type":"ImageObject","inLanguage":"de","@id":"https:\/\/sagrinex.com\/produit\/batterie-20v-4ah-pour-outils-sans-fil-a-batterie-texas-20-volts\/#primaryimage","url":"https:\/\/sagrinex.com\/wp-content\/uploads\/2026\/03\/batterie-20v-4ah-pour-outils-sans-fil-a-batterie-texas-20-volts-1.jpg","contentUrl":"https:\/\/sagrinex.com\/wp-content\/uploads\/2026\/03\/batterie-20v-4ah-pour-outils-sans-fil-a-batterie-texas-20-volts-1.jpg","width":1200,"height":1372},{"@type":"BreadcrumbList","@id":"https:\/\/sagrinex.com\/produit\/batterie-20v-4ah-pour-outils-sans-fil-a-batterie-texas-20-volts\/#breadcrumb","itemListElement":[{"@type":"ListItem","position":1,"name":"Accueil","item":"https:\/\/sagrinex.com\/?lang=de"},{"@type":"ListItem","position":2,"name":"Shop","item":"https:\/\/sagrinex.com\/shop\/"},{"@type":"ListItem","position":3,"name":"20V 4Ah Akku f\u00fcr kabellose Texas 20-Volt-Akkuger\u00e4te"}]},{"@type":"WebSite","@id":"https:\/\/sagrinex.com\/#website","url":"https:\/\/sagrinex.com\/","name":"Sagrinex \u2013 Spezialist f\u00fcr Anh\u00e4nger, Container & Landtechnik","description":"Anhaenger, Container &amp; Landtechnik \u2014 Online-Verkauf &amp; kostenloses Angebot","publisher":{"@id":"https:\/\/sagrinex.com\/#organization"},"potentialAction":[{"@type":"SearchAction","target":{"@type":"EntryPoint","urlTemplate":"https:\/\/sagrinex.com\/?s={search_term_string}"},"query-input":{"@type":"PropertyValueSpecification","valueRequired":true,"valueName":"search_term_string"}}],"inLanguage":"de"},{"@type":"Organization","@id":"https:\/\/sagrinex.com\/#organization","name":"Sagrinex \u2013 Remorques, Conteneurs & Mat\u00e9riel Agricole","url":"https:\/\/sagrinex.com\/","logo":{"@type":"ImageObject","inLanguage":"de","@id":"https:\/\/sagrinex.com\/#\/schema\/logo\/image\/","url":"https:\/\/sagrinex.com\/wp-content\/uploads\/2026\/03\/7f1ac463-ef5a-425d-bdd6-a5da03a334a9-1024x683.png","contentUrl":"https:\/\/sagrinex.com\/wp-content\/uploads\/2026\/03\/7f1ac463-ef5a-425d-bdd6-a5da03a334a9-1024x683.png","width":1024,"height":683,"caption":"Sagrinex \u2013 Remorques, Conteneurs & Mat\u00e9riel Agricole"},"image":{"@id":"https:\/\/sagrinex.com\/#\/schema\/logo\/image\/"}}]}},"jetpack_sharing_enabled":true,"_links":{"self":[{"href":"https:\/\/sagrinex.com\/de\/wp-json\/wp\/v2\/product\/13053","targetHints":{"allow":["GET"]}}],"collection":[{"href":"https:\/\/sagrinex.com\/de\/wp-json\/wp\/v2\/product"}],"about":[{"href":"https:\/\/sagrinex.com\/de\/wp-json\/wp\/v2\/types\/product"}],"replies":[{"embeddable":true,"href":"https:\/\/sagrinex.com\/de\/wp-json\/wp\/v2\/comments?post=13053"}],"version-history":[{"count":0,"href":"https:\/\/sagrinex.com\/de\/wp-json\/wp\/v2\/product\/13053\/revisions"}],"wp:featuredmedia":[{"embeddable":true,"href":"https:\/\/sagrinex.com\/de\/wp-json\/wp\/v2\/media\/13055"}],"wp:attachment":[{"href":"https:\/\/sagrinex.com\/de\/wp-json\/wp\/v2\/media?parent=13053"}],"wp:term":[{"taxonomy":"product_brand","embeddable":true,"href":"https:\/\/sagrinex.com\/de\/wp-json\/wp\/v2\/product_brand?post=13053"},{"taxonomy":"product_cat","embeddable":true,"href":"https:\/\/sagrinex.com\/de\/wp-json\/wp\/v2\/product_cat?post=13053"},{"taxonomy":"product_tag","embeddable":true,"href":"https:\/\/sagrinex.com\/de\/wp-json\/wp\/v2\/product_tag?post=13053"}],"curies":[{"name":"wp","href":"https:\/\/api.w.org\/{rel}","templated":true}]}}