{"id":13092,"date":"2026-03-10T08:31:20","date_gmt":"2026-03-10T08:31:20","guid":{"rendered":"https:\/\/sagrinex.com\/produit\/lithium-akku-25-ah-fuer-texas-40v-akku-gartengeraete\/"},"modified":"2026-04-15T21:12:01","modified_gmt":"2026-04-15T21:12:01","slug":"lithium-akku-25-ah-fuer-texas-40v-akku-gartengeraete","status":"publish","type":"product","link":"https:\/\/sagrinex.com\/de\/produit\/lithium-akku-25-ah-fuer-texas-40v-akku-gartengeraete\/","title":{"rendered":"Lithium-akku 2,5 Ah f\u00fcr Texas 40V Akku-gartenger\u00e4te"},"content":{"rendered":"<ul>\n<li><strong>40 Volt Lithium-Akku<\/strong> 2,5 Amperestunden f\u00fcr <strong>Texas 40 Volt Akku-Gartenger\u00e4te<\/strong>.<\/li>\n<li>Ideal als Haupt- oder Ersatzakku f\u00fcr die <strong>Rasenm\u00e4her<\/strong> Razor 4200Li oder 4220TR-Li, die <strong>Heckenscheren<\/strong> HTX4000, <strong>Hochentaster<\/strong> CSX4000 sowie <strong>Rasentrimmer<\/strong> und <strong>Freischneider<\/strong> GTX4000.<\/li>\n<li>Akkuzellen von Samsung.<\/li>\n<li><strong>Ladestandsanzeige<\/strong> am Akku. 2 Jahre Garantie. <\/li>\n<\/ul>\n","protected":false},"excerpt":{"rendered":"<ul>\n<li><strong>40 Volt Lithium-Akku<\/strong> 2,5 Amperestunden f\u00fcr <strong>Texas 40 Volt Akku-Gartenger\u00e4te<\/strong>.<\/li>\n<li>Ideal als Haupt- oder Ersatzakku f\u00fcr die <strong>Rasenm\u00e4her<\/strong> Razor 4200Li oder 4220TR-Li, die <strong>Heckenscheren<\/strong> HTX4000, <strong>Hochentaster<\/strong> CSX4000 sowie <strong>Rasentrimmer<\/strong> und <strong>Freischneider<\/strong> GTX4000.<\/li>\n<li>Akkuzellen von Samsung.<\/li>\n<li><strong>Ladestandsanzeige<\/strong> am Akku. 2 Jahre Garantie. <\/li>\n<\/ul>\n","protected":false},"featured_media":13093,"comment_status":"open","ping_status":"closed","template":"","meta":[],"product_brand":[],"product_cat":[323,324,320],"product_tag":[],"class_list":{"0":"post-13092","1":"product","2":"type-product","3":"status-publish","4":"has-post-thumbnail","6":"product_cat-akku","7":"product_cat-akku-rasenmaeher","8":"product_cat-unsere-rasenmaher","10":"first","11":"instock","12":"sale","13":"shipping-taxable","14":"purchasable","15":"product-type-simple"},"yoast_head":"<!-- This site is optimized with the Yoast SEO plugin v27.4 - https:\/\/yoast.com\/product\/yoast-seo-wordpress\/ -->\n<title>Lithium-Akku 2,5 Ah f\u00fcr Texas 40V Akku-Gartenger\u00e4te<\/title>\n<meta name=\"robots\" content=\"index, follow, max-snippet:-1, max-image-preview:large, max-video-preview:-1\" \/>\n<link rel=\"canonical\" href=\"https:\/\/sagrinex.com\/produit\/batterie-lithium-25ah-pour-outils-de-jardin-electrique-a-batterie-texas-40v\/\" \/>\n<meta property=\"og:locale\" content=\"de_DE\" \/>\n<meta property=\"og:type\" content=\"article\" \/>\n<meta property=\"og:title\" content=\"Lithium-Akku 2,5 Ah f\u00fcr Texas 40V Akku-Gartenger\u00e4te\" \/>\n<meta property=\"og:description\" content=\"40 Volt Lithium-Akku 2,5 Amperestunden f\u00fcr Texas 40 Volt Akku-Gartenger\u00e4te.  Ideal als Haupt- oder Ersatzakku f\u00fcr die Rasenm\u00e4her Razor 4200Li oder 4220TR-Li, die Heckenscheren HTX4000, Hochentaster CSX4000 sowie Rasentrimmer und Freischneider GTX4000.  Akkuzellen von Samsung.  Ladestandsanzeige am Akku. 2 Jahre Garantie.\" \/>\n<meta property=\"og:url\" content=\"https:\/\/sagrinex.com\/produit\/batterie-lithium-25ah-pour-outils-de-jardin-electrique-a-batterie-texas-40v\/\" \/>\n<meta property=\"og:site_name\" content=\"Sagrinex \u2013 Anhaenger, Container &amp; Landtechnik \ud83c\udf3e\ud83d\ude9c\" \/>\n<meta property=\"article:modified_time\" content=\"2026-04-15T21:12:01+00:00\" \/>\n<meta property=\"og:image\" content=\"https:\/\/sagrinex.com\/wp-content\/uploads\/2026\/03\/batterie-lithium-25ah-pour-outils-de-jardin-electrique-a-batterie-texas-40v.jpg\" \/>\n\t<meta property=\"og:image:width\" content=\"1200\" \/>\n\t<meta property=\"og:image:height\" content=\"1372\" \/>\n\t<meta property=\"og:image:type\" content=\"image\/jpeg\" \/>\n<meta name=\"twitter:card\" content=\"summary_large_image\" \/>\n<script type=\"application\/ld+json\" class=\"yoast-schema-graph\">{\"@context\":\"https:\\\/\\\/schema.org\",\"@graph\":[{\"@type\":\"WebPage\",\"@id\":\"https:\\\/\\\/sagrinex.com\\\/produit\\\/batterie-lithium-25ah-pour-outils-de-jardin-electrique-a-batterie-texas-40v\\\/\",\"url\":\"https:\\\/\\\/sagrinex.com\\\/produit\\\/batterie-lithium-25ah-pour-outils-de-jardin-electrique-a-batterie-texas-40v\\\/\",\"name\":\"Lithium-Akku 2,5 Ah f\u00fcr Texas 40V Akku-Gartenger\u00e4te\",\"isPartOf\":{\"@id\":\"https:\\\/\\\/sagrinex.com\\\/#website\"},\"primaryImageOfPage\":{\"@id\":\"https:\\\/\\\/sagrinex.com\\\/produit\\\/batterie-lithium-25ah-pour-outils-de-jardin-electrique-a-batterie-texas-40v\\\/#primaryimage\"},\"image\":{\"@id\":\"https:\\\/\\\/sagrinex.com\\\/produit\\\/batterie-lithium-25ah-pour-outils-de-jardin-electrique-a-batterie-texas-40v\\\/#primaryimage\"},\"thumbnailUrl\":\"https:\\\/\\\/sagrinex.com\\\/wp-content\\\/uploads\\\/2026\\\/03\\\/batterie-lithium-25ah-pour-outils-de-jardin-electrique-a-batterie-texas-40v.jpg\",\"datePublished\":\"2026-03-10T08:31:20+00:00\",\"dateModified\":\"2026-04-15T21:12:01+00:00\",\"breadcrumb\":{\"@id\":\"https:\\\/\\\/sagrinex.com\\\/produit\\\/batterie-lithium-25ah-pour-outils-de-jardin-electrique-a-batterie-texas-40v\\\/#breadcrumb\"},\"inLanguage\":\"de\",\"potentialAction\":[{\"@type\":\"ReadAction\",\"target\":[\"https:\\\/\\\/sagrinex.com\\\/produit\\\/batterie-lithium-25ah-pour-outils-de-jardin-electrique-a-batterie-texas-40v\\\/\"]}]},{\"@type\":\"ImageObject\",\"inLanguage\":\"de\",\"@id\":\"https:\\\/\\\/sagrinex.com\\\/produit\\\/batterie-lithium-25ah-pour-outils-de-jardin-electrique-a-batterie-texas-40v\\\/#primaryimage\",\"url\":\"https:\\\/\\\/sagrinex.com\\\/wp-content\\\/uploads\\\/2026\\\/03\\\/batterie-lithium-25ah-pour-outils-de-jardin-electrique-a-batterie-texas-40v.jpg\",\"contentUrl\":\"https:\\\/\\\/sagrinex.com\\\/wp-content\\\/uploads\\\/2026\\\/03\\\/batterie-lithium-25ah-pour-outils-de-jardin-electrique-a-batterie-texas-40v.jpg\",\"width\":1200,\"height\":1372},{\"@type\":\"BreadcrumbList\",\"@id\":\"https:\\\/\\\/sagrinex.com\\\/produit\\\/batterie-lithium-25ah-pour-outils-de-jardin-electrique-a-batterie-texas-40v\\\/#breadcrumb\",\"itemListElement\":[{\"@type\":\"ListItem\",\"position\":1,\"name\":\"Accueil\",\"item\":\"https:\\\/\\\/sagrinex.com\\\/?lang=de\"},{\"@type\":\"ListItem\",\"position\":2,\"name\":\"Shop\",\"item\":\"https:\\\/\\\/sagrinex.com\\\/shop\\\/\"},{\"@type\":\"ListItem\",\"position\":3,\"name\":\"Lithium-akku 2,5 Ah f\u00fcr Texas 40V Akku-gartenger\u00e4te\"}]},{\"@type\":\"WebSite\",\"@id\":\"https:\\\/\\\/sagrinex.com\\\/#website\",\"url\":\"https:\\\/\\\/sagrinex.com\\\/\",\"name\":\"Sagrinex \u2013 Spezialist f\u00fcr Anh\u00e4nger, Container & Landtechnik\",\"description\":\"Anhaenger, Container &amp; Landtechnik \u2014 Online-Verkauf &amp; kostenloses Angebot\",\"publisher\":{\"@id\":\"https:\\\/\\\/sagrinex.com\\\/#organization\"},\"potentialAction\":[{\"@type\":\"SearchAction\",\"target\":{\"@type\":\"EntryPoint\",\"urlTemplate\":\"https:\\\/\\\/sagrinex.com\\\/?s={search_term_string}\"},\"query-input\":{\"@type\":\"PropertyValueSpecification\",\"valueRequired\":true,\"valueName\":\"search_term_string\"}}],\"inLanguage\":\"de\"},{\"@type\":\"Organization\",\"@id\":\"https:\\\/\\\/sagrinex.com\\\/#organization\",\"name\":\"Sagrinex \u2013 Remorques, Conteneurs & Mat\u00e9riel Agricole\",\"url\":\"https:\\\/\\\/sagrinex.com\\\/\",\"logo\":{\"@type\":\"ImageObject\",\"inLanguage\":\"de\",\"@id\":\"https:\\\/\\\/sagrinex.com\\\/#\\\/schema\\\/logo\\\/image\\\/\",\"url\":\"https:\\\/\\\/sagrinex.com\\\/wp-content\\\/uploads\\\/2026\\\/03\\\/7f1ac463-ef5a-425d-bdd6-a5da03a334a9-1024x683.png\",\"contentUrl\":\"https:\\\/\\\/sagrinex.com\\\/wp-content\\\/uploads\\\/2026\\\/03\\\/7f1ac463-ef5a-425d-bdd6-a5da03a334a9-1024x683.png\",\"width\":1024,\"height\":683,\"caption\":\"Sagrinex \u2013 Remorques, Conteneurs & Mat\u00e9riel Agricole\"},\"image\":{\"@id\":\"https:\\\/\\\/sagrinex.com\\\/#\\\/schema\\\/logo\\\/image\\\/\"}}]}<\/script>\n<!-- \/ Yoast SEO plugin. -->","yoast_head_json":{"title":"Lithium-Akku 2,5 Ah f\u00fcr Texas 40V Akku-Gartenger\u00e4te","robots":{"index":"index","follow":"follow","max-snippet":"max-snippet:-1","max-image-preview":"max-image-preview:large","max-video-preview":"max-video-preview:-1"},"canonical":"https:\/\/sagrinex.com\/produit\/batterie-lithium-25ah-pour-outils-de-jardin-electrique-a-batterie-texas-40v\/","og_locale":"de_DE","og_type":"article","og_title":"Lithium-Akku 2,5 Ah f\u00fcr Texas 40V Akku-Gartenger\u00e4te","og_description":"40 Volt Lithium-Akku 2,5 Amperestunden f\u00fcr Texas 40 Volt Akku-Gartenger\u00e4te.  Ideal als Haupt- oder Ersatzakku f\u00fcr die Rasenm\u00e4her Razor 4200Li oder 4220TR-Li, die Heckenscheren HTX4000, Hochentaster CSX4000 sowie Rasentrimmer und Freischneider GTX4000.  Akkuzellen von Samsung.  Ladestandsanzeige am Akku. 2 Jahre Garantie.","og_url":"https:\/\/sagrinex.com\/produit\/batterie-lithium-25ah-pour-outils-de-jardin-electrique-a-batterie-texas-40v\/","og_site_name":"Sagrinex \u2013 Anhaenger, Container &amp; Landtechnik \ud83c\udf3e\ud83d\ude9c","article_modified_time":"2026-04-15T21:12:01+00:00","og_image":[{"width":1200,"height":1372,"url":"https:\/\/sagrinex.com\/wp-content\/uploads\/2026\/03\/batterie-lithium-25ah-pour-outils-de-jardin-electrique-a-batterie-texas-40v.jpg","type":"image\/jpeg"}],"twitter_card":"summary_large_image","schema":{"@context":"https:\/\/schema.org","@graph":[{"@type":"WebPage","@id":"https:\/\/sagrinex.com\/produit\/batterie-lithium-25ah-pour-outils-de-jardin-electrique-a-batterie-texas-40v\/","url":"https:\/\/sagrinex.com\/produit\/batterie-lithium-25ah-pour-outils-de-jardin-electrique-a-batterie-texas-40v\/","name":"Lithium-Akku 2,5 Ah f\u00fcr Texas 40V Akku-Gartenger\u00e4te","isPartOf":{"@id":"https:\/\/sagrinex.com\/#website"},"primaryImageOfPage":{"@id":"https:\/\/sagrinex.com\/produit\/batterie-lithium-25ah-pour-outils-de-jardin-electrique-a-batterie-texas-40v\/#primaryimage"},"image":{"@id":"https:\/\/sagrinex.com\/produit\/batterie-lithium-25ah-pour-outils-de-jardin-electrique-a-batterie-texas-40v\/#primaryimage"},"thumbnailUrl":"https:\/\/sagrinex.com\/wp-content\/uploads\/2026\/03\/batterie-lithium-25ah-pour-outils-de-jardin-electrique-a-batterie-texas-40v.jpg","datePublished":"2026-03-10T08:31:20+00:00","dateModified":"2026-04-15T21:12:01+00:00","breadcrumb":{"@id":"https:\/\/sagrinex.com\/produit\/batterie-lithium-25ah-pour-outils-de-jardin-electrique-a-batterie-texas-40v\/#breadcrumb"},"inLanguage":"de","potentialAction":[{"@type":"ReadAction","target":["https:\/\/sagrinex.com\/produit\/batterie-lithium-25ah-pour-outils-de-jardin-electrique-a-batterie-texas-40v\/"]}]},{"@type":"ImageObject","inLanguage":"de","@id":"https:\/\/sagrinex.com\/produit\/batterie-lithium-25ah-pour-outils-de-jardin-electrique-a-batterie-texas-40v\/#primaryimage","url":"https:\/\/sagrinex.com\/wp-content\/uploads\/2026\/03\/batterie-lithium-25ah-pour-outils-de-jardin-electrique-a-batterie-texas-40v.jpg","contentUrl":"https:\/\/sagrinex.com\/wp-content\/uploads\/2026\/03\/batterie-lithium-25ah-pour-outils-de-jardin-electrique-a-batterie-texas-40v.jpg","width":1200,"height":1372},{"@type":"BreadcrumbList","@id":"https:\/\/sagrinex.com\/produit\/batterie-lithium-25ah-pour-outils-de-jardin-electrique-a-batterie-texas-40v\/#breadcrumb","itemListElement":[{"@type":"ListItem","position":1,"name":"Accueil","item":"https:\/\/sagrinex.com\/?lang=de"},{"@type":"ListItem","position":2,"name":"Shop","item":"https:\/\/sagrinex.com\/shop\/"},{"@type":"ListItem","position":3,"name":"Lithium-akku 2,5 Ah f\u00fcr Texas 40V Akku-gartenger\u00e4te"}]},{"@type":"WebSite","@id":"https:\/\/sagrinex.com\/#website","url":"https:\/\/sagrinex.com\/","name":"Sagrinex \u2013 Spezialist f\u00fcr Anh\u00e4nger, Container & Landtechnik","description":"Anhaenger, Container &amp; Landtechnik \u2014 Online-Verkauf &amp; kostenloses Angebot","publisher":{"@id":"https:\/\/sagrinex.com\/#organization"},"potentialAction":[{"@type":"SearchAction","target":{"@type":"EntryPoint","urlTemplate":"https:\/\/sagrinex.com\/?s={search_term_string}"},"query-input":{"@type":"PropertyValueSpecification","valueRequired":true,"valueName":"search_term_string"}}],"inLanguage":"de"},{"@type":"Organization","@id":"https:\/\/sagrinex.com\/#organization","name":"Sagrinex \u2013 Remorques, Conteneurs & Mat\u00e9riel Agricole","url":"https:\/\/sagrinex.com\/","logo":{"@type":"ImageObject","inLanguage":"de","@id":"https:\/\/sagrinex.com\/#\/schema\/logo\/image\/","url":"https:\/\/sagrinex.com\/wp-content\/uploads\/2026\/03\/7f1ac463-ef5a-425d-bdd6-a5da03a334a9-1024x683.png","contentUrl":"https:\/\/sagrinex.com\/wp-content\/uploads\/2026\/03\/7f1ac463-ef5a-425d-bdd6-a5da03a334a9-1024x683.png","width":1024,"height":683,"caption":"Sagrinex \u2013 Remorques, Conteneurs & Mat\u00e9riel Agricole"},"image":{"@id":"https:\/\/sagrinex.com\/#\/schema\/logo\/image\/"}}]}},"jetpack_sharing_enabled":true,"_links":{"self":[{"href":"https:\/\/sagrinex.com\/de\/wp-json\/wp\/v2\/product\/13092","targetHints":{"allow":["GET"]}}],"collection":[{"href":"https:\/\/sagrinex.com\/de\/wp-json\/wp\/v2\/product"}],"about":[{"href":"https:\/\/sagrinex.com\/de\/wp-json\/wp\/v2\/types\/product"}],"replies":[{"embeddable":true,"href":"https:\/\/sagrinex.com\/de\/wp-json\/wp\/v2\/comments?post=13092"}],"version-history":[{"count":0,"href":"https:\/\/sagrinex.com\/de\/wp-json\/wp\/v2\/product\/13092\/revisions"}],"wp:featuredmedia":[{"embeddable":true,"href":"https:\/\/sagrinex.com\/de\/wp-json\/wp\/v2\/media\/13093"}],"wp:attachment":[{"href":"https:\/\/sagrinex.com\/de\/wp-json\/wp\/v2\/media?parent=13092"}],"wp:term":[{"taxonomy":"product_brand","embeddable":true,"href":"https:\/\/sagrinex.com\/de\/wp-json\/wp\/v2\/product_brand?post=13092"},{"taxonomy":"product_cat","embeddable":true,"href":"https:\/\/sagrinex.com\/de\/wp-json\/wp\/v2\/product_cat?post=13092"},{"taxonomy":"product_tag","embeddable":true,"href":"https:\/\/sagrinex.com\/de\/wp-json\/wp\/v2\/product_tag?post=13092"}],"curies":[{"name":"wp","href":"https:\/\/api.w.org\/{rel}","templated":true}]}}