{"id":13102,"date":"2026-03-09T23:29:22","date_gmt":"2026-03-09T23:29:22","guid":{"rendered":"https:\/\/sagrinex.com\/produit\/autonomer-elektro-maehroboter-20-v-5-ah-akku-schnittbreite-22-cm-bis-zu-2-000-m%c2%b2-app\/"},"modified":"2026-04-15T21:12:01","modified_gmt":"2026-04-15T21:12:01","slug":"autonomer-elektro-maehroboter-20-v-5-ah-akku-schnittbreite-22-cm-bis-zu-2-000-m%c2%b2-app","status":"publish","type":"product","link":"https:\/\/sagrinex.com\/de\/produit\/autonomer-elektro-maehroboter-20-v-5-ah-akku-schnittbreite-22-cm-bis-zu-2-000-m%c2%b2-app\/","title":{"rendered":"Autonomer Elektro-m\u00e4hroboter \u2013 20 V \/ 5 Ah Akku, Schnittbreite 22 Cm, bis zu 2.000 M\u00b2, App"},"content":{"rendered":"<p>Der M\u00e4hroboter RMX2000 mit Ladestation ist ein umfassend getestetes und bew\u00e4hrtes Ger\u00e4t. Die RMX-Serie repr\u00e4sentiert eine v\u00f6llig neue Generation von M\u00e4hrobotern aus dem Hause TEXAS. Sie sind zuverl\u00e4ssig und einfach zu bedienen. <\/p>\n<p>Der RMX2000 wird f\u00fcr Rasenfl\u00e4chen bis zu 2.000 m\u00b2 empfohlen und bew\u00e4ltigt Steigungen von bis zu 20 Grad (36 %).<br \/>\nEr passiert Engstellen ab 80 cm Breite. Dank der integrierten Multizonen-Funktion k\u00f6nnen Sie bis zu 4 verschiedene Startpunkte festlegen. So stellt der M\u00e4hroboter sicher, dass sowohl vor als auch hinter dem Haus sowie in schmalen Bereichen gem\u00e4ht wird.<\/p>\n<p>Leise, wartungsfreundlich und mit der TEXAS-App steuerbar: Passen Sie den M\u00e4hplan ganz einfach an Ihre Bed\u00fcrfnisse an \u2013 bis auf die Minute genau.<\/p>\n<p>Der M\u00e4hroboter nutzt die Mulchfunktion mit drei rotierenden Messern (auch Schwingmesser genannt), die mit 2.800 Umdrehungen pro Minute drehen.<br \/>\nJede Klinge ist rasiermesserscharf und sorgt f\u00fcr einen sauberen Schnitt, ohne das Gras auszufransen oder welken zu lassen. Die Klingen sind so konstruiert, dass sie bei Kollisionen mit kleinen Steinen oder anderen Objekten wegklappen, um Sch\u00e4den zu vermeiden und ein effizientes M\u00e4hen zu gew\u00e4hrleisten. <\/p>\n<p>Der Roboter ist mit mehreren Sensoren ausgestattet, die das M\u00e4hen erleichtern und die Sicherheit des Ger\u00e4ts garantieren. Der Hebesensor stoppt die Messer, wenn der Roboter w\u00e4hrend des Betriebs angehoben wird, um Verletzungen zu vermeiden.<br \/>\nDer Hindernissensor erkennt Kollisionen mit Objekten ab einer H\u00f6he von 10 cm, wie etwa Gartenm\u00f6beln. Dies veranlasst den M\u00e4hroboter zum Anhalten, Wenden und zur Suche nach einer neuen Richtung. Der Neigungssensor erkennt, wenn der Roboter auf einen Bereich mit mehr als 20 Grad Gef\u00e4lle zusteuert, und stoppt ihn, um ein Umkippen zu verhindern.   <\/p>\n<p>Der Kippsensor meldet, wenn der M\u00e4hroboter umgefallen oder umgekippt ist. Dies kann bei zu feuchten oder steilen H\u00e4ngen oder aus anderen Gr\u00fcnden passieren. Informationen dazu finden Sie im App-Protokoll. Der Regensensor erkennt Niederschlag, woraufhin der M\u00e4hroboter den M\u00e4hvorgang unterbricht, zur Station zur\u00fcckkehrt und einige Stunden wartet, bevor er bei trockenem Wetter die Arbeit wieder aufnimmt.   <\/p>\n<p>Auf dem integrierten Display des M\u00e4hroboters k\u00f6nnen Sie Informationen wie die WLAN- oder Bluetooth-Verbindung einsehen. Zudem lassen sich \u00fcber das Display Teile des M\u00e4hplans anpassen und der PIN-Code des Roboters \u00e4ndern. <\/p>\n<p>\u00dcber den Drehknopf zur H\u00f6henverstellung an der R\u00fcckseite des M\u00e4hroboters k\u00f6nnen Sie die gew\u00fcnschte Schnitth\u00f6he einstellen. Es gibt neun verschiedene Stufen von 20 mm bis 60 mm, je nach gew\u00fcnschter Rasenl\u00e4nge. <\/p>\n<p>Dank des extrem leisen Betriebs werden Sie ihn oft gar nicht bemerken. Wir garantieren, dass der M\u00e4hroboter niemals mehr als 52 dB erzeugt, was der Lautst\u00e4rke eines normalen Gespr\u00e4chs entspricht. <\/p>\n","protected":false},"excerpt":{"rendered":"<ul>\n<li>Autonomer Elektro-M\u00e4hroboter TEXAS RMX2000 f\u00fcr Fl\u00e4chen<strong> bis zu 2.000 m\u00b2<\/strong>, bietet Zuverl\u00e4ssigkeit und Benutzerfreundlichkeit, selbst auf <strong>Steigungen bis zu 20 %.<\/strong><\/li>\n<li><strong>22 cm Schnittbreite, 9-stufige H\u00f6henverstellung<\/strong> und eine Laufzeit von <strong>120 bis 180 Minuten<\/strong>.<\/li>\n<li>Lieferung inklusive <strong>20 V \/ 5,0 Ah Lithium-Ionen-Akku,<\/strong> 250 m Kabel, 320 Haken, 2 Ersatzklingens\u00e4tzen und Ladestation.<\/li>\n<li><strong>Mobile App<\/strong> zur Zeitplanung des M\u00e4hroboters mit <strong>WLAN- und Bluetooth-Funktion<\/strong> f\u00fcr Software-Updates.<\/li>\n<li>Integrierte Sensoren garantieren <strong>sicheres M\u00e4hen<\/strong> und erkennen Anheben, Kollisionen, Umkippen sowie Regen.<\/li>\n<li><strong>2 Jahre Garantie.<\/strong><\/li>\n<\/ul>\n","protected":false},"featured_media":13103,"comment_status":"open","ping_status":"closed","template":"","meta":[],"product_brand":[],"product_cat":[321,320],"product_tag":[],"class_list":{"0":"post-13102","1":"product","2":"type-product","3":"status-publish","4":"has-post-thumbnail","6":"product_cat-mahroboter","7":"product_cat-unsere-rasenmaher","9":"first","10":"instock","11":"sale","12":"shipping-taxable","13":"purchasable","14":"product-type-simple"},"yoast_head":"<!-- This site is optimized with the Yoast SEO plugin v27.4 - https:\/\/yoast.com\/product\/yoast-seo-wordpress\/ -->\n<title>Autonomer Elektro-M\u00e4hroboter \u2013 20 V \/ 5 Ah Akku, Schnittbreite 22 cm, bis zu 2.000 m\u00b2, App<\/title>\n<meta name=\"description\" content=\"Der autonome Elektro-M\u00e4hroboter TEXAS RMX2000 wurde f\u00fcr Fl\u00e4chen bis zu 2.000 m\u00b2 entwickelt und bietet Zuverl\u00e4ssigkeit sowie Benutzerfreundlichkeit, selbst bei Steigungen von bis zu 20 %. Schnittbreite 22 cm, 9-stufige H\u00f6henverstellung, Laufzeit 120 bis 180 Minuten. Lieferung inklusive 20 V \/ 5,0 Ah Lithium-Ionen-Akku, 250 m Begrenzungskabel, 320 Haken, 2 Ersatzklingens\u00e4tzen und Ladestation. Mobile App zur Zeitplanung mit WLAN- und Bluetooth-Funktion f\u00fcr Software-Updates. Integrierte Sensoren gew\u00e4hrleisten sicheres M\u00e4hen und erkennen Anheben, Kollisionen, Umkippen sowie Regen. 2 Jahre Garantie.\" \/>\n<meta name=\"robots\" content=\"index, follow, max-snippet:-1, max-image-preview:large, max-video-preview:-1\" \/>\n<link rel=\"canonical\" href=\"https:\/\/sagrinex.com\/produit\/robot-tondeuse-electrique-autonome-batterie-20v-5-ah-largeur-de-coupe-22-cm-jusqua-2000-m2-de-pelouse-application\/\" \/>\n<meta property=\"og:locale\" content=\"de_DE\" \/>\n<meta property=\"og:type\" content=\"article\" \/>\n<meta property=\"og:title\" content=\"Autonomer Elektro-M\u00e4hroboter \u2013 20 V \/ 5 Ah Akku, Schnittbreite 22 cm, bis zu 2.000 m\u00b2, App\" \/>\n<meta property=\"og:description\" content=\"Der autonome Elektro-M\u00e4hroboter TEXAS RMX2000 wurde f\u00fcr Fl\u00e4chen bis zu 2.000 m\u00b2 entwickelt und bietet Zuverl\u00e4ssigkeit sowie Benutzerfreundlichkeit, selbst bei Steigungen von bis zu 20 %. Schnittbreite 22 cm, 9-stufige H\u00f6henverstellung, Laufzeit 120 bis 180 Minuten. Lieferung inklusive 20 V \/ 5,0 Ah Lithium-Ionen-Akku, 250 m Begrenzungskabel, 320 Haken, 2 Ersatzklingens\u00e4tzen und Ladestation. Mobile App zur Zeitplanung mit WLAN- und Bluetooth-Funktion f\u00fcr Software-Updates. Integrierte Sensoren gew\u00e4hrleisten sicheres M\u00e4hen und erkennen Anheben, Kollisionen, Umkippen sowie Regen. 2 Jahre Garantie.\" \/>\n<meta property=\"og:url\" content=\"https:\/\/sagrinex.com\/produit\/robot-tondeuse-electrique-autonome-batterie-20v-5-ah-largeur-de-coupe-22-cm-jusqua-2000-m2-de-pelouse-application\/\" \/>\n<meta property=\"og:site_name\" content=\"Sagrinex \u2013 Anhaenger, Container &amp; Landtechnik \ud83c\udf3e\ud83d\ude9c\" \/>\n<meta property=\"article:modified_time\" content=\"2026-04-15T21:12:01+00:00\" \/>\n<meta property=\"og:image\" content=\"https:\/\/sagrinex.com\/wp-content\/uploads\/2026\/03\/robot-tondeuse-electrique-autonome-batterie-20v-5-ah-largeur-de-coupe-22-cm-jusqu-a-2000-m2-de-pelouse-application.jpg\" \/>\n\t<meta property=\"og:image:width\" content=\"1200\" \/>\n\t<meta property=\"og:image:height\" content=\"1372\" \/>\n\t<meta property=\"og:image:type\" content=\"image\/jpeg\" \/>\n<meta name=\"twitter:card\" content=\"summary_large_image\" \/>\n<meta name=\"twitter:label1\" content=\"Gesch\u00e4tzte Lesezeit\" \/>\n\t<meta name=\"twitter:data1\" content=\"2\u00a0Minuten\" \/>\n<script type=\"application\/ld+json\" class=\"yoast-schema-graph\">{\"@context\":\"https:\\\/\\\/schema.org\",\"@graph\":[{\"@type\":\"WebPage\",\"@id\":\"https:\\\/\\\/sagrinex.com\\\/produit\\\/robot-tondeuse-electrique-autonome-batterie-20v-5-ah-largeur-de-coupe-22-cm-jusqua-2000-m2-de-pelouse-application\\\/\",\"url\":\"https:\\\/\\\/sagrinex.com\\\/produit\\\/robot-tondeuse-electrique-autonome-batterie-20v-5-ah-largeur-de-coupe-22-cm-jusqua-2000-m2-de-pelouse-application\\\/\",\"name\":\"Autonomer Elektro-M\u00e4hroboter \u2013 20 V \\\/ 5 Ah Akku, Schnittbreite 22 cm, bis zu 2.000 m\u00b2, App\",\"isPartOf\":{\"@id\":\"https:\\\/\\\/sagrinex.com\\\/#website\"},\"primaryImageOfPage\":{\"@id\":\"https:\\\/\\\/sagrinex.com\\\/produit\\\/robot-tondeuse-electrique-autonome-batterie-20v-5-ah-largeur-de-coupe-22-cm-jusqua-2000-m2-de-pelouse-application\\\/#primaryimage\"},\"image\":{\"@id\":\"https:\\\/\\\/sagrinex.com\\\/produit\\\/robot-tondeuse-electrique-autonome-batterie-20v-5-ah-largeur-de-coupe-22-cm-jusqua-2000-m2-de-pelouse-application\\\/#primaryimage\"},\"thumbnailUrl\":\"https:\\\/\\\/sagrinex.com\\\/wp-content\\\/uploads\\\/2026\\\/03\\\/robot-tondeuse-electrique-autonome-batterie-20v-5-ah-largeur-de-coupe-22-cm-jusqu-a-2000-m2-de-pelouse-application.jpg\",\"datePublished\":\"2026-03-09T23:29:22+00:00\",\"dateModified\":\"2026-04-15T21:12:01+00:00\",\"description\":\"Der autonome Elektro-M\u00e4hroboter TEXAS RMX2000 wurde f\u00fcr Fl\u00e4chen bis zu 2.000 m\u00b2 entwickelt und bietet Zuverl\u00e4ssigkeit sowie Benutzerfreundlichkeit, selbst bei Steigungen von bis zu 20 %. Schnittbreite 22 cm, 9-stufige H\u00f6henverstellung, Laufzeit 120 bis 180 Minuten. Lieferung inklusive 20 V \\\/ 5,0 Ah Lithium-Ionen-Akku, 250 m Begrenzungskabel, 320 Haken, 2 Ersatzklingens\u00e4tzen und Ladestation. Mobile App zur Zeitplanung mit WLAN- und Bluetooth-Funktion f\u00fcr Software-Updates. Integrierte Sensoren gew\u00e4hrleisten sicheres M\u00e4hen und erkennen Anheben, Kollisionen, Umkippen sowie Regen. 2 Jahre Garantie.\",\"breadcrumb\":{\"@id\":\"https:\\\/\\\/sagrinex.com\\\/produit\\\/robot-tondeuse-electrique-autonome-batterie-20v-5-ah-largeur-de-coupe-22-cm-jusqua-2000-m2-de-pelouse-application\\\/#breadcrumb\"},\"inLanguage\":\"de\",\"potentialAction\":[{\"@type\":\"ReadAction\",\"target\":[\"https:\\\/\\\/sagrinex.com\\\/produit\\\/robot-tondeuse-electrique-autonome-batterie-20v-5-ah-largeur-de-coupe-22-cm-jusqua-2000-m2-de-pelouse-application\\\/\"]}]},{\"@type\":\"ImageObject\",\"inLanguage\":\"de\",\"@id\":\"https:\\\/\\\/sagrinex.com\\\/produit\\\/robot-tondeuse-electrique-autonome-batterie-20v-5-ah-largeur-de-coupe-22-cm-jusqua-2000-m2-de-pelouse-application\\\/#primaryimage\",\"url\":\"https:\\\/\\\/sagrinex.com\\\/wp-content\\\/uploads\\\/2026\\\/03\\\/robot-tondeuse-electrique-autonome-batterie-20v-5-ah-largeur-de-coupe-22-cm-jusqu-a-2000-m2-de-pelouse-application.jpg\",\"contentUrl\":\"https:\\\/\\\/sagrinex.com\\\/wp-content\\\/uploads\\\/2026\\\/03\\\/robot-tondeuse-electrique-autonome-batterie-20v-5-ah-largeur-de-coupe-22-cm-jusqu-a-2000-m2-de-pelouse-application.jpg\",\"width\":1200,\"height\":1372},{\"@type\":\"BreadcrumbList\",\"@id\":\"https:\\\/\\\/sagrinex.com\\\/produit\\\/robot-tondeuse-electrique-autonome-batterie-20v-5-ah-largeur-de-coupe-22-cm-jusqua-2000-m2-de-pelouse-application\\\/#breadcrumb\",\"itemListElement\":[{\"@type\":\"ListItem\",\"position\":1,\"name\":\"Accueil\",\"item\":\"https:\\\/\\\/sagrinex.com\\\/?lang=de\"},{\"@type\":\"ListItem\",\"position\":2,\"name\":\"Shop\",\"item\":\"https:\\\/\\\/sagrinex.com\\\/shop\\\/\"},{\"@type\":\"ListItem\",\"position\":3,\"name\":\"Autonomer Elektro-m\u00e4hroboter \u2013 20 V \\\/ 5 Ah Akku, Schnittbreite 22 Cm, bis zu 2.000 M\u00b2, App\"}]},{\"@type\":\"WebSite\",\"@id\":\"https:\\\/\\\/sagrinex.com\\\/#website\",\"url\":\"https:\\\/\\\/sagrinex.com\\\/\",\"name\":\"Sagrinex \u2013 Spezialist f\u00fcr Anh\u00e4nger, Container & Landtechnik\",\"description\":\"Anhaenger, Container &amp; Landtechnik \u2014 Online-Verkauf &amp; kostenloses Angebot\",\"publisher\":{\"@id\":\"https:\\\/\\\/sagrinex.com\\\/#organization\"},\"potentialAction\":[{\"@type\":\"SearchAction\",\"target\":{\"@type\":\"EntryPoint\",\"urlTemplate\":\"https:\\\/\\\/sagrinex.com\\\/?s={search_term_string}\"},\"query-input\":{\"@type\":\"PropertyValueSpecification\",\"valueRequired\":true,\"valueName\":\"search_term_string\"}}],\"inLanguage\":\"de\"},{\"@type\":\"Organization\",\"@id\":\"https:\\\/\\\/sagrinex.com\\\/#organization\",\"name\":\"Sagrinex \u2013 Remorques, Conteneurs & Mat\u00e9riel Agricole\",\"url\":\"https:\\\/\\\/sagrinex.com\\\/\",\"logo\":{\"@type\":\"ImageObject\",\"inLanguage\":\"de\",\"@id\":\"https:\\\/\\\/sagrinex.com\\\/#\\\/schema\\\/logo\\\/image\\\/\",\"url\":\"https:\\\/\\\/sagrinex.com\\\/wp-content\\\/uploads\\\/2026\\\/03\\\/7f1ac463-ef5a-425d-bdd6-a5da03a334a9-1024x683.png\",\"contentUrl\":\"https:\\\/\\\/sagrinex.com\\\/wp-content\\\/uploads\\\/2026\\\/03\\\/7f1ac463-ef5a-425d-bdd6-a5da03a334a9-1024x683.png\",\"width\":1024,\"height\":683,\"caption\":\"Sagrinex \u2013 Remorques, Conteneurs & Mat\u00e9riel Agricole\"},\"image\":{\"@id\":\"https:\\\/\\\/sagrinex.com\\\/#\\\/schema\\\/logo\\\/image\\\/\"}}]}<\/script>\n<!-- \/ Yoast SEO plugin. -->","yoast_head_json":{"title":"Autonomer Elektro-M\u00e4hroboter \u2013 20 V \/ 5 Ah Akku, Schnittbreite 22 cm, bis zu 2.000 m\u00b2, App","description":"Der autonome Elektro-M\u00e4hroboter TEXAS RMX2000 wurde f\u00fcr Fl\u00e4chen bis zu 2.000 m\u00b2 entwickelt und bietet Zuverl\u00e4ssigkeit sowie Benutzerfreundlichkeit, selbst bei Steigungen von bis zu 20 %. Schnittbreite 22 cm, 9-stufige H\u00f6henverstellung, Laufzeit 120 bis 180 Minuten. Lieferung inklusive 20 V \/ 5,0 Ah Lithium-Ionen-Akku, 250 m Begrenzungskabel, 320 Haken, 2 Ersatzklingens\u00e4tzen und Ladestation. Mobile App zur Zeitplanung mit WLAN- und Bluetooth-Funktion f\u00fcr Software-Updates. Integrierte Sensoren gew\u00e4hrleisten sicheres M\u00e4hen und erkennen Anheben, Kollisionen, Umkippen sowie Regen. 2 Jahre Garantie.","robots":{"index":"index","follow":"follow","max-snippet":"max-snippet:-1","max-image-preview":"max-image-preview:large","max-video-preview":"max-video-preview:-1"},"canonical":"https:\/\/sagrinex.com\/produit\/robot-tondeuse-electrique-autonome-batterie-20v-5-ah-largeur-de-coupe-22-cm-jusqua-2000-m2-de-pelouse-application\/","og_locale":"de_DE","og_type":"article","og_title":"Autonomer Elektro-M\u00e4hroboter \u2013 20 V \/ 5 Ah Akku, Schnittbreite 22 cm, bis zu 2.000 m\u00b2, App","og_description":"Der autonome Elektro-M\u00e4hroboter TEXAS RMX2000 wurde f\u00fcr Fl\u00e4chen bis zu 2.000 m\u00b2 entwickelt und bietet Zuverl\u00e4ssigkeit sowie Benutzerfreundlichkeit, selbst bei Steigungen von bis zu 20 %. Schnittbreite 22 cm, 9-stufige H\u00f6henverstellung, Laufzeit 120 bis 180 Minuten. Lieferung inklusive 20 V \/ 5,0 Ah Lithium-Ionen-Akku, 250 m Begrenzungskabel, 320 Haken, 2 Ersatzklingens\u00e4tzen und Ladestation. Mobile App zur Zeitplanung mit WLAN- und Bluetooth-Funktion f\u00fcr Software-Updates. Integrierte Sensoren gew\u00e4hrleisten sicheres M\u00e4hen und erkennen Anheben, Kollisionen, Umkippen sowie Regen. 2 Jahre Garantie.","og_url":"https:\/\/sagrinex.com\/produit\/robot-tondeuse-electrique-autonome-batterie-20v-5-ah-largeur-de-coupe-22-cm-jusqua-2000-m2-de-pelouse-application\/","og_site_name":"Sagrinex \u2013 Anhaenger, Container &amp; Landtechnik \ud83c\udf3e\ud83d\ude9c","article_modified_time":"2026-04-15T21:12:01+00:00","og_image":[{"width":1200,"height":1372,"url":"https:\/\/sagrinex.com\/wp-content\/uploads\/2026\/03\/robot-tondeuse-electrique-autonome-batterie-20v-5-ah-largeur-de-coupe-22-cm-jusqu-a-2000-m2-de-pelouse-application.jpg","type":"image\/jpeg"}],"twitter_card":"summary_large_image","twitter_misc":{"Gesch\u00e4tzte Lesezeit":"2\u00a0Minuten"},"schema":{"@context":"https:\/\/schema.org","@graph":[{"@type":"WebPage","@id":"https:\/\/sagrinex.com\/produit\/robot-tondeuse-electrique-autonome-batterie-20v-5-ah-largeur-de-coupe-22-cm-jusqua-2000-m2-de-pelouse-application\/","url":"https:\/\/sagrinex.com\/produit\/robot-tondeuse-electrique-autonome-batterie-20v-5-ah-largeur-de-coupe-22-cm-jusqua-2000-m2-de-pelouse-application\/","name":"Autonomer Elektro-M\u00e4hroboter \u2013 20 V \/ 5 Ah Akku, Schnittbreite 22 cm, bis zu 2.000 m\u00b2, App","isPartOf":{"@id":"https:\/\/sagrinex.com\/#website"},"primaryImageOfPage":{"@id":"https:\/\/sagrinex.com\/produit\/robot-tondeuse-electrique-autonome-batterie-20v-5-ah-largeur-de-coupe-22-cm-jusqua-2000-m2-de-pelouse-application\/#primaryimage"},"image":{"@id":"https:\/\/sagrinex.com\/produit\/robot-tondeuse-electrique-autonome-batterie-20v-5-ah-largeur-de-coupe-22-cm-jusqua-2000-m2-de-pelouse-application\/#primaryimage"},"thumbnailUrl":"https:\/\/sagrinex.com\/wp-content\/uploads\/2026\/03\/robot-tondeuse-electrique-autonome-batterie-20v-5-ah-largeur-de-coupe-22-cm-jusqu-a-2000-m2-de-pelouse-application.jpg","datePublished":"2026-03-09T23:29:22+00:00","dateModified":"2026-04-15T21:12:01+00:00","description":"Der autonome Elektro-M\u00e4hroboter TEXAS RMX2000 wurde f\u00fcr Fl\u00e4chen bis zu 2.000 m\u00b2 entwickelt und bietet Zuverl\u00e4ssigkeit sowie Benutzerfreundlichkeit, selbst bei Steigungen von bis zu 20 %. Schnittbreite 22 cm, 9-stufige H\u00f6henverstellung, Laufzeit 120 bis 180 Minuten. Lieferung inklusive 20 V \/ 5,0 Ah Lithium-Ionen-Akku, 250 m Begrenzungskabel, 320 Haken, 2 Ersatzklingens\u00e4tzen und Ladestation. Mobile App zur Zeitplanung mit WLAN- und Bluetooth-Funktion f\u00fcr Software-Updates. Integrierte Sensoren gew\u00e4hrleisten sicheres M\u00e4hen und erkennen Anheben, Kollisionen, Umkippen sowie Regen. 2 Jahre Garantie.","breadcrumb":{"@id":"https:\/\/sagrinex.com\/produit\/robot-tondeuse-electrique-autonome-batterie-20v-5-ah-largeur-de-coupe-22-cm-jusqua-2000-m2-de-pelouse-application\/#breadcrumb"},"inLanguage":"de","potentialAction":[{"@type":"ReadAction","target":["https:\/\/sagrinex.com\/produit\/robot-tondeuse-electrique-autonome-batterie-20v-5-ah-largeur-de-coupe-22-cm-jusqua-2000-m2-de-pelouse-application\/"]}]},{"@type":"ImageObject","inLanguage":"de","@id":"https:\/\/sagrinex.com\/produit\/robot-tondeuse-electrique-autonome-batterie-20v-5-ah-largeur-de-coupe-22-cm-jusqua-2000-m2-de-pelouse-application\/#primaryimage","url":"https:\/\/sagrinex.com\/wp-content\/uploads\/2026\/03\/robot-tondeuse-electrique-autonome-batterie-20v-5-ah-largeur-de-coupe-22-cm-jusqu-a-2000-m2-de-pelouse-application.jpg","contentUrl":"https:\/\/sagrinex.com\/wp-content\/uploads\/2026\/03\/robot-tondeuse-electrique-autonome-batterie-20v-5-ah-largeur-de-coupe-22-cm-jusqu-a-2000-m2-de-pelouse-application.jpg","width":1200,"height":1372},{"@type":"BreadcrumbList","@id":"https:\/\/sagrinex.com\/produit\/robot-tondeuse-electrique-autonome-batterie-20v-5-ah-largeur-de-coupe-22-cm-jusqua-2000-m2-de-pelouse-application\/#breadcrumb","itemListElement":[{"@type":"ListItem","position":1,"name":"Accueil","item":"https:\/\/sagrinex.com\/?lang=de"},{"@type":"ListItem","position":2,"name":"Shop","item":"https:\/\/sagrinex.com\/shop\/"},{"@type":"ListItem","position":3,"name":"Autonomer Elektro-m\u00e4hroboter \u2013 20 V \/ 5 Ah Akku, Schnittbreite 22 Cm, bis zu 2.000 M\u00b2, App"}]},{"@type":"WebSite","@id":"https:\/\/sagrinex.com\/#website","url":"https:\/\/sagrinex.com\/","name":"Sagrinex \u2013 Spezialist f\u00fcr Anh\u00e4nger, Container & Landtechnik","description":"Anhaenger, Container &amp; Landtechnik \u2014 Online-Verkauf &amp; kostenloses Angebot","publisher":{"@id":"https:\/\/sagrinex.com\/#organization"},"potentialAction":[{"@type":"SearchAction","target":{"@type":"EntryPoint","urlTemplate":"https:\/\/sagrinex.com\/?s={search_term_string}"},"query-input":{"@type":"PropertyValueSpecification","valueRequired":true,"valueName":"search_term_string"}}],"inLanguage":"de"},{"@type":"Organization","@id":"https:\/\/sagrinex.com\/#organization","name":"Sagrinex \u2013 Remorques, Conteneurs & Mat\u00e9riel Agricole","url":"https:\/\/sagrinex.com\/","logo":{"@type":"ImageObject","inLanguage":"de","@id":"https:\/\/sagrinex.com\/#\/schema\/logo\/image\/","url":"https:\/\/sagrinex.com\/wp-content\/uploads\/2026\/03\/7f1ac463-ef5a-425d-bdd6-a5da03a334a9-1024x683.png","contentUrl":"https:\/\/sagrinex.com\/wp-content\/uploads\/2026\/03\/7f1ac463-ef5a-425d-bdd6-a5da03a334a9-1024x683.png","width":1024,"height":683,"caption":"Sagrinex \u2013 Remorques, Conteneurs & Mat\u00e9riel Agricole"},"image":{"@id":"https:\/\/sagrinex.com\/#\/schema\/logo\/image\/"}}]}},"jetpack_sharing_enabled":true,"_links":{"self":[{"href":"https:\/\/sagrinex.com\/de\/wp-json\/wp\/v2\/product\/13102","targetHints":{"allow":["GET"]}}],"collection":[{"href":"https:\/\/sagrinex.com\/de\/wp-json\/wp\/v2\/product"}],"about":[{"href":"https:\/\/sagrinex.com\/de\/wp-json\/wp\/v2\/types\/product"}],"replies":[{"embeddable":true,"href":"https:\/\/sagrinex.com\/de\/wp-json\/wp\/v2\/comments?post=13102"}],"version-history":[{"count":0,"href":"https:\/\/sagrinex.com\/de\/wp-json\/wp\/v2\/product\/13102\/revisions"}],"wp:featuredmedia":[{"embeddable":true,"href":"https:\/\/sagrinex.com\/de\/wp-json\/wp\/v2\/media\/13103"}],"wp:attachment":[{"href":"https:\/\/sagrinex.com\/de\/wp-json\/wp\/v2\/media?parent=13102"}],"wp:term":[{"taxonomy":"product_brand","embeddable":true,"href":"https:\/\/sagrinex.com\/de\/wp-json\/wp\/v2\/product_brand?post=13102"},{"taxonomy":"product_cat","embeddable":true,"href":"https:\/\/sagrinex.com\/de\/wp-json\/wp\/v2\/product_cat?post=13102"},{"taxonomy":"product_tag","embeddable":true,"href":"https:\/\/sagrinex.com\/de\/wp-json\/wp\/v2\/product_tag?post=13102"}],"curies":[{"name":"wp","href":"https:\/\/api.w.org\/{rel}","templated":true}]}}