{"id":13116,"date":"2026-03-10T10:51:27","date_gmt":"2026-03-10T10:51:27","guid":{"rendered":"https:\/\/sagrinex.com\/produit\/elektrorasenmaeher-schnittbreite-47-cm-ohne-akku-und-ladegeraet-ego-power-lm1910e-ego-power\/"},"modified":"2026-04-15T21:12:01","modified_gmt":"2026-04-15T21:12:01","slug":"elektrorasenmaeher-schnittbreite-47-cm-ohne-akku-und-ladegeraet-ego-power-lm1910e-ego-power","status":"publish","type":"product","link":"https:\/\/sagrinex.com\/de\/produit\/elektrorasenmaeher-schnittbreite-47-cm-ohne-akku-und-ladegeraet-ego-power-lm1910e-ego-power\/","title":{"rendered":"Elektrorasenm\u00e4her, Schnittbreite 47 Cm, Ohne Akku und Ladeger\u00e4t &#8211; Ego Power+ LM1910E Ego Power+"},"content":{"rendered":"<h3 data-end=\"474\" data-start=\"415\"><strong>Akku-Rasenm\u00e4her EGO POWER+ LM1910E \u2013 47 cm \u2013 Nur Ger\u00e4t<\/strong><\/h3>\n<p data-end=\"747\" data-start=\"476\">Der <strong data-end=\"501\" data-start=\"479\">EGO POWER+ LM1910E<\/strong> ist ein Akku-Rasenm\u00e4her, der f\u00fcr die regelm\u00e4\u00dfige Pflege von G\u00e4rten bis zu <strong data-end=\"593\" data-start=\"583\">800 m\u00b2<\/strong> konzipiert ist. Er eignet sich f\u00fcr flache, geneigte und unebene Fl\u00e4chen mit einer empfohlenen maximalen Steigung von <strong data-end=\"699\" data-start=\"691\">30 %<\/strong>. Dieses Modell wird ohne Akku und Ladeger\u00e4t geliefert.  <\/p>\n<h3 data-end=\"765\" data-start=\"749\"><strong data-end=\"765\" data-start=\"749\">Motorisierung<\/strong><\/h3>\n<p data-end=\"1034\" data-start=\"767\">Der Rasenm\u00e4her ist mit einem <strong data-end=\"841\" data-start=\"796\">b\u00fcrstenlosen Elektromotor<\/strong> ausgestattet, der mit <strong data-end=\"870\" data-start=\"858\">56 Volt<\/strong> arbeitet und eine optimierte Leistungsverwaltung sowie einen gleichm\u00e4\u00dfigen Betrieb beim M\u00e4hen von dichtem Rasen und Gras gew\u00e4hrleistet. Der Start erfolgt elektrisch und sofort. <\/p>\n<h3 data-end=\"1056\" data-start=\"1036\"><strong data-end=\"1056\" data-start=\"1036\">M\u00e4hsystem<\/strong><\/h3>\n<p data-end=\"1410\" data-start=\"1058\">Der LM1910E verf\u00fcgt \u00fcber eine <strong data-end=\"1112\" data-start=\"1083\">Schnittbreite von 47 cm<\/strong> mit <strong data-end=\"1128\" data-start=\"1118\">1 Messer<\/strong>. Er bietet <strong data-end=\"1177\" data-start=\"1143\">3 verschiedene Messergeschwindigkeiten<\/strong>, um die Rotation an die M\u00e4hbedingungen anzupassen.<br data-end=\"1251\" data-start=\"1248\">Die Schnitth\u00f6he ist von <strong data-end=\"1304\" data-start=\"1287\">20 mm bis 80 mm<\/strong> \u00fcber eine <strong data-end=\"1354\" data-start=\"1316\">zentrale 7-fache Verstellung<\/strong> einstellbar, was eine pr\u00e4zise Anpassung an die Gel\u00e4ndeanforderungen erm\u00f6glicht. <\/p>\n<p data-end=\"1594\" data-start=\"1412\">Er verf\u00fcgt \u00fcber einen <strong data-end=\"1449\" data-start=\"1429\">Heckauswurf<\/strong> sowie eine <strong data-end=\"1484\" data-start=\"1463\">Mulchfunktion<\/strong>. Der mitgelieferte Fangkorb hat ein <strong data-end=\"1551\" data-start=\"1526\">Fassungsverm\u00f6gen von 55 Litern<\/strong> und ist mit einer <strong data-end=\"1593\" data-start=\"1568\">F\u00fcllstandsanzeige<\/strong> ausgestattet. <\/p>\n<h3 data-end=\"1612\" data-start=\"1596\"><strong data-end=\"1612\" data-start=\"1596\">Antrieb<\/strong><\/h3>\n<p data-end=\"1748\" data-start=\"1614\">Der Rasenm\u00e4her ist mit einem Antriebssystem mit <strong data-end=\"1687\" data-start=\"1668\">1 Vorw\u00e4rtsgang<\/strong> ausgestattet, was das Vorankommen auf verschiedenen Gel\u00e4ndearten erleichtert.<\/p>\n<h3 data-end=\"1779\" data-start=\"1750\"><strong data-end=\"1779\" data-start=\"1750\">Konstruktion und Ergonomie<\/strong><\/h3>\n<p data-end=\"2080\" data-start=\"1781\">Das Geh\u00e4use besteht aus <strong data-end=\"1824\" data-start=\"1807\">Polypropylen<\/strong>, einem sto\u00df- und feuchtigkeitsbest\u00e4ndigen Material.<br data-end=\"1874\" data-start=\"1871\">Der <strong data-end=\"1913\" data-start=\"1877\">Lenker ist verstellbar und klappbar<\/strong>, was eine ergonomische Anpassung und eine vereinfachte Lagerung, insbesondere in vertikaler Position, erm\u00f6glicht.<br data-end=\"2013\" data-start=\"2010\">Der Ger\u00e4uschpegel betr\u00e4gt <strong data-end=\"2046\" data-start=\"2037\">80 dB<\/strong> und das Nettogewicht <strong data-end=\"2079\" data-start=\"2070\">23 kg<\/strong>.<\/p>\n<h3 data-end=\"2098\" data-start=\"2082\"><strong data-end=\"2098\" data-start=\"2082\">Stromversorgung<\/strong><\/h3>\n<p data-end=\"2194\" data-start=\"2100\">Der LM1910E wird mit EGO ARC Lithium\u2122 56 V <strong data-end=\"2178\" data-start=\"2141\">Lithium-Ionen-Akkus<\/strong> betrieben (nicht im Lieferumfang enthalten).<\/p>\n<h3 data-end=\"2208\" data-start=\"2196\"><strong data-end=\"2208\" data-start=\"2196\">Garantie<\/strong><\/h3>\n<p data-end=\"2333\" data-start=\"2210\">Der Rasenm\u00e4her hat eine <strong data-end=\"2272\" data-start=\"2238\">5-j\u00e4hrige Herstellergarantie<\/strong> f\u00fcr den Hausgebrauch, gem\u00e4\u00df den Herstellerbedingungen.<\/p>\n<p data-end=\"2484\" data-is-last-node=\"\" data-is-only-node=\"\" data-start=\"2335\">Bitte lesen Sie die Anleitung vor Gebrauch sorgf\u00e4ltig durch und \u00fcberpr\u00fcfen Sie vor jedem M\u00e4hen die Kompatibilit\u00e4t sowie den Ladezustand des Akkus.<\/p>\n","protected":false},"excerpt":{"rendered":"<ul>\n<li data-end=\"94\" data-start=\"27\"><strong data-end=\"94\" data-start=\"27\">Akku-Rasenm\u00e4her EGO POWER+ LM1910E \u2013 Schnittbreite 47 cm<\/strong><\/li>\n<li data-end=\"158\" data-start=\"97\">Kompatibel mit <strong data-end=\"143\" data-start=\"108\">EGO ARC Lithium\u2122 56 V Akkus<\/strong> (nicht im Lieferumfang enthalten)<\/li>\n<li data-end=\"195\" data-start=\"161\"><strong data-end=\"195\" data-start=\"161\">B\u00fcrstenloser Motor (Brushless)<\/strong><\/li>\n<li data-end=\"270\" data-start=\"198\"><strong data-end=\"270\" data-start=\"198\">Zentrale Schnitth\u00f6henverstellung (20 bis 80 mm \u2013 7 Positionen)<\/strong><\/li>\n<li data-end=\"314\" data-start=\"273\"><strong data-end=\"314\" data-start=\"273\">Mulchfunktion und Heckauswurf<\/strong><\/li>\n<li data-end=\"349\" data-start=\"317\"><strong data-end=\"349\" data-start=\"317\">55 L Fangkorb inklusive<\/strong><\/li>\n<li data-end=\"383\" data-start=\"352\"><strong data-end=\"383\" data-start=\"352\">5 Jahre Herstellergarantie<\/strong><\/li>\n<\/ul>\n","protected":false},"featured_media":13117,"comment_status":"open","ping_status":"closed","template":"","meta":[],"product_brand":[],"product_cat":[324,320],"product_tag":[],"class_list":{"0":"post-13116","1":"product","2":"type-product","3":"status-publish","4":"has-post-thumbnail","6":"product_cat-akku-rasenmaeher","7":"product_cat-unsere-rasenmaher","9":"first","10":"instock","11":"sale","12":"shipping-taxable","13":"purchasable","14":"product-type-simple"},"yoast_head":"<!-- This site is optimized with the Yoast SEO plugin v27.4 - https:\/\/yoast.com\/product\/yoast-seo-wordpress\/ -->\n<title>Elektrorasenm\u00e4her, Schnittbreite 47 cm, ohne Akku und Ladeger\u00e4t - Ego Power+ LM1910E EGO POWER+<\/title>\n<meta name=\"description\" content=\"Akku-Rasenm\u00e4her EGO POWER+ LM1910E \u2013 Schnittbreite 47 cm Kompatibel mit EGO ARC Lithium\u2122 56 V Akkus (nicht im Lieferumfang enthalten) B\u00fcrstenloser Motor (Brushless) Zentrale Schnitth\u00f6henverstellung (20 bis 80 mm \u2013 7 Positionen) Mulchfunktion und Heckauswurf 55 L Fangkorb inklusive 5 Jahre Herstellergarantie\" \/>\n<meta name=\"robots\" content=\"index, follow, max-snippet:-1, max-image-preview:large, max-video-preview:-1\" \/>\n<link rel=\"canonical\" href=\"https:\/\/sagrinex.com\/produit\/tondeuse-a-gazon-electrique-largeur-de-coupe-47cm-sans-batterie-ni-chargeur-ego-power-lm1910e-ego-power\/\" \/>\n<meta property=\"og:locale\" content=\"de_DE\" \/>\n<meta property=\"og:type\" content=\"article\" \/>\n<meta property=\"og:title\" content=\"Elektrorasenm\u00e4her, Schnittbreite 47 cm, ohne Akku und Ladeger\u00e4t - Ego Power+ LM1910E EGO POWER+\" \/>\n<meta property=\"og:description\" content=\"Akku-Rasenm\u00e4her EGO POWER+ LM1910E \u2013 Schnittbreite 47 cm Kompatibel mit EGO ARC Lithium\u2122 56 V Akkus (nicht im Lieferumfang enthalten) B\u00fcrstenloser Motor (Brushless) Zentrale Schnitth\u00f6henverstellung (20 bis 80 mm \u2013 7 Positionen) Mulchfunktion und Heckauswurf 55 L Fangkorb inklusive 5 Jahre Herstellergarantie\" \/>\n<meta property=\"og:url\" content=\"https:\/\/sagrinex.com\/produit\/tondeuse-a-gazon-electrique-largeur-de-coupe-47cm-sans-batterie-ni-chargeur-ego-power-lm1910e-ego-power\/\" \/>\n<meta property=\"og:site_name\" content=\"Sagrinex \u2013 Anhaenger, Container &amp; Landtechnik \ud83c\udf3e\ud83d\ude9c\" \/>\n<meta property=\"article:modified_time\" content=\"2026-04-15T21:12:01+00:00\" \/>\n<meta property=\"og:image\" content=\"https:\/\/sagrinex.com\/wp-content\/uploads\/2026\/03\/tondeuse-a-gazon-electrique-largeur-de-coupe-47cm-sans-batterie-ni-chargeur-ego-power-lm1910e.jpg\" \/>\n\t<meta property=\"og:image:width\" content=\"1200\" \/>\n\t<meta property=\"og:image:height\" content=\"1372\" \/>\n\t<meta property=\"og:image:type\" content=\"image\/jpeg\" \/>\n<meta name=\"twitter:card\" content=\"summary_large_image\" \/>\n<meta name=\"twitter:label1\" content=\"Gesch\u00e4tzte Lesezeit\" \/>\n\t<meta name=\"twitter:data1\" content=\"2\u00a0Minuten\" \/>\n<script type=\"application\/ld+json\" class=\"yoast-schema-graph\">{\"@context\":\"https:\\\/\\\/schema.org\",\"@graph\":[{\"@type\":\"WebPage\",\"@id\":\"https:\\\/\\\/sagrinex.com\\\/produit\\\/tondeuse-a-gazon-electrique-largeur-de-coupe-47cm-sans-batterie-ni-chargeur-ego-power-lm1910e-ego-power\\\/\",\"url\":\"https:\\\/\\\/sagrinex.com\\\/produit\\\/tondeuse-a-gazon-electrique-largeur-de-coupe-47cm-sans-batterie-ni-chargeur-ego-power-lm1910e-ego-power\\\/\",\"name\":\"Elektrorasenm\u00e4her, Schnittbreite 47 cm, ohne Akku und Ladeger\u00e4t - Ego Power+ LM1910E EGO POWER+\",\"isPartOf\":{\"@id\":\"https:\\\/\\\/sagrinex.com\\\/#website\"},\"primaryImageOfPage\":{\"@id\":\"https:\\\/\\\/sagrinex.com\\\/produit\\\/tondeuse-a-gazon-electrique-largeur-de-coupe-47cm-sans-batterie-ni-chargeur-ego-power-lm1910e-ego-power\\\/#primaryimage\"},\"image\":{\"@id\":\"https:\\\/\\\/sagrinex.com\\\/produit\\\/tondeuse-a-gazon-electrique-largeur-de-coupe-47cm-sans-batterie-ni-chargeur-ego-power-lm1910e-ego-power\\\/#primaryimage\"},\"thumbnailUrl\":\"https:\\\/\\\/sagrinex.com\\\/wp-content\\\/uploads\\\/2026\\\/03\\\/tondeuse-a-gazon-electrique-largeur-de-coupe-47cm-sans-batterie-ni-chargeur-ego-power-lm1910e.jpg\",\"datePublished\":\"2026-03-10T10:51:27+00:00\",\"dateModified\":\"2026-04-15T21:12:01+00:00\",\"description\":\"Akku-Rasenm\u00e4her EGO POWER+ LM1910E \u2013 Schnittbreite 47 cm Kompatibel mit EGO ARC Lithium\u2122 56 V Akkus (nicht im Lieferumfang enthalten) B\u00fcrstenloser Motor (Brushless) Zentrale Schnitth\u00f6henverstellung (20 bis 80 mm \u2013 7 Positionen) Mulchfunktion und Heckauswurf 55 L Fangkorb inklusive 5 Jahre Herstellergarantie\",\"breadcrumb\":{\"@id\":\"https:\\\/\\\/sagrinex.com\\\/produit\\\/tondeuse-a-gazon-electrique-largeur-de-coupe-47cm-sans-batterie-ni-chargeur-ego-power-lm1910e-ego-power\\\/#breadcrumb\"},\"inLanguage\":\"de\",\"potentialAction\":[{\"@type\":\"ReadAction\",\"target\":[\"https:\\\/\\\/sagrinex.com\\\/produit\\\/tondeuse-a-gazon-electrique-largeur-de-coupe-47cm-sans-batterie-ni-chargeur-ego-power-lm1910e-ego-power\\\/\"]}]},{\"@type\":\"ImageObject\",\"inLanguage\":\"de\",\"@id\":\"https:\\\/\\\/sagrinex.com\\\/produit\\\/tondeuse-a-gazon-electrique-largeur-de-coupe-47cm-sans-batterie-ni-chargeur-ego-power-lm1910e-ego-power\\\/#primaryimage\",\"url\":\"https:\\\/\\\/sagrinex.com\\\/wp-content\\\/uploads\\\/2026\\\/03\\\/tondeuse-a-gazon-electrique-largeur-de-coupe-47cm-sans-batterie-ni-chargeur-ego-power-lm1910e.jpg\",\"contentUrl\":\"https:\\\/\\\/sagrinex.com\\\/wp-content\\\/uploads\\\/2026\\\/03\\\/tondeuse-a-gazon-electrique-largeur-de-coupe-47cm-sans-batterie-ni-chargeur-ego-power-lm1910e.jpg\",\"width\":1200,\"height\":1372},{\"@type\":\"BreadcrumbList\",\"@id\":\"https:\\\/\\\/sagrinex.com\\\/produit\\\/tondeuse-a-gazon-electrique-largeur-de-coupe-47cm-sans-batterie-ni-chargeur-ego-power-lm1910e-ego-power\\\/#breadcrumb\",\"itemListElement\":[{\"@type\":\"ListItem\",\"position\":1,\"name\":\"Accueil\",\"item\":\"https:\\\/\\\/sagrinex.com\\\/?lang=de\"},{\"@type\":\"ListItem\",\"position\":2,\"name\":\"Shop\",\"item\":\"https:\\\/\\\/sagrinex.com\\\/shop\\\/\"},{\"@type\":\"ListItem\",\"position\":3,\"name\":\"Elektrorasenm\u00e4her, Schnittbreite 47 Cm, Ohne Akku und Ladeger\u00e4t &#8211; Ego Power+ LM1910E Ego Power+\"}]},{\"@type\":\"WebSite\",\"@id\":\"https:\\\/\\\/sagrinex.com\\\/#website\",\"url\":\"https:\\\/\\\/sagrinex.com\\\/\",\"name\":\"Sagrinex \u2013 Spezialist f\u00fcr Anh\u00e4nger, Container & Landtechnik\",\"description\":\"Anhaenger, Container &amp; Landtechnik \u2014 Online-Verkauf &amp; kostenloses Angebot\",\"publisher\":{\"@id\":\"https:\\\/\\\/sagrinex.com\\\/#organization\"},\"potentialAction\":[{\"@type\":\"SearchAction\",\"target\":{\"@type\":\"EntryPoint\",\"urlTemplate\":\"https:\\\/\\\/sagrinex.com\\\/?s={search_term_string}\"},\"query-input\":{\"@type\":\"PropertyValueSpecification\",\"valueRequired\":true,\"valueName\":\"search_term_string\"}}],\"inLanguage\":\"de\"},{\"@type\":\"Organization\",\"@id\":\"https:\\\/\\\/sagrinex.com\\\/#organization\",\"name\":\"Sagrinex \u2013 Remorques, Conteneurs & Mat\u00e9riel Agricole\",\"url\":\"https:\\\/\\\/sagrinex.com\\\/\",\"logo\":{\"@type\":\"ImageObject\",\"inLanguage\":\"de\",\"@id\":\"https:\\\/\\\/sagrinex.com\\\/#\\\/schema\\\/logo\\\/image\\\/\",\"url\":\"https:\\\/\\\/sagrinex.com\\\/wp-content\\\/uploads\\\/2026\\\/03\\\/7f1ac463-ef5a-425d-bdd6-a5da03a334a9-1024x683.png\",\"contentUrl\":\"https:\\\/\\\/sagrinex.com\\\/wp-content\\\/uploads\\\/2026\\\/03\\\/7f1ac463-ef5a-425d-bdd6-a5da03a334a9-1024x683.png\",\"width\":1024,\"height\":683,\"caption\":\"Sagrinex \u2013 Remorques, Conteneurs & Mat\u00e9riel Agricole\"},\"image\":{\"@id\":\"https:\\\/\\\/sagrinex.com\\\/#\\\/schema\\\/logo\\\/image\\\/\"}}]}<\/script>\n<!-- \/ Yoast SEO plugin. -->","yoast_head_json":{"title":"Elektrorasenm\u00e4her, Schnittbreite 47 cm, ohne Akku und Ladeger\u00e4t - Ego Power+ LM1910E EGO POWER+","description":"Akku-Rasenm\u00e4her EGO POWER+ LM1910E \u2013 Schnittbreite 47 cm Kompatibel mit EGO ARC Lithium\u2122 56 V Akkus (nicht im Lieferumfang enthalten) B\u00fcrstenloser Motor (Brushless) Zentrale Schnitth\u00f6henverstellung (20 bis 80 mm \u2013 7 Positionen) Mulchfunktion und Heckauswurf 55 L Fangkorb inklusive 5 Jahre Herstellergarantie","robots":{"index":"index","follow":"follow","max-snippet":"max-snippet:-1","max-image-preview":"max-image-preview:large","max-video-preview":"max-video-preview:-1"},"canonical":"https:\/\/sagrinex.com\/produit\/tondeuse-a-gazon-electrique-largeur-de-coupe-47cm-sans-batterie-ni-chargeur-ego-power-lm1910e-ego-power\/","og_locale":"de_DE","og_type":"article","og_title":"Elektrorasenm\u00e4her, Schnittbreite 47 cm, ohne Akku und Ladeger\u00e4t - Ego Power+ LM1910E EGO POWER+","og_description":"Akku-Rasenm\u00e4her EGO POWER+ LM1910E \u2013 Schnittbreite 47 cm Kompatibel mit EGO ARC Lithium\u2122 56 V Akkus (nicht im Lieferumfang enthalten) B\u00fcrstenloser Motor (Brushless) Zentrale Schnitth\u00f6henverstellung (20 bis 80 mm \u2013 7 Positionen) Mulchfunktion und Heckauswurf 55 L Fangkorb inklusive 5 Jahre Herstellergarantie","og_url":"https:\/\/sagrinex.com\/produit\/tondeuse-a-gazon-electrique-largeur-de-coupe-47cm-sans-batterie-ni-chargeur-ego-power-lm1910e-ego-power\/","og_site_name":"Sagrinex \u2013 Anhaenger, Container &amp; Landtechnik \ud83c\udf3e\ud83d\ude9c","article_modified_time":"2026-04-15T21:12:01+00:00","og_image":[{"width":1200,"height":1372,"url":"https:\/\/sagrinex.com\/wp-content\/uploads\/2026\/03\/tondeuse-a-gazon-electrique-largeur-de-coupe-47cm-sans-batterie-ni-chargeur-ego-power-lm1910e.jpg","type":"image\/jpeg"}],"twitter_card":"summary_large_image","twitter_misc":{"Gesch\u00e4tzte Lesezeit":"2\u00a0Minuten"},"schema":{"@context":"https:\/\/schema.org","@graph":[{"@type":"WebPage","@id":"https:\/\/sagrinex.com\/produit\/tondeuse-a-gazon-electrique-largeur-de-coupe-47cm-sans-batterie-ni-chargeur-ego-power-lm1910e-ego-power\/","url":"https:\/\/sagrinex.com\/produit\/tondeuse-a-gazon-electrique-largeur-de-coupe-47cm-sans-batterie-ni-chargeur-ego-power-lm1910e-ego-power\/","name":"Elektrorasenm\u00e4her, Schnittbreite 47 cm, ohne Akku und Ladeger\u00e4t - Ego Power+ LM1910E EGO POWER+","isPartOf":{"@id":"https:\/\/sagrinex.com\/#website"},"primaryImageOfPage":{"@id":"https:\/\/sagrinex.com\/produit\/tondeuse-a-gazon-electrique-largeur-de-coupe-47cm-sans-batterie-ni-chargeur-ego-power-lm1910e-ego-power\/#primaryimage"},"image":{"@id":"https:\/\/sagrinex.com\/produit\/tondeuse-a-gazon-electrique-largeur-de-coupe-47cm-sans-batterie-ni-chargeur-ego-power-lm1910e-ego-power\/#primaryimage"},"thumbnailUrl":"https:\/\/sagrinex.com\/wp-content\/uploads\/2026\/03\/tondeuse-a-gazon-electrique-largeur-de-coupe-47cm-sans-batterie-ni-chargeur-ego-power-lm1910e.jpg","datePublished":"2026-03-10T10:51:27+00:00","dateModified":"2026-04-15T21:12:01+00:00","description":"Akku-Rasenm\u00e4her EGO POWER+ LM1910E \u2013 Schnittbreite 47 cm Kompatibel mit EGO ARC Lithium\u2122 56 V Akkus (nicht im Lieferumfang enthalten) B\u00fcrstenloser Motor (Brushless) Zentrale Schnitth\u00f6henverstellung (20 bis 80 mm \u2013 7 Positionen) Mulchfunktion und Heckauswurf 55 L Fangkorb inklusive 5 Jahre Herstellergarantie","breadcrumb":{"@id":"https:\/\/sagrinex.com\/produit\/tondeuse-a-gazon-electrique-largeur-de-coupe-47cm-sans-batterie-ni-chargeur-ego-power-lm1910e-ego-power\/#breadcrumb"},"inLanguage":"de","potentialAction":[{"@type":"ReadAction","target":["https:\/\/sagrinex.com\/produit\/tondeuse-a-gazon-electrique-largeur-de-coupe-47cm-sans-batterie-ni-chargeur-ego-power-lm1910e-ego-power\/"]}]},{"@type":"ImageObject","inLanguage":"de","@id":"https:\/\/sagrinex.com\/produit\/tondeuse-a-gazon-electrique-largeur-de-coupe-47cm-sans-batterie-ni-chargeur-ego-power-lm1910e-ego-power\/#primaryimage","url":"https:\/\/sagrinex.com\/wp-content\/uploads\/2026\/03\/tondeuse-a-gazon-electrique-largeur-de-coupe-47cm-sans-batterie-ni-chargeur-ego-power-lm1910e.jpg","contentUrl":"https:\/\/sagrinex.com\/wp-content\/uploads\/2026\/03\/tondeuse-a-gazon-electrique-largeur-de-coupe-47cm-sans-batterie-ni-chargeur-ego-power-lm1910e.jpg","width":1200,"height":1372},{"@type":"BreadcrumbList","@id":"https:\/\/sagrinex.com\/produit\/tondeuse-a-gazon-electrique-largeur-de-coupe-47cm-sans-batterie-ni-chargeur-ego-power-lm1910e-ego-power\/#breadcrumb","itemListElement":[{"@type":"ListItem","position":1,"name":"Accueil","item":"https:\/\/sagrinex.com\/?lang=de"},{"@type":"ListItem","position":2,"name":"Shop","item":"https:\/\/sagrinex.com\/shop\/"},{"@type":"ListItem","position":3,"name":"Elektrorasenm\u00e4her, Schnittbreite 47 Cm, Ohne Akku und Ladeger\u00e4t &#8211; Ego Power+ LM1910E Ego Power+"}]},{"@type":"WebSite","@id":"https:\/\/sagrinex.com\/#website","url":"https:\/\/sagrinex.com\/","name":"Sagrinex \u2013 Spezialist f\u00fcr Anh\u00e4nger, Container & Landtechnik","description":"Anhaenger, Container &amp; Landtechnik \u2014 Online-Verkauf &amp; kostenloses Angebot","publisher":{"@id":"https:\/\/sagrinex.com\/#organization"},"potentialAction":[{"@type":"SearchAction","target":{"@type":"EntryPoint","urlTemplate":"https:\/\/sagrinex.com\/?s={search_term_string}"},"query-input":{"@type":"PropertyValueSpecification","valueRequired":true,"valueName":"search_term_string"}}],"inLanguage":"de"},{"@type":"Organization","@id":"https:\/\/sagrinex.com\/#organization","name":"Sagrinex \u2013 Remorques, Conteneurs & Mat\u00e9riel Agricole","url":"https:\/\/sagrinex.com\/","logo":{"@type":"ImageObject","inLanguage":"de","@id":"https:\/\/sagrinex.com\/#\/schema\/logo\/image\/","url":"https:\/\/sagrinex.com\/wp-content\/uploads\/2026\/03\/7f1ac463-ef5a-425d-bdd6-a5da03a334a9-1024x683.png","contentUrl":"https:\/\/sagrinex.com\/wp-content\/uploads\/2026\/03\/7f1ac463-ef5a-425d-bdd6-a5da03a334a9-1024x683.png","width":1024,"height":683,"caption":"Sagrinex \u2013 Remorques, Conteneurs & Mat\u00e9riel Agricole"},"image":{"@id":"https:\/\/sagrinex.com\/#\/schema\/logo\/image\/"}}]}},"jetpack_sharing_enabled":true,"_links":{"self":[{"href":"https:\/\/sagrinex.com\/de\/wp-json\/wp\/v2\/product\/13116","targetHints":{"allow":["GET"]}}],"collection":[{"href":"https:\/\/sagrinex.com\/de\/wp-json\/wp\/v2\/product"}],"about":[{"href":"https:\/\/sagrinex.com\/de\/wp-json\/wp\/v2\/types\/product"}],"replies":[{"embeddable":true,"href":"https:\/\/sagrinex.com\/de\/wp-json\/wp\/v2\/comments?post=13116"}],"version-history":[{"count":0,"href":"https:\/\/sagrinex.com\/de\/wp-json\/wp\/v2\/product\/13116\/revisions"}],"wp:featuredmedia":[{"embeddable":true,"href":"https:\/\/sagrinex.com\/de\/wp-json\/wp\/v2\/media\/13117"}],"wp:attachment":[{"href":"https:\/\/sagrinex.com\/de\/wp-json\/wp\/v2\/media?parent=13116"}],"wp:term":[{"taxonomy":"product_brand","embeddable":true,"href":"https:\/\/sagrinex.com\/de\/wp-json\/wp\/v2\/product_brand?post=13116"},{"taxonomy":"product_cat","embeddable":true,"href":"https:\/\/sagrinex.com\/de\/wp-json\/wp\/v2\/product_cat?post=13116"},{"taxonomy":"product_tag","embeddable":true,"href":"https:\/\/sagrinex.com\/de\/wp-json\/wp\/v2\/product_tag?post=13116"}],"curies":[{"name":"wp","href":"https:\/\/api.w.org\/{rel}","templated":true}]}}