{"id":13146,"date":"2026-03-10T15:02:21","date_gmt":"2026-03-10T15:02:21","guid":{"rendered":"https:\/\/sagrinex.com\/produit\/stand-on-plattform-fuer-grin-aufsitzmaeher-stehposition-asm-0175\/"},"modified":"2026-04-15T21:12:01","modified_gmt":"2026-04-15T21:12:01","slug":"stand-on-plattform-fuer-grin-aufsitzmaeher-stehposition-asm-0175","status":"publish","type":"product","link":"https:\/\/sagrinex.com\/de\/produit\/stand-on-plattform-fuer-grin-aufsitzmaeher-stehposition-asm-0175\/","title":{"rendered":"Stand-on-plattform f\u00fcr Grin-aufsitzm\u00e4her \u2013 Stehposition \u2013 ASM-0175"},"content":{"rendered":"<ul>\n<li data-end=\"324\" data-start=\"195\">\n<p data-end=\"324\" data-start=\"197\">Die STAND ON GRIN Plattform bietet eine praktische Alternative zum Sitzen.<\/p>\n<\/li>\n<li data-end=\"324\" data-start=\"195\">\n<p data-end=\"324\" data-start=\"197\">Sie erm\u00f6glicht es, den Aufsitzm\u00e4her im Stehen zu fahren, was schnelle Man\u00f6ver und h\u00e4ufige Richtungswechsel erleichtert \u2013 insbesondere auf komplexem oder engem Gel\u00e4nde.<\/p>\n<\/li>\n<\/ul>\n<p>Einfach zu befestigen dank der ON BOARD-Platte (nicht enthalten).<\/p>\n<p>Passend f\u00fcr die Modelle:<\/p>\n<ul>\n<li data-end=\"324\" data-start=\"197\">GRIN XM90A<\/li>\n<li data-end=\"324\" data-start=\"197\">GRIN XM120A<\/li>\n<li data-end=\"324\" data-start=\"197\">GRIN XM140A<\/li>\n<\/ul>\n","protected":false},"excerpt":{"rendered":"<ul>\n<li data-end=\"990\" data-start=\"860\"><strong data-end=\"897\" data-start=\"860\">STAND ON GRIN Plattform ASM-0175<\/strong>, erm\u00f6glicht es dem Bediener, w\u00e4hrend des M\u00e4hens zu stehen \u2013 f\u00fcr bessere Sicht.<\/li>\n<li data-end=\"1077\" data-start=\"993\"><strong data-end=\"1021\" data-start=\"993\">Dynamische Stehposition<\/strong>, ideal f\u00fcr Fl\u00e4chen mit h\u00e4ufigen Hindernissen.<\/li>\n<li data-end=\"1156\" data-start=\"1080\"><strong data-end=\"1098\" data-start=\"1080\">Einfache Montage<\/strong>, l\u00e4sst sich dank der ON BOARD-Platte (ASM-0187) schnell an GRIN-Aufsitzm\u00e4hern befestigen, <strong>nicht enthalten.<\/strong><\/li>\n<li data-end=\"1242\" data-start=\"1159\"><strong data-end=\"1187\" data-start=\"1159\">Rutschhemmendes Design.<\/strong><\/li>\n<li data-end=\"1338\" data-start=\"1245\"><strong data-end=\"1273\" data-start=\"1245\">Offizielles GRIN-Zubeh\u00f6r.<\/strong><\/li>\n<\/ul>\n","protected":false},"featured_media":13147,"comment_status":"open","ping_status":"closed","template":"","meta":[],"product_brand":[],"product_cat":[320],"product_tag":[],"class_list":{"0":"post-13146","1":"product","2":"type-product","3":"status-publish","4":"has-post-thumbnail","6":"product_cat-unsere-rasenmaher","8":"first","9":"instock","10":"sale","11":"shipping-taxable","12":"purchasable","13":"product-type-simple"},"yoast_head":"<!-- This site is optimized with the Yoast SEO plugin v27.4 - https:\/\/yoast.com\/product\/yoast-seo-wordpress\/ -->\n<title>Stand-On-Plattform f\u00fcr GRIN-Aufsitzm\u00e4her \u2013 Stehposition \u2013 ASM-0175<\/title>\n<meta name=\"description\" content=\"STAND ON GRIN Plattform ASM-0175, erm\u00f6glicht es dem Bediener, w\u00e4hrend des M\u00e4hens zu stehen \u2013 f\u00fcr bessere Sicht.Dynamische Stehposition, ideal f\u00fcr Fl\u00e4chen mit h\u00e4ufigen Hindernissen.Einfache Montage, l\u00e4sst sich dank der ON BOARD-Platte (ASM-0187), nicht enthalten, schnell an GRIN-Aufsitzm\u00e4hern befestigen.Rutschhemmendes Design.Offizielles GRIN-Zubeh\u00f6r.\" \/>\n<meta name=\"robots\" content=\"index, follow, max-snippet:-1, max-image-preview:large, max-video-preview:-1\" \/>\n<link rel=\"canonical\" href=\"https:\/\/sagrinex.com\/produit\/plateforme-stand-on-pour-tondeuse-autoportee-grin-posture-debout-asm-0175\/\" \/>\n<meta property=\"og:locale\" content=\"de_DE\" \/>\n<meta property=\"og:type\" content=\"article\" \/>\n<meta property=\"og:title\" content=\"Stand-On-Plattform f\u00fcr GRIN-Aufsitzm\u00e4her \u2013 Stehposition \u2013 ASM-0175\" \/>\n<meta property=\"og:description\" content=\"STAND ON GRIN Plattform ASM-0175, erm\u00f6glicht es dem Bediener, w\u00e4hrend des M\u00e4hens zu stehen \u2013 f\u00fcr bessere Sicht.Dynamische Stehposition, ideal f\u00fcr Fl\u00e4chen mit h\u00e4ufigen Hindernissen.Einfache Montage, l\u00e4sst sich dank der ON BOARD-Platte (ASM-0187), nicht enthalten, schnell an GRIN-Aufsitzm\u00e4hern befestigen.Rutschhemmendes Design.Offizielles GRIN-Zubeh\u00f6r.\" \/>\n<meta property=\"og:url\" content=\"https:\/\/sagrinex.com\/produit\/plateforme-stand-on-pour-tondeuse-autoportee-grin-posture-debout-asm-0175\/\" \/>\n<meta property=\"og:site_name\" content=\"Sagrinex \u2013 Anhaenger, Container &amp; Landtechnik \ud83c\udf3e\ud83d\ude9c\" \/>\n<meta property=\"article:modified_time\" content=\"2026-04-15T21:12:01+00:00\" \/>\n<meta property=\"og:image\" content=\"https:\/\/sagrinex.com\/wp-content\/uploads\/2026\/03\/plateforme-stand-on-pour-tondeuse-autoportee-grin-posture-debout-asm-0175.jpg\" \/>\n\t<meta property=\"og:image:width\" content=\"1200\" \/>\n\t<meta property=\"og:image:height\" content=\"1372\" \/>\n\t<meta property=\"og:image:type\" content=\"image\/jpeg\" \/>\n<meta name=\"twitter:card\" content=\"summary_large_image\" \/>\n<script type=\"application\/ld+json\" class=\"yoast-schema-graph\">{\"@context\":\"https:\\\/\\\/schema.org\",\"@graph\":[{\"@type\":\"WebPage\",\"@id\":\"https:\\\/\\\/sagrinex.com\\\/produit\\\/plateforme-stand-on-pour-tondeuse-autoportee-grin-posture-debout-asm-0175\\\/\",\"url\":\"https:\\\/\\\/sagrinex.com\\\/produit\\\/plateforme-stand-on-pour-tondeuse-autoportee-grin-posture-debout-asm-0175\\\/\",\"name\":\"Stand-On-Plattform f\u00fcr GRIN-Aufsitzm\u00e4her \u2013 Stehposition \u2013 ASM-0175\",\"isPartOf\":{\"@id\":\"https:\\\/\\\/sagrinex.com\\\/#website\"},\"primaryImageOfPage\":{\"@id\":\"https:\\\/\\\/sagrinex.com\\\/produit\\\/plateforme-stand-on-pour-tondeuse-autoportee-grin-posture-debout-asm-0175\\\/#primaryimage\"},\"image\":{\"@id\":\"https:\\\/\\\/sagrinex.com\\\/produit\\\/plateforme-stand-on-pour-tondeuse-autoportee-grin-posture-debout-asm-0175\\\/#primaryimage\"},\"thumbnailUrl\":\"https:\\\/\\\/sagrinex.com\\\/wp-content\\\/uploads\\\/2026\\\/03\\\/plateforme-stand-on-pour-tondeuse-autoportee-grin-posture-debout-asm-0175.jpg\",\"datePublished\":\"2026-03-10T15:02:21+00:00\",\"dateModified\":\"2026-04-15T21:12:01+00:00\",\"description\":\"STAND ON GRIN Plattform ASM-0175, erm\u00f6glicht es dem Bediener, w\u00e4hrend des M\u00e4hens zu stehen \u2013 f\u00fcr bessere Sicht.Dynamische Stehposition, ideal f\u00fcr Fl\u00e4chen mit h\u00e4ufigen Hindernissen.Einfache Montage, l\u00e4sst sich dank der ON BOARD-Platte (ASM-0187), nicht enthalten, schnell an GRIN-Aufsitzm\u00e4hern befestigen.Rutschhemmendes Design.Offizielles GRIN-Zubeh\u00f6r.\",\"breadcrumb\":{\"@id\":\"https:\\\/\\\/sagrinex.com\\\/produit\\\/plateforme-stand-on-pour-tondeuse-autoportee-grin-posture-debout-asm-0175\\\/#breadcrumb\"},\"inLanguage\":\"de\",\"potentialAction\":[{\"@type\":\"ReadAction\",\"target\":[\"https:\\\/\\\/sagrinex.com\\\/produit\\\/plateforme-stand-on-pour-tondeuse-autoportee-grin-posture-debout-asm-0175\\\/\"]}]},{\"@type\":\"ImageObject\",\"inLanguage\":\"de\",\"@id\":\"https:\\\/\\\/sagrinex.com\\\/produit\\\/plateforme-stand-on-pour-tondeuse-autoportee-grin-posture-debout-asm-0175\\\/#primaryimage\",\"url\":\"https:\\\/\\\/sagrinex.com\\\/wp-content\\\/uploads\\\/2026\\\/03\\\/plateforme-stand-on-pour-tondeuse-autoportee-grin-posture-debout-asm-0175.jpg\",\"contentUrl\":\"https:\\\/\\\/sagrinex.com\\\/wp-content\\\/uploads\\\/2026\\\/03\\\/plateforme-stand-on-pour-tondeuse-autoportee-grin-posture-debout-asm-0175.jpg\",\"width\":1200,\"height\":1372},{\"@type\":\"BreadcrumbList\",\"@id\":\"https:\\\/\\\/sagrinex.com\\\/produit\\\/plateforme-stand-on-pour-tondeuse-autoportee-grin-posture-debout-asm-0175\\\/#breadcrumb\",\"itemListElement\":[{\"@type\":\"ListItem\",\"position\":1,\"name\":\"Accueil\",\"item\":\"https:\\\/\\\/sagrinex.com\\\/?lang=de\"},{\"@type\":\"ListItem\",\"position\":2,\"name\":\"Shop\",\"item\":\"https:\\\/\\\/sagrinex.com\\\/shop\\\/\"},{\"@type\":\"ListItem\",\"position\":3,\"name\":\"Stand-on-plattform f\u00fcr Grin-aufsitzm\u00e4her \u2013 Stehposition \u2013 ASM-0175\"}]},{\"@type\":\"WebSite\",\"@id\":\"https:\\\/\\\/sagrinex.com\\\/#website\",\"url\":\"https:\\\/\\\/sagrinex.com\\\/\",\"name\":\"Sagrinex \u2013 Spezialist f\u00fcr Anh\u00e4nger, Container & Landtechnik\",\"description\":\"Anhaenger, Container &amp; Landtechnik \u2014 Online-Verkauf &amp; kostenloses Angebot\",\"publisher\":{\"@id\":\"https:\\\/\\\/sagrinex.com\\\/#organization\"},\"potentialAction\":[{\"@type\":\"SearchAction\",\"target\":{\"@type\":\"EntryPoint\",\"urlTemplate\":\"https:\\\/\\\/sagrinex.com\\\/?s={search_term_string}\"},\"query-input\":{\"@type\":\"PropertyValueSpecification\",\"valueRequired\":true,\"valueName\":\"search_term_string\"}}],\"inLanguage\":\"de\"},{\"@type\":\"Organization\",\"@id\":\"https:\\\/\\\/sagrinex.com\\\/#organization\",\"name\":\"Sagrinex \u2013 Remorques, Conteneurs & Mat\u00e9riel Agricole\",\"url\":\"https:\\\/\\\/sagrinex.com\\\/\",\"logo\":{\"@type\":\"ImageObject\",\"inLanguage\":\"de\",\"@id\":\"https:\\\/\\\/sagrinex.com\\\/#\\\/schema\\\/logo\\\/image\\\/\",\"url\":\"https:\\\/\\\/sagrinex.com\\\/wp-content\\\/uploads\\\/2026\\\/03\\\/7f1ac463-ef5a-425d-bdd6-a5da03a334a9-1024x683.png\",\"contentUrl\":\"https:\\\/\\\/sagrinex.com\\\/wp-content\\\/uploads\\\/2026\\\/03\\\/7f1ac463-ef5a-425d-bdd6-a5da03a334a9-1024x683.png\",\"width\":1024,\"height\":683,\"caption\":\"Sagrinex \u2013 Remorques, Conteneurs & Mat\u00e9riel Agricole\"},\"image\":{\"@id\":\"https:\\\/\\\/sagrinex.com\\\/#\\\/schema\\\/logo\\\/image\\\/\"}}]}<\/script>\n<!-- \/ Yoast SEO plugin. -->","yoast_head_json":{"title":"Stand-On-Plattform f\u00fcr GRIN-Aufsitzm\u00e4her \u2013 Stehposition \u2013 ASM-0175","description":"STAND ON GRIN Plattform ASM-0175, erm\u00f6glicht es dem Bediener, w\u00e4hrend des M\u00e4hens zu stehen \u2013 f\u00fcr bessere Sicht.Dynamische Stehposition, ideal f\u00fcr Fl\u00e4chen mit h\u00e4ufigen Hindernissen.Einfache Montage, l\u00e4sst sich dank der ON BOARD-Platte (ASM-0187), nicht enthalten, schnell an GRIN-Aufsitzm\u00e4hern befestigen.Rutschhemmendes Design.Offizielles GRIN-Zubeh\u00f6r.","robots":{"index":"index","follow":"follow","max-snippet":"max-snippet:-1","max-image-preview":"max-image-preview:large","max-video-preview":"max-video-preview:-1"},"canonical":"https:\/\/sagrinex.com\/produit\/plateforme-stand-on-pour-tondeuse-autoportee-grin-posture-debout-asm-0175\/","og_locale":"de_DE","og_type":"article","og_title":"Stand-On-Plattform f\u00fcr GRIN-Aufsitzm\u00e4her \u2013 Stehposition \u2013 ASM-0175","og_description":"STAND ON GRIN Plattform ASM-0175, erm\u00f6glicht es dem Bediener, w\u00e4hrend des M\u00e4hens zu stehen \u2013 f\u00fcr bessere Sicht.Dynamische Stehposition, ideal f\u00fcr Fl\u00e4chen mit h\u00e4ufigen Hindernissen.Einfache Montage, l\u00e4sst sich dank der ON BOARD-Platte (ASM-0187), nicht enthalten, schnell an GRIN-Aufsitzm\u00e4hern befestigen.Rutschhemmendes Design.Offizielles GRIN-Zubeh\u00f6r.","og_url":"https:\/\/sagrinex.com\/produit\/plateforme-stand-on-pour-tondeuse-autoportee-grin-posture-debout-asm-0175\/","og_site_name":"Sagrinex \u2013 Anhaenger, Container &amp; Landtechnik \ud83c\udf3e\ud83d\ude9c","article_modified_time":"2026-04-15T21:12:01+00:00","og_image":[{"width":1200,"height":1372,"url":"https:\/\/sagrinex.com\/wp-content\/uploads\/2026\/03\/plateforme-stand-on-pour-tondeuse-autoportee-grin-posture-debout-asm-0175.jpg","type":"image\/jpeg"}],"twitter_card":"summary_large_image","schema":{"@context":"https:\/\/schema.org","@graph":[{"@type":"WebPage","@id":"https:\/\/sagrinex.com\/produit\/plateforme-stand-on-pour-tondeuse-autoportee-grin-posture-debout-asm-0175\/","url":"https:\/\/sagrinex.com\/produit\/plateforme-stand-on-pour-tondeuse-autoportee-grin-posture-debout-asm-0175\/","name":"Stand-On-Plattform f\u00fcr GRIN-Aufsitzm\u00e4her \u2013 Stehposition \u2013 ASM-0175","isPartOf":{"@id":"https:\/\/sagrinex.com\/#website"},"primaryImageOfPage":{"@id":"https:\/\/sagrinex.com\/produit\/plateforme-stand-on-pour-tondeuse-autoportee-grin-posture-debout-asm-0175\/#primaryimage"},"image":{"@id":"https:\/\/sagrinex.com\/produit\/plateforme-stand-on-pour-tondeuse-autoportee-grin-posture-debout-asm-0175\/#primaryimage"},"thumbnailUrl":"https:\/\/sagrinex.com\/wp-content\/uploads\/2026\/03\/plateforme-stand-on-pour-tondeuse-autoportee-grin-posture-debout-asm-0175.jpg","datePublished":"2026-03-10T15:02:21+00:00","dateModified":"2026-04-15T21:12:01+00:00","description":"STAND ON GRIN Plattform ASM-0175, erm\u00f6glicht es dem Bediener, w\u00e4hrend des M\u00e4hens zu stehen \u2013 f\u00fcr bessere Sicht.Dynamische Stehposition, ideal f\u00fcr Fl\u00e4chen mit h\u00e4ufigen Hindernissen.Einfache Montage, l\u00e4sst sich dank der ON BOARD-Platte (ASM-0187), nicht enthalten, schnell an GRIN-Aufsitzm\u00e4hern befestigen.Rutschhemmendes Design.Offizielles GRIN-Zubeh\u00f6r.","breadcrumb":{"@id":"https:\/\/sagrinex.com\/produit\/plateforme-stand-on-pour-tondeuse-autoportee-grin-posture-debout-asm-0175\/#breadcrumb"},"inLanguage":"de","potentialAction":[{"@type":"ReadAction","target":["https:\/\/sagrinex.com\/produit\/plateforme-stand-on-pour-tondeuse-autoportee-grin-posture-debout-asm-0175\/"]}]},{"@type":"ImageObject","inLanguage":"de","@id":"https:\/\/sagrinex.com\/produit\/plateforme-stand-on-pour-tondeuse-autoportee-grin-posture-debout-asm-0175\/#primaryimage","url":"https:\/\/sagrinex.com\/wp-content\/uploads\/2026\/03\/plateforme-stand-on-pour-tondeuse-autoportee-grin-posture-debout-asm-0175.jpg","contentUrl":"https:\/\/sagrinex.com\/wp-content\/uploads\/2026\/03\/plateforme-stand-on-pour-tondeuse-autoportee-grin-posture-debout-asm-0175.jpg","width":1200,"height":1372},{"@type":"BreadcrumbList","@id":"https:\/\/sagrinex.com\/produit\/plateforme-stand-on-pour-tondeuse-autoportee-grin-posture-debout-asm-0175\/#breadcrumb","itemListElement":[{"@type":"ListItem","position":1,"name":"Accueil","item":"https:\/\/sagrinex.com\/?lang=de"},{"@type":"ListItem","position":2,"name":"Shop","item":"https:\/\/sagrinex.com\/shop\/"},{"@type":"ListItem","position":3,"name":"Stand-on-plattform f\u00fcr Grin-aufsitzm\u00e4her \u2013 Stehposition \u2013 ASM-0175"}]},{"@type":"WebSite","@id":"https:\/\/sagrinex.com\/#website","url":"https:\/\/sagrinex.com\/","name":"Sagrinex \u2013 Spezialist f\u00fcr Anh\u00e4nger, Container & Landtechnik","description":"Anhaenger, Container &amp; Landtechnik \u2014 Online-Verkauf &amp; kostenloses Angebot","publisher":{"@id":"https:\/\/sagrinex.com\/#organization"},"potentialAction":[{"@type":"SearchAction","target":{"@type":"EntryPoint","urlTemplate":"https:\/\/sagrinex.com\/?s={search_term_string}"},"query-input":{"@type":"PropertyValueSpecification","valueRequired":true,"valueName":"search_term_string"}}],"inLanguage":"de"},{"@type":"Organization","@id":"https:\/\/sagrinex.com\/#organization","name":"Sagrinex \u2013 Remorques, Conteneurs & Mat\u00e9riel Agricole","url":"https:\/\/sagrinex.com\/","logo":{"@type":"ImageObject","inLanguage":"de","@id":"https:\/\/sagrinex.com\/#\/schema\/logo\/image\/","url":"https:\/\/sagrinex.com\/wp-content\/uploads\/2026\/03\/7f1ac463-ef5a-425d-bdd6-a5da03a334a9-1024x683.png","contentUrl":"https:\/\/sagrinex.com\/wp-content\/uploads\/2026\/03\/7f1ac463-ef5a-425d-bdd6-a5da03a334a9-1024x683.png","width":1024,"height":683,"caption":"Sagrinex \u2013 Remorques, Conteneurs & Mat\u00e9riel Agricole"},"image":{"@id":"https:\/\/sagrinex.com\/#\/schema\/logo\/image\/"}}]}},"jetpack_sharing_enabled":true,"_links":{"self":[{"href":"https:\/\/sagrinex.com\/de\/wp-json\/wp\/v2\/product\/13146","targetHints":{"allow":["GET"]}}],"collection":[{"href":"https:\/\/sagrinex.com\/de\/wp-json\/wp\/v2\/product"}],"about":[{"href":"https:\/\/sagrinex.com\/de\/wp-json\/wp\/v2\/types\/product"}],"replies":[{"embeddable":true,"href":"https:\/\/sagrinex.com\/de\/wp-json\/wp\/v2\/comments?post=13146"}],"version-history":[{"count":0,"href":"https:\/\/sagrinex.com\/de\/wp-json\/wp\/v2\/product\/13146\/revisions"}],"wp:featuredmedia":[{"embeddable":true,"href":"https:\/\/sagrinex.com\/de\/wp-json\/wp\/v2\/media\/13147"}],"wp:attachment":[{"href":"https:\/\/sagrinex.com\/de\/wp-json\/wp\/v2\/media?parent=13146"}],"wp:term":[{"taxonomy":"product_brand","embeddable":true,"href":"https:\/\/sagrinex.com\/de\/wp-json\/wp\/v2\/product_brand?post=13146"},{"taxonomy":"product_cat","embeddable":true,"href":"https:\/\/sagrinex.com\/de\/wp-json\/wp\/v2\/product_cat?post=13146"},{"taxonomy":"product_tag","embeddable":true,"href":"https:\/\/sagrinex.com\/de\/wp-json\/wp\/v2\/product_tag?post=13146"}],"curies":[{"name":"wp","href":"https:\/\/api.w.org\/{rel}","templated":true}]}}