{"id":13165,"date":"2026-03-10T11:30:39","date_gmt":"2026-03-10T11:30:39","guid":{"rendered":"https:\/\/sagrinex.com\/produit\/seitenauswurfkanal-fuer-profi-rasenmaeher-lmx5300sp-ego-asd5300-ego-power\/"},"modified":"2026-04-15T21:12:01","modified_gmt":"2026-04-15T21:12:01","slug":"seitenauswurfkanal-fuer-profi-rasenmaeher-lmx5300sp-ego-asd5300-ego-power","status":"publish","type":"product","link":"https:\/\/sagrinex.com\/de\/produit\/seitenauswurfkanal-fuer-profi-rasenmaeher-lmx5300sp-ego-asd5300-ego-power\/","title":{"rendered":"Seitenauswurfkanal f\u00fcr Profi-rasenm\u00e4her LMX5300SP \u2013 Ego ASD5300 Ego Power+"},"content":{"rendered":"<p>Optimieren Sie Ihr M\u00e4hen mit dem Seitenauswurfkanal ASD5300 f\u00fcr EGO LMX5300SP \u2013 eine einfache und effiziente L\u00f6sung, um das Schnittgut seitlich auszuwerfen.<\/p>\n","protected":false},"excerpt":{"rendered":"<ul>\n<li><strong>Seitenauswurfkanal ASD5300<\/strong>, entwickelt f\u00fcr den Rasenm\u00e4her EGO LMX5300SP, als Alternative zum Fangkorb und Mulchen.<\/li>\n<li><strong>Schnelle, werkzeuglose Montage<\/strong>, f\u00fcr einfaches Anbringen und Abnehmen.<\/li>\n<li><strong>Optimierte Seitenauswurf-Ablenkung<\/strong>, erleichtert den Abtransport des Schnittguts f\u00fcr durchgehendes M\u00e4hen auf gro\u00dfen Fl\u00e4chen.<\/li>\n<li><strong>Robustes Material, geeignet f\u00fcr h\u00e4ufiges M\u00e4hen.<\/strong><\/li>\n<\/ul>\n","protected":false},"featured_media":13166,"comment_status":"open","ping_status":"closed","template":"","meta":[],"product_brand":[],"product_cat":[320],"product_tag":[],"class_list":{"0":"post-13165","1":"product","2":"type-product","3":"status-publish","4":"has-post-thumbnail","6":"product_cat-unsere-rasenmaher","8":"first","9":"instock","10":"sale","11":"shipping-taxable","12":"purchasable","13":"product-type-simple"},"yoast_head":"<!-- This site is optimized with the Yoast SEO plugin v27.4 - https:\/\/yoast.com\/product\/yoast-seo-wordpress\/ -->\n<title>Seitenauswurfkanal f\u00fcr Profi-Rasenm\u00e4her LMX5300SP \u2013 EGO ASD5300 EGO POWER+<\/title>\n<meta name=\"description\" content=\"Seitenauswurfkanal ASD5300, entwickelt f\u00fcr den Rasenm\u00e4her LMX5300SP, als Alternative zum Fangkorb und Mulchen. Schnelle, werkzeuglose Montage f\u00fcr einfaches Anbringen und Abnehmen. Optimierte Seitenauswurf-Ablenkung f\u00fcr einen besseren Abtransport des Schnittguts und durchgehendes M\u00e4hen auf gro\u00dfen Fl\u00e4chen. Robustes Material, geeignet f\u00fcr h\u00e4ufiges M\u00e4hen.\" \/>\n<meta name=\"robots\" content=\"index, follow, max-snippet:-1, max-image-preview:large, max-video-preview:-1\" \/>\n<link rel=\"canonical\" href=\"https:\/\/sagrinex.com\/produit\/goulotte-dejection-laterale-pour-tondeuse-professionnelle-lmx5300sp-ego-asd5300-ego-power\/\" \/>\n<meta property=\"og:locale\" content=\"de_DE\" \/>\n<meta property=\"og:type\" content=\"article\" \/>\n<meta property=\"og:title\" content=\"Seitenauswurfkanal f\u00fcr Profi-Rasenm\u00e4her LMX5300SP \u2013 EGO ASD5300 EGO POWER+\" \/>\n<meta property=\"og:description\" content=\"Seitenauswurfkanal ASD5300, entwickelt f\u00fcr den Rasenm\u00e4her LMX5300SP, als Alternative zum Fangkorb und Mulchen. Schnelle, werkzeuglose Montage f\u00fcr einfaches Anbringen und Abnehmen. Optimierte Seitenauswurf-Ablenkung f\u00fcr einen besseren Abtransport des Schnittguts und durchgehendes M\u00e4hen auf gro\u00dfen Fl\u00e4chen. Robustes Material, geeignet f\u00fcr h\u00e4ufiges M\u00e4hen.\" \/>\n<meta property=\"og:url\" content=\"https:\/\/sagrinex.com\/produit\/goulotte-dejection-laterale-pour-tondeuse-professionnelle-lmx5300sp-ego-asd5300-ego-power\/\" \/>\n<meta property=\"og:site_name\" content=\"Sagrinex \u2013 Anhaenger, Container &amp; Landtechnik \ud83c\udf3e\ud83d\ude9c\" \/>\n<meta property=\"article:modified_time\" content=\"2026-04-15T21:12:01+00:00\" \/>\n<meta property=\"og:image\" content=\"https:\/\/sagrinex.com\/wp-content\/uploads\/2026\/03\/goulotte-d-ejection-laterale-pour-tondeuse-professionnelle-lmx5300sp-ego-asd5300.jpg\" \/>\n\t<meta property=\"og:image:width\" content=\"1200\" \/>\n\t<meta property=\"og:image:height\" content=\"1372\" \/>\n\t<meta property=\"og:image:type\" content=\"image\/jpeg\" \/>\n<meta name=\"twitter:card\" content=\"summary_large_image\" \/>\n<script type=\"application\/ld+json\" class=\"yoast-schema-graph\">{\"@context\":\"https:\\\/\\\/schema.org\",\"@graph\":[{\"@type\":\"WebPage\",\"@id\":\"https:\\\/\\\/sagrinex.com\\\/produit\\\/goulotte-dejection-laterale-pour-tondeuse-professionnelle-lmx5300sp-ego-asd5300-ego-power\\\/\",\"url\":\"https:\\\/\\\/sagrinex.com\\\/produit\\\/goulotte-dejection-laterale-pour-tondeuse-professionnelle-lmx5300sp-ego-asd5300-ego-power\\\/\",\"name\":\"Seitenauswurfkanal f\u00fcr Profi-Rasenm\u00e4her LMX5300SP \u2013 EGO ASD5300 EGO POWER+\",\"isPartOf\":{\"@id\":\"https:\\\/\\\/sagrinex.com\\\/#website\"},\"primaryImageOfPage\":{\"@id\":\"https:\\\/\\\/sagrinex.com\\\/produit\\\/goulotte-dejection-laterale-pour-tondeuse-professionnelle-lmx5300sp-ego-asd5300-ego-power\\\/#primaryimage\"},\"image\":{\"@id\":\"https:\\\/\\\/sagrinex.com\\\/produit\\\/goulotte-dejection-laterale-pour-tondeuse-professionnelle-lmx5300sp-ego-asd5300-ego-power\\\/#primaryimage\"},\"thumbnailUrl\":\"https:\\\/\\\/sagrinex.com\\\/wp-content\\\/uploads\\\/2026\\\/03\\\/goulotte-d-ejection-laterale-pour-tondeuse-professionnelle-lmx5300sp-ego-asd5300.jpg\",\"datePublished\":\"2026-03-10T11:30:39+00:00\",\"dateModified\":\"2026-04-15T21:12:01+00:00\",\"description\":\"Seitenauswurfkanal ASD5300, entwickelt f\u00fcr den Rasenm\u00e4her LMX5300SP, als Alternative zum Fangkorb und Mulchen. Schnelle, werkzeuglose Montage f\u00fcr einfaches Anbringen und Abnehmen. Optimierte Seitenauswurf-Ablenkung f\u00fcr einen besseren Abtransport des Schnittguts und durchgehendes M\u00e4hen auf gro\u00dfen Fl\u00e4chen. Robustes Material, geeignet f\u00fcr h\u00e4ufiges M\u00e4hen.\",\"breadcrumb\":{\"@id\":\"https:\\\/\\\/sagrinex.com\\\/produit\\\/goulotte-dejection-laterale-pour-tondeuse-professionnelle-lmx5300sp-ego-asd5300-ego-power\\\/#breadcrumb\"},\"inLanguage\":\"de\",\"potentialAction\":[{\"@type\":\"ReadAction\",\"target\":[\"https:\\\/\\\/sagrinex.com\\\/produit\\\/goulotte-dejection-laterale-pour-tondeuse-professionnelle-lmx5300sp-ego-asd5300-ego-power\\\/\"]}]},{\"@type\":\"ImageObject\",\"inLanguage\":\"de\",\"@id\":\"https:\\\/\\\/sagrinex.com\\\/produit\\\/goulotte-dejection-laterale-pour-tondeuse-professionnelle-lmx5300sp-ego-asd5300-ego-power\\\/#primaryimage\",\"url\":\"https:\\\/\\\/sagrinex.com\\\/wp-content\\\/uploads\\\/2026\\\/03\\\/goulotte-d-ejection-laterale-pour-tondeuse-professionnelle-lmx5300sp-ego-asd5300.jpg\",\"contentUrl\":\"https:\\\/\\\/sagrinex.com\\\/wp-content\\\/uploads\\\/2026\\\/03\\\/goulotte-d-ejection-laterale-pour-tondeuse-professionnelle-lmx5300sp-ego-asd5300.jpg\",\"width\":1200,\"height\":1372},{\"@type\":\"BreadcrumbList\",\"@id\":\"https:\\\/\\\/sagrinex.com\\\/produit\\\/goulotte-dejection-laterale-pour-tondeuse-professionnelle-lmx5300sp-ego-asd5300-ego-power\\\/#breadcrumb\",\"itemListElement\":[{\"@type\":\"ListItem\",\"position\":1,\"name\":\"Accueil\",\"item\":\"https:\\\/\\\/sagrinex.com\\\/?lang=de\"},{\"@type\":\"ListItem\",\"position\":2,\"name\":\"Shop\",\"item\":\"https:\\\/\\\/sagrinex.com\\\/shop\\\/\"},{\"@type\":\"ListItem\",\"position\":3,\"name\":\"Seitenauswurfkanal f\u00fcr Profi-rasenm\u00e4her LMX5300SP \u2013 Ego ASD5300 Ego Power+\"}]},{\"@type\":\"WebSite\",\"@id\":\"https:\\\/\\\/sagrinex.com\\\/#website\",\"url\":\"https:\\\/\\\/sagrinex.com\\\/\",\"name\":\"Sagrinex \u2013 Spezialist f\u00fcr Anh\u00e4nger, Container & Landtechnik\",\"description\":\"Anhaenger, Container &amp; Landtechnik \u2014 Online-Verkauf &amp; kostenloses Angebot\",\"publisher\":{\"@id\":\"https:\\\/\\\/sagrinex.com\\\/#organization\"},\"potentialAction\":[{\"@type\":\"SearchAction\",\"target\":{\"@type\":\"EntryPoint\",\"urlTemplate\":\"https:\\\/\\\/sagrinex.com\\\/?s={search_term_string}\"},\"query-input\":{\"@type\":\"PropertyValueSpecification\",\"valueRequired\":true,\"valueName\":\"search_term_string\"}}],\"inLanguage\":\"de\"},{\"@type\":\"Organization\",\"@id\":\"https:\\\/\\\/sagrinex.com\\\/#organization\",\"name\":\"Sagrinex \u2013 Remorques, Conteneurs & Mat\u00e9riel Agricole\",\"url\":\"https:\\\/\\\/sagrinex.com\\\/\",\"logo\":{\"@type\":\"ImageObject\",\"inLanguage\":\"de\",\"@id\":\"https:\\\/\\\/sagrinex.com\\\/#\\\/schema\\\/logo\\\/image\\\/\",\"url\":\"https:\\\/\\\/sagrinex.com\\\/wp-content\\\/uploads\\\/2026\\\/03\\\/7f1ac463-ef5a-425d-bdd6-a5da03a334a9-1024x683.png\",\"contentUrl\":\"https:\\\/\\\/sagrinex.com\\\/wp-content\\\/uploads\\\/2026\\\/03\\\/7f1ac463-ef5a-425d-bdd6-a5da03a334a9-1024x683.png\",\"width\":1024,\"height\":683,\"caption\":\"Sagrinex \u2013 Remorques, Conteneurs & Mat\u00e9riel Agricole\"},\"image\":{\"@id\":\"https:\\\/\\\/sagrinex.com\\\/#\\\/schema\\\/logo\\\/image\\\/\"}}]}<\/script>\n<!-- \/ Yoast SEO plugin. -->","yoast_head_json":{"title":"Seitenauswurfkanal f\u00fcr Profi-Rasenm\u00e4her LMX5300SP \u2013 EGO ASD5300 EGO POWER+","description":"Seitenauswurfkanal ASD5300, entwickelt f\u00fcr den Rasenm\u00e4her LMX5300SP, als Alternative zum Fangkorb und Mulchen. Schnelle, werkzeuglose Montage f\u00fcr einfaches Anbringen und Abnehmen. Optimierte Seitenauswurf-Ablenkung f\u00fcr einen besseren Abtransport des Schnittguts und durchgehendes M\u00e4hen auf gro\u00dfen Fl\u00e4chen. Robustes Material, geeignet f\u00fcr h\u00e4ufiges M\u00e4hen.","robots":{"index":"index","follow":"follow","max-snippet":"max-snippet:-1","max-image-preview":"max-image-preview:large","max-video-preview":"max-video-preview:-1"},"canonical":"https:\/\/sagrinex.com\/produit\/goulotte-dejection-laterale-pour-tondeuse-professionnelle-lmx5300sp-ego-asd5300-ego-power\/","og_locale":"de_DE","og_type":"article","og_title":"Seitenauswurfkanal f\u00fcr Profi-Rasenm\u00e4her LMX5300SP \u2013 EGO ASD5300 EGO POWER+","og_description":"Seitenauswurfkanal ASD5300, entwickelt f\u00fcr den Rasenm\u00e4her LMX5300SP, als Alternative zum Fangkorb und Mulchen. Schnelle, werkzeuglose Montage f\u00fcr einfaches Anbringen und Abnehmen. Optimierte Seitenauswurf-Ablenkung f\u00fcr einen besseren Abtransport des Schnittguts und durchgehendes M\u00e4hen auf gro\u00dfen Fl\u00e4chen. Robustes Material, geeignet f\u00fcr h\u00e4ufiges M\u00e4hen.","og_url":"https:\/\/sagrinex.com\/produit\/goulotte-dejection-laterale-pour-tondeuse-professionnelle-lmx5300sp-ego-asd5300-ego-power\/","og_site_name":"Sagrinex \u2013 Anhaenger, Container &amp; Landtechnik \ud83c\udf3e\ud83d\ude9c","article_modified_time":"2026-04-15T21:12:01+00:00","og_image":[{"width":1200,"height":1372,"url":"https:\/\/sagrinex.com\/wp-content\/uploads\/2026\/03\/goulotte-d-ejection-laterale-pour-tondeuse-professionnelle-lmx5300sp-ego-asd5300.jpg","type":"image\/jpeg"}],"twitter_card":"summary_large_image","schema":{"@context":"https:\/\/schema.org","@graph":[{"@type":"WebPage","@id":"https:\/\/sagrinex.com\/produit\/goulotte-dejection-laterale-pour-tondeuse-professionnelle-lmx5300sp-ego-asd5300-ego-power\/","url":"https:\/\/sagrinex.com\/produit\/goulotte-dejection-laterale-pour-tondeuse-professionnelle-lmx5300sp-ego-asd5300-ego-power\/","name":"Seitenauswurfkanal f\u00fcr Profi-Rasenm\u00e4her LMX5300SP \u2013 EGO ASD5300 EGO POWER+","isPartOf":{"@id":"https:\/\/sagrinex.com\/#website"},"primaryImageOfPage":{"@id":"https:\/\/sagrinex.com\/produit\/goulotte-dejection-laterale-pour-tondeuse-professionnelle-lmx5300sp-ego-asd5300-ego-power\/#primaryimage"},"image":{"@id":"https:\/\/sagrinex.com\/produit\/goulotte-dejection-laterale-pour-tondeuse-professionnelle-lmx5300sp-ego-asd5300-ego-power\/#primaryimage"},"thumbnailUrl":"https:\/\/sagrinex.com\/wp-content\/uploads\/2026\/03\/goulotte-d-ejection-laterale-pour-tondeuse-professionnelle-lmx5300sp-ego-asd5300.jpg","datePublished":"2026-03-10T11:30:39+00:00","dateModified":"2026-04-15T21:12:01+00:00","description":"Seitenauswurfkanal ASD5300, entwickelt f\u00fcr den Rasenm\u00e4her LMX5300SP, als Alternative zum Fangkorb und Mulchen. Schnelle, werkzeuglose Montage f\u00fcr einfaches Anbringen und Abnehmen. Optimierte Seitenauswurf-Ablenkung f\u00fcr einen besseren Abtransport des Schnittguts und durchgehendes M\u00e4hen auf gro\u00dfen Fl\u00e4chen. Robustes Material, geeignet f\u00fcr h\u00e4ufiges M\u00e4hen.","breadcrumb":{"@id":"https:\/\/sagrinex.com\/produit\/goulotte-dejection-laterale-pour-tondeuse-professionnelle-lmx5300sp-ego-asd5300-ego-power\/#breadcrumb"},"inLanguage":"de","potentialAction":[{"@type":"ReadAction","target":["https:\/\/sagrinex.com\/produit\/goulotte-dejection-laterale-pour-tondeuse-professionnelle-lmx5300sp-ego-asd5300-ego-power\/"]}]},{"@type":"ImageObject","inLanguage":"de","@id":"https:\/\/sagrinex.com\/produit\/goulotte-dejection-laterale-pour-tondeuse-professionnelle-lmx5300sp-ego-asd5300-ego-power\/#primaryimage","url":"https:\/\/sagrinex.com\/wp-content\/uploads\/2026\/03\/goulotte-d-ejection-laterale-pour-tondeuse-professionnelle-lmx5300sp-ego-asd5300.jpg","contentUrl":"https:\/\/sagrinex.com\/wp-content\/uploads\/2026\/03\/goulotte-d-ejection-laterale-pour-tondeuse-professionnelle-lmx5300sp-ego-asd5300.jpg","width":1200,"height":1372},{"@type":"BreadcrumbList","@id":"https:\/\/sagrinex.com\/produit\/goulotte-dejection-laterale-pour-tondeuse-professionnelle-lmx5300sp-ego-asd5300-ego-power\/#breadcrumb","itemListElement":[{"@type":"ListItem","position":1,"name":"Accueil","item":"https:\/\/sagrinex.com\/?lang=de"},{"@type":"ListItem","position":2,"name":"Shop","item":"https:\/\/sagrinex.com\/shop\/"},{"@type":"ListItem","position":3,"name":"Seitenauswurfkanal f\u00fcr Profi-rasenm\u00e4her LMX5300SP \u2013 Ego ASD5300 Ego Power+"}]},{"@type":"WebSite","@id":"https:\/\/sagrinex.com\/#website","url":"https:\/\/sagrinex.com\/","name":"Sagrinex \u2013 Spezialist f\u00fcr Anh\u00e4nger, Container & Landtechnik","description":"Anhaenger, Container &amp; Landtechnik \u2014 Online-Verkauf &amp; kostenloses Angebot","publisher":{"@id":"https:\/\/sagrinex.com\/#organization"},"potentialAction":[{"@type":"SearchAction","target":{"@type":"EntryPoint","urlTemplate":"https:\/\/sagrinex.com\/?s={search_term_string}"},"query-input":{"@type":"PropertyValueSpecification","valueRequired":true,"valueName":"search_term_string"}}],"inLanguage":"de"},{"@type":"Organization","@id":"https:\/\/sagrinex.com\/#organization","name":"Sagrinex \u2013 Remorques, Conteneurs & Mat\u00e9riel Agricole","url":"https:\/\/sagrinex.com\/","logo":{"@type":"ImageObject","inLanguage":"de","@id":"https:\/\/sagrinex.com\/#\/schema\/logo\/image\/","url":"https:\/\/sagrinex.com\/wp-content\/uploads\/2026\/03\/7f1ac463-ef5a-425d-bdd6-a5da03a334a9-1024x683.png","contentUrl":"https:\/\/sagrinex.com\/wp-content\/uploads\/2026\/03\/7f1ac463-ef5a-425d-bdd6-a5da03a334a9-1024x683.png","width":1024,"height":683,"caption":"Sagrinex \u2013 Remorques, Conteneurs & Mat\u00e9riel Agricole"},"image":{"@id":"https:\/\/sagrinex.com\/#\/schema\/logo\/image\/"}}]}},"jetpack_sharing_enabled":true,"_links":{"self":[{"href":"https:\/\/sagrinex.com\/de\/wp-json\/wp\/v2\/product\/13165","targetHints":{"allow":["GET"]}}],"collection":[{"href":"https:\/\/sagrinex.com\/de\/wp-json\/wp\/v2\/product"}],"about":[{"href":"https:\/\/sagrinex.com\/de\/wp-json\/wp\/v2\/types\/product"}],"replies":[{"embeddable":true,"href":"https:\/\/sagrinex.com\/de\/wp-json\/wp\/v2\/comments?post=13165"}],"version-history":[{"count":0,"href":"https:\/\/sagrinex.com\/de\/wp-json\/wp\/v2\/product\/13165\/revisions"}],"wp:featuredmedia":[{"embeddable":true,"href":"https:\/\/sagrinex.com\/de\/wp-json\/wp\/v2\/media\/13166"}],"wp:attachment":[{"href":"https:\/\/sagrinex.com\/de\/wp-json\/wp\/v2\/media?parent=13165"}],"wp:term":[{"taxonomy":"product_brand","embeddable":true,"href":"https:\/\/sagrinex.com\/de\/wp-json\/wp\/v2\/product_brand?post=13165"},{"taxonomy":"product_cat","embeddable":true,"href":"https:\/\/sagrinex.com\/de\/wp-json\/wp\/v2\/product_cat?post=13165"},{"taxonomy":"product_tag","embeddable":true,"href":"https:\/\/sagrinex.com\/de\/wp-json\/wp\/v2\/product_tag?post=13165"}],"curies":[{"name":"wp","href":"https:\/\/api.w.org\/{rel}","templated":true}]}}