{"id":13168,"date":"2026-03-10T00:00:55","date_gmt":"2026-03-10T00:00:55","guid":{"rendered":"https:\/\/sagrinex.com\/produit\/maehroboter-daewoo-1400-m%c2%b2-schnittbreite-18-cm-22-m-min-sensoren-darlm1400i\/"},"modified":"2026-04-15T21:12:01","modified_gmt":"2026-04-15T21:12:01","slug":"maehroboter-daewoo-1400-m%c2%b2-schnittbreite-18-cm-22-m-min-sensoren-darlm1400i","status":"publish","type":"product","link":"https:\/\/sagrinex.com\/de\/produit\/maehroboter-daewoo-1400-m%c2%b2-schnittbreite-18-cm-22-m-min-sensoren-darlm1400i\/","title":{"rendered":"M\u00e4hroboter Daewoo 1400 M\u00b2 &#8211; Schnittbreite 18 Cm, 22 M\/min, Sensoren &#8211; Darlm1400i"},"content":{"rendered":"<p><strong>Makelloser Garten und wertvolle Zeitersparnis dank dem M\u00e4hroboter Daewoo DARLM1400i.<\/strong><\/p>\n<p>Dieses leistungsstarke Modell bietet eine ideale Kombination aus praktischen Funktionen und modernster koreanischer Technologie f\u00fcr ein sorgenfreies automatisches M\u00e4herlebnis.<\/p>\n<p><strong>Gro\u00dfe Reichweite und lange Akkulaufzeit<\/strong><\/p>\n<p>Der Daewoo DARLM1400i ist f\u00fcr G\u00e4rten bis zu 1400 m\u00b2 konzipiert, mit einer Autonomie von 120 Minuten pro Zyklus und einer Geschwindigkeit von 22 Metern pro Minute.<\/p>\n<p><strong>Pr\u00e4ziser und anpassbarer Schnitt<\/strong><\/p>\n<p>Stellen Sie die Schnitth\u00f6he zwischen 2,5 und 5,5 cm nach Ihren W\u00fcnschen ein. Die programmierbaren M\u00e4hmodi &#8211; Spiral, Kante und Zufall &#8211; gew\u00e4hrleisten eine gleichm\u00e4\u00dfige Abdeckung und vermeiden wiederholte Fahrwege. <\/p>\n<p><strong>Intelligente und sichere Navigation<\/strong><\/p>\n<p>Bew\u00e4ltigen Sie Steigungen bis zu 25 % und vermeiden Sie Hindernisse dank eines leistungsstarken Navigationssystems und intelligenter Sensoren. Sch\u00fctzen Sie Ihren M\u00e4hroboter mit einem PIN-Code und einem abschreckenden Alarmsystem f\u00fcr absolute Sicherheit. <\/p>\n<p><strong>Bitte lesen Sie die Bedienungsanleitung des Produkts vor der Inbetriebnahme sorgf\u00e4ltig durch<\/strong>.<\/p>\n","protected":false},"excerpt":{"rendered":"<ul>\n<li><strong>Autonomer M\u00e4hroboter DAEWOO DARLM1400i<\/strong>, konzipiert f\u00fcr Fl\u00e4chen bis zu <strong>1400 m\u00b2<\/strong>, ideal f\u00fcr mittelgro\u00dfe Rasenfl\u00e4chen.<\/li>\n<li><strong>Gro\u00dfz\u00fcgige Autonomie<\/strong>, arbeitet bis zu <strong>120 Minuten<\/strong> mit einer einzigen Ladung und gew\u00e4hrleistet ein langes M\u00e4hen ohne Unterbrechung.<\/li>\n<li><strong>Programmierbare M\u00e4hmodi<\/strong>, umfasst die Modi<strong> Spiral, Kante und Zufall<\/strong>, vermeidet wiederholte Fahrwege f\u00fcr eine makellose \u00c4sthetik.<\/li>\n<li><strong>Einstellbare Schnitth\u00f6he<\/strong> zwischen<strong> 25 und 55 mm<\/strong> f\u00fcr ein perfektes Finish, angepasst an alle Rasentypen.<\/li>\n<li><strong>Automatisches Aufladen, <\/strong>kehrt automatisch zur Ladestation zur\u00fcck, wenn der Akku schwach ist oder bei Regen.<\/li>\n<\/ul>\n","protected":false},"featured_media":13169,"comment_status":"open","ping_status":"closed","template":"","meta":[],"product_brand":[],"product_cat":[321,320],"product_tag":[],"class_list":{"0":"post-13168","1":"product","2":"type-product","3":"status-publish","4":"has-post-thumbnail","6":"product_cat-mahroboter","7":"product_cat-unsere-rasenmaher","9":"first","10":"instock","11":"sale","12":"shipping-taxable","13":"purchasable","14":"product-type-simple"},"yoast_head":"<!-- This site is optimized with the Yoast SEO plugin v27.4 - https:\/\/yoast.com\/product\/yoast-seo-wordpress\/ -->\n<title>M\u00e4hroboter DAEWOO 1400 m\u00b2 - Schnittbreite 18 cm, 22 m\/min, Sensoren - DARLM1400i<\/title>\n<meta name=\"description\" content=\"Autonomer M\u00e4hroboter DAEWOO DARLM1400i, konzipiert f\u00fcr Fl\u00e4chen bis zu 1400 m\u00b2, ideal f\u00fcr mittelgro\u00dfe Rasenfl\u00e4chen. Gro\u00dfz\u00fcgige Autonomie, arbeitet bis zu 120 Minuten mit einer einzigen Ladung und gew\u00e4hrleistet ein langes M\u00e4hen ohne Unterbrechung. Programmierbare M\u00e4hmodi, umfasst Spiral-, Kanten- und Zufallsmodus, vermeidet wiederholte Fahrwege f\u00fcr eine makellose \u00c4sthetik. Einstellbare Schnitth\u00f6he zwischen 25 und 55 mm f\u00fcr ein perfektes Finish, angepasst an alle Rasentypen. Automatisches Aufladen, kehrt automatisch zur Ladestation zur\u00fcck, wenn der Akku schwach ist oder bei Regen.\" \/>\n<meta name=\"robots\" content=\"index, follow, max-snippet:-1, max-image-preview:large, max-video-preview:-1\" \/>\n<link rel=\"canonical\" href=\"https:\/\/sagrinex.com\/produit\/tondeuse-automatique-daewoo-1400m\u00b2-coupe-18cm-22m-min-capteurs-darlm1400i\/\" \/>\n<meta property=\"og:locale\" content=\"de_DE\" \/>\n<meta property=\"og:type\" content=\"article\" \/>\n<meta property=\"og:title\" content=\"M\u00e4hroboter DAEWOO 1400 m\u00b2 - Schnittbreite 18 cm, 22 m\/min, Sensoren - DARLM1400i\" \/>\n<meta property=\"og:description\" content=\"Autonomer M\u00e4hroboter DAEWOO DARLM1400i, konzipiert f\u00fcr Fl\u00e4chen bis zu 1400 m\u00b2, ideal f\u00fcr mittelgro\u00dfe Rasenfl\u00e4chen. Gro\u00dfz\u00fcgige Autonomie, arbeitet bis zu 120 Minuten mit einer einzigen Ladung und gew\u00e4hrleistet ein langes M\u00e4hen ohne Unterbrechung. Programmierbare M\u00e4hmodi, umfasst Spiral-, Kanten- und Zufallsmodus, vermeidet wiederholte Fahrwege f\u00fcr eine makellose \u00c4sthetik. Einstellbare Schnitth\u00f6he zwischen 25 und 55 mm f\u00fcr ein perfektes Finish, angepasst an alle Rasentypen. Automatisches Aufladen, kehrt automatisch zur Ladestation zur\u00fcck, wenn der Akku schwach ist oder bei Regen.\" \/>\n<meta property=\"og:url\" content=\"https:\/\/sagrinex.com\/produit\/tondeuse-automatique-daewoo-1400m\u00b2-coupe-18cm-22m-min-capteurs-darlm1400i\/\" \/>\n<meta property=\"og:site_name\" content=\"Sagrinex \u2013 Anhaenger, Container &amp; Landtechnik \ud83c\udf3e\ud83d\ude9c\" \/>\n<meta property=\"article:modified_time\" content=\"2026-04-15T21:12:01+00:00\" \/>\n<meta property=\"og:image\" content=\"https:\/\/sagrinex.com\/wp-content\/uploads\/2026\/03\/tondeuse-automatique-daewoo-1400m-coupe-18cm-22m-min-capteurs-darlm1400i.jpg\" \/>\n\t<meta property=\"og:image:width\" content=\"1200\" \/>\n\t<meta property=\"og:image:height\" content=\"1372\" \/>\n\t<meta property=\"og:image:type\" content=\"image\/jpeg\" \/>\n<meta name=\"twitter:card\" content=\"summary_large_image\" \/>\n<meta name=\"twitter:label1\" content=\"Gesch\u00e4tzte Lesezeit\" \/>\n\t<meta name=\"twitter:data1\" content=\"1\u00a0Minute\" \/>\n<script type=\"application\/ld+json\" class=\"yoast-schema-graph\">{\"@context\":\"https:\\\/\\\/schema.org\",\"@graph\":[{\"@type\":\"WebPage\",\"@id\":\"https:\\\/\\\/sagrinex.com\\\/produit\\\/tondeuse-automatique-daewoo-1400m%c2%b2-coupe-18cm-22m-min-capteurs-darlm1400i\\\/\",\"url\":\"https:\\\/\\\/sagrinex.com\\\/produit\\\/tondeuse-automatique-daewoo-1400m%c2%b2-coupe-18cm-22m-min-capteurs-darlm1400i\\\/\",\"name\":\"M\u00e4hroboter DAEWOO 1400 m\u00b2 - Schnittbreite 18 cm, 22 m\\\/min, Sensoren - DARLM1400i\",\"isPartOf\":{\"@id\":\"https:\\\/\\\/sagrinex.com\\\/#website\"},\"primaryImageOfPage\":{\"@id\":\"https:\\\/\\\/sagrinex.com\\\/produit\\\/tondeuse-automatique-daewoo-1400m%c2%b2-coupe-18cm-22m-min-capteurs-darlm1400i\\\/#primaryimage\"},\"image\":{\"@id\":\"https:\\\/\\\/sagrinex.com\\\/produit\\\/tondeuse-automatique-daewoo-1400m%c2%b2-coupe-18cm-22m-min-capteurs-darlm1400i\\\/#primaryimage\"},\"thumbnailUrl\":\"https:\\\/\\\/sagrinex.com\\\/wp-content\\\/uploads\\\/2026\\\/03\\\/tondeuse-automatique-daewoo-1400m-coupe-18cm-22m-min-capteurs-darlm1400i.jpg\",\"datePublished\":\"2026-03-10T00:00:55+00:00\",\"dateModified\":\"2026-04-15T21:12:01+00:00\",\"description\":\"Autonomer M\u00e4hroboter DAEWOO DARLM1400i, konzipiert f\u00fcr Fl\u00e4chen bis zu 1400 m\u00b2, ideal f\u00fcr mittelgro\u00dfe Rasenfl\u00e4chen. Gro\u00dfz\u00fcgige Autonomie, arbeitet bis zu 120 Minuten mit einer einzigen Ladung und gew\u00e4hrleistet ein langes M\u00e4hen ohne Unterbrechung. Programmierbare M\u00e4hmodi, umfasst Spiral-, Kanten- und Zufallsmodus, vermeidet wiederholte Fahrwege f\u00fcr eine makellose \u00c4sthetik. Einstellbare Schnitth\u00f6he zwischen 25 und 55 mm f\u00fcr ein perfektes Finish, angepasst an alle Rasentypen. Automatisches Aufladen, kehrt automatisch zur Ladestation zur\u00fcck, wenn der Akku schwach ist oder bei Regen.\",\"breadcrumb\":{\"@id\":\"https:\\\/\\\/sagrinex.com\\\/produit\\\/tondeuse-automatique-daewoo-1400m%c2%b2-coupe-18cm-22m-min-capteurs-darlm1400i\\\/#breadcrumb\"},\"inLanguage\":\"de\",\"potentialAction\":[{\"@type\":\"ReadAction\",\"target\":[\"https:\\\/\\\/sagrinex.com\\\/produit\\\/tondeuse-automatique-daewoo-1400m%c2%b2-coupe-18cm-22m-min-capteurs-darlm1400i\\\/\"]}]},{\"@type\":\"ImageObject\",\"inLanguage\":\"de\",\"@id\":\"https:\\\/\\\/sagrinex.com\\\/produit\\\/tondeuse-automatique-daewoo-1400m%c2%b2-coupe-18cm-22m-min-capteurs-darlm1400i\\\/#primaryimage\",\"url\":\"https:\\\/\\\/sagrinex.com\\\/wp-content\\\/uploads\\\/2026\\\/03\\\/tondeuse-automatique-daewoo-1400m-coupe-18cm-22m-min-capteurs-darlm1400i.jpg\",\"contentUrl\":\"https:\\\/\\\/sagrinex.com\\\/wp-content\\\/uploads\\\/2026\\\/03\\\/tondeuse-automatique-daewoo-1400m-coupe-18cm-22m-min-capteurs-darlm1400i.jpg\",\"width\":1200,\"height\":1372},{\"@type\":\"BreadcrumbList\",\"@id\":\"https:\\\/\\\/sagrinex.com\\\/produit\\\/tondeuse-automatique-daewoo-1400m%c2%b2-coupe-18cm-22m-min-capteurs-darlm1400i\\\/#breadcrumb\",\"itemListElement\":[{\"@type\":\"ListItem\",\"position\":1,\"name\":\"Accueil\",\"item\":\"https:\\\/\\\/sagrinex.com\\\/?lang=de\"},{\"@type\":\"ListItem\",\"position\":2,\"name\":\"Shop\",\"item\":\"https:\\\/\\\/sagrinex.com\\\/shop\\\/\"},{\"@type\":\"ListItem\",\"position\":3,\"name\":\"M\u00e4hroboter Daewoo 1400 M\u00b2 &#8211; Schnittbreite 18 Cm, 22 M\\\/min, Sensoren &#8211; Darlm1400i\"}]},{\"@type\":\"WebSite\",\"@id\":\"https:\\\/\\\/sagrinex.com\\\/#website\",\"url\":\"https:\\\/\\\/sagrinex.com\\\/\",\"name\":\"Sagrinex \u2013 Spezialist f\u00fcr Anh\u00e4nger, Container & Landtechnik\",\"description\":\"Anhaenger, Container &amp; Landtechnik \u2014 Online-Verkauf &amp; kostenloses Angebot\",\"publisher\":{\"@id\":\"https:\\\/\\\/sagrinex.com\\\/#organization\"},\"potentialAction\":[{\"@type\":\"SearchAction\",\"target\":{\"@type\":\"EntryPoint\",\"urlTemplate\":\"https:\\\/\\\/sagrinex.com\\\/?s={search_term_string}\"},\"query-input\":{\"@type\":\"PropertyValueSpecification\",\"valueRequired\":true,\"valueName\":\"search_term_string\"}}],\"inLanguage\":\"de\"},{\"@type\":\"Organization\",\"@id\":\"https:\\\/\\\/sagrinex.com\\\/#organization\",\"name\":\"Sagrinex \u2013 Remorques, Conteneurs & Mat\u00e9riel Agricole\",\"url\":\"https:\\\/\\\/sagrinex.com\\\/\",\"logo\":{\"@type\":\"ImageObject\",\"inLanguage\":\"de\",\"@id\":\"https:\\\/\\\/sagrinex.com\\\/#\\\/schema\\\/logo\\\/image\\\/\",\"url\":\"https:\\\/\\\/sagrinex.com\\\/wp-content\\\/uploads\\\/2026\\\/03\\\/7f1ac463-ef5a-425d-bdd6-a5da03a334a9-1024x683.png\",\"contentUrl\":\"https:\\\/\\\/sagrinex.com\\\/wp-content\\\/uploads\\\/2026\\\/03\\\/7f1ac463-ef5a-425d-bdd6-a5da03a334a9-1024x683.png\",\"width\":1024,\"height\":683,\"caption\":\"Sagrinex \u2013 Remorques, Conteneurs & Mat\u00e9riel Agricole\"},\"image\":{\"@id\":\"https:\\\/\\\/sagrinex.com\\\/#\\\/schema\\\/logo\\\/image\\\/\"}}]}<\/script>\n<!-- \/ Yoast SEO plugin. -->","yoast_head_json":{"title":"M\u00e4hroboter DAEWOO 1400 m\u00b2 - Schnittbreite 18 cm, 22 m\/min, Sensoren - DARLM1400i","description":"Autonomer M\u00e4hroboter DAEWOO DARLM1400i, konzipiert f\u00fcr Fl\u00e4chen bis zu 1400 m\u00b2, ideal f\u00fcr mittelgro\u00dfe Rasenfl\u00e4chen. Gro\u00dfz\u00fcgige Autonomie, arbeitet bis zu 120 Minuten mit einer einzigen Ladung und gew\u00e4hrleistet ein langes M\u00e4hen ohne Unterbrechung. Programmierbare M\u00e4hmodi, umfasst Spiral-, Kanten- und Zufallsmodus, vermeidet wiederholte Fahrwege f\u00fcr eine makellose \u00c4sthetik. Einstellbare Schnitth\u00f6he zwischen 25 und 55 mm f\u00fcr ein perfektes Finish, angepasst an alle Rasentypen. Automatisches Aufladen, kehrt automatisch zur Ladestation zur\u00fcck, wenn der Akku schwach ist oder bei Regen.","robots":{"index":"index","follow":"follow","max-snippet":"max-snippet:-1","max-image-preview":"max-image-preview:large","max-video-preview":"max-video-preview:-1"},"canonical":"https:\/\/sagrinex.com\/produit\/tondeuse-automatique-daewoo-1400m\u00b2-coupe-18cm-22m-min-capteurs-darlm1400i\/","og_locale":"de_DE","og_type":"article","og_title":"M\u00e4hroboter DAEWOO 1400 m\u00b2 - Schnittbreite 18 cm, 22 m\/min, Sensoren - DARLM1400i","og_description":"Autonomer M\u00e4hroboter DAEWOO DARLM1400i, konzipiert f\u00fcr Fl\u00e4chen bis zu 1400 m\u00b2, ideal f\u00fcr mittelgro\u00dfe Rasenfl\u00e4chen. Gro\u00dfz\u00fcgige Autonomie, arbeitet bis zu 120 Minuten mit einer einzigen Ladung und gew\u00e4hrleistet ein langes M\u00e4hen ohne Unterbrechung. Programmierbare M\u00e4hmodi, umfasst Spiral-, Kanten- und Zufallsmodus, vermeidet wiederholte Fahrwege f\u00fcr eine makellose \u00c4sthetik. Einstellbare Schnitth\u00f6he zwischen 25 und 55 mm f\u00fcr ein perfektes Finish, angepasst an alle Rasentypen. Automatisches Aufladen, kehrt automatisch zur Ladestation zur\u00fcck, wenn der Akku schwach ist oder bei Regen.","og_url":"https:\/\/sagrinex.com\/produit\/tondeuse-automatique-daewoo-1400m\u00b2-coupe-18cm-22m-min-capteurs-darlm1400i\/","og_site_name":"Sagrinex \u2013 Anhaenger, Container &amp; Landtechnik \ud83c\udf3e\ud83d\ude9c","article_modified_time":"2026-04-15T21:12:01+00:00","og_image":[{"width":1200,"height":1372,"url":"https:\/\/sagrinex.com\/wp-content\/uploads\/2026\/03\/tondeuse-automatique-daewoo-1400m-coupe-18cm-22m-min-capteurs-darlm1400i.jpg","type":"image\/jpeg"}],"twitter_card":"summary_large_image","twitter_misc":{"Gesch\u00e4tzte Lesezeit":"1\u00a0Minute"},"schema":{"@context":"https:\/\/schema.org","@graph":[{"@type":"WebPage","@id":"https:\/\/sagrinex.com\/produit\/tondeuse-automatique-daewoo-1400m%c2%b2-coupe-18cm-22m-min-capteurs-darlm1400i\/","url":"https:\/\/sagrinex.com\/produit\/tondeuse-automatique-daewoo-1400m%c2%b2-coupe-18cm-22m-min-capteurs-darlm1400i\/","name":"M\u00e4hroboter DAEWOO 1400 m\u00b2 - Schnittbreite 18 cm, 22 m\/min, Sensoren - DARLM1400i","isPartOf":{"@id":"https:\/\/sagrinex.com\/#website"},"primaryImageOfPage":{"@id":"https:\/\/sagrinex.com\/produit\/tondeuse-automatique-daewoo-1400m%c2%b2-coupe-18cm-22m-min-capteurs-darlm1400i\/#primaryimage"},"image":{"@id":"https:\/\/sagrinex.com\/produit\/tondeuse-automatique-daewoo-1400m%c2%b2-coupe-18cm-22m-min-capteurs-darlm1400i\/#primaryimage"},"thumbnailUrl":"https:\/\/sagrinex.com\/wp-content\/uploads\/2026\/03\/tondeuse-automatique-daewoo-1400m-coupe-18cm-22m-min-capteurs-darlm1400i.jpg","datePublished":"2026-03-10T00:00:55+00:00","dateModified":"2026-04-15T21:12:01+00:00","description":"Autonomer M\u00e4hroboter DAEWOO DARLM1400i, konzipiert f\u00fcr Fl\u00e4chen bis zu 1400 m\u00b2, ideal f\u00fcr mittelgro\u00dfe Rasenfl\u00e4chen. Gro\u00dfz\u00fcgige Autonomie, arbeitet bis zu 120 Minuten mit einer einzigen Ladung und gew\u00e4hrleistet ein langes M\u00e4hen ohne Unterbrechung. Programmierbare M\u00e4hmodi, umfasst Spiral-, Kanten- und Zufallsmodus, vermeidet wiederholte Fahrwege f\u00fcr eine makellose \u00c4sthetik. Einstellbare Schnitth\u00f6he zwischen 25 und 55 mm f\u00fcr ein perfektes Finish, angepasst an alle Rasentypen. Automatisches Aufladen, kehrt automatisch zur Ladestation zur\u00fcck, wenn der Akku schwach ist oder bei Regen.","breadcrumb":{"@id":"https:\/\/sagrinex.com\/produit\/tondeuse-automatique-daewoo-1400m%c2%b2-coupe-18cm-22m-min-capteurs-darlm1400i\/#breadcrumb"},"inLanguage":"de","potentialAction":[{"@type":"ReadAction","target":["https:\/\/sagrinex.com\/produit\/tondeuse-automatique-daewoo-1400m%c2%b2-coupe-18cm-22m-min-capteurs-darlm1400i\/"]}]},{"@type":"ImageObject","inLanguage":"de","@id":"https:\/\/sagrinex.com\/produit\/tondeuse-automatique-daewoo-1400m%c2%b2-coupe-18cm-22m-min-capteurs-darlm1400i\/#primaryimage","url":"https:\/\/sagrinex.com\/wp-content\/uploads\/2026\/03\/tondeuse-automatique-daewoo-1400m-coupe-18cm-22m-min-capteurs-darlm1400i.jpg","contentUrl":"https:\/\/sagrinex.com\/wp-content\/uploads\/2026\/03\/tondeuse-automatique-daewoo-1400m-coupe-18cm-22m-min-capteurs-darlm1400i.jpg","width":1200,"height":1372},{"@type":"BreadcrumbList","@id":"https:\/\/sagrinex.com\/produit\/tondeuse-automatique-daewoo-1400m%c2%b2-coupe-18cm-22m-min-capteurs-darlm1400i\/#breadcrumb","itemListElement":[{"@type":"ListItem","position":1,"name":"Accueil","item":"https:\/\/sagrinex.com\/?lang=de"},{"@type":"ListItem","position":2,"name":"Shop","item":"https:\/\/sagrinex.com\/shop\/"},{"@type":"ListItem","position":3,"name":"M\u00e4hroboter Daewoo 1400 M\u00b2 &#8211; Schnittbreite 18 Cm, 22 M\/min, Sensoren &#8211; Darlm1400i"}]},{"@type":"WebSite","@id":"https:\/\/sagrinex.com\/#website","url":"https:\/\/sagrinex.com\/","name":"Sagrinex \u2013 Spezialist f\u00fcr Anh\u00e4nger, Container & Landtechnik","description":"Anhaenger, Container &amp; Landtechnik \u2014 Online-Verkauf &amp; kostenloses Angebot","publisher":{"@id":"https:\/\/sagrinex.com\/#organization"},"potentialAction":[{"@type":"SearchAction","target":{"@type":"EntryPoint","urlTemplate":"https:\/\/sagrinex.com\/?s={search_term_string}"},"query-input":{"@type":"PropertyValueSpecification","valueRequired":true,"valueName":"search_term_string"}}],"inLanguage":"de"},{"@type":"Organization","@id":"https:\/\/sagrinex.com\/#organization","name":"Sagrinex \u2013 Remorques, Conteneurs & Mat\u00e9riel Agricole","url":"https:\/\/sagrinex.com\/","logo":{"@type":"ImageObject","inLanguage":"de","@id":"https:\/\/sagrinex.com\/#\/schema\/logo\/image\/","url":"https:\/\/sagrinex.com\/wp-content\/uploads\/2026\/03\/7f1ac463-ef5a-425d-bdd6-a5da03a334a9-1024x683.png","contentUrl":"https:\/\/sagrinex.com\/wp-content\/uploads\/2026\/03\/7f1ac463-ef5a-425d-bdd6-a5da03a334a9-1024x683.png","width":1024,"height":683,"caption":"Sagrinex \u2013 Remorques, Conteneurs & Mat\u00e9riel Agricole"},"image":{"@id":"https:\/\/sagrinex.com\/#\/schema\/logo\/image\/"}}]}},"jetpack_sharing_enabled":true,"_links":{"self":[{"href":"https:\/\/sagrinex.com\/de\/wp-json\/wp\/v2\/product\/13168","targetHints":{"allow":["GET"]}}],"collection":[{"href":"https:\/\/sagrinex.com\/de\/wp-json\/wp\/v2\/product"}],"about":[{"href":"https:\/\/sagrinex.com\/de\/wp-json\/wp\/v2\/types\/product"}],"replies":[{"embeddable":true,"href":"https:\/\/sagrinex.com\/de\/wp-json\/wp\/v2\/comments?post=13168"}],"version-history":[{"count":0,"href":"https:\/\/sagrinex.com\/de\/wp-json\/wp\/v2\/product\/13168\/revisions"}],"wp:featuredmedia":[{"embeddable":true,"href":"https:\/\/sagrinex.com\/de\/wp-json\/wp\/v2\/media\/13169"}],"wp:attachment":[{"href":"https:\/\/sagrinex.com\/de\/wp-json\/wp\/v2\/media?parent=13168"}],"wp:term":[{"taxonomy":"product_brand","embeddable":true,"href":"https:\/\/sagrinex.com\/de\/wp-json\/wp\/v2\/product_brand?post=13168"},{"taxonomy":"product_cat","embeddable":true,"href":"https:\/\/sagrinex.com\/de\/wp-json\/wp\/v2\/product_cat?post=13168"},{"taxonomy":"product_tag","embeddable":true,"href":"https:\/\/sagrinex.com\/de\/wp-json\/wp\/v2\/product_tag?post=13168"}],"curies":[{"name":"wp","href":"https:\/\/api.w.org\/{rel}","templated":true}]}}