{"id":13220,"date":"2026-03-10T15:28:16","date_gmt":"2026-03-10T15:28:16","guid":{"rendered":"https:\/\/sagrinex.com\/produit\/professioneller-benzin-rasenmaeher-90-cm-mulchen-5-200-m%c2%b2-h-zero-turn-wendigkeit-grin-xm90a\/"},"modified":"2026-04-15T21:12:02","modified_gmt":"2026-04-15T21:12:02","slug":"professioneller-benzin-rasenmaeher-90-cm-mulchen-5-200-m%c2%b2-h-zero-turn-wendigkeit-grin-xm90a","status":"publish","type":"product","link":"https:\/\/sagrinex.com\/de\/produit\/professioneller-benzin-rasenmaeher-90-cm-mulchen-5-200-m%c2%b2-h-zero-turn-wendigkeit-grin-xm90a\/","title":{"rendered":"Professioneller Benzin-rasenm\u00e4her 90 Cm, Mulchen 5.200 M\u00b2\/h, Zero-turn-wendigkeit \u2013 Grin XM90A"},"content":{"rendered":"<p>Der GRIN XM90A ist ein professioneller Benzin-Rasenm\u00e4her, ideal f\u00fcr die Pflege gro\u00dfer Gr\u00fcnfl\u00e4chen \u00fcber 3.000 m\u00b2. Mit einer Schnittbreite von 90 cm und einer M\u00e4hleistung von 5.200 m\u00b2 pro Stunde ist er f\u00fcr Anwender konzipiert, die eine leistungsstarke und zuverl\u00e4ssige Maschine f\u00fcr intensive Arbeiten suchen. <\/p>\n<p><strong>Schneidsystem und Leistung<\/strong><\/p>\n<p>Dieser Rasenm\u00e4her nutzt das patentierte GRIN-System \u201eM\u00e4hen, nicht mehr aufsammeln, Schluss mit Abfall\u201c, das das Gras direkt beim Schnitt zerkleinert, ohne dass ein Aufsammeln erforderlich ist. Dank des GRIN MAXI-3-M\u00e4hdecks aus drei Geh\u00e4usen sorgt der XM90A f\u00fcr einen sauberen und effizienten Schnitt \u2013 selbst unter schwierigen Bedingungen. Dieses System macht das Entleeren eines Fangkorbs \u00fcberfl\u00fcssig.  <\/p>\n<p>Die Schnitth\u00f6he ist mikrometergenau zwischen 25 und 115 mm einstellbar und bietet hohe Flexibilit\u00e4t, um sich an unterschiedliche Grash\u00f6hen und die Bed\u00fcrfnisse jedes Anwenders anzupassen. Diese stufenlose Einstellung gew\u00e4hrleistet einen gleichm\u00e4\u00dfigen Schnitt \u2013 unabh\u00e4ngig von Gel\u00e4ndeart oder Grash\u00f6he. <\/p>\n<p><strong>Wendigkeit und Zero-Turn-System<\/strong><\/p>\n<p>Der GRIN XM90A zeichnet sich durch seine extreme Wendigkeit dank des GRIN EASY DRIVE-Antriebssystems aus. Dieses System basiert auf Zero-Turn-Technologie und erm\u00f6glicht eine sehr einfache Handhabung in engen Kurven und um Hindernisse herum. Die einfache Bedienung und Wartung dieses Systems erlaubt es Profis, die Maschine mit optimaler Pr\u00e4zision zu man\u00f6vrieren \u2013 f\u00fcr schnelleres und weniger erm\u00fcdendes Arbeiten.  <\/p>\n<p>Mit kompakten Abmessungen von 139 \u00d7 96 \u00d7 116 cm und einem Gewicht von 180 kg ist der XM90A leicht zu transportieren. Sein geringes Gewicht minimiert die Belastung von Boden und Rasen, reduziert das Niederdr\u00fccken und senkt den Kraftstoffverbrauch. <\/p>\n<p><strong>Vielseitigkeit und Fahroptionen<\/strong><\/p>\n<p>Der GRIN XM90A l\u00e4sst sich dank der ON BOARD-Option in nur wenigen Sekunden in eine Aufsitzmaschine verwandeln. Diese Halterung erm\u00f6glicht es, je nach Einsatzbedarf zwei Zubeh\u00f6rteile schnell zu montieren oder zu demontieren: <\/p>\n<ul>\n<li><strong>STAND ON<\/strong>: Erm\u00f6glicht dem Bediener, die Maschine im Stehen zu fahren, und bietet eine bessere Sicht auf den M\u00e4hbereich. Dieser Modus ist ideal f\u00fcr Hanglagen, mit h\u00f6herer Sicherheit beim Verlassen der Maschine und geringerem Platzbedarf. <\/li>\n<li><strong>RIDE ON<\/strong>: Bietet zus\u00e4tzlichen Komfort dank eines gepolsterten, gefederten Sitzes \u2013 perfekt f\u00fcr lange Arbeitseins\u00e4tze. In diesem Modus kann der Bediener sitzend arbeiten und profitiert von einem Kolbensto\u00dfd\u00e4mpfer, der eine ruhige Fahrt auch auf unebenem Gel\u00e4nde gew\u00e4hrleistet. <\/li>\n<\/ul>\n<p><strong>Motor und technische Merkmale<\/strong><\/p>\n<p>Der XM90A ist mit einem Briggs &amp; Stratton 4175EX Motor mit 500 cm\u00b3 ausgestattet, der die n\u00f6tige Leistung f\u00fcr die Pflege gro\u00dfer Gr\u00fcnfl\u00e4chen liefert. Der Elektrostart vereinfacht die Nutzung und erm\u00f6glicht ein schnelles, m\u00fcheloses Starten \u2013 ideal f\u00fcr Profis, die eine zuverl\u00e4ssige und einfach zu bedienende Maschine ben\u00f6tigen. <\/p>\n<p>Die Maschine verf\u00fcgt \u00fcber einen 8-Liter-Tank, der ausreichend Autonomie bietet, um gro\u00dfe Fl\u00e4chen ohne h\u00e4ufiges Nachtanken zu bearbeiten. Die vollen Vorderr\u00e4der und die Garden-Hinterr\u00e4der bieten hervorragende Traktion, sodass sich der XM90A problemlos auf verschiedenem Gel\u00e4nde bewegen l\u00e4sst. <\/p>\n<p><strong>Wartungstipps<\/strong><\/p>\n<ul>\n<li><strong>Regelm\u00e4\u00dfige Reinigung<\/strong>: Reinigen Sie das M\u00e4hdeck nach jeder Nutzung, um eine optimale Zerkleinerung des Grases zu gew\u00e4hrleisten und die Lebensdauer der Messer zu verl\u00e4ngern.<\/li>\n<li><strong>Messersch\u00e4rfen<\/strong>: H\u00e4ufiges Sch\u00e4rfen sorgt f\u00fcr einen sauberen und pr\u00e4zisen Schnitt.<\/li>\n<li><strong>Motorwartung<\/strong>: Pr\u00fcfen Sie regelm\u00e4\u00dfig den \u00d6lstand und reinigen Sie den Luftfilter, um Leistungseinbu\u00dfen zu vermeiden.<\/li>\n<li><strong>Lagerung<\/strong>: Lagern Sie die Maschine an einem trockenen Ort, besonders nach dem Einsatz auf feuchtem Rasen, um Korrosion zu vermeiden.<\/li>\n<\/ul>\n<p>Fazit: Der GRIN XM90A ist ein vielseitiger und leistungsstarker Benzin-Rasenm\u00e4her, speziell f\u00fcr anspruchsvolle Profis entwickelt. Seine F\u00e4higkeit, das Gras zu zerkleinern, seine Zero-Turn-Wendigkeit und die flexiblen Fahroptionen machen ihn zur idealen L\u00f6sung f\u00fcr gro\u00dfe G\u00e4rten und Gr\u00fcnfl\u00e4chen, die regelm\u00e4\u00dfig gepflegt werden m\u00fcssen. <\/p>\n","protected":false},"excerpt":{"rendered":"<ul>\n<li><strong>Professioneller Rasenm\u00e4her GRIN XM90A<\/strong>, speziell f\u00fcr die Pflege gro\u00dfer Gr\u00fcnfl\u00e4chen ab <strong>3.000 m\u00b2<\/strong>, mit einer M\u00e4hleistung von <strong>5.200 m\u00b2\/h<\/strong> und einer <strong>Schnittbreite von 90 cm<\/strong>.<\/li>\n<li>Ausgestattet mit dem <strong>patentierten GRIN MAXI-3-Schneidsystem<\/strong>, das ein effizientes Zerkleinern des Grases ohne Aufsammeln gew\u00e4hrleistet \u2013 selbst unter schwierigen Bedingungen (deutlich besseres Ergebnis als herk\u00f6mmliches Mulchen).<\/li>\n<li><strong>GRIN EASY DRIVE-Antrieb<\/strong> mit au\u00dfergew\u00f6hnlicher Wendigkeit dank Zero-Turn-Fahrsystem, ideal f\u00fcr pr\u00e4zise Man\u00f6ver um Hindernisse.<\/li>\n<li><strong>Briggs &amp; Stratton 4175EX Motor mit 500 cm\u00b3<\/strong> mit <strong>Elektrostart<\/strong> und <strong>8-Liter-Tank.<\/strong><\/li>\n<li>Wechseln Sie in wenigen Sekunden vom Rasenm\u00e4her zur Aufsitzmaschine \u2013 ohne Werkzeug \u2013 dank der Zubeh\u00f6rteile <strong>STAND ON<\/strong> (Stehbetrieb) und <strong>RIDE ON<\/strong> (Sitzbetrieb).<\/li>\n<li>Zus\u00e4tzlich zur Originalgarantie bietet GRIN kostenlos 1 Jahr Garantieverl\u00e4ngerung \u2013 bis zu 3 Jahre Abdeckung.<\/li>\n<\/ul>\n","protected":false},"featured_media":13221,"comment_status":"open","ping_status":"closed","template":"","meta":[],"product_brand":[],"product_cat":[325,320],"product_tag":[],"class_list":{"0":"post-13220","1":"product","2":"type-product","3":"status-publish","4":"has-post-thumbnail","6":"product_cat-benzin-rasenmaeher","7":"product_cat-unsere-rasenmaher","9":"first","10":"instock","11":"sale","12":"shipping-taxable","13":"purchasable","14":"product-type-simple"},"yoast_head":"<!-- This site is optimized with the Yoast SEO plugin v27.4 - https:\/\/yoast.com\/product\/yoast-seo-wordpress\/ -->\n<title>Professioneller Benzin-Rasenm\u00e4her 90 cm, Mulchen 5.200 m\u00b2\/h, Zero-Turn-Wendigkeit \u2013 GRIN XM90A<\/title>\n<meta name=\"description\" content=\"Professioneller Rasenm\u00e4her GRIN XM90A, speziell f\u00fcr die Pflege gro\u00dfer Gr\u00fcnfl\u00e4chen ab 3.000 m\u00b2 entwickelt, mit einer M\u00e4hleistung von 5.200 m\u00b2\/h und einer Schnittbreite von 90 cm. Ausgestattet mit dem patentierten GRIN MAXI-3-Schneidsystem, das ein effizientes Zerkleinern des Grases ohne Aufsammeln gew\u00e4hrleistet \u2013 selbst unter schwierigen Bedingungen (deutlich besseres Ergebnis als herk\u00f6mmliches Mulchen). GRIN EASY DRIVE-Antrieb mit au\u00dfergew\u00f6hnlicher Wendigkeit dank Zero-Turn-Fahrsystem, ideal f\u00fcr pr\u00e4zise Man\u00f6ver um Hindernisse. Briggs &amp; Stratton 4175EX Motor mit 500 cm\u00b3, Elektrostart und 8-Liter-Tank. Wechseln Sie in wenigen Sekunden vom Rasenm\u00e4her zur Aufsitzmaschine \u2013 ohne Werkzeug \u2013 dank der Zubeh\u00f6rteile STAND ON (Stehbetrieb) und RIDE ON (Sitzbetrieb). Zus\u00e4tzlich zur Originalgarantie bietet GRIN kostenlos 1 Jahr Garantieverl\u00e4ngerung \u2013 bis zu 3 Jahre Abdeckung.\" \/>\n<meta name=\"robots\" content=\"index, follow, max-snippet:-1, max-image-preview:large, max-video-preview:-1\" \/>\n<link rel=\"canonical\" href=\"https:\/\/sagrinex.com\/produit\/tondeuse-thermique-professionnelle-90-cm-mulching-5200-m\u00b2-h-braquage-zero-turn-grin-xm90a\/\" \/>\n<meta property=\"og:locale\" content=\"de_DE\" \/>\n<meta property=\"og:type\" content=\"article\" \/>\n<meta property=\"og:title\" content=\"Professioneller Benzin-Rasenm\u00e4her 90 cm, Mulchen 5.200 m\u00b2\/h, Zero-Turn-Wendigkeit \u2013 GRIN XM90A\" \/>\n<meta property=\"og:description\" content=\"Professioneller Rasenm\u00e4her GRIN XM90A, speziell f\u00fcr die Pflege gro\u00dfer Gr\u00fcnfl\u00e4chen ab 3.000 m\u00b2 entwickelt, mit einer M\u00e4hleistung von 5.200 m\u00b2\/h und einer Schnittbreite von 90 cm. Ausgestattet mit dem patentierten GRIN MAXI-3-Schneidsystem, das ein effizientes Zerkleinern des Grases ohne Aufsammeln gew\u00e4hrleistet \u2013 selbst unter schwierigen Bedingungen (deutlich besseres Ergebnis als herk\u00f6mmliches Mulchen). GRIN EASY DRIVE-Antrieb mit au\u00dfergew\u00f6hnlicher Wendigkeit dank Zero-Turn-Fahrsystem, ideal f\u00fcr pr\u00e4zise Man\u00f6ver um Hindernisse. Briggs &amp; Stratton 4175EX Motor mit 500 cm\u00b3, Elektrostart und 8-Liter-Tank. Wechseln Sie in wenigen Sekunden vom Rasenm\u00e4her zur Aufsitzmaschine \u2013 ohne Werkzeug \u2013 dank der Zubeh\u00f6rteile STAND ON (Stehbetrieb) und RIDE ON (Sitzbetrieb). Zus\u00e4tzlich zur Originalgarantie bietet GRIN kostenlos 1 Jahr Garantieverl\u00e4ngerung \u2013 bis zu 3 Jahre Abdeckung.\" \/>\n<meta property=\"og:url\" content=\"https:\/\/sagrinex.com\/produit\/tondeuse-thermique-professionnelle-90-cm-mulching-5200-m\u00b2-h-braquage-zero-turn-grin-xm90a\/\" \/>\n<meta property=\"og:site_name\" content=\"Sagrinex \u2013 Anhaenger, Container &amp; Landtechnik \ud83c\udf3e\ud83d\ude9c\" \/>\n<meta property=\"article:modified_time\" content=\"2026-04-15T21:12:02+00:00\" \/>\n<meta property=\"og:image\" content=\"https:\/\/sagrinex.com\/wp-content\/uploads\/2026\/03\/tondeuse-thermique-professionnelle-90-cm-mulching-5200-m-h-braquage-zero-turn-grin-xm90a.jpg\" \/>\n\t<meta property=\"og:image:width\" content=\"1200\" \/>\n\t<meta property=\"og:image:height\" content=\"1372\" \/>\n\t<meta property=\"og:image:type\" content=\"image\/jpeg\" \/>\n<meta name=\"twitter:card\" content=\"summary_large_image\" \/>\n<meta name=\"twitter:label1\" content=\"Gesch\u00e4tzte Lesezeit\" \/>\n\t<meta name=\"twitter:data1\" content=\"3\u00a0Minuten\" \/>\n<script type=\"application\/ld+json\" class=\"yoast-schema-graph\">{\"@context\":\"https:\\\/\\\/schema.org\",\"@graph\":[{\"@type\":\"WebPage\",\"@id\":\"https:\\\/\\\/sagrinex.com\\\/produit\\\/tondeuse-thermique-professionnelle-90-cm-mulching-5200-m%c2%b2-h-braquage-zero-turn-grin-xm90a\\\/\",\"url\":\"https:\\\/\\\/sagrinex.com\\\/produit\\\/tondeuse-thermique-professionnelle-90-cm-mulching-5200-m%c2%b2-h-braquage-zero-turn-grin-xm90a\\\/\",\"name\":\"Professioneller Benzin-Rasenm\u00e4her 90 cm, Mulchen 5.200 m\u00b2\\\/h, Zero-Turn-Wendigkeit \u2013 GRIN XM90A\",\"isPartOf\":{\"@id\":\"https:\\\/\\\/sagrinex.com\\\/#website\"},\"primaryImageOfPage\":{\"@id\":\"https:\\\/\\\/sagrinex.com\\\/produit\\\/tondeuse-thermique-professionnelle-90-cm-mulching-5200-m%c2%b2-h-braquage-zero-turn-grin-xm90a\\\/#primaryimage\"},\"image\":{\"@id\":\"https:\\\/\\\/sagrinex.com\\\/produit\\\/tondeuse-thermique-professionnelle-90-cm-mulching-5200-m%c2%b2-h-braquage-zero-turn-grin-xm90a\\\/#primaryimage\"},\"thumbnailUrl\":\"https:\\\/\\\/sagrinex.com\\\/wp-content\\\/uploads\\\/2026\\\/03\\\/tondeuse-thermique-professionnelle-90-cm-mulching-5200-m-h-braquage-zero-turn-grin-xm90a.jpg\",\"datePublished\":\"2026-03-10T15:28:16+00:00\",\"dateModified\":\"2026-04-15T21:12:02+00:00\",\"description\":\"Professioneller Rasenm\u00e4her GRIN XM90A, speziell f\u00fcr die Pflege gro\u00dfer Gr\u00fcnfl\u00e4chen ab 3.000 m\u00b2 entwickelt, mit einer M\u00e4hleistung von 5.200 m\u00b2\\\/h und einer Schnittbreite von 90 cm. Ausgestattet mit dem patentierten GRIN MAXI-3-Schneidsystem, das ein effizientes Zerkleinern des Grases ohne Aufsammeln gew\u00e4hrleistet \u2013 selbst unter schwierigen Bedingungen (deutlich besseres Ergebnis als herk\u00f6mmliches Mulchen). GRIN EASY DRIVE-Antrieb mit au\u00dfergew\u00f6hnlicher Wendigkeit dank Zero-Turn-Fahrsystem, ideal f\u00fcr pr\u00e4zise Man\u00f6ver um Hindernisse. Briggs & Stratton 4175EX Motor mit 500 cm\u00b3, Elektrostart und 8-Liter-Tank. Wechseln Sie in wenigen Sekunden vom Rasenm\u00e4her zur Aufsitzmaschine \u2013 ohne Werkzeug \u2013 dank der Zubeh\u00f6rteile STAND ON (Stehbetrieb) und RIDE ON (Sitzbetrieb). Zus\u00e4tzlich zur Originalgarantie bietet GRIN kostenlos 1 Jahr Garantieverl\u00e4ngerung \u2013 bis zu 3 Jahre Abdeckung.\",\"breadcrumb\":{\"@id\":\"https:\\\/\\\/sagrinex.com\\\/produit\\\/tondeuse-thermique-professionnelle-90-cm-mulching-5200-m%c2%b2-h-braquage-zero-turn-grin-xm90a\\\/#breadcrumb\"},\"inLanguage\":\"de\",\"potentialAction\":[{\"@type\":\"ReadAction\",\"target\":[\"https:\\\/\\\/sagrinex.com\\\/produit\\\/tondeuse-thermique-professionnelle-90-cm-mulching-5200-m%c2%b2-h-braquage-zero-turn-grin-xm90a\\\/\"]}]},{\"@type\":\"ImageObject\",\"inLanguage\":\"de\",\"@id\":\"https:\\\/\\\/sagrinex.com\\\/produit\\\/tondeuse-thermique-professionnelle-90-cm-mulching-5200-m%c2%b2-h-braquage-zero-turn-grin-xm90a\\\/#primaryimage\",\"url\":\"https:\\\/\\\/sagrinex.com\\\/wp-content\\\/uploads\\\/2026\\\/03\\\/tondeuse-thermique-professionnelle-90-cm-mulching-5200-m-h-braquage-zero-turn-grin-xm90a.jpg\",\"contentUrl\":\"https:\\\/\\\/sagrinex.com\\\/wp-content\\\/uploads\\\/2026\\\/03\\\/tondeuse-thermique-professionnelle-90-cm-mulching-5200-m-h-braquage-zero-turn-grin-xm90a.jpg\",\"width\":1200,\"height\":1372},{\"@type\":\"BreadcrumbList\",\"@id\":\"https:\\\/\\\/sagrinex.com\\\/produit\\\/tondeuse-thermique-professionnelle-90-cm-mulching-5200-m%c2%b2-h-braquage-zero-turn-grin-xm90a\\\/#breadcrumb\",\"itemListElement\":[{\"@type\":\"ListItem\",\"position\":1,\"name\":\"Accueil\",\"item\":\"https:\\\/\\\/sagrinex.com\\\/?lang=de\"},{\"@type\":\"ListItem\",\"position\":2,\"name\":\"Shop\",\"item\":\"https:\\\/\\\/sagrinex.com\\\/shop\\\/\"},{\"@type\":\"ListItem\",\"position\":3,\"name\":\"Professioneller Benzin-rasenm\u00e4her 90 Cm, Mulchen 5.200 M\u00b2\\\/h, Zero-turn-wendigkeit \u2013 Grin XM90A\"}]},{\"@type\":\"WebSite\",\"@id\":\"https:\\\/\\\/sagrinex.com\\\/#website\",\"url\":\"https:\\\/\\\/sagrinex.com\\\/\",\"name\":\"Sagrinex \u2013 Spezialist f\u00fcr Anh\u00e4nger, Container & Landtechnik\",\"description\":\"Anhaenger, Container &amp; Landtechnik \u2014 Online-Verkauf &amp; kostenloses Angebot\",\"publisher\":{\"@id\":\"https:\\\/\\\/sagrinex.com\\\/#organization\"},\"potentialAction\":[{\"@type\":\"SearchAction\",\"target\":{\"@type\":\"EntryPoint\",\"urlTemplate\":\"https:\\\/\\\/sagrinex.com\\\/?s={search_term_string}\"},\"query-input\":{\"@type\":\"PropertyValueSpecification\",\"valueRequired\":true,\"valueName\":\"search_term_string\"}}],\"inLanguage\":\"de\"},{\"@type\":\"Organization\",\"@id\":\"https:\\\/\\\/sagrinex.com\\\/#organization\",\"name\":\"Sagrinex \u2013 Remorques, Conteneurs & Mat\u00e9riel Agricole\",\"url\":\"https:\\\/\\\/sagrinex.com\\\/\",\"logo\":{\"@type\":\"ImageObject\",\"inLanguage\":\"de\",\"@id\":\"https:\\\/\\\/sagrinex.com\\\/#\\\/schema\\\/logo\\\/image\\\/\",\"url\":\"https:\\\/\\\/sagrinex.com\\\/wp-content\\\/uploads\\\/2026\\\/03\\\/7f1ac463-ef5a-425d-bdd6-a5da03a334a9-1024x683.png\",\"contentUrl\":\"https:\\\/\\\/sagrinex.com\\\/wp-content\\\/uploads\\\/2026\\\/03\\\/7f1ac463-ef5a-425d-bdd6-a5da03a334a9-1024x683.png\",\"width\":1024,\"height\":683,\"caption\":\"Sagrinex \u2013 Remorques, Conteneurs & Mat\u00e9riel Agricole\"},\"image\":{\"@id\":\"https:\\\/\\\/sagrinex.com\\\/#\\\/schema\\\/logo\\\/image\\\/\"}}]}<\/script>\n<!-- \/ Yoast SEO plugin. -->","yoast_head_json":{"title":"Professioneller Benzin-Rasenm\u00e4her 90 cm, Mulchen 5.200 m\u00b2\/h, Zero-Turn-Wendigkeit \u2013 GRIN XM90A","description":"Professioneller Rasenm\u00e4her GRIN XM90A, speziell f\u00fcr die Pflege gro\u00dfer Gr\u00fcnfl\u00e4chen ab 3.000 m\u00b2 entwickelt, mit einer M\u00e4hleistung von 5.200 m\u00b2\/h und einer Schnittbreite von 90 cm. Ausgestattet mit dem patentierten GRIN MAXI-3-Schneidsystem, das ein effizientes Zerkleinern des Grases ohne Aufsammeln gew\u00e4hrleistet \u2013 selbst unter schwierigen Bedingungen (deutlich besseres Ergebnis als herk\u00f6mmliches Mulchen). GRIN EASY DRIVE-Antrieb mit au\u00dfergew\u00f6hnlicher Wendigkeit dank Zero-Turn-Fahrsystem, ideal f\u00fcr pr\u00e4zise Man\u00f6ver um Hindernisse. Briggs & Stratton 4175EX Motor mit 500 cm\u00b3, Elektrostart und 8-Liter-Tank. Wechseln Sie in wenigen Sekunden vom Rasenm\u00e4her zur Aufsitzmaschine \u2013 ohne Werkzeug \u2013 dank der Zubeh\u00f6rteile STAND ON (Stehbetrieb) und RIDE ON (Sitzbetrieb). Zus\u00e4tzlich zur Originalgarantie bietet GRIN kostenlos 1 Jahr Garantieverl\u00e4ngerung \u2013 bis zu 3 Jahre Abdeckung.","robots":{"index":"index","follow":"follow","max-snippet":"max-snippet:-1","max-image-preview":"max-image-preview:large","max-video-preview":"max-video-preview:-1"},"canonical":"https:\/\/sagrinex.com\/produit\/tondeuse-thermique-professionnelle-90-cm-mulching-5200-m\u00b2-h-braquage-zero-turn-grin-xm90a\/","og_locale":"de_DE","og_type":"article","og_title":"Professioneller Benzin-Rasenm\u00e4her 90 cm, Mulchen 5.200 m\u00b2\/h, Zero-Turn-Wendigkeit \u2013 GRIN XM90A","og_description":"Professioneller Rasenm\u00e4her GRIN XM90A, speziell f\u00fcr die Pflege gro\u00dfer Gr\u00fcnfl\u00e4chen ab 3.000 m\u00b2 entwickelt, mit einer M\u00e4hleistung von 5.200 m\u00b2\/h und einer Schnittbreite von 90 cm. Ausgestattet mit dem patentierten GRIN MAXI-3-Schneidsystem, das ein effizientes Zerkleinern des Grases ohne Aufsammeln gew\u00e4hrleistet \u2013 selbst unter schwierigen Bedingungen (deutlich besseres Ergebnis als herk\u00f6mmliches Mulchen). GRIN EASY DRIVE-Antrieb mit au\u00dfergew\u00f6hnlicher Wendigkeit dank Zero-Turn-Fahrsystem, ideal f\u00fcr pr\u00e4zise Man\u00f6ver um Hindernisse. Briggs & Stratton 4175EX Motor mit 500 cm\u00b3, Elektrostart und 8-Liter-Tank. Wechseln Sie in wenigen Sekunden vom Rasenm\u00e4her zur Aufsitzmaschine \u2013 ohne Werkzeug \u2013 dank der Zubeh\u00f6rteile STAND ON (Stehbetrieb) und RIDE ON (Sitzbetrieb). Zus\u00e4tzlich zur Originalgarantie bietet GRIN kostenlos 1 Jahr Garantieverl\u00e4ngerung \u2013 bis zu 3 Jahre Abdeckung.","og_url":"https:\/\/sagrinex.com\/produit\/tondeuse-thermique-professionnelle-90-cm-mulching-5200-m\u00b2-h-braquage-zero-turn-grin-xm90a\/","og_site_name":"Sagrinex \u2013 Anhaenger, Container &amp; Landtechnik \ud83c\udf3e\ud83d\ude9c","article_modified_time":"2026-04-15T21:12:02+00:00","og_image":[{"width":1200,"height":1372,"url":"https:\/\/sagrinex.com\/wp-content\/uploads\/2026\/03\/tondeuse-thermique-professionnelle-90-cm-mulching-5200-m-h-braquage-zero-turn-grin-xm90a.jpg","type":"image\/jpeg"}],"twitter_card":"summary_large_image","twitter_misc":{"Gesch\u00e4tzte Lesezeit":"3\u00a0Minuten"},"schema":{"@context":"https:\/\/schema.org","@graph":[{"@type":"WebPage","@id":"https:\/\/sagrinex.com\/produit\/tondeuse-thermique-professionnelle-90-cm-mulching-5200-m%c2%b2-h-braquage-zero-turn-grin-xm90a\/","url":"https:\/\/sagrinex.com\/produit\/tondeuse-thermique-professionnelle-90-cm-mulching-5200-m%c2%b2-h-braquage-zero-turn-grin-xm90a\/","name":"Professioneller Benzin-Rasenm\u00e4her 90 cm, Mulchen 5.200 m\u00b2\/h, Zero-Turn-Wendigkeit \u2013 GRIN XM90A","isPartOf":{"@id":"https:\/\/sagrinex.com\/#website"},"primaryImageOfPage":{"@id":"https:\/\/sagrinex.com\/produit\/tondeuse-thermique-professionnelle-90-cm-mulching-5200-m%c2%b2-h-braquage-zero-turn-grin-xm90a\/#primaryimage"},"image":{"@id":"https:\/\/sagrinex.com\/produit\/tondeuse-thermique-professionnelle-90-cm-mulching-5200-m%c2%b2-h-braquage-zero-turn-grin-xm90a\/#primaryimage"},"thumbnailUrl":"https:\/\/sagrinex.com\/wp-content\/uploads\/2026\/03\/tondeuse-thermique-professionnelle-90-cm-mulching-5200-m-h-braquage-zero-turn-grin-xm90a.jpg","datePublished":"2026-03-10T15:28:16+00:00","dateModified":"2026-04-15T21:12:02+00:00","description":"Professioneller Rasenm\u00e4her GRIN XM90A, speziell f\u00fcr die Pflege gro\u00dfer Gr\u00fcnfl\u00e4chen ab 3.000 m\u00b2 entwickelt, mit einer M\u00e4hleistung von 5.200 m\u00b2\/h und einer Schnittbreite von 90 cm. Ausgestattet mit dem patentierten GRIN MAXI-3-Schneidsystem, das ein effizientes Zerkleinern des Grases ohne Aufsammeln gew\u00e4hrleistet \u2013 selbst unter schwierigen Bedingungen (deutlich besseres Ergebnis als herk\u00f6mmliches Mulchen). GRIN EASY DRIVE-Antrieb mit au\u00dfergew\u00f6hnlicher Wendigkeit dank Zero-Turn-Fahrsystem, ideal f\u00fcr pr\u00e4zise Man\u00f6ver um Hindernisse. Briggs & Stratton 4175EX Motor mit 500 cm\u00b3, Elektrostart und 8-Liter-Tank. Wechseln Sie in wenigen Sekunden vom Rasenm\u00e4her zur Aufsitzmaschine \u2013 ohne Werkzeug \u2013 dank der Zubeh\u00f6rteile STAND ON (Stehbetrieb) und RIDE ON (Sitzbetrieb). Zus\u00e4tzlich zur Originalgarantie bietet GRIN kostenlos 1 Jahr Garantieverl\u00e4ngerung \u2013 bis zu 3 Jahre Abdeckung.","breadcrumb":{"@id":"https:\/\/sagrinex.com\/produit\/tondeuse-thermique-professionnelle-90-cm-mulching-5200-m%c2%b2-h-braquage-zero-turn-grin-xm90a\/#breadcrumb"},"inLanguage":"de","potentialAction":[{"@type":"ReadAction","target":["https:\/\/sagrinex.com\/produit\/tondeuse-thermique-professionnelle-90-cm-mulching-5200-m%c2%b2-h-braquage-zero-turn-grin-xm90a\/"]}]},{"@type":"ImageObject","inLanguage":"de","@id":"https:\/\/sagrinex.com\/produit\/tondeuse-thermique-professionnelle-90-cm-mulching-5200-m%c2%b2-h-braquage-zero-turn-grin-xm90a\/#primaryimage","url":"https:\/\/sagrinex.com\/wp-content\/uploads\/2026\/03\/tondeuse-thermique-professionnelle-90-cm-mulching-5200-m-h-braquage-zero-turn-grin-xm90a.jpg","contentUrl":"https:\/\/sagrinex.com\/wp-content\/uploads\/2026\/03\/tondeuse-thermique-professionnelle-90-cm-mulching-5200-m-h-braquage-zero-turn-grin-xm90a.jpg","width":1200,"height":1372},{"@type":"BreadcrumbList","@id":"https:\/\/sagrinex.com\/produit\/tondeuse-thermique-professionnelle-90-cm-mulching-5200-m%c2%b2-h-braquage-zero-turn-grin-xm90a\/#breadcrumb","itemListElement":[{"@type":"ListItem","position":1,"name":"Accueil","item":"https:\/\/sagrinex.com\/?lang=de"},{"@type":"ListItem","position":2,"name":"Shop","item":"https:\/\/sagrinex.com\/shop\/"},{"@type":"ListItem","position":3,"name":"Professioneller Benzin-rasenm\u00e4her 90 Cm, Mulchen 5.200 M\u00b2\/h, Zero-turn-wendigkeit \u2013 Grin XM90A"}]},{"@type":"WebSite","@id":"https:\/\/sagrinex.com\/#website","url":"https:\/\/sagrinex.com\/","name":"Sagrinex \u2013 Spezialist f\u00fcr Anh\u00e4nger, Container & Landtechnik","description":"Anhaenger, Container &amp; Landtechnik \u2014 Online-Verkauf &amp; kostenloses Angebot","publisher":{"@id":"https:\/\/sagrinex.com\/#organization"},"potentialAction":[{"@type":"SearchAction","target":{"@type":"EntryPoint","urlTemplate":"https:\/\/sagrinex.com\/?s={search_term_string}"},"query-input":{"@type":"PropertyValueSpecification","valueRequired":true,"valueName":"search_term_string"}}],"inLanguage":"de"},{"@type":"Organization","@id":"https:\/\/sagrinex.com\/#organization","name":"Sagrinex \u2013 Remorques, Conteneurs & Mat\u00e9riel Agricole","url":"https:\/\/sagrinex.com\/","logo":{"@type":"ImageObject","inLanguage":"de","@id":"https:\/\/sagrinex.com\/#\/schema\/logo\/image\/","url":"https:\/\/sagrinex.com\/wp-content\/uploads\/2026\/03\/7f1ac463-ef5a-425d-bdd6-a5da03a334a9-1024x683.png","contentUrl":"https:\/\/sagrinex.com\/wp-content\/uploads\/2026\/03\/7f1ac463-ef5a-425d-bdd6-a5da03a334a9-1024x683.png","width":1024,"height":683,"caption":"Sagrinex \u2013 Remorques, Conteneurs & Mat\u00e9riel Agricole"},"image":{"@id":"https:\/\/sagrinex.com\/#\/schema\/logo\/image\/"}}]}},"jetpack_sharing_enabled":true,"_links":{"self":[{"href":"https:\/\/sagrinex.com\/de\/wp-json\/wp\/v2\/product\/13220","targetHints":{"allow":["GET"]}}],"collection":[{"href":"https:\/\/sagrinex.com\/de\/wp-json\/wp\/v2\/product"}],"about":[{"href":"https:\/\/sagrinex.com\/de\/wp-json\/wp\/v2\/types\/product"}],"replies":[{"embeddable":true,"href":"https:\/\/sagrinex.com\/de\/wp-json\/wp\/v2\/comments?post=13220"}],"version-history":[{"count":0,"href":"https:\/\/sagrinex.com\/de\/wp-json\/wp\/v2\/product\/13220\/revisions"}],"wp:featuredmedia":[{"embeddable":true,"href":"https:\/\/sagrinex.com\/de\/wp-json\/wp\/v2\/media\/13221"}],"wp:attachment":[{"href":"https:\/\/sagrinex.com\/de\/wp-json\/wp\/v2\/media?parent=13220"}],"wp:term":[{"taxonomy":"product_brand","embeddable":true,"href":"https:\/\/sagrinex.com\/de\/wp-json\/wp\/v2\/product_brand?post=13220"},{"taxonomy":"product_cat","embeddable":true,"href":"https:\/\/sagrinex.com\/de\/wp-json\/wp\/v2\/product_cat?post=13220"},{"taxonomy":"product_tag","embeddable":true,"href":"https:\/\/sagrinex.com\/de\/wp-json\/wp\/v2\/product_tag?post=13220"}],"curies":[{"name":"wp","href":"https:\/\/api.w.org\/{rel}","templated":true}]}}