{"id":13226,"date":"2026-03-10T15:42:55","date_gmt":"2026-03-10T15:42:55","guid":{"rendered":"https:\/\/sagrinex.com\/produit\/profi-benzinmaeher-mulchen-53-cm-3-raeder-kawasaki-motor-179-cm%c2%b3-grin-spm53a-kw\/"},"modified":"2026-04-15T21:12:02","modified_gmt":"2026-04-15T21:12:02","slug":"profi-benzinmaeher-mulchen-53-cm-3-raeder-kawasaki-motor-179-cm%c2%b3-grin-spm53a-kw","status":"publish","type":"product","link":"https:\/\/sagrinex.com\/de\/produit\/profi-benzinmaeher-mulchen-53-cm-3-raeder-kawasaki-motor-179-cm%c2%b3-grin-spm53a-kw\/","title":{"rendered":"Profi-benzinm\u00e4her Mulchen 53 Cm, 3 R\u00e4der, Kawasaki-motor 179 Cm\u00b3 &#8211; Grin SPM53A-KW"},"content":{"rendered":"<p>Der <strong>GRIN SPM53A-KW<\/strong> ist ein professioneller Rasenm\u00e4her, der f\u00fcr anspruchsvolle Arbeitsbedingungen entwickelt wurde.<\/p>\n<p>Sein Kawasaki-Motor <strong>FJ180V KAI<\/strong> mit <strong>179 cm\u00b3<\/strong> ist bekannt f\u00fcr Robustheit und Zuverl\u00e4ssigkeit \u2013 die erste Wahl f\u00fcr Gartenbau-Profis, insbesondere f\u00fcr die Pflege von Parks und landwirtschaftlichen Wiesen.<\/p>\n<p>Mit einer Schnittbreite von 53 cm eignet sich der GRIN SPM53A-KW f\u00fcr die Pflege von Fl\u00e4chen bis zu 3.000 m\u00b2.<\/p>\n<p>Der <strong>SPM53A-KW<\/strong> ist mit einem innovativen GRIN HD-Br\u00fcckenfahrwerk mit dezentriertem Motor f\u00fcr eine bessere Gewichtsverteilung ausgestattet.<\/p>\n<p>Sein Dreirad-Design verleiht ihm hohe Stabilit\u00e4t, selbst auf unebenem Gel\u00e4nde, und erm\u00f6glicht die effiziente Bew\u00e4ltigung von Steigungen bis zu 30\u00b0.<\/p>\n<p>Dieses Modell ist mit dem <strong>patentierten GRIN-Mulchsystem<\/strong> ausgestattet, das das Schnittgut fein zerkleinert und in nat\u00fcrlichen D\u00fcnger verwandelt, der den Boden n\u00e4hrt. Das Ergebnis entspricht dem eines M\u00e4hers mit Fangkorb. <\/p>\n<p>Dieses <strong>Ultra-Fein-Mulchsystem<\/strong> ist in Kombination mit der Motorleistung speziell auf das M\u00e4hen von hohem, dichtem Gras bei gleichzeitig effizienter Zerkleinerung ausgelegt.<\/p>\n<p>Er ist serienm\u00e4\u00dfig mit einem Schutzkegel ausgestattet, einer wichtigen Sicherheitsvorrichtung zum Schutz des Motors bei versehentlichen St\u00f6\u00dfen.<\/p>\n<p><strong>Anwendungshinweise: <\/strong><\/p>\n<p>Bereiten Sie das Gel\u00e4nde vor dem M\u00e4hen vor, indem Sie Fremdk\u00f6rper wie \u00c4ste oder Steine entfernen, um die Maschine vor Sch\u00e4den zu sch\u00fctzen.<\/p>\n<p>Stellen Sie die Schnitth\u00f6he je nach Zustand Ihres Rasens ein (3 bis 5 cm f\u00fcr Standardpflege). Nutzen Sie die langsame Geschwindigkeit f\u00fcr dichtes Gras und die schnelle f\u00fcr ebene Fl\u00e4chen. <\/p>\n<p><strong>Wartungshinweise: <\/strong><\/p>\n<p>Um eine optimale Leistung zu gew\u00e4hrleisten, reinigen Sie regelm\u00e4\u00dfig Geh\u00e4use, Messer und R\u00e4der, um Ablagerungen zu vermeiden.<\/p>\n<p>Pr\u00fcfen Sie zudem h\u00e4ufig den \u00d6lstand und schmieren Sie die wichtigsten Punkte gem\u00e4\u00df den Anweisungen im Handbuch.<\/p>\n<p>Reinigen Sie den M\u00e4her vor dem Winter, lassen Sie das Benzin ab und lagern Sie ihn an einem trockenen Ort.<\/p>\n","protected":false},"excerpt":{"rendered":"<ul>\n<li><strong>Professioneller Benzinm\u00e4her GRIN SPM53A KW<\/strong> mit <strong>Kawasaki FJ180V KAI<\/strong> Motor ( <strong>179 cm\u00b3<\/strong>), konzipiert f\u00fcr effizientes M\u00e4hen an H\u00e4ngen (<strong>bis zu 30\u00b0<\/strong>) dank Druckschmierung.<\/li>\n<li><strong>Patentiertes GRIN-M\u00e4hsystem<\/strong> \u201eM\u00e4hen, ohne Fangkorb, Stopp dem Abfall\u201c, das das Gras pulverisiert (\u00fcberlegen gegen\u00fcber herk\u00f6mmlichem Mulchen) und selbst bei hohem, feuchtem Gras funktioniert.<\/li>\n<li><strong>Schnittbreite von 53 cm<\/strong>, geeignet f\u00fcr gro\u00dfe Fl\u00e4chen von <strong>1.200 <\/strong>bis <strong>3.000 m\u00b2<\/strong>, dabei wendig auf kleinen Fl\u00e4chen.<\/li>\n<li><strong>Professioneller Radantrieb mit zwei Geschwindigkeiten: <\/strong>langsam f\u00fcr dichte, unebene Bereiche, schnell f\u00fcr ebene, kurze Fl\u00e4chen.<\/li>\n<li><strong>Dreirad-Design, Grip Grin Maxi Hinterr\u00e4der<\/strong> f\u00fcr bessere Haftung auf unebenem Boden und klappbarer Holm mit Schnelleinstellung.<\/li>\n<li>Zus\u00e4tzlich zur Originalgarantie bietet GRIN kostenlos 1 Jahr Garantieverl\u00e4ngerung auf bis zu 3 Jahre Gesamtlaufzeit.<\/li>\n<\/ul>\n","protected":false},"featured_media":13227,"comment_status":"open","ping_status":"closed","template":"","meta":[],"product_brand":[],"product_cat":[325,320],"product_tag":[],"class_list":{"0":"post-13226","1":"product","2":"type-product","3":"status-publish","4":"has-post-thumbnail","6":"product_cat-benzin-rasenmaeher","7":"product_cat-unsere-rasenmaher","9":"first","10":"instock","11":"sale","12":"shipping-taxable","13":"purchasable","14":"product-type-simple"},"yoast_head":"<!-- This site is optimized with the Yoast SEO plugin v27.4 - https:\/\/yoast.com\/product\/yoast-seo-wordpress\/ -->\n<title>Profi-Benzinm\u00e4her Mulchen 53 cm, 3 R\u00e4der, Kawasaki-Motor 179 cm\u00b3 - GRIN SPM53A-KW<\/title>\n<meta name=\"description\" content=\"Professioneller Benzinm\u00e4her GRIN SPM53A KW mit Kawasaki FJ180V KAI Motor (179 cm\u00b3), konzipiert f\u00fcr effizientes M\u00e4hen an H\u00e4ngen (bis zu 30\u00b0) dank Druckschmierung. Patentiertes GRIN-M\u00e4hsystem \u201eM\u00e4hen, ohne Fangkorb, Stopp dem Abfall\u201c, das das Gras pulverisiert (\u00fcberlegen gegen\u00fcber herk\u00f6mmlichem Mulchen) und selbst bei hohem, feuchtem Gras funktioniert. Schnittbreite von 53 cm, geeignet f\u00fcr gro\u00dfe Fl\u00e4chen von 1.200 bis 3.000 m\u00b2, dabei wendig auf kleinen Fl\u00e4chen. Professioneller Radantrieb mit zwei Geschwindigkeiten: langsam f\u00fcr dichte, unebene Bereiche, schnell f\u00fcr ebene, kurze Fl\u00e4chen. Dreirad-Design, Grip Grin Maxi Hinterr\u00e4der f\u00fcr bessere Haftung auf unebenem Boden und klappbarer Holm mit Schnelleinstellung. Zus\u00e4tzlich zur Originalgarantie bietet GRIN kostenlos 1 Jahr Garantieverl\u00e4ngerung auf bis zu 3 Jahre Gesamtlaufzeit.\" \/>\n<meta name=\"robots\" content=\"index, follow, max-snippet:-1, max-image-preview:large, max-video-preview:-1\" \/>\n<link rel=\"canonical\" href=\"https:\/\/sagrinex.com\/produit\/tondeuse-thermique-pro-coupe-mulching-53-cm-3-roues-moteur-kawasaki-179cm\u00b3-grin-spm53a-kw\/\" \/>\n<meta property=\"og:locale\" content=\"de_DE\" \/>\n<meta property=\"og:type\" content=\"article\" \/>\n<meta property=\"og:title\" content=\"Profi-Benzinm\u00e4her Mulchen 53 cm, 3 R\u00e4der, Kawasaki-Motor 179 cm\u00b3 - GRIN SPM53A-KW\" \/>\n<meta property=\"og:description\" content=\"Professioneller Benzinm\u00e4her GRIN SPM53A KW mit Kawasaki FJ180V KAI Motor (179 cm\u00b3), konzipiert f\u00fcr effizientes M\u00e4hen an H\u00e4ngen (bis zu 30\u00b0) dank Druckschmierung. Patentiertes GRIN-M\u00e4hsystem \u201eM\u00e4hen, ohne Fangkorb, Stopp dem Abfall\u201c, das das Gras pulverisiert (\u00fcberlegen gegen\u00fcber herk\u00f6mmlichem Mulchen) und selbst bei hohem, feuchtem Gras funktioniert. Schnittbreite von 53 cm, geeignet f\u00fcr gro\u00dfe Fl\u00e4chen von 1.200 bis 3.000 m\u00b2, dabei wendig auf kleinen Fl\u00e4chen. Professioneller Radantrieb mit zwei Geschwindigkeiten: langsam f\u00fcr dichte, unebene Bereiche, schnell f\u00fcr ebene, kurze Fl\u00e4chen. Dreirad-Design, Grip Grin Maxi Hinterr\u00e4der f\u00fcr bessere Haftung auf unebenem Boden und klappbarer Holm mit Schnelleinstellung. Zus\u00e4tzlich zur Originalgarantie bietet GRIN kostenlos 1 Jahr Garantieverl\u00e4ngerung auf bis zu 3 Jahre Gesamtlaufzeit.\" \/>\n<meta property=\"og:url\" content=\"https:\/\/sagrinex.com\/produit\/tondeuse-thermique-pro-coupe-mulching-53-cm-3-roues-moteur-kawasaki-179cm\u00b3-grin-spm53a-kw\/\" \/>\n<meta property=\"og:site_name\" content=\"Sagrinex \u2013 Anhaenger, Container &amp; Landtechnik \ud83c\udf3e\ud83d\ude9c\" \/>\n<meta property=\"article:modified_time\" content=\"2026-04-15T21:12:02+00:00\" \/>\n<meta property=\"og:image\" content=\"https:\/\/sagrinex.com\/wp-content\/uploads\/2026\/03\/tondeuse-thermique-pro-coupe-mulching-53-cm-3-roues-moteur-kawasaki-179cm-grin-spm53a-kw.jpg\" \/>\n\t<meta property=\"og:image:width\" content=\"1200\" \/>\n\t<meta property=\"og:image:height\" content=\"1372\" \/>\n\t<meta property=\"og:image:type\" content=\"image\/jpeg\" \/>\n<meta name=\"twitter:card\" content=\"summary_large_image\" \/>\n<meta name=\"twitter:label1\" content=\"Gesch\u00e4tzte Lesezeit\" \/>\n\t<meta name=\"twitter:data1\" content=\"2\u00a0Minuten\" \/>\n<script type=\"application\/ld+json\" class=\"yoast-schema-graph\">{\"@context\":\"https:\\\/\\\/schema.org\",\"@graph\":[{\"@type\":\"WebPage\",\"@id\":\"https:\\\/\\\/sagrinex.com\\\/produit\\\/tondeuse-thermique-pro-coupe-mulching-53-cm-3-roues-moteur-kawasaki-179cm%c2%b3-grin-spm53a-kw\\\/\",\"url\":\"https:\\\/\\\/sagrinex.com\\\/produit\\\/tondeuse-thermique-pro-coupe-mulching-53-cm-3-roues-moteur-kawasaki-179cm%c2%b3-grin-spm53a-kw\\\/\",\"name\":\"Profi-Benzinm\u00e4her Mulchen 53 cm, 3 R\u00e4der, Kawasaki-Motor 179 cm\u00b3 - GRIN SPM53A-KW\",\"isPartOf\":{\"@id\":\"https:\\\/\\\/sagrinex.com\\\/#website\"},\"primaryImageOfPage\":{\"@id\":\"https:\\\/\\\/sagrinex.com\\\/produit\\\/tondeuse-thermique-pro-coupe-mulching-53-cm-3-roues-moteur-kawasaki-179cm%c2%b3-grin-spm53a-kw\\\/#primaryimage\"},\"image\":{\"@id\":\"https:\\\/\\\/sagrinex.com\\\/produit\\\/tondeuse-thermique-pro-coupe-mulching-53-cm-3-roues-moteur-kawasaki-179cm%c2%b3-grin-spm53a-kw\\\/#primaryimage\"},\"thumbnailUrl\":\"https:\\\/\\\/sagrinex.com\\\/wp-content\\\/uploads\\\/2026\\\/03\\\/tondeuse-thermique-pro-coupe-mulching-53-cm-3-roues-moteur-kawasaki-179cm-grin-spm53a-kw.jpg\",\"datePublished\":\"2026-03-10T15:42:55+00:00\",\"dateModified\":\"2026-04-15T21:12:02+00:00\",\"description\":\"Professioneller Benzinm\u00e4her GRIN SPM53A KW mit Kawasaki FJ180V KAI Motor (179 cm\u00b3), konzipiert f\u00fcr effizientes M\u00e4hen an H\u00e4ngen (bis zu 30\u00b0) dank Druckschmierung. Patentiertes GRIN-M\u00e4hsystem \u201eM\u00e4hen, ohne Fangkorb, Stopp dem Abfall\u201c, das das Gras pulverisiert (\u00fcberlegen gegen\u00fcber herk\u00f6mmlichem Mulchen) und selbst bei hohem, feuchtem Gras funktioniert. Schnittbreite von 53 cm, geeignet f\u00fcr gro\u00dfe Fl\u00e4chen von 1.200 bis 3.000 m\u00b2, dabei wendig auf kleinen Fl\u00e4chen. Professioneller Radantrieb mit zwei Geschwindigkeiten: langsam f\u00fcr dichte, unebene Bereiche, schnell f\u00fcr ebene, kurze Fl\u00e4chen. Dreirad-Design, Grip Grin Maxi Hinterr\u00e4der f\u00fcr bessere Haftung auf unebenem Boden und klappbarer Holm mit Schnelleinstellung. Zus\u00e4tzlich zur Originalgarantie bietet GRIN kostenlos 1 Jahr Garantieverl\u00e4ngerung auf bis zu 3 Jahre Gesamtlaufzeit.\",\"breadcrumb\":{\"@id\":\"https:\\\/\\\/sagrinex.com\\\/produit\\\/tondeuse-thermique-pro-coupe-mulching-53-cm-3-roues-moteur-kawasaki-179cm%c2%b3-grin-spm53a-kw\\\/#breadcrumb\"},\"inLanguage\":\"de\",\"potentialAction\":[{\"@type\":\"ReadAction\",\"target\":[\"https:\\\/\\\/sagrinex.com\\\/produit\\\/tondeuse-thermique-pro-coupe-mulching-53-cm-3-roues-moteur-kawasaki-179cm%c2%b3-grin-spm53a-kw\\\/\"]}]},{\"@type\":\"ImageObject\",\"inLanguage\":\"de\",\"@id\":\"https:\\\/\\\/sagrinex.com\\\/produit\\\/tondeuse-thermique-pro-coupe-mulching-53-cm-3-roues-moteur-kawasaki-179cm%c2%b3-grin-spm53a-kw\\\/#primaryimage\",\"url\":\"https:\\\/\\\/sagrinex.com\\\/wp-content\\\/uploads\\\/2026\\\/03\\\/tondeuse-thermique-pro-coupe-mulching-53-cm-3-roues-moteur-kawasaki-179cm-grin-spm53a-kw.jpg\",\"contentUrl\":\"https:\\\/\\\/sagrinex.com\\\/wp-content\\\/uploads\\\/2026\\\/03\\\/tondeuse-thermique-pro-coupe-mulching-53-cm-3-roues-moteur-kawasaki-179cm-grin-spm53a-kw.jpg\",\"width\":1200,\"height\":1372},{\"@type\":\"BreadcrumbList\",\"@id\":\"https:\\\/\\\/sagrinex.com\\\/produit\\\/tondeuse-thermique-pro-coupe-mulching-53-cm-3-roues-moteur-kawasaki-179cm%c2%b3-grin-spm53a-kw\\\/#breadcrumb\",\"itemListElement\":[{\"@type\":\"ListItem\",\"position\":1,\"name\":\"Accueil\",\"item\":\"https:\\\/\\\/sagrinex.com\\\/?lang=de\"},{\"@type\":\"ListItem\",\"position\":2,\"name\":\"Shop\",\"item\":\"https:\\\/\\\/sagrinex.com\\\/shop\\\/\"},{\"@type\":\"ListItem\",\"position\":3,\"name\":\"Profi-benzinm\u00e4her Mulchen 53 Cm, 3 R\u00e4der, Kawasaki-motor 179 Cm\u00b3 &#8211; Grin SPM53A-KW\"}]},{\"@type\":\"WebSite\",\"@id\":\"https:\\\/\\\/sagrinex.com\\\/#website\",\"url\":\"https:\\\/\\\/sagrinex.com\\\/\",\"name\":\"Sagrinex \u2013 Spezialist f\u00fcr Anh\u00e4nger, Container & Landtechnik\",\"description\":\"Anhaenger, Container &amp; Landtechnik \u2014 Online-Verkauf &amp; kostenloses Angebot\",\"publisher\":{\"@id\":\"https:\\\/\\\/sagrinex.com\\\/#organization\"},\"potentialAction\":[{\"@type\":\"SearchAction\",\"target\":{\"@type\":\"EntryPoint\",\"urlTemplate\":\"https:\\\/\\\/sagrinex.com\\\/?s={search_term_string}\"},\"query-input\":{\"@type\":\"PropertyValueSpecification\",\"valueRequired\":true,\"valueName\":\"search_term_string\"}}],\"inLanguage\":\"de\"},{\"@type\":\"Organization\",\"@id\":\"https:\\\/\\\/sagrinex.com\\\/#organization\",\"name\":\"Sagrinex \u2013 Remorques, Conteneurs & Mat\u00e9riel Agricole\",\"url\":\"https:\\\/\\\/sagrinex.com\\\/\",\"logo\":{\"@type\":\"ImageObject\",\"inLanguage\":\"de\",\"@id\":\"https:\\\/\\\/sagrinex.com\\\/#\\\/schema\\\/logo\\\/image\\\/\",\"url\":\"https:\\\/\\\/sagrinex.com\\\/wp-content\\\/uploads\\\/2026\\\/03\\\/7f1ac463-ef5a-425d-bdd6-a5da03a334a9-1024x683.png\",\"contentUrl\":\"https:\\\/\\\/sagrinex.com\\\/wp-content\\\/uploads\\\/2026\\\/03\\\/7f1ac463-ef5a-425d-bdd6-a5da03a334a9-1024x683.png\",\"width\":1024,\"height\":683,\"caption\":\"Sagrinex \u2013 Remorques, Conteneurs & Mat\u00e9riel Agricole\"},\"image\":{\"@id\":\"https:\\\/\\\/sagrinex.com\\\/#\\\/schema\\\/logo\\\/image\\\/\"}}]}<\/script>\n<!-- \/ Yoast SEO plugin. -->","yoast_head_json":{"title":"Profi-Benzinm\u00e4her Mulchen 53 cm, 3 R\u00e4der, Kawasaki-Motor 179 cm\u00b3 - GRIN SPM53A-KW","description":"Professioneller Benzinm\u00e4her GRIN SPM53A KW mit Kawasaki FJ180V KAI Motor (179 cm\u00b3), konzipiert f\u00fcr effizientes M\u00e4hen an H\u00e4ngen (bis zu 30\u00b0) dank Druckschmierung. Patentiertes GRIN-M\u00e4hsystem \u201eM\u00e4hen, ohne Fangkorb, Stopp dem Abfall\u201c, das das Gras pulverisiert (\u00fcberlegen gegen\u00fcber herk\u00f6mmlichem Mulchen) und selbst bei hohem, feuchtem Gras funktioniert. Schnittbreite von 53 cm, geeignet f\u00fcr gro\u00dfe Fl\u00e4chen von 1.200 bis 3.000 m\u00b2, dabei wendig auf kleinen Fl\u00e4chen. Professioneller Radantrieb mit zwei Geschwindigkeiten: langsam f\u00fcr dichte, unebene Bereiche, schnell f\u00fcr ebene, kurze Fl\u00e4chen. Dreirad-Design, Grip Grin Maxi Hinterr\u00e4der f\u00fcr bessere Haftung auf unebenem Boden und klappbarer Holm mit Schnelleinstellung. Zus\u00e4tzlich zur Originalgarantie bietet GRIN kostenlos 1 Jahr Garantieverl\u00e4ngerung auf bis zu 3 Jahre Gesamtlaufzeit.","robots":{"index":"index","follow":"follow","max-snippet":"max-snippet:-1","max-image-preview":"max-image-preview:large","max-video-preview":"max-video-preview:-1"},"canonical":"https:\/\/sagrinex.com\/produit\/tondeuse-thermique-pro-coupe-mulching-53-cm-3-roues-moteur-kawasaki-179cm\u00b3-grin-spm53a-kw\/","og_locale":"de_DE","og_type":"article","og_title":"Profi-Benzinm\u00e4her Mulchen 53 cm, 3 R\u00e4der, Kawasaki-Motor 179 cm\u00b3 - GRIN SPM53A-KW","og_description":"Professioneller Benzinm\u00e4her GRIN SPM53A KW mit Kawasaki FJ180V KAI Motor (179 cm\u00b3), konzipiert f\u00fcr effizientes M\u00e4hen an H\u00e4ngen (bis zu 30\u00b0) dank Druckschmierung. Patentiertes GRIN-M\u00e4hsystem \u201eM\u00e4hen, ohne Fangkorb, Stopp dem Abfall\u201c, das das Gras pulverisiert (\u00fcberlegen gegen\u00fcber herk\u00f6mmlichem Mulchen) und selbst bei hohem, feuchtem Gras funktioniert. Schnittbreite von 53 cm, geeignet f\u00fcr gro\u00dfe Fl\u00e4chen von 1.200 bis 3.000 m\u00b2, dabei wendig auf kleinen Fl\u00e4chen. Professioneller Radantrieb mit zwei Geschwindigkeiten: langsam f\u00fcr dichte, unebene Bereiche, schnell f\u00fcr ebene, kurze Fl\u00e4chen. Dreirad-Design, Grip Grin Maxi Hinterr\u00e4der f\u00fcr bessere Haftung auf unebenem Boden und klappbarer Holm mit Schnelleinstellung. Zus\u00e4tzlich zur Originalgarantie bietet GRIN kostenlos 1 Jahr Garantieverl\u00e4ngerung auf bis zu 3 Jahre Gesamtlaufzeit.","og_url":"https:\/\/sagrinex.com\/produit\/tondeuse-thermique-pro-coupe-mulching-53-cm-3-roues-moteur-kawasaki-179cm\u00b3-grin-spm53a-kw\/","og_site_name":"Sagrinex \u2013 Anhaenger, Container &amp; Landtechnik \ud83c\udf3e\ud83d\ude9c","article_modified_time":"2026-04-15T21:12:02+00:00","og_image":[{"width":1200,"height":1372,"url":"https:\/\/sagrinex.com\/wp-content\/uploads\/2026\/03\/tondeuse-thermique-pro-coupe-mulching-53-cm-3-roues-moteur-kawasaki-179cm-grin-spm53a-kw.jpg","type":"image\/jpeg"}],"twitter_card":"summary_large_image","twitter_misc":{"Gesch\u00e4tzte Lesezeit":"2\u00a0Minuten"},"schema":{"@context":"https:\/\/schema.org","@graph":[{"@type":"WebPage","@id":"https:\/\/sagrinex.com\/produit\/tondeuse-thermique-pro-coupe-mulching-53-cm-3-roues-moteur-kawasaki-179cm%c2%b3-grin-spm53a-kw\/","url":"https:\/\/sagrinex.com\/produit\/tondeuse-thermique-pro-coupe-mulching-53-cm-3-roues-moteur-kawasaki-179cm%c2%b3-grin-spm53a-kw\/","name":"Profi-Benzinm\u00e4her Mulchen 53 cm, 3 R\u00e4der, Kawasaki-Motor 179 cm\u00b3 - GRIN SPM53A-KW","isPartOf":{"@id":"https:\/\/sagrinex.com\/#website"},"primaryImageOfPage":{"@id":"https:\/\/sagrinex.com\/produit\/tondeuse-thermique-pro-coupe-mulching-53-cm-3-roues-moteur-kawasaki-179cm%c2%b3-grin-spm53a-kw\/#primaryimage"},"image":{"@id":"https:\/\/sagrinex.com\/produit\/tondeuse-thermique-pro-coupe-mulching-53-cm-3-roues-moteur-kawasaki-179cm%c2%b3-grin-spm53a-kw\/#primaryimage"},"thumbnailUrl":"https:\/\/sagrinex.com\/wp-content\/uploads\/2026\/03\/tondeuse-thermique-pro-coupe-mulching-53-cm-3-roues-moteur-kawasaki-179cm-grin-spm53a-kw.jpg","datePublished":"2026-03-10T15:42:55+00:00","dateModified":"2026-04-15T21:12:02+00:00","description":"Professioneller Benzinm\u00e4her GRIN SPM53A KW mit Kawasaki FJ180V KAI Motor (179 cm\u00b3), konzipiert f\u00fcr effizientes M\u00e4hen an H\u00e4ngen (bis zu 30\u00b0) dank Druckschmierung. Patentiertes GRIN-M\u00e4hsystem \u201eM\u00e4hen, ohne Fangkorb, Stopp dem Abfall\u201c, das das Gras pulverisiert (\u00fcberlegen gegen\u00fcber herk\u00f6mmlichem Mulchen) und selbst bei hohem, feuchtem Gras funktioniert. Schnittbreite von 53 cm, geeignet f\u00fcr gro\u00dfe Fl\u00e4chen von 1.200 bis 3.000 m\u00b2, dabei wendig auf kleinen Fl\u00e4chen. Professioneller Radantrieb mit zwei Geschwindigkeiten: langsam f\u00fcr dichte, unebene Bereiche, schnell f\u00fcr ebene, kurze Fl\u00e4chen. Dreirad-Design, Grip Grin Maxi Hinterr\u00e4der f\u00fcr bessere Haftung auf unebenem Boden und klappbarer Holm mit Schnelleinstellung. Zus\u00e4tzlich zur Originalgarantie bietet GRIN kostenlos 1 Jahr Garantieverl\u00e4ngerung auf bis zu 3 Jahre Gesamtlaufzeit.","breadcrumb":{"@id":"https:\/\/sagrinex.com\/produit\/tondeuse-thermique-pro-coupe-mulching-53-cm-3-roues-moteur-kawasaki-179cm%c2%b3-grin-spm53a-kw\/#breadcrumb"},"inLanguage":"de","potentialAction":[{"@type":"ReadAction","target":["https:\/\/sagrinex.com\/produit\/tondeuse-thermique-pro-coupe-mulching-53-cm-3-roues-moteur-kawasaki-179cm%c2%b3-grin-spm53a-kw\/"]}]},{"@type":"ImageObject","inLanguage":"de","@id":"https:\/\/sagrinex.com\/produit\/tondeuse-thermique-pro-coupe-mulching-53-cm-3-roues-moteur-kawasaki-179cm%c2%b3-grin-spm53a-kw\/#primaryimage","url":"https:\/\/sagrinex.com\/wp-content\/uploads\/2026\/03\/tondeuse-thermique-pro-coupe-mulching-53-cm-3-roues-moteur-kawasaki-179cm-grin-spm53a-kw.jpg","contentUrl":"https:\/\/sagrinex.com\/wp-content\/uploads\/2026\/03\/tondeuse-thermique-pro-coupe-mulching-53-cm-3-roues-moteur-kawasaki-179cm-grin-spm53a-kw.jpg","width":1200,"height":1372},{"@type":"BreadcrumbList","@id":"https:\/\/sagrinex.com\/produit\/tondeuse-thermique-pro-coupe-mulching-53-cm-3-roues-moteur-kawasaki-179cm%c2%b3-grin-spm53a-kw\/#breadcrumb","itemListElement":[{"@type":"ListItem","position":1,"name":"Accueil","item":"https:\/\/sagrinex.com\/?lang=de"},{"@type":"ListItem","position":2,"name":"Shop","item":"https:\/\/sagrinex.com\/shop\/"},{"@type":"ListItem","position":3,"name":"Profi-benzinm\u00e4her Mulchen 53 Cm, 3 R\u00e4der, Kawasaki-motor 179 Cm\u00b3 &#8211; Grin SPM53A-KW"}]},{"@type":"WebSite","@id":"https:\/\/sagrinex.com\/#website","url":"https:\/\/sagrinex.com\/","name":"Sagrinex \u2013 Spezialist f\u00fcr Anh\u00e4nger, Container & Landtechnik","description":"Anhaenger, Container &amp; Landtechnik \u2014 Online-Verkauf &amp; kostenloses Angebot","publisher":{"@id":"https:\/\/sagrinex.com\/#organization"},"potentialAction":[{"@type":"SearchAction","target":{"@type":"EntryPoint","urlTemplate":"https:\/\/sagrinex.com\/?s={search_term_string}"},"query-input":{"@type":"PropertyValueSpecification","valueRequired":true,"valueName":"search_term_string"}}],"inLanguage":"de"},{"@type":"Organization","@id":"https:\/\/sagrinex.com\/#organization","name":"Sagrinex \u2013 Remorques, Conteneurs & Mat\u00e9riel Agricole","url":"https:\/\/sagrinex.com\/","logo":{"@type":"ImageObject","inLanguage":"de","@id":"https:\/\/sagrinex.com\/#\/schema\/logo\/image\/","url":"https:\/\/sagrinex.com\/wp-content\/uploads\/2026\/03\/7f1ac463-ef5a-425d-bdd6-a5da03a334a9-1024x683.png","contentUrl":"https:\/\/sagrinex.com\/wp-content\/uploads\/2026\/03\/7f1ac463-ef5a-425d-bdd6-a5da03a334a9-1024x683.png","width":1024,"height":683,"caption":"Sagrinex \u2013 Remorques, Conteneurs & Mat\u00e9riel Agricole"},"image":{"@id":"https:\/\/sagrinex.com\/#\/schema\/logo\/image\/"}}]}},"jetpack_sharing_enabled":true,"_links":{"self":[{"href":"https:\/\/sagrinex.com\/de\/wp-json\/wp\/v2\/product\/13226","targetHints":{"allow":["GET"]}}],"collection":[{"href":"https:\/\/sagrinex.com\/de\/wp-json\/wp\/v2\/product"}],"about":[{"href":"https:\/\/sagrinex.com\/de\/wp-json\/wp\/v2\/types\/product"}],"replies":[{"embeddable":true,"href":"https:\/\/sagrinex.com\/de\/wp-json\/wp\/v2\/comments?post=13226"}],"version-history":[{"count":0,"href":"https:\/\/sagrinex.com\/de\/wp-json\/wp\/v2\/product\/13226\/revisions"}],"wp:featuredmedia":[{"embeddable":true,"href":"https:\/\/sagrinex.com\/de\/wp-json\/wp\/v2\/media\/13227"}],"wp:attachment":[{"href":"https:\/\/sagrinex.com\/de\/wp-json\/wp\/v2\/media?parent=13226"}],"wp:term":[{"taxonomy":"product_brand","embeddable":true,"href":"https:\/\/sagrinex.com\/de\/wp-json\/wp\/v2\/product_brand?post=13226"},{"taxonomy":"product_cat","embeddable":true,"href":"https:\/\/sagrinex.com\/de\/wp-json\/wp\/v2\/product_cat?post=13226"},{"taxonomy":"product_tag","embeddable":true,"href":"https:\/\/sagrinex.com\/de\/wp-json\/wp\/v2\/product_tag?post=13226"}],"curies":[{"name":"wp","href":"https:\/\/api.w.org\/{rel}","templated":true}]}}