{"id":13230,"date":"2026-03-10T15:32:55","date_gmt":"2026-03-10T15:32:55","guid":{"rendered":"https:\/\/sagrinex.com\/produit\/selbstfahrender-benzinrasenmaeher-170-cm%c2%b3-mit-3-raedern-und-51-cm-mulchfunktion-texas-zt-zt-5175tr-w\/"},"modified":"2026-04-15T21:12:02","modified_gmt":"2026-04-15T21:12:02","slug":"selbstfahrender-benzinrasenmaeher-170-cm%c2%b3-mit-3-raedern-und-51-cm-mulchfunktion-texas-zt-zt-5175tr-w","status":"publish","type":"product","link":"https:\/\/sagrinex.com\/de\/produit\/selbstfahrender-benzinrasenmaeher-170-cm%c2%b3-mit-3-raedern-und-51-cm-mulchfunktion-texas-zt-zt-5175tr-w\/","title":{"rendered":"Selbstfahrender Benzinrasenm\u00e4her 170 Cm\u00b3 mit 3 R\u00e4dern und 51 Cm Mulchfunktion \u2013 Texas Zt Zt 5175TR\/W"},"content":{"rendered":"<h3 data-end=\"1457\" data-start=\"1381\"><strong data-end=\"1457\" data-start=\"1385\">Selbstfahrender Benzinrasenm\u00e4her TEXAS ZT 5175TR\/W \u2013 Leistungsstark und wendig<\/strong><\/h3>\n<p data-end=\"1787\" data-start=\"1459\">Der <strong data-end=\"1510\" data-start=\"1462\">selbstfahrende Benzinrasenm\u00e4her TEXAS ZT 5175TR\/W<\/strong> wurde entwickelt, um ein <strong data-end=\"1584\" data-start=\"1544\">effizientes, komfortables und vielseitiges<\/strong> M\u00e4hen auf mittleren bis gro\u00dfen Fl\u00e4chen zu erm\u00f6glichen. Sein <strong data-end=\"1675\" data-start=\"1638\">3-Rad-Design mit schwenkbarem Vorderrad<\/strong> erleichtert das Man\u00f6vrieren um Hindernisse erheblich und erm\u00f6glicht eine pr\u00e4zise und m\u00fchelose Rasenpflege. <\/p>\n<h3 data-end=\"1822\" data-start=\"1789\"><strong data-end=\"1822\" data-start=\"1793\">Leistungsstarker und zuverl\u00e4ssiger Motor<\/strong><\/h3>\n<p data-end=\"2096\" data-start=\"1824\">Der TEXAS ZT 5175TR\/W ist mit einem <strong data-end=\"1901\" data-start=\"1862\">170 cm\u00b3 RV170-S Benzinmotor<\/strong> ausgestattet, der eine f\u00fcr das Schneiden von dichtem oder hohem Gras geeignete Leistung liefert. Dieser 4-Takt-Motor gew\u00e4hrleistet eine <strong data-end=\"2039\" data-start=\"2016\">gleichm\u00e4\u00dfige Leistung<\/strong> und konstante Performance w\u00e4hrend des gesamten M\u00e4hvorgangs. <\/p>\n<h3 data-end=\"2142\" data-start=\"2098\"><strong data-end=\"2142\" data-start=\"2102\">Schnittbreite und h\u00f6henverstellbar<\/strong><\/h3>\n<p data-end=\"2510\" data-start=\"2144\">Dank seiner <strong data-end=\"2184\" data-start=\"2155\">Schnittbreite von 51 cm<\/strong> erm\u00f6glicht dieser Rasenm\u00e4her das schnelle Abdecken gro\u00dfer Fl\u00e4chen bei gleichzeitig guter Pr\u00e4zision in engeren Bereichen.<br data-end=\"2321\" data-start=\"2318\">Die <strong data-end=\"2369\" data-start=\"2324\">zentrale Schnitth\u00f6henverstellung<\/strong>, einstellbar von 25 bis 75 mm in ca. 6 Positionen, erm\u00f6glicht eine einfache Anpassung der Schnitth\u00f6he an den Zustand des Rasens und das gew\u00fcnschte Ergebnis.<\/p>\n<h3 data-end=\"2545\" data-start=\"2512\"><strong data-end=\"2545\" data-start=\"2516\">4-in-1 M\u00e4hfunktionen<\/strong><\/h3>\n<p data-end=\"2628\" data-start=\"2547\">Der TEXAS ZT 5175TR\/W passt sich dank seines <strong data-end=\"2626\" data-start=\"2616\">4-in-1-Systems<\/strong> allen Anforderungen an:<\/p>\n<ul data-end=\"2978\" data-start=\"2630\">\n<li data-end=\"2758\" data-start=\"2632\"><strong data-end=\"2654\" data-start=\"2632\">Effizientes Fangen<\/strong> in einem <strong data-end=\"2718\" data-start=\"2663\">gro\u00dfen Fangkorb (70 bis 75 Liter)<\/strong>, wodurch Entleerungsstopps reduziert werden.<\/li>\n<li data-end=\"2888\" data-start=\"2761\"><strong data-end=\"2773\" data-start=\"2761\">Mulchen<\/strong>, um das Gras fein zu zerkleinern und auf dem Boden zu verteilen, um den Rasen auf nat\u00fcrliche Weise zu d\u00fcngen.<\/li>\n<li data-end=\"2978\" data-start=\"2891\"><strong data-end=\"2932\" data-start=\"2891\">Heckauswurf oder Seitenauswurf<\/strong>, je nach Ihren Vorlieben und der Art des Gel\u00e4ndes.<\/li>\n<\/ul>\n<h3 data-end=\"3024\" data-start=\"2980\"><strong data-end=\"3024\" data-start=\"2984\">Man\u00f6vrierf\u00e4higkeit und Bedienkomfort<\/strong><\/h3>\n<p data-end=\"3416\" data-start=\"3026\">Die <strong data-end=\"3080\" data-start=\"3043\">3-Rad-Konfiguration mit schwenkbarem Vorderrad<\/strong> bietet eine au\u00dfergew\u00f6hnliche Man\u00f6vrierf\u00e4higkeit, ideal f\u00fcr G\u00e4rten mit vielen Hindernissen. Das Vorderrad kann arretiert werden, um eine stabile Spur bei Geradeausfahrten zu gew\u00e4hrleisten.<br data-end=\"3288\" data-start=\"3285\">Der <strong data-end=\"3313\" data-start=\"3291\">ergonomische Lenker<\/strong> sorgt f\u00fcr einen komfortablen Griff und erleichtert die Bedienung, auch bei langen M\u00e4hvorg\u00e4ngen. <\/p>\n<h3 data-end=\"3457\" data-start=\"3418\"><strong data-end=\"3457\" data-start=\"3422\">Robuste und langlebige Konstruktion<\/strong><\/h3>\n<p data-end=\"3682\" data-start=\"3459\">Das <strong data-end=\"3490\" data-start=\"3462\">Stahlm\u00e4hdeck<\/strong> garantiert eine hervorragende Sto\u00df- und Verschlei\u00dffestigkeit und sorgt so f\u00fcr eine <strong data-end=\"3589\" data-start=\"3569\">l\u00e4ngere Lebensdauer<\/strong> der Maschine. Dieses robuste Design erm\u00f6glicht einen regelm\u00e4\u00dfigen Einsatz mit vollem Vertrauen. <\/p>\n<h3 data-end=\"3726\" data-start=\"3684\"><strong data-end=\"3726\" data-start=\"3688\">Garantie und Anwendungshinweise<\/strong><\/h3>\n<p data-end=\"4026\" data-start=\"3728\">Dieses Modell verf\u00fcgt \u00fcber eine <strong data-end=\"3812\" data-start=\"3754\">Herstellergarantie gem\u00e4\u00df den Marktstandards<\/strong>. Vor der ersten Inbetriebnahme wird empfohlen, die Anleitung sorgf\u00e4ltig zu lesen, den Motor\u00f6lstand zu pr\u00fcfen und die notwendigen Einstellungen vorzunehmen, um eine optimale und sichere Nutzung zu gew\u00e4hrleisten. <\/p>\n","protected":false},"excerpt":{"rendered":"<ul>\n<li data-end=\"604\" data-start=\"461\"><strong data-end=\"509\" data-start=\"461\">Selbstfahrender Benzinrasenm\u00e4her TEXAS ZT 5175TR\/W<\/strong> mit <strong data-end=\"552\" data-start=\"541\">170 cm\u00b3<\/strong> RV170-S 4-Takt-Motor, ideal f\u00fcr <strong data-end=\"601\" data-start=\"579\">mittlere bis gro\u00dfe<\/strong> Rasenfl\u00e4chen.<\/li>\n<li data-end=\"604\" data-start=\"461\"><strong data-end=\"636\" data-start=\"607\">51 cm Schnittbreite<\/strong> f\u00fcr effizientes M\u00e4hen mit minimalen Durchg\u00e4ngen.<\/li>\n<li data-end=\"604\" data-start=\"461\"><strong data-end=\"737\" data-start=\"692\">3-Rad-Chassis mit schwenkbarem Vorderrad<\/strong> bietet <strong data-end=\"776\" data-start=\"750\">hervorragende Man\u00f6vrierf\u00e4higkeit<\/strong>, auch um B\u00e4ume und Hindernisse.<\/li>\n<li data-end=\"604\" data-start=\"461\"><strong data-end=\"842\" data-start=\"823\">4-in-1-Funktion<\/strong>: Fangen, Mulchen, Heckauswurf und Seitenauswurf.<\/li>\n<li data-end=\"604\" data-start=\"461\"><strong data-end=\"954\" data-start=\"909\">Zentrale Schnitth\u00f6henverstellung<\/strong> in mehreren Positionen (ca. 6 Positionen von 25 bis 75 mm).<\/li>\n<li data-end=\"604\" data-start=\"461\"><strong data-end=\"1064\" data-start=\"1020\">Gro\u00dfer Fangkorb von 70 bis 75 Litern<\/strong> reduziert Entleerungsstopps.<\/li>\n<li data-end=\"604\" data-start=\"461\"><strong data-end=\"1156\" data-start=\"1118\">Arretierbares Schwenkrad vorne<\/strong> f\u00fcr bessere Stabilit\u00e4t bei Geradeausfahrten.<\/li>\n<li data-end=\"604\" data-start=\"461\"><strong data-end=\"1283\" data-start=\"1229\">Robuste Konstruktion mit Stahlm\u00e4hdeck<\/strong>, ausgelegt f\u00fcr dauerhaften Einsatz.<\/li>\n<\/ul>\n","protected":false},"featured_media":13231,"comment_status":"open","ping_status":"closed","template":"","meta":[],"product_brand":[],"product_cat":[325,320],"product_tag":[],"class_list":{"0":"post-13230","1":"product","2":"type-product","3":"status-publish","4":"has-post-thumbnail","6":"product_cat-benzin-rasenmaeher","7":"product_cat-unsere-rasenmaher","9":"first","10":"instock","11":"shipping-taxable","12":"purchasable","13":"product-type-simple"},"yoast_head":"<!-- This site is optimized with the Yoast SEO plugin v27.4 - https:\/\/yoast.com\/product\/yoast-seo-wordpress\/ -->\n<title>Selbstfahrender Benzinrasenm\u00e4her 170 cm\u00b3 mit 3 R\u00e4dern und 51 cm Mulchfunktion \u2013 TEXAS ZT ZT 5175TR\/W<\/title>\n<meta name=\"description\" content=\"Selbstfahrender Benzinrasenm\u00e4her TEXAS ZT 5175TR\/W mit 170 cm\u00b3 RV170-S 4-Takt-Motor, ideal f\u00fcr mittlere bis gro\u00dfe Rasenfl\u00e4chen. 51 cm Schnittbreite f\u00fcr effizientes M\u00e4hen mit minimalen Durchg\u00e4ngen. 3-Rad-Chassis mit schwenkbarem Vorderrad bietet hervorragende Man\u00f6vrierf\u00e4higkeit, auch um B\u00e4ume und Hindernisse. 4-in-1-Funktion: Fangen, Mulchen, Heckauswurf und Seitenauswurf. Zentrale Schnitth\u00f6henverstellung in mehreren Positionen (ca. 6 Positionen von 25 bis 75 mm). Gro\u00dfer Fangkorb von 70 bis 75 Litern reduziert Entleerungsstopps. Arretierbares Schwenkrad vorne f\u00fcr bessere Stabilit\u00e4t bei Geradeausfahrten. Robuste Konstruktion mit Stahlm\u00e4hdeck, ausgelegt f\u00fcr dauerhaften Einsatz.\" \/>\n<meta name=\"robots\" content=\"index, follow, max-snippet:-1, max-image-preview:large, max-video-preview:-1\" \/>\n<link rel=\"canonical\" href=\"https:\/\/sagrinex.com\/produit\/tondeuse-thermique-tractee-170cc-3-roues-avec-coupe-mulching-51cm-texas-zt-zt-5175tr-w\/\" \/>\n<meta property=\"og:locale\" content=\"de_DE\" \/>\n<meta property=\"og:type\" content=\"article\" \/>\n<meta property=\"og:title\" content=\"Selbstfahrender Benzinrasenm\u00e4her 170 cm\u00b3 mit 3 R\u00e4dern und 51 cm Mulchfunktion \u2013 TEXAS ZT ZT 5175TR\/W\" \/>\n<meta property=\"og:description\" content=\"Selbstfahrender Benzinrasenm\u00e4her TEXAS ZT 5175TR\/W mit 170 cm\u00b3 RV170-S 4-Takt-Motor, ideal f\u00fcr mittlere bis gro\u00dfe Rasenfl\u00e4chen. 51 cm Schnittbreite f\u00fcr effizientes M\u00e4hen mit minimalen Durchg\u00e4ngen. 3-Rad-Chassis mit schwenkbarem Vorderrad bietet hervorragende Man\u00f6vrierf\u00e4higkeit, auch um B\u00e4ume und Hindernisse. 4-in-1-Funktion: Fangen, Mulchen, Heckauswurf und Seitenauswurf. Zentrale Schnitth\u00f6henverstellung in mehreren Positionen (ca. 6 Positionen von 25 bis 75 mm). Gro\u00dfer Fangkorb von 70 bis 75 Litern reduziert Entleerungsstopps. Arretierbares Schwenkrad vorne f\u00fcr bessere Stabilit\u00e4t bei Geradeausfahrten. Robuste Konstruktion mit Stahlm\u00e4hdeck, ausgelegt f\u00fcr dauerhaften Einsatz.\" \/>\n<meta property=\"og:url\" content=\"https:\/\/sagrinex.com\/produit\/tondeuse-thermique-tractee-170cc-3-roues-avec-coupe-mulching-51cm-texas-zt-zt-5175tr-w\/\" \/>\n<meta property=\"og:site_name\" content=\"Sagrinex \u2013 Anhaenger, Container &amp; Landtechnik \ud83c\udf3e\ud83d\ude9c\" \/>\n<meta property=\"article:modified_time\" content=\"2026-04-15T21:12:02+00:00\" \/>\n<meta property=\"og:image\" content=\"https:\/\/sagrinex.com\/wp-content\/uploads\/2026\/03\/tondeuse-thermique-tractee-170cc-3-roues-avec-coupe-mulching-51cm-texas-zt-zt-5175tr-w.jpg\" \/>\n\t<meta property=\"og:image:width\" content=\"1200\" \/>\n\t<meta property=\"og:image:height\" content=\"1372\" \/>\n\t<meta property=\"og:image:type\" content=\"image\/jpeg\" \/>\n<meta name=\"twitter:card\" content=\"summary_large_image\" \/>\n<meta name=\"twitter:label1\" content=\"Gesch\u00e4tzte Lesezeit\" \/>\n\t<meta name=\"twitter:data1\" content=\"2\u00a0Minuten\" \/>\n<script type=\"application\/ld+json\" class=\"yoast-schema-graph\">{\"@context\":\"https:\\\/\\\/schema.org\",\"@graph\":[{\"@type\":\"WebPage\",\"@id\":\"https:\\\/\\\/sagrinex.com\\\/produit\\\/tondeuse-thermique-tractee-170cc-3-roues-avec-coupe-mulching-51cm-texas-zt-zt-5175tr-w\\\/\",\"url\":\"https:\\\/\\\/sagrinex.com\\\/produit\\\/tondeuse-thermique-tractee-170cc-3-roues-avec-coupe-mulching-51cm-texas-zt-zt-5175tr-w\\\/\",\"name\":\"Selbstfahrender Benzinrasenm\u00e4her 170 cm\u00b3 mit 3 R\u00e4dern und 51 cm Mulchfunktion \u2013 TEXAS ZT ZT 5175TR\\\/W\",\"isPartOf\":{\"@id\":\"https:\\\/\\\/sagrinex.com\\\/#website\"},\"primaryImageOfPage\":{\"@id\":\"https:\\\/\\\/sagrinex.com\\\/produit\\\/tondeuse-thermique-tractee-170cc-3-roues-avec-coupe-mulching-51cm-texas-zt-zt-5175tr-w\\\/#primaryimage\"},\"image\":{\"@id\":\"https:\\\/\\\/sagrinex.com\\\/produit\\\/tondeuse-thermique-tractee-170cc-3-roues-avec-coupe-mulching-51cm-texas-zt-zt-5175tr-w\\\/#primaryimage\"},\"thumbnailUrl\":\"https:\\\/\\\/sagrinex.com\\\/wp-content\\\/uploads\\\/2026\\\/03\\\/tondeuse-thermique-tractee-170cc-3-roues-avec-coupe-mulching-51cm-texas-zt-zt-5175tr-w.jpg\",\"datePublished\":\"2026-03-10T15:32:55+00:00\",\"dateModified\":\"2026-04-15T21:12:02+00:00\",\"description\":\"Selbstfahrender Benzinrasenm\u00e4her TEXAS ZT 5175TR\\\/W mit 170 cm\u00b3 RV170-S 4-Takt-Motor, ideal f\u00fcr mittlere bis gro\u00dfe Rasenfl\u00e4chen. 51 cm Schnittbreite f\u00fcr effizientes M\u00e4hen mit minimalen Durchg\u00e4ngen. 3-Rad-Chassis mit schwenkbarem Vorderrad bietet hervorragende Man\u00f6vrierf\u00e4higkeit, auch um B\u00e4ume und Hindernisse. 4-in-1-Funktion: Fangen, Mulchen, Heckauswurf und Seitenauswurf. Zentrale Schnitth\u00f6henverstellung in mehreren Positionen (ca. 6 Positionen von 25 bis 75 mm). Gro\u00dfer Fangkorb von 70 bis 75 Litern reduziert Entleerungsstopps. Arretierbares Schwenkrad vorne f\u00fcr bessere Stabilit\u00e4t bei Geradeausfahrten. Robuste Konstruktion mit Stahlm\u00e4hdeck, ausgelegt f\u00fcr dauerhaften Einsatz.\",\"breadcrumb\":{\"@id\":\"https:\\\/\\\/sagrinex.com\\\/produit\\\/tondeuse-thermique-tractee-170cc-3-roues-avec-coupe-mulching-51cm-texas-zt-zt-5175tr-w\\\/#breadcrumb\"},\"inLanguage\":\"de\",\"potentialAction\":[{\"@type\":\"ReadAction\",\"target\":[\"https:\\\/\\\/sagrinex.com\\\/produit\\\/tondeuse-thermique-tractee-170cc-3-roues-avec-coupe-mulching-51cm-texas-zt-zt-5175tr-w\\\/\"]}]},{\"@type\":\"ImageObject\",\"inLanguage\":\"de\",\"@id\":\"https:\\\/\\\/sagrinex.com\\\/produit\\\/tondeuse-thermique-tractee-170cc-3-roues-avec-coupe-mulching-51cm-texas-zt-zt-5175tr-w\\\/#primaryimage\",\"url\":\"https:\\\/\\\/sagrinex.com\\\/wp-content\\\/uploads\\\/2026\\\/03\\\/tondeuse-thermique-tractee-170cc-3-roues-avec-coupe-mulching-51cm-texas-zt-zt-5175tr-w.jpg\",\"contentUrl\":\"https:\\\/\\\/sagrinex.com\\\/wp-content\\\/uploads\\\/2026\\\/03\\\/tondeuse-thermique-tractee-170cc-3-roues-avec-coupe-mulching-51cm-texas-zt-zt-5175tr-w.jpg\",\"width\":1200,\"height\":1372},{\"@type\":\"BreadcrumbList\",\"@id\":\"https:\\\/\\\/sagrinex.com\\\/produit\\\/tondeuse-thermique-tractee-170cc-3-roues-avec-coupe-mulching-51cm-texas-zt-zt-5175tr-w\\\/#breadcrumb\",\"itemListElement\":[{\"@type\":\"ListItem\",\"position\":1,\"name\":\"Accueil\",\"item\":\"https:\\\/\\\/sagrinex.com\\\/?lang=de\"},{\"@type\":\"ListItem\",\"position\":2,\"name\":\"Shop\",\"item\":\"https:\\\/\\\/sagrinex.com\\\/shop\\\/\"},{\"@type\":\"ListItem\",\"position\":3,\"name\":\"Selbstfahrender Benzinrasenm\u00e4her 170 Cm\u00b3 mit 3 R\u00e4dern und 51 Cm Mulchfunktion \u2013 Texas Zt Zt 5175TR\\\/W\"}]},{\"@type\":\"WebSite\",\"@id\":\"https:\\\/\\\/sagrinex.com\\\/#website\",\"url\":\"https:\\\/\\\/sagrinex.com\\\/\",\"name\":\"Sagrinex \u2013 Spezialist f\u00fcr Anh\u00e4nger, Container & Landtechnik\",\"description\":\"Anhaenger, Container &amp; Landtechnik \u2014 Online-Verkauf &amp; kostenloses Angebot\",\"publisher\":{\"@id\":\"https:\\\/\\\/sagrinex.com\\\/#organization\"},\"potentialAction\":[{\"@type\":\"SearchAction\",\"target\":{\"@type\":\"EntryPoint\",\"urlTemplate\":\"https:\\\/\\\/sagrinex.com\\\/?s={search_term_string}\"},\"query-input\":{\"@type\":\"PropertyValueSpecification\",\"valueRequired\":true,\"valueName\":\"search_term_string\"}}],\"inLanguage\":\"de\"},{\"@type\":\"Organization\",\"@id\":\"https:\\\/\\\/sagrinex.com\\\/#organization\",\"name\":\"Sagrinex \u2013 Remorques, Conteneurs & Mat\u00e9riel Agricole\",\"url\":\"https:\\\/\\\/sagrinex.com\\\/\",\"logo\":{\"@type\":\"ImageObject\",\"inLanguage\":\"de\",\"@id\":\"https:\\\/\\\/sagrinex.com\\\/#\\\/schema\\\/logo\\\/image\\\/\",\"url\":\"https:\\\/\\\/sagrinex.com\\\/wp-content\\\/uploads\\\/2026\\\/03\\\/7f1ac463-ef5a-425d-bdd6-a5da03a334a9-1024x683.png\",\"contentUrl\":\"https:\\\/\\\/sagrinex.com\\\/wp-content\\\/uploads\\\/2026\\\/03\\\/7f1ac463-ef5a-425d-bdd6-a5da03a334a9-1024x683.png\",\"width\":1024,\"height\":683,\"caption\":\"Sagrinex \u2013 Remorques, Conteneurs & Mat\u00e9riel Agricole\"},\"image\":{\"@id\":\"https:\\\/\\\/sagrinex.com\\\/#\\\/schema\\\/logo\\\/image\\\/\"}}]}<\/script>\n<!-- \/ Yoast SEO plugin. -->","yoast_head_json":{"title":"Selbstfahrender Benzinrasenm\u00e4her 170 cm\u00b3 mit 3 R\u00e4dern und 51 cm Mulchfunktion \u2013 TEXAS ZT ZT 5175TR\/W","description":"Selbstfahrender Benzinrasenm\u00e4her TEXAS ZT 5175TR\/W mit 170 cm\u00b3 RV170-S 4-Takt-Motor, ideal f\u00fcr mittlere bis gro\u00dfe Rasenfl\u00e4chen. 51 cm Schnittbreite f\u00fcr effizientes M\u00e4hen mit minimalen Durchg\u00e4ngen. 3-Rad-Chassis mit schwenkbarem Vorderrad bietet hervorragende Man\u00f6vrierf\u00e4higkeit, auch um B\u00e4ume und Hindernisse. 4-in-1-Funktion: Fangen, Mulchen, Heckauswurf und Seitenauswurf. Zentrale Schnitth\u00f6henverstellung in mehreren Positionen (ca. 6 Positionen von 25 bis 75 mm). Gro\u00dfer Fangkorb von 70 bis 75 Litern reduziert Entleerungsstopps. Arretierbares Schwenkrad vorne f\u00fcr bessere Stabilit\u00e4t bei Geradeausfahrten. Robuste Konstruktion mit Stahlm\u00e4hdeck, ausgelegt f\u00fcr dauerhaften Einsatz.","robots":{"index":"index","follow":"follow","max-snippet":"max-snippet:-1","max-image-preview":"max-image-preview:large","max-video-preview":"max-video-preview:-1"},"canonical":"https:\/\/sagrinex.com\/produit\/tondeuse-thermique-tractee-170cc-3-roues-avec-coupe-mulching-51cm-texas-zt-zt-5175tr-w\/","og_locale":"de_DE","og_type":"article","og_title":"Selbstfahrender Benzinrasenm\u00e4her 170 cm\u00b3 mit 3 R\u00e4dern und 51 cm Mulchfunktion \u2013 TEXAS ZT ZT 5175TR\/W","og_description":"Selbstfahrender Benzinrasenm\u00e4her TEXAS ZT 5175TR\/W mit 170 cm\u00b3 RV170-S 4-Takt-Motor, ideal f\u00fcr mittlere bis gro\u00dfe Rasenfl\u00e4chen. 51 cm Schnittbreite f\u00fcr effizientes M\u00e4hen mit minimalen Durchg\u00e4ngen. 3-Rad-Chassis mit schwenkbarem Vorderrad bietet hervorragende Man\u00f6vrierf\u00e4higkeit, auch um B\u00e4ume und Hindernisse. 4-in-1-Funktion: Fangen, Mulchen, Heckauswurf und Seitenauswurf. Zentrale Schnitth\u00f6henverstellung in mehreren Positionen (ca. 6 Positionen von 25 bis 75 mm). Gro\u00dfer Fangkorb von 70 bis 75 Litern reduziert Entleerungsstopps. Arretierbares Schwenkrad vorne f\u00fcr bessere Stabilit\u00e4t bei Geradeausfahrten. Robuste Konstruktion mit Stahlm\u00e4hdeck, ausgelegt f\u00fcr dauerhaften Einsatz.","og_url":"https:\/\/sagrinex.com\/produit\/tondeuse-thermique-tractee-170cc-3-roues-avec-coupe-mulching-51cm-texas-zt-zt-5175tr-w\/","og_site_name":"Sagrinex \u2013 Anhaenger, Container &amp; Landtechnik \ud83c\udf3e\ud83d\ude9c","article_modified_time":"2026-04-15T21:12:02+00:00","og_image":[{"width":1200,"height":1372,"url":"https:\/\/sagrinex.com\/wp-content\/uploads\/2026\/03\/tondeuse-thermique-tractee-170cc-3-roues-avec-coupe-mulching-51cm-texas-zt-zt-5175tr-w.jpg","type":"image\/jpeg"}],"twitter_card":"summary_large_image","twitter_misc":{"Gesch\u00e4tzte Lesezeit":"2\u00a0Minuten"},"schema":{"@context":"https:\/\/schema.org","@graph":[{"@type":"WebPage","@id":"https:\/\/sagrinex.com\/produit\/tondeuse-thermique-tractee-170cc-3-roues-avec-coupe-mulching-51cm-texas-zt-zt-5175tr-w\/","url":"https:\/\/sagrinex.com\/produit\/tondeuse-thermique-tractee-170cc-3-roues-avec-coupe-mulching-51cm-texas-zt-zt-5175tr-w\/","name":"Selbstfahrender Benzinrasenm\u00e4her 170 cm\u00b3 mit 3 R\u00e4dern und 51 cm Mulchfunktion \u2013 TEXAS ZT ZT 5175TR\/W","isPartOf":{"@id":"https:\/\/sagrinex.com\/#website"},"primaryImageOfPage":{"@id":"https:\/\/sagrinex.com\/produit\/tondeuse-thermique-tractee-170cc-3-roues-avec-coupe-mulching-51cm-texas-zt-zt-5175tr-w\/#primaryimage"},"image":{"@id":"https:\/\/sagrinex.com\/produit\/tondeuse-thermique-tractee-170cc-3-roues-avec-coupe-mulching-51cm-texas-zt-zt-5175tr-w\/#primaryimage"},"thumbnailUrl":"https:\/\/sagrinex.com\/wp-content\/uploads\/2026\/03\/tondeuse-thermique-tractee-170cc-3-roues-avec-coupe-mulching-51cm-texas-zt-zt-5175tr-w.jpg","datePublished":"2026-03-10T15:32:55+00:00","dateModified":"2026-04-15T21:12:02+00:00","description":"Selbstfahrender Benzinrasenm\u00e4her TEXAS ZT 5175TR\/W mit 170 cm\u00b3 RV170-S 4-Takt-Motor, ideal f\u00fcr mittlere bis gro\u00dfe Rasenfl\u00e4chen. 51 cm Schnittbreite f\u00fcr effizientes M\u00e4hen mit minimalen Durchg\u00e4ngen. 3-Rad-Chassis mit schwenkbarem Vorderrad bietet hervorragende Man\u00f6vrierf\u00e4higkeit, auch um B\u00e4ume und Hindernisse. 4-in-1-Funktion: Fangen, Mulchen, Heckauswurf und Seitenauswurf. Zentrale Schnitth\u00f6henverstellung in mehreren Positionen (ca. 6 Positionen von 25 bis 75 mm). Gro\u00dfer Fangkorb von 70 bis 75 Litern reduziert Entleerungsstopps. Arretierbares Schwenkrad vorne f\u00fcr bessere Stabilit\u00e4t bei Geradeausfahrten. Robuste Konstruktion mit Stahlm\u00e4hdeck, ausgelegt f\u00fcr dauerhaften Einsatz.","breadcrumb":{"@id":"https:\/\/sagrinex.com\/produit\/tondeuse-thermique-tractee-170cc-3-roues-avec-coupe-mulching-51cm-texas-zt-zt-5175tr-w\/#breadcrumb"},"inLanguage":"de","potentialAction":[{"@type":"ReadAction","target":["https:\/\/sagrinex.com\/produit\/tondeuse-thermique-tractee-170cc-3-roues-avec-coupe-mulching-51cm-texas-zt-zt-5175tr-w\/"]}]},{"@type":"ImageObject","inLanguage":"de","@id":"https:\/\/sagrinex.com\/produit\/tondeuse-thermique-tractee-170cc-3-roues-avec-coupe-mulching-51cm-texas-zt-zt-5175tr-w\/#primaryimage","url":"https:\/\/sagrinex.com\/wp-content\/uploads\/2026\/03\/tondeuse-thermique-tractee-170cc-3-roues-avec-coupe-mulching-51cm-texas-zt-zt-5175tr-w.jpg","contentUrl":"https:\/\/sagrinex.com\/wp-content\/uploads\/2026\/03\/tondeuse-thermique-tractee-170cc-3-roues-avec-coupe-mulching-51cm-texas-zt-zt-5175tr-w.jpg","width":1200,"height":1372},{"@type":"BreadcrumbList","@id":"https:\/\/sagrinex.com\/produit\/tondeuse-thermique-tractee-170cc-3-roues-avec-coupe-mulching-51cm-texas-zt-zt-5175tr-w\/#breadcrumb","itemListElement":[{"@type":"ListItem","position":1,"name":"Accueil","item":"https:\/\/sagrinex.com\/?lang=de"},{"@type":"ListItem","position":2,"name":"Shop","item":"https:\/\/sagrinex.com\/shop\/"},{"@type":"ListItem","position":3,"name":"Selbstfahrender Benzinrasenm\u00e4her 170 Cm\u00b3 mit 3 R\u00e4dern und 51 Cm Mulchfunktion \u2013 Texas Zt Zt 5175TR\/W"}]},{"@type":"WebSite","@id":"https:\/\/sagrinex.com\/#website","url":"https:\/\/sagrinex.com\/","name":"Sagrinex \u2013 Spezialist f\u00fcr Anh\u00e4nger, Container & Landtechnik","description":"Anhaenger, Container &amp; Landtechnik \u2014 Online-Verkauf &amp; kostenloses Angebot","publisher":{"@id":"https:\/\/sagrinex.com\/#organization"},"potentialAction":[{"@type":"SearchAction","target":{"@type":"EntryPoint","urlTemplate":"https:\/\/sagrinex.com\/?s={search_term_string}"},"query-input":{"@type":"PropertyValueSpecification","valueRequired":true,"valueName":"search_term_string"}}],"inLanguage":"de"},{"@type":"Organization","@id":"https:\/\/sagrinex.com\/#organization","name":"Sagrinex \u2013 Remorques, Conteneurs & Mat\u00e9riel Agricole","url":"https:\/\/sagrinex.com\/","logo":{"@type":"ImageObject","inLanguage":"de","@id":"https:\/\/sagrinex.com\/#\/schema\/logo\/image\/","url":"https:\/\/sagrinex.com\/wp-content\/uploads\/2026\/03\/7f1ac463-ef5a-425d-bdd6-a5da03a334a9-1024x683.png","contentUrl":"https:\/\/sagrinex.com\/wp-content\/uploads\/2026\/03\/7f1ac463-ef5a-425d-bdd6-a5da03a334a9-1024x683.png","width":1024,"height":683,"caption":"Sagrinex \u2013 Remorques, Conteneurs & Mat\u00e9riel Agricole"},"image":{"@id":"https:\/\/sagrinex.com\/#\/schema\/logo\/image\/"}}]}},"jetpack_sharing_enabled":true,"_links":{"self":[{"href":"https:\/\/sagrinex.com\/de\/wp-json\/wp\/v2\/product\/13230","targetHints":{"allow":["GET"]}}],"collection":[{"href":"https:\/\/sagrinex.com\/de\/wp-json\/wp\/v2\/product"}],"about":[{"href":"https:\/\/sagrinex.com\/de\/wp-json\/wp\/v2\/types\/product"}],"replies":[{"embeddable":true,"href":"https:\/\/sagrinex.com\/de\/wp-json\/wp\/v2\/comments?post=13230"}],"version-history":[{"count":0,"href":"https:\/\/sagrinex.com\/de\/wp-json\/wp\/v2\/product\/13230\/revisions"}],"wp:featuredmedia":[{"embeddable":true,"href":"https:\/\/sagrinex.com\/de\/wp-json\/wp\/v2\/media\/13231"}],"wp:attachment":[{"href":"https:\/\/sagrinex.com\/de\/wp-json\/wp\/v2\/media?parent=13230"}],"wp:term":[{"taxonomy":"product_brand","embeddable":true,"href":"https:\/\/sagrinex.com\/de\/wp-json\/wp\/v2\/product_brand?post=13230"},{"taxonomy":"product_cat","embeddable":true,"href":"https:\/\/sagrinex.com\/de\/wp-json\/wp\/v2\/product_cat?post=13230"},{"taxonomy":"product_tag","embeddable":true,"href":"https:\/\/sagrinex.com\/de\/wp-json\/wp\/v2\/product_tag?post=13230"}],"curies":[{"name":"wp","href":"https:\/\/api.w.org\/{rel}","templated":true}]}}