{"id":13241,"date":"2026-03-10T10:03:31","date_gmt":"2026-03-10T10:03:31","guid":{"rendered":"https:\/\/sagrinex.com\/produit\/mulch-rasenmaeher-2-akkus-20v-messer-37cm-fangkorb-40l-texas-lmx2037\/"},"modified":"2026-04-15T21:12:02","modified_gmt":"2026-04-15T21:12:02","slug":"mulch-rasenmaeher-2-akkus-20v-messer-37cm-fangkorb-40l-texas-lmx2037","status":"publish","type":"product","link":"https:\/\/sagrinex.com\/de\/produit\/mulch-rasenmaeher-2-akkus-20v-messer-37cm-fangkorb-40l-texas-lmx2037\/","title":{"rendered":"Mulch-rasenm\u00e4her 2 Akkus 20V Messer 37cm Fangkorb 40l Texas LMX2037"},"content":{"rendered":"<p>Der LMX2037 ist ein idealer Rasenm\u00e4her f\u00fcr die meisten Einfamilienh\u00e4user mit Rasenfl\u00e4chen bis zu 500 m2 und kann einen kleineren Benzinrasenm\u00e4her ersetzen.<br \/>\nEr wurde auf einer quadratischen Fl\u00e4che getestet, wo ein effizientes M\u00e4hen Reihe f\u00fcr Reihe erfolgt. Ein Rasen mit anderer Form kann die Fl\u00e4chenkapazit\u00e4t reduzieren.<br \/>\nBenutzerfreundlichkeit und Komfort sind garantiert. Der Rasenm\u00e4her ist einfach zu starten, einfach den Knopf dr\u00fccken und den Startb\u00fcgel aktivieren. Und er hat einen h\u00f6henverstellbaren und ergonomischen F\u00fchrungsholm mit komfortablem Schaumstoffgriff. Die H\u00f6heneinstellung kann einfach \u00fcber einen Hebel in 6 Positionen (25-75 mm) ge\u00e4ndert werden. Der F\u00fchrungsholm l\u00e4sst sich einfach zusammenklappen. Ein praktischer Griff an der Oberseite hinter dem Motor erm\u00f6glicht einfaches Anheben. <\/p>\n<p>Der Akku und das Ladeger\u00e4t sind kompatibel mit folgenden Maschinen:<br \/>\nCSX2000<br \/>\nGTX2000<br \/>\nHTX2000<br \/>\nLBX2000<br \/>\nPHX2000<br \/>\nPCX2000<br \/>\nLMX2033<br \/>\nLMX2037<\/p>\n","protected":false},"excerpt":{"rendered":"<ul>\n<li><strong>Akku-Rasenm\u00e4her <\/strong>20 Volt <strong>Texas <\/strong>LMX2037 Schnittbreite 37 cm. Geliefert mit 2 Akkus 4Ah und einem Schnellladeger\u00e4t. <\/li>\n<li>3-in-1-Funktion: <strong>Mulchen<\/strong>, Heckauswurf oder 40-Liter-Fangkorb. Ideal f\u00fcr <strong>Fl\u00e4chen <\/strong>bis 500 m\u00b2. <\/li>\n<li><strong>Rasenm\u00e4her mit elektrischem Start<\/strong>, sehr leicht mit einem Gewicht von 12,6 kg (leer). Einfache Aufbewahrung. <\/li>\n<li><strong>Schnitth\u00f6he <\/strong>einstellbar von 25 bis 75 mm \u00fcber zentralen Hebel mit 6 Positionen. Geh\u00e4use aus Polypropylen ideal f\u00fcr Sto\u00dfd\u00e4mpfung und perfekt glatte Bel\u00fcftungsfl\u00e4che. <\/li>\n<li>Reduzierte Ger\u00e4uschentwicklung, keine Abgasbel\u00e4stigung, keine Motorwartung erforderlich. 2 Jahre Garantie. <\/li>\n<\/ul>\n","protected":false},"featured_media":13242,"comment_status":"open","ping_status":"closed","template":"","meta":[],"product_brand":[],"product_cat":[324,320],"product_tag":[],"class_list":{"0":"post-13241","1":"product","2":"type-product","3":"status-publish","4":"has-post-thumbnail","6":"product_cat-akku-rasenmaeher","7":"product_cat-unsere-rasenmaher","9":"first","10":"instock","11":"sale","12":"shipping-taxable","13":"purchasable","14":"product-type-simple"},"yoast_head":"<!-- This site is optimized with the Yoast SEO plugin v27.4 - https:\/\/yoast.com\/product\/yoast-seo-wordpress\/ -->\n<title>Mulch-rasenm\u00e4her 2 Akkus 20V Messer 37cm Fangkorb 40l Texas LMX2037 - Sagrinex \u2013 Anhaenger, Container &amp; Landtechnik \ud83c\udf3e\ud83d\ude9c<\/title>\n<meta name=\"description\" content=\"Akku-Rasenm\u00e4her 20 Volt Texas LMX2037 Schnittbreite 37 cm. Geliefert mit 2 Akkus 4Ah und einem Schnellladeger\u00e4t. 3-in-1-Funktion: Mulchen, Heckauswurf oder 40-Liter-Fangkorb. Ideal f\u00fcr Fl\u00e4chen bis 500 m\u00b2. Sehr leichter Rasenm\u00e4her mit elektrischem Start und einem Gewicht von 12,6 kg (leer). Einfache Aufbewahrung. Schnitth\u00f6he einstellbar von 25 bis 75 mm \u00fcber zentralen Hebel mit 6 Positionen. Geh\u00e4use aus Polypropylen ideal f\u00fcr Sto\u00dfd\u00e4mpfung und perfekt glatte Bel\u00fcftungsfl\u00e4che. Reduzierte Ger\u00e4uschentwicklung, keine Abgasbel\u00e4stigung, keine Motorwartung erforderlich. 2 Jahre Garantie.\" \/>\n<meta name=\"robots\" content=\"index, follow, max-snippet:-1, max-image-preview:large, max-video-preview:-1\" \/>\n<link rel=\"canonical\" href=\"https:\/\/sagrinex.com\/produit\/tondeuse-mulching-2-batteries-20v-lame-37cm-bac-40l-texas-lmx2037\/\" \/>\n<meta property=\"og:locale\" content=\"de_DE\" \/>\n<meta property=\"og:type\" content=\"article\" \/>\n<meta property=\"og:title\" content=\"Mulch-rasenm\u00e4her 2 Akkus 20V Messer 37cm Fangkorb 40l Texas LMX2037 - Sagrinex \u2013 Anhaenger, Container &amp; Landtechnik \ud83c\udf3e\ud83d\ude9c\" \/>\n<meta property=\"og:description\" content=\"Akku-Rasenm\u00e4her 20 Volt Texas LMX2037 Schnittbreite 37 cm. Geliefert mit 2 Akkus 4Ah und einem Schnellladeger\u00e4t. 3-in-1-Funktion: Mulchen, Heckauswurf oder 40-Liter-Fangkorb. Ideal f\u00fcr Fl\u00e4chen bis 500 m\u00b2. Sehr leichter Rasenm\u00e4her mit elektrischem Start und einem Gewicht von 12,6 kg (leer). Einfache Aufbewahrung. Schnitth\u00f6he einstellbar von 25 bis 75 mm \u00fcber zentralen Hebel mit 6 Positionen. Geh\u00e4use aus Polypropylen ideal f\u00fcr Sto\u00dfd\u00e4mpfung und perfekt glatte Bel\u00fcftungsfl\u00e4che. Reduzierte Ger\u00e4uschentwicklung, keine Abgasbel\u00e4stigung, keine Motorwartung erforderlich. 2 Jahre Garantie.\" \/>\n<meta property=\"og:url\" content=\"https:\/\/sagrinex.com\/produit\/tondeuse-mulching-2-batteries-20v-lame-37cm-bac-40l-texas-lmx2037\/\" \/>\n<meta property=\"og:site_name\" content=\"Sagrinex \u2013 Anhaenger, Container &amp; Landtechnik \ud83c\udf3e\ud83d\ude9c\" \/>\n<meta property=\"article:modified_time\" content=\"2026-04-15T21:12:02+00:00\" \/>\n<meta property=\"og:image\" content=\"https:\/\/sagrinex.com\/wp-content\/uploads\/2026\/03\/tondeuse-mulching-2-batteries-20v-lame-37cm-bac-40l-texas-lmx2037.jpg\" \/>\n\t<meta property=\"og:image:width\" content=\"1200\" \/>\n\t<meta property=\"og:image:height\" content=\"1372\" \/>\n\t<meta property=\"og:image:type\" content=\"image\/jpeg\" \/>\n<meta name=\"twitter:card\" content=\"summary_large_image\" \/>\n<meta name=\"twitter:label1\" content=\"Gesch\u00e4tzte Lesezeit\" \/>\n\t<meta name=\"twitter:data1\" content=\"1\u00a0Minute\" \/>\n<script type=\"application\/ld+json\" class=\"yoast-schema-graph\">{\"@context\":\"https:\\\/\\\/schema.org\",\"@graph\":[{\"@type\":\"WebPage\",\"@id\":\"https:\\\/\\\/sagrinex.com\\\/produit\\\/tondeuse-mulching-2-batteries-20v-lame-37cm-bac-40l-texas-lmx2037\\\/\",\"url\":\"https:\\\/\\\/sagrinex.com\\\/produit\\\/tondeuse-mulching-2-batteries-20v-lame-37cm-bac-40l-texas-lmx2037\\\/\",\"name\":\"Mulch-rasenm\u00e4her 2 Akkus 20V Messer 37cm Fangkorb 40l Texas LMX2037 - Sagrinex \u2013 Anhaenger, Container &amp; Landtechnik \ud83c\udf3e\ud83d\ude9c\",\"isPartOf\":{\"@id\":\"https:\\\/\\\/sagrinex.com\\\/#website\"},\"primaryImageOfPage\":{\"@id\":\"https:\\\/\\\/sagrinex.com\\\/produit\\\/tondeuse-mulching-2-batteries-20v-lame-37cm-bac-40l-texas-lmx2037\\\/#primaryimage\"},\"image\":{\"@id\":\"https:\\\/\\\/sagrinex.com\\\/produit\\\/tondeuse-mulching-2-batteries-20v-lame-37cm-bac-40l-texas-lmx2037\\\/#primaryimage\"},\"thumbnailUrl\":\"https:\\\/\\\/sagrinex.com\\\/wp-content\\\/uploads\\\/2026\\\/03\\\/tondeuse-mulching-2-batteries-20v-lame-37cm-bac-40l-texas-lmx2037.jpg\",\"datePublished\":\"2026-03-10T10:03:31+00:00\",\"dateModified\":\"2026-04-15T21:12:02+00:00\",\"description\":\"Akku-Rasenm\u00e4her 20 Volt Texas LMX2037 Schnittbreite 37 cm. Geliefert mit 2 Akkus 4Ah und einem Schnellladeger\u00e4t. 3-in-1-Funktion: Mulchen, Heckauswurf oder 40-Liter-Fangkorb. Ideal f\u00fcr Fl\u00e4chen bis 500 m\u00b2. Sehr leichter Rasenm\u00e4her mit elektrischem Start und einem Gewicht von 12,6 kg (leer). Einfache Aufbewahrung. Schnitth\u00f6he einstellbar von 25 bis 75 mm \u00fcber zentralen Hebel mit 6 Positionen. Geh\u00e4use aus Polypropylen ideal f\u00fcr Sto\u00dfd\u00e4mpfung und perfekt glatte Bel\u00fcftungsfl\u00e4che. Reduzierte Ger\u00e4uschentwicklung, keine Abgasbel\u00e4stigung, keine Motorwartung erforderlich. 2 Jahre Garantie.\",\"breadcrumb\":{\"@id\":\"https:\\\/\\\/sagrinex.com\\\/produit\\\/tondeuse-mulching-2-batteries-20v-lame-37cm-bac-40l-texas-lmx2037\\\/#breadcrumb\"},\"inLanguage\":\"de\",\"potentialAction\":[{\"@type\":\"ReadAction\",\"target\":[\"https:\\\/\\\/sagrinex.com\\\/produit\\\/tondeuse-mulching-2-batteries-20v-lame-37cm-bac-40l-texas-lmx2037\\\/\"]}]},{\"@type\":\"ImageObject\",\"inLanguage\":\"de\",\"@id\":\"https:\\\/\\\/sagrinex.com\\\/produit\\\/tondeuse-mulching-2-batteries-20v-lame-37cm-bac-40l-texas-lmx2037\\\/#primaryimage\",\"url\":\"https:\\\/\\\/sagrinex.com\\\/wp-content\\\/uploads\\\/2026\\\/03\\\/tondeuse-mulching-2-batteries-20v-lame-37cm-bac-40l-texas-lmx2037.jpg\",\"contentUrl\":\"https:\\\/\\\/sagrinex.com\\\/wp-content\\\/uploads\\\/2026\\\/03\\\/tondeuse-mulching-2-batteries-20v-lame-37cm-bac-40l-texas-lmx2037.jpg\",\"width\":1200,\"height\":1372},{\"@type\":\"BreadcrumbList\",\"@id\":\"https:\\\/\\\/sagrinex.com\\\/produit\\\/tondeuse-mulching-2-batteries-20v-lame-37cm-bac-40l-texas-lmx2037\\\/#breadcrumb\",\"itemListElement\":[{\"@type\":\"ListItem\",\"position\":1,\"name\":\"Accueil\",\"item\":\"https:\\\/\\\/sagrinex.com\\\/?lang=de\"},{\"@type\":\"ListItem\",\"position\":2,\"name\":\"Shop\",\"item\":\"https:\\\/\\\/sagrinex.com\\\/shop\\\/\"},{\"@type\":\"ListItem\",\"position\":3,\"name\":\"Mulch-rasenm\u00e4her 2 Akkus 20V Messer 37cm Fangkorb 40l Texas LMX2037\"}]},{\"@type\":\"WebSite\",\"@id\":\"https:\\\/\\\/sagrinex.com\\\/#website\",\"url\":\"https:\\\/\\\/sagrinex.com\\\/\",\"name\":\"Sagrinex \u2013 Spezialist f\u00fcr Anh\u00e4nger, Container & Landtechnik\",\"description\":\"Anhaenger, Container &amp; Landtechnik \u2014 Online-Verkauf &amp; kostenloses Angebot\",\"publisher\":{\"@id\":\"https:\\\/\\\/sagrinex.com\\\/#organization\"},\"potentialAction\":[{\"@type\":\"SearchAction\",\"target\":{\"@type\":\"EntryPoint\",\"urlTemplate\":\"https:\\\/\\\/sagrinex.com\\\/?s={search_term_string}\"},\"query-input\":{\"@type\":\"PropertyValueSpecification\",\"valueRequired\":true,\"valueName\":\"search_term_string\"}}],\"inLanguage\":\"de\"},{\"@type\":\"Organization\",\"@id\":\"https:\\\/\\\/sagrinex.com\\\/#organization\",\"name\":\"Sagrinex \u2013 Remorques, Conteneurs & Mat\u00e9riel Agricole\",\"url\":\"https:\\\/\\\/sagrinex.com\\\/\",\"logo\":{\"@type\":\"ImageObject\",\"inLanguage\":\"de\",\"@id\":\"https:\\\/\\\/sagrinex.com\\\/#\\\/schema\\\/logo\\\/image\\\/\",\"url\":\"https:\\\/\\\/sagrinex.com\\\/wp-content\\\/uploads\\\/2026\\\/03\\\/7f1ac463-ef5a-425d-bdd6-a5da03a334a9-1024x683.png\",\"contentUrl\":\"https:\\\/\\\/sagrinex.com\\\/wp-content\\\/uploads\\\/2026\\\/03\\\/7f1ac463-ef5a-425d-bdd6-a5da03a334a9-1024x683.png\",\"width\":1024,\"height\":683,\"caption\":\"Sagrinex \u2013 Remorques, Conteneurs & Mat\u00e9riel Agricole\"},\"image\":{\"@id\":\"https:\\\/\\\/sagrinex.com\\\/#\\\/schema\\\/logo\\\/image\\\/\"}}]}<\/script>\n<!-- \/ Yoast SEO plugin. -->","yoast_head_json":{"title":"Mulch-rasenm\u00e4her 2 Akkus 20V Messer 37cm Fangkorb 40l Texas LMX2037 - Sagrinex \u2013 Anhaenger, Container &amp; Landtechnik \ud83c\udf3e\ud83d\ude9c","description":"Akku-Rasenm\u00e4her 20 Volt Texas LMX2037 Schnittbreite 37 cm. Geliefert mit 2 Akkus 4Ah und einem Schnellladeger\u00e4t. 3-in-1-Funktion: Mulchen, Heckauswurf oder 40-Liter-Fangkorb. Ideal f\u00fcr Fl\u00e4chen bis 500 m\u00b2. Sehr leichter Rasenm\u00e4her mit elektrischem Start und einem Gewicht von 12,6 kg (leer). Einfache Aufbewahrung. Schnitth\u00f6he einstellbar von 25 bis 75 mm \u00fcber zentralen Hebel mit 6 Positionen. Geh\u00e4use aus Polypropylen ideal f\u00fcr Sto\u00dfd\u00e4mpfung und perfekt glatte Bel\u00fcftungsfl\u00e4che. Reduzierte Ger\u00e4uschentwicklung, keine Abgasbel\u00e4stigung, keine Motorwartung erforderlich. 2 Jahre Garantie.","robots":{"index":"index","follow":"follow","max-snippet":"max-snippet:-1","max-image-preview":"max-image-preview:large","max-video-preview":"max-video-preview:-1"},"canonical":"https:\/\/sagrinex.com\/produit\/tondeuse-mulching-2-batteries-20v-lame-37cm-bac-40l-texas-lmx2037\/","og_locale":"de_DE","og_type":"article","og_title":"Mulch-rasenm\u00e4her 2 Akkus 20V Messer 37cm Fangkorb 40l Texas LMX2037 - Sagrinex \u2013 Anhaenger, Container &amp; Landtechnik \ud83c\udf3e\ud83d\ude9c","og_description":"Akku-Rasenm\u00e4her 20 Volt Texas LMX2037 Schnittbreite 37 cm. Geliefert mit 2 Akkus 4Ah und einem Schnellladeger\u00e4t. 3-in-1-Funktion: Mulchen, Heckauswurf oder 40-Liter-Fangkorb. Ideal f\u00fcr Fl\u00e4chen bis 500 m\u00b2. Sehr leichter Rasenm\u00e4her mit elektrischem Start und einem Gewicht von 12,6 kg (leer). Einfache Aufbewahrung. Schnitth\u00f6he einstellbar von 25 bis 75 mm \u00fcber zentralen Hebel mit 6 Positionen. Geh\u00e4use aus Polypropylen ideal f\u00fcr Sto\u00dfd\u00e4mpfung und perfekt glatte Bel\u00fcftungsfl\u00e4che. Reduzierte Ger\u00e4uschentwicklung, keine Abgasbel\u00e4stigung, keine Motorwartung erforderlich. 2 Jahre Garantie.","og_url":"https:\/\/sagrinex.com\/produit\/tondeuse-mulching-2-batteries-20v-lame-37cm-bac-40l-texas-lmx2037\/","og_site_name":"Sagrinex \u2013 Anhaenger, Container &amp; Landtechnik \ud83c\udf3e\ud83d\ude9c","article_modified_time":"2026-04-15T21:12:02+00:00","og_image":[{"width":1200,"height":1372,"url":"https:\/\/sagrinex.com\/wp-content\/uploads\/2026\/03\/tondeuse-mulching-2-batteries-20v-lame-37cm-bac-40l-texas-lmx2037.jpg","type":"image\/jpeg"}],"twitter_card":"summary_large_image","twitter_misc":{"Gesch\u00e4tzte Lesezeit":"1\u00a0Minute"},"schema":{"@context":"https:\/\/schema.org","@graph":[{"@type":"WebPage","@id":"https:\/\/sagrinex.com\/produit\/tondeuse-mulching-2-batteries-20v-lame-37cm-bac-40l-texas-lmx2037\/","url":"https:\/\/sagrinex.com\/produit\/tondeuse-mulching-2-batteries-20v-lame-37cm-bac-40l-texas-lmx2037\/","name":"Mulch-rasenm\u00e4her 2 Akkus 20V Messer 37cm Fangkorb 40l Texas LMX2037 - Sagrinex \u2013 Anhaenger, Container &amp; Landtechnik \ud83c\udf3e\ud83d\ude9c","isPartOf":{"@id":"https:\/\/sagrinex.com\/#website"},"primaryImageOfPage":{"@id":"https:\/\/sagrinex.com\/produit\/tondeuse-mulching-2-batteries-20v-lame-37cm-bac-40l-texas-lmx2037\/#primaryimage"},"image":{"@id":"https:\/\/sagrinex.com\/produit\/tondeuse-mulching-2-batteries-20v-lame-37cm-bac-40l-texas-lmx2037\/#primaryimage"},"thumbnailUrl":"https:\/\/sagrinex.com\/wp-content\/uploads\/2026\/03\/tondeuse-mulching-2-batteries-20v-lame-37cm-bac-40l-texas-lmx2037.jpg","datePublished":"2026-03-10T10:03:31+00:00","dateModified":"2026-04-15T21:12:02+00:00","description":"Akku-Rasenm\u00e4her 20 Volt Texas LMX2037 Schnittbreite 37 cm. Geliefert mit 2 Akkus 4Ah und einem Schnellladeger\u00e4t. 3-in-1-Funktion: Mulchen, Heckauswurf oder 40-Liter-Fangkorb. Ideal f\u00fcr Fl\u00e4chen bis 500 m\u00b2. Sehr leichter Rasenm\u00e4her mit elektrischem Start und einem Gewicht von 12,6 kg (leer). Einfache Aufbewahrung. Schnitth\u00f6he einstellbar von 25 bis 75 mm \u00fcber zentralen Hebel mit 6 Positionen. Geh\u00e4use aus Polypropylen ideal f\u00fcr Sto\u00dfd\u00e4mpfung und perfekt glatte Bel\u00fcftungsfl\u00e4che. Reduzierte Ger\u00e4uschentwicklung, keine Abgasbel\u00e4stigung, keine Motorwartung erforderlich. 2 Jahre Garantie.","breadcrumb":{"@id":"https:\/\/sagrinex.com\/produit\/tondeuse-mulching-2-batteries-20v-lame-37cm-bac-40l-texas-lmx2037\/#breadcrumb"},"inLanguage":"de","potentialAction":[{"@type":"ReadAction","target":["https:\/\/sagrinex.com\/produit\/tondeuse-mulching-2-batteries-20v-lame-37cm-bac-40l-texas-lmx2037\/"]}]},{"@type":"ImageObject","inLanguage":"de","@id":"https:\/\/sagrinex.com\/produit\/tondeuse-mulching-2-batteries-20v-lame-37cm-bac-40l-texas-lmx2037\/#primaryimage","url":"https:\/\/sagrinex.com\/wp-content\/uploads\/2026\/03\/tondeuse-mulching-2-batteries-20v-lame-37cm-bac-40l-texas-lmx2037.jpg","contentUrl":"https:\/\/sagrinex.com\/wp-content\/uploads\/2026\/03\/tondeuse-mulching-2-batteries-20v-lame-37cm-bac-40l-texas-lmx2037.jpg","width":1200,"height":1372},{"@type":"BreadcrumbList","@id":"https:\/\/sagrinex.com\/produit\/tondeuse-mulching-2-batteries-20v-lame-37cm-bac-40l-texas-lmx2037\/#breadcrumb","itemListElement":[{"@type":"ListItem","position":1,"name":"Accueil","item":"https:\/\/sagrinex.com\/?lang=de"},{"@type":"ListItem","position":2,"name":"Shop","item":"https:\/\/sagrinex.com\/shop\/"},{"@type":"ListItem","position":3,"name":"Mulch-rasenm\u00e4her 2 Akkus 20V Messer 37cm Fangkorb 40l Texas LMX2037"}]},{"@type":"WebSite","@id":"https:\/\/sagrinex.com\/#website","url":"https:\/\/sagrinex.com\/","name":"Sagrinex \u2013 Spezialist f\u00fcr Anh\u00e4nger, Container & Landtechnik","description":"Anhaenger, Container &amp; Landtechnik \u2014 Online-Verkauf &amp; kostenloses Angebot","publisher":{"@id":"https:\/\/sagrinex.com\/#organization"},"potentialAction":[{"@type":"SearchAction","target":{"@type":"EntryPoint","urlTemplate":"https:\/\/sagrinex.com\/?s={search_term_string}"},"query-input":{"@type":"PropertyValueSpecification","valueRequired":true,"valueName":"search_term_string"}}],"inLanguage":"de"},{"@type":"Organization","@id":"https:\/\/sagrinex.com\/#organization","name":"Sagrinex \u2013 Remorques, Conteneurs & Mat\u00e9riel Agricole","url":"https:\/\/sagrinex.com\/","logo":{"@type":"ImageObject","inLanguage":"de","@id":"https:\/\/sagrinex.com\/#\/schema\/logo\/image\/","url":"https:\/\/sagrinex.com\/wp-content\/uploads\/2026\/03\/7f1ac463-ef5a-425d-bdd6-a5da03a334a9-1024x683.png","contentUrl":"https:\/\/sagrinex.com\/wp-content\/uploads\/2026\/03\/7f1ac463-ef5a-425d-bdd6-a5da03a334a9-1024x683.png","width":1024,"height":683,"caption":"Sagrinex \u2013 Remorques, Conteneurs & Mat\u00e9riel Agricole"},"image":{"@id":"https:\/\/sagrinex.com\/#\/schema\/logo\/image\/"}}]}},"jetpack_sharing_enabled":true,"_links":{"self":[{"href":"https:\/\/sagrinex.com\/de\/wp-json\/wp\/v2\/product\/13241","targetHints":{"allow":["GET"]}}],"collection":[{"href":"https:\/\/sagrinex.com\/de\/wp-json\/wp\/v2\/product"}],"about":[{"href":"https:\/\/sagrinex.com\/de\/wp-json\/wp\/v2\/types\/product"}],"replies":[{"embeddable":true,"href":"https:\/\/sagrinex.com\/de\/wp-json\/wp\/v2\/comments?post=13241"}],"version-history":[{"count":0,"href":"https:\/\/sagrinex.com\/de\/wp-json\/wp\/v2\/product\/13241\/revisions"}],"wp:featuredmedia":[{"embeddable":true,"href":"https:\/\/sagrinex.com\/de\/wp-json\/wp\/v2\/media\/13242"}],"wp:attachment":[{"href":"https:\/\/sagrinex.com\/de\/wp-json\/wp\/v2\/media?parent=13241"}],"wp:term":[{"taxonomy":"product_brand","embeddable":true,"href":"https:\/\/sagrinex.com\/de\/wp-json\/wp\/v2\/product_brand?post=13241"},{"taxonomy":"product_cat","embeddable":true,"href":"https:\/\/sagrinex.com\/de\/wp-json\/wp\/v2\/product_cat?post=13241"},{"taxonomy":"product_tag","embeddable":true,"href":"https:\/\/sagrinex.com\/de\/wp-json\/wp\/v2\/product_tag?post=13241"}],"curies":[{"name":"wp","href":"https:\/\/api.w.org\/{rel}","templated":true}]}}