{"id":13292,"date":"2026-03-10T16:23:01","date_gmt":"2026-03-10T16:23:01","guid":{"rendered":"https:\/\/sagrinex.com\/produit\/professioneller-benzin-balkenmaeher-870-mm-loncin-motor-villager-vfm-870-l\/"},"modified":"2026-04-15T21:12:03","modified_gmt":"2026-04-15T21:12:03","slug":"professioneller-benzin-balkenmaeher-870-mm-loncin-motor-villager-vfm-870-l","status":"publish","type":"product","link":"https:\/\/sagrinex.com\/de\/produit\/professioneller-benzin-balkenmaeher-870-mm-loncin-motor-villager-vfm-870-l\/","title":{"rendered":"Professioneller Benzin-balkenm\u00e4her 870 Mm, Loncin-motor \u2013 Villager Vfm 870 L"},"content":{"rendered":"<h2>Benzin-Frontm\u00e4her VILLAGER VFM 870 L \u2013 123 cm\u00b3, 870 mm, Loncin-Motor<\/h2>\n<p>Der <strong>VFM 870 L<\/strong> von VILLAGER ist ein <strong>professioneller Benzin-Frontm\u00e4her<\/strong>, der f\u00fcr die Pflege von <strong>unebenem oder absch\u00fcssigem Gel\u00e4nde<\/strong> konzipiert wurde. Dank seines 870 mm Frontmessers, seines Loncin-Motors mit 123 cm\u00b3 und seines Riemenantriebs (REMEN) ist er perfekt f\u00fcr das Schneiden von hohem und dichtem Gras auf schwer zug\u00e4nglichem oder stark absch\u00fcssigem Gel\u00e4nde geeignet. <\/p>\n<h3>Einsatz auf absch\u00fcssigem oder unebenem Gel\u00e4nde<\/h3>\n<p>Der VFM 870 L ist f\u00fcr effizientes M\u00e4hen konzipiert auf:<\/p>\n<ul>\n<li>Privatrasen und Wohngebieten<\/li>\n<li>Sportpl\u00e4tzen, Golfpl\u00e4tzen, kommunalen Parks<\/li>\n<li>Friedh\u00f6fen, Gr\u00fcnfl\u00e4chen mit starkem Relief<\/li>\n<li>Hanglagen bis 20\u00b0<\/li>\n<\/ul>\n<p>Er ist ideal f\u00fcr den Einsatz im Fr\u00fchling, Sommer und bis Ende Herbst.<\/p>\n<h3>Loncin-Motor und Schneidleistung<\/h3>\n<ul>\n<li><strong>Benzinmotor: <\/strong>Loncin 4-Takt, 123 cm\u00b3<\/li>\n<li><strong>Leistung: <\/strong>2,2 kW bei 3300 U\/min<\/li>\n<li><strong>Schnittbreite: <\/strong>870 mm<\/li>\n<li><strong>Einstellbare Schnitth\u00f6he: <\/strong>35\u201380 mm<\/li>\n<li><strong>Empfohlene Fl\u00e4che: <\/strong>bis 2000 m\u00b2<\/li>\n<\/ul>\n<p>Der M\u00e4her ist mit vorne montierten Messern auf einem Schneidbalken ausgestattet, die ein pr\u00e4zises M\u00e4hen auch in hohem Gras erm\u00f6glichen. Die M\u00e4hgeschwindigkeit betr\u00e4gt <strong>2,6 km\/h<\/strong>, einstellbar je nach Bedingungen dank des Getriebes 1 Vorw\u00e4rtsgang \/ 1 R\u00fcckw\u00e4rtsgang. <\/p>\n<h3>Man\u00f6vrierf\u00e4higkeit und Sicherheit<\/h3>\n<p>Mit einem Gewicht von 52 kg und <strong>gro\u00dfen R\u00e4dern mit 325 mm Durchmesser<\/strong> bleibt dieser M\u00e4her stabil und leicht zu man\u00f6vrieren, auch auf unebenem Gel\u00e4nde. Der Lenker ist verstellbar, um dem Benutzer eine komfortable Haltung zu gew\u00e4hrleisten. <\/p>\n<h4>Garantie und Support<\/h4>\n<p><strong>2 Jahre Garantie.<\/strong> <strong>Ersatzteile und Wartung durch das VILLAGER-Netzwerk gew\u00e4hrleistet.<\/strong>  Technischer Support und Bedienungsanleitung verf\u00fcgbar. Produkt geeignet f\u00fcr Kommunen, Landschaftsg\u00e4rtner und anspruchsvolle Privatpersonen. <\/p>\n<p><strong>Die Maschine wird ohne \u00d6l geliefert.<\/strong><\/p>\n","protected":false},"excerpt":{"rendered":"<ul>\n<li data-end=\"221\" data-start=\"115\">Benzin-Motorm\u00e4her <strong>VILLAGER VFM 870 L<\/strong> zum M\u00e4hen von Gras auf unebenem oder absch\u00fcssigem Gel\u00e4nde.<\/li>\n<li data-end=\"307\" data-start=\"224\">Ausgestattet mit einem<strong> Loncin-Motor 123 cm\u00b3 <\/strong>mit<strong> Messerbalkenschneidwerk 87 cm <\/strong>(Fingertyp).<\/li>\n<li data-end=\"395\" data-start=\"310\">Geeignet f\u00fcr Fl\u00e4chen bis<strong> 2000 m\u00b2<\/strong>, mit einstellbarer Schnitth\u00f6he von<strong> 35 bis 80 mm.<\/strong><\/li>\n<li data-end=\"475\" data-start=\"398\">Mechanischer Antrieb mit Einzelgeschwindigkeit<strong> (2,6 km\/h) <\/strong>und Riemenantrieb.<\/li>\n<li data-end=\"581\" data-start=\"478\"><strong>Verstellbarer Lenker und Deflektor<\/strong> f\u00fcr besseren Bedienkomfort und kontrollierte Grasauswurf.<\/li>\n<\/ul>\n","protected":false},"featured_media":13293,"comment_status":"open","ping_status":"closed","template":"","meta":[],"product_brand":[],"product_cat":[325,320],"product_tag":[],"class_list":{"0":"post-13292","1":"product","2":"type-product","3":"status-publish","4":"has-post-thumbnail","6":"product_cat-benzin-rasenmaeher","7":"product_cat-unsere-rasenmaher","9":"first","10":"instock","11":"sale","12":"shipping-taxable","13":"purchasable","14":"product-type-simple"},"yoast_head":"<!-- This site is optimized with the Yoast SEO plugin v27.4 - https:\/\/yoast.com\/product\/yoast-seo-wordpress\/ -->\n<title>Professioneller Benzin-Balkenm\u00e4her 870 mm, Loncin-Motor \u2013 VILLAGER VFM 870 L<\/title>\n<meta name=\"description\" content=\"Benzin-Motorm\u00e4her VILLAGER VFM 870 L zum M\u00e4hen von Gras auf unebenem oder absch\u00fcssigem Gel\u00e4nde. Ausgestattet mit einem Loncin-Motor 123 cm\u00b3 mit Messerbalkenschneidwerk 87 cm (Fingertyp). Geeignet f\u00fcr Fl\u00e4chen bis 2000 m\u00b2, mit einstellbarer Schnitth\u00f6he von 35 bis 80 mm. Mechanischer Antrieb mit Einzelgeschwindigkeit (2,6 km\/h) und Riemenantrieb. Verstellbarer Lenker und Deflektor f\u00fcr besseren Bedienkomfort und kontrollierte Grasauswurf.\" \/>\n<meta name=\"robots\" content=\"index, follow, max-snippet:-1, max-image-preview:large, max-video-preview:-1\" \/>\n<link rel=\"canonical\" href=\"https:\/\/sagrinex.com\/produit\/faucheuse-thermique-professionnelle-870-mm-moteur-loncin-villager-vfm-870-l\/\" \/>\n<meta property=\"og:locale\" content=\"de_DE\" \/>\n<meta property=\"og:type\" content=\"article\" \/>\n<meta property=\"og:title\" content=\"Professioneller Benzin-Balkenm\u00e4her 870 mm, Loncin-Motor \u2013 VILLAGER VFM 870 L\" \/>\n<meta property=\"og:description\" content=\"Benzin-Motorm\u00e4her VILLAGER VFM 870 L zum M\u00e4hen von Gras auf unebenem oder absch\u00fcssigem Gel\u00e4nde. Ausgestattet mit einem Loncin-Motor 123 cm\u00b3 mit Messerbalkenschneidwerk 87 cm (Fingertyp). Geeignet f\u00fcr Fl\u00e4chen bis 2000 m\u00b2, mit einstellbarer Schnitth\u00f6he von 35 bis 80 mm. Mechanischer Antrieb mit Einzelgeschwindigkeit (2,6 km\/h) und Riemenantrieb. Verstellbarer Lenker und Deflektor f\u00fcr besseren Bedienkomfort und kontrollierte Grasauswurf.\" \/>\n<meta property=\"og:url\" content=\"https:\/\/sagrinex.com\/produit\/faucheuse-thermique-professionnelle-870-mm-moteur-loncin-villager-vfm-870-l\/\" \/>\n<meta property=\"og:site_name\" content=\"Sagrinex \u2013 Anhaenger, Container &amp; Landtechnik \ud83c\udf3e\ud83d\ude9c\" \/>\n<meta property=\"article:modified_time\" content=\"2026-04-15T21:12:03+00:00\" \/>\n<meta property=\"og:image\" content=\"https:\/\/sagrinex.com\/wp-content\/uploads\/2026\/03\/faucheuse-thermique-professionnelle-870-mm-moteur-loncin-villager-vfm-870-l.jpg\" \/>\n\t<meta property=\"og:image:width\" content=\"1200\" \/>\n\t<meta property=\"og:image:height\" content=\"1372\" \/>\n\t<meta property=\"og:image:type\" content=\"image\/jpeg\" \/>\n<meta name=\"twitter:card\" content=\"summary_large_image\" \/>\n<meta name=\"twitter:label1\" content=\"Gesch\u00e4tzte Lesezeit\" \/>\n\t<meta name=\"twitter:data1\" content=\"1\u00a0Minute\" \/>\n<script type=\"application\/ld+json\" class=\"yoast-schema-graph\">{\"@context\":\"https:\\\/\\\/schema.org\",\"@graph\":[{\"@type\":\"WebPage\",\"@id\":\"https:\\\/\\\/sagrinex.com\\\/produit\\\/faucheuse-thermique-professionnelle-870-mm-moteur-loncin-villager-vfm-870-l\\\/\",\"url\":\"https:\\\/\\\/sagrinex.com\\\/produit\\\/faucheuse-thermique-professionnelle-870-mm-moteur-loncin-villager-vfm-870-l\\\/\",\"name\":\"Professioneller Benzin-Balkenm\u00e4her 870 mm, Loncin-Motor \u2013 VILLAGER VFM 870 L\",\"isPartOf\":{\"@id\":\"https:\\\/\\\/sagrinex.com\\\/#website\"},\"primaryImageOfPage\":{\"@id\":\"https:\\\/\\\/sagrinex.com\\\/produit\\\/faucheuse-thermique-professionnelle-870-mm-moteur-loncin-villager-vfm-870-l\\\/#primaryimage\"},\"image\":{\"@id\":\"https:\\\/\\\/sagrinex.com\\\/produit\\\/faucheuse-thermique-professionnelle-870-mm-moteur-loncin-villager-vfm-870-l\\\/#primaryimage\"},\"thumbnailUrl\":\"https:\\\/\\\/sagrinex.com\\\/wp-content\\\/uploads\\\/2026\\\/03\\\/faucheuse-thermique-professionnelle-870-mm-moteur-loncin-villager-vfm-870-l.jpg\",\"datePublished\":\"2026-03-10T16:23:01+00:00\",\"dateModified\":\"2026-04-15T21:12:03+00:00\",\"description\":\"Benzin-Motorm\u00e4her VILLAGER VFM 870 L zum M\u00e4hen von Gras auf unebenem oder absch\u00fcssigem Gel\u00e4nde. Ausgestattet mit einem Loncin-Motor 123 cm\u00b3 mit Messerbalkenschneidwerk 87 cm (Fingertyp). Geeignet f\u00fcr Fl\u00e4chen bis 2000 m\u00b2, mit einstellbarer Schnitth\u00f6he von 35 bis 80 mm. Mechanischer Antrieb mit Einzelgeschwindigkeit (2,6 km\\\/h) und Riemenantrieb. Verstellbarer Lenker und Deflektor f\u00fcr besseren Bedienkomfort und kontrollierte Grasauswurf.\",\"breadcrumb\":{\"@id\":\"https:\\\/\\\/sagrinex.com\\\/produit\\\/faucheuse-thermique-professionnelle-870-mm-moteur-loncin-villager-vfm-870-l\\\/#breadcrumb\"},\"inLanguage\":\"de\",\"potentialAction\":[{\"@type\":\"ReadAction\",\"target\":[\"https:\\\/\\\/sagrinex.com\\\/produit\\\/faucheuse-thermique-professionnelle-870-mm-moteur-loncin-villager-vfm-870-l\\\/\"]}]},{\"@type\":\"ImageObject\",\"inLanguage\":\"de\",\"@id\":\"https:\\\/\\\/sagrinex.com\\\/produit\\\/faucheuse-thermique-professionnelle-870-mm-moteur-loncin-villager-vfm-870-l\\\/#primaryimage\",\"url\":\"https:\\\/\\\/sagrinex.com\\\/wp-content\\\/uploads\\\/2026\\\/03\\\/faucheuse-thermique-professionnelle-870-mm-moteur-loncin-villager-vfm-870-l.jpg\",\"contentUrl\":\"https:\\\/\\\/sagrinex.com\\\/wp-content\\\/uploads\\\/2026\\\/03\\\/faucheuse-thermique-professionnelle-870-mm-moteur-loncin-villager-vfm-870-l.jpg\",\"width\":1200,\"height\":1372},{\"@type\":\"BreadcrumbList\",\"@id\":\"https:\\\/\\\/sagrinex.com\\\/produit\\\/faucheuse-thermique-professionnelle-870-mm-moteur-loncin-villager-vfm-870-l\\\/#breadcrumb\",\"itemListElement\":[{\"@type\":\"ListItem\",\"position\":1,\"name\":\"Accueil\",\"item\":\"https:\\\/\\\/sagrinex.com\\\/?lang=de\"},{\"@type\":\"ListItem\",\"position\":2,\"name\":\"Shop\",\"item\":\"https:\\\/\\\/sagrinex.com\\\/shop\\\/\"},{\"@type\":\"ListItem\",\"position\":3,\"name\":\"Professioneller Benzin-balkenm\u00e4her 870 Mm, Loncin-motor \u2013 Villager Vfm 870 L\"}]},{\"@type\":\"WebSite\",\"@id\":\"https:\\\/\\\/sagrinex.com\\\/#website\",\"url\":\"https:\\\/\\\/sagrinex.com\\\/\",\"name\":\"Sagrinex \u2013 Spezialist f\u00fcr Anh\u00e4nger, Container & Landtechnik\",\"description\":\"Anhaenger, Container &amp; Landtechnik \u2014 Online-Verkauf &amp; kostenloses Angebot\",\"publisher\":{\"@id\":\"https:\\\/\\\/sagrinex.com\\\/#organization\"},\"potentialAction\":[{\"@type\":\"SearchAction\",\"target\":{\"@type\":\"EntryPoint\",\"urlTemplate\":\"https:\\\/\\\/sagrinex.com\\\/?s={search_term_string}\"},\"query-input\":{\"@type\":\"PropertyValueSpecification\",\"valueRequired\":true,\"valueName\":\"search_term_string\"}}],\"inLanguage\":\"de\"},{\"@type\":\"Organization\",\"@id\":\"https:\\\/\\\/sagrinex.com\\\/#organization\",\"name\":\"Sagrinex \u2013 Remorques, Conteneurs & Mat\u00e9riel Agricole\",\"url\":\"https:\\\/\\\/sagrinex.com\\\/\",\"logo\":{\"@type\":\"ImageObject\",\"inLanguage\":\"de\",\"@id\":\"https:\\\/\\\/sagrinex.com\\\/#\\\/schema\\\/logo\\\/image\\\/\",\"url\":\"https:\\\/\\\/sagrinex.com\\\/wp-content\\\/uploads\\\/2026\\\/03\\\/7f1ac463-ef5a-425d-bdd6-a5da03a334a9-1024x683.png\",\"contentUrl\":\"https:\\\/\\\/sagrinex.com\\\/wp-content\\\/uploads\\\/2026\\\/03\\\/7f1ac463-ef5a-425d-bdd6-a5da03a334a9-1024x683.png\",\"width\":1024,\"height\":683,\"caption\":\"Sagrinex \u2013 Remorques, Conteneurs & Mat\u00e9riel Agricole\"},\"image\":{\"@id\":\"https:\\\/\\\/sagrinex.com\\\/#\\\/schema\\\/logo\\\/image\\\/\"}}]}<\/script>\n<!-- \/ Yoast SEO plugin. -->","yoast_head_json":{"title":"Professioneller Benzin-Balkenm\u00e4her 870 mm, Loncin-Motor \u2013 VILLAGER VFM 870 L","description":"Benzin-Motorm\u00e4her VILLAGER VFM 870 L zum M\u00e4hen von Gras auf unebenem oder absch\u00fcssigem Gel\u00e4nde. Ausgestattet mit einem Loncin-Motor 123 cm\u00b3 mit Messerbalkenschneidwerk 87 cm (Fingertyp). Geeignet f\u00fcr Fl\u00e4chen bis 2000 m\u00b2, mit einstellbarer Schnitth\u00f6he von 35 bis 80 mm. Mechanischer Antrieb mit Einzelgeschwindigkeit (2,6 km\/h) und Riemenantrieb. Verstellbarer Lenker und Deflektor f\u00fcr besseren Bedienkomfort und kontrollierte Grasauswurf.","robots":{"index":"index","follow":"follow","max-snippet":"max-snippet:-1","max-image-preview":"max-image-preview:large","max-video-preview":"max-video-preview:-1"},"canonical":"https:\/\/sagrinex.com\/produit\/faucheuse-thermique-professionnelle-870-mm-moteur-loncin-villager-vfm-870-l\/","og_locale":"de_DE","og_type":"article","og_title":"Professioneller Benzin-Balkenm\u00e4her 870 mm, Loncin-Motor \u2013 VILLAGER VFM 870 L","og_description":"Benzin-Motorm\u00e4her VILLAGER VFM 870 L zum M\u00e4hen von Gras auf unebenem oder absch\u00fcssigem Gel\u00e4nde. Ausgestattet mit einem Loncin-Motor 123 cm\u00b3 mit Messerbalkenschneidwerk 87 cm (Fingertyp). Geeignet f\u00fcr Fl\u00e4chen bis 2000 m\u00b2, mit einstellbarer Schnitth\u00f6he von 35 bis 80 mm. Mechanischer Antrieb mit Einzelgeschwindigkeit (2,6 km\/h) und Riemenantrieb. Verstellbarer Lenker und Deflektor f\u00fcr besseren Bedienkomfort und kontrollierte Grasauswurf.","og_url":"https:\/\/sagrinex.com\/produit\/faucheuse-thermique-professionnelle-870-mm-moteur-loncin-villager-vfm-870-l\/","og_site_name":"Sagrinex \u2013 Anhaenger, Container &amp; Landtechnik \ud83c\udf3e\ud83d\ude9c","article_modified_time":"2026-04-15T21:12:03+00:00","og_image":[{"width":1200,"height":1372,"url":"https:\/\/sagrinex.com\/wp-content\/uploads\/2026\/03\/faucheuse-thermique-professionnelle-870-mm-moteur-loncin-villager-vfm-870-l.jpg","type":"image\/jpeg"}],"twitter_card":"summary_large_image","twitter_misc":{"Gesch\u00e4tzte Lesezeit":"1\u00a0Minute"},"schema":{"@context":"https:\/\/schema.org","@graph":[{"@type":"WebPage","@id":"https:\/\/sagrinex.com\/produit\/faucheuse-thermique-professionnelle-870-mm-moteur-loncin-villager-vfm-870-l\/","url":"https:\/\/sagrinex.com\/produit\/faucheuse-thermique-professionnelle-870-mm-moteur-loncin-villager-vfm-870-l\/","name":"Professioneller Benzin-Balkenm\u00e4her 870 mm, Loncin-Motor \u2013 VILLAGER VFM 870 L","isPartOf":{"@id":"https:\/\/sagrinex.com\/#website"},"primaryImageOfPage":{"@id":"https:\/\/sagrinex.com\/produit\/faucheuse-thermique-professionnelle-870-mm-moteur-loncin-villager-vfm-870-l\/#primaryimage"},"image":{"@id":"https:\/\/sagrinex.com\/produit\/faucheuse-thermique-professionnelle-870-mm-moteur-loncin-villager-vfm-870-l\/#primaryimage"},"thumbnailUrl":"https:\/\/sagrinex.com\/wp-content\/uploads\/2026\/03\/faucheuse-thermique-professionnelle-870-mm-moteur-loncin-villager-vfm-870-l.jpg","datePublished":"2026-03-10T16:23:01+00:00","dateModified":"2026-04-15T21:12:03+00:00","description":"Benzin-Motorm\u00e4her VILLAGER VFM 870 L zum M\u00e4hen von Gras auf unebenem oder absch\u00fcssigem Gel\u00e4nde. Ausgestattet mit einem Loncin-Motor 123 cm\u00b3 mit Messerbalkenschneidwerk 87 cm (Fingertyp). Geeignet f\u00fcr Fl\u00e4chen bis 2000 m\u00b2, mit einstellbarer Schnitth\u00f6he von 35 bis 80 mm. Mechanischer Antrieb mit Einzelgeschwindigkeit (2,6 km\/h) und Riemenantrieb. Verstellbarer Lenker und Deflektor f\u00fcr besseren Bedienkomfort und kontrollierte Grasauswurf.","breadcrumb":{"@id":"https:\/\/sagrinex.com\/produit\/faucheuse-thermique-professionnelle-870-mm-moteur-loncin-villager-vfm-870-l\/#breadcrumb"},"inLanguage":"de","potentialAction":[{"@type":"ReadAction","target":["https:\/\/sagrinex.com\/produit\/faucheuse-thermique-professionnelle-870-mm-moteur-loncin-villager-vfm-870-l\/"]}]},{"@type":"ImageObject","inLanguage":"de","@id":"https:\/\/sagrinex.com\/produit\/faucheuse-thermique-professionnelle-870-mm-moteur-loncin-villager-vfm-870-l\/#primaryimage","url":"https:\/\/sagrinex.com\/wp-content\/uploads\/2026\/03\/faucheuse-thermique-professionnelle-870-mm-moteur-loncin-villager-vfm-870-l.jpg","contentUrl":"https:\/\/sagrinex.com\/wp-content\/uploads\/2026\/03\/faucheuse-thermique-professionnelle-870-mm-moteur-loncin-villager-vfm-870-l.jpg","width":1200,"height":1372},{"@type":"BreadcrumbList","@id":"https:\/\/sagrinex.com\/produit\/faucheuse-thermique-professionnelle-870-mm-moteur-loncin-villager-vfm-870-l\/#breadcrumb","itemListElement":[{"@type":"ListItem","position":1,"name":"Accueil","item":"https:\/\/sagrinex.com\/?lang=de"},{"@type":"ListItem","position":2,"name":"Shop","item":"https:\/\/sagrinex.com\/shop\/"},{"@type":"ListItem","position":3,"name":"Professioneller Benzin-balkenm\u00e4her 870 Mm, Loncin-motor \u2013 Villager Vfm 870 L"}]},{"@type":"WebSite","@id":"https:\/\/sagrinex.com\/#website","url":"https:\/\/sagrinex.com\/","name":"Sagrinex \u2013 Spezialist f\u00fcr Anh\u00e4nger, Container & Landtechnik","description":"Anhaenger, Container &amp; Landtechnik \u2014 Online-Verkauf &amp; kostenloses Angebot","publisher":{"@id":"https:\/\/sagrinex.com\/#organization"},"potentialAction":[{"@type":"SearchAction","target":{"@type":"EntryPoint","urlTemplate":"https:\/\/sagrinex.com\/?s={search_term_string}"},"query-input":{"@type":"PropertyValueSpecification","valueRequired":true,"valueName":"search_term_string"}}],"inLanguage":"de"},{"@type":"Organization","@id":"https:\/\/sagrinex.com\/#organization","name":"Sagrinex \u2013 Remorques, Conteneurs & Mat\u00e9riel Agricole","url":"https:\/\/sagrinex.com\/","logo":{"@type":"ImageObject","inLanguage":"de","@id":"https:\/\/sagrinex.com\/#\/schema\/logo\/image\/","url":"https:\/\/sagrinex.com\/wp-content\/uploads\/2026\/03\/7f1ac463-ef5a-425d-bdd6-a5da03a334a9-1024x683.png","contentUrl":"https:\/\/sagrinex.com\/wp-content\/uploads\/2026\/03\/7f1ac463-ef5a-425d-bdd6-a5da03a334a9-1024x683.png","width":1024,"height":683,"caption":"Sagrinex \u2013 Remorques, Conteneurs & Mat\u00e9riel Agricole"},"image":{"@id":"https:\/\/sagrinex.com\/#\/schema\/logo\/image\/"}}]}},"jetpack_sharing_enabled":true,"_links":{"self":[{"href":"https:\/\/sagrinex.com\/de\/wp-json\/wp\/v2\/product\/13292","targetHints":{"allow":["GET"]}}],"collection":[{"href":"https:\/\/sagrinex.com\/de\/wp-json\/wp\/v2\/product"}],"about":[{"href":"https:\/\/sagrinex.com\/de\/wp-json\/wp\/v2\/types\/product"}],"replies":[{"embeddable":true,"href":"https:\/\/sagrinex.com\/de\/wp-json\/wp\/v2\/comments?post=13292"}],"version-history":[{"count":0,"href":"https:\/\/sagrinex.com\/de\/wp-json\/wp\/v2\/product\/13292\/revisions"}],"wp:featuredmedia":[{"embeddable":true,"href":"https:\/\/sagrinex.com\/de\/wp-json\/wp\/v2\/media\/13293"}],"wp:attachment":[{"href":"https:\/\/sagrinex.com\/de\/wp-json\/wp\/v2\/media?parent=13292"}],"wp:term":[{"taxonomy":"product_brand","embeddable":true,"href":"https:\/\/sagrinex.com\/de\/wp-json\/wp\/v2\/product_brand?post=13292"},{"taxonomy":"product_cat","embeddable":true,"href":"https:\/\/sagrinex.com\/de\/wp-json\/wp\/v2\/product_cat?post=13292"},{"taxonomy":"product_tag","embeddable":true,"href":"https:\/\/sagrinex.com\/de\/wp-json\/wp\/v2\/product_tag?post=13292"}],"curies":[{"name":"wp","href":"https:\/\/api.w.org\/{rel}","templated":true}]}}