{"id":13294,"date":"2026-03-10T19:41:26","date_gmt":"2026-03-10T19:41:26","guid":{"rendered":"https:\/\/sagrinex.com\/produit\/benzin-wasserpumpe-56-ps-212-cm%c2%b3-durchfluss-60-000-l-h-villager-wp60p-anschluss-75-mm-3-zoll\/"},"modified":"2026-04-15T21:12:03","modified_gmt":"2026-04-15T21:12:03","slug":"benzin-wasserpumpe-56-ps-212-cm%c2%b3-durchfluss-60-000-l-h-villager-wp60p-anschluss-75-mm-3-zoll","status":"publish","type":"product","link":"https:\/\/sagrinex.com\/de\/produit\/benzin-wasserpumpe-56-ps-212-cm%c2%b3-durchfluss-60-000-l-h-villager-wp60p-anschluss-75-mm-3-zoll\/","title":{"rendered":"Benzin-wasserpumpe 5,6 Ps 212 Cm\u00b3 Durchfluss 60.000 L\/h Villager WP60P Anschluss 75 Mm 3 Zoll"},"content":{"rendered":"<p>Die <strong>Benzin-Motorpumpe<\/strong> 5,6 PS VILLAGER WP60P wird erfolgreich f\u00fcr Bew\u00e4sserungsprojekte durch <strong>Beregnung<\/strong>, <strong>Flutung<\/strong> oder <strong>Tr\u00f6pfchenbew\u00e4sserung<\/strong> eingesetzt.<\/p>\n<p>Der Schlauchanschluss erfolgt dank des Schnellmontage-Kits m\u00fchelos.<\/p>\n<p>Der <strong>Pumpenmotor<\/strong> ist gesch\u00fctzt: Bei \u00d6lmangel oder zu niedrigem \u00d6lstand unterbricht der im Motorraum montierte \u00d6lsensor den Z\u00fcndfunken der Z\u00fcndkerze.<\/p>\n<p>Die <strong>Leistung<\/strong> des <strong>Motors<\/strong> ist perfekt auf die gro\u00dfe Kapazit\u00e4t des <strong>Pumpentanks<\/strong> abgestimmt.<\/p>\n<p>Der Kraftstoffverbrauch ist minimal bei maximaler Lasteffizienz: Der Motor l\u00e4uft nicht unn\u00f6tig w\u00e4hrend der gesamten Betriebszeit der <strong>Motorpumpe<\/strong>.<\/p>\n<p>Ein guter Motorschutz bedeutet maximale Nutzungsdauer und reduzierte Wartungskosten.<\/p>\n<p>Das Geh\u00e4use des Druckbeh\u00e4lters besteht aus Aluminium und ist resistent gegen St\u00f6\u00dfe durch mitangesaugte Sandpartikel oder Steine.<\/p>\n<p>Das Laufrad besteht aus verschlei\u00dffestem Sph\u00e4roguss, der dem Kontakt mit abrasiven K\u00f6rpern im Wasser standh\u00e4lt.<\/p>\n<p>Das Pumpengeh\u00e4use ist selbstansaugend; das schnelle Ansaugen der Pumpe wird durch die Keramikdichtung auf der Antriebswelle des Laufrads gew\u00e4hrleistet.<\/p>\n<p>Der Alurahmen der Pumpe ist durch Gummipuffer vor Vibrationen gesch\u00fctzt, um den Benutzerkomfort zu erh\u00f6hen.<\/p>\n<p>Saugschl\u00e4uche 3 Zoll Ref. 35822 und Druckschl\u00e4uche 3 Zoll TUY-275.<\/p>\n<p>Teil der Benzin-Motorpumpen-Serie Villager WP36P \u2013 WP37SE \u2013 HPWP30P \u2013 WP60P.<\/p>\n","protected":false},"excerpt":{"rendered":"<ul>\n<li>Leistungsstarke <strong>Motorpumpe<\/strong> mit <strong>4-Takt-Motor<\/strong> 212 cm\u00b3.<\/li>\n<li><strong>Wasserpumpe f\u00fcr die Bew\u00e4sserung<\/strong> mit einer Kapazit\u00e4t von 60.000 Litern pro Stunde. Ein- und Auslassdurchmesser 75 mm.<\/li>\n<li>Ansaugh\u00f6he bis zu 7 m. F\u00f6rderh\u00f6he nach dem Pumpenausgang: 28 m vertikal.<\/li>\n<li>Ged\u00e4mpfter Alurahmen zur Vibrationsminderung sowie f\u00fcr mehr Widerstandsf\u00e4higkeit und Mobilit\u00e4t.<\/li>\n<li>Gro\u00dfer Tank. Ergonomischer Seilzugstarter f\u00fcr eine einfache Inbetriebnahme. Lieferung inklusive 3-Zoll-Anschl\u00fcssen und Schlauchschellen. 2 Jahre Garantie.<\/li>\n<\/ul>\n","protected":false},"featured_media":13295,"comment_status":"open","ping_status":"closed","template":"","meta":[],"product_brand":[],"product_cat":[327,320],"product_tag":[],"class_list":{"0":"post-13294","1":"product","2":"type-product","3":"status-publish","4":"has-post-thumbnail","6":"product_cat-motorpumpen","7":"product_cat-unsere-rasenmaher","9":"first","10":"instock","11":"sale","12":"shipping-taxable","13":"purchasable","14":"product-type-simple"},"yoast_head":"<!-- This site is optimized with the Yoast SEO plugin v27.4 - https:\/\/yoast.com\/product\/yoast-seo-wordpress\/ -->\n<title>Benzin-Wasserpumpe 5,6 PS 212 cm\u00b3 Durchfluss 60.000 l\/h Villager WP60P Anschluss 75 mm 3 Zoll<\/title>\n<meta name=\"description\" content=\"Leistungsstarke Motorpumpe mit 4-Takt-Motor 212 cm\u00b3. Wasserpumpe f\u00fcr die Bew\u00e4sserung mit einer Kapazit\u00e4t von 60.000 Litern pro Stunde. Ein- und Auslassdurchmesser 75 mm. Ansaugh\u00f6he bis zu 7 m. F\u00f6rderh\u00f6he nach dem Pumpenausgang: 28 m vertikal. Ged\u00e4mpfter Alurahmen zur Vibrationsminderung sowie f\u00fcr mehr Widerstandsf\u00e4higkeit und Mobilit\u00e4t. Gro\u00dfer Tank. Ergonomischer Seilzugstarter f\u00fcr eine einfache Inbetriebnahme. Lieferung inklusive 3-Zoll-Anschl\u00fcssen und Schlauchschellen. 2 Jahre Garantie.\" \/>\n<meta name=\"robots\" content=\"index, follow, max-snippet:-1, max-image-preview:large, max-video-preview:-1\" \/>\n<link rel=\"canonical\" href=\"https:\/\/sagrinex.com\/produit\/pompe-a-eau-thermique-56cv-212cm3-debit-60000-l-h-villager-wp60p-raccord-75-mm-3-pouces\/\" \/>\n<meta property=\"og:locale\" content=\"de_DE\" \/>\n<meta property=\"og:type\" content=\"article\" \/>\n<meta property=\"og:title\" content=\"Benzin-Wasserpumpe 5,6 PS 212 cm\u00b3 Durchfluss 60.000 l\/h Villager WP60P Anschluss 75 mm 3 Zoll\" \/>\n<meta property=\"og:description\" content=\"Leistungsstarke Motorpumpe mit 4-Takt-Motor 212 cm\u00b3. Wasserpumpe f\u00fcr die Bew\u00e4sserung mit einer Kapazit\u00e4t von 60.000 Litern pro Stunde. Ein- und Auslassdurchmesser 75 mm. Ansaugh\u00f6he bis zu 7 m. F\u00f6rderh\u00f6he nach dem Pumpenausgang: 28 m vertikal. Ged\u00e4mpfter Alurahmen zur Vibrationsminderung sowie f\u00fcr mehr Widerstandsf\u00e4higkeit und Mobilit\u00e4t. Gro\u00dfer Tank. Ergonomischer Seilzugstarter f\u00fcr eine einfache Inbetriebnahme. Lieferung inklusive 3-Zoll-Anschl\u00fcssen und Schlauchschellen. 2 Jahre Garantie.\" \/>\n<meta property=\"og:url\" content=\"https:\/\/sagrinex.com\/produit\/pompe-a-eau-thermique-56cv-212cm3-debit-60000-l-h-villager-wp60p-raccord-75-mm-3-pouces\/\" \/>\n<meta property=\"og:site_name\" content=\"Sagrinex \u2013 Anhaenger, Container &amp; Landtechnik \ud83c\udf3e\ud83d\ude9c\" \/>\n<meta property=\"article:modified_time\" content=\"2026-04-15T21:12:03+00:00\" \/>\n<meta property=\"og:image\" content=\"https:\/\/sagrinex.com\/wp-content\/uploads\/2026\/03\/pompe-a-eau-thermique-56cv-212cm3-debit-60000-l-h-villager-wp60p-raccord-75-mm-3-pouces.jpg\" \/>\n\t<meta property=\"og:image:width\" content=\"1200\" \/>\n\t<meta property=\"og:image:height\" content=\"1372\" \/>\n\t<meta property=\"og:image:type\" content=\"image\/jpeg\" \/>\n<meta name=\"twitter:card\" content=\"summary_large_image\" \/>\n<meta name=\"twitter:label1\" content=\"Gesch\u00e4tzte Lesezeit\" \/>\n\t<meta name=\"twitter:data1\" content=\"2\u00a0Minuten\" \/>\n<script type=\"application\/ld+json\" class=\"yoast-schema-graph\">{\"@context\":\"https:\\\/\\\/schema.org\",\"@graph\":[{\"@type\":\"WebPage\",\"@id\":\"https:\\\/\\\/sagrinex.com\\\/produit\\\/pompe-a-eau-thermique-56cv-212cm3-debit-60000-l-h-villager-wp60p-raccord-75-mm-3-pouces\\\/\",\"url\":\"https:\\\/\\\/sagrinex.com\\\/produit\\\/pompe-a-eau-thermique-56cv-212cm3-debit-60000-l-h-villager-wp60p-raccord-75-mm-3-pouces\\\/\",\"name\":\"Benzin-Wasserpumpe 5,6 PS 212 cm\u00b3 Durchfluss 60.000 l\\\/h Villager WP60P Anschluss 75 mm 3 Zoll\",\"isPartOf\":{\"@id\":\"https:\\\/\\\/sagrinex.com\\\/#website\"},\"primaryImageOfPage\":{\"@id\":\"https:\\\/\\\/sagrinex.com\\\/produit\\\/pompe-a-eau-thermique-56cv-212cm3-debit-60000-l-h-villager-wp60p-raccord-75-mm-3-pouces\\\/#primaryimage\"},\"image\":{\"@id\":\"https:\\\/\\\/sagrinex.com\\\/produit\\\/pompe-a-eau-thermique-56cv-212cm3-debit-60000-l-h-villager-wp60p-raccord-75-mm-3-pouces\\\/#primaryimage\"},\"thumbnailUrl\":\"https:\\\/\\\/sagrinex.com\\\/wp-content\\\/uploads\\\/2026\\\/03\\\/pompe-a-eau-thermique-56cv-212cm3-debit-60000-l-h-villager-wp60p-raccord-75-mm-3-pouces.jpg\",\"datePublished\":\"2026-03-10T19:41:26+00:00\",\"dateModified\":\"2026-04-15T21:12:03+00:00\",\"description\":\"Leistungsstarke Motorpumpe mit 4-Takt-Motor 212 cm\u00b3. Wasserpumpe f\u00fcr die Bew\u00e4sserung mit einer Kapazit\u00e4t von 60.000 Litern pro Stunde. Ein- und Auslassdurchmesser 75 mm. Ansaugh\u00f6he bis zu 7 m. F\u00f6rderh\u00f6he nach dem Pumpenausgang: 28 m vertikal. Ged\u00e4mpfter Alurahmen zur Vibrationsminderung sowie f\u00fcr mehr Widerstandsf\u00e4higkeit und Mobilit\u00e4t. Gro\u00dfer Tank. Ergonomischer Seilzugstarter f\u00fcr eine einfache Inbetriebnahme. Lieferung inklusive 3-Zoll-Anschl\u00fcssen und Schlauchschellen. 2 Jahre Garantie.\",\"breadcrumb\":{\"@id\":\"https:\\\/\\\/sagrinex.com\\\/produit\\\/pompe-a-eau-thermique-56cv-212cm3-debit-60000-l-h-villager-wp60p-raccord-75-mm-3-pouces\\\/#breadcrumb\"},\"inLanguage\":\"de\",\"potentialAction\":[{\"@type\":\"ReadAction\",\"target\":[\"https:\\\/\\\/sagrinex.com\\\/produit\\\/pompe-a-eau-thermique-56cv-212cm3-debit-60000-l-h-villager-wp60p-raccord-75-mm-3-pouces\\\/\"]}]},{\"@type\":\"ImageObject\",\"inLanguage\":\"de\",\"@id\":\"https:\\\/\\\/sagrinex.com\\\/produit\\\/pompe-a-eau-thermique-56cv-212cm3-debit-60000-l-h-villager-wp60p-raccord-75-mm-3-pouces\\\/#primaryimage\",\"url\":\"https:\\\/\\\/sagrinex.com\\\/wp-content\\\/uploads\\\/2026\\\/03\\\/pompe-a-eau-thermique-56cv-212cm3-debit-60000-l-h-villager-wp60p-raccord-75-mm-3-pouces.jpg\",\"contentUrl\":\"https:\\\/\\\/sagrinex.com\\\/wp-content\\\/uploads\\\/2026\\\/03\\\/pompe-a-eau-thermique-56cv-212cm3-debit-60000-l-h-villager-wp60p-raccord-75-mm-3-pouces.jpg\",\"width\":1200,\"height\":1372},{\"@type\":\"BreadcrumbList\",\"@id\":\"https:\\\/\\\/sagrinex.com\\\/produit\\\/pompe-a-eau-thermique-56cv-212cm3-debit-60000-l-h-villager-wp60p-raccord-75-mm-3-pouces\\\/#breadcrumb\",\"itemListElement\":[{\"@type\":\"ListItem\",\"position\":1,\"name\":\"Accueil\",\"item\":\"https:\\\/\\\/sagrinex.com\\\/?lang=de\"},{\"@type\":\"ListItem\",\"position\":2,\"name\":\"Shop\",\"item\":\"https:\\\/\\\/sagrinex.com\\\/shop\\\/\"},{\"@type\":\"ListItem\",\"position\":3,\"name\":\"Benzin-wasserpumpe 5,6 Ps 212 Cm\u00b3 Durchfluss 60.000 L\\\/h Villager WP60P Anschluss 75 Mm 3 Zoll\"}]},{\"@type\":\"WebSite\",\"@id\":\"https:\\\/\\\/sagrinex.com\\\/#website\",\"url\":\"https:\\\/\\\/sagrinex.com\\\/\",\"name\":\"Sagrinex \u2013 Spezialist f\u00fcr Anh\u00e4nger, Container & Landtechnik\",\"description\":\"Anhaenger, Container &amp; Landtechnik \u2014 Online-Verkauf &amp; kostenloses Angebot\",\"publisher\":{\"@id\":\"https:\\\/\\\/sagrinex.com\\\/#organization\"},\"potentialAction\":[{\"@type\":\"SearchAction\",\"target\":{\"@type\":\"EntryPoint\",\"urlTemplate\":\"https:\\\/\\\/sagrinex.com\\\/?s={search_term_string}\"},\"query-input\":{\"@type\":\"PropertyValueSpecification\",\"valueRequired\":true,\"valueName\":\"search_term_string\"}}],\"inLanguage\":\"de\"},{\"@type\":\"Organization\",\"@id\":\"https:\\\/\\\/sagrinex.com\\\/#organization\",\"name\":\"Sagrinex \u2013 Remorques, Conteneurs & Mat\u00e9riel Agricole\",\"url\":\"https:\\\/\\\/sagrinex.com\\\/\",\"logo\":{\"@type\":\"ImageObject\",\"inLanguage\":\"de\",\"@id\":\"https:\\\/\\\/sagrinex.com\\\/#\\\/schema\\\/logo\\\/image\\\/\",\"url\":\"https:\\\/\\\/sagrinex.com\\\/wp-content\\\/uploads\\\/2026\\\/03\\\/7f1ac463-ef5a-425d-bdd6-a5da03a334a9-1024x683.png\",\"contentUrl\":\"https:\\\/\\\/sagrinex.com\\\/wp-content\\\/uploads\\\/2026\\\/03\\\/7f1ac463-ef5a-425d-bdd6-a5da03a334a9-1024x683.png\",\"width\":1024,\"height\":683,\"caption\":\"Sagrinex \u2013 Remorques, Conteneurs & Mat\u00e9riel Agricole\"},\"image\":{\"@id\":\"https:\\\/\\\/sagrinex.com\\\/#\\\/schema\\\/logo\\\/image\\\/\"}}]}<\/script>\n<!-- \/ Yoast SEO plugin. -->","yoast_head_json":{"title":"Benzin-Wasserpumpe 5,6 PS 212 cm\u00b3 Durchfluss 60.000 l\/h Villager WP60P Anschluss 75 mm 3 Zoll","description":"Leistungsstarke Motorpumpe mit 4-Takt-Motor 212 cm\u00b3. Wasserpumpe f\u00fcr die Bew\u00e4sserung mit einer Kapazit\u00e4t von 60.000 Litern pro Stunde. Ein- und Auslassdurchmesser 75 mm. Ansaugh\u00f6he bis zu 7 m. F\u00f6rderh\u00f6he nach dem Pumpenausgang: 28 m vertikal. Ged\u00e4mpfter Alurahmen zur Vibrationsminderung sowie f\u00fcr mehr Widerstandsf\u00e4higkeit und Mobilit\u00e4t. Gro\u00dfer Tank. Ergonomischer Seilzugstarter f\u00fcr eine einfache Inbetriebnahme. Lieferung inklusive 3-Zoll-Anschl\u00fcssen und Schlauchschellen. 2 Jahre Garantie.","robots":{"index":"index","follow":"follow","max-snippet":"max-snippet:-1","max-image-preview":"max-image-preview:large","max-video-preview":"max-video-preview:-1"},"canonical":"https:\/\/sagrinex.com\/produit\/pompe-a-eau-thermique-56cv-212cm3-debit-60000-l-h-villager-wp60p-raccord-75-mm-3-pouces\/","og_locale":"de_DE","og_type":"article","og_title":"Benzin-Wasserpumpe 5,6 PS 212 cm\u00b3 Durchfluss 60.000 l\/h Villager WP60P Anschluss 75 mm 3 Zoll","og_description":"Leistungsstarke Motorpumpe mit 4-Takt-Motor 212 cm\u00b3. Wasserpumpe f\u00fcr die Bew\u00e4sserung mit einer Kapazit\u00e4t von 60.000 Litern pro Stunde. Ein- und Auslassdurchmesser 75 mm. Ansaugh\u00f6he bis zu 7 m. F\u00f6rderh\u00f6he nach dem Pumpenausgang: 28 m vertikal. Ged\u00e4mpfter Alurahmen zur Vibrationsminderung sowie f\u00fcr mehr Widerstandsf\u00e4higkeit und Mobilit\u00e4t. Gro\u00dfer Tank. Ergonomischer Seilzugstarter f\u00fcr eine einfache Inbetriebnahme. Lieferung inklusive 3-Zoll-Anschl\u00fcssen und Schlauchschellen. 2 Jahre Garantie.","og_url":"https:\/\/sagrinex.com\/produit\/pompe-a-eau-thermique-56cv-212cm3-debit-60000-l-h-villager-wp60p-raccord-75-mm-3-pouces\/","og_site_name":"Sagrinex \u2013 Anhaenger, Container &amp; Landtechnik \ud83c\udf3e\ud83d\ude9c","article_modified_time":"2026-04-15T21:12:03+00:00","og_image":[{"width":1200,"height":1372,"url":"https:\/\/sagrinex.com\/wp-content\/uploads\/2026\/03\/pompe-a-eau-thermique-56cv-212cm3-debit-60000-l-h-villager-wp60p-raccord-75-mm-3-pouces.jpg","type":"image\/jpeg"}],"twitter_card":"summary_large_image","twitter_misc":{"Gesch\u00e4tzte Lesezeit":"2\u00a0Minuten"},"schema":{"@context":"https:\/\/schema.org","@graph":[{"@type":"WebPage","@id":"https:\/\/sagrinex.com\/produit\/pompe-a-eau-thermique-56cv-212cm3-debit-60000-l-h-villager-wp60p-raccord-75-mm-3-pouces\/","url":"https:\/\/sagrinex.com\/produit\/pompe-a-eau-thermique-56cv-212cm3-debit-60000-l-h-villager-wp60p-raccord-75-mm-3-pouces\/","name":"Benzin-Wasserpumpe 5,6 PS 212 cm\u00b3 Durchfluss 60.000 l\/h Villager WP60P Anschluss 75 mm 3 Zoll","isPartOf":{"@id":"https:\/\/sagrinex.com\/#website"},"primaryImageOfPage":{"@id":"https:\/\/sagrinex.com\/produit\/pompe-a-eau-thermique-56cv-212cm3-debit-60000-l-h-villager-wp60p-raccord-75-mm-3-pouces\/#primaryimage"},"image":{"@id":"https:\/\/sagrinex.com\/produit\/pompe-a-eau-thermique-56cv-212cm3-debit-60000-l-h-villager-wp60p-raccord-75-mm-3-pouces\/#primaryimage"},"thumbnailUrl":"https:\/\/sagrinex.com\/wp-content\/uploads\/2026\/03\/pompe-a-eau-thermique-56cv-212cm3-debit-60000-l-h-villager-wp60p-raccord-75-mm-3-pouces.jpg","datePublished":"2026-03-10T19:41:26+00:00","dateModified":"2026-04-15T21:12:03+00:00","description":"Leistungsstarke Motorpumpe mit 4-Takt-Motor 212 cm\u00b3. Wasserpumpe f\u00fcr die Bew\u00e4sserung mit einer Kapazit\u00e4t von 60.000 Litern pro Stunde. Ein- und Auslassdurchmesser 75 mm. Ansaugh\u00f6he bis zu 7 m. F\u00f6rderh\u00f6he nach dem Pumpenausgang: 28 m vertikal. Ged\u00e4mpfter Alurahmen zur Vibrationsminderung sowie f\u00fcr mehr Widerstandsf\u00e4higkeit und Mobilit\u00e4t. Gro\u00dfer Tank. Ergonomischer Seilzugstarter f\u00fcr eine einfache Inbetriebnahme. Lieferung inklusive 3-Zoll-Anschl\u00fcssen und Schlauchschellen. 2 Jahre Garantie.","breadcrumb":{"@id":"https:\/\/sagrinex.com\/produit\/pompe-a-eau-thermique-56cv-212cm3-debit-60000-l-h-villager-wp60p-raccord-75-mm-3-pouces\/#breadcrumb"},"inLanguage":"de","potentialAction":[{"@type":"ReadAction","target":["https:\/\/sagrinex.com\/produit\/pompe-a-eau-thermique-56cv-212cm3-debit-60000-l-h-villager-wp60p-raccord-75-mm-3-pouces\/"]}]},{"@type":"ImageObject","inLanguage":"de","@id":"https:\/\/sagrinex.com\/produit\/pompe-a-eau-thermique-56cv-212cm3-debit-60000-l-h-villager-wp60p-raccord-75-mm-3-pouces\/#primaryimage","url":"https:\/\/sagrinex.com\/wp-content\/uploads\/2026\/03\/pompe-a-eau-thermique-56cv-212cm3-debit-60000-l-h-villager-wp60p-raccord-75-mm-3-pouces.jpg","contentUrl":"https:\/\/sagrinex.com\/wp-content\/uploads\/2026\/03\/pompe-a-eau-thermique-56cv-212cm3-debit-60000-l-h-villager-wp60p-raccord-75-mm-3-pouces.jpg","width":1200,"height":1372},{"@type":"BreadcrumbList","@id":"https:\/\/sagrinex.com\/produit\/pompe-a-eau-thermique-56cv-212cm3-debit-60000-l-h-villager-wp60p-raccord-75-mm-3-pouces\/#breadcrumb","itemListElement":[{"@type":"ListItem","position":1,"name":"Accueil","item":"https:\/\/sagrinex.com\/?lang=de"},{"@type":"ListItem","position":2,"name":"Shop","item":"https:\/\/sagrinex.com\/shop\/"},{"@type":"ListItem","position":3,"name":"Benzin-wasserpumpe 5,6 Ps 212 Cm\u00b3 Durchfluss 60.000 L\/h Villager WP60P Anschluss 75 Mm 3 Zoll"}]},{"@type":"WebSite","@id":"https:\/\/sagrinex.com\/#website","url":"https:\/\/sagrinex.com\/","name":"Sagrinex \u2013 Spezialist f\u00fcr Anh\u00e4nger, Container & Landtechnik","description":"Anhaenger, Container &amp; Landtechnik \u2014 Online-Verkauf &amp; kostenloses Angebot","publisher":{"@id":"https:\/\/sagrinex.com\/#organization"},"potentialAction":[{"@type":"SearchAction","target":{"@type":"EntryPoint","urlTemplate":"https:\/\/sagrinex.com\/?s={search_term_string}"},"query-input":{"@type":"PropertyValueSpecification","valueRequired":true,"valueName":"search_term_string"}}],"inLanguage":"de"},{"@type":"Organization","@id":"https:\/\/sagrinex.com\/#organization","name":"Sagrinex \u2013 Remorques, Conteneurs & Mat\u00e9riel Agricole","url":"https:\/\/sagrinex.com\/","logo":{"@type":"ImageObject","inLanguage":"de","@id":"https:\/\/sagrinex.com\/#\/schema\/logo\/image\/","url":"https:\/\/sagrinex.com\/wp-content\/uploads\/2026\/03\/7f1ac463-ef5a-425d-bdd6-a5da03a334a9-1024x683.png","contentUrl":"https:\/\/sagrinex.com\/wp-content\/uploads\/2026\/03\/7f1ac463-ef5a-425d-bdd6-a5da03a334a9-1024x683.png","width":1024,"height":683,"caption":"Sagrinex \u2013 Remorques, Conteneurs & Mat\u00e9riel Agricole"},"image":{"@id":"https:\/\/sagrinex.com\/#\/schema\/logo\/image\/"}}]}},"jetpack_sharing_enabled":true,"_links":{"self":[{"href":"https:\/\/sagrinex.com\/de\/wp-json\/wp\/v2\/product\/13294","targetHints":{"allow":["GET"]}}],"collection":[{"href":"https:\/\/sagrinex.com\/de\/wp-json\/wp\/v2\/product"}],"about":[{"href":"https:\/\/sagrinex.com\/de\/wp-json\/wp\/v2\/types\/product"}],"replies":[{"embeddable":true,"href":"https:\/\/sagrinex.com\/de\/wp-json\/wp\/v2\/comments?post=13294"}],"version-history":[{"count":0,"href":"https:\/\/sagrinex.com\/de\/wp-json\/wp\/v2\/product\/13294\/revisions"}],"wp:featuredmedia":[{"embeddable":true,"href":"https:\/\/sagrinex.com\/de\/wp-json\/wp\/v2\/media\/13295"}],"wp:attachment":[{"href":"https:\/\/sagrinex.com\/de\/wp-json\/wp\/v2\/media?parent=13294"}],"wp:term":[{"taxonomy":"product_brand","embeddable":true,"href":"https:\/\/sagrinex.com\/de\/wp-json\/wp\/v2\/product_brand?post=13294"},{"taxonomy":"product_cat","embeddable":true,"href":"https:\/\/sagrinex.com\/de\/wp-json\/wp\/v2\/product_cat?post=13294"},{"taxonomy":"product_tag","embeddable":true,"href":"https:\/\/sagrinex.com\/de\/wp-json\/wp\/v2\/product_tag?post=13294"}],"curies":[{"name":"wp","href":"https:\/\/api.w.org\/{rel}","templated":true}]}}