{"id":13307,"date":"2026-03-10T19:20:03","date_gmt":"2026-03-10T19:20:03","guid":{"rendered":"https:\/\/sagrinex.com\/produit\/spezial-motorpumpe-fuer-meerwasser-und-chemikalien-212-cm%c2%b3-3-zoll-60-000-l-h-koenner-soehnen-ks-80cw\/"},"modified":"2026-04-15T21:12:03","modified_gmt":"2026-04-15T21:12:03","slug":"spezial-motorpumpe-fuer-meerwasser-und-chemikalien-212-cm%c2%b3-3-zoll-60-000-l-h-koenner-soehnen-ks-80cw","status":"publish","type":"product","link":"https:\/\/sagrinex.com\/de\/produit\/spezial-motorpumpe-fuer-meerwasser-und-chemikalien-212-cm%c2%b3-3-zoll-60-000-l-h-koenner-soehnen-ks-80cw\/","title":{"rendered":"Spezial-motorpumpe f\u00fcr Meerwasser und Chemikalien 212 Cm\u00b3 3 Zoll 60.000 L\/h K\u00f6nner S\u00f6hnen Ks 80CW"},"content":{"rendered":"<h3 data-end=\"1322\" data-start=\"1198\"><strong data-end=\"1322\" data-start=\"1202\">Spezial-Motorpumpe f\u00fcr Meerwasser und Chemikalien \u2013 K\u00f6nner &amp; S\u00f6hnen KS 80CW: Leistung, Widerstandsf\u00e4higkeit und Vielseitigkeit<\/strong><\/h3>\n<p data-end=\"1780\" data-start=\"1324\">Die <strong data-end=\"1408\" data-start=\"1327\">Spezial-Motorpumpe f\u00fcr Meerwasser und Chemikalien \u2013 K\u00f6nner &amp; S\u00f6hnen KS 80CW<\/strong> ist eine hochleistungsf\u00e4hige Motorpumpe, die f\u00fcr die anspruchsvollsten Anforderungen beim Pumpen aggressiver Fl\u00fcssigkeiten entwickelt wurde. Ob f\u00fcr die Ableitung von Salzwasser, das Pumpen von verschmutztem Wasser oder sogar von Fl\u00fcssigkeiten, die bestimmte nicht korrosive Chemikalien enthalten, diese Motorpumpe liefert <strong data-end=\"1779\" data-start=\"1727\">nachhaltige Leistung und maximale Zuverl\u00e4ssigkeit<\/strong>. <\/p>\n<h3 data-end=\"1820\" data-start=\"1782\"><strong data-end=\"1820\" data-start=\"1786\">Hohe F\u00f6rdermenge bis zu 60.000 L\/h<\/strong><\/h3>\n<p data-end=\"2188\" data-start=\"1822\">Mit einer <strong data-end=\"1893\" data-start=\"1843\">maximalen F\u00f6rdermenge von 60.000 L\/h (d.h. 1.000 L\/min)<\/strong> erm\u00f6glicht die KS 80CW die schnelle Verarbeitung gro\u00dfer Wassermengen. Diese hohe Effizienz macht sie zu einer idealen L\u00f6sung f\u00fcr verschiedene Anwendungen wie die Entw\u00e4sserung \u00fcberfluteter Gebiete, das Ablassen von Becken oder Teichen oder die Versorgung von Systemen, die einen hohen Volumentransfer erfordern. <\/p>\n<h3 data-end=\"2251\" data-start=\"2190\"><strong data-end=\"2251\" data-start=\"2194\">Zuverl\u00e4ssiger und robuster 212 cm\u00b3 OHV 4-Takt-Motor<\/strong><\/h3>\n<p data-end=\"2632\" data-start=\"2253\">Diese Motorpumpe ist mit einem <strong data-end=\"2325\" data-start=\"2286\">212 cm\u00b3 OHV 4-Takt-Motor<\/strong> ausgestattet, der eine <strong data-end=\"2404\" data-start=\"2339\">gleichm\u00e4\u00dfige Leistung und eine lange Betriebsautonomie<\/strong> bietet. Der integrierte Motor gew\u00e4hrleistet konstante Zugkraft und Effizienz, ohne die Einschr\u00e4nkungen von Kabeln oder Batterien, wodurch das Ger\u00e4t perfekt f\u00fcr den Einsatz an abgelegenen Orten, auf Baustellen oder im Freien geeignet ist. <\/p>\n<h3 data-end=\"2694\" data-start=\"2634\"><strong data-end=\"2694\" data-start=\"2638\">Korrosionsbest\u00e4ndiges Aluminium-Pumpengeh\u00e4use<\/strong><\/h3>\n<p data-end=\"3079\" data-start=\"2696\">Das <strong data-end=\"2730\" data-start=\"2699\">Pumpengeh\u00e4use aus Aluminium<\/strong> ist speziell f\u00fcr Korrosionsbest\u00e4ndigkeit ausgelegt, was beim Pumpen von <strong data-end=\"2920\" data-start=\"2823\">Meerwasser, verschmutztem Wasser oder bestimmten Fl\u00fcssigkeiten mit leicht aggressiven Substanzen<\/strong> unerl\u00e4sslich ist. Diese erh\u00f6hte Widerstandsf\u00e4higkeit verleiht der Motorpumpe eine <strong data-end=\"3001\" data-start=\"2973\">erhebliche Langlebigkeit<\/strong>, selbst in rauen Umgebungen oder unter salzigen Bedingungen. <\/p>\n<h3 data-end=\"3131\" data-start=\"3081\"><strong data-end=\"3131\" data-start=\"3085\">Ein- und Auslassdurchmesser von 3 Zoll<\/strong><\/h3>\n<p data-end=\"3470\" data-start=\"3133\">Mit einem <strong data-end=\"3195\" data-start=\"3141\">Ein- und Auslassdurchmesser von 3 Zoll (76 mm)<\/strong> erm\u00f6glicht diese Motorpumpe den reibungslosen Durchfluss gro\u00dfer Fl\u00fcssigkeitsmengen. Diese Dimension ist ideal f\u00fcr Pumpvorg\u00e4nge mit hoher Kapazit\u00e4t und gew\u00e4hrleistet eine effiziente Zirkulation ohne gr\u00f6\u00dfere Einschr\u00e4nkungen, was besonders bei intensivem Transfer n\u00fctzlich ist. <\/p>\n<h3 data-end=\"3503\" data-start=\"3472\"><strong data-end=\"3503\" data-start=\"3476\">Praktische Handhabung<\/strong><\/h3>\n<p data-end=\"3852\" data-start=\"3505\">Die KS 80CW ist mit einem <strong data-end=\"3585\" data-start=\"3534\">stabilen Tragegriff und robusten F\u00fc\u00dfen<\/strong> ausgestattet, was die Handhabung, den Transport und die Aufstellung vor Ort erheblich erleichtert. Ob f\u00fcr einmalige Arbeiten oder h\u00e4ufigeren Gebrauch, diese Elemente erleichtern die Installation und gew\u00e4hrleisten eine <strong data-end=\"3851\" data-start=\"3818\">sicherere und komfortablere Nutzung<\/strong>. <\/p>\n<h3 data-end=\"3905\" data-start=\"3854\"><strong data-end=\"3905\" data-start=\"3858\">Vielf\u00e4ltige Anwendungen f\u00fcr anspruchsvolle Eins\u00e4tze<\/strong><\/h3>\n<p data-end=\"4040\" data-start=\"3907\">Diese Motorpumpe ist perfekt f\u00fcr eine Vielzahl von Anwendungen geeignet, die das Pumpen aggressiver oder verschmutzter Fl\u00fcssigkeiten erfordern:<\/p>\n<ul data-end=\"4278\" data-start=\"4041\">\n<li data-end=\"4085\" data-start=\"4043\">Ableitung von Meerwasser oder Salzwasser<\/li>\n<li data-end=\"4138\" data-start=\"4088\">Entw\u00e4sserung von \u00fcberfluteten Gebieten, Becken oder Baustellen<\/li>\n<li data-end=\"4209\" data-start=\"4141\">Fl\u00fcssigkeitstransfer in maritimen oder K\u00fcstenumgebungen<\/li>\n<li data-end=\"4278\" data-start=\"4212\">Versorgung von Pumpsystemen mit hohem F\u00f6rderbedarf<\/li>\n<\/ul>\n<p data-end=\"4426\" data-start=\"4280\">Ihre widerstandsf\u00e4hige Konstruktion macht sie zu einem zuverl\u00e4ssigen Werkzeug f\u00fcr anspruchsvolle Umgebungen, sei es f\u00fcr den privaten oder professionellen Gebrauch.<\/p>\n<h3 data-end=\"4458\" data-start=\"4428\"><strong data-end=\"4458\" data-start=\"4432\">Anwendungstipps<\/strong><\/h3>\n<p data-end=\"4915\" data-start=\"4460\">Stellen Sie vor jeder Inbetriebnahme sicher, dass die Pumpe gem\u00e4\u00df den Herstellerempfehlungen ordnungsgem\u00e4\u00df angesaugt ist. \u00dcberpr\u00fcfen Sie auch den \u00d6l- und Kraftstoffstand und stellen Sie die Motorpumpe auf eine stabile Oberfl\u00e4che, um \u00fcberm\u00e4\u00dfige Bewegungen oder Vibrationen w\u00e4hrend des Betriebs zu vermeiden. Tragen Sie beim Umgang mit aggressiven oder salzhaltigen Fl\u00fcssigkeiten <strong data-end=\"4805\" data-start=\"4768\">geeignete Schutzausr\u00fcstung<\/strong> (Handschuhe, Schutzbrille), um eine sichere Verwendung zu gew\u00e4hrleisten.  <\/p>\n<h3 data-end=\"4958\" data-start=\"4917\"><strong data-end=\"4958\" data-start=\"4921\">Garantie und Sorgenfreiheit<\/strong><\/h3>\n<p data-end=\"5292\" data-start=\"4960\">Dieses Modell profitiert von einer <strong data-end=\"5020\" data-start=\"4986\">2-j\u00e4hrigen Herstellergarantie<\/strong>, die Ihnen zus\u00e4tzliche Sicherheit nach dem Kauf bietet. Diese Abdeckung sch\u00fctzt vor Herstellungsfehlern bei normalem Gebrauch, sodass Sie die Leistung Ihrer Motorpumpe KS 80CW Saison f\u00fcr Saison voll aussch\u00f6pfen k\u00f6nnen. <\/p>\n","protected":false},"excerpt":{"rendered":"<ul>\n<li data-end=\"568\" data-start=\"440\"><strong data-end=\"521\" data-start=\"440\">Spezial-Motorpumpe f\u00fcr Meerwasser und Chemikalien \u2013 K\u00f6nner &amp; S\u00f6hnen KS 80CW<\/strong> f\u00fcr effizientes Pumpen aggressiver Fl\u00fcssigkeiten.<\/li>\n<li data-end=\"654\" data-start=\"571\"><strong data-end=\"610\" data-start=\"571\">Max. F\u00f6rdermenge 60.000 L\/h (1.000 L\/min)<\/strong> f\u00fcr Anwendungen mit hoher Kapazit\u00e4t.<\/li>\n<li data-end=\"751\" data-start=\"657\"><strong data-end=\"696\" data-start=\"657\">212 cm\u00b3 OHV 4-Takt-Motor<\/strong>, der <strong data-end=\"748\" data-start=\"715\">konstante und zuverl\u00e4ssige Leistung<\/strong> gew\u00e4hrleistet.<\/li>\n<li data-end=\"868\" data-start=\"754\"><strong data-end=\"785\" data-start=\"754\">Pumpengeh\u00e4use aus Aluminium<\/strong>, korrosionsbest\u00e4ndig auch bei Kontakt mit Meerwasser und Chemikalien.<\/li>\n<li data-end=\"964\" data-start=\"871\"><strong data-end=\"916\" data-start=\"871\">Ein-\/Auslassdurchmesser 3 Zoll (76 mm)<\/strong> f\u00fcr einen reibungslosen Durchfluss gro\u00dfer Wassermengen.<\/li>\n<li data-end=\"1056\" data-start=\"967\"><strong data-end=\"1016\" data-start=\"967\">Robuster Tragegriff und stabile F\u00fc\u00dfe<\/strong> f\u00fcr einfache und sichere Handhabung.<\/li>\n<li data-end=\"1155\" data-start=\"1059\"><strong data-end=\"1119\" data-start=\"1059\">Ideal zum Pumpen von Salzwasser, verschmutztem oder aggressivem Wasser<\/strong>, f\u00fcr den privaten und professionellen Gebrauch.<\/li>\n<\/ul>\n","protected":false},"featured_media":13308,"comment_status":"open","ping_status":"closed","template":"","meta":[],"product_brand":[],"product_cat":[327,320],"product_tag":[],"class_list":{"0":"post-13307","1":"product","2":"type-product","3":"status-publish","4":"has-post-thumbnail","6":"product_cat-motorpumpen","7":"product_cat-unsere-rasenmaher","9":"first","10":"instock","11":"sale","12":"shipping-taxable","13":"purchasable","14":"product-type-simple"},"yoast_head":"<!-- This site is optimized with the Yoast SEO plugin v27.4 - https:\/\/yoast.com\/product\/yoast-seo-wordpress\/ -->\n<title>Spezial-Motorpumpe f\u00fcr Meerwasser und Chemikalien 212 cm\u00b3 3 Zoll 60.000 L\/h K\u00f6nner S\u00f6hnen KS 80CW<\/title>\n<meta name=\"description\" content=\"Spezial-Motorpumpe f\u00fcr Meerwasser und Chemikalien \u2013 K\u00f6nner &amp; S\u00f6hnen KS 80CW f\u00fcr effizientes Pumpen aggressiver Fl\u00fcssigkeiten. Max. F\u00f6rdermenge 60.000 L\/h (1.000 L\/min) f\u00fcr Anwendungen mit hoher Kapazit\u00e4t. 212 cm\u00b3 OHV 4-Takt-Motor, der konstante und zuverl\u00e4ssige Leistung gew\u00e4hrleistet. Pumpengeh\u00e4use aus Aluminium, korrosionsbest\u00e4ndig auch bei Kontakt mit Meerwasser und Chemikalien. Ein-\/Auslassdurchmesser 3 Zoll (76 mm) f\u00fcr einen reibungslosen Durchfluss gro\u00dfer Wassermengen. Robuster Tragegriff und stabile F\u00fc\u00dfe f\u00fcr einfache und sichere Handhabung. Ideal zum Pumpen von Salzwasser, verschmutztem oder aggressivem Wasser, f\u00fcr den privaten und professionellen Gebrauch.\" \/>\n<meta name=\"robots\" content=\"index, follow, max-snippet:-1, max-image-preview:large, max-video-preview:-1\" \/>\n<link rel=\"canonical\" href=\"https:\/\/sagrinex.com\/produit\/motopompe-speciale-eau-de-mer-et-produits-chimiques-212cc-3-pouces-60000l-h-konner-sohnen-ks-80cw\/\" \/>\n<meta property=\"og:locale\" content=\"de_DE\" \/>\n<meta property=\"og:type\" content=\"article\" \/>\n<meta property=\"og:title\" content=\"Spezial-Motorpumpe f\u00fcr Meerwasser und Chemikalien 212 cm\u00b3 3 Zoll 60.000 L\/h K\u00f6nner S\u00f6hnen KS 80CW\" \/>\n<meta property=\"og:description\" content=\"Spezial-Motorpumpe f\u00fcr Meerwasser und Chemikalien \u2013 K\u00f6nner &amp; S\u00f6hnen KS 80CW f\u00fcr effizientes Pumpen aggressiver Fl\u00fcssigkeiten. Max. F\u00f6rdermenge 60.000 L\/h (1.000 L\/min) f\u00fcr Anwendungen mit hoher Kapazit\u00e4t. 212 cm\u00b3 OHV 4-Takt-Motor, der konstante und zuverl\u00e4ssige Leistung gew\u00e4hrleistet. Pumpengeh\u00e4use aus Aluminium, korrosionsbest\u00e4ndig auch bei Kontakt mit Meerwasser und Chemikalien. Ein-\/Auslassdurchmesser 3 Zoll (76 mm) f\u00fcr einen reibungslosen Durchfluss gro\u00dfer Wassermengen. Robuster Tragegriff und stabile F\u00fc\u00dfe f\u00fcr einfache und sichere Handhabung. Ideal zum Pumpen von Salzwasser, verschmutztem oder aggressivem Wasser, f\u00fcr den privaten und professionellen Gebrauch.\" \/>\n<meta property=\"og:url\" content=\"https:\/\/sagrinex.com\/produit\/motopompe-speciale-eau-de-mer-et-produits-chimiques-212cc-3-pouces-60000l-h-konner-sohnen-ks-80cw\/\" \/>\n<meta property=\"og:site_name\" content=\"Sagrinex \u2013 Anhaenger, Container &amp; Landtechnik \ud83c\udf3e\ud83d\ude9c\" \/>\n<meta property=\"article:modified_time\" content=\"2026-04-15T21:12:03+00:00\" \/>\n<meta property=\"og:image\" content=\"https:\/\/sagrinex.com\/wp-content\/uploads\/2026\/03\/motopompe-speciale-eau-de-mer-et-produits-chimiques-212cc-3-pouces-60000l-h-konner-sohnen-ks-80cw.jpg\" \/>\n\t<meta property=\"og:image:width\" content=\"1200\" \/>\n\t<meta property=\"og:image:height\" content=\"1372\" \/>\n\t<meta property=\"og:image:type\" content=\"image\/jpeg\" \/>\n<meta name=\"twitter:card\" content=\"summary_large_image\" \/>\n<meta name=\"twitter:label1\" content=\"Gesch\u00e4tzte Lesezeit\" \/>\n\t<meta name=\"twitter:data1\" content=\"3\u00a0Minuten\" \/>\n<script type=\"application\/ld+json\" class=\"yoast-schema-graph\">{\"@context\":\"https:\\\/\\\/schema.org\",\"@graph\":[{\"@type\":\"WebPage\",\"@id\":\"https:\\\/\\\/sagrinex.com\\\/produit\\\/motopompe-speciale-eau-de-mer-et-produits-chimiques-212cc-3-pouces-60000l-h-konner-sohnen-ks-80cw\\\/\",\"url\":\"https:\\\/\\\/sagrinex.com\\\/produit\\\/motopompe-speciale-eau-de-mer-et-produits-chimiques-212cc-3-pouces-60000l-h-konner-sohnen-ks-80cw\\\/\",\"name\":\"Spezial-Motorpumpe f\u00fcr Meerwasser und Chemikalien 212 cm\u00b3 3 Zoll 60.000 L\\\/h K\u00f6nner S\u00f6hnen KS 80CW\",\"isPartOf\":{\"@id\":\"https:\\\/\\\/sagrinex.com\\\/#website\"},\"primaryImageOfPage\":{\"@id\":\"https:\\\/\\\/sagrinex.com\\\/produit\\\/motopompe-speciale-eau-de-mer-et-produits-chimiques-212cc-3-pouces-60000l-h-konner-sohnen-ks-80cw\\\/#primaryimage\"},\"image\":{\"@id\":\"https:\\\/\\\/sagrinex.com\\\/produit\\\/motopompe-speciale-eau-de-mer-et-produits-chimiques-212cc-3-pouces-60000l-h-konner-sohnen-ks-80cw\\\/#primaryimage\"},\"thumbnailUrl\":\"https:\\\/\\\/sagrinex.com\\\/wp-content\\\/uploads\\\/2026\\\/03\\\/motopompe-speciale-eau-de-mer-et-produits-chimiques-212cc-3-pouces-60000l-h-konner-sohnen-ks-80cw.jpg\",\"datePublished\":\"2026-03-10T19:20:03+00:00\",\"dateModified\":\"2026-04-15T21:12:03+00:00\",\"description\":\"Spezial-Motorpumpe f\u00fcr Meerwasser und Chemikalien \u2013 K\u00f6nner & S\u00f6hnen KS 80CW f\u00fcr effizientes Pumpen aggressiver Fl\u00fcssigkeiten. Max. F\u00f6rdermenge 60.000 L\\\/h (1.000 L\\\/min) f\u00fcr Anwendungen mit hoher Kapazit\u00e4t. 212 cm\u00b3 OHV 4-Takt-Motor, der konstante und zuverl\u00e4ssige Leistung gew\u00e4hrleistet. Pumpengeh\u00e4use aus Aluminium, korrosionsbest\u00e4ndig auch bei Kontakt mit Meerwasser und Chemikalien. Ein-\\\/Auslassdurchmesser 3 Zoll (76 mm) f\u00fcr einen reibungslosen Durchfluss gro\u00dfer Wassermengen. Robuster Tragegriff und stabile F\u00fc\u00dfe f\u00fcr einfache und sichere Handhabung. Ideal zum Pumpen von Salzwasser, verschmutztem oder aggressivem Wasser, f\u00fcr den privaten und professionellen Gebrauch.\",\"breadcrumb\":{\"@id\":\"https:\\\/\\\/sagrinex.com\\\/produit\\\/motopompe-speciale-eau-de-mer-et-produits-chimiques-212cc-3-pouces-60000l-h-konner-sohnen-ks-80cw\\\/#breadcrumb\"},\"inLanguage\":\"de\",\"potentialAction\":[{\"@type\":\"ReadAction\",\"target\":[\"https:\\\/\\\/sagrinex.com\\\/produit\\\/motopompe-speciale-eau-de-mer-et-produits-chimiques-212cc-3-pouces-60000l-h-konner-sohnen-ks-80cw\\\/\"]}]},{\"@type\":\"ImageObject\",\"inLanguage\":\"de\",\"@id\":\"https:\\\/\\\/sagrinex.com\\\/produit\\\/motopompe-speciale-eau-de-mer-et-produits-chimiques-212cc-3-pouces-60000l-h-konner-sohnen-ks-80cw\\\/#primaryimage\",\"url\":\"https:\\\/\\\/sagrinex.com\\\/wp-content\\\/uploads\\\/2026\\\/03\\\/motopompe-speciale-eau-de-mer-et-produits-chimiques-212cc-3-pouces-60000l-h-konner-sohnen-ks-80cw.jpg\",\"contentUrl\":\"https:\\\/\\\/sagrinex.com\\\/wp-content\\\/uploads\\\/2026\\\/03\\\/motopompe-speciale-eau-de-mer-et-produits-chimiques-212cc-3-pouces-60000l-h-konner-sohnen-ks-80cw.jpg\",\"width\":1200,\"height\":1372},{\"@type\":\"BreadcrumbList\",\"@id\":\"https:\\\/\\\/sagrinex.com\\\/produit\\\/motopompe-speciale-eau-de-mer-et-produits-chimiques-212cc-3-pouces-60000l-h-konner-sohnen-ks-80cw\\\/#breadcrumb\",\"itemListElement\":[{\"@type\":\"ListItem\",\"position\":1,\"name\":\"Accueil\",\"item\":\"https:\\\/\\\/sagrinex.com\\\/?lang=de\"},{\"@type\":\"ListItem\",\"position\":2,\"name\":\"Shop\",\"item\":\"https:\\\/\\\/sagrinex.com\\\/shop\\\/\"},{\"@type\":\"ListItem\",\"position\":3,\"name\":\"Spezial-motorpumpe f\u00fcr Meerwasser und Chemikalien 212 Cm\u00b3 3 Zoll 60.000 L\\\/h K\u00f6nner S\u00f6hnen Ks 80CW\"}]},{\"@type\":\"WebSite\",\"@id\":\"https:\\\/\\\/sagrinex.com\\\/#website\",\"url\":\"https:\\\/\\\/sagrinex.com\\\/\",\"name\":\"Sagrinex \u2013 Spezialist f\u00fcr Anh\u00e4nger, Container & Landtechnik\",\"description\":\"Anhaenger, Container &amp; Landtechnik \u2014 Online-Verkauf &amp; kostenloses Angebot\",\"publisher\":{\"@id\":\"https:\\\/\\\/sagrinex.com\\\/#organization\"},\"potentialAction\":[{\"@type\":\"SearchAction\",\"target\":{\"@type\":\"EntryPoint\",\"urlTemplate\":\"https:\\\/\\\/sagrinex.com\\\/?s={search_term_string}\"},\"query-input\":{\"@type\":\"PropertyValueSpecification\",\"valueRequired\":true,\"valueName\":\"search_term_string\"}}],\"inLanguage\":\"de\"},{\"@type\":\"Organization\",\"@id\":\"https:\\\/\\\/sagrinex.com\\\/#organization\",\"name\":\"Sagrinex \u2013 Remorques, Conteneurs & Mat\u00e9riel Agricole\",\"url\":\"https:\\\/\\\/sagrinex.com\\\/\",\"logo\":{\"@type\":\"ImageObject\",\"inLanguage\":\"de\",\"@id\":\"https:\\\/\\\/sagrinex.com\\\/#\\\/schema\\\/logo\\\/image\\\/\",\"url\":\"https:\\\/\\\/sagrinex.com\\\/wp-content\\\/uploads\\\/2026\\\/03\\\/7f1ac463-ef5a-425d-bdd6-a5da03a334a9-1024x683.png\",\"contentUrl\":\"https:\\\/\\\/sagrinex.com\\\/wp-content\\\/uploads\\\/2026\\\/03\\\/7f1ac463-ef5a-425d-bdd6-a5da03a334a9-1024x683.png\",\"width\":1024,\"height\":683,\"caption\":\"Sagrinex \u2013 Remorques, Conteneurs & Mat\u00e9riel Agricole\"},\"image\":{\"@id\":\"https:\\\/\\\/sagrinex.com\\\/#\\\/schema\\\/logo\\\/image\\\/\"}}]}<\/script>\n<!-- \/ Yoast SEO plugin. -->","yoast_head_json":{"title":"Spezial-Motorpumpe f\u00fcr Meerwasser und Chemikalien 212 cm\u00b3 3 Zoll 60.000 L\/h K\u00f6nner S\u00f6hnen KS 80CW","description":"Spezial-Motorpumpe f\u00fcr Meerwasser und Chemikalien \u2013 K\u00f6nner & S\u00f6hnen KS 80CW f\u00fcr effizientes Pumpen aggressiver Fl\u00fcssigkeiten. Max. F\u00f6rdermenge 60.000 L\/h (1.000 L\/min) f\u00fcr Anwendungen mit hoher Kapazit\u00e4t. 212 cm\u00b3 OHV 4-Takt-Motor, der konstante und zuverl\u00e4ssige Leistung gew\u00e4hrleistet. Pumpengeh\u00e4use aus Aluminium, korrosionsbest\u00e4ndig auch bei Kontakt mit Meerwasser und Chemikalien. Ein-\/Auslassdurchmesser 3 Zoll (76 mm) f\u00fcr einen reibungslosen Durchfluss gro\u00dfer Wassermengen. Robuster Tragegriff und stabile F\u00fc\u00dfe f\u00fcr einfache und sichere Handhabung. Ideal zum Pumpen von Salzwasser, verschmutztem oder aggressivem Wasser, f\u00fcr den privaten und professionellen Gebrauch.","robots":{"index":"index","follow":"follow","max-snippet":"max-snippet:-1","max-image-preview":"max-image-preview:large","max-video-preview":"max-video-preview:-1"},"canonical":"https:\/\/sagrinex.com\/produit\/motopompe-speciale-eau-de-mer-et-produits-chimiques-212cc-3-pouces-60000l-h-konner-sohnen-ks-80cw\/","og_locale":"de_DE","og_type":"article","og_title":"Spezial-Motorpumpe f\u00fcr Meerwasser und Chemikalien 212 cm\u00b3 3 Zoll 60.000 L\/h K\u00f6nner S\u00f6hnen KS 80CW","og_description":"Spezial-Motorpumpe f\u00fcr Meerwasser und Chemikalien \u2013 K\u00f6nner & S\u00f6hnen KS 80CW f\u00fcr effizientes Pumpen aggressiver Fl\u00fcssigkeiten. Max. F\u00f6rdermenge 60.000 L\/h (1.000 L\/min) f\u00fcr Anwendungen mit hoher Kapazit\u00e4t. 212 cm\u00b3 OHV 4-Takt-Motor, der konstante und zuverl\u00e4ssige Leistung gew\u00e4hrleistet. Pumpengeh\u00e4use aus Aluminium, korrosionsbest\u00e4ndig auch bei Kontakt mit Meerwasser und Chemikalien. Ein-\/Auslassdurchmesser 3 Zoll (76 mm) f\u00fcr einen reibungslosen Durchfluss gro\u00dfer Wassermengen. Robuster Tragegriff und stabile F\u00fc\u00dfe f\u00fcr einfache und sichere Handhabung. Ideal zum Pumpen von Salzwasser, verschmutztem oder aggressivem Wasser, f\u00fcr den privaten und professionellen Gebrauch.","og_url":"https:\/\/sagrinex.com\/produit\/motopompe-speciale-eau-de-mer-et-produits-chimiques-212cc-3-pouces-60000l-h-konner-sohnen-ks-80cw\/","og_site_name":"Sagrinex \u2013 Anhaenger, Container &amp; Landtechnik \ud83c\udf3e\ud83d\ude9c","article_modified_time":"2026-04-15T21:12:03+00:00","og_image":[{"width":1200,"height":1372,"url":"https:\/\/sagrinex.com\/wp-content\/uploads\/2026\/03\/motopompe-speciale-eau-de-mer-et-produits-chimiques-212cc-3-pouces-60000l-h-konner-sohnen-ks-80cw.jpg","type":"image\/jpeg"}],"twitter_card":"summary_large_image","twitter_misc":{"Gesch\u00e4tzte Lesezeit":"3\u00a0Minuten"},"schema":{"@context":"https:\/\/schema.org","@graph":[{"@type":"WebPage","@id":"https:\/\/sagrinex.com\/produit\/motopompe-speciale-eau-de-mer-et-produits-chimiques-212cc-3-pouces-60000l-h-konner-sohnen-ks-80cw\/","url":"https:\/\/sagrinex.com\/produit\/motopompe-speciale-eau-de-mer-et-produits-chimiques-212cc-3-pouces-60000l-h-konner-sohnen-ks-80cw\/","name":"Spezial-Motorpumpe f\u00fcr Meerwasser und Chemikalien 212 cm\u00b3 3 Zoll 60.000 L\/h K\u00f6nner S\u00f6hnen KS 80CW","isPartOf":{"@id":"https:\/\/sagrinex.com\/#website"},"primaryImageOfPage":{"@id":"https:\/\/sagrinex.com\/produit\/motopompe-speciale-eau-de-mer-et-produits-chimiques-212cc-3-pouces-60000l-h-konner-sohnen-ks-80cw\/#primaryimage"},"image":{"@id":"https:\/\/sagrinex.com\/produit\/motopompe-speciale-eau-de-mer-et-produits-chimiques-212cc-3-pouces-60000l-h-konner-sohnen-ks-80cw\/#primaryimage"},"thumbnailUrl":"https:\/\/sagrinex.com\/wp-content\/uploads\/2026\/03\/motopompe-speciale-eau-de-mer-et-produits-chimiques-212cc-3-pouces-60000l-h-konner-sohnen-ks-80cw.jpg","datePublished":"2026-03-10T19:20:03+00:00","dateModified":"2026-04-15T21:12:03+00:00","description":"Spezial-Motorpumpe f\u00fcr Meerwasser und Chemikalien \u2013 K\u00f6nner & S\u00f6hnen KS 80CW f\u00fcr effizientes Pumpen aggressiver Fl\u00fcssigkeiten. Max. F\u00f6rdermenge 60.000 L\/h (1.000 L\/min) f\u00fcr Anwendungen mit hoher Kapazit\u00e4t. 212 cm\u00b3 OHV 4-Takt-Motor, der konstante und zuverl\u00e4ssige Leistung gew\u00e4hrleistet. Pumpengeh\u00e4use aus Aluminium, korrosionsbest\u00e4ndig auch bei Kontakt mit Meerwasser und Chemikalien. Ein-\/Auslassdurchmesser 3 Zoll (76 mm) f\u00fcr einen reibungslosen Durchfluss gro\u00dfer Wassermengen. Robuster Tragegriff und stabile F\u00fc\u00dfe f\u00fcr einfache und sichere Handhabung. Ideal zum Pumpen von Salzwasser, verschmutztem oder aggressivem Wasser, f\u00fcr den privaten und professionellen Gebrauch.","breadcrumb":{"@id":"https:\/\/sagrinex.com\/produit\/motopompe-speciale-eau-de-mer-et-produits-chimiques-212cc-3-pouces-60000l-h-konner-sohnen-ks-80cw\/#breadcrumb"},"inLanguage":"de","potentialAction":[{"@type":"ReadAction","target":["https:\/\/sagrinex.com\/produit\/motopompe-speciale-eau-de-mer-et-produits-chimiques-212cc-3-pouces-60000l-h-konner-sohnen-ks-80cw\/"]}]},{"@type":"ImageObject","inLanguage":"de","@id":"https:\/\/sagrinex.com\/produit\/motopompe-speciale-eau-de-mer-et-produits-chimiques-212cc-3-pouces-60000l-h-konner-sohnen-ks-80cw\/#primaryimage","url":"https:\/\/sagrinex.com\/wp-content\/uploads\/2026\/03\/motopompe-speciale-eau-de-mer-et-produits-chimiques-212cc-3-pouces-60000l-h-konner-sohnen-ks-80cw.jpg","contentUrl":"https:\/\/sagrinex.com\/wp-content\/uploads\/2026\/03\/motopompe-speciale-eau-de-mer-et-produits-chimiques-212cc-3-pouces-60000l-h-konner-sohnen-ks-80cw.jpg","width":1200,"height":1372},{"@type":"BreadcrumbList","@id":"https:\/\/sagrinex.com\/produit\/motopompe-speciale-eau-de-mer-et-produits-chimiques-212cc-3-pouces-60000l-h-konner-sohnen-ks-80cw\/#breadcrumb","itemListElement":[{"@type":"ListItem","position":1,"name":"Accueil","item":"https:\/\/sagrinex.com\/?lang=de"},{"@type":"ListItem","position":2,"name":"Shop","item":"https:\/\/sagrinex.com\/shop\/"},{"@type":"ListItem","position":3,"name":"Spezial-motorpumpe f\u00fcr Meerwasser und Chemikalien 212 Cm\u00b3 3 Zoll 60.000 L\/h K\u00f6nner S\u00f6hnen Ks 80CW"}]},{"@type":"WebSite","@id":"https:\/\/sagrinex.com\/#website","url":"https:\/\/sagrinex.com\/","name":"Sagrinex \u2013 Spezialist f\u00fcr Anh\u00e4nger, Container & Landtechnik","description":"Anhaenger, Container &amp; Landtechnik \u2014 Online-Verkauf &amp; kostenloses Angebot","publisher":{"@id":"https:\/\/sagrinex.com\/#organization"},"potentialAction":[{"@type":"SearchAction","target":{"@type":"EntryPoint","urlTemplate":"https:\/\/sagrinex.com\/?s={search_term_string}"},"query-input":{"@type":"PropertyValueSpecification","valueRequired":true,"valueName":"search_term_string"}}],"inLanguage":"de"},{"@type":"Organization","@id":"https:\/\/sagrinex.com\/#organization","name":"Sagrinex \u2013 Remorques, Conteneurs & Mat\u00e9riel Agricole","url":"https:\/\/sagrinex.com\/","logo":{"@type":"ImageObject","inLanguage":"de","@id":"https:\/\/sagrinex.com\/#\/schema\/logo\/image\/","url":"https:\/\/sagrinex.com\/wp-content\/uploads\/2026\/03\/7f1ac463-ef5a-425d-bdd6-a5da03a334a9-1024x683.png","contentUrl":"https:\/\/sagrinex.com\/wp-content\/uploads\/2026\/03\/7f1ac463-ef5a-425d-bdd6-a5da03a334a9-1024x683.png","width":1024,"height":683,"caption":"Sagrinex \u2013 Remorques, Conteneurs & Mat\u00e9riel Agricole"},"image":{"@id":"https:\/\/sagrinex.com\/#\/schema\/logo\/image\/"}}]}},"jetpack_sharing_enabled":true,"_links":{"self":[{"href":"https:\/\/sagrinex.com\/de\/wp-json\/wp\/v2\/product\/13307","targetHints":{"allow":["GET"]}}],"collection":[{"href":"https:\/\/sagrinex.com\/de\/wp-json\/wp\/v2\/product"}],"about":[{"href":"https:\/\/sagrinex.com\/de\/wp-json\/wp\/v2\/types\/product"}],"replies":[{"embeddable":true,"href":"https:\/\/sagrinex.com\/de\/wp-json\/wp\/v2\/comments?post=13307"}],"version-history":[{"count":0,"href":"https:\/\/sagrinex.com\/de\/wp-json\/wp\/v2\/product\/13307\/revisions"}],"wp:featuredmedia":[{"embeddable":true,"href":"https:\/\/sagrinex.com\/de\/wp-json\/wp\/v2\/media\/13308"}],"wp:attachment":[{"href":"https:\/\/sagrinex.com\/de\/wp-json\/wp\/v2\/media?parent=13307"}],"wp:term":[{"taxonomy":"product_brand","embeddable":true,"href":"https:\/\/sagrinex.com\/de\/wp-json\/wp\/v2\/product_brand?post=13307"},{"taxonomy":"product_cat","embeddable":true,"href":"https:\/\/sagrinex.com\/de\/wp-json\/wp\/v2\/product_cat?post=13307"},{"taxonomy":"product_tag","embeddable":true,"href":"https:\/\/sagrinex.com\/de\/wp-json\/wp\/v2\/product_tag?post=13307"}],"curies":[{"name":"wp","href":"https:\/\/api.w.org\/{rel}","templated":true}]}}