{"id":13328,"date":"2026-03-10T20:44:16","date_gmt":"2026-03-10T20:44:16","guid":{"rendered":"https:\/\/sagrinex.com\/produit\/husqvarna-325ilk-pack-akku-multiwerkzeug\/"},"modified":"2026-04-15T21:12:03","modified_gmt":"2026-04-15T21:12:03","slug":"husqvarna-325ilk-pack-akku-multiwerkzeug","status":"publish","type":"product","link":"https:\/\/sagrinex.com\/de\/produit\/husqvarna-325ilk-pack-akku-multiwerkzeug\/","title":{"rendered":"Husqvarna 325ilk Pack Akku-multiwerkzeug"},"content":{"rendered":"<h2><strong>Merkmale des Akku-Multiwerkzeugs 325iLK <\/strong><strong>Husqvarna<br \/>\n<\/strong><\/h2>\n<ul>\n<li>Perfekt ausbalanciert<\/li>\n<li>Bietet die n\u00f6tige Leistung, um alle Arbeiten \u2013 selbst die schwierigsten \u2013 schneller und effizienter zu erledigen<\/li>\n<li>Der Motorkopf des multifunktionalen Kombiger\u00e4ts kann mit einer Reihe professioneller Zubeh\u00f6rteile verwendet werden und ist damit ein \u00e4u\u00dferst flexibles, vielseitiges Werkzeug \u2013 ideal zum Schneiden, Trimmen, Entasten oder Freischneiden<\/li>\n<li>Kann mit internem oder externem Akku verwendet werden<\/li>\n<li>Gewicht: 3,8 kg ohne Akku<\/li>\n<li>B\u00fcrstenloser Motor<\/li>\n<li>Hubraum-\u00c4quivalent: 25 cm\u00b3<\/li>\n<li>Progressiver Gashebel<\/li>\n<li>Der SavE-Modus optimiert die Akkulaufzeit<\/li>\n<li>Leistungsregler (3 Stufen)<\/li>\n<li>Kompatibel mit allen Zubeh\u00f6rteilen 129LK\u2013525LK <strong>(12 Zubeh\u00f6rteile)<\/strong><\/li>\n<li><strong><em>Geliefert mit Akku Bli200 <\/em><\/strong><strong><em>und Ladeger\u00e4t QC250<\/em><\/strong><\/li>\n<\/ul>\n","protected":false},"excerpt":{"rendered":"<p>Leicht, komfortabel und einfach zu bedienen: Das Akku-Multiwerkzeug 325iLK ist ideal f\u00fcr alle kleinen Arbeiten im Alltag. Sein leistungsstarker, vibrationsarmer b\u00fcrstenloser Motor ohne direkte Emissionen ist leise genug f\u00fcr den Einsatz in Wohngebieten, ohne Ihre Familie oder Ihre Nachbarn zu st\u00f6ren. <\/p>\n","protected":false},"featured_media":13329,"comment_status":"open","ping_status":"closed","template":"","meta":[],"product_brand":[],"product_cat":[326,320],"product_tag":[],"class_list":{"0":"post-13328","1":"product","2":"type-product","3":"status-publish","4":"has-post-thumbnail","6":"product_cat-freischneider","7":"product_cat-unsere-rasenmaher","9":"first","10":"instock","11":"shipping-taxable","12":"purchasable","13":"product-type-simple"},"yoast_head":"<!-- This site is optimized with the Yoast SEO plugin v27.4 - https:\/\/yoast.com\/product\/yoast-seo-wordpress\/ -->\n<title>HUSQVARNA 325iLK PACK AKKU-MULTIWERKZEUG<\/title>\n<meta name=\"description\" content=\"Leicht, komfortabel und einfach zu bedienen: Das Akku-Multiwerkzeug 325iLK ist ideal f\u00fcr alle kleinen Arbeiten im Alltag. Sein leistungsstarker, vibrationsarmer b\u00fcrstenloser Motor ohne direkte Emissionen ist leise genug f\u00fcr den Einsatz in Wohngebieten, ohne Ihre Familie oder Ihre Nachbarn zu st\u00f6ren.\" \/>\n<meta name=\"robots\" content=\"index, follow, max-snippet:-1, max-image-preview:large, max-video-preview:-1\" \/>\n<link rel=\"canonical\" href=\"https:\/\/sagrinex.com\/produit\/multi-outils-a-batterie-husqvarna-325ilk-pack\/\" \/>\n<meta property=\"og:locale\" content=\"de_DE\" \/>\n<meta property=\"og:type\" content=\"article\" \/>\n<meta property=\"og:title\" content=\"HUSQVARNA 325iLK PACK AKKU-MULTIWERKZEUG\" \/>\n<meta property=\"og:description\" content=\"Leicht, komfortabel und einfach zu bedienen: Das Akku-Multiwerkzeug 325iLK ist ideal f\u00fcr alle kleinen Arbeiten im Alltag. Sein leistungsstarker, vibrationsarmer b\u00fcrstenloser Motor ohne direkte Emissionen ist leise genug f\u00fcr den Einsatz in Wohngebieten, ohne Ihre Familie oder Ihre Nachbarn zu st\u00f6ren.\" \/>\n<meta property=\"og:url\" content=\"https:\/\/sagrinex.com\/produit\/multi-outils-a-batterie-husqvarna-325ilk-pack\/\" \/>\n<meta property=\"og:site_name\" content=\"Sagrinex \u2013 Anhaenger, Container &amp; Landtechnik \ud83c\udf3e\ud83d\ude9c\" \/>\n<meta property=\"article:modified_time\" content=\"2026-04-15T21:12:03+00:00\" \/>\n<meta property=\"og:image\" content=\"https:\/\/sagrinex.com\/wp-content\/uploads\/2026\/03\/multi-outils-a-batterie-husqvarna-325ilkpack.jpg\" \/>\n\t<meta property=\"og:image:width\" content=\"800\" \/>\n\t<meta property=\"og:image:height\" content=\"800\" \/>\n\t<meta property=\"og:image:type\" content=\"image\/jpeg\" \/>\n<meta name=\"twitter:card\" content=\"summary_large_image\" \/>\n<script type=\"application\/ld+json\" class=\"yoast-schema-graph\">{\"@context\":\"https:\\\/\\\/schema.org\",\"@graph\":[{\"@type\":\"WebPage\",\"@id\":\"https:\\\/\\\/sagrinex.com\\\/produit\\\/multi-outils-a-batterie-husqvarna-325ilk-pack\\\/\",\"url\":\"https:\\\/\\\/sagrinex.com\\\/produit\\\/multi-outils-a-batterie-husqvarna-325ilk-pack\\\/\",\"name\":\"HUSQVARNA 325iLK PACK AKKU-MULTIWERKZEUG\",\"isPartOf\":{\"@id\":\"https:\\\/\\\/sagrinex.com\\\/#website\"},\"primaryImageOfPage\":{\"@id\":\"https:\\\/\\\/sagrinex.com\\\/produit\\\/multi-outils-a-batterie-husqvarna-325ilk-pack\\\/#primaryimage\"},\"image\":{\"@id\":\"https:\\\/\\\/sagrinex.com\\\/produit\\\/multi-outils-a-batterie-husqvarna-325ilk-pack\\\/#primaryimage\"},\"thumbnailUrl\":\"https:\\\/\\\/sagrinex.com\\\/wp-content\\\/uploads\\\/2026\\\/03\\\/multi-outils-a-batterie-husqvarna-325ilkpack.jpg\",\"datePublished\":\"2026-03-10T20:44:16+00:00\",\"dateModified\":\"2026-04-15T21:12:03+00:00\",\"description\":\"Leicht, komfortabel und einfach zu bedienen: Das Akku-Multiwerkzeug 325iLK ist ideal f\u00fcr alle kleinen Arbeiten im Alltag. Sein leistungsstarker, vibrationsarmer b\u00fcrstenloser Motor ohne direkte Emissionen ist leise genug f\u00fcr den Einsatz in Wohngebieten, ohne Ihre Familie oder Ihre Nachbarn zu st\u00f6ren.\",\"breadcrumb\":{\"@id\":\"https:\\\/\\\/sagrinex.com\\\/produit\\\/multi-outils-a-batterie-husqvarna-325ilk-pack\\\/#breadcrumb\"},\"inLanguage\":\"de\",\"potentialAction\":[{\"@type\":\"ReadAction\",\"target\":[\"https:\\\/\\\/sagrinex.com\\\/produit\\\/multi-outils-a-batterie-husqvarna-325ilk-pack\\\/\"]}]},{\"@type\":\"ImageObject\",\"inLanguage\":\"de\",\"@id\":\"https:\\\/\\\/sagrinex.com\\\/produit\\\/multi-outils-a-batterie-husqvarna-325ilk-pack\\\/#primaryimage\",\"url\":\"https:\\\/\\\/sagrinex.com\\\/wp-content\\\/uploads\\\/2026\\\/03\\\/multi-outils-a-batterie-husqvarna-325ilkpack.jpg\",\"contentUrl\":\"https:\\\/\\\/sagrinex.com\\\/wp-content\\\/uploads\\\/2026\\\/03\\\/multi-outils-a-batterie-husqvarna-325ilkpack.jpg\",\"width\":800,\"height\":800},{\"@type\":\"BreadcrumbList\",\"@id\":\"https:\\\/\\\/sagrinex.com\\\/produit\\\/multi-outils-a-batterie-husqvarna-325ilk-pack\\\/#breadcrumb\",\"itemListElement\":[{\"@type\":\"ListItem\",\"position\":1,\"name\":\"Accueil\",\"item\":\"https:\\\/\\\/sagrinex.com\\\/?lang=de\"},{\"@type\":\"ListItem\",\"position\":2,\"name\":\"Shop\",\"item\":\"https:\\\/\\\/sagrinex.com\\\/shop\\\/\"},{\"@type\":\"ListItem\",\"position\":3,\"name\":\"Husqvarna 325ilk Pack Akku-multiwerkzeug\"}]},{\"@type\":\"WebSite\",\"@id\":\"https:\\\/\\\/sagrinex.com\\\/#website\",\"url\":\"https:\\\/\\\/sagrinex.com\\\/\",\"name\":\"Sagrinex \u2013 Spezialist f\u00fcr Anh\u00e4nger, Container & Landtechnik\",\"description\":\"Anhaenger, Container &amp; Landtechnik \u2014 Online-Verkauf &amp; kostenloses Angebot\",\"publisher\":{\"@id\":\"https:\\\/\\\/sagrinex.com\\\/#organization\"},\"potentialAction\":[{\"@type\":\"SearchAction\",\"target\":{\"@type\":\"EntryPoint\",\"urlTemplate\":\"https:\\\/\\\/sagrinex.com\\\/?s={search_term_string}\"},\"query-input\":{\"@type\":\"PropertyValueSpecification\",\"valueRequired\":true,\"valueName\":\"search_term_string\"}}],\"inLanguage\":\"de\"},{\"@type\":\"Organization\",\"@id\":\"https:\\\/\\\/sagrinex.com\\\/#organization\",\"name\":\"Sagrinex \u2013 Remorques, Conteneurs & Mat\u00e9riel Agricole\",\"url\":\"https:\\\/\\\/sagrinex.com\\\/\",\"logo\":{\"@type\":\"ImageObject\",\"inLanguage\":\"de\",\"@id\":\"https:\\\/\\\/sagrinex.com\\\/#\\\/schema\\\/logo\\\/image\\\/\",\"url\":\"https:\\\/\\\/sagrinex.com\\\/wp-content\\\/uploads\\\/2026\\\/03\\\/7f1ac463-ef5a-425d-bdd6-a5da03a334a9-1024x683.png\",\"contentUrl\":\"https:\\\/\\\/sagrinex.com\\\/wp-content\\\/uploads\\\/2026\\\/03\\\/7f1ac463-ef5a-425d-bdd6-a5da03a334a9-1024x683.png\",\"width\":1024,\"height\":683,\"caption\":\"Sagrinex \u2013 Remorques, Conteneurs & Mat\u00e9riel Agricole\"},\"image\":{\"@id\":\"https:\\\/\\\/sagrinex.com\\\/#\\\/schema\\\/logo\\\/image\\\/\"}}]}<\/script>\n<!-- \/ Yoast SEO plugin. -->","yoast_head_json":{"title":"HUSQVARNA 325iLK PACK AKKU-MULTIWERKZEUG","description":"Leicht, komfortabel und einfach zu bedienen: Das Akku-Multiwerkzeug 325iLK ist ideal f\u00fcr alle kleinen Arbeiten im Alltag. Sein leistungsstarker, vibrationsarmer b\u00fcrstenloser Motor ohne direkte Emissionen ist leise genug f\u00fcr den Einsatz in Wohngebieten, ohne Ihre Familie oder Ihre Nachbarn zu st\u00f6ren.","robots":{"index":"index","follow":"follow","max-snippet":"max-snippet:-1","max-image-preview":"max-image-preview:large","max-video-preview":"max-video-preview:-1"},"canonical":"https:\/\/sagrinex.com\/produit\/multi-outils-a-batterie-husqvarna-325ilk-pack\/","og_locale":"de_DE","og_type":"article","og_title":"HUSQVARNA 325iLK PACK AKKU-MULTIWERKZEUG","og_description":"Leicht, komfortabel und einfach zu bedienen: Das Akku-Multiwerkzeug 325iLK ist ideal f\u00fcr alle kleinen Arbeiten im Alltag. Sein leistungsstarker, vibrationsarmer b\u00fcrstenloser Motor ohne direkte Emissionen ist leise genug f\u00fcr den Einsatz in Wohngebieten, ohne Ihre Familie oder Ihre Nachbarn zu st\u00f6ren.","og_url":"https:\/\/sagrinex.com\/produit\/multi-outils-a-batterie-husqvarna-325ilk-pack\/","og_site_name":"Sagrinex \u2013 Anhaenger, Container &amp; Landtechnik \ud83c\udf3e\ud83d\ude9c","article_modified_time":"2026-04-15T21:12:03+00:00","og_image":[{"width":800,"height":800,"url":"https:\/\/sagrinex.com\/wp-content\/uploads\/2026\/03\/multi-outils-a-batterie-husqvarna-325ilkpack.jpg","type":"image\/jpeg"}],"twitter_card":"summary_large_image","schema":{"@context":"https:\/\/schema.org","@graph":[{"@type":"WebPage","@id":"https:\/\/sagrinex.com\/produit\/multi-outils-a-batterie-husqvarna-325ilk-pack\/","url":"https:\/\/sagrinex.com\/produit\/multi-outils-a-batterie-husqvarna-325ilk-pack\/","name":"HUSQVARNA 325iLK PACK AKKU-MULTIWERKZEUG","isPartOf":{"@id":"https:\/\/sagrinex.com\/#website"},"primaryImageOfPage":{"@id":"https:\/\/sagrinex.com\/produit\/multi-outils-a-batterie-husqvarna-325ilk-pack\/#primaryimage"},"image":{"@id":"https:\/\/sagrinex.com\/produit\/multi-outils-a-batterie-husqvarna-325ilk-pack\/#primaryimage"},"thumbnailUrl":"https:\/\/sagrinex.com\/wp-content\/uploads\/2026\/03\/multi-outils-a-batterie-husqvarna-325ilkpack.jpg","datePublished":"2026-03-10T20:44:16+00:00","dateModified":"2026-04-15T21:12:03+00:00","description":"Leicht, komfortabel und einfach zu bedienen: Das Akku-Multiwerkzeug 325iLK ist ideal f\u00fcr alle kleinen Arbeiten im Alltag. Sein leistungsstarker, vibrationsarmer b\u00fcrstenloser Motor ohne direkte Emissionen ist leise genug f\u00fcr den Einsatz in Wohngebieten, ohne Ihre Familie oder Ihre Nachbarn zu st\u00f6ren.","breadcrumb":{"@id":"https:\/\/sagrinex.com\/produit\/multi-outils-a-batterie-husqvarna-325ilk-pack\/#breadcrumb"},"inLanguage":"de","potentialAction":[{"@type":"ReadAction","target":["https:\/\/sagrinex.com\/produit\/multi-outils-a-batterie-husqvarna-325ilk-pack\/"]}]},{"@type":"ImageObject","inLanguage":"de","@id":"https:\/\/sagrinex.com\/produit\/multi-outils-a-batterie-husqvarna-325ilk-pack\/#primaryimage","url":"https:\/\/sagrinex.com\/wp-content\/uploads\/2026\/03\/multi-outils-a-batterie-husqvarna-325ilkpack.jpg","contentUrl":"https:\/\/sagrinex.com\/wp-content\/uploads\/2026\/03\/multi-outils-a-batterie-husqvarna-325ilkpack.jpg","width":800,"height":800},{"@type":"BreadcrumbList","@id":"https:\/\/sagrinex.com\/produit\/multi-outils-a-batterie-husqvarna-325ilk-pack\/#breadcrumb","itemListElement":[{"@type":"ListItem","position":1,"name":"Accueil","item":"https:\/\/sagrinex.com\/?lang=de"},{"@type":"ListItem","position":2,"name":"Shop","item":"https:\/\/sagrinex.com\/shop\/"},{"@type":"ListItem","position":3,"name":"Husqvarna 325ilk Pack Akku-multiwerkzeug"}]},{"@type":"WebSite","@id":"https:\/\/sagrinex.com\/#website","url":"https:\/\/sagrinex.com\/","name":"Sagrinex \u2013 Spezialist f\u00fcr Anh\u00e4nger, Container & Landtechnik","description":"Anhaenger, Container &amp; Landtechnik \u2014 Online-Verkauf &amp; kostenloses Angebot","publisher":{"@id":"https:\/\/sagrinex.com\/#organization"},"potentialAction":[{"@type":"SearchAction","target":{"@type":"EntryPoint","urlTemplate":"https:\/\/sagrinex.com\/?s={search_term_string}"},"query-input":{"@type":"PropertyValueSpecification","valueRequired":true,"valueName":"search_term_string"}}],"inLanguage":"de"},{"@type":"Organization","@id":"https:\/\/sagrinex.com\/#organization","name":"Sagrinex \u2013 Remorques, Conteneurs & Mat\u00e9riel Agricole","url":"https:\/\/sagrinex.com\/","logo":{"@type":"ImageObject","inLanguage":"de","@id":"https:\/\/sagrinex.com\/#\/schema\/logo\/image\/","url":"https:\/\/sagrinex.com\/wp-content\/uploads\/2026\/03\/7f1ac463-ef5a-425d-bdd6-a5da03a334a9-1024x683.png","contentUrl":"https:\/\/sagrinex.com\/wp-content\/uploads\/2026\/03\/7f1ac463-ef5a-425d-bdd6-a5da03a334a9-1024x683.png","width":1024,"height":683,"caption":"Sagrinex \u2013 Remorques, Conteneurs & Mat\u00e9riel Agricole"},"image":{"@id":"https:\/\/sagrinex.com\/#\/schema\/logo\/image\/"}}]}},"jetpack_sharing_enabled":true,"_links":{"self":[{"href":"https:\/\/sagrinex.com\/de\/wp-json\/wp\/v2\/product\/13328","targetHints":{"allow":["GET"]}}],"collection":[{"href":"https:\/\/sagrinex.com\/de\/wp-json\/wp\/v2\/product"}],"about":[{"href":"https:\/\/sagrinex.com\/de\/wp-json\/wp\/v2\/types\/product"}],"replies":[{"embeddable":true,"href":"https:\/\/sagrinex.com\/de\/wp-json\/wp\/v2\/comments?post=13328"}],"version-history":[{"count":0,"href":"https:\/\/sagrinex.com\/de\/wp-json\/wp\/v2\/product\/13328\/revisions"}],"wp:featuredmedia":[{"embeddable":true,"href":"https:\/\/sagrinex.com\/de\/wp-json\/wp\/v2\/media\/13329"}],"wp:attachment":[{"href":"https:\/\/sagrinex.com\/de\/wp-json\/wp\/v2\/media?parent=13328"}],"wp:term":[{"taxonomy":"product_brand","embeddable":true,"href":"https:\/\/sagrinex.com\/de\/wp-json\/wp\/v2\/product_brand?post=13328"},{"taxonomy":"product_cat","embeddable":true,"href":"https:\/\/sagrinex.com\/de\/wp-json\/wp\/v2\/product_cat?post=13328"},{"taxonomy":"product_tag","embeddable":true,"href":"https:\/\/sagrinex.com\/de\/wp-json\/wp\/v2\/product_tag?post=13328"}],"curies":[{"name":"wp","href":"https:\/\/api.w.org\/{rel}","templated":true}]}}