{"id":13358,"date":"2026-03-10T16:39:24","date_gmt":"2026-03-10T16:39:24","guid":{"rendered":"https:\/\/sagrinex.com\/produit\/professioneller-benzinrasenmaeher-53-cm-hochleistungs-mulching-briggs-stratton-motor-190-cm%c2%b3-2-vorwaertsgaenge-grin\/"},"modified":"2026-04-15T21:12:03","modified_gmt":"2026-04-15T21:12:03","slug":"professioneller-benzinrasenmaeher-53-cm-hochleistungs-mulching-briggs-stratton-motor-190-cm%c2%b3-2-vorwaertsgaenge-grin","status":"publish","type":"product","link":"https:\/\/sagrinex.com\/de\/produit\/professioneller-benzinrasenmaeher-53-cm-hochleistungs-mulching-briggs-stratton-motor-190-cm%c2%b3-2-vorwaertsgaenge-grin\/","title":{"rendered":"Professioneller Benzinrasenm\u00e4her 53 Cm &#8211; Hochleistungs-mulching, Briggs Stratton Motor 190 Cm\u00b3 &#8211; 2 Vorw\u00e4rtsg\u00e4nge &#8211; Grin"},"content":{"rendered":"<p>Der Benzinrasenm\u00e4her GRIN PM53A B&amp;S ist eine f\u00fcr Profis konzipierte Maschine, ideal f\u00fcr die Pflege von G\u00e4rten von 1200 bis 3000 m\u00b2. Er bew\u00e4ltigt Steigungen bis zu 20\u00b0. <\/p>\n<p><strong>Motor und Start<\/strong><\/p>\n<p>Ausgestattet mit einem leistungsstarken Briggs &amp; Stratton Motor Serie 8.50 mit 190 cm\u00b3 profitiert dieser Rasenm\u00e4her vom READY START-System, das den Start vereinfacht.<\/p>\n<p><strong>M\u00e4hsystem<\/strong><\/p>\n<p>Der PM53A B&amp;S nutzt das patentierte GRIN-M\u00e4hsystem &#8222;M\u00e4hen, Nicht Mehr Aufsammeln, Schluss mit Abfall&#8220;, das effizientes M\u00e4hen erm\u00f6glicht und gleichzeitig das Aufsammeln des Schnittguts \u00fcberfl\u00fcssig macht. Seine Schnittbreite von 53 cm ist perfekt geeignet, um gro\u00dfe Fl\u00e4chen abzudecken und gleichzeitig auf kleineren Fl\u00e4chen effizient zu bleiben. Die Schnitth\u00f6he kann \u00fcber einen einzigen Hebel in vier Positionen eingestellt werden und passt sich so den spezifischen Anforderungen jedes Rasens an.  <\/p>\n<p>Selbst in schwierigen Situationen beeindruckt dieser Rasenm\u00e4her durch seine F\u00e4higkeit, Gras zu zerkleinern, auch wenn es hoch und feucht ist. Er ist auch bei weniger h\u00e4ufiger Pflege effizient. <\/p>\n<p><strong>Antrieb und Man\u00f6vrierbarkeit<\/strong><\/p>\n<p>Dieser Rasenm\u00e4her verf\u00fcgt \u00fcber ein professionelles 2-Gang-Antriebsaggregat, das optimale Flexibilit\u00e4t je nach Rasenzustand bietet. Sein dichtes Aluminiumgeh\u00e4use mit \u00d6lbad gew\u00e4hrleistet optimale Langlebigkeit. Die innovative Antriebskonstruktion, verst\u00e4rkt durch die &#8222;GRIN-Pendelachsen&#8220;, sorgt f\u00fcr bessere Sto\u00dffestigkeit und sch\u00fctzt so den Mechanismus langfristig.  <\/p>\n<p><strong>Technische Merkmale<\/strong><\/p>\n<p><strong>R\u00e4der<\/strong>: Die GRIN Grip-R\u00e4der aus Stahl mit doppelten Kugellagern sowie die Hinterr\u00e4der mit MAXI-Durchmesser garantieren hervorragende Traktion und Stabilit\u00e4t auf verschiedenen Bodenarten.<br \/>\n<strong>Geh\u00e4use und Struktur<\/strong>: Aus hei\u00dflackiertem Stahl gefertigt, ist die verst\u00e4rkte Struktur dieses Rasenm\u00e4hers f\u00fcr schwierige Arbeitsbedingungen ausgelegt. Ein Motorschutzkegel ist serienm\u00e4\u00dfig enthalten und bietet zus\u00e4tzlichen Schutz beim Einsatz.<br \/>\n<strong>F\u00fchrungsholm<\/strong>: Der F\u00fchrungsholm ist klappbar und verf\u00fcgt \u00fcber schnelle Antivibrations-Einstellungen, die Bedienkomfort garantieren.<br \/>\n<strong>Gewicht<\/strong>: Mit einem Gewicht von 39 kg ist der PM53A B&amp;S sowohl robust als auch wendig, geeignet f\u00fcr den professionellen Einsatz.<\/p>\n<p><strong>Wartungshinweise<\/strong><\/p>\n<p><strong>Reinigung<\/strong>: Es wird empfohlen, das M\u00e4hgeh\u00e4use nach jedem Einsatz zu reinigen, um optimale M\u00e4hleistung zu erhalten.<br \/>\n<strong>Messersch\u00e4rfung<\/strong>: Um qualitativ hochwertige M\u00e4hergebnisse zu gew\u00e4hrleisten, achten Sie darauf, die Messer regelm\u00e4\u00dfig zu sch\u00e4rfen, besonders beim M\u00e4hen von hohem oder feuchtem Gras.<br \/>\n<strong>Motorkontrolle<\/strong>: F\u00fchren Sie regelm\u00e4\u00dfige \u00dcberpr\u00fcfungen des Motorzustands und der \u00d6lst\u00e4nde durch, um zuverl\u00e4ssigen und dauerhaften Betrieb zu gew\u00e4hrleisten.<\/p>\n","protected":false},"excerpt":{"rendered":"<ul>\n<li>Rasenm\u00e4her <strong>f\u00fcr Landschaftsg\u00e4rtner GRIN <\/strong><strong>PM53A<\/strong>, ausgestattet mit professionellem 4-Takt-Motor <strong>Briggs &amp; Stratton<\/strong> mit <strong>190 cm\u00b3<\/strong>, vorgesehen f\u00fcr die Pflege von G\u00e4rten<strong> bis zu 3000 m\u00b2.<\/strong><\/li>\n<li>Einzigartiges <strong>patentiertes GRIN-M\u00e4hsystem<\/strong>, das <strong>herk\u00f6mmliches Mulchen \u00fcbertrifft<\/strong> und ein identisches Ergebnis wie ein Rasenm\u00e4her mit Fangkorb bietet.<\/li>\n<li>Das<strong> Grin-Geh\u00e4use<\/strong> bietet <strong>50 % zus\u00e4tzliches Volumen<\/strong> im Vergleich zu herk\u00f6mmlichen Mulchm\u00e4hern und garantiert effizientes M\u00e4hen bei hohem und feuchtem Gras ohne Verstopfungsgefahr,<strong> Messerbreite 53 cm<\/strong>.<\/li>\n<li>Serienm\u00e4\u00dfig montierter <strong>Kurbelwellenschutzkegel<\/strong> zum Schutz des Motors vor versehentlichen St\u00f6\u00dfen.<\/li>\n<li><strong>Professionelles Antriebsaggregat<\/strong> mit<strong> 2 G\u00e4ngen<\/strong> in<strong> dichtem Aluminiumgeh\u00e4use<\/strong>, einstellbare Leistung, sto\u00dffest dank<strong> GRIN-Pendelachsen.<\/strong><\/li>\n<li>Zus\u00e4tzlich zur Originalgarantie bietet GRIN kostenlos 1 Jahr Garantieverl\u00e4ngerung bis zu 3 Jahren Abdeckung<\/li>\n<\/ul>\n","protected":false},"featured_media":13359,"comment_status":"open","ping_status":"closed","template":"","meta":[],"product_brand":[],"product_cat":[325,320],"product_tag":[],"class_list":{"0":"post-13358","1":"product","2":"type-product","3":"status-publish","4":"has-post-thumbnail","6":"product_cat-benzin-rasenmaeher","7":"product_cat-unsere-rasenmaher","9":"first","10":"instock","11":"sale","12":"shipping-taxable","13":"purchasable","14":"product-type-simple"},"yoast_head":"<!-- This site is optimized with the Yoast SEO plugin v27.4 - https:\/\/yoast.com\/product\/yoast-seo-wordpress\/ -->\n<title>Professioneller Benzinrasenm\u00e4her 53 cm - Hochleistungs-Mulching, Briggs Stratton Motor 190 cm\u00b3 - 2 Vorw\u00e4rtsg\u00e4nge - GRIN<\/title>\n<meta name=\"description\" content=\"Rasenm\u00e4her f\u00fcr Landschaftsg\u00e4rtner GRIN PM53A, ausgestattet mit professionellem 4-Takt-Motor Briggs &amp; Stratton 190 cm\u00b3, vorgesehen f\u00fcr die Pflege von G\u00e4rten bis zu 3000 m\u00b2. Einzigartiges patentiertes GRIN-M\u00e4hsystem, das herk\u00f6mmliches Mulchen \u00fcbertrifft und ein identisches Ergebnis wie ein Rasenm\u00e4her mit Fangkorb bietet. Das Grin-Geh\u00e4use bietet 50 % zus\u00e4tzliches Volumen im Vergleich zu herk\u00f6mmlichen Mulchm\u00e4hern und garantiert effizientes M\u00e4hen bei hohem und feuchtem Gras ohne Verstopfungsgefahr, Messerbreite 53 cm. Serienm\u00e4\u00dfig montierter Kurbelwellenschutzkegel zum Schutz des Motors vor versehentlichen St\u00f6\u00dfen. Professionelles 2-Gang-Antriebsaggregat in dichtem Aluminiumgeh\u00e4use, einstellbare Leistung, sto\u00dffest dank GRIN-Pendelachsen. Zus\u00e4tzlich zur Originalgarantie bietet GRIN kostenlos 1 Jahr Garantieverl\u00e4ngerung bis zu 3 Jahren Abdeckung\" \/>\n<meta name=\"robots\" content=\"index, follow, max-snippet:-1, max-image-preview:large, max-video-preview:-1\" \/>\n<link rel=\"canonical\" href=\"https:\/\/sagrinex.com\/produit\/tondeuse-thermique-professionnelle-53cm-mulching-haute-performance-moteur-briggs-stratton-190cm3-2-vitesses-avant-grin\/\" \/>\n<meta property=\"og:locale\" content=\"de_DE\" \/>\n<meta property=\"og:type\" content=\"article\" \/>\n<meta property=\"og:title\" content=\"Professioneller Benzinrasenm\u00e4her 53 cm - Hochleistungs-Mulching, Briggs Stratton Motor 190 cm\u00b3 - 2 Vorw\u00e4rtsg\u00e4nge - GRIN\" \/>\n<meta property=\"og:description\" content=\"Rasenm\u00e4her f\u00fcr Landschaftsg\u00e4rtner GRIN PM53A, ausgestattet mit professionellem 4-Takt-Motor Briggs &amp; Stratton 190 cm\u00b3, vorgesehen f\u00fcr die Pflege von G\u00e4rten bis zu 3000 m\u00b2. Einzigartiges patentiertes GRIN-M\u00e4hsystem, das herk\u00f6mmliches Mulchen \u00fcbertrifft und ein identisches Ergebnis wie ein Rasenm\u00e4her mit Fangkorb bietet. Das Grin-Geh\u00e4use bietet 50 % zus\u00e4tzliches Volumen im Vergleich zu herk\u00f6mmlichen Mulchm\u00e4hern und garantiert effizientes M\u00e4hen bei hohem und feuchtem Gras ohne Verstopfungsgefahr, Messerbreite 53 cm. Serienm\u00e4\u00dfig montierter Kurbelwellenschutzkegel zum Schutz des Motors vor versehentlichen St\u00f6\u00dfen. Professionelles 2-Gang-Antriebsaggregat in dichtem Aluminiumgeh\u00e4use, einstellbare Leistung, sto\u00dffest dank GRIN-Pendelachsen. Zus\u00e4tzlich zur Originalgarantie bietet GRIN kostenlos 1 Jahr Garantieverl\u00e4ngerung bis zu 3 Jahren Abdeckung\" \/>\n<meta property=\"og:url\" content=\"https:\/\/sagrinex.com\/produit\/tondeuse-thermique-professionnelle-53cm-mulching-haute-performance-moteur-briggs-stratton-190cm3-2-vitesses-avant-grin\/\" \/>\n<meta property=\"og:site_name\" content=\"Sagrinex \u2013 Anhaenger, Container &amp; Landtechnik \ud83c\udf3e\ud83d\ude9c\" \/>\n<meta property=\"article:modified_time\" content=\"2026-04-15T21:12:03+00:00\" \/>\n<meta property=\"og:image\" content=\"https:\/\/sagrinex.com\/wp-content\/uploads\/2026\/03\/tondeuse-thermique-professionnelle-53cm-mulching-haute-performance-moteur-briggs-stratton-190cm3-2-vitesses-avant-grin.jpg\" \/>\n\t<meta property=\"og:image:width\" content=\"1200\" \/>\n\t<meta property=\"og:image:height\" content=\"1372\" \/>\n\t<meta property=\"og:image:type\" content=\"image\/jpeg\" \/>\n<meta name=\"twitter:card\" content=\"summary_large_image\" \/>\n<meta name=\"twitter:label1\" content=\"Gesch\u00e4tzte Lesezeit\" \/>\n\t<meta name=\"twitter:data1\" content=\"2\u00a0Minuten\" \/>\n<script type=\"application\/ld+json\" class=\"yoast-schema-graph\">{\"@context\":\"https:\\\/\\\/schema.org\",\"@graph\":[{\"@type\":\"WebPage\",\"@id\":\"https:\\\/\\\/sagrinex.com\\\/produit\\\/tondeuse-thermique-professionnelle-53cm-mulching-haute-performance-moteur-briggs-stratton-190cm3-2-vitesses-avant-grin\\\/\",\"url\":\"https:\\\/\\\/sagrinex.com\\\/produit\\\/tondeuse-thermique-professionnelle-53cm-mulching-haute-performance-moteur-briggs-stratton-190cm3-2-vitesses-avant-grin\\\/\",\"name\":\"Professioneller Benzinrasenm\u00e4her 53 cm - Hochleistungs-Mulching, Briggs Stratton Motor 190 cm\u00b3 - 2 Vorw\u00e4rtsg\u00e4nge - GRIN\",\"isPartOf\":{\"@id\":\"https:\\\/\\\/sagrinex.com\\\/#website\"},\"primaryImageOfPage\":{\"@id\":\"https:\\\/\\\/sagrinex.com\\\/produit\\\/tondeuse-thermique-professionnelle-53cm-mulching-haute-performance-moteur-briggs-stratton-190cm3-2-vitesses-avant-grin\\\/#primaryimage\"},\"image\":{\"@id\":\"https:\\\/\\\/sagrinex.com\\\/produit\\\/tondeuse-thermique-professionnelle-53cm-mulching-haute-performance-moteur-briggs-stratton-190cm3-2-vitesses-avant-grin\\\/#primaryimage\"},\"thumbnailUrl\":\"https:\\\/\\\/sagrinex.com\\\/wp-content\\\/uploads\\\/2026\\\/03\\\/tondeuse-thermique-professionnelle-53cm-mulching-haute-performance-moteur-briggs-stratton-190cm3-2-vitesses-avant-grin.jpg\",\"datePublished\":\"2026-03-10T16:39:24+00:00\",\"dateModified\":\"2026-04-15T21:12:03+00:00\",\"description\":\"Rasenm\u00e4her f\u00fcr Landschaftsg\u00e4rtner GRIN PM53A, ausgestattet mit professionellem 4-Takt-Motor Briggs & Stratton 190 cm\u00b3, vorgesehen f\u00fcr die Pflege von G\u00e4rten bis zu 3000 m\u00b2. Einzigartiges patentiertes GRIN-M\u00e4hsystem, das herk\u00f6mmliches Mulchen \u00fcbertrifft und ein identisches Ergebnis wie ein Rasenm\u00e4her mit Fangkorb bietet. Das Grin-Geh\u00e4use bietet 50 % zus\u00e4tzliches Volumen im Vergleich zu herk\u00f6mmlichen Mulchm\u00e4hern und garantiert effizientes M\u00e4hen bei hohem und feuchtem Gras ohne Verstopfungsgefahr, Messerbreite 53 cm. Serienm\u00e4\u00dfig montierter Kurbelwellenschutzkegel zum Schutz des Motors vor versehentlichen St\u00f6\u00dfen. Professionelles 2-Gang-Antriebsaggregat in dichtem Aluminiumgeh\u00e4use, einstellbare Leistung, sto\u00dffest dank GRIN-Pendelachsen. Zus\u00e4tzlich zur Originalgarantie bietet GRIN kostenlos 1 Jahr Garantieverl\u00e4ngerung bis zu 3 Jahren Abdeckung\",\"breadcrumb\":{\"@id\":\"https:\\\/\\\/sagrinex.com\\\/produit\\\/tondeuse-thermique-professionnelle-53cm-mulching-haute-performance-moteur-briggs-stratton-190cm3-2-vitesses-avant-grin\\\/#breadcrumb\"},\"inLanguage\":\"de\",\"potentialAction\":[{\"@type\":\"ReadAction\",\"target\":[\"https:\\\/\\\/sagrinex.com\\\/produit\\\/tondeuse-thermique-professionnelle-53cm-mulching-haute-performance-moteur-briggs-stratton-190cm3-2-vitesses-avant-grin\\\/\"]}]},{\"@type\":\"ImageObject\",\"inLanguage\":\"de\",\"@id\":\"https:\\\/\\\/sagrinex.com\\\/produit\\\/tondeuse-thermique-professionnelle-53cm-mulching-haute-performance-moteur-briggs-stratton-190cm3-2-vitesses-avant-grin\\\/#primaryimage\",\"url\":\"https:\\\/\\\/sagrinex.com\\\/wp-content\\\/uploads\\\/2026\\\/03\\\/tondeuse-thermique-professionnelle-53cm-mulching-haute-performance-moteur-briggs-stratton-190cm3-2-vitesses-avant-grin.jpg\",\"contentUrl\":\"https:\\\/\\\/sagrinex.com\\\/wp-content\\\/uploads\\\/2026\\\/03\\\/tondeuse-thermique-professionnelle-53cm-mulching-haute-performance-moteur-briggs-stratton-190cm3-2-vitesses-avant-grin.jpg\",\"width\":1200,\"height\":1372},{\"@type\":\"BreadcrumbList\",\"@id\":\"https:\\\/\\\/sagrinex.com\\\/produit\\\/tondeuse-thermique-professionnelle-53cm-mulching-haute-performance-moteur-briggs-stratton-190cm3-2-vitesses-avant-grin\\\/#breadcrumb\",\"itemListElement\":[{\"@type\":\"ListItem\",\"position\":1,\"name\":\"Accueil\",\"item\":\"https:\\\/\\\/sagrinex.com\\\/?lang=de\"},{\"@type\":\"ListItem\",\"position\":2,\"name\":\"Shop\",\"item\":\"https:\\\/\\\/sagrinex.com\\\/shop\\\/\"},{\"@type\":\"ListItem\",\"position\":3,\"name\":\"Professioneller Benzinrasenm\u00e4her 53 Cm &#8211; Hochleistungs-mulching, Briggs Stratton Motor 190 Cm\u00b3 &#8211; 2 Vorw\u00e4rtsg\u00e4nge &#8211; Grin\"}]},{\"@type\":\"WebSite\",\"@id\":\"https:\\\/\\\/sagrinex.com\\\/#website\",\"url\":\"https:\\\/\\\/sagrinex.com\\\/\",\"name\":\"Sagrinex \u2013 Spezialist f\u00fcr Anh\u00e4nger, Container & Landtechnik\",\"description\":\"Anhaenger, Container &amp; Landtechnik \u2014 Online-Verkauf &amp; kostenloses Angebot\",\"publisher\":{\"@id\":\"https:\\\/\\\/sagrinex.com\\\/#organization\"},\"potentialAction\":[{\"@type\":\"SearchAction\",\"target\":{\"@type\":\"EntryPoint\",\"urlTemplate\":\"https:\\\/\\\/sagrinex.com\\\/?s={search_term_string}\"},\"query-input\":{\"@type\":\"PropertyValueSpecification\",\"valueRequired\":true,\"valueName\":\"search_term_string\"}}],\"inLanguage\":\"de\"},{\"@type\":\"Organization\",\"@id\":\"https:\\\/\\\/sagrinex.com\\\/#organization\",\"name\":\"Sagrinex \u2013 Remorques, Conteneurs & Mat\u00e9riel Agricole\",\"url\":\"https:\\\/\\\/sagrinex.com\\\/\",\"logo\":{\"@type\":\"ImageObject\",\"inLanguage\":\"de\",\"@id\":\"https:\\\/\\\/sagrinex.com\\\/#\\\/schema\\\/logo\\\/image\\\/\",\"url\":\"https:\\\/\\\/sagrinex.com\\\/wp-content\\\/uploads\\\/2026\\\/03\\\/7f1ac463-ef5a-425d-bdd6-a5da03a334a9-1024x683.png\",\"contentUrl\":\"https:\\\/\\\/sagrinex.com\\\/wp-content\\\/uploads\\\/2026\\\/03\\\/7f1ac463-ef5a-425d-bdd6-a5da03a334a9-1024x683.png\",\"width\":1024,\"height\":683,\"caption\":\"Sagrinex \u2013 Remorques, Conteneurs & Mat\u00e9riel Agricole\"},\"image\":{\"@id\":\"https:\\\/\\\/sagrinex.com\\\/#\\\/schema\\\/logo\\\/image\\\/\"}}]}<\/script>\n<!-- \/ Yoast SEO plugin. -->","yoast_head_json":{"title":"Professioneller Benzinrasenm\u00e4her 53 cm - Hochleistungs-Mulching, Briggs Stratton Motor 190 cm\u00b3 - 2 Vorw\u00e4rtsg\u00e4nge - GRIN","description":"Rasenm\u00e4her f\u00fcr Landschaftsg\u00e4rtner GRIN PM53A, ausgestattet mit professionellem 4-Takt-Motor Briggs & Stratton 190 cm\u00b3, vorgesehen f\u00fcr die Pflege von G\u00e4rten bis zu 3000 m\u00b2. Einzigartiges patentiertes GRIN-M\u00e4hsystem, das herk\u00f6mmliches Mulchen \u00fcbertrifft und ein identisches Ergebnis wie ein Rasenm\u00e4her mit Fangkorb bietet. Das Grin-Geh\u00e4use bietet 50 % zus\u00e4tzliches Volumen im Vergleich zu herk\u00f6mmlichen Mulchm\u00e4hern und garantiert effizientes M\u00e4hen bei hohem und feuchtem Gras ohne Verstopfungsgefahr, Messerbreite 53 cm. Serienm\u00e4\u00dfig montierter Kurbelwellenschutzkegel zum Schutz des Motors vor versehentlichen St\u00f6\u00dfen. Professionelles 2-Gang-Antriebsaggregat in dichtem Aluminiumgeh\u00e4use, einstellbare Leistung, sto\u00dffest dank GRIN-Pendelachsen. Zus\u00e4tzlich zur Originalgarantie bietet GRIN kostenlos 1 Jahr Garantieverl\u00e4ngerung bis zu 3 Jahren Abdeckung","robots":{"index":"index","follow":"follow","max-snippet":"max-snippet:-1","max-image-preview":"max-image-preview:large","max-video-preview":"max-video-preview:-1"},"canonical":"https:\/\/sagrinex.com\/produit\/tondeuse-thermique-professionnelle-53cm-mulching-haute-performance-moteur-briggs-stratton-190cm3-2-vitesses-avant-grin\/","og_locale":"de_DE","og_type":"article","og_title":"Professioneller Benzinrasenm\u00e4her 53 cm - Hochleistungs-Mulching, Briggs Stratton Motor 190 cm\u00b3 - 2 Vorw\u00e4rtsg\u00e4nge - GRIN","og_description":"Rasenm\u00e4her f\u00fcr Landschaftsg\u00e4rtner GRIN PM53A, ausgestattet mit professionellem 4-Takt-Motor Briggs & Stratton 190 cm\u00b3, vorgesehen f\u00fcr die Pflege von G\u00e4rten bis zu 3000 m\u00b2. Einzigartiges patentiertes GRIN-M\u00e4hsystem, das herk\u00f6mmliches Mulchen \u00fcbertrifft und ein identisches Ergebnis wie ein Rasenm\u00e4her mit Fangkorb bietet. Das Grin-Geh\u00e4use bietet 50 % zus\u00e4tzliches Volumen im Vergleich zu herk\u00f6mmlichen Mulchm\u00e4hern und garantiert effizientes M\u00e4hen bei hohem und feuchtem Gras ohne Verstopfungsgefahr, Messerbreite 53 cm. Serienm\u00e4\u00dfig montierter Kurbelwellenschutzkegel zum Schutz des Motors vor versehentlichen St\u00f6\u00dfen. Professionelles 2-Gang-Antriebsaggregat in dichtem Aluminiumgeh\u00e4use, einstellbare Leistung, sto\u00dffest dank GRIN-Pendelachsen. Zus\u00e4tzlich zur Originalgarantie bietet GRIN kostenlos 1 Jahr Garantieverl\u00e4ngerung bis zu 3 Jahren Abdeckung","og_url":"https:\/\/sagrinex.com\/produit\/tondeuse-thermique-professionnelle-53cm-mulching-haute-performance-moteur-briggs-stratton-190cm3-2-vitesses-avant-grin\/","og_site_name":"Sagrinex \u2013 Anhaenger, Container &amp; Landtechnik \ud83c\udf3e\ud83d\ude9c","article_modified_time":"2026-04-15T21:12:03+00:00","og_image":[{"width":1200,"height":1372,"url":"https:\/\/sagrinex.com\/wp-content\/uploads\/2026\/03\/tondeuse-thermique-professionnelle-53cm-mulching-haute-performance-moteur-briggs-stratton-190cm3-2-vitesses-avant-grin.jpg","type":"image\/jpeg"}],"twitter_card":"summary_large_image","twitter_misc":{"Gesch\u00e4tzte Lesezeit":"2\u00a0Minuten"},"schema":{"@context":"https:\/\/schema.org","@graph":[{"@type":"WebPage","@id":"https:\/\/sagrinex.com\/produit\/tondeuse-thermique-professionnelle-53cm-mulching-haute-performance-moteur-briggs-stratton-190cm3-2-vitesses-avant-grin\/","url":"https:\/\/sagrinex.com\/produit\/tondeuse-thermique-professionnelle-53cm-mulching-haute-performance-moteur-briggs-stratton-190cm3-2-vitesses-avant-grin\/","name":"Professioneller Benzinrasenm\u00e4her 53 cm - Hochleistungs-Mulching, Briggs Stratton Motor 190 cm\u00b3 - 2 Vorw\u00e4rtsg\u00e4nge - GRIN","isPartOf":{"@id":"https:\/\/sagrinex.com\/#website"},"primaryImageOfPage":{"@id":"https:\/\/sagrinex.com\/produit\/tondeuse-thermique-professionnelle-53cm-mulching-haute-performance-moteur-briggs-stratton-190cm3-2-vitesses-avant-grin\/#primaryimage"},"image":{"@id":"https:\/\/sagrinex.com\/produit\/tondeuse-thermique-professionnelle-53cm-mulching-haute-performance-moteur-briggs-stratton-190cm3-2-vitesses-avant-grin\/#primaryimage"},"thumbnailUrl":"https:\/\/sagrinex.com\/wp-content\/uploads\/2026\/03\/tondeuse-thermique-professionnelle-53cm-mulching-haute-performance-moteur-briggs-stratton-190cm3-2-vitesses-avant-grin.jpg","datePublished":"2026-03-10T16:39:24+00:00","dateModified":"2026-04-15T21:12:03+00:00","description":"Rasenm\u00e4her f\u00fcr Landschaftsg\u00e4rtner GRIN PM53A, ausgestattet mit professionellem 4-Takt-Motor Briggs & Stratton 190 cm\u00b3, vorgesehen f\u00fcr die Pflege von G\u00e4rten bis zu 3000 m\u00b2. Einzigartiges patentiertes GRIN-M\u00e4hsystem, das herk\u00f6mmliches Mulchen \u00fcbertrifft und ein identisches Ergebnis wie ein Rasenm\u00e4her mit Fangkorb bietet. Das Grin-Geh\u00e4use bietet 50 % zus\u00e4tzliches Volumen im Vergleich zu herk\u00f6mmlichen Mulchm\u00e4hern und garantiert effizientes M\u00e4hen bei hohem und feuchtem Gras ohne Verstopfungsgefahr, Messerbreite 53 cm. Serienm\u00e4\u00dfig montierter Kurbelwellenschutzkegel zum Schutz des Motors vor versehentlichen St\u00f6\u00dfen. Professionelles 2-Gang-Antriebsaggregat in dichtem Aluminiumgeh\u00e4use, einstellbare Leistung, sto\u00dffest dank GRIN-Pendelachsen. Zus\u00e4tzlich zur Originalgarantie bietet GRIN kostenlos 1 Jahr Garantieverl\u00e4ngerung bis zu 3 Jahren Abdeckung","breadcrumb":{"@id":"https:\/\/sagrinex.com\/produit\/tondeuse-thermique-professionnelle-53cm-mulching-haute-performance-moteur-briggs-stratton-190cm3-2-vitesses-avant-grin\/#breadcrumb"},"inLanguage":"de","potentialAction":[{"@type":"ReadAction","target":["https:\/\/sagrinex.com\/produit\/tondeuse-thermique-professionnelle-53cm-mulching-haute-performance-moteur-briggs-stratton-190cm3-2-vitesses-avant-grin\/"]}]},{"@type":"ImageObject","inLanguage":"de","@id":"https:\/\/sagrinex.com\/produit\/tondeuse-thermique-professionnelle-53cm-mulching-haute-performance-moteur-briggs-stratton-190cm3-2-vitesses-avant-grin\/#primaryimage","url":"https:\/\/sagrinex.com\/wp-content\/uploads\/2026\/03\/tondeuse-thermique-professionnelle-53cm-mulching-haute-performance-moteur-briggs-stratton-190cm3-2-vitesses-avant-grin.jpg","contentUrl":"https:\/\/sagrinex.com\/wp-content\/uploads\/2026\/03\/tondeuse-thermique-professionnelle-53cm-mulching-haute-performance-moteur-briggs-stratton-190cm3-2-vitesses-avant-grin.jpg","width":1200,"height":1372},{"@type":"BreadcrumbList","@id":"https:\/\/sagrinex.com\/produit\/tondeuse-thermique-professionnelle-53cm-mulching-haute-performance-moteur-briggs-stratton-190cm3-2-vitesses-avant-grin\/#breadcrumb","itemListElement":[{"@type":"ListItem","position":1,"name":"Accueil","item":"https:\/\/sagrinex.com\/?lang=de"},{"@type":"ListItem","position":2,"name":"Shop","item":"https:\/\/sagrinex.com\/shop\/"},{"@type":"ListItem","position":3,"name":"Professioneller Benzinrasenm\u00e4her 53 Cm &#8211; Hochleistungs-mulching, Briggs Stratton Motor 190 Cm\u00b3 &#8211; 2 Vorw\u00e4rtsg\u00e4nge &#8211; Grin"}]},{"@type":"WebSite","@id":"https:\/\/sagrinex.com\/#website","url":"https:\/\/sagrinex.com\/","name":"Sagrinex \u2013 Spezialist f\u00fcr Anh\u00e4nger, Container & Landtechnik","description":"Anhaenger, Container &amp; Landtechnik \u2014 Online-Verkauf &amp; kostenloses Angebot","publisher":{"@id":"https:\/\/sagrinex.com\/#organization"},"potentialAction":[{"@type":"SearchAction","target":{"@type":"EntryPoint","urlTemplate":"https:\/\/sagrinex.com\/?s={search_term_string}"},"query-input":{"@type":"PropertyValueSpecification","valueRequired":true,"valueName":"search_term_string"}}],"inLanguage":"de"},{"@type":"Organization","@id":"https:\/\/sagrinex.com\/#organization","name":"Sagrinex \u2013 Remorques, Conteneurs & Mat\u00e9riel Agricole","url":"https:\/\/sagrinex.com\/","logo":{"@type":"ImageObject","inLanguage":"de","@id":"https:\/\/sagrinex.com\/#\/schema\/logo\/image\/","url":"https:\/\/sagrinex.com\/wp-content\/uploads\/2026\/03\/7f1ac463-ef5a-425d-bdd6-a5da03a334a9-1024x683.png","contentUrl":"https:\/\/sagrinex.com\/wp-content\/uploads\/2026\/03\/7f1ac463-ef5a-425d-bdd6-a5da03a334a9-1024x683.png","width":1024,"height":683,"caption":"Sagrinex \u2013 Remorques, Conteneurs & Mat\u00e9riel Agricole"},"image":{"@id":"https:\/\/sagrinex.com\/#\/schema\/logo\/image\/"}}]}},"jetpack_sharing_enabled":true,"_links":{"self":[{"href":"https:\/\/sagrinex.com\/de\/wp-json\/wp\/v2\/product\/13358","targetHints":{"allow":["GET"]}}],"collection":[{"href":"https:\/\/sagrinex.com\/de\/wp-json\/wp\/v2\/product"}],"about":[{"href":"https:\/\/sagrinex.com\/de\/wp-json\/wp\/v2\/types\/product"}],"replies":[{"embeddable":true,"href":"https:\/\/sagrinex.com\/de\/wp-json\/wp\/v2\/comments?post=13358"}],"version-history":[{"count":0,"href":"https:\/\/sagrinex.com\/de\/wp-json\/wp\/v2\/product\/13358\/revisions"}],"wp:featuredmedia":[{"embeddable":true,"href":"https:\/\/sagrinex.com\/de\/wp-json\/wp\/v2\/media\/13359"}],"wp:attachment":[{"href":"https:\/\/sagrinex.com\/de\/wp-json\/wp\/v2\/media?parent=13358"}],"wp:term":[{"taxonomy":"product_brand","embeddable":true,"href":"https:\/\/sagrinex.com\/de\/wp-json\/wp\/v2\/product_brand?post=13358"},{"taxonomy":"product_cat","embeddable":true,"href":"https:\/\/sagrinex.com\/de\/wp-json\/wp\/v2\/product_cat?post=13358"},{"taxonomy":"product_tag","embeddable":true,"href":"https:\/\/sagrinex.com\/de\/wp-json\/wp\/v2\/product_tag?post=13358"}],"curies":[{"name":"wp","href":"https:\/\/api.w.org\/{rel}","templated":true}]}}