{"id":13388,"date":"2026-03-10T23:18:49","date_gmt":"2026-03-10T23:18:49","guid":{"rendered":"https:\/\/sagrinex.com\/produit\/boxer-hsc-160-heckenschneider\/"},"modified":"2026-04-15T21:12:05","modified_gmt":"2026-04-15T21:12:05","slug":"boxer-hsc-160-heckenschneider","status":"publish","type":"product","link":"https:\/\/sagrinex.com\/de\/produit\/boxer-hsc-160-heckenschneider\/","title":{"rendered":"Boxer Hsc 160 &#8211; Heckenschneider"},"content":{"rendered":"<p>Dieser hydraulisch autarke Heckenschneider HSC 160 wird Ihnen durch seine einfache Bauweise von unsch\u00e4tzbarem Nutzen sein. Er ersetzt Ihre benzinbetriebene Heckenschere \u2013 Schluss mit Anstrengung und k\u00f6rperlichen Schmerzen. Ab jetzt sitzen Sie bequem auf Ihrem Traktorsitz und steuern die hydraulischen Funktionen der Maschine mit nur einer Hand. Er kann sowohl im Heck- als auch im Frontanbau eines Traktors montiert werden.<\/p>\n<p>Schlie\u00dfen Sie einfach Ihre Hydraulikpumpe wie eine Gelenkwelle an die Zapfwelle Ihres Traktors an und sichern Sie diese mit den beiden Ketten. Anschlie\u00dfend koppeln Sie den Heckenschneider an die Dreipunktaufh\u00e4ngung Ihres Traktors an \u2013 nun muss er nur noch stabilisiert und ausgerichtet werden.<\/p>\n<p>Nach diesen Schritten ist Ihr Heckenschneider HSC 160 einsatzbereit; es muss nur noch die Zapfwelle mit 540 U\/min zugeschaltet werden.<br \/>\nDer 160 cm lange Messerbalken mit seinem in beide Richtungen drehbaren Hydraulikmotor ist unverzichtbar, falls Sie einmal stecken bleiben: Ein kurzes Umschalten in die Gegenrichtung, und es geht weiter.<\/p>\n<p>Alle Gelenke sind mit Bolzen inklusive Schmiernippeln ausgestattet, um mechanischen Verschlei\u00df zu vermeiden. Er verf\u00fcgt \u00fcber zwei St\u00fctzf\u00fc\u00dfe f\u00fcr die Lagerung sowie zwei Aufnahmen f\u00fcr Palettengabeln zur Aufbewahrung im Regal. Der Hydraulik\u00f6ltank mit 19 l Fassungsverm\u00f6gen und integriertem Schauglas enth\u00e4lt eine permanente Filtereinheit mit reinigbarem Sieb.<\/p>\n<ul>\n<li>Max. Schnittdurchmesser: 2 cm<\/li>\n<li>Max. vertikale Schnitth\u00f6he: 5,80 m<\/li>\n<li>Max. Schnitth\u00f6he (Messerbalken waagerecht): 4 m<\/li>\n<li>Max. Arbeitsbreite bei waagerechtem Messerbalken (max. Auslage) ab Maschinenmitte: 3,80 m<\/li>\n<li>Messerbalkenmotor mit zwei Drehrichtungen<\/li>\n<li>Steuerung \u00fcber Bowdenz\u00fcge<\/li>\n<li>2 Pumpen: 1 f\u00fcr den Rotationsmotor des Schneidwerks und 1 f\u00fcr den Betrieb der Zylinder<\/li>\n<li>Autarke Pumpe und \u00d6ltank<\/li>\n<li>CE-Sicherheitsvorrichtungen<\/li>\n<\/ul>\n<p><em>Lieferung erfolgt aus logistischen Gr\u00fcnden teilmontiert <\/em><\/p>\n","protected":false},"excerpt":{"rendered":"<p>Der Heckenschneider BOXER HSC 160 ist f\u00fcr den Anbau an die Dreipunktaufh\u00e4ngung eines Traktors mit einer Mindestleistung von 20 PS ausgelegt.<\/p>\n","protected":false},"featured_media":13389,"comment_status":"open","ping_status":"closed","template":"","meta":[],"product_brand":[],"product_cat":[328,322],"product_tag":[],"class_list":{"0":"post-13388","1":"product","2":"type-product","3":"status-publish","4":"has-post-thumbnail","6":"product_cat-heckenscheren","7":"product_cat-landwirtschaftliche-geraete-und-zubehoer","9":"first","10":"instock","11":"shipping-taxable","12":"purchasable","13":"product-type-simple"},"yoast_head":"<!-- This site is optimized with the Yoast SEO plugin v27.4 - https:\/\/yoast.com\/product\/yoast-seo-wordpress\/ -->\n<title>Boxer Hsc 160 - Heckenschneider - Sagrinex \u2013 Anhaenger, Container &amp; Landtechnik \ud83c\udf3e\ud83d\ude9c<\/title>\n<meta name=\"robots\" content=\"index, follow, max-snippet:-1, max-image-preview:large, max-video-preview:-1\" \/>\n<link rel=\"canonical\" href=\"https:\/\/sagrinex.com\/produit\/boxer-hsc-160-taille-haie\/\" \/>\n<meta property=\"og:locale\" content=\"de_DE\" \/>\n<meta property=\"og:type\" content=\"article\" \/>\n<meta property=\"og:title\" content=\"Boxer Hsc 160 - Heckenschneider - Sagrinex \u2013 Anhaenger, Container &amp; Landtechnik \ud83c\udf3e\ud83d\ude9c\" \/>\n<meta property=\"og:description\" content=\"Der Heckenschneider BOXER HSC 160 ist f\u00fcr den Anbau an die Dreipunktaufh\u00e4ngung eines Traktors mit einer Mindestleistung von 20 PS ausgelegt.\" \/>\n<meta property=\"og:url\" content=\"https:\/\/sagrinex.com\/produit\/boxer-hsc-160-taille-haie\/\" \/>\n<meta property=\"og:site_name\" content=\"Sagrinex \u2013 Anhaenger, Container &amp; Landtechnik \ud83c\udf3e\ud83d\ude9c\" \/>\n<meta property=\"article:modified_time\" content=\"2026-04-15T21:12:05+00:00\" \/>\n<meta property=\"og:image\" content=\"https:\/\/sagrinex.com\/wp-content\/uploads\/2026\/03\/taille-haie-boxer-hsc-160.jpg\" \/>\n\t<meta property=\"og:image:width\" content=\"1100\" \/>\n\t<meta property=\"og:image:height\" content=\"1422\" \/>\n\t<meta property=\"og:image:type\" content=\"image\/jpeg\" \/>\n<meta name=\"twitter:card\" content=\"summary_large_image\" \/>\n<meta name=\"twitter:label1\" content=\"Gesch\u00e4tzte Lesezeit\" \/>\n\t<meta name=\"twitter:data1\" content=\"2\u00a0Minuten\" \/>\n<script type=\"application\/ld+json\" class=\"yoast-schema-graph\">{\"@context\":\"https:\\\/\\\/schema.org\",\"@graph\":[{\"@type\":\"WebPage\",\"@id\":\"https:\\\/\\\/sagrinex.com\\\/produit\\\/boxer-hsc-160-taille-haie\\\/\",\"url\":\"https:\\\/\\\/sagrinex.com\\\/produit\\\/boxer-hsc-160-taille-haie\\\/\",\"name\":\"Boxer Hsc 160 - Heckenschneider - Sagrinex \u2013 Anhaenger, Container &amp; Landtechnik \ud83c\udf3e\ud83d\ude9c\",\"isPartOf\":{\"@id\":\"https:\\\/\\\/sagrinex.com\\\/#website\"},\"primaryImageOfPage\":{\"@id\":\"https:\\\/\\\/sagrinex.com\\\/produit\\\/boxer-hsc-160-taille-haie\\\/#primaryimage\"},\"image\":{\"@id\":\"https:\\\/\\\/sagrinex.com\\\/produit\\\/boxer-hsc-160-taille-haie\\\/#primaryimage\"},\"thumbnailUrl\":\"https:\\\/\\\/sagrinex.com\\\/wp-content\\\/uploads\\\/2026\\\/03\\\/taille-haie-boxer-hsc-160.jpg\",\"datePublished\":\"2026-03-10T23:18:49+00:00\",\"dateModified\":\"2026-04-15T21:12:05+00:00\",\"breadcrumb\":{\"@id\":\"https:\\\/\\\/sagrinex.com\\\/produit\\\/boxer-hsc-160-taille-haie\\\/#breadcrumb\"},\"inLanguage\":\"de\",\"potentialAction\":[{\"@type\":\"ReadAction\",\"target\":[\"https:\\\/\\\/sagrinex.com\\\/produit\\\/boxer-hsc-160-taille-haie\\\/\"]}]},{\"@type\":\"ImageObject\",\"inLanguage\":\"de\",\"@id\":\"https:\\\/\\\/sagrinex.com\\\/produit\\\/boxer-hsc-160-taille-haie\\\/#primaryimage\",\"url\":\"https:\\\/\\\/sagrinex.com\\\/wp-content\\\/uploads\\\/2026\\\/03\\\/taille-haie-boxer-hsc-160.jpg\",\"contentUrl\":\"https:\\\/\\\/sagrinex.com\\\/wp-content\\\/uploads\\\/2026\\\/03\\\/taille-haie-boxer-hsc-160.jpg\",\"width\":1100,\"height\":1422},{\"@type\":\"BreadcrumbList\",\"@id\":\"https:\\\/\\\/sagrinex.com\\\/produit\\\/boxer-hsc-160-taille-haie\\\/#breadcrumb\",\"itemListElement\":[{\"@type\":\"ListItem\",\"position\":1,\"name\":\"Accueil\",\"item\":\"https:\\\/\\\/sagrinex.com\\\/?lang=de\"},{\"@type\":\"ListItem\",\"position\":2,\"name\":\"Shop\",\"item\":\"https:\\\/\\\/sagrinex.com\\\/shop\\\/\"},{\"@type\":\"ListItem\",\"position\":3,\"name\":\"Boxer Hsc 160 &#8211; Heckenschneider\"}]},{\"@type\":\"WebSite\",\"@id\":\"https:\\\/\\\/sagrinex.com\\\/#website\",\"url\":\"https:\\\/\\\/sagrinex.com\\\/\",\"name\":\"Sagrinex \u2013 Spezialist f\u00fcr Anh\u00e4nger, Container & Landtechnik\",\"description\":\"Anhaenger, Container &amp; Landtechnik \u2014 Online-Verkauf &amp; kostenloses Angebot\",\"publisher\":{\"@id\":\"https:\\\/\\\/sagrinex.com\\\/#organization\"},\"potentialAction\":[{\"@type\":\"SearchAction\",\"target\":{\"@type\":\"EntryPoint\",\"urlTemplate\":\"https:\\\/\\\/sagrinex.com\\\/?s={search_term_string}\"},\"query-input\":{\"@type\":\"PropertyValueSpecification\",\"valueRequired\":true,\"valueName\":\"search_term_string\"}}],\"inLanguage\":\"de\"},{\"@type\":\"Organization\",\"@id\":\"https:\\\/\\\/sagrinex.com\\\/#organization\",\"name\":\"Sagrinex \u2013 Remorques, Conteneurs & Mat\u00e9riel Agricole\",\"url\":\"https:\\\/\\\/sagrinex.com\\\/\",\"logo\":{\"@type\":\"ImageObject\",\"inLanguage\":\"de\",\"@id\":\"https:\\\/\\\/sagrinex.com\\\/#\\\/schema\\\/logo\\\/image\\\/\",\"url\":\"https:\\\/\\\/sagrinex.com\\\/wp-content\\\/uploads\\\/2026\\\/03\\\/7f1ac463-ef5a-425d-bdd6-a5da03a334a9-1024x683.png\",\"contentUrl\":\"https:\\\/\\\/sagrinex.com\\\/wp-content\\\/uploads\\\/2026\\\/03\\\/7f1ac463-ef5a-425d-bdd6-a5da03a334a9-1024x683.png\",\"width\":1024,\"height\":683,\"caption\":\"Sagrinex \u2013 Remorques, Conteneurs & Mat\u00e9riel Agricole\"},\"image\":{\"@id\":\"https:\\\/\\\/sagrinex.com\\\/#\\\/schema\\\/logo\\\/image\\\/\"}}]}<\/script>\n<!-- \/ Yoast SEO plugin. -->","yoast_head_json":{"title":"Boxer Hsc 160 - Heckenschneider - Sagrinex \u2013 Anhaenger, Container &amp; Landtechnik \ud83c\udf3e\ud83d\ude9c","robots":{"index":"index","follow":"follow","max-snippet":"max-snippet:-1","max-image-preview":"max-image-preview:large","max-video-preview":"max-video-preview:-1"},"canonical":"https:\/\/sagrinex.com\/produit\/boxer-hsc-160-taille-haie\/","og_locale":"de_DE","og_type":"article","og_title":"Boxer Hsc 160 - Heckenschneider - Sagrinex \u2013 Anhaenger, Container &amp; Landtechnik \ud83c\udf3e\ud83d\ude9c","og_description":"Der Heckenschneider BOXER HSC 160 ist f\u00fcr den Anbau an die Dreipunktaufh\u00e4ngung eines Traktors mit einer Mindestleistung von 20 PS ausgelegt.","og_url":"https:\/\/sagrinex.com\/produit\/boxer-hsc-160-taille-haie\/","og_site_name":"Sagrinex \u2013 Anhaenger, Container &amp; Landtechnik \ud83c\udf3e\ud83d\ude9c","article_modified_time":"2026-04-15T21:12:05+00:00","og_image":[{"width":1100,"height":1422,"url":"https:\/\/sagrinex.com\/wp-content\/uploads\/2026\/03\/taille-haie-boxer-hsc-160.jpg","type":"image\/jpeg"}],"twitter_card":"summary_large_image","twitter_misc":{"Gesch\u00e4tzte Lesezeit":"2\u00a0Minuten"},"schema":{"@context":"https:\/\/schema.org","@graph":[{"@type":"WebPage","@id":"https:\/\/sagrinex.com\/produit\/boxer-hsc-160-taille-haie\/","url":"https:\/\/sagrinex.com\/produit\/boxer-hsc-160-taille-haie\/","name":"Boxer Hsc 160 - Heckenschneider - Sagrinex \u2013 Anhaenger, Container &amp; Landtechnik \ud83c\udf3e\ud83d\ude9c","isPartOf":{"@id":"https:\/\/sagrinex.com\/#website"},"primaryImageOfPage":{"@id":"https:\/\/sagrinex.com\/produit\/boxer-hsc-160-taille-haie\/#primaryimage"},"image":{"@id":"https:\/\/sagrinex.com\/produit\/boxer-hsc-160-taille-haie\/#primaryimage"},"thumbnailUrl":"https:\/\/sagrinex.com\/wp-content\/uploads\/2026\/03\/taille-haie-boxer-hsc-160.jpg","datePublished":"2026-03-10T23:18:49+00:00","dateModified":"2026-04-15T21:12:05+00:00","breadcrumb":{"@id":"https:\/\/sagrinex.com\/produit\/boxer-hsc-160-taille-haie\/#breadcrumb"},"inLanguage":"de","potentialAction":[{"@type":"ReadAction","target":["https:\/\/sagrinex.com\/produit\/boxer-hsc-160-taille-haie\/"]}]},{"@type":"ImageObject","inLanguage":"de","@id":"https:\/\/sagrinex.com\/produit\/boxer-hsc-160-taille-haie\/#primaryimage","url":"https:\/\/sagrinex.com\/wp-content\/uploads\/2026\/03\/taille-haie-boxer-hsc-160.jpg","contentUrl":"https:\/\/sagrinex.com\/wp-content\/uploads\/2026\/03\/taille-haie-boxer-hsc-160.jpg","width":1100,"height":1422},{"@type":"BreadcrumbList","@id":"https:\/\/sagrinex.com\/produit\/boxer-hsc-160-taille-haie\/#breadcrumb","itemListElement":[{"@type":"ListItem","position":1,"name":"Accueil","item":"https:\/\/sagrinex.com\/?lang=de"},{"@type":"ListItem","position":2,"name":"Shop","item":"https:\/\/sagrinex.com\/shop\/"},{"@type":"ListItem","position":3,"name":"Boxer Hsc 160 &#8211; Heckenschneider"}]},{"@type":"WebSite","@id":"https:\/\/sagrinex.com\/#website","url":"https:\/\/sagrinex.com\/","name":"Sagrinex \u2013 Spezialist f\u00fcr Anh\u00e4nger, Container & Landtechnik","description":"Anhaenger, Container &amp; Landtechnik \u2014 Online-Verkauf &amp; kostenloses Angebot","publisher":{"@id":"https:\/\/sagrinex.com\/#organization"},"potentialAction":[{"@type":"SearchAction","target":{"@type":"EntryPoint","urlTemplate":"https:\/\/sagrinex.com\/?s={search_term_string}"},"query-input":{"@type":"PropertyValueSpecification","valueRequired":true,"valueName":"search_term_string"}}],"inLanguage":"de"},{"@type":"Organization","@id":"https:\/\/sagrinex.com\/#organization","name":"Sagrinex \u2013 Remorques, Conteneurs & Mat\u00e9riel Agricole","url":"https:\/\/sagrinex.com\/","logo":{"@type":"ImageObject","inLanguage":"de","@id":"https:\/\/sagrinex.com\/#\/schema\/logo\/image\/","url":"https:\/\/sagrinex.com\/wp-content\/uploads\/2026\/03\/7f1ac463-ef5a-425d-bdd6-a5da03a334a9-1024x683.png","contentUrl":"https:\/\/sagrinex.com\/wp-content\/uploads\/2026\/03\/7f1ac463-ef5a-425d-bdd6-a5da03a334a9-1024x683.png","width":1024,"height":683,"caption":"Sagrinex \u2013 Remorques, Conteneurs & Mat\u00e9riel Agricole"},"image":{"@id":"https:\/\/sagrinex.com\/#\/schema\/logo\/image\/"}}]}},"jetpack_sharing_enabled":true,"_links":{"self":[{"href":"https:\/\/sagrinex.com\/de\/wp-json\/wp\/v2\/product\/13388","targetHints":{"allow":["GET"]}}],"collection":[{"href":"https:\/\/sagrinex.com\/de\/wp-json\/wp\/v2\/product"}],"about":[{"href":"https:\/\/sagrinex.com\/de\/wp-json\/wp\/v2\/types\/product"}],"replies":[{"embeddable":true,"href":"https:\/\/sagrinex.com\/de\/wp-json\/wp\/v2\/comments?post=13388"}],"version-history":[{"count":0,"href":"https:\/\/sagrinex.com\/de\/wp-json\/wp\/v2\/product\/13388\/revisions"}],"wp:featuredmedia":[{"embeddable":true,"href":"https:\/\/sagrinex.com\/de\/wp-json\/wp\/v2\/media\/13389"}],"wp:attachment":[{"href":"https:\/\/sagrinex.com\/de\/wp-json\/wp\/v2\/media?parent=13388"}],"wp:term":[{"taxonomy":"product_brand","embeddable":true,"href":"https:\/\/sagrinex.com\/de\/wp-json\/wp\/v2\/product_brand?post=13388"},{"taxonomy":"product_cat","embeddable":true,"href":"https:\/\/sagrinex.com\/de\/wp-json\/wp\/v2\/product_cat?post=13388"},{"taxonomy":"product_tag","embeddable":true,"href":"https:\/\/sagrinex.com\/de\/wp-json\/wp\/v2\/product_tag?post=13388"}],"curies":[{"name":"wp","href":"https:\/\/api.w.org\/{rel}","templated":true}]}}