{"id":13460,"date":"2026-03-10T16:49:18","date_gmt":"2026-03-10T16:49:18","guid":{"rendered":"https:\/\/sagrinex.com\/produit\/benzinrasenmaeher-mit-honda-motor-201-cm%c2%b3-mulchmaehen-53-cm-fuer-3000-m%c2%b2-grin-pm53a-honda\/"},"modified":"2026-04-15T21:12:06","modified_gmt":"2026-04-15T21:12:06","slug":"benzinrasenmaeher-mit-honda-motor-201-cm%c2%b3-mulchmaehen-53-cm-fuer-3000-m%c2%b2-grin-pm53a-honda","status":"publish","type":"product","link":"https:\/\/sagrinex.com\/de\/produit\/benzinrasenmaeher-mit-honda-motor-201-cm%c2%b3-mulchmaehen-53-cm-fuer-3000-m%c2%b2-grin-pm53a-honda\/","title":{"rendered":"Benzinrasenm\u00e4her mit Honda-motor 201 Cm\u00b3, Mulchm\u00e4hen 53 Cm, f\u00fcr 3000 M\u00b2 &#8211; Grin PM53A-HONDA"},"content":{"rendered":"<p>Der PM53A-HONDA ist ein professioneller Benzinrasenm\u00e4her von GRIN.<\/p>\n<p>Dieser Rasenm\u00e4her ist mit einem Honda GCV200 Motor mit 201 cm\u00b3 ausgestattet, der f\u00fcr seine Zuverl\u00e4ssigkeit bekannt ist.<\/p>\n<p>Mit einer Schnittbreite von 53 cm ist der GRIN PM53A-HONDA f\u00fcr die Pflege gro\u00dfer Fl\u00e4chen (bis zu 3000 m\u00b2) konzipiert und bleibt dennoch auf kleinen Grundst\u00fccken wendig.<\/p>\n<p>Der professionelle 2-Gang-Antrieb erm\u00f6glicht die Anpassung an verschiedene Gel\u00e4ndearten: eine langsame Geschwindigkeit f\u00fcr dichte oder unebene Bereiche und eine schnelle Geschwindigkeit f\u00fcr ebene und freie Fl\u00e4chen.<\/p>\n<p>Das <strong>patentierte GRIN-M\u00e4hsystem<\/strong> zerkleinert das Gras buchst\u00e4blich (leistungsst\u00e4rker als herk\u00f6mmliches Mulchen), wodurch das Aufsammeln von Schnittgut entf\u00e4llt, selbst bei hohem oder feuchtem Gras.<\/p>\n<p>Die hinteren GRIN Grip-R\u00e4der mit Kugellagern sorgen f\u00fcr hervorragende Haftung auf unebenem Gel\u00e4nde. Das warmverzinkte, verst\u00e4rkte Stahlgeh\u00e4use garantiert hohe Langlebigkeit und erh\u00f6hte Sto\u00dffestigkeit, selbst bei intensivem Einsatz. <\/p>\n<p>Der klappbare F\u00fchrungsholm mit Anti-Vibrations-Einstellungen bietet zus\u00e4tzlichen Komfort und erleichtert die Lagerung des Rasenm\u00e4hers in geschlossenen R\u00e4umen.<\/p>\n<p><strong>Um die Nutzung des GRIN PM53A-HONDA zu optimieren,<\/strong> wird empfohlen, das Gel\u00e4nde vor dem M\u00e4hen vorzubereiten, indem Steine, \u00c4ste und andere Gegenst\u00e4nde entfernt werden, die die Maschine besch\u00e4digen k\u00f6nnten.<\/p>\n<p>Es wird au\u00dferdem empfohlen, die Schnitth\u00f6he entsprechend dem Zustand des Rasens einzustellen.<\/p>\n<p>Im Allgemeinen wird f\u00fcr einen gut gepflegten Rasen eine Schnitth\u00f6he von 3 bis 4 cm empfohlen.<\/p>\n<p>Die Verwendung der langsamen Geschwindigkeit f\u00fcr unebenes oder dichtes Gel\u00e4nde und der schnellen Geschwindigkeit f\u00fcr freie Bereiche maximiert die Effizienz des Rasenm\u00e4hers.<\/p>\n<p><strong>Die Wartung des GRIN PM53A-HONDA ist einfach.<\/strong><\/p>\n<p>Eine regelm\u00e4\u00dfige Reinigung des M\u00e4hgeh\u00e4uses und der R\u00e4der wird empfohlen, um die Ansammlung von Gras und Ablagerungen zu vermeiden.<\/p>\n<p>Es ist au\u00dferdem wichtig, den \u00d6lstand des Motors vor jeder Verwendung zu \u00fcberpr\u00fcfen, um einen optimalen Betrieb zu gew\u00e4hrleisten.<\/p>\n<p>Bevor der Rasenm\u00e4her f\u00fcr den Winter eingelagert wird, wird empfohlen, den Kraftstofftank zu entleeren und ihn gr\u00fcndlich zu reinigen, um seine Leistung f\u00fcr die n\u00e4chste Saison zu erhalten.<\/p>\n<p>Zusammenfassend ist der GRIN PM53A-HONDA ein vielseitiger und leistungsstarker Benzinrasenm\u00e4her, der Bedienkomfort bietet, indem er den Gang zur Entsorgungsstelle zum Entleeren des Fangsacks \u00fcberfl\u00fcssig macht.<\/p>\n<p>Er ist die ideale Wahl f\u00fcr Profis in der Gr\u00fcnfl\u00e4chenpflege oder Privatpersonen, die ein leistungsstarkes und zuverl\u00e4ssiges Ger\u00e4t w\u00fcnschen.<\/p>\n","protected":false},"excerpt":{"rendered":"<ul>\n<li>Professioneller Benzinrasenm\u00e4her <strong>GRIN PM53A HONDA<\/strong> ausgestattet mit dem<strong> Honda GCV200 Motor mit 201 cm\u00b3, <\/strong>zuverl\u00e4ssig und leistungsstark.<\/li>\n<li><strong>Patentiertes GRIN-System<\/strong> &#8222;M\u00e4hen, Nicht Mehr Aufsammeln, Schluss mit Abfall&#8220; f\u00fcr ultrafeine Schnittqualit\u00e4t,<strong> \u00fcberlegen gegen\u00fcber herk\u00f6mmlichem Mulchen.<\/strong><\/li>\n<li><strong>Schnittbreite von 53 cm<\/strong>, ideal f\u00fcr Fl\u00e4chen <strong>bis zu 3000 m\u00b2.<\/strong><\/li>\n<li>Professioneller Antrieb mit<strong> 2 G\u00e4ngen<\/strong>, anpassbar an die Gel\u00e4ndeanforderungen (dichter oder ebener Bereich).<\/li>\n<li><strong>GRIN Grip-R\u00e4der aus Stahl mit Kugellagern<\/strong> und <strong>klappbarer F\u00fchrungsholm<\/strong> mit <strong>Anti-Vibrations-Einstellungen.<\/strong><\/li>\n<li>Zus\u00e4tzlich zur Originalgarantie bietet GRIN kostenlos 1 Jahr Garantieverl\u00e4ngerung f\u00fcr bis zu 3 Jahre Abdeckung<\/li>\n<\/ul>\n","protected":false},"featured_media":13461,"comment_status":"open","ping_status":"closed","template":"","meta":[],"product_brand":[],"product_cat":[325,320],"product_tag":[],"class_list":{"0":"post-13460","1":"product","2":"type-product","3":"status-publish","4":"has-post-thumbnail","6":"product_cat-benzin-rasenmaeher","7":"product_cat-unsere-rasenmaher","9":"first","10":"instock","11":"sale","12":"shipping-taxable","13":"purchasable","14":"product-type-simple"},"yoast_head":"<!-- This site is optimized with the Yoast SEO plugin v27.4 - https:\/\/yoast.com\/product\/yoast-seo-wordpress\/ -->\n<title>Benzinrasenm\u00e4her mit Honda-Motor 201 cm\u00b3, Mulchm\u00e4hen 53 cm, f\u00fcr 3000 m\u00b2 - GRIN PM53A-HONDA<\/title>\n<meta name=\"description\" content=\"Professioneller Benzinrasenm\u00e4her GRIN PM53A HONDA ausgestattet mit dem zuverl\u00e4ssigen und leistungsstarken Honda GCV200 Motor mit 201 cm\u00b3. Patentiertes GRIN-System &quot;M\u00e4hen, Nicht Mehr Aufsammeln, Schluss mit Abfall&quot; f\u00fcr ultrafeine Schnittqualit\u00e4t, \u00fcberlegen gegen\u00fcber herk\u00f6mmlichem Mulchen. Schnittbreite von 53 cm, ideal f\u00fcr Fl\u00e4chen bis zu 3000 m\u00b2. Professioneller 2-Gang-Antrieb, anpassbar an die Gel\u00e4ndeanforderungen (dichter oder ebener Bereich). GRIN Grip-R\u00e4der aus Stahl mit Kugellagern und klappbarer F\u00fchrungsholm mit Anti-Vibrations-Einstellungen. Zus\u00e4tzlich zur Originalgarantie bietet GRIN kostenlos 1 Jahr Garantieverl\u00e4ngerung f\u00fcr bis zu 3 Jahre Abdeckung\" \/>\n<meta name=\"robots\" content=\"index, follow, max-snippet:-1, max-image-preview:large, max-video-preview:-1\" \/>\n<link rel=\"canonical\" href=\"https:\/\/sagrinex.com\/produit\/tondeuse-thermique-moteur-honda-201-cm\u00b3-coupe-mulching-53-cm-pour-3000-m\u00b2-grin-pm53a-honda\/\" \/>\n<meta property=\"og:locale\" content=\"de_DE\" \/>\n<meta property=\"og:type\" content=\"article\" \/>\n<meta property=\"og:title\" content=\"Benzinrasenm\u00e4her mit Honda-Motor 201 cm\u00b3, Mulchm\u00e4hen 53 cm, f\u00fcr 3000 m\u00b2 - GRIN PM53A-HONDA\" \/>\n<meta property=\"og:description\" content=\"Professioneller Benzinrasenm\u00e4her GRIN PM53A HONDA ausgestattet mit dem zuverl\u00e4ssigen und leistungsstarken Honda GCV200 Motor mit 201 cm\u00b3. Patentiertes GRIN-System &quot;M\u00e4hen, Nicht Mehr Aufsammeln, Schluss mit Abfall&quot; f\u00fcr ultrafeine Schnittqualit\u00e4t, \u00fcberlegen gegen\u00fcber herk\u00f6mmlichem Mulchen. Schnittbreite von 53 cm, ideal f\u00fcr Fl\u00e4chen bis zu 3000 m\u00b2. Professioneller 2-Gang-Antrieb, anpassbar an die Gel\u00e4ndeanforderungen (dichter oder ebener Bereich). GRIN Grip-R\u00e4der aus Stahl mit Kugellagern und klappbarer F\u00fchrungsholm mit Anti-Vibrations-Einstellungen. Zus\u00e4tzlich zur Originalgarantie bietet GRIN kostenlos 1 Jahr Garantieverl\u00e4ngerung f\u00fcr bis zu 3 Jahre Abdeckung\" \/>\n<meta property=\"og:url\" content=\"https:\/\/sagrinex.com\/produit\/tondeuse-thermique-moteur-honda-201-cm\u00b3-coupe-mulching-53-cm-pour-3000-m\u00b2-grin-pm53a-honda\/\" \/>\n<meta property=\"og:site_name\" content=\"Sagrinex \u2013 Anhaenger, Container &amp; Landtechnik \ud83c\udf3e\ud83d\ude9c\" \/>\n<meta property=\"article:modified_time\" content=\"2026-04-15T21:12:06+00:00\" \/>\n<meta property=\"og:image\" content=\"https:\/\/sagrinex.com\/wp-content\/uploads\/2026\/03\/tondeuse-thermique-moteur-honda-201-cm-coupe-mulching-53-cm-pour-3000-m-grin-pm53a-honda.jpg\" \/>\n\t<meta property=\"og:image:width\" content=\"1200\" \/>\n\t<meta property=\"og:image:height\" content=\"1372\" \/>\n\t<meta property=\"og:image:type\" content=\"image\/jpeg\" \/>\n<meta name=\"twitter:card\" content=\"summary_large_image\" \/>\n<meta name=\"twitter:label1\" content=\"Gesch\u00e4tzte Lesezeit\" \/>\n\t<meta name=\"twitter:data1\" content=\"2\u00a0Minuten\" \/>\n<script type=\"application\/ld+json\" class=\"yoast-schema-graph\">{\"@context\":\"https:\\\/\\\/schema.org\",\"@graph\":[{\"@type\":\"WebPage\",\"@id\":\"https:\\\/\\\/sagrinex.com\\\/produit\\\/tondeuse-thermique-moteur-honda-201-cm%c2%b3-coupe-mulching-53-cm-pour-3000-m%c2%b2-grin-pm53a-honda\\\/\",\"url\":\"https:\\\/\\\/sagrinex.com\\\/produit\\\/tondeuse-thermique-moteur-honda-201-cm%c2%b3-coupe-mulching-53-cm-pour-3000-m%c2%b2-grin-pm53a-honda\\\/\",\"name\":\"Benzinrasenm\u00e4her mit Honda-Motor 201 cm\u00b3, Mulchm\u00e4hen 53 cm, f\u00fcr 3000 m\u00b2 - GRIN PM53A-HONDA\",\"isPartOf\":{\"@id\":\"https:\\\/\\\/sagrinex.com\\\/#website\"},\"primaryImageOfPage\":{\"@id\":\"https:\\\/\\\/sagrinex.com\\\/produit\\\/tondeuse-thermique-moteur-honda-201-cm%c2%b3-coupe-mulching-53-cm-pour-3000-m%c2%b2-grin-pm53a-honda\\\/#primaryimage\"},\"image\":{\"@id\":\"https:\\\/\\\/sagrinex.com\\\/produit\\\/tondeuse-thermique-moteur-honda-201-cm%c2%b3-coupe-mulching-53-cm-pour-3000-m%c2%b2-grin-pm53a-honda\\\/#primaryimage\"},\"thumbnailUrl\":\"https:\\\/\\\/sagrinex.com\\\/wp-content\\\/uploads\\\/2026\\\/03\\\/tondeuse-thermique-moteur-honda-201-cm-coupe-mulching-53-cm-pour-3000-m-grin-pm53a-honda.jpg\",\"datePublished\":\"2026-03-10T16:49:18+00:00\",\"dateModified\":\"2026-04-15T21:12:06+00:00\",\"description\":\"Professioneller Benzinrasenm\u00e4her GRIN PM53A HONDA ausgestattet mit dem zuverl\u00e4ssigen und leistungsstarken Honda GCV200 Motor mit 201 cm\u00b3. Patentiertes GRIN-System \\\"M\u00e4hen, Nicht Mehr Aufsammeln, Schluss mit Abfall\\\" f\u00fcr ultrafeine Schnittqualit\u00e4t, \u00fcberlegen gegen\u00fcber herk\u00f6mmlichem Mulchen. Schnittbreite von 53 cm, ideal f\u00fcr Fl\u00e4chen bis zu 3000 m\u00b2. Professioneller 2-Gang-Antrieb, anpassbar an die Gel\u00e4ndeanforderungen (dichter oder ebener Bereich). GRIN Grip-R\u00e4der aus Stahl mit Kugellagern und klappbarer F\u00fchrungsholm mit Anti-Vibrations-Einstellungen. Zus\u00e4tzlich zur Originalgarantie bietet GRIN kostenlos 1 Jahr Garantieverl\u00e4ngerung f\u00fcr bis zu 3 Jahre Abdeckung\",\"breadcrumb\":{\"@id\":\"https:\\\/\\\/sagrinex.com\\\/produit\\\/tondeuse-thermique-moteur-honda-201-cm%c2%b3-coupe-mulching-53-cm-pour-3000-m%c2%b2-grin-pm53a-honda\\\/#breadcrumb\"},\"inLanguage\":\"de\",\"potentialAction\":[{\"@type\":\"ReadAction\",\"target\":[\"https:\\\/\\\/sagrinex.com\\\/produit\\\/tondeuse-thermique-moteur-honda-201-cm%c2%b3-coupe-mulching-53-cm-pour-3000-m%c2%b2-grin-pm53a-honda\\\/\"]}]},{\"@type\":\"ImageObject\",\"inLanguage\":\"de\",\"@id\":\"https:\\\/\\\/sagrinex.com\\\/produit\\\/tondeuse-thermique-moteur-honda-201-cm%c2%b3-coupe-mulching-53-cm-pour-3000-m%c2%b2-grin-pm53a-honda\\\/#primaryimage\",\"url\":\"https:\\\/\\\/sagrinex.com\\\/wp-content\\\/uploads\\\/2026\\\/03\\\/tondeuse-thermique-moteur-honda-201-cm-coupe-mulching-53-cm-pour-3000-m-grin-pm53a-honda.jpg\",\"contentUrl\":\"https:\\\/\\\/sagrinex.com\\\/wp-content\\\/uploads\\\/2026\\\/03\\\/tondeuse-thermique-moteur-honda-201-cm-coupe-mulching-53-cm-pour-3000-m-grin-pm53a-honda.jpg\",\"width\":1200,\"height\":1372},{\"@type\":\"BreadcrumbList\",\"@id\":\"https:\\\/\\\/sagrinex.com\\\/produit\\\/tondeuse-thermique-moteur-honda-201-cm%c2%b3-coupe-mulching-53-cm-pour-3000-m%c2%b2-grin-pm53a-honda\\\/#breadcrumb\",\"itemListElement\":[{\"@type\":\"ListItem\",\"position\":1,\"name\":\"Accueil\",\"item\":\"https:\\\/\\\/sagrinex.com\\\/?lang=de\"},{\"@type\":\"ListItem\",\"position\":2,\"name\":\"Shop\",\"item\":\"https:\\\/\\\/sagrinex.com\\\/shop\\\/\"},{\"@type\":\"ListItem\",\"position\":3,\"name\":\"Benzinrasenm\u00e4her mit Honda-motor 201 Cm\u00b3, Mulchm\u00e4hen 53 Cm, f\u00fcr 3000 M\u00b2 &#8211; Grin PM53A-HONDA\"}]},{\"@type\":\"WebSite\",\"@id\":\"https:\\\/\\\/sagrinex.com\\\/#website\",\"url\":\"https:\\\/\\\/sagrinex.com\\\/\",\"name\":\"Sagrinex \u2013 Spezialist f\u00fcr Anh\u00e4nger, Container & Landtechnik\",\"description\":\"Anhaenger, Container &amp; Landtechnik \u2014 Online-Verkauf &amp; kostenloses Angebot\",\"publisher\":{\"@id\":\"https:\\\/\\\/sagrinex.com\\\/#organization\"},\"potentialAction\":[{\"@type\":\"SearchAction\",\"target\":{\"@type\":\"EntryPoint\",\"urlTemplate\":\"https:\\\/\\\/sagrinex.com\\\/?s={search_term_string}\"},\"query-input\":{\"@type\":\"PropertyValueSpecification\",\"valueRequired\":true,\"valueName\":\"search_term_string\"}}],\"inLanguage\":\"de\"},{\"@type\":\"Organization\",\"@id\":\"https:\\\/\\\/sagrinex.com\\\/#organization\",\"name\":\"Sagrinex \u2013 Remorques, Conteneurs & Mat\u00e9riel Agricole\",\"url\":\"https:\\\/\\\/sagrinex.com\\\/\",\"logo\":{\"@type\":\"ImageObject\",\"inLanguage\":\"de\",\"@id\":\"https:\\\/\\\/sagrinex.com\\\/#\\\/schema\\\/logo\\\/image\\\/\",\"url\":\"https:\\\/\\\/sagrinex.com\\\/wp-content\\\/uploads\\\/2026\\\/03\\\/7f1ac463-ef5a-425d-bdd6-a5da03a334a9-1024x683.png\",\"contentUrl\":\"https:\\\/\\\/sagrinex.com\\\/wp-content\\\/uploads\\\/2026\\\/03\\\/7f1ac463-ef5a-425d-bdd6-a5da03a334a9-1024x683.png\",\"width\":1024,\"height\":683,\"caption\":\"Sagrinex \u2013 Remorques, Conteneurs & Mat\u00e9riel Agricole\"},\"image\":{\"@id\":\"https:\\\/\\\/sagrinex.com\\\/#\\\/schema\\\/logo\\\/image\\\/\"}}]}<\/script>\n<!-- \/ Yoast SEO plugin. -->","yoast_head_json":{"title":"Benzinrasenm\u00e4her mit Honda-Motor 201 cm\u00b3, Mulchm\u00e4hen 53 cm, f\u00fcr 3000 m\u00b2 - GRIN PM53A-HONDA","description":"Professioneller Benzinrasenm\u00e4her GRIN PM53A HONDA ausgestattet mit dem zuverl\u00e4ssigen und leistungsstarken Honda GCV200 Motor mit 201 cm\u00b3. Patentiertes GRIN-System \"M\u00e4hen, Nicht Mehr Aufsammeln, Schluss mit Abfall\" f\u00fcr ultrafeine Schnittqualit\u00e4t, \u00fcberlegen gegen\u00fcber herk\u00f6mmlichem Mulchen. Schnittbreite von 53 cm, ideal f\u00fcr Fl\u00e4chen bis zu 3000 m\u00b2. Professioneller 2-Gang-Antrieb, anpassbar an die Gel\u00e4ndeanforderungen (dichter oder ebener Bereich). GRIN Grip-R\u00e4der aus Stahl mit Kugellagern und klappbarer F\u00fchrungsholm mit Anti-Vibrations-Einstellungen. Zus\u00e4tzlich zur Originalgarantie bietet GRIN kostenlos 1 Jahr Garantieverl\u00e4ngerung f\u00fcr bis zu 3 Jahre Abdeckung","robots":{"index":"index","follow":"follow","max-snippet":"max-snippet:-1","max-image-preview":"max-image-preview:large","max-video-preview":"max-video-preview:-1"},"canonical":"https:\/\/sagrinex.com\/produit\/tondeuse-thermique-moteur-honda-201-cm\u00b3-coupe-mulching-53-cm-pour-3000-m\u00b2-grin-pm53a-honda\/","og_locale":"de_DE","og_type":"article","og_title":"Benzinrasenm\u00e4her mit Honda-Motor 201 cm\u00b3, Mulchm\u00e4hen 53 cm, f\u00fcr 3000 m\u00b2 - GRIN PM53A-HONDA","og_description":"Professioneller Benzinrasenm\u00e4her GRIN PM53A HONDA ausgestattet mit dem zuverl\u00e4ssigen und leistungsstarken Honda GCV200 Motor mit 201 cm\u00b3. Patentiertes GRIN-System \"M\u00e4hen, Nicht Mehr Aufsammeln, Schluss mit Abfall\" f\u00fcr ultrafeine Schnittqualit\u00e4t, \u00fcberlegen gegen\u00fcber herk\u00f6mmlichem Mulchen. Schnittbreite von 53 cm, ideal f\u00fcr Fl\u00e4chen bis zu 3000 m\u00b2. Professioneller 2-Gang-Antrieb, anpassbar an die Gel\u00e4ndeanforderungen (dichter oder ebener Bereich). GRIN Grip-R\u00e4der aus Stahl mit Kugellagern und klappbarer F\u00fchrungsholm mit Anti-Vibrations-Einstellungen. Zus\u00e4tzlich zur Originalgarantie bietet GRIN kostenlos 1 Jahr Garantieverl\u00e4ngerung f\u00fcr bis zu 3 Jahre Abdeckung","og_url":"https:\/\/sagrinex.com\/produit\/tondeuse-thermique-moteur-honda-201-cm\u00b3-coupe-mulching-53-cm-pour-3000-m\u00b2-grin-pm53a-honda\/","og_site_name":"Sagrinex \u2013 Anhaenger, Container &amp; Landtechnik \ud83c\udf3e\ud83d\ude9c","article_modified_time":"2026-04-15T21:12:06+00:00","og_image":[{"width":1200,"height":1372,"url":"https:\/\/sagrinex.com\/wp-content\/uploads\/2026\/03\/tondeuse-thermique-moteur-honda-201-cm-coupe-mulching-53-cm-pour-3000-m-grin-pm53a-honda.jpg","type":"image\/jpeg"}],"twitter_card":"summary_large_image","twitter_misc":{"Gesch\u00e4tzte Lesezeit":"2\u00a0Minuten"},"schema":{"@context":"https:\/\/schema.org","@graph":[{"@type":"WebPage","@id":"https:\/\/sagrinex.com\/produit\/tondeuse-thermique-moteur-honda-201-cm%c2%b3-coupe-mulching-53-cm-pour-3000-m%c2%b2-grin-pm53a-honda\/","url":"https:\/\/sagrinex.com\/produit\/tondeuse-thermique-moteur-honda-201-cm%c2%b3-coupe-mulching-53-cm-pour-3000-m%c2%b2-grin-pm53a-honda\/","name":"Benzinrasenm\u00e4her mit Honda-Motor 201 cm\u00b3, Mulchm\u00e4hen 53 cm, f\u00fcr 3000 m\u00b2 - GRIN PM53A-HONDA","isPartOf":{"@id":"https:\/\/sagrinex.com\/#website"},"primaryImageOfPage":{"@id":"https:\/\/sagrinex.com\/produit\/tondeuse-thermique-moteur-honda-201-cm%c2%b3-coupe-mulching-53-cm-pour-3000-m%c2%b2-grin-pm53a-honda\/#primaryimage"},"image":{"@id":"https:\/\/sagrinex.com\/produit\/tondeuse-thermique-moteur-honda-201-cm%c2%b3-coupe-mulching-53-cm-pour-3000-m%c2%b2-grin-pm53a-honda\/#primaryimage"},"thumbnailUrl":"https:\/\/sagrinex.com\/wp-content\/uploads\/2026\/03\/tondeuse-thermique-moteur-honda-201-cm-coupe-mulching-53-cm-pour-3000-m-grin-pm53a-honda.jpg","datePublished":"2026-03-10T16:49:18+00:00","dateModified":"2026-04-15T21:12:06+00:00","description":"Professioneller Benzinrasenm\u00e4her GRIN PM53A HONDA ausgestattet mit dem zuverl\u00e4ssigen und leistungsstarken Honda GCV200 Motor mit 201 cm\u00b3. Patentiertes GRIN-System \"M\u00e4hen, Nicht Mehr Aufsammeln, Schluss mit Abfall\" f\u00fcr ultrafeine Schnittqualit\u00e4t, \u00fcberlegen gegen\u00fcber herk\u00f6mmlichem Mulchen. Schnittbreite von 53 cm, ideal f\u00fcr Fl\u00e4chen bis zu 3000 m\u00b2. Professioneller 2-Gang-Antrieb, anpassbar an die Gel\u00e4ndeanforderungen (dichter oder ebener Bereich). GRIN Grip-R\u00e4der aus Stahl mit Kugellagern und klappbarer F\u00fchrungsholm mit Anti-Vibrations-Einstellungen. Zus\u00e4tzlich zur Originalgarantie bietet GRIN kostenlos 1 Jahr Garantieverl\u00e4ngerung f\u00fcr bis zu 3 Jahre Abdeckung","breadcrumb":{"@id":"https:\/\/sagrinex.com\/produit\/tondeuse-thermique-moteur-honda-201-cm%c2%b3-coupe-mulching-53-cm-pour-3000-m%c2%b2-grin-pm53a-honda\/#breadcrumb"},"inLanguage":"de","potentialAction":[{"@type":"ReadAction","target":["https:\/\/sagrinex.com\/produit\/tondeuse-thermique-moteur-honda-201-cm%c2%b3-coupe-mulching-53-cm-pour-3000-m%c2%b2-grin-pm53a-honda\/"]}]},{"@type":"ImageObject","inLanguage":"de","@id":"https:\/\/sagrinex.com\/produit\/tondeuse-thermique-moteur-honda-201-cm%c2%b3-coupe-mulching-53-cm-pour-3000-m%c2%b2-grin-pm53a-honda\/#primaryimage","url":"https:\/\/sagrinex.com\/wp-content\/uploads\/2026\/03\/tondeuse-thermique-moteur-honda-201-cm-coupe-mulching-53-cm-pour-3000-m-grin-pm53a-honda.jpg","contentUrl":"https:\/\/sagrinex.com\/wp-content\/uploads\/2026\/03\/tondeuse-thermique-moteur-honda-201-cm-coupe-mulching-53-cm-pour-3000-m-grin-pm53a-honda.jpg","width":1200,"height":1372},{"@type":"BreadcrumbList","@id":"https:\/\/sagrinex.com\/produit\/tondeuse-thermique-moteur-honda-201-cm%c2%b3-coupe-mulching-53-cm-pour-3000-m%c2%b2-grin-pm53a-honda\/#breadcrumb","itemListElement":[{"@type":"ListItem","position":1,"name":"Accueil","item":"https:\/\/sagrinex.com\/?lang=de"},{"@type":"ListItem","position":2,"name":"Shop","item":"https:\/\/sagrinex.com\/shop\/"},{"@type":"ListItem","position":3,"name":"Benzinrasenm\u00e4her mit Honda-motor 201 Cm\u00b3, Mulchm\u00e4hen 53 Cm, f\u00fcr 3000 M\u00b2 &#8211; Grin PM53A-HONDA"}]},{"@type":"WebSite","@id":"https:\/\/sagrinex.com\/#website","url":"https:\/\/sagrinex.com\/","name":"Sagrinex \u2013 Spezialist f\u00fcr Anh\u00e4nger, Container & Landtechnik","description":"Anhaenger, Container &amp; Landtechnik \u2014 Online-Verkauf &amp; kostenloses Angebot","publisher":{"@id":"https:\/\/sagrinex.com\/#organization"},"potentialAction":[{"@type":"SearchAction","target":{"@type":"EntryPoint","urlTemplate":"https:\/\/sagrinex.com\/?s={search_term_string}"},"query-input":{"@type":"PropertyValueSpecification","valueRequired":true,"valueName":"search_term_string"}}],"inLanguage":"de"},{"@type":"Organization","@id":"https:\/\/sagrinex.com\/#organization","name":"Sagrinex \u2013 Remorques, Conteneurs & Mat\u00e9riel Agricole","url":"https:\/\/sagrinex.com\/","logo":{"@type":"ImageObject","inLanguage":"de","@id":"https:\/\/sagrinex.com\/#\/schema\/logo\/image\/","url":"https:\/\/sagrinex.com\/wp-content\/uploads\/2026\/03\/7f1ac463-ef5a-425d-bdd6-a5da03a334a9-1024x683.png","contentUrl":"https:\/\/sagrinex.com\/wp-content\/uploads\/2026\/03\/7f1ac463-ef5a-425d-bdd6-a5da03a334a9-1024x683.png","width":1024,"height":683,"caption":"Sagrinex \u2013 Remorques, Conteneurs & Mat\u00e9riel Agricole"},"image":{"@id":"https:\/\/sagrinex.com\/#\/schema\/logo\/image\/"}}]}},"jetpack_sharing_enabled":true,"_links":{"self":[{"href":"https:\/\/sagrinex.com\/de\/wp-json\/wp\/v2\/product\/13460","targetHints":{"allow":["GET"]}}],"collection":[{"href":"https:\/\/sagrinex.com\/de\/wp-json\/wp\/v2\/product"}],"about":[{"href":"https:\/\/sagrinex.com\/de\/wp-json\/wp\/v2\/types\/product"}],"replies":[{"embeddable":true,"href":"https:\/\/sagrinex.com\/de\/wp-json\/wp\/v2\/comments?post=13460"}],"version-history":[{"count":0,"href":"https:\/\/sagrinex.com\/de\/wp-json\/wp\/v2\/product\/13460\/revisions"}],"wp:featuredmedia":[{"embeddable":true,"href":"https:\/\/sagrinex.com\/de\/wp-json\/wp\/v2\/media\/13461"}],"wp:attachment":[{"href":"https:\/\/sagrinex.com\/de\/wp-json\/wp\/v2\/media?parent=13460"}],"wp:term":[{"taxonomy":"product_brand","embeddable":true,"href":"https:\/\/sagrinex.com\/de\/wp-json\/wp\/v2\/product_brand?post=13460"},{"taxonomy":"product_cat","embeddable":true,"href":"https:\/\/sagrinex.com\/de\/wp-json\/wp\/v2\/product_cat?post=13460"},{"taxonomy":"product_tag","embeddable":true,"href":"https:\/\/sagrinex.com\/de\/wp-json\/wp\/v2\/product_tag?post=13460"}],"curies":[{"name":"wp","href":"https:\/\/api.w.org\/{rel}","templated":true}]}}