{"id":13475,"date":"2026-03-10T22:09:58","date_gmt":"2026-03-10T22:09:58","guid":{"rendered":"https:\/\/sagrinex.com\/produit\/benzin-rasentraktor-432-cm%c2%b3-schnittbreite-98-cm-5000-m%c2%b2-villager-agm-ltm-98-19\/"},"modified":"2026-04-15T21:12:06","modified_gmt":"2026-04-15T21:12:06","slug":"benzin-rasentraktor-432-cm%c2%b3-schnittbreite-98-cm-5000-m%c2%b2-villager-agm-ltm-98-19","status":"publish","type":"product","link":"https:\/\/sagrinex.com\/de\/produit\/benzin-rasentraktor-432-cm%c2%b3-schnittbreite-98-cm-5000-m%c2%b2-villager-agm-ltm-98-19\/","title":{"rendered":"Benzin-rasentraktor 432 Cm\u00b3 &#8211; Schnittbreite 98 Cm &#8211; 5000 M\u00b2 &#8211; Villager Agm Ltm 98-19"},"content":{"rendered":"<h2 class=\"break-words\"><strong>Rasentraktor AGM LTM 98-19: 98 cm Messer und Seitenauswurf<\/strong><\/h2>\n<p class=\"break-words\">Vereinfachen Sie die Pflege Ihrer gro\u00dfen Fl\u00e4chen mit dem <strong>AGM<\/strong><strong> LTM 98-19<\/strong>, einem Rasentraktor, der f\u00fcr Fl\u00e4chen bis zu 5.000 m\u00b2 mit bemerkenswerter Effizienz entwickelt wurde. Ausgestattet mit einem 432 cm\u00b3 Loncin 1P92F Motor (8,8 kW), bietet dieses Modell robuste Leistung f\u00fcr anspruchsvolle Rasenfl\u00e4chen, egal ob Privatg\u00e4rten, Sportpl\u00e4tze oder st\u00e4dtische Bereiche. <\/p>\n<h3 class=\"break-words\"><strong>Effizientes M\u00e4hen f\u00fcr gro\u00dfe Fl\u00e4chen<\/strong><\/h3>\n<p class=\"break-words\">Mit einer Schnittbreite von 98 cm und einer 7-fachen H\u00f6henverstellung (30\u201390 mm) passt sich der AGM LTM 98-19 allen Bedingungen an, von gepflegten Rasenfl\u00e4chen bis hin zu dichterem Gras.<\/p>\n<p>W\u00e4hlen Sie zwischen Mulchen <strong>(optional) <\/strong>zur N\u00e4hrstoffversorgung Ihres Rasens oder dem Seitenauswurf f\u00fcr hohes Gras. Seine H\u00f6chstgeschwindigkeit von 8,3 km\/h (vorw\u00e4rts) und die robuste Bereifung (15 x 6.00 &#8211; 6 vorne, 18 x 8.50 &#8211; 8 hinten) garantieren ein fl\u00fcssiges Vorankommen, auch auf unebenem Gel\u00e4nde. <\/p>\n<h3 class=\"break-words\"><strong>Komfort und Leichtigkeit f\u00fcr l\u00e4ngere Eins\u00e4tze<\/strong><\/h3>\n<p class=\"break-words\">Dieser f\u00fcr Ihr Wohlbefinden konzipierte Traktor ist mit einem ergonomischen Sitz und einem Elektrostart-System (12 V) ausgestattet, das ein m\u00fcheloses Starten erm\u00f6glicht. Mit einem kontrollierten Ger\u00e4uschpegel (86,4 dB gemessen, 100 dB garantiert) und reduzierten Vibrationen (1,89 m\/s\u00b2 bis 2,14 m\/s\u00b2) k\u00f6nnen Sie stundenlang erm\u00fcdungsfrei m\u00e4hen. Seine kompakten Ma\u00dfe (1723 x 1190 x 1044 mm) machen ihn ideal zum Umfahren von Hindernissen und einfach zu verstauen.  <\/p>\n<h3 class=\"break-words\"><strong>Warum den AGM LTM 98-19 w\u00e4hlen?<\/strong><\/h3>\n<p class=\"break-words\">Dieses Modell zeichnet sich durch Leistung und Vielseitigkeit aus, ideal f\u00fcr gro\u00dfe Grundst\u00fccke und anspruchsvolle Anwender. Sein 5-Gang-Getriebe (1,6 bis 8,3 km\/h) und der R\u00fcckw\u00e4rtsgang (2,5 km\/h) bieten Ihnen pr\u00e4zise Kontrolle, w\u00e4hrend die langlebige Konstruktion ihn zu einer zuverl\u00e4ssigen Investition f\u00fcr die Zukunft macht. <\/p>\n<h3 class=\"break-words\"><strong>Tipps f\u00fcr Betrieb und Wartung<\/strong><\/h3>\n<ul class=\"marker:text-secondary\">\n<li class=\"break-words\">Nutzen Sie die Mulchfunktion <strong>(optional) <\/strong>f\u00fcr gepflegte Rasenfl\u00e4chen oder den Seitenauswurf f\u00fcr l\u00e4ngeres Gras.<\/li>\n<li class=\"break-words\">Reinigen Sie das M\u00e4hdeck nach jedem Gebrauch, um Grasansammlungen zu vermeiden.<\/li>\n<li class=\"break-words\">Pr\u00fcfen Sie den Reifendruck (1,2 bar vorne, 1,0 bar hinten) f\u00fcr optimale Traktion.<\/li>\n<li class=\"break-words\">Kontrollieren Sie vor jedem Gebrauch den \u00d6l- und Kraftstoffstand (Super 95 E5 oder Super 98 E5 empfohlen).<\/li>\n<li class=\"break-words\">Lagern Sie den Traktor an einem gesch\u00fctzten Ort.<\/li>\n<\/ul>\n<p class=\"break-words\"><strong>\u26a0 Wichtig: Der Rasenm\u00e4her AGM LTM 98-19 wird ohne \u00d6l geliefert. Stellen Sie sicher, dass der Tank gef\u00fcllt ist, und pr\u00fcfen Sie den \u00d6lstand vor dem Starten. <\/p>\n<p>Bestellen Sie jetzt den AGM LTM 98-19 und genie\u00dfen Sie einen makellosen Garten mit unvergleichlichem Komfort!<\/strong><\/p>\n","protected":false},"excerpt":{"rendered":"<ul class=\"marker:text-secondary\">\n<li class=\"break-words\">Leistungsstarker Benzin-Rasentraktor <strong>AGM LTM 98-19<\/strong> f\u00fcr Fl\u00e4chen bis zu <strong>5.000 m\u00b2<\/strong>.<\/li>\n<li class=\"break-words\">Schnittbreite von <strong>98 cm<\/strong> mit <strong>7-facher H\u00f6henverstellung (30\u201390 mm) <\/strong>f\u00fcr pr\u00e4zises M\u00e4hen.<\/li>\n<li class=\"break-words\">Optimaler Komfort durch ergonomischen Sitz und Elektrostart bei diesem Rasentraktor.<\/li>\n<li class=\"break-words\">M\u00e4hmodi: Mulchen<strong> (optional)<\/strong> und Seitenauswurf.<\/li>\n<li class=\"break-words\">Robustes Design (<strong>200 kg<\/strong>) mit <strong>5-Gang-Getriebe<\/strong>. <strong>2 Jahre Garantie<\/strong><\/li>\n<\/ul>\n","protected":false},"featured_media":13476,"comment_status":"open","ping_status":"closed","template":"","meta":[],"product_brand":[],"product_cat":[329,325,320],"product_tag":[],"class_list":{"0":"post-13475","1":"product","2":"type-product","3":"status-publish","4":"has-post-thumbnail","6":"product_cat-aufsitzmaher","7":"product_cat-benzin-rasenmaeher","8":"product_cat-unsere-rasenmaher","10":"first","11":"instock","12":"shipping-taxable","13":"purchasable","14":"product-type-simple"},"yoast_head":"<!-- This site is optimized with the Yoast SEO plugin v27.4 - https:\/\/yoast.com\/product\/yoast-seo-wordpress\/ -->\n<title>Benzin-Rasentraktor 432 cm\u00b3 - Schnittbreite 98 cm - 5000 m\u00b2 - Villager AGM LTM 98-19<\/title>\n<meta name=\"description\" content=\"Leistungsstarker Benzin-Rasentraktor AGM LTM 98-19 f\u00fcr Fl\u00e4chen bis zu 5.000 m\u00b2. Schnittbreite von 98 cm mit 7-facher H\u00f6henverstellung (30\u201390 mm) f\u00fcr pr\u00e4zises M\u00e4hen. Optimaler Komfort durch ergonomischen Sitz und Elektrostart. Mulchfunktion (optional) und Seitenauswurf. Robustes Design (200 kg) mit 5-Gang-Getriebe. 2 Jahre Garantie.\" \/>\n<meta name=\"robots\" content=\"index, follow, max-snippet:-1, max-image-preview:large, max-video-preview:-1\" \/>\n<link rel=\"canonical\" href=\"https:\/\/sagrinex.com\/produit\/tondeuse-autoportee-thermique-432-cm\u00b3-coupe-98-cm-5000-m\u00b2-villager-agm-ltm-98-19\/\" \/>\n<meta property=\"og:locale\" content=\"de_DE\" \/>\n<meta property=\"og:type\" content=\"article\" \/>\n<meta property=\"og:title\" content=\"Benzin-Rasentraktor 432 cm\u00b3 - Schnittbreite 98 cm - 5000 m\u00b2 - Villager AGM LTM 98-19\" \/>\n<meta property=\"og:description\" content=\"Leistungsstarker Benzin-Rasentraktor AGM LTM 98-19 f\u00fcr Fl\u00e4chen bis zu 5.000 m\u00b2. Schnittbreite von 98 cm mit 7-facher H\u00f6henverstellung (30\u201390 mm) f\u00fcr pr\u00e4zises M\u00e4hen. Optimaler Komfort durch ergonomischen Sitz und Elektrostart. Mulchfunktion (optional) und Seitenauswurf. Robustes Design (200 kg) mit 5-Gang-Getriebe. 2 Jahre Garantie.\" \/>\n<meta property=\"og:url\" content=\"https:\/\/sagrinex.com\/produit\/tondeuse-autoportee-thermique-432-cm\u00b3-coupe-98-cm-5000-m\u00b2-villager-agm-ltm-98-19\/\" \/>\n<meta property=\"og:site_name\" content=\"Sagrinex \u2013 Anhaenger, Container &amp; Landtechnik \ud83c\udf3e\ud83d\ude9c\" \/>\n<meta property=\"article:modified_time\" content=\"2026-04-15T21:12:06+00:00\" \/>\n<meta property=\"og:image\" content=\"https:\/\/sagrinex.com\/wp-content\/uploads\/2026\/03\/tondeuse-autoportee-thermique-432-cm-coupe-98-cm-5000-m-villager-agm-ltm-98-19.jpg\" \/>\n\t<meta property=\"og:image:width\" content=\"1200\" \/>\n\t<meta property=\"og:image:height\" content=\"1372\" \/>\n\t<meta property=\"og:image:type\" content=\"image\/jpeg\" \/>\n<meta name=\"twitter:card\" content=\"summary_large_image\" \/>\n<meta name=\"twitter:label1\" content=\"Gesch\u00e4tzte Lesezeit\" \/>\n\t<meta name=\"twitter:data1\" content=\"2\u00a0Minuten\" \/>\n<script type=\"application\/ld+json\" class=\"yoast-schema-graph\">{\"@context\":\"https:\\\/\\\/schema.org\",\"@graph\":[{\"@type\":\"WebPage\",\"@id\":\"https:\\\/\\\/sagrinex.com\\\/produit\\\/tondeuse-autoportee-thermique-432-cm%c2%b3-coupe-98-cm-5000-m%c2%b2-villager-agm-ltm-98-19\\\/\",\"url\":\"https:\\\/\\\/sagrinex.com\\\/produit\\\/tondeuse-autoportee-thermique-432-cm%c2%b3-coupe-98-cm-5000-m%c2%b2-villager-agm-ltm-98-19\\\/\",\"name\":\"Benzin-Rasentraktor 432 cm\u00b3 - Schnittbreite 98 cm - 5000 m\u00b2 - Villager AGM LTM 98-19\",\"isPartOf\":{\"@id\":\"https:\\\/\\\/sagrinex.com\\\/#website\"},\"primaryImageOfPage\":{\"@id\":\"https:\\\/\\\/sagrinex.com\\\/produit\\\/tondeuse-autoportee-thermique-432-cm%c2%b3-coupe-98-cm-5000-m%c2%b2-villager-agm-ltm-98-19\\\/#primaryimage\"},\"image\":{\"@id\":\"https:\\\/\\\/sagrinex.com\\\/produit\\\/tondeuse-autoportee-thermique-432-cm%c2%b3-coupe-98-cm-5000-m%c2%b2-villager-agm-ltm-98-19\\\/#primaryimage\"},\"thumbnailUrl\":\"https:\\\/\\\/sagrinex.com\\\/wp-content\\\/uploads\\\/2026\\\/03\\\/tondeuse-autoportee-thermique-432-cm-coupe-98-cm-5000-m-villager-agm-ltm-98-19.jpg\",\"datePublished\":\"2026-03-10T22:09:58+00:00\",\"dateModified\":\"2026-04-15T21:12:06+00:00\",\"description\":\"Leistungsstarker Benzin-Rasentraktor AGM LTM 98-19 f\u00fcr Fl\u00e4chen bis zu 5.000 m\u00b2. Schnittbreite von 98 cm mit 7-facher H\u00f6henverstellung (30\u201390 mm) f\u00fcr pr\u00e4zises M\u00e4hen. Optimaler Komfort durch ergonomischen Sitz und Elektrostart. Mulchfunktion (optional) und Seitenauswurf. Robustes Design (200 kg) mit 5-Gang-Getriebe. 2 Jahre Garantie.\",\"breadcrumb\":{\"@id\":\"https:\\\/\\\/sagrinex.com\\\/produit\\\/tondeuse-autoportee-thermique-432-cm%c2%b3-coupe-98-cm-5000-m%c2%b2-villager-agm-ltm-98-19\\\/#breadcrumb\"},\"inLanguage\":\"de\",\"potentialAction\":[{\"@type\":\"ReadAction\",\"target\":[\"https:\\\/\\\/sagrinex.com\\\/produit\\\/tondeuse-autoportee-thermique-432-cm%c2%b3-coupe-98-cm-5000-m%c2%b2-villager-agm-ltm-98-19\\\/\"]}]},{\"@type\":\"ImageObject\",\"inLanguage\":\"de\",\"@id\":\"https:\\\/\\\/sagrinex.com\\\/produit\\\/tondeuse-autoportee-thermique-432-cm%c2%b3-coupe-98-cm-5000-m%c2%b2-villager-agm-ltm-98-19\\\/#primaryimage\",\"url\":\"https:\\\/\\\/sagrinex.com\\\/wp-content\\\/uploads\\\/2026\\\/03\\\/tondeuse-autoportee-thermique-432-cm-coupe-98-cm-5000-m-villager-agm-ltm-98-19.jpg\",\"contentUrl\":\"https:\\\/\\\/sagrinex.com\\\/wp-content\\\/uploads\\\/2026\\\/03\\\/tondeuse-autoportee-thermique-432-cm-coupe-98-cm-5000-m-villager-agm-ltm-98-19.jpg\",\"width\":1200,\"height\":1372},{\"@type\":\"BreadcrumbList\",\"@id\":\"https:\\\/\\\/sagrinex.com\\\/produit\\\/tondeuse-autoportee-thermique-432-cm%c2%b3-coupe-98-cm-5000-m%c2%b2-villager-agm-ltm-98-19\\\/#breadcrumb\",\"itemListElement\":[{\"@type\":\"ListItem\",\"position\":1,\"name\":\"Accueil\",\"item\":\"https:\\\/\\\/sagrinex.com\\\/?lang=de\"},{\"@type\":\"ListItem\",\"position\":2,\"name\":\"Shop\",\"item\":\"https:\\\/\\\/sagrinex.com\\\/shop\\\/\"},{\"@type\":\"ListItem\",\"position\":3,\"name\":\"Benzin-rasentraktor 432 Cm\u00b3 &#8211; Schnittbreite 98 Cm &#8211; 5000 M\u00b2 &#8211; Villager Agm Ltm 98-19\"}]},{\"@type\":\"WebSite\",\"@id\":\"https:\\\/\\\/sagrinex.com\\\/#website\",\"url\":\"https:\\\/\\\/sagrinex.com\\\/\",\"name\":\"Sagrinex \u2013 Spezialist f\u00fcr Anh\u00e4nger, Container & Landtechnik\",\"description\":\"Anhaenger, Container &amp; Landtechnik \u2014 Online-Verkauf &amp; kostenloses Angebot\",\"publisher\":{\"@id\":\"https:\\\/\\\/sagrinex.com\\\/#organization\"},\"potentialAction\":[{\"@type\":\"SearchAction\",\"target\":{\"@type\":\"EntryPoint\",\"urlTemplate\":\"https:\\\/\\\/sagrinex.com\\\/?s={search_term_string}\"},\"query-input\":{\"@type\":\"PropertyValueSpecification\",\"valueRequired\":true,\"valueName\":\"search_term_string\"}}],\"inLanguage\":\"de\"},{\"@type\":\"Organization\",\"@id\":\"https:\\\/\\\/sagrinex.com\\\/#organization\",\"name\":\"Sagrinex \u2013 Remorques, Conteneurs & Mat\u00e9riel Agricole\",\"url\":\"https:\\\/\\\/sagrinex.com\\\/\",\"logo\":{\"@type\":\"ImageObject\",\"inLanguage\":\"de\",\"@id\":\"https:\\\/\\\/sagrinex.com\\\/#\\\/schema\\\/logo\\\/image\\\/\",\"url\":\"https:\\\/\\\/sagrinex.com\\\/wp-content\\\/uploads\\\/2026\\\/03\\\/7f1ac463-ef5a-425d-bdd6-a5da03a334a9-1024x683.png\",\"contentUrl\":\"https:\\\/\\\/sagrinex.com\\\/wp-content\\\/uploads\\\/2026\\\/03\\\/7f1ac463-ef5a-425d-bdd6-a5da03a334a9-1024x683.png\",\"width\":1024,\"height\":683,\"caption\":\"Sagrinex \u2013 Remorques, Conteneurs & Mat\u00e9riel Agricole\"},\"image\":{\"@id\":\"https:\\\/\\\/sagrinex.com\\\/#\\\/schema\\\/logo\\\/image\\\/\"}}]}<\/script>\n<!-- \/ Yoast SEO plugin. -->","yoast_head_json":{"title":"Benzin-Rasentraktor 432 cm\u00b3 - Schnittbreite 98 cm - 5000 m\u00b2 - Villager AGM LTM 98-19","description":"Leistungsstarker Benzin-Rasentraktor AGM LTM 98-19 f\u00fcr Fl\u00e4chen bis zu 5.000 m\u00b2. Schnittbreite von 98 cm mit 7-facher H\u00f6henverstellung (30\u201390 mm) f\u00fcr pr\u00e4zises M\u00e4hen. Optimaler Komfort durch ergonomischen Sitz und Elektrostart. Mulchfunktion (optional) und Seitenauswurf. Robustes Design (200 kg) mit 5-Gang-Getriebe. 2 Jahre Garantie.","robots":{"index":"index","follow":"follow","max-snippet":"max-snippet:-1","max-image-preview":"max-image-preview:large","max-video-preview":"max-video-preview:-1"},"canonical":"https:\/\/sagrinex.com\/produit\/tondeuse-autoportee-thermique-432-cm\u00b3-coupe-98-cm-5000-m\u00b2-villager-agm-ltm-98-19\/","og_locale":"de_DE","og_type":"article","og_title":"Benzin-Rasentraktor 432 cm\u00b3 - Schnittbreite 98 cm - 5000 m\u00b2 - Villager AGM LTM 98-19","og_description":"Leistungsstarker Benzin-Rasentraktor AGM LTM 98-19 f\u00fcr Fl\u00e4chen bis zu 5.000 m\u00b2. Schnittbreite von 98 cm mit 7-facher H\u00f6henverstellung (30\u201390 mm) f\u00fcr pr\u00e4zises M\u00e4hen. Optimaler Komfort durch ergonomischen Sitz und Elektrostart. Mulchfunktion (optional) und Seitenauswurf. Robustes Design (200 kg) mit 5-Gang-Getriebe. 2 Jahre Garantie.","og_url":"https:\/\/sagrinex.com\/produit\/tondeuse-autoportee-thermique-432-cm\u00b3-coupe-98-cm-5000-m\u00b2-villager-agm-ltm-98-19\/","og_site_name":"Sagrinex \u2013 Anhaenger, Container &amp; Landtechnik \ud83c\udf3e\ud83d\ude9c","article_modified_time":"2026-04-15T21:12:06+00:00","og_image":[{"width":1200,"height":1372,"url":"https:\/\/sagrinex.com\/wp-content\/uploads\/2026\/03\/tondeuse-autoportee-thermique-432-cm-coupe-98-cm-5000-m-villager-agm-ltm-98-19.jpg","type":"image\/jpeg"}],"twitter_card":"summary_large_image","twitter_misc":{"Gesch\u00e4tzte Lesezeit":"2\u00a0Minuten"},"schema":{"@context":"https:\/\/schema.org","@graph":[{"@type":"WebPage","@id":"https:\/\/sagrinex.com\/produit\/tondeuse-autoportee-thermique-432-cm%c2%b3-coupe-98-cm-5000-m%c2%b2-villager-agm-ltm-98-19\/","url":"https:\/\/sagrinex.com\/produit\/tondeuse-autoportee-thermique-432-cm%c2%b3-coupe-98-cm-5000-m%c2%b2-villager-agm-ltm-98-19\/","name":"Benzin-Rasentraktor 432 cm\u00b3 - Schnittbreite 98 cm - 5000 m\u00b2 - Villager AGM LTM 98-19","isPartOf":{"@id":"https:\/\/sagrinex.com\/#website"},"primaryImageOfPage":{"@id":"https:\/\/sagrinex.com\/produit\/tondeuse-autoportee-thermique-432-cm%c2%b3-coupe-98-cm-5000-m%c2%b2-villager-agm-ltm-98-19\/#primaryimage"},"image":{"@id":"https:\/\/sagrinex.com\/produit\/tondeuse-autoportee-thermique-432-cm%c2%b3-coupe-98-cm-5000-m%c2%b2-villager-agm-ltm-98-19\/#primaryimage"},"thumbnailUrl":"https:\/\/sagrinex.com\/wp-content\/uploads\/2026\/03\/tondeuse-autoportee-thermique-432-cm-coupe-98-cm-5000-m-villager-agm-ltm-98-19.jpg","datePublished":"2026-03-10T22:09:58+00:00","dateModified":"2026-04-15T21:12:06+00:00","description":"Leistungsstarker Benzin-Rasentraktor AGM LTM 98-19 f\u00fcr Fl\u00e4chen bis zu 5.000 m\u00b2. Schnittbreite von 98 cm mit 7-facher H\u00f6henverstellung (30\u201390 mm) f\u00fcr pr\u00e4zises M\u00e4hen. Optimaler Komfort durch ergonomischen Sitz und Elektrostart. Mulchfunktion (optional) und Seitenauswurf. Robustes Design (200 kg) mit 5-Gang-Getriebe. 2 Jahre Garantie.","breadcrumb":{"@id":"https:\/\/sagrinex.com\/produit\/tondeuse-autoportee-thermique-432-cm%c2%b3-coupe-98-cm-5000-m%c2%b2-villager-agm-ltm-98-19\/#breadcrumb"},"inLanguage":"de","potentialAction":[{"@type":"ReadAction","target":["https:\/\/sagrinex.com\/produit\/tondeuse-autoportee-thermique-432-cm%c2%b3-coupe-98-cm-5000-m%c2%b2-villager-agm-ltm-98-19\/"]}]},{"@type":"ImageObject","inLanguage":"de","@id":"https:\/\/sagrinex.com\/produit\/tondeuse-autoportee-thermique-432-cm%c2%b3-coupe-98-cm-5000-m%c2%b2-villager-agm-ltm-98-19\/#primaryimage","url":"https:\/\/sagrinex.com\/wp-content\/uploads\/2026\/03\/tondeuse-autoportee-thermique-432-cm-coupe-98-cm-5000-m-villager-agm-ltm-98-19.jpg","contentUrl":"https:\/\/sagrinex.com\/wp-content\/uploads\/2026\/03\/tondeuse-autoportee-thermique-432-cm-coupe-98-cm-5000-m-villager-agm-ltm-98-19.jpg","width":1200,"height":1372},{"@type":"BreadcrumbList","@id":"https:\/\/sagrinex.com\/produit\/tondeuse-autoportee-thermique-432-cm%c2%b3-coupe-98-cm-5000-m%c2%b2-villager-agm-ltm-98-19\/#breadcrumb","itemListElement":[{"@type":"ListItem","position":1,"name":"Accueil","item":"https:\/\/sagrinex.com\/?lang=de"},{"@type":"ListItem","position":2,"name":"Shop","item":"https:\/\/sagrinex.com\/shop\/"},{"@type":"ListItem","position":3,"name":"Benzin-rasentraktor 432 Cm\u00b3 &#8211; Schnittbreite 98 Cm &#8211; 5000 M\u00b2 &#8211; Villager Agm Ltm 98-19"}]},{"@type":"WebSite","@id":"https:\/\/sagrinex.com\/#website","url":"https:\/\/sagrinex.com\/","name":"Sagrinex \u2013 Spezialist f\u00fcr Anh\u00e4nger, Container & Landtechnik","description":"Anhaenger, Container &amp; Landtechnik \u2014 Online-Verkauf &amp; kostenloses Angebot","publisher":{"@id":"https:\/\/sagrinex.com\/#organization"},"potentialAction":[{"@type":"SearchAction","target":{"@type":"EntryPoint","urlTemplate":"https:\/\/sagrinex.com\/?s={search_term_string}"},"query-input":{"@type":"PropertyValueSpecification","valueRequired":true,"valueName":"search_term_string"}}],"inLanguage":"de"},{"@type":"Organization","@id":"https:\/\/sagrinex.com\/#organization","name":"Sagrinex \u2013 Remorques, Conteneurs & Mat\u00e9riel Agricole","url":"https:\/\/sagrinex.com\/","logo":{"@type":"ImageObject","inLanguage":"de","@id":"https:\/\/sagrinex.com\/#\/schema\/logo\/image\/","url":"https:\/\/sagrinex.com\/wp-content\/uploads\/2026\/03\/7f1ac463-ef5a-425d-bdd6-a5da03a334a9-1024x683.png","contentUrl":"https:\/\/sagrinex.com\/wp-content\/uploads\/2026\/03\/7f1ac463-ef5a-425d-bdd6-a5da03a334a9-1024x683.png","width":1024,"height":683,"caption":"Sagrinex \u2013 Remorques, Conteneurs & Mat\u00e9riel Agricole"},"image":{"@id":"https:\/\/sagrinex.com\/#\/schema\/logo\/image\/"}}]}},"jetpack_sharing_enabled":true,"_links":{"self":[{"href":"https:\/\/sagrinex.com\/de\/wp-json\/wp\/v2\/product\/13475","targetHints":{"allow":["GET"]}}],"collection":[{"href":"https:\/\/sagrinex.com\/de\/wp-json\/wp\/v2\/product"}],"about":[{"href":"https:\/\/sagrinex.com\/de\/wp-json\/wp\/v2\/types\/product"}],"replies":[{"embeddable":true,"href":"https:\/\/sagrinex.com\/de\/wp-json\/wp\/v2\/comments?post=13475"}],"version-history":[{"count":0,"href":"https:\/\/sagrinex.com\/de\/wp-json\/wp\/v2\/product\/13475\/revisions"}],"wp:featuredmedia":[{"embeddable":true,"href":"https:\/\/sagrinex.com\/de\/wp-json\/wp\/v2\/media\/13476"}],"wp:attachment":[{"href":"https:\/\/sagrinex.com\/de\/wp-json\/wp\/v2\/media?parent=13475"}],"wp:term":[{"taxonomy":"product_brand","embeddable":true,"href":"https:\/\/sagrinex.com\/de\/wp-json\/wp\/v2\/product_brand?post=13475"},{"taxonomy":"product_cat","embeddable":true,"href":"https:\/\/sagrinex.com\/de\/wp-json\/wp\/v2\/product_cat?post=13475"},{"taxonomy":"product_tag","embeddable":true,"href":"https:\/\/sagrinex.com\/de\/wp-json\/wp\/v2\/product_tag?post=13475"}],"curies":[{"name":"wp","href":"https:\/\/api.w.org\/{rel}","templated":true}]}}