{"id":13506,"date":"2026-03-10T18:55:25","date_gmt":"2026-03-10T18:55:25","guid":{"rendered":"https:\/\/sagrinex.com\/produit\/rasenmaeher-mit-radantrieb-honda-motor-166-cm%c2%b3-mulchen-51-cm-1-500-m%c2%b2-villager-falcon-5111h\/"},"modified":"2026-04-15T21:12:06","modified_gmt":"2026-04-15T21:12:06","slug":"rasenmaeher-mit-radantrieb-honda-motor-166-cm%c2%b3-mulchen-51-cm-1-500-m%c2%b2-villager-falcon-5111h","status":"publish","type":"product","link":"https:\/\/sagrinex.com\/de\/produit\/rasenmaeher-mit-radantrieb-honda-motor-166-cm%c2%b3-mulchen-51-cm-1-500-m%c2%b2-villager-falcon-5111h\/","title":{"rendered":"Rasenm\u00e4her mit Radantrieb, Honda-motor 166 Cm\u00b3, Mulchen 51 Cm, 1.500 M\u00b2 \u2013 Villager Falcon-5111h"},"content":{"rendered":"<p>Das Herzst\u00fcck der Falcon-5111H ist ein Honda GCVx 175 Motor mit 166 cm\u00b3, bekannt f\u00fcr Leistung, Zuverl\u00e4ssigkeit und Langlebigkeit. Dieser Motor sorgt f\u00fcr einen kraftvollen und gleichm\u00e4\u00dfigen Schnitt \u2013 auch bei hohem und dichtem Gras. <\/p>\n<p>Mit einer Schnittbreite von 510 mm m\u00e4hen Sie mit der Falcon-5111H gro\u00dfe Fl\u00e4chen in k\u00fcrzester Zeit. Ideal f\u00fcr G\u00e4rten ab 1.500 m\u00b2 \u2013 f\u00fcr wertvolle Zeit- und Kraftersparnis. <\/p>\n<p>Keine Anstrengung mehr! Die Falcon-5111H ist selbstfahrend \u2013 sie f\u00e4hrt von allein, w\u00e4hrend Sie sie nur f\u00fchren. Sie gehen einfach entspannt hinterher, ohne zu schieben, und m\u00e4hen ohne Erm\u00fcdung.  <\/p>\n<p>Ob kurzer Schnitt f\u00fcr eine gepflegte Optik oder h\u00f6heres Gras zur F\u00f6rderung des Wachstums \u2013 die Falcon-5111H passt sich Ihren Bed\u00fcrfnissen an. Die Schnitth\u00f6he ist zentral in 6 Stufen von 22 bis 80 mm einstellbar \u2013 f\u00fcr stets individuell angepasstes M\u00e4hen. <\/p>\n<p>Der 60-L-Fangkorb erm\u00f6glicht das M\u00e4hen gro\u00dfer Fl\u00e4chen, ohne ihn h\u00e4ufig leeren zu m\u00fcssen. Praktisch und zeitsparend! <\/p>\n<p>Aus hochwertigen Materialien gefertigt, ist die Falcon-5111H ein robuster und langlebiger Rasenm\u00e4her, der Sie viele Jahre begleiten wird.<\/p>\n<p>Mit ihrem leistungsstarken Honda-Motor, der gro\u00dfz\u00fcgigen Schnittbreite, dem Selbstantrieb, dem gro\u00dfen Fangkorb und der robusten Bauweise ist die Falcon-5111H der ideale Rasenm\u00e4her f\u00fcr anspruchsvolle Nutzer, die eine leistungsstarke, komfortable und langlebige Maschine suchen.<\/p>\n","protected":false},"excerpt":{"rendered":"<ul>\n<li><strong>Selbstfahrender Benzinrasenm\u00e4her Villager Falcon-5111H<\/strong>, ideal f\u00fcr Rasenfl\u00e4chen bis <strong>1.500 m\u00b2.<\/strong><\/li>\n<li>Ausgestattet mit einem <strong>HONDA GCVx 175<\/strong>-Motor mit <strong>166 cm\u00b3<\/strong>, mit einer Leistung von <strong>3,3 kW<\/strong> (<strong>2.900 U\/min<\/strong>).<\/li>\n<li>Mit nur <strong>34,5 kg<\/strong> besonders leicht \u2013 mit hervorragendem Leistungsgewicht.<\/li>\n<li>Schnitth\u00f6he einstellbar von <strong>22 bis 80 mm.<\/strong><\/li>\n<li><strong>4-in-1-Funktionen<\/strong> mit <strong>Mulchen<\/strong>, seitlichem und hinterem Auswurf sowie 60-L-Fangkorb.<\/li>\n<\/ul>\n","protected":false},"featured_media":13507,"comment_status":"open","ping_status":"closed","template":"","meta":[],"product_brand":[],"product_cat":[325,320],"product_tag":[],"class_list":{"0":"post-13506","1":"product","2":"type-product","3":"status-publish","4":"has-post-thumbnail","6":"product_cat-benzin-rasenmaeher","7":"product_cat-unsere-rasenmaher","9":"first","10":"instock","11":"sale","12":"shipping-taxable","13":"purchasable","14":"product-type-simple"},"yoast_head":"<!-- This site is optimized with the Yoast SEO plugin v27.4 - https:\/\/yoast.com\/product\/yoast-seo-wordpress\/ -->\n<title>Rasenm\u00e4her mit Radantrieb, HONDA-Motor 166 cm\u00b3, Mulchen 51 cm, 1.500 m\u00b2 \u2013 Villager Falcon-5111H<\/title>\n<meta name=\"description\" content=\"Selbstfahrender Benzinrasenm\u00e4her Villager Falcon-5111H, ideal f\u00fcr Rasenfl\u00e4chen bis 1.500 m\u00b2. Ausgestattet mit einem HONDA GCVx 175 Motor mit 166 cm\u00b3 und einer Leistung von 3,3 kW (2.900 U\/min). Mit nur 34,5 kg besonders leicht und mit hervorragendem Leistungsgewicht. Schnitth\u00f6he einstellbar von 22 bis 80 mm. 4-in-1-Funktionen mit Mulchen, seitlichem und hinterem Auswurf sowie 60-L-Fangkorb.\" \/>\n<meta name=\"robots\" content=\"index, follow, max-snippet:-1, max-image-preview:large, max-video-preview:-1\" \/>\n<link rel=\"canonical\" href=\"https:\/\/sagrinex.com\/produit\/tondeuse-a-gazon-tractee-moteur-honda-166cc-mulching-51-cm-1500-m\u00b2-villager-falcon-5111h\/\" \/>\n<meta property=\"og:locale\" content=\"de_DE\" \/>\n<meta property=\"og:type\" content=\"article\" \/>\n<meta property=\"og:title\" content=\"Rasenm\u00e4her mit Radantrieb, HONDA-Motor 166 cm\u00b3, Mulchen 51 cm, 1.500 m\u00b2 \u2013 Villager Falcon-5111H\" \/>\n<meta property=\"og:description\" content=\"Selbstfahrender Benzinrasenm\u00e4her Villager Falcon-5111H, ideal f\u00fcr Rasenfl\u00e4chen bis 1.500 m\u00b2. Ausgestattet mit einem HONDA GCVx 175 Motor mit 166 cm\u00b3 und einer Leistung von 3,3 kW (2.900 U\/min). Mit nur 34,5 kg besonders leicht und mit hervorragendem Leistungsgewicht. Schnitth\u00f6he einstellbar von 22 bis 80 mm. 4-in-1-Funktionen mit Mulchen, seitlichem und hinterem Auswurf sowie 60-L-Fangkorb.\" \/>\n<meta property=\"og:url\" content=\"https:\/\/sagrinex.com\/produit\/tondeuse-a-gazon-tractee-moteur-honda-166cc-mulching-51-cm-1500-m\u00b2-villager-falcon-5111h\/\" \/>\n<meta property=\"og:site_name\" content=\"Sagrinex \u2013 Anhaenger, Container &amp; Landtechnik \ud83c\udf3e\ud83d\ude9c\" \/>\n<meta property=\"article:modified_time\" content=\"2026-04-15T21:12:06+00:00\" \/>\n<meta property=\"og:image\" content=\"https:\/\/sagrinex.com\/wp-content\/uploads\/2026\/03\/tondeuse-a-gazon-tractee-moteur-honda-166cc-mulching-51-cm-1500-m-villager-falcon-5111h.jpg\" \/>\n\t<meta property=\"og:image:width\" content=\"1200\" \/>\n\t<meta property=\"og:image:height\" content=\"1372\" \/>\n\t<meta property=\"og:image:type\" content=\"image\/jpeg\" \/>\n<meta name=\"twitter:card\" content=\"summary_large_image\" \/>\n<meta name=\"twitter:label1\" content=\"Gesch\u00e4tzte Lesezeit\" \/>\n\t<meta name=\"twitter:data1\" content=\"1\u00a0Minute\" \/>\n<script type=\"application\/ld+json\" class=\"yoast-schema-graph\">{\"@context\":\"https:\\\/\\\/schema.org\",\"@graph\":[{\"@type\":\"WebPage\",\"@id\":\"https:\\\/\\\/sagrinex.com\\\/produit\\\/tondeuse-a-gazon-tractee-moteur-honda-166cc-mulching-51-cm-1500-m%c2%b2-villager-falcon-5111h\\\/\",\"url\":\"https:\\\/\\\/sagrinex.com\\\/produit\\\/tondeuse-a-gazon-tractee-moteur-honda-166cc-mulching-51-cm-1500-m%c2%b2-villager-falcon-5111h\\\/\",\"name\":\"Rasenm\u00e4her mit Radantrieb, HONDA-Motor 166 cm\u00b3, Mulchen 51 cm, 1.500 m\u00b2 \u2013 Villager Falcon-5111H\",\"isPartOf\":{\"@id\":\"https:\\\/\\\/sagrinex.com\\\/#website\"},\"primaryImageOfPage\":{\"@id\":\"https:\\\/\\\/sagrinex.com\\\/produit\\\/tondeuse-a-gazon-tractee-moteur-honda-166cc-mulching-51-cm-1500-m%c2%b2-villager-falcon-5111h\\\/#primaryimage\"},\"image\":{\"@id\":\"https:\\\/\\\/sagrinex.com\\\/produit\\\/tondeuse-a-gazon-tractee-moteur-honda-166cc-mulching-51-cm-1500-m%c2%b2-villager-falcon-5111h\\\/#primaryimage\"},\"thumbnailUrl\":\"https:\\\/\\\/sagrinex.com\\\/wp-content\\\/uploads\\\/2026\\\/03\\\/tondeuse-a-gazon-tractee-moteur-honda-166cc-mulching-51-cm-1500-m-villager-falcon-5111h.jpg\",\"datePublished\":\"2026-03-10T18:55:25+00:00\",\"dateModified\":\"2026-04-15T21:12:06+00:00\",\"description\":\"Selbstfahrender Benzinrasenm\u00e4her Villager Falcon-5111H, ideal f\u00fcr Rasenfl\u00e4chen bis 1.500 m\u00b2. Ausgestattet mit einem HONDA GCVx 175 Motor mit 166 cm\u00b3 und einer Leistung von 3,3 kW (2.900 U\\\/min). Mit nur 34,5 kg besonders leicht und mit hervorragendem Leistungsgewicht. Schnitth\u00f6he einstellbar von 22 bis 80 mm. 4-in-1-Funktionen mit Mulchen, seitlichem und hinterem Auswurf sowie 60-L-Fangkorb.\",\"breadcrumb\":{\"@id\":\"https:\\\/\\\/sagrinex.com\\\/produit\\\/tondeuse-a-gazon-tractee-moteur-honda-166cc-mulching-51-cm-1500-m%c2%b2-villager-falcon-5111h\\\/#breadcrumb\"},\"inLanguage\":\"de\",\"potentialAction\":[{\"@type\":\"ReadAction\",\"target\":[\"https:\\\/\\\/sagrinex.com\\\/produit\\\/tondeuse-a-gazon-tractee-moteur-honda-166cc-mulching-51-cm-1500-m%c2%b2-villager-falcon-5111h\\\/\"]}]},{\"@type\":\"ImageObject\",\"inLanguage\":\"de\",\"@id\":\"https:\\\/\\\/sagrinex.com\\\/produit\\\/tondeuse-a-gazon-tractee-moteur-honda-166cc-mulching-51-cm-1500-m%c2%b2-villager-falcon-5111h\\\/#primaryimage\",\"url\":\"https:\\\/\\\/sagrinex.com\\\/wp-content\\\/uploads\\\/2026\\\/03\\\/tondeuse-a-gazon-tractee-moteur-honda-166cc-mulching-51-cm-1500-m-villager-falcon-5111h.jpg\",\"contentUrl\":\"https:\\\/\\\/sagrinex.com\\\/wp-content\\\/uploads\\\/2026\\\/03\\\/tondeuse-a-gazon-tractee-moteur-honda-166cc-mulching-51-cm-1500-m-villager-falcon-5111h.jpg\",\"width\":1200,\"height\":1372},{\"@type\":\"BreadcrumbList\",\"@id\":\"https:\\\/\\\/sagrinex.com\\\/produit\\\/tondeuse-a-gazon-tractee-moteur-honda-166cc-mulching-51-cm-1500-m%c2%b2-villager-falcon-5111h\\\/#breadcrumb\",\"itemListElement\":[{\"@type\":\"ListItem\",\"position\":1,\"name\":\"Accueil\",\"item\":\"https:\\\/\\\/sagrinex.com\\\/?lang=de\"},{\"@type\":\"ListItem\",\"position\":2,\"name\":\"Shop\",\"item\":\"https:\\\/\\\/sagrinex.com\\\/shop\\\/\"},{\"@type\":\"ListItem\",\"position\":3,\"name\":\"Rasenm\u00e4her mit Radantrieb, Honda-motor 166 Cm\u00b3, Mulchen 51 Cm, 1.500 M\u00b2 \u2013 Villager Falcon-5111h\"}]},{\"@type\":\"WebSite\",\"@id\":\"https:\\\/\\\/sagrinex.com\\\/#website\",\"url\":\"https:\\\/\\\/sagrinex.com\\\/\",\"name\":\"Sagrinex \u2013 Spezialist f\u00fcr Anh\u00e4nger, Container & Landtechnik\",\"description\":\"Anhaenger, Container &amp; Landtechnik \u2014 Online-Verkauf &amp; kostenloses Angebot\",\"publisher\":{\"@id\":\"https:\\\/\\\/sagrinex.com\\\/#organization\"},\"potentialAction\":[{\"@type\":\"SearchAction\",\"target\":{\"@type\":\"EntryPoint\",\"urlTemplate\":\"https:\\\/\\\/sagrinex.com\\\/?s={search_term_string}\"},\"query-input\":{\"@type\":\"PropertyValueSpecification\",\"valueRequired\":true,\"valueName\":\"search_term_string\"}}],\"inLanguage\":\"de\"},{\"@type\":\"Organization\",\"@id\":\"https:\\\/\\\/sagrinex.com\\\/#organization\",\"name\":\"Sagrinex \u2013 Remorques, Conteneurs & Mat\u00e9riel Agricole\",\"url\":\"https:\\\/\\\/sagrinex.com\\\/\",\"logo\":{\"@type\":\"ImageObject\",\"inLanguage\":\"de\",\"@id\":\"https:\\\/\\\/sagrinex.com\\\/#\\\/schema\\\/logo\\\/image\\\/\",\"url\":\"https:\\\/\\\/sagrinex.com\\\/wp-content\\\/uploads\\\/2026\\\/03\\\/7f1ac463-ef5a-425d-bdd6-a5da03a334a9-1024x683.png\",\"contentUrl\":\"https:\\\/\\\/sagrinex.com\\\/wp-content\\\/uploads\\\/2026\\\/03\\\/7f1ac463-ef5a-425d-bdd6-a5da03a334a9-1024x683.png\",\"width\":1024,\"height\":683,\"caption\":\"Sagrinex \u2013 Remorques, Conteneurs & Mat\u00e9riel Agricole\"},\"image\":{\"@id\":\"https:\\\/\\\/sagrinex.com\\\/#\\\/schema\\\/logo\\\/image\\\/\"}}]}<\/script>\n<!-- \/ Yoast SEO plugin. -->","yoast_head_json":{"title":"Rasenm\u00e4her mit Radantrieb, HONDA-Motor 166 cm\u00b3, Mulchen 51 cm, 1.500 m\u00b2 \u2013 Villager Falcon-5111H","description":"Selbstfahrender Benzinrasenm\u00e4her Villager Falcon-5111H, ideal f\u00fcr Rasenfl\u00e4chen bis 1.500 m\u00b2. Ausgestattet mit einem HONDA GCVx 175 Motor mit 166 cm\u00b3 und einer Leistung von 3,3 kW (2.900 U\/min). Mit nur 34,5 kg besonders leicht und mit hervorragendem Leistungsgewicht. Schnitth\u00f6he einstellbar von 22 bis 80 mm. 4-in-1-Funktionen mit Mulchen, seitlichem und hinterem Auswurf sowie 60-L-Fangkorb.","robots":{"index":"index","follow":"follow","max-snippet":"max-snippet:-1","max-image-preview":"max-image-preview:large","max-video-preview":"max-video-preview:-1"},"canonical":"https:\/\/sagrinex.com\/produit\/tondeuse-a-gazon-tractee-moteur-honda-166cc-mulching-51-cm-1500-m\u00b2-villager-falcon-5111h\/","og_locale":"de_DE","og_type":"article","og_title":"Rasenm\u00e4her mit Radantrieb, HONDA-Motor 166 cm\u00b3, Mulchen 51 cm, 1.500 m\u00b2 \u2013 Villager Falcon-5111H","og_description":"Selbstfahrender Benzinrasenm\u00e4her Villager Falcon-5111H, ideal f\u00fcr Rasenfl\u00e4chen bis 1.500 m\u00b2. Ausgestattet mit einem HONDA GCVx 175 Motor mit 166 cm\u00b3 und einer Leistung von 3,3 kW (2.900 U\/min). Mit nur 34,5 kg besonders leicht und mit hervorragendem Leistungsgewicht. Schnitth\u00f6he einstellbar von 22 bis 80 mm. 4-in-1-Funktionen mit Mulchen, seitlichem und hinterem Auswurf sowie 60-L-Fangkorb.","og_url":"https:\/\/sagrinex.com\/produit\/tondeuse-a-gazon-tractee-moteur-honda-166cc-mulching-51-cm-1500-m\u00b2-villager-falcon-5111h\/","og_site_name":"Sagrinex \u2013 Anhaenger, Container &amp; Landtechnik \ud83c\udf3e\ud83d\ude9c","article_modified_time":"2026-04-15T21:12:06+00:00","og_image":[{"width":1200,"height":1372,"url":"https:\/\/sagrinex.com\/wp-content\/uploads\/2026\/03\/tondeuse-a-gazon-tractee-moteur-honda-166cc-mulching-51-cm-1500-m-villager-falcon-5111h.jpg","type":"image\/jpeg"}],"twitter_card":"summary_large_image","twitter_misc":{"Gesch\u00e4tzte Lesezeit":"1\u00a0Minute"},"schema":{"@context":"https:\/\/schema.org","@graph":[{"@type":"WebPage","@id":"https:\/\/sagrinex.com\/produit\/tondeuse-a-gazon-tractee-moteur-honda-166cc-mulching-51-cm-1500-m%c2%b2-villager-falcon-5111h\/","url":"https:\/\/sagrinex.com\/produit\/tondeuse-a-gazon-tractee-moteur-honda-166cc-mulching-51-cm-1500-m%c2%b2-villager-falcon-5111h\/","name":"Rasenm\u00e4her mit Radantrieb, HONDA-Motor 166 cm\u00b3, Mulchen 51 cm, 1.500 m\u00b2 \u2013 Villager Falcon-5111H","isPartOf":{"@id":"https:\/\/sagrinex.com\/#website"},"primaryImageOfPage":{"@id":"https:\/\/sagrinex.com\/produit\/tondeuse-a-gazon-tractee-moteur-honda-166cc-mulching-51-cm-1500-m%c2%b2-villager-falcon-5111h\/#primaryimage"},"image":{"@id":"https:\/\/sagrinex.com\/produit\/tondeuse-a-gazon-tractee-moteur-honda-166cc-mulching-51-cm-1500-m%c2%b2-villager-falcon-5111h\/#primaryimage"},"thumbnailUrl":"https:\/\/sagrinex.com\/wp-content\/uploads\/2026\/03\/tondeuse-a-gazon-tractee-moteur-honda-166cc-mulching-51-cm-1500-m-villager-falcon-5111h.jpg","datePublished":"2026-03-10T18:55:25+00:00","dateModified":"2026-04-15T21:12:06+00:00","description":"Selbstfahrender Benzinrasenm\u00e4her Villager Falcon-5111H, ideal f\u00fcr Rasenfl\u00e4chen bis 1.500 m\u00b2. Ausgestattet mit einem HONDA GCVx 175 Motor mit 166 cm\u00b3 und einer Leistung von 3,3 kW (2.900 U\/min). Mit nur 34,5 kg besonders leicht und mit hervorragendem Leistungsgewicht. Schnitth\u00f6he einstellbar von 22 bis 80 mm. 4-in-1-Funktionen mit Mulchen, seitlichem und hinterem Auswurf sowie 60-L-Fangkorb.","breadcrumb":{"@id":"https:\/\/sagrinex.com\/produit\/tondeuse-a-gazon-tractee-moteur-honda-166cc-mulching-51-cm-1500-m%c2%b2-villager-falcon-5111h\/#breadcrumb"},"inLanguage":"de","potentialAction":[{"@type":"ReadAction","target":["https:\/\/sagrinex.com\/produit\/tondeuse-a-gazon-tractee-moteur-honda-166cc-mulching-51-cm-1500-m%c2%b2-villager-falcon-5111h\/"]}]},{"@type":"ImageObject","inLanguage":"de","@id":"https:\/\/sagrinex.com\/produit\/tondeuse-a-gazon-tractee-moteur-honda-166cc-mulching-51-cm-1500-m%c2%b2-villager-falcon-5111h\/#primaryimage","url":"https:\/\/sagrinex.com\/wp-content\/uploads\/2026\/03\/tondeuse-a-gazon-tractee-moteur-honda-166cc-mulching-51-cm-1500-m-villager-falcon-5111h.jpg","contentUrl":"https:\/\/sagrinex.com\/wp-content\/uploads\/2026\/03\/tondeuse-a-gazon-tractee-moteur-honda-166cc-mulching-51-cm-1500-m-villager-falcon-5111h.jpg","width":1200,"height":1372},{"@type":"BreadcrumbList","@id":"https:\/\/sagrinex.com\/produit\/tondeuse-a-gazon-tractee-moteur-honda-166cc-mulching-51-cm-1500-m%c2%b2-villager-falcon-5111h\/#breadcrumb","itemListElement":[{"@type":"ListItem","position":1,"name":"Accueil","item":"https:\/\/sagrinex.com\/?lang=de"},{"@type":"ListItem","position":2,"name":"Shop","item":"https:\/\/sagrinex.com\/shop\/"},{"@type":"ListItem","position":3,"name":"Rasenm\u00e4her mit Radantrieb, Honda-motor 166 Cm\u00b3, Mulchen 51 Cm, 1.500 M\u00b2 \u2013 Villager Falcon-5111h"}]},{"@type":"WebSite","@id":"https:\/\/sagrinex.com\/#website","url":"https:\/\/sagrinex.com\/","name":"Sagrinex \u2013 Spezialist f\u00fcr Anh\u00e4nger, Container & Landtechnik","description":"Anhaenger, Container &amp; Landtechnik \u2014 Online-Verkauf &amp; kostenloses Angebot","publisher":{"@id":"https:\/\/sagrinex.com\/#organization"},"potentialAction":[{"@type":"SearchAction","target":{"@type":"EntryPoint","urlTemplate":"https:\/\/sagrinex.com\/?s={search_term_string}"},"query-input":{"@type":"PropertyValueSpecification","valueRequired":true,"valueName":"search_term_string"}}],"inLanguage":"de"},{"@type":"Organization","@id":"https:\/\/sagrinex.com\/#organization","name":"Sagrinex \u2013 Remorques, Conteneurs & Mat\u00e9riel Agricole","url":"https:\/\/sagrinex.com\/","logo":{"@type":"ImageObject","inLanguage":"de","@id":"https:\/\/sagrinex.com\/#\/schema\/logo\/image\/","url":"https:\/\/sagrinex.com\/wp-content\/uploads\/2026\/03\/7f1ac463-ef5a-425d-bdd6-a5da03a334a9-1024x683.png","contentUrl":"https:\/\/sagrinex.com\/wp-content\/uploads\/2026\/03\/7f1ac463-ef5a-425d-bdd6-a5da03a334a9-1024x683.png","width":1024,"height":683,"caption":"Sagrinex \u2013 Remorques, Conteneurs & Mat\u00e9riel Agricole"},"image":{"@id":"https:\/\/sagrinex.com\/#\/schema\/logo\/image\/"}}]}},"jetpack_sharing_enabled":true,"_links":{"self":[{"href":"https:\/\/sagrinex.com\/de\/wp-json\/wp\/v2\/product\/13506","targetHints":{"allow":["GET"]}}],"collection":[{"href":"https:\/\/sagrinex.com\/de\/wp-json\/wp\/v2\/product"}],"about":[{"href":"https:\/\/sagrinex.com\/de\/wp-json\/wp\/v2\/types\/product"}],"replies":[{"embeddable":true,"href":"https:\/\/sagrinex.com\/de\/wp-json\/wp\/v2\/comments?post=13506"}],"version-history":[{"count":0,"href":"https:\/\/sagrinex.com\/de\/wp-json\/wp\/v2\/product\/13506\/revisions"}],"wp:featuredmedia":[{"embeddable":true,"href":"https:\/\/sagrinex.com\/de\/wp-json\/wp\/v2\/media\/13507"}],"wp:attachment":[{"href":"https:\/\/sagrinex.com\/de\/wp-json\/wp\/v2\/media?parent=13506"}],"wp:term":[{"taxonomy":"product_brand","embeddable":true,"href":"https:\/\/sagrinex.com\/de\/wp-json\/wp\/v2\/product_brand?post=13506"},{"taxonomy":"product_cat","embeddable":true,"href":"https:\/\/sagrinex.com\/de\/wp-json\/wp\/v2\/product_cat?post=13506"},{"taxonomy":"product_tag","embeddable":true,"href":"https:\/\/sagrinex.com\/de\/wp-json\/wp\/v2\/product_tag?post=13506"}],"curies":[{"name":"wp","href":"https:\/\/api.w.org\/{rel}","templated":true}]}}