{"id":13511,"date":"2026-03-10T09:17:39","date_gmt":"2026-03-10T09:17:39","guid":{"rendered":"https:\/\/sagrinex.com\/produit\/ego-power-akkuladegeraet-ch2100e-ego-power\/"},"modified":"2026-04-15T21:12:06","modified_gmt":"2026-04-15T21:12:06","slug":"ego-power-akkuladegeraet-ch2100e-ego-power","status":"publish","type":"product","link":"https:\/\/sagrinex.com\/de\/produit\/ego-power-akkuladegeraet-ch2100e-ego-power\/","title":{"rendered":"Ego Power Akkuladeger\u00e4t CH2100E Ego Power+"},"content":{"rendered":"<p>Dieses Standardladeger\u00e4t der Ego Power+ Reihe l\u00e4dt die Akkus vollst\u00e4ndig auf:<\/p>\n<ul>\n<li>in 50 Minuten den 2,5 Ah Akku BA1400T 56V.<\/li>\n<li>In 100 Min. den 5,0 Ah Akku BA2800 56V.<\/li>\n<li>In 145 Min. den 7,5 Ah Akku BA4200 56V.<\/li>\n<li>In 190 Min. den 10 Ah Akku BA5600 56V.<\/li>\n<\/ul>\n<p>Dieses Lithium-Akkuladeger\u00e4t ist mit einem einfachen l\u00fcftergek\u00fchlten Ladesystem ausgestattet, um eine \u00dcberhitzung von Akku und Ladeger\u00e4t zu vermeiden.<\/p>\n","protected":false},"excerpt":{"rendered":"<ul>\n<li>EGO <strong>56V<\/strong> <strong>Lithium<\/strong>-Akkuladeger\u00e4t zum Laden von EGO POWER Akkus verschiedener Leistungsstufen und <strong>f\u00fcr alle<\/strong> <strong>Ger\u00e4te<\/strong>: Ego Rasenm\u00e4her, Ego Kettens\u00e4ge, Ego Heckenschere, Ego Laubbl\u00e4ser und Freischneider.<\/li>\n<li><strong>Akkuleistungsanzeige<\/strong> zur Planung der Ladung entsprechend der verbleibenden Arbeit.<\/li>\n<li>Integrierte LED-Ladeanzeige.<\/li>\n<\/ul>\n","protected":false},"featured_media":13512,"comment_status":"open","ping_status":"closed","template":"","meta":[],"product_brand":[],"product_cat":[320],"product_tag":[],"class_list":{"0":"post-13511","1":"product","2":"type-product","3":"status-publish","4":"has-post-thumbnail","6":"product_cat-unsere-rasenmaher","8":"first","9":"instock","10":"sale","11":"shipping-taxable","12":"purchasable","13":"product-type-simple"},"yoast_head":"<!-- This site is optimized with the Yoast SEO plugin v27.5 - https:\/\/yoast.com\/product\/yoast-seo-wordpress\/ -->\n<title>Ego Power Akkuladeger\u00e4t CH2100E EGO POWER+<\/title>\n<meta name=\"description\" content=\"EGO 56V Lithium-Akkuladeger\u00e4t zum Laden von EGO POWER Akkus verschiedener Leistungsstufen und f\u00fcr alle Ger\u00e4te: Ego Rasenm\u00e4her, Ego Kettens\u00e4ge, Ego Heckenschere, Ego Laubbl\u00e4ser und Freischneider. Akkuleistungsanzeige zur Planung der Ladung entsprechend der verbleibenden Arbeit. Integrierte LED-Ladeanzeige.\" \/>\n<meta name=\"robots\" content=\"index, follow, max-snippet:-1, max-image-preview:large, max-video-preview:-1\" \/>\n<link rel=\"canonical\" href=\"https:\/\/sagrinex.com\/produit\/chargeur-de-batterie-ego-power-ch2100e-ego-power\/\" \/>\n<meta property=\"og:locale\" content=\"de_DE\" \/>\n<meta property=\"og:type\" content=\"article\" \/>\n<meta property=\"og:title\" content=\"Ego Power Akkuladeger\u00e4t CH2100E EGO POWER+\" \/>\n<meta property=\"og:description\" content=\"EGO 56V Lithium-Akkuladeger\u00e4t zum Laden von EGO POWER Akkus verschiedener Leistungsstufen und f\u00fcr alle Ger\u00e4te: Ego Rasenm\u00e4her, Ego Kettens\u00e4ge, Ego Heckenschere, Ego Laubbl\u00e4ser und Freischneider. Akkuleistungsanzeige zur Planung der Ladung entsprechend der verbleibenden Arbeit. Integrierte LED-Ladeanzeige.\" \/>\n<meta property=\"og:url\" content=\"https:\/\/sagrinex.com\/produit\/chargeur-de-batterie-ego-power-ch2100e-ego-power\/\" \/>\n<meta property=\"og:site_name\" content=\"Sagrinex \u2013 Anhaenger, Container &amp; Landtechnik \ud83c\udf3e\ud83d\ude9c\" \/>\n<meta property=\"article:modified_time\" content=\"2026-04-15T21:12:06+00:00\" \/>\n<meta property=\"og:image\" content=\"https:\/\/sagrinex.com\/wp-content\/uploads\/2026\/03\/chargeur-de-batterie-ego-power-ch2100e.jpg\" \/>\n\t<meta property=\"og:image:width\" content=\"1200\" \/>\n\t<meta property=\"og:image:height\" content=\"1372\" \/>\n\t<meta property=\"og:image:type\" content=\"image\/jpeg\" \/>\n<meta name=\"twitter:card\" content=\"summary_large_image\" \/>\n<script type=\"application\/ld+json\" class=\"yoast-schema-graph\">{\"@context\":\"https:\\\/\\\/schema.org\",\"@graph\":[{\"@type\":\"WebPage\",\"@id\":\"https:\\\/\\\/sagrinex.com\\\/produit\\\/chargeur-de-batterie-ego-power-ch2100e-ego-power\\\/\",\"url\":\"https:\\\/\\\/sagrinex.com\\\/produit\\\/chargeur-de-batterie-ego-power-ch2100e-ego-power\\\/\",\"name\":\"Ego Power Akkuladeger\u00e4t CH2100E EGO POWER+\",\"isPartOf\":{\"@id\":\"https:\\\/\\\/sagrinex.com\\\/#website\"},\"primaryImageOfPage\":{\"@id\":\"https:\\\/\\\/sagrinex.com\\\/produit\\\/chargeur-de-batterie-ego-power-ch2100e-ego-power\\\/#primaryimage\"},\"image\":{\"@id\":\"https:\\\/\\\/sagrinex.com\\\/produit\\\/chargeur-de-batterie-ego-power-ch2100e-ego-power\\\/#primaryimage\"},\"thumbnailUrl\":\"https:\\\/\\\/sagrinex.com\\\/wp-content\\\/uploads\\\/2026\\\/03\\\/chargeur-de-batterie-ego-power-ch2100e.jpg\",\"datePublished\":\"2026-03-10T09:17:39+00:00\",\"dateModified\":\"2026-04-15T21:12:06+00:00\",\"description\":\"EGO 56V Lithium-Akkuladeger\u00e4t zum Laden von EGO POWER Akkus verschiedener Leistungsstufen und f\u00fcr alle Ger\u00e4te: Ego Rasenm\u00e4her, Ego Kettens\u00e4ge, Ego Heckenschere, Ego Laubbl\u00e4ser und Freischneider. Akkuleistungsanzeige zur Planung der Ladung entsprechend der verbleibenden Arbeit. Integrierte LED-Ladeanzeige.\",\"breadcrumb\":{\"@id\":\"https:\\\/\\\/sagrinex.com\\\/produit\\\/chargeur-de-batterie-ego-power-ch2100e-ego-power\\\/#breadcrumb\"},\"inLanguage\":\"de\",\"potentialAction\":[{\"@type\":\"ReadAction\",\"target\":[\"https:\\\/\\\/sagrinex.com\\\/produit\\\/chargeur-de-batterie-ego-power-ch2100e-ego-power\\\/\"]}]},{\"@type\":\"ImageObject\",\"inLanguage\":\"de\",\"@id\":\"https:\\\/\\\/sagrinex.com\\\/produit\\\/chargeur-de-batterie-ego-power-ch2100e-ego-power\\\/#primaryimage\",\"url\":\"https:\\\/\\\/sagrinex.com\\\/wp-content\\\/uploads\\\/2026\\\/03\\\/chargeur-de-batterie-ego-power-ch2100e.jpg\",\"contentUrl\":\"https:\\\/\\\/sagrinex.com\\\/wp-content\\\/uploads\\\/2026\\\/03\\\/chargeur-de-batterie-ego-power-ch2100e.jpg\",\"width\":1200,\"height\":1372},{\"@type\":\"BreadcrumbList\",\"@id\":\"https:\\\/\\\/sagrinex.com\\\/produit\\\/chargeur-de-batterie-ego-power-ch2100e-ego-power\\\/#breadcrumb\",\"itemListElement\":[{\"@type\":\"ListItem\",\"position\":1,\"name\":\"Accueil\",\"item\":\"https:\\\/\\\/sagrinex.com\\\/?lang=de\"},{\"@type\":\"ListItem\",\"position\":2,\"name\":\"Shop\",\"item\":\"https:\\\/\\\/sagrinex.com\\\/shop\\\/\"},{\"@type\":\"ListItem\",\"position\":3,\"name\":\"Ego Power Akkuladeger\u00e4t CH2100E Ego Power+\"}]},{\"@type\":\"WebSite\",\"@id\":\"https:\\\/\\\/sagrinex.com\\\/#website\",\"url\":\"https:\\\/\\\/sagrinex.com\\\/\",\"name\":\"Sagrinex \u2013 Spezialist f\u00fcr Anh\u00e4nger, Container & Landtechnik\",\"description\":\"Anhaenger, Container &amp; Landtechnik \u2014 Online-Verkauf &amp; kostenloses Angebot\",\"publisher\":{\"@id\":\"https:\\\/\\\/sagrinex.com\\\/#organization\"},\"potentialAction\":[{\"@type\":\"SearchAction\",\"target\":{\"@type\":\"EntryPoint\",\"urlTemplate\":\"https:\\\/\\\/sagrinex.com\\\/?s={search_term_string}\"},\"query-input\":{\"@type\":\"PropertyValueSpecification\",\"valueRequired\":true,\"valueName\":\"search_term_string\"}}],\"inLanguage\":\"de\"},{\"@type\":\"Organization\",\"@id\":\"https:\\\/\\\/sagrinex.com\\\/#organization\",\"name\":\"Sagrinex \u2013 Remorques, Conteneurs & Mat\u00e9riel Agricole\",\"url\":\"https:\\\/\\\/sagrinex.com\\\/\",\"logo\":{\"@type\":\"ImageObject\",\"inLanguage\":\"de\",\"@id\":\"https:\\\/\\\/sagrinex.com\\\/#\\\/schema\\\/logo\\\/image\\\/\",\"url\":\"https:\\\/\\\/sagrinex.com\\\/wp-content\\\/uploads\\\/2026\\\/03\\\/7f1ac463-ef5a-425d-bdd6-a5da03a334a9-1024x683.png\",\"contentUrl\":\"https:\\\/\\\/sagrinex.com\\\/wp-content\\\/uploads\\\/2026\\\/03\\\/7f1ac463-ef5a-425d-bdd6-a5da03a334a9-1024x683.png\",\"width\":1024,\"height\":683,\"caption\":\"Sagrinex \u2013 Remorques, Conteneurs & Mat\u00e9riel Agricole\"},\"image\":{\"@id\":\"https:\\\/\\\/sagrinex.com\\\/#\\\/schema\\\/logo\\\/image\\\/\"}}]}<\/script>\n<!-- \/ Yoast SEO plugin. -->","yoast_head_json":{"title":"Ego Power Akkuladeger\u00e4t CH2100E EGO POWER+","description":"EGO 56V Lithium-Akkuladeger\u00e4t zum Laden von EGO POWER Akkus verschiedener Leistungsstufen und f\u00fcr alle Ger\u00e4te: Ego Rasenm\u00e4her, Ego Kettens\u00e4ge, Ego Heckenschere, Ego Laubbl\u00e4ser und Freischneider. Akkuleistungsanzeige zur Planung der Ladung entsprechend der verbleibenden Arbeit. Integrierte LED-Ladeanzeige.","robots":{"index":"index","follow":"follow","max-snippet":"max-snippet:-1","max-image-preview":"max-image-preview:large","max-video-preview":"max-video-preview:-1"},"canonical":"https:\/\/sagrinex.com\/produit\/chargeur-de-batterie-ego-power-ch2100e-ego-power\/","og_locale":"de_DE","og_type":"article","og_title":"Ego Power Akkuladeger\u00e4t CH2100E EGO POWER+","og_description":"EGO 56V Lithium-Akkuladeger\u00e4t zum Laden von EGO POWER Akkus verschiedener Leistungsstufen und f\u00fcr alle Ger\u00e4te: Ego Rasenm\u00e4her, Ego Kettens\u00e4ge, Ego Heckenschere, Ego Laubbl\u00e4ser und Freischneider. Akkuleistungsanzeige zur Planung der Ladung entsprechend der verbleibenden Arbeit. Integrierte LED-Ladeanzeige.","og_url":"https:\/\/sagrinex.com\/produit\/chargeur-de-batterie-ego-power-ch2100e-ego-power\/","og_site_name":"Sagrinex \u2013 Anhaenger, Container &amp; Landtechnik \ud83c\udf3e\ud83d\ude9c","article_modified_time":"2026-04-15T21:12:06+00:00","og_image":[{"width":1200,"height":1372,"url":"https:\/\/sagrinex.com\/wp-content\/uploads\/2026\/03\/chargeur-de-batterie-ego-power-ch2100e.jpg","type":"image\/jpeg"}],"twitter_card":"summary_large_image","schema":{"@context":"https:\/\/schema.org","@graph":[{"@type":"WebPage","@id":"https:\/\/sagrinex.com\/produit\/chargeur-de-batterie-ego-power-ch2100e-ego-power\/","url":"https:\/\/sagrinex.com\/produit\/chargeur-de-batterie-ego-power-ch2100e-ego-power\/","name":"Ego Power Akkuladeger\u00e4t CH2100E EGO POWER+","isPartOf":{"@id":"https:\/\/sagrinex.com\/#website"},"primaryImageOfPage":{"@id":"https:\/\/sagrinex.com\/produit\/chargeur-de-batterie-ego-power-ch2100e-ego-power\/#primaryimage"},"image":{"@id":"https:\/\/sagrinex.com\/produit\/chargeur-de-batterie-ego-power-ch2100e-ego-power\/#primaryimage"},"thumbnailUrl":"https:\/\/sagrinex.com\/wp-content\/uploads\/2026\/03\/chargeur-de-batterie-ego-power-ch2100e.jpg","datePublished":"2026-03-10T09:17:39+00:00","dateModified":"2026-04-15T21:12:06+00:00","description":"EGO 56V Lithium-Akkuladeger\u00e4t zum Laden von EGO POWER Akkus verschiedener Leistungsstufen und f\u00fcr alle Ger\u00e4te: Ego Rasenm\u00e4her, Ego Kettens\u00e4ge, Ego Heckenschere, Ego Laubbl\u00e4ser und Freischneider. Akkuleistungsanzeige zur Planung der Ladung entsprechend der verbleibenden Arbeit. Integrierte LED-Ladeanzeige.","breadcrumb":{"@id":"https:\/\/sagrinex.com\/produit\/chargeur-de-batterie-ego-power-ch2100e-ego-power\/#breadcrumb"},"inLanguage":"de","potentialAction":[{"@type":"ReadAction","target":["https:\/\/sagrinex.com\/produit\/chargeur-de-batterie-ego-power-ch2100e-ego-power\/"]}]},{"@type":"ImageObject","inLanguage":"de","@id":"https:\/\/sagrinex.com\/produit\/chargeur-de-batterie-ego-power-ch2100e-ego-power\/#primaryimage","url":"https:\/\/sagrinex.com\/wp-content\/uploads\/2026\/03\/chargeur-de-batterie-ego-power-ch2100e.jpg","contentUrl":"https:\/\/sagrinex.com\/wp-content\/uploads\/2026\/03\/chargeur-de-batterie-ego-power-ch2100e.jpg","width":1200,"height":1372},{"@type":"BreadcrumbList","@id":"https:\/\/sagrinex.com\/produit\/chargeur-de-batterie-ego-power-ch2100e-ego-power\/#breadcrumb","itemListElement":[{"@type":"ListItem","position":1,"name":"Accueil","item":"https:\/\/sagrinex.com\/?lang=de"},{"@type":"ListItem","position":2,"name":"Shop","item":"https:\/\/sagrinex.com\/shop\/"},{"@type":"ListItem","position":3,"name":"Ego Power Akkuladeger\u00e4t CH2100E Ego Power+"}]},{"@type":"WebSite","@id":"https:\/\/sagrinex.com\/#website","url":"https:\/\/sagrinex.com\/","name":"Sagrinex \u2013 Spezialist f\u00fcr Anh\u00e4nger, Container & Landtechnik","description":"Anhaenger, Container &amp; Landtechnik \u2014 Online-Verkauf &amp; kostenloses Angebot","publisher":{"@id":"https:\/\/sagrinex.com\/#organization"},"potentialAction":[{"@type":"SearchAction","target":{"@type":"EntryPoint","urlTemplate":"https:\/\/sagrinex.com\/?s={search_term_string}"},"query-input":{"@type":"PropertyValueSpecification","valueRequired":true,"valueName":"search_term_string"}}],"inLanguage":"de"},{"@type":"Organization","@id":"https:\/\/sagrinex.com\/#organization","name":"Sagrinex \u2013 Remorques, Conteneurs & Mat\u00e9riel Agricole","url":"https:\/\/sagrinex.com\/","logo":{"@type":"ImageObject","inLanguage":"de","@id":"https:\/\/sagrinex.com\/#\/schema\/logo\/image\/","url":"https:\/\/sagrinex.com\/wp-content\/uploads\/2026\/03\/7f1ac463-ef5a-425d-bdd6-a5da03a334a9-1024x683.png","contentUrl":"https:\/\/sagrinex.com\/wp-content\/uploads\/2026\/03\/7f1ac463-ef5a-425d-bdd6-a5da03a334a9-1024x683.png","width":1024,"height":683,"caption":"Sagrinex \u2013 Remorques, Conteneurs & Mat\u00e9riel Agricole"},"image":{"@id":"https:\/\/sagrinex.com\/#\/schema\/logo\/image\/"}}]}},"jetpack_sharing_enabled":true,"_links":{"self":[{"href":"https:\/\/sagrinex.com\/de\/wp-json\/wp\/v2\/product\/13511","targetHints":{"allow":["GET"]}}],"collection":[{"href":"https:\/\/sagrinex.com\/de\/wp-json\/wp\/v2\/product"}],"about":[{"href":"https:\/\/sagrinex.com\/de\/wp-json\/wp\/v2\/types\/product"}],"replies":[{"embeddable":true,"href":"https:\/\/sagrinex.com\/de\/wp-json\/wp\/v2\/comments?post=13511"}],"version-history":[{"count":0,"href":"https:\/\/sagrinex.com\/de\/wp-json\/wp\/v2\/product\/13511\/revisions"}],"wp:featuredmedia":[{"embeddable":true,"href":"https:\/\/sagrinex.com\/de\/wp-json\/wp\/v2\/media\/13512"}],"wp:attachment":[{"href":"https:\/\/sagrinex.com\/de\/wp-json\/wp\/v2\/media?parent=13511"}],"wp:term":[{"taxonomy":"product_brand","embeddable":true,"href":"https:\/\/sagrinex.com\/de\/wp-json\/wp\/v2\/product_brand?post=13511"},{"taxonomy":"product_cat","embeddable":true,"href":"https:\/\/sagrinex.com\/de\/wp-json\/wp\/v2\/product_cat?post=13511"},{"taxonomy":"product_tag","embeddable":true,"href":"https:\/\/sagrinex.com\/de\/wp-json\/wp\/v2\/product_tag?post=13511"}],"curies":[{"name":"wp","href":"https:\/\/api.w.org\/{rel}","templated":true}]}}