{"id":13523,"date":"2026-03-10T20:33:56","date_gmt":"2026-03-10T20:33:56","guid":{"rendered":"https:\/\/sagrinex.com\/produit\/rasentrimmer-220ir-im-set\/"},"modified":"2026-04-15T21:12:06","modified_gmt":"2026-04-15T21:12:06","slug":"rasentrimmer-220ir-im-set","status":"publish","type":"product","link":"https:\/\/sagrinex.com\/de\/produit\/rasentrimmer-220ir-im-set\/","title":{"rendered":"Rasentrimmer 220IR im Set"},"content":{"rendered":"<h2>Eigenschaften des Rasentrimmers 220iR <strong>Husqvarna<\/strong><\/h2>\n<ul>\n<li>Zum Schneiden von Gras<\/li>\n<li>Einfach zu bedienender Rasentrimmer<\/li>\n<li>Einfache Lagerung (Teleskopschaft und verstellbarer Griff)<\/li>\n<li>Li-Ion-Akku 36 V<\/li>\n<li>Schnittbreite 36 cm<\/li>\n<li>Produktl\u00e4nge 172 cm<\/li>\n<li>Einfacher Tragegurt<\/li>\n<li>B\u00fcrstenloser Motor<\/li>\n<li>Entspricht Benzinger\u00e4t 20 cm\u00b3 (122R)<\/li>\n<li>Schnittdurchmesser 360 mm<\/li>\n<li>Fadendurchmesser 2 mm<\/li>\n<li>SavE-Modus &#8211; Eco<\/li>\n<li>Teleskopschaft<\/li>\n<li>Ideal f\u00fcr schwierigere Arbeiten wie das Schneiden in stark bewachsenen Bereichen: Tri-Cut-Kopf<\/li>\n<li>Gewicht des Ger\u00e4ts ohne Akku: 4,3 kg<\/li>\n<li><em><strong>Geliefert mit Schneidk\u00f6pfen: Nylonfadenkopf R25 und Tri-Cut-Schneidkopf, Akku 40-B140 (4 Ah) und Ladeger\u00e4t Q40-C80<\/strong><\/em><\/li>\n<\/ul>\n","protected":false},"excerpt":{"rendered":"<p>Der Rasentrimmer 220iR ist leistungsstark und ergonomisch, mit hoher Leistung ausgestattet, die ihn ideal f\u00fcr gro\u00dfe G\u00e4rten macht. Geliefert mit 2 Schneidk\u00f6pfen (Nylonkopf und Tri-Cut-Schneidkopf f\u00fcr effektives Schneiden Ihrer Rasenkanten). <\/p>\n","protected":false},"featured_media":13524,"comment_status":"open","ping_status":"closed","template":"","meta":[],"product_brand":[],"product_cat":[326,320],"product_tag":[],"class_list":{"0":"post-13523","1":"product","2":"type-product","3":"status-publish","4":"has-post-thumbnail","6":"product_cat-freischneider","7":"product_cat-unsere-rasenmaher","9":"first","10":"instock","11":"shipping-taxable","12":"purchasable","13":"product-type-simple"},"yoast_head":"<!-- This site is optimized with the Yoast SEO plugin v27.4 - https:\/\/yoast.com\/product\/yoast-seo-wordpress\/ -->\n<title>RASENTRIMMER 220IR IM SET<\/title>\n<meta name=\"description\" content=\"Der Rasentrimmer 220iR ist leistungsstark und ergonomisch, mit hoher Leistung ausgestattet, die ihn ideal f\u00fcr gro\u00dfe G\u00e4rten macht. Geliefert mit 2 Schneidk\u00f6pfen (Nylonkopf und Tri-Cut-Schneidkopf f\u00fcr effektives Schneiden Ihrer Rasenkanten).\" \/>\n<meta name=\"robots\" content=\"index, follow, max-snippet:-1, max-image-preview:large, max-video-preview:-1\" \/>\n<link rel=\"canonical\" href=\"https:\/\/sagrinex.com\/produit\/coupe-bordures-220ir-en-pack\/\" \/>\n<meta property=\"og:locale\" content=\"de_DE\" \/>\n<meta property=\"og:type\" content=\"article\" \/>\n<meta property=\"og:title\" content=\"RASENTRIMMER 220IR IM SET\" \/>\n<meta property=\"og:description\" content=\"Der Rasentrimmer 220iR ist leistungsstark und ergonomisch, mit hoher Leistung ausgestattet, die ihn ideal f\u00fcr gro\u00dfe G\u00e4rten macht. Geliefert mit 2 Schneidk\u00f6pfen (Nylonkopf und Tri-Cut-Schneidkopf f\u00fcr effektives Schneiden Ihrer Rasenkanten).\" \/>\n<meta property=\"og:url\" content=\"https:\/\/sagrinex.com\/produit\/coupe-bordures-220ir-en-pack\/\" \/>\n<meta property=\"og:site_name\" content=\"Sagrinex \u2013 Anhaenger, Container &amp; Landtechnik \ud83c\udf3e\ud83d\ude9c\" \/>\n<meta property=\"article:modified_time\" content=\"2026-04-15T21:12:06+00:00\" \/>\n<meta property=\"og:image\" content=\"https:\/\/sagrinex.com\/wp-content\/uploads\/2026\/03\/coupe-bordures-220ir-en-pack.jpg\" \/>\n\t<meta property=\"og:image:width\" content=\"800\" \/>\n\t<meta property=\"og:image:height\" content=\"800\" \/>\n\t<meta property=\"og:image:type\" content=\"image\/jpeg\" \/>\n<meta name=\"twitter:card\" content=\"summary_large_image\" \/>\n<script type=\"application\/ld+json\" class=\"yoast-schema-graph\">{\"@context\":\"https:\\\/\\\/schema.org\",\"@graph\":[{\"@type\":\"WebPage\",\"@id\":\"https:\\\/\\\/sagrinex.com\\\/produit\\\/coupe-bordures-220ir-en-pack\\\/\",\"url\":\"https:\\\/\\\/sagrinex.com\\\/produit\\\/coupe-bordures-220ir-en-pack\\\/\",\"name\":\"RASENTRIMMER 220IR IM SET\",\"isPartOf\":{\"@id\":\"https:\\\/\\\/sagrinex.com\\\/#website\"},\"primaryImageOfPage\":{\"@id\":\"https:\\\/\\\/sagrinex.com\\\/produit\\\/coupe-bordures-220ir-en-pack\\\/#primaryimage\"},\"image\":{\"@id\":\"https:\\\/\\\/sagrinex.com\\\/produit\\\/coupe-bordures-220ir-en-pack\\\/#primaryimage\"},\"thumbnailUrl\":\"https:\\\/\\\/sagrinex.com\\\/wp-content\\\/uploads\\\/2026\\\/03\\\/coupe-bordures-220ir-en-pack.jpg\",\"datePublished\":\"2026-03-10T20:33:56+00:00\",\"dateModified\":\"2026-04-15T21:12:06+00:00\",\"description\":\"Der Rasentrimmer 220iR ist leistungsstark und ergonomisch, mit hoher Leistung ausgestattet, die ihn ideal f\u00fcr gro\u00dfe G\u00e4rten macht. Geliefert mit 2 Schneidk\u00f6pfen (Nylonkopf und Tri-Cut-Schneidkopf f\u00fcr effektives Schneiden Ihrer Rasenkanten).\",\"breadcrumb\":{\"@id\":\"https:\\\/\\\/sagrinex.com\\\/produit\\\/coupe-bordures-220ir-en-pack\\\/#breadcrumb\"},\"inLanguage\":\"de\",\"potentialAction\":[{\"@type\":\"ReadAction\",\"target\":[\"https:\\\/\\\/sagrinex.com\\\/produit\\\/coupe-bordures-220ir-en-pack\\\/\"]}]},{\"@type\":\"ImageObject\",\"inLanguage\":\"de\",\"@id\":\"https:\\\/\\\/sagrinex.com\\\/produit\\\/coupe-bordures-220ir-en-pack\\\/#primaryimage\",\"url\":\"https:\\\/\\\/sagrinex.com\\\/wp-content\\\/uploads\\\/2026\\\/03\\\/coupe-bordures-220ir-en-pack.jpg\",\"contentUrl\":\"https:\\\/\\\/sagrinex.com\\\/wp-content\\\/uploads\\\/2026\\\/03\\\/coupe-bordures-220ir-en-pack.jpg\",\"width\":800,\"height\":800},{\"@type\":\"BreadcrumbList\",\"@id\":\"https:\\\/\\\/sagrinex.com\\\/produit\\\/coupe-bordures-220ir-en-pack\\\/#breadcrumb\",\"itemListElement\":[{\"@type\":\"ListItem\",\"position\":1,\"name\":\"Accueil\",\"item\":\"https:\\\/\\\/sagrinex.com\\\/?lang=de\"},{\"@type\":\"ListItem\",\"position\":2,\"name\":\"Shop\",\"item\":\"https:\\\/\\\/sagrinex.com\\\/shop\\\/\"},{\"@type\":\"ListItem\",\"position\":3,\"name\":\"Rasentrimmer 220IR im Set\"}]},{\"@type\":\"WebSite\",\"@id\":\"https:\\\/\\\/sagrinex.com\\\/#website\",\"url\":\"https:\\\/\\\/sagrinex.com\\\/\",\"name\":\"Sagrinex \u2013 Spezialist f\u00fcr Anh\u00e4nger, Container & Landtechnik\",\"description\":\"Anhaenger, Container &amp; Landtechnik \u2014 Online-Verkauf &amp; kostenloses Angebot\",\"publisher\":{\"@id\":\"https:\\\/\\\/sagrinex.com\\\/#organization\"},\"potentialAction\":[{\"@type\":\"SearchAction\",\"target\":{\"@type\":\"EntryPoint\",\"urlTemplate\":\"https:\\\/\\\/sagrinex.com\\\/?s={search_term_string}\"},\"query-input\":{\"@type\":\"PropertyValueSpecification\",\"valueRequired\":true,\"valueName\":\"search_term_string\"}}],\"inLanguage\":\"de\"},{\"@type\":\"Organization\",\"@id\":\"https:\\\/\\\/sagrinex.com\\\/#organization\",\"name\":\"Sagrinex \u2013 Remorques, Conteneurs & Mat\u00e9riel Agricole\",\"url\":\"https:\\\/\\\/sagrinex.com\\\/\",\"logo\":{\"@type\":\"ImageObject\",\"inLanguage\":\"de\",\"@id\":\"https:\\\/\\\/sagrinex.com\\\/#\\\/schema\\\/logo\\\/image\\\/\",\"url\":\"https:\\\/\\\/sagrinex.com\\\/wp-content\\\/uploads\\\/2026\\\/03\\\/7f1ac463-ef5a-425d-bdd6-a5da03a334a9-1024x683.png\",\"contentUrl\":\"https:\\\/\\\/sagrinex.com\\\/wp-content\\\/uploads\\\/2026\\\/03\\\/7f1ac463-ef5a-425d-bdd6-a5da03a334a9-1024x683.png\",\"width\":1024,\"height\":683,\"caption\":\"Sagrinex \u2013 Remorques, Conteneurs & Mat\u00e9riel Agricole\"},\"image\":{\"@id\":\"https:\\\/\\\/sagrinex.com\\\/#\\\/schema\\\/logo\\\/image\\\/\"}}]}<\/script>\n<!-- \/ Yoast SEO plugin. -->","yoast_head_json":{"title":"RASENTRIMMER 220IR IM SET","description":"Der Rasentrimmer 220iR ist leistungsstark und ergonomisch, mit hoher Leistung ausgestattet, die ihn ideal f\u00fcr gro\u00dfe G\u00e4rten macht. Geliefert mit 2 Schneidk\u00f6pfen (Nylonkopf und Tri-Cut-Schneidkopf f\u00fcr effektives Schneiden Ihrer Rasenkanten).","robots":{"index":"index","follow":"follow","max-snippet":"max-snippet:-1","max-image-preview":"max-image-preview:large","max-video-preview":"max-video-preview:-1"},"canonical":"https:\/\/sagrinex.com\/produit\/coupe-bordures-220ir-en-pack\/","og_locale":"de_DE","og_type":"article","og_title":"RASENTRIMMER 220IR IM SET","og_description":"Der Rasentrimmer 220iR ist leistungsstark und ergonomisch, mit hoher Leistung ausgestattet, die ihn ideal f\u00fcr gro\u00dfe G\u00e4rten macht. Geliefert mit 2 Schneidk\u00f6pfen (Nylonkopf und Tri-Cut-Schneidkopf f\u00fcr effektives Schneiden Ihrer Rasenkanten).","og_url":"https:\/\/sagrinex.com\/produit\/coupe-bordures-220ir-en-pack\/","og_site_name":"Sagrinex \u2013 Anhaenger, Container &amp; Landtechnik \ud83c\udf3e\ud83d\ude9c","article_modified_time":"2026-04-15T21:12:06+00:00","og_image":[{"width":800,"height":800,"url":"https:\/\/sagrinex.com\/wp-content\/uploads\/2026\/03\/coupe-bordures-220ir-en-pack.jpg","type":"image\/jpeg"}],"twitter_card":"summary_large_image","schema":{"@context":"https:\/\/schema.org","@graph":[{"@type":"WebPage","@id":"https:\/\/sagrinex.com\/produit\/coupe-bordures-220ir-en-pack\/","url":"https:\/\/sagrinex.com\/produit\/coupe-bordures-220ir-en-pack\/","name":"RASENTRIMMER 220IR IM SET","isPartOf":{"@id":"https:\/\/sagrinex.com\/#website"},"primaryImageOfPage":{"@id":"https:\/\/sagrinex.com\/produit\/coupe-bordures-220ir-en-pack\/#primaryimage"},"image":{"@id":"https:\/\/sagrinex.com\/produit\/coupe-bordures-220ir-en-pack\/#primaryimage"},"thumbnailUrl":"https:\/\/sagrinex.com\/wp-content\/uploads\/2026\/03\/coupe-bordures-220ir-en-pack.jpg","datePublished":"2026-03-10T20:33:56+00:00","dateModified":"2026-04-15T21:12:06+00:00","description":"Der Rasentrimmer 220iR ist leistungsstark und ergonomisch, mit hoher Leistung ausgestattet, die ihn ideal f\u00fcr gro\u00dfe G\u00e4rten macht. Geliefert mit 2 Schneidk\u00f6pfen (Nylonkopf und Tri-Cut-Schneidkopf f\u00fcr effektives Schneiden Ihrer Rasenkanten).","breadcrumb":{"@id":"https:\/\/sagrinex.com\/produit\/coupe-bordures-220ir-en-pack\/#breadcrumb"},"inLanguage":"de","potentialAction":[{"@type":"ReadAction","target":["https:\/\/sagrinex.com\/produit\/coupe-bordures-220ir-en-pack\/"]}]},{"@type":"ImageObject","inLanguage":"de","@id":"https:\/\/sagrinex.com\/produit\/coupe-bordures-220ir-en-pack\/#primaryimage","url":"https:\/\/sagrinex.com\/wp-content\/uploads\/2026\/03\/coupe-bordures-220ir-en-pack.jpg","contentUrl":"https:\/\/sagrinex.com\/wp-content\/uploads\/2026\/03\/coupe-bordures-220ir-en-pack.jpg","width":800,"height":800},{"@type":"BreadcrumbList","@id":"https:\/\/sagrinex.com\/produit\/coupe-bordures-220ir-en-pack\/#breadcrumb","itemListElement":[{"@type":"ListItem","position":1,"name":"Accueil","item":"https:\/\/sagrinex.com\/?lang=de"},{"@type":"ListItem","position":2,"name":"Shop","item":"https:\/\/sagrinex.com\/shop\/"},{"@type":"ListItem","position":3,"name":"Rasentrimmer 220IR im Set"}]},{"@type":"WebSite","@id":"https:\/\/sagrinex.com\/#website","url":"https:\/\/sagrinex.com\/","name":"Sagrinex \u2013 Spezialist f\u00fcr Anh\u00e4nger, Container & Landtechnik","description":"Anhaenger, Container &amp; Landtechnik \u2014 Online-Verkauf &amp; kostenloses Angebot","publisher":{"@id":"https:\/\/sagrinex.com\/#organization"},"potentialAction":[{"@type":"SearchAction","target":{"@type":"EntryPoint","urlTemplate":"https:\/\/sagrinex.com\/?s={search_term_string}"},"query-input":{"@type":"PropertyValueSpecification","valueRequired":true,"valueName":"search_term_string"}}],"inLanguage":"de"},{"@type":"Organization","@id":"https:\/\/sagrinex.com\/#organization","name":"Sagrinex \u2013 Remorques, Conteneurs & Mat\u00e9riel Agricole","url":"https:\/\/sagrinex.com\/","logo":{"@type":"ImageObject","inLanguage":"de","@id":"https:\/\/sagrinex.com\/#\/schema\/logo\/image\/","url":"https:\/\/sagrinex.com\/wp-content\/uploads\/2026\/03\/7f1ac463-ef5a-425d-bdd6-a5da03a334a9-1024x683.png","contentUrl":"https:\/\/sagrinex.com\/wp-content\/uploads\/2026\/03\/7f1ac463-ef5a-425d-bdd6-a5da03a334a9-1024x683.png","width":1024,"height":683,"caption":"Sagrinex \u2013 Remorques, Conteneurs & Mat\u00e9riel Agricole"},"image":{"@id":"https:\/\/sagrinex.com\/#\/schema\/logo\/image\/"}}]}},"jetpack_sharing_enabled":true,"_links":{"self":[{"href":"https:\/\/sagrinex.com\/de\/wp-json\/wp\/v2\/product\/13523","targetHints":{"allow":["GET"]}}],"collection":[{"href":"https:\/\/sagrinex.com\/de\/wp-json\/wp\/v2\/product"}],"about":[{"href":"https:\/\/sagrinex.com\/de\/wp-json\/wp\/v2\/types\/product"}],"replies":[{"embeddable":true,"href":"https:\/\/sagrinex.com\/de\/wp-json\/wp\/v2\/comments?post=13523"}],"version-history":[{"count":0,"href":"https:\/\/sagrinex.com\/de\/wp-json\/wp\/v2\/product\/13523\/revisions"}],"wp:featuredmedia":[{"embeddable":true,"href":"https:\/\/sagrinex.com\/de\/wp-json\/wp\/v2\/media\/13524"}],"wp:attachment":[{"href":"https:\/\/sagrinex.com\/de\/wp-json\/wp\/v2\/media?parent=13523"}],"wp:term":[{"taxonomy":"product_brand","embeddable":true,"href":"https:\/\/sagrinex.com\/de\/wp-json\/wp\/v2\/product_brand?post=13523"},{"taxonomy":"product_cat","embeddable":true,"href":"https:\/\/sagrinex.com\/de\/wp-json\/wp\/v2\/product_cat?post=13523"},{"taxonomy":"product_tag","embeddable":true,"href":"https:\/\/sagrinex.com\/de\/wp-json\/wp\/v2\/product_tag?post=13523"}],"curies":[{"name":"wp","href":"https:\/\/api.w.org\/{rel}","templated":true}]}}