{"id":13529,"date":"2026-03-10T19:33:39","date_gmt":"2026-03-10T19:33:39","guid":{"rendered":"https:\/\/sagrinex.com\/produit\/motorpumpe-3-zoll-fuer-stark-verschmutztes-wasser-60-000-l-h-motor-269-cm%c2%b3-koenner-soehnen-ks-80mw\/"},"modified":"2026-04-15T21:12:06","modified_gmt":"2026-04-15T21:12:06","slug":"motorpumpe-3-zoll-fuer-stark-verschmutztes-wasser-60-000-l-h-motor-269-cm%c2%b3-koenner-soehnen-ks-80mw","status":"publish","type":"product","link":"https:\/\/sagrinex.com\/de\/produit\/motorpumpe-3-zoll-fuer-stark-verschmutztes-wasser-60-000-l-h-motor-269-cm%c2%b3-koenner-soehnen-ks-80mw\/","title":{"rendered":"Motorpumpe 3 Zoll f\u00fcr Stark Verschmutztes Wasser 60.000 L\/h Motor 269 Cm\u00b3 K\u00f6nner S\u00f6hnen Ks 80MW"},"content":{"rendered":"<h3 data-end=\"1581\" data-start=\"1504\"><strong data-end=\"1581\" data-start=\"1508\">Benzin-Motorpumpe f\u00fcr stark verschmutztes Wasser \u2013 K\u00f6nner & S\u00f6hnen KS 80MW<\/strong><\/h3>\n<p data-end=\"1999\" data-start=\"1583\">Die <strong data-end=\"1633\" data-start=\"1586\">Benzin-Motorpumpe K\u00f6nner & S\u00f6hnen KS 80MW<\/strong> ist eine leistungsstarke und robuste L\u00f6sung zum <strong data-end=\"1758\" data-start=\"1679\">schnellen Abpumpen gro\u00dfer Mengen stark verschmutzten, schlammigen oder Abwassers<\/strong>, insbesondere bei \u00dcberschwemmungen, Entw\u00e4sserungsarbeiten oder Reinigung von Tieflagen. Ihre Heavy-Duty-Konstruktion und hochwertigen Komponenten machen sie zu einem zuverl\u00e4ssigen Werkzeug f\u00fcr intensive Eins\u00e4tze, sowohl im privaten als auch im gewerblichen Bereich. <\/p>\n<h3 data-end=\"2050\" data-start=\"2001\"><strong data-end=\"2050\" data-start=\"2005\">Leistungsstarker 4-Takt-Benzinmotor 269 cm\u00b3<\/strong><\/h3>\n<p data-end=\"2390\" data-start=\"2052\">Diese Motorpumpe ist mit einem <strong data-end=\"2121\" data-start=\"2085\">4-Takt-Benzinmotor 269 cm\u00b3<\/strong> ausgestattet, der etwa <strong data-end=\"2162\" data-start=\"2141\">9 PS Leistung<\/strong> liefert und den europ\u00e4ischen Qualit\u00e4tsnormen entspricht. Der Motor ist leicht zu starten, langlebig und bietet eine <strong data-end=\"2306\" data-start=\"2262\">Kombination aus Leistung und Zuverl\u00e4ssigkeit<\/strong>, die f\u00fcr schwierige Arbeitsbedingungen geeignet ist. <\/p>\n<h3 data-end=\"2430\" data-start=\"2392\"><strong data-end=\"2430\" data-start=\"2396\">Hohe F\u00f6rdermenge bis 60.000 l\/h<\/strong><\/h3>\n<p data-end=\"2862\" data-start=\"2432\">Mit einer <strong data-end=\"2471\" data-start=\"2440\">maximalen F\u00f6rdermenge von 60.000 l\/h<\/strong> (ca. 1.000 Liter pro Minute) ist die KS 80MW in der Lage, <strong data-end=\"2587\" data-start=\"2537\">gro\u00dfe Wassermengen schnell zu bewegen<\/strong>, was die Zeit zum Leerpumpen eines \u00fcberschwemmten Bereichs, zur Entw\u00e4sserung einer Baugrube oder zum Abpumpen von verschmutztem Wasser erheblich reduziert. Diese F\u00f6rdermenge ist besonders n\u00fctzlich auf Baustellen, in der Landwirtschaft oder bei Notf\u00e4llen. <\/p>\n<h3 data-end=\"2920\" data-start=\"2864\"><strong data-end=\"2920\" data-start=\"2868\">Gro\u00dfe F\u00f6rder- und Ansaugkapazit\u00e4t<\/strong><\/h3>\n<p data-end=\"3261\" data-start=\"2922\">Die Motorpumpe bietet eine <strong data-end=\"2989\" data-start=\"2945\">F\u00f6rderh\u00f6he bis 20 Meter<\/strong>, die es erm\u00f6glicht, Wasser ohne Leistungsverlust in h\u00f6her gelegene Bereiche zu f\u00f6rdern, sowie eine <strong data-end=\"3135\" data-start=\"3087\">maximale Ansaugh\u00f6he von 7 Metern<\/strong>, ideal zum Ansaugen von Wasser aus tiefen Ebenen oder teilweise \u00fcberschwemmten Bereichen.<\/p>\n<h3 data-end=\"3313\" data-start=\"3263\"><strong data-end=\"3313\" data-start=\"3267\">Robuste Konstruktion f\u00fcr stark verschmutztes Wasser<\/strong><\/h3>\n<p data-end=\"3680\" data-start=\"3315\">Das Pumpengeh\u00e4use ist aus <strong data-end=\"3378\" data-start=\"3348\">hochfestem Aluminium<\/strong> gefertigt und auf einem <strong data-end=\"3413\" data-start=\"3393\">verst\u00e4rkten Rahmen<\/strong> montiert, was eine ausgezeichnete Haltbarkeit und erh\u00f6hte Best\u00e4ndigkeit gegen Korrosion, St\u00f6\u00dfe und Temperaturschwankungen gew\u00e4hrleistet. Die Kombination aus Rahmen und Geh\u00e4use sch\u00fctzt Motor und Pumpe bei intensiven Eins\u00e4tzen wirksam. <\/p>\n<h3 data-end=\"3740\" data-start=\"3682\"><strong data-end=\"3740\" data-start=\"3686\">Gro\u00dfe Anschlusskapazit\u00e4t und mitgeliefertes Zubeh\u00f6r<\/strong><\/h3>\n<p data-end=\"4109\" data-start=\"3742\">Die KS 80MW verf\u00fcgt \u00fcber einen <strong data-end=\"3824\" data-start=\"3768\">Einlass- und Auslassdurchmesser von 3 Zoll (\u2248 80 mm)<\/strong>, geeignet f\u00fcr gro\u00dfe Mengen verschmutzten Wassers. Sie wird mit dem <strong data-end=\"3916\" data-start=\"3890\">wichtigsten Zubeh\u00f6r<\/strong> geliefert: Wasserfilter, Anschluss-Set, Z\u00fcndkerzenschl\u00fcssel und Schlauchanschl\u00fcsse, was eine schnelle Installation und sofortigen Betrieb erm\u00f6glicht. <\/p>\n<h3 data-end=\"4166\" data-start=\"4111\"><strong data-end=\"4166\" data-start=\"4115\">Leistung f\u00fcr schwierige Situationen<\/strong><\/h3>\n<p data-end=\"4242\" data-start=\"4168\">Diese Motorpumpe ist f\u00fcr anspruchsvolle Anwendungen konzipiert wie:<\/p>\n<ul data-end=\"4562\" data-start=\"4243\">\n<li data-end=\"4300\" data-start=\"4245\"><strong data-end=\"4297\" data-start=\"4245\">Abpumpen von stark verschmutztem oder schlammigem Wasser<\/strong>,<\/li>\n<li data-end=\"4351\" data-start=\"4303\"><strong data-end=\"4348\" data-start=\"4303\">Entw\u00e4sserung von Baustellen oder \u00fcberschwemmten Grundst\u00fccken<\/strong>,<\/li>\n<li data-end=\"4408\" data-start=\"4354\"><strong data-end=\"4405\" data-start=\"4354\">landwirtschaftliche Arbeiten, die schnelles Pumpen erfordern<\/strong>,<\/li>\n<li data-end=\"4562\" data-start=\"4411\"><strong data-end=\"4467\" data-start=\"4411\">Notfallsituationen, in denen eine hohe F\u00f6rdermenge erforderlich ist<\/strong>.<\/li>\n<\/ul>\n<p data-end=\"4562\" data-start=\"4411\">Ihre Leistung und Robustheit machen sie zu einem zuverl\u00e4ssigen Werkzeug selbst unter anspruchsvollen Bedingungen.<\/p>\n<h3 data-end=\"4594\" data-start=\"4564\"><strong data-end=\"4594\" data-start=\"4568\">Anwendungshinweise<\/strong><\/h3>\n<p data-end=\"5047\" data-start=\"4596\">F\u00fcllen Sie vor der ersten Inbetriebnahme die Pumpe mit Wasser, um das System ordnungsgem\u00e4\u00df anzusaugen. Verwenden Sie <strong data-end=\"4744\" data-start=\"4721\">bleifreies Benzin 95 oder 98<\/strong> und ein empfohlenes Motor\u00f6l f\u00fcr 4-Takt-Motoren. Tragen Sie <strong data-end=\"4854\" data-start=\"4817\">geeignete Schutzausr\u00fcstung<\/strong> (Handschuhe, Schutzbrille), um eine sichere Handhabung zu gew\u00e4hrleisten. \u00dcberpr\u00fcfen Sie regelm\u00e4\u00dfig die Anschl\u00fcsse und den \u00d6lstand, um eine optimale Leistung aufrechtzuerhalten.   <\/p>\n<h3 data-end=\"5090\" data-start=\"5049\"><strong data-end=\"5090\" data-start=\"5053\">Garantie und Sicherheit<\/strong><\/h3>\n<p data-end=\"5427\" data-start=\"5092\">Dieses Modell verf\u00fcgt \u00fcber eine <strong data-end=\"5152\" data-start=\"5118\">2-j\u00e4hrige Herstellergarantie<\/strong>, die bei normaler Nutzung Schutz vor Herstellungsfehlern bietet. Diese Sicherheit ist f\u00fcr Werkzeuge, die f\u00fcr anspruchsvolle und intensive Arbeiten \u00fcber einen langen Zeitraum bestimmt sind, unerl\u00e4sslich. <\/p>\n","protected":false},"excerpt":{"rendered":"<ul>\n<li data-end=\"530\" data-start=\"380\"><strong data-end=\"427\" data-start=\"380\">Benzin-Motorpumpe K\u00f6nner &amp; S\u00f6hnen KS 80MW<\/strong>, entwickelt zum Pumpen von <strong data-end=\"489\" data-start=\"448\">stark verschmutztem, schlammigem oder Abwasser<\/strong>.<\/li>\n<li data-end=\"665\" data-start=\"533\"><strong data-end=\"569\" data-start=\"533\">4-Takt-Benzinmotor 269 cm\u00b3<\/strong> mit <strong data-end=\"605\" data-start=\"582\">\u2248 9 PS Leistung<\/strong>, zuverl\u00e4ssig und robust.<\/li>\n<li data-end=\"806\" data-start=\"668\"><strong data-end=\"696\" data-start=\"668\">Max. F\u00f6rdermenge von 60.000 l\/h<\/strong> (\u2248 1.000 l\/min) f\u00fcr <strong data-end=\"765\" data-start=\"720\">schnelles Pumpen gro\u00dfer Wassermengen<\/strong>.<\/li>\n<li data-end=\"934\" data-start=\"809\"><strong data-end=\"862\" data-start=\"809\">Einlass- und Auslassdurchmesser 3 Zoll (\u2248 80 mm)<\/strong>, geeignet f\u00fcr gro\u00dfe Wassermengen.<\/li>\n<li data-end=\"1060\" data-start=\"937\"><strong data-end=\"976\" data-start=\"937\">F\u00f6rderh\u00f6he bis 20 m<\/strong> und <strong data-end=\"1019\" data-start=\"980\">Ansaugh\u00f6he bis 7 m<\/strong>.<\/li>\n<li data-end=\"1208\" data-start=\"1063\"><strong data-end=\"1111\" data-start=\"1063\">Pumpengeh\u00e4use aus hochfestem Aluminium<\/strong> mit verst\u00e4rktem Rahmen, konzipiert f\u00fcr intensive Arbeiten.<\/li>\n<li data-end=\"1341\" data-start=\"1211\"><strong data-end=\"1233\" data-start=\"1211\">Mitgeliefertes Zubeh\u00f6r<\/strong>: Wasserfilter, Anschluss-Set, Z\u00fcndkerzenschl\u00fcssel, Schlauchanschl\u00fcsse.<\/li>\n<li data-end=\"1461\" data-start=\"1344\"><strong data-end=\"1375\" data-start=\"1344\">2 Jahre Herstellergarantie<\/strong> und langfristig verf\u00fcgbare Ersatzteile f\u00fcr die Wartung.<\/li>\n<\/ul>\n","protected":false},"featured_media":13530,"comment_status":"open","ping_status":"closed","template":"","meta":[],"product_brand":[],"product_cat":[327,320],"product_tag":[],"class_list":{"0":"post-13529","1":"product","2":"type-product","3":"status-publish","4":"has-post-thumbnail","6":"product_cat-motorpumpen","7":"product_cat-unsere-rasenmaher","9":"first","10":"instock","11":"sale","12":"shipping-taxable","13":"purchasable","14":"product-type-simple"},"yoast_head":"<!-- This site is optimized with the Yoast SEO plugin v27.5 - https:\/\/yoast.com\/product\/yoast-seo-wordpress\/ -->\n<title>Motorpumpe 3 Zoll f\u00fcr stark verschmutztes Wasser 60.000 l\/h Motor 269 cm\u00b3 K\u00f6nner S\u00f6hnen KS 80MW<\/title>\n<meta name=\"description\" content=\"Benzin-Motorpumpe K\u00f6nner &amp; S\u00f6hnen KS 80MW, entwickelt zum Pumpen von stark verschmutztem, schlammigem oder Abwasser. 4-Takt-Benzinmotor 269 cm\u00b3 mit \u2248 9 PS Leistung, zuverl\u00e4ssig und robust. Max. F\u00f6rdermenge von 60.000 l\/h (\u2248 1.000 l\/min) f\u00fcr schnelles Pumpen gro\u00dfer Wassermengen. Einlass- und Auslassdurchmesser 3 Zoll (\u2248 80 mm), geeignet f\u00fcr gro\u00dfe Wassermengen. F\u00f6rderh\u00f6he bis 20 m und Ansaugh\u00f6he bis 7 m. Hochfestes Aluminium-Pumpengeh\u00e4use mit verst\u00e4rktem Rahmen, konzipiert f\u00fcr intensive Arbeiten. Mitgeliefertes Zubeh\u00f6r: Wasserfilter, Anschluss-Set, Z\u00fcndkerzenschl\u00fcssel, Schlauchanschl\u00fcsse. 2 Jahre Herstellergarantie und langfristig verf\u00fcgbare Ersatzteile f\u00fcr die Wartung.\" \/>\n<meta name=\"robots\" content=\"index, follow, max-snippet:-1, max-image-preview:large, max-video-preview:-1\" \/>\n<link rel=\"canonical\" href=\"https:\/\/sagrinex.com\/produit\/motopompe-3-pouces-speciale-eaux-tres-chargees-60000l-h-moteur-269-cc-konner-sohnen-ks-80mw\/\" \/>\n<meta property=\"og:locale\" content=\"de_DE\" \/>\n<meta property=\"og:type\" content=\"article\" \/>\n<meta property=\"og:title\" content=\"Motorpumpe 3 Zoll f\u00fcr stark verschmutztes Wasser 60.000 l\/h Motor 269 cm\u00b3 K\u00f6nner S\u00f6hnen KS 80MW\" \/>\n<meta property=\"og:description\" content=\"Benzin-Motorpumpe K\u00f6nner &amp; S\u00f6hnen KS 80MW, entwickelt zum Pumpen von stark verschmutztem, schlammigem oder Abwasser. 4-Takt-Benzinmotor 269 cm\u00b3 mit \u2248 9 PS Leistung, zuverl\u00e4ssig und robust. Max. F\u00f6rdermenge von 60.000 l\/h (\u2248 1.000 l\/min) f\u00fcr schnelles Pumpen gro\u00dfer Wassermengen. Einlass- und Auslassdurchmesser 3 Zoll (\u2248 80 mm), geeignet f\u00fcr gro\u00dfe Wassermengen. F\u00f6rderh\u00f6he bis 20 m und Ansaugh\u00f6he bis 7 m. Hochfestes Aluminium-Pumpengeh\u00e4use mit verst\u00e4rktem Rahmen, konzipiert f\u00fcr intensive Arbeiten. Mitgeliefertes Zubeh\u00f6r: Wasserfilter, Anschluss-Set, Z\u00fcndkerzenschl\u00fcssel, Schlauchanschl\u00fcsse. 2 Jahre Herstellergarantie und langfristig verf\u00fcgbare Ersatzteile f\u00fcr die Wartung.\" \/>\n<meta property=\"og:url\" content=\"https:\/\/sagrinex.com\/produit\/motopompe-3-pouces-speciale-eaux-tres-chargees-60000l-h-moteur-269-cc-konner-sohnen-ks-80mw\/\" \/>\n<meta property=\"og:site_name\" content=\"Sagrinex \u2013 Anhaenger, Container &amp; Landtechnik \ud83c\udf3e\ud83d\ude9c\" \/>\n<meta property=\"article:modified_time\" content=\"2026-04-15T21:12:06+00:00\" \/>\n<meta property=\"og:image\" content=\"https:\/\/sagrinex.com\/wp-content\/uploads\/2026\/03\/motopompe-3-pouces-speciale-eaux-tres-chargees-60000l-h-moteur-269-cc-konner-sohnen-ks-80mw.jpg\" \/>\n\t<meta property=\"og:image:width\" content=\"1200\" \/>\n\t<meta property=\"og:image:height\" content=\"1372\" \/>\n\t<meta property=\"og:image:type\" content=\"image\/jpeg\" \/>\n<meta name=\"twitter:card\" content=\"summary_large_image\" \/>\n<meta name=\"twitter:label1\" content=\"Gesch\u00e4tzte Lesezeit\" \/>\n\t<meta name=\"twitter:data1\" content=\"3\u00a0Minuten\" \/>\n<script type=\"application\/ld+json\" class=\"yoast-schema-graph\">{\"@context\":\"https:\\\/\\\/schema.org\",\"@graph\":[{\"@type\":\"WebPage\",\"@id\":\"https:\\\/\\\/sagrinex.com\\\/produit\\\/motopompe-3-pouces-speciale-eaux-tres-chargees-60000l-h-moteur-269-cc-konner-sohnen-ks-80mw\\\/\",\"url\":\"https:\\\/\\\/sagrinex.com\\\/produit\\\/motopompe-3-pouces-speciale-eaux-tres-chargees-60000l-h-moteur-269-cc-konner-sohnen-ks-80mw\\\/\",\"name\":\"Motorpumpe 3 Zoll f\u00fcr stark verschmutztes Wasser 60.000 l\\\/h Motor 269 cm\u00b3 K\u00f6nner S\u00f6hnen KS 80MW\",\"isPartOf\":{\"@id\":\"https:\\\/\\\/sagrinex.com\\\/#website\"},\"primaryImageOfPage\":{\"@id\":\"https:\\\/\\\/sagrinex.com\\\/produit\\\/motopompe-3-pouces-speciale-eaux-tres-chargees-60000l-h-moteur-269-cc-konner-sohnen-ks-80mw\\\/#primaryimage\"},\"image\":{\"@id\":\"https:\\\/\\\/sagrinex.com\\\/produit\\\/motopompe-3-pouces-speciale-eaux-tres-chargees-60000l-h-moteur-269-cc-konner-sohnen-ks-80mw\\\/#primaryimage\"},\"thumbnailUrl\":\"https:\\\/\\\/sagrinex.com\\\/wp-content\\\/uploads\\\/2026\\\/03\\\/motopompe-3-pouces-speciale-eaux-tres-chargees-60000l-h-moteur-269-cc-konner-sohnen-ks-80mw.jpg\",\"datePublished\":\"2026-03-10T19:33:39+00:00\",\"dateModified\":\"2026-04-15T21:12:06+00:00\",\"description\":\"Benzin-Motorpumpe K\u00f6nner & S\u00f6hnen KS 80MW, entwickelt zum Pumpen von stark verschmutztem, schlammigem oder Abwasser. 4-Takt-Benzinmotor 269 cm\u00b3 mit \u2248 9 PS Leistung, zuverl\u00e4ssig und robust. Max. F\u00f6rdermenge von 60.000 l\\\/h (\u2248 1.000 l\\\/min) f\u00fcr schnelles Pumpen gro\u00dfer Wassermengen. Einlass- und Auslassdurchmesser 3 Zoll (\u2248 80 mm), geeignet f\u00fcr gro\u00dfe Wassermengen. F\u00f6rderh\u00f6he bis 20 m und Ansaugh\u00f6he bis 7 m. Hochfestes Aluminium-Pumpengeh\u00e4use mit verst\u00e4rktem Rahmen, konzipiert f\u00fcr intensive Arbeiten. Mitgeliefertes Zubeh\u00f6r: Wasserfilter, Anschluss-Set, Z\u00fcndkerzenschl\u00fcssel, Schlauchanschl\u00fcsse. 2 Jahre Herstellergarantie und langfristig verf\u00fcgbare Ersatzteile f\u00fcr die Wartung.\",\"breadcrumb\":{\"@id\":\"https:\\\/\\\/sagrinex.com\\\/produit\\\/motopompe-3-pouces-speciale-eaux-tres-chargees-60000l-h-moteur-269-cc-konner-sohnen-ks-80mw\\\/#breadcrumb\"},\"inLanguage\":\"de\",\"potentialAction\":[{\"@type\":\"ReadAction\",\"target\":[\"https:\\\/\\\/sagrinex.com\\\/produit\\\/motopompe-3-pouces-speciale-eaux-tres-chargees-60000l-h-moteur-269-cc-konner-sohnen-ks-80mw\\\/\"]}]},{\"@type\":\"ImageObject\",\"inLanguage\":\"de\",\"@id\":\"https:\\\/\\\/sagrinex.com\\\/produit\\\/motopompe-3-pouces-speciale-eaux-tres-chargees-60000l-h-moteur-269-cc-konner-sohnen-ks-80mw\\\/#primaryimage\",\"url\":\"https:\\\/\\\/sagrinex.com\\\/wp-content\\\/uploads\\\/2026\\\/03\\\/motopompe-3-pouces-speciale-eaux-tres-chargees-60000l-h-moteur-269-cc-konner-sohnen-ks-80mw.jpg\",\"contentUrl\":\"https:\\\/\\\/sagrinex.com\\\/wp-content\\\/uploads\\\/2026\\\/03\\\/motopompe-3-pouces-speciale-eaux-tres-chargees-60000l-h-moteur-269-cc-konner-sohnen-ks-80mw.jpg\",\"width\":1200,\"height\":1372},{\"@type\":\"BreadcrumbList\",\"@id\":\"https:\\\/\\\/sagrinex.com\\\/produit\\\/motopompe-3-pouces-speciale-eaux-tres-chargees-60000l-h-moteur-269-cc-konner-sohnen-ks-80mw\\\/#breadcrumb\",\"itemListElement\":[{\"@type\":\"ListItem\",\"position\":1,\"name\":\"Accueil\",\"item\":\"https:\\\/\\\/sagrinex.com\\\/?lang=de\"},{\"@type\":\"ListItem\",\"position\":2,\"name\":\"Shop\",\"item\":\"https:\\\/\\\/sagrinex.com\\\/shop\\\/\"},{\"@type\":\"ListItem\",\"position\":3,\"name\":\"Motorpumpe 3 Zoll f\u00fcr Stark Verschmutztes Wasser 60.000 L\\\/h Motor 269 Cm\u00b3 K\u00f6nner S\u00f6hnen Ks 80MW\"}]},{\"@type\":\"WebSite\",\"@id\":\"https:\\\/\\\/sagrinex.com\\\/#website\",\"url\":\"https:\\\/\\\/sagrinex.com\\\/\",\"name\":\"Sagrinex \u2013 Spezialist f\u00fcr Anh\u00e4nger, Container & Landtechnik\",\"description\":\"Anhaenger, Container &amp; Landtechnik \u2014 Online-Verkauf &amp; kostenloses Angebot\",\"publisher\":{\"@id\":\"https:\\\/\\\/sagrinex.com\\\/#organization\"},\"potentialAction\":[{\"@type\":\"SearchAction\",\"target\":{\"@type\":\"EntryPoint\",\"urlTemplate\":\"https:\\\/\\\/sagrinex.com\\\/?s={search_term_string}\"},\"query-input\":{\"@type\":\"PropertyValueSpecification\",\"valueRequired\":true,\"valueName\":\"search_term_string\"}}],\"inLanguage\":\"de\"},{\"@type\":\"Organization\",\"@id\":\"https:\\\/\\\/sagrinex.com\\\/#organization\",\"name\":\"Sagrinex \u2013 Remorques, Conteneurs & Mat\u00e9riel Agricole\",\"url\":\"https:\\\/\\\/sagrinex.com\\\/\",\"logo\":{\"@type\":\"ImageObject\",\"inLanguage\":\"de\",\"@id\":\"https:\\\/\\\/sagrinex.com\\\/#\\\/schema\\\/logo\\\/image\\\/\",\"url\":\"https:\\\/\\\/sagrinex.com\\\/wp-content\\\/uploads\\\/2026\\\/03\\\/7f1ac463-ef5a-425d-bdd6-a5da03a334a9-1024x683.png\",\"contentUrl\":\"https:\\\/\\\/sagrinex.com\\\/wp-content\\\/uploads\\\/2026\\\/03\\\/7f1ac463-ef5a-425d-bdd6-a5da03a334a9-1024x683.png\",\"width\":1024,\"height\":683,\"caption\":\"Sagrinex \u2013 Remorques, Conteneurs & Mat\u00e9riel Agricole\"},\"image\":{\"@id\":\"https:\\\/\\\/sagrinex.com\\\/#\\\/schema\\\/logo\\\/image\\\/\"}}]}<\/script>\n<!-- \/ Yoast SEO plugin. -->","yoast_head_json":{"title":"Motorpumpe 3 Zoll f\u00fcr stark verschmutztes Wasser 60.000 l\/h Motor 269 cm\u00b3 K\u00f6nner S\u00f6hnen KS 80MW","description":"Benzin-Motorpumpe K\u00f6nner & S\u00f6hnen KS 80MW, entwickelt zum Pumpen von stark verschmutztem, schlammigem oder Abwasser. 4-Takt-Benzinmotor 269 cm\u00b3 mit \u2248 9 PS Leistung, zuverl\u00e4ssig und robust. Max. F\u00f6rdermenge von 60.000 l\/h (\u2248 1.000 l\/min) f\u00fcr schnelles Pumpen gro\u00dfer Wassermengen. Einlass- und Auslassdurchmesser 3 Zoll (\u2248 80 mm), geeignet f\u00fcr gro\u00dfe Wassermengen. F\u00f6rderh\u00f6he bis 20 m und Ansaugh\u00f6he bis 7 m. Hochfestes Aluminium-Pumpengeh\u00e4use mit verst\u00e4rktem Rahmen, konzipiert f\u00fcr intensive Arbeiten. Mitgeliefertes Zubeh\u00f6r: Wasserfilter, Anschluss-Set, Z\u00fcndkerzenschl\u00fcssel, Schlauchanschl\u00fcsse. 2 Jahre Herstellergarantie und langfristig verf\u00fcgbare Ersatzteile f\u00fcr die Wartung.","robots":{"index":"index","follow":"follow","max-snippet":"max-snippet:-1","max-image-preview":"max-image-preview:large","max-video-preview":"max-video-preview:-1"},"canonical":"https:\/\/sagrinex.com\/produit\/motopompe-3-pouces-speciale-eaux-tres-chargees-60000l-h-moteur-269-cc-konner-sohnen-ks-80mw\/","og_locale":"de_DE","og_type":"article","og_title":"Motorpumpe 3 Zoll f\u00fcr stark verschmutztes Wasser 60.000 l\/h Motor 269 cm\u00b3 K\u00f6nner S\u00f6hnen KS 80MW","og_description":"Benzin-Motorpumpe K\u00f6nner & S\u00f6hnen KS 80MW, entwickelt zum Pumpen von stark verschmutztem, schlammigem oder Abwasser. 4-Takt-Benzinmotor 269 cm\u00b3 mit \u2248 9 PS Leistung, zuverl\u00e4ssig und robust. Max. F\u00f6rdermenge von 60.000 l\/h (\u2248 1.000 l\/min) f\u00fcr schnelles Pumpen gro\u00dfer Wassermengen. Einlass- und Auslassdurchmesser 3 Zoll (\u2248 80 mm), geeignet f\u00fcr gro\u00dfe Wassermengen. F\u00f6rderh\u00f6he bis 20 m und Ansaugh\u00f6he bis 7 m. Hochfestes Aluminium-Pumpengeh\u00e4use mit verst\u00e4rktem Rahmen, konzipiert f\u00fcr intensive Arbeiten. Mitgeliefertes Zubeh\u00f6r: Wasserfilter, Anschluss-Set, Z\u00fcndkerzenschl\u00fcssel, Schlauchanschl\u00fcsse. 2 Jahre Herstellergarantie und langfristig verf\u00fcgbare Ersatzteile f\u00fcr die Wartung.","og_url":"https:\/\/sagrinex.com\/produit\/motopompe-3-pouces-speciale-eaux-tres-chargees-60000l-h-moteur-269-cc-konner-sohnen-ks-80mw\/","og_site_name":"Sagrinex \u2013 Anhaenger, Container &amp; Landtechnik \ud83c\udf3e\ud83d\ude9c","article_modified_time":"2026-04-15T21:12:06+00:00","og_image":[{"width":1200,"height":1372,"url":"https:\/\/sagrinex.com\/wp-content\/uploads\/2026\/03\/motopompe-3-pouces-speciale-eaux-tres-chargees-60000l-h-moteur-269-cc-konner-sohnen-ks-80mw.jpg","type":"image\/jpeg"}],"twitter_card":"summary_large_image","twitter_misc":{"Gesch\u00e4tzte Lesezeit":"3\u00a0Minuten"},"schema":{"@context":"https:\/\/schema.org","@graph":[{"@type":"WebPage","@id":"https:\/\/sagrinex.com\/produit\/motopompe-3-pouces-speciale-eaux-tres-chargees-60000l-h-moteur-269-cc-konner-sohnen-ks-80mw\/","url":"https:\/\/sagrinex.com\/produit\/motopompe-3-pouces-speciale-eaux-tres-chargees-60000l-h-moteur-269-cc-konner-sohnen-ks-80mw\/","name":"Motorpumpe 3 Zoll f\u00fcr stark verschmutztes Wasser 60.000 l\/h Motor 269 cm\u00b3 K\u00f6nner S\u00f6hnen KS 80MW","isPartOf":{"@id":"https:\/\/sagrinex.com\/#website"},"primaryImageOfPage":{"@id":"https:\/\/sagrinex.com\/produit\/motopompe-3-pouces-speciale-eaux-tres-chargees-60000l-h-moteur-269-cc-konner-sohnen-ks-80mw\/#primaryimage"},"image":{"@id":"https:\/\/sagrinex.com\/produit\/motopompe-3-pouces-speciale-eaux-tres-chargees-60000l-h-moteur-269-cc-konner-sohnen-ks-80mw\/#primaryimage"},"thumbnailUrl":"https:\/\/sagrinex.com\/wp-content\/uploads\/2026\/03\/motopompe-3-pouces-speciale-eaux-tres-chargees-60000l-h-moteur-269-cc-konner-sohnen-ks-80mw.jpg","datePublished":"2026-03-10T19:33:39+00:00","dateModified":"2026-04-15T21:12:06+00:00","description":"Benzin-Motorpumpe K\u00f6nner & S\u00f6hnen KS 80MW, entwickelt zum Pumpen von stark verschmutztem, schlammigem oder Abwasser. 4-Takt-Benzinmotor 269 cm\u00b3 mit \u2248 9 PS Leistung, zuverl\u00e4ssig und robust. Max. F\u00f6rdermenge von 60.000 l\/h (\u2248 1.000 l\/min) f\u00fcr schnelles Pumpen gro\u00dfer Wassermengen. Einlass- und Auslassdurchmesser 3 Zoll (\u2248 80 mm), geeignet f\u00fcr gro\u00dfe Wassermengen. F\u00f6rderh\u00f6he bis 20 m und Ansaugh\u00f6he bis 7 m. Hochfestes Aluminium-Pumpengeh\u00e4use mit verst\u00e4rktem Rahmen, konzipiert f\u00fcr intensive Arbeiten. Mitgeliefertes Zubeh\u00f6r: Wasserfilter, Anschluss-Set, Z\u00fcndkerzenschl\u00fcssel, Schlauchanschl\u00fcsse. 2 Jahre Herstellergarantie und langfristig verf\u00fcgbare Ersatzteile f\u00fcr die Wartung.","breadcrumb":{"@id":"https:\/\/sagrinex.com\/produit\/motopompe-3-pouces-speciale-eaux-tres-chargees-60000l-h-moteur-269-cc-konner-sohnen-ks-80mw\/#breadcrumb"},"inLanguage":"de","potentialAction":[{"@type":"ReadAction","target":["https:\/\/sagrinex.com\/produit\/motopompe-3-pouces-speciale-eaux-tres-chargees-60000l-h-moteur-269-cc-konner-sohnen-ks-80mw\/"]}]},{"@type":"ImageObject","inLanguage":"de","@id":"https:\/\/sagrinex.com\/produit\/motopompe-3-pouces-speciale-eaux-tres-chargees-60000l-h-moteur-269-cc-konner-sohnen-ks-80mw\/#primaryimage","url":"https:\/\/sagrinex.com\/wp-content\/uploads\/2026\/03\/motopompe-3-pouces-speciale-eaux-tres-chargees-60000l-h-moteur-269-cc-konner-sohnen-ks-80mw.jpg","contentUrl":"https:\/\/sagrinex.com\/wp-content\/uploads\/2026\/03\/motopompe-3-pouces-speciale-eaux-tres-chargees-60000l-h-moteur-269-cc-konner-sohnen-ks-80mw.jpg","width":1200,"height":1372},{"@type":"BreadcrumbList","@id":"https:\/\/sagrinex.com\/produit\/motopompe-3-pouces-speciale-eaux-tres-chargees-60000l-h-moteur-269-cc-konner-sohnen-ks-80mw\/#breadcrumb","itemListElement":[{"@type":"ListItem","position":1,"name":"Accueil","item":"https:\/\/sagrinex.com\/?lang=de"},{"@type":"ListItem","position":2,"name":"Shop","item":"https:\/\/sagrinex.com\/shop\/"},{"@type":"ListItem","position":3,"name":"Motorpumpe 3 Zoll f\u00fcr Stark Verschmutztes Wasser 60.000 L\/h Motor 269 Cm\u00b3 K\u00f6nner S\u00f6hnen Ks 80MW"}]},{"@type":"WebSite","@id":"https:\/\/sagrinex.com\/#website","url":"https:\/\/sagrinex.com\/","name":"Sagrinex \u2013 Spezialist f\u00fcr Anh\u00e4nger, Container & Landtechnik","description":"Anhaenger, Container &amp; Landtechnik \u2014 Online-Verkauf &amp; kostenloses Angebot","publisher":{"@id":"https:\/\/sagrinex.com\/#organization"},"potentialAction":[{"@type":"SearchAction","target":{"@type":"EntryPoint","urlTemplate":"https:\/\/sagrinex.com\/?s={search_term_string}"},"query-input":{"@type":"PropertyValueSpecification","valueRequired":true,"valueName":"search_term_string"}}],"inLanguage":"de"},{"@type":"Organization","@id":"https:\/\/sagrinex.com\/#organization","name":"Sagrinex \u2013 Remorques, Conteneurs & Mat\u00e9riel Agricole","url":"https:\/\/sagrinex.com\/","logo":{"@type":"ImageObject","inLanguage":"de","@id":"https:\/\/sagrinex.com\/#\/schema\/logo\/image\/","url":"https:\/\/sagrinex.com\/wp-content\/uploads\/2026\/03\/7f1ac463-ef5a-425d-bdd6-a5da03a334a9-1024x683.png","contentUrl":"https:\/\/sagrinex.com\/wp-content\/uploads\/2026\/03\/7f1ac463-ef5a-425d-bdd6-a5da03a334a9-1024x683.png","width":1024,"height":683,"caption":"Sagrinex \u2013 Remorques, Conteneurs & Mat\u00e9riel Agricole"},"image":{"@id":"https:\/\/sagrinex.com\/#\/schema\/logo\/image\/"}}]}},"jetpack_sharing_enabled":true,"_links":{"self":[{"href":"https:\/\/sagrinex.com\/de\/wp-json\/wp\/v2\/product\/13529","targetHints":{"allow":["GET"]}}],"collection":[{"href":"https:\/\/sagrinex.com\/de\/wp-json\/wp\/v2\/product"}],"about":[{"href":"https:\/\/sagrinex.com\/de\/wp-json\/wp\/v2\/types\/product"}],"replies":[{"embeddable":true,"href":"https:\/\/sagrinex.com\/de\/wp-json\/wp\/v2\/comments?post=13529"}],"version-history":[{"count":0,"href":"https:\/\/sagrinex.com\/de\/wp-json\/wp\/v2\/product\/13529\/revisions"}],"wp:featuredmedia":[{"embeddable":true,"href":"https:\/\/sagrinex.com\/de\/wp-json\/wp\/v2\/media\/13530"}],"wp:attachment":[{"href":"https:\/\/sagrinex.com\/de\/wp-json\/wp\/v2\/media?parent=13529"}],"wp:term":[{"taxonomy":"product_brand","embeddable":true,"href":"https:\/\/sagrinex.com\/de\/wp-json\/wp\/v2\/product_brand?post=13529"},{"taxonomy":"product_cat","embeddable":true,"href":"https:\/\/sagrinex.com\/de\/wp-json\/wp\/v2\/product_cat?post=13529"},{"taxonomy":"product_tag","embeddable":true,"href":"https:\/\/sagrinex.com\/de\/wp-json\/wp\/v2\/product_tag?post=13529"}],"curies":[{"name":"wp","href":"https:\/\/api.w.org\/{rel}","templated":true}]}}