{"id":13779,"date":"2026-03-16T19:59:13","date_gmt":"2026-03-16T19:59:13","guid":{"rendered":"https:\/\/sagrinex.com\/produit\/sunway-anhaenger-1-achse-ungebremst-gesamtgewicht-750-kg\/"},"modified":"2026-04-15T21:12:07","modified_gmt":"2026-04-15T21:12:07","slug":"sunway-anhaenger-1-achse-ungebremst-gesamtgewicht-750-kg","status":"publish","type":"product","link":"https:\/\/sagrinex.com\/de\/produit\/sunway-anhaenger-1-achse-ungebremst-gesamtgewicht-750-kg\/","title":{"rendered":"Sunway-anh\u00c4nger 1 Achse Ungebremst Gesamtgewicht 750 Kg"},"content":{"rendered":"<p>Der <strong>SUNWAY<\/strong>-Anh\u00e4nger ist f\u00fcr den Transport von Rumpfbooten bis <strong>4,70 m<\/strong> konzipiert. Es ist f\u00fcr den privaten oder professionellen Gebrauch gedacht und eignet sich besonders f\u00fcr leichte Boote wie Fischerboote, halbstarre Boote oder offene R\u00fcmpfe. Dieser ungebremste Einachsanh\u00e4nger bietet eine zuverl\u00e4ssige und funktionelle L\u00f6sung f\u00fcr regelm\u00e4\u00dfige Stapell\u00e4ufe.<\/p>\n<ul>\n<li><strong>Maximale Rumpfl\u00e4nge:<\/strong> 4,70 m<\/li>\n<li><strong>Gesamtabmessungen:<\/strong> 5,10 m x 1,81 m<\/li>\n<li><strong>Zul\u00e4ssiges Gesamtgewicht:<\/strong> 500 \/ 600 \/ 650 \/ 750 kg serienm\u00e4\u00dfig<\/li>\n<li><strong>Maximale Nutzlast:<\/strong> bis zu 520 kg<\/li>\n<li><strong>Achse:<\/strong> 1 ungebremste Achse 750 kg<\/li>\n<li><strong>R\u00e4der:<\/strong> 155\/70R13 \u2013 Achsabstand 4 x 100<\/li>\n<li><strong>Bremsen:<\/strong> ohne Bremse (Tr\u00e4gheit nicht vorhanden)<\/li>\n<li><strong>Rampen:<\/strong> mit Easygliss-Gleitern ausgelegt<\/li>\n<li><strong>Beleuchtung:<\/strong> Feste wasserdichte LEDs<\/li>\n<li><strong>Naben:<\/strong> \u00d6lbad<\/li>\n<\/ul>\n<p>Dieses Modell ist mit <strong>\u00d6lbadnaben<\/strong> ausgestattet, was die Haltbarkeit verbessert und den Wartungsaufwand reduziert, was besonders n\u00fctzlich f\u00fcr den Einsatz in Meeresumgebungen ist.<\/p>\n<p>Die fest installierten <strong>wasserdichten LED-Leuchten<\/strong> sorgen f\u00fcr eine bessere Sichtbarkeit und verhindern wirksam das Eintauchen, was die Sicherheit beim Reisen und Starten erh\u00f6ht.<\/p>\n<p>Die <strong>mit Teppich ausgelegten Rampen<\/strong> werden mit <strong>Easygliss-Gleitern<\/strong> kombiniert, um das Gleiten des Rumpfes zu erleichtern und die Reibung beim Be- und Entladen des Bootes zu begrenzen.<\/p>\n<p>Die Struktur verf\u00fcgt \u00fcber <strong>seitliche Balken<\/strong>, die die Stabilit\u00e4t des Ganzen beim Transport, auch \u00fcber weite Strecken oder kurvige Stra\u00dfen, erh\u00f6hen.<\/p>\n<ul>\n<li>Kippset, um den Einstieg ins Wasser zu erleichtern<\/li>\n<li>Ersatzrad mit Halterung<\/li>\n<li>Handwinde mit Riemen<\/li>\n<li>Kupplungssperre<\/li>\n<li>Tr\u00e4gerverl\u00e4ngerung<\/li>\n<\/ul>\n<ul>\n<li>Einfacher, leichter und wendiger Anh\u00e4nger, ideal f\u00fcr Boote bis 4,70 m<\/li>\n<li>M\u00f6glichkeit, das zul\u00e4ssige Gesamtgewicht (GVWR) je nach Bedarf ohne zus\u00e4tzliche Kosten anzupassen<\/li>\n<li>Einfacher Transport und Wartung durch korrosionsbest\u00e4ndig behandelte Komponenten<\/li>\n<\/ul>\n<ul>\n<li>Personalisierung des PTAC und Hinzuf\u00fcgen von Optionen auf Anfrage<\/li>\n<li>Schnelle Lieferung und fachkundiger Kundensupport<\/li>\n<li>Montage des Zubeh\u00f6rs durch unsere Techniker in der Werkstatt<\/li>\n<\/ul>\n<p>Dieser <strong>ungebremste<\/strong> Anh\u00e4nger kann mit einem klassischen B-F\u00fchrerschein genutzt werden, wenn das Anh\u00e4ngegewicht innerhalb der gesetzlichen Grenzen bleibt.<\/p>\n","protected":false},"excerpt":{"rendered":"<p>Einachsiger ungebremster SUNWAY-Anh\u00e4nger, ausgelegt f\u00fcr Boote bis 4,70 m. Zul\u00e4ssiges Gesamtgewicht bis 750 kg. Ausgestattet mit wasserdichten LED-Leuchten, 450-kg-Winde, Teppichrampen, \u00d6lbadnaben und verstellbarem Anschlag mit Polstern.<\/p>\n<div class=\"mod_fa_customizablefields_v14_list\">\n<div class=\"mod_fa_champspersonnalisables_v14_title\"><strong>Gesamtgewicht: <\/strong><span class=\"mod_fa_champspersonnalisables_v14_value\">500 \/ 600 \/ 650 \/ 750 kg<\/span><\/div>\n<\/div>\n<div class=\"mod_fa_customizablefields_v14_list\">\n<div class=\"mod_fa_champspersonnalisables_v14_titre\"><strong>Leermasse: <\/strong><span class=\"mod_fa_champspersonnalisables_v14_value\">230 kg<\/span><\/div>\n<\/div>\n<div class=\"mod_fa_customizablefields_v14_list\">\n<div class=\"mod_fa_champspersonnalisables_v14_titre\"><strong>Nutzlast: <\/strong><span class=\"mod_fa_champspersonnalisables_v14_value\">520 kg<\/span><\/div>\n<\/div>\n<div class=\"mod_fa_customizablefields_v14_list\">\n<div class=\"mod_fa_champspersonnalisables_v14_titre\"><strong>Gesamtabmessungen: <\/strong><span class=\"mod_fa_champspersonnalisables_v14_value\">5,10 m x 1,81 m<\/span><\/div>\n<\/div>\n<div class=\"mod_fa_customizablefields_v14_list\">\n<div class=\"mod_fa_champspersonnalisables_v14_titre\"><strong>Maximale L\u00e4nge des Bootes: <\/strong><span class=\"mod_fa_champspersonnalisables_v14_valeur\">4,70 m Rumpf<\/span><\/div>\n<\/div>\n<div class=\"mod_fa_customizablefields_v14_list\">\n<div class=\"mod_fa_champspersonnalisables_v14_titre\"><strong>Achswiderstand(e): <\/strong><span class=\"mod_fa_champspersonnalisables_v14_value\">750 kg<\/span><\/div>\n<\/div>\n<div class=\"mod_fa_customizablefields_v14_list\">\n<div class=\"mod_fa_champspersonnalisables_v14_titre\"><strong>Rahmentyp: <\/strong><span class=\"mod_fa_champspersonnalisables_v14_value\">Feuerverzinkt<\/span><\/div>\n<\/div>\n<div class=\"mod_fa_customizablefields_v14_list\">\n<div class=\"mod_fa_champspersonnalisables_v14_title\"><strong>R\u00e4der: <\/strong><span class=\"mod_fa_champspersonnalisables_v14_valeur\">155\/70R13<\/span><\/div>\n<\/div>\n<div class=\"mod_fa_customizablefields_v14_list\">\n<div class=\"mod_fa_champspersonnalisables_v14_titre\"><strong>Ausstattung: <\/strong><span class=\"mod_fa_champspersonnalisables_v14_valeur\">St\u00fctzrad, wasserdichte LED-Leuchten, Teppichrampen mit Easygliss-Pads, 13-Zoll-R\u00e4der<\/span><\/div>\n<\/div>\n","protected":false},"featured_media":13780,"comment_status":"open","ping_status":"closed","template":"","meta":[],"product_brand":[],"product_cat":[357,352],"product_tag":[],"class_list":{"0":"post-13779","1":"product","2":"type-product","3":"status-publish","4":"has-post-thumbnail","6":"product_cat-nautische-anhaenger","7":"product_cat-unsere-trailer","9":"first","10":"instock","11":"shipping-taxable","12":"purchasable","13":"product-type-simple"},"yoast_head":"<!-- This site is optimized with the Yoast SEO plugin v27.4 - https:\/\/yoast.com\/product\/yoast-seo-wordpress\/ -->\n<title>SUNWAY-ANH\u00c4NGER 1 ACHSE UNGEBREMST Gesamtgewicht 750 KG<\/title>\n<meta name=\"description\" content=\"Einachsiger ungebremster SUNWAY-Anh\u00e4nger, ausgelegt f\u00fcr Boote bis 4,70 m. Zul\u00e4ssiges Gesamtgewicht bis 750 kg. Ausgestattet mit wasserdichten LED-Leuchten, 450-kg-Winde, Teppichrampen, \u00d6lbadnaben und verstellbarem Anschlag mit Polstern.\" \/>\n<meta name=\"robots\" content=\"index, follow, max-snippet:-1, max-image-preview:large, max-video-preview:-1\" \/>\n<link rel=\"canonical\" href=\"https:\/\/sagrinex.com\/produit\/remorque-sunway-g510pt19-1-essieu-non-freine-ptac-750-kg\/\" \/>\n<meta property=\"og:locale\" content=\"de_DE\" \/>\n<meta property=\"og:type\" content=\"article\" \/>\n<meta property=\"og:title\" content=\"SUNWAY-ANH\u00c4NGER 1 ACHSE UNGEBREMST Gesamtgewicht 750 KG\" \/>\n<meta property=\"og:description\" content=\"Einachsiger ungebremster SUNWAY-Anh\u00e4nger, ausgelegt f\u00fcr Boote bis 4,70 m. Zul\u00e4ssiges Gesamtgewicht bis 750 kg. Ausgestattet mit wasserdichten LED-Leuchten, 450-kg-Winde, Teppichrampen, \u00d6lbadnaben und verstellbarem Anschlag mit Polstern.\" \/>\n<meta property=\"og:url\" content=\"https:\/\/sagrinex.com\/produit\/remorque-sunway-g510pt19-1-essieu-non-freine-ptac-750-kg\/\" \/>\n<meta property=\"og:site_name\" content=\"Sagrinex \u2013 Anhaenger, Container &amp; Landtechnik \ud83c\udf3e\ud83d\ude9c\" \/>\n<meta property=\"article:modified_time\" content=\"2026-04-15T21:12:07+00:00\" \/>\n<meta property=\"og:image\" content=\"https:\/\/sagrinex.com\/wp-content\/uploads\/2026\/03\/Image-412-1.jpeg\" \/>\n\t<meta property=\"og:image:width\" content=\"500\" \/>\n\t<meta property=\"og:image:height\" content=\"400\" \/>\n\t<meta property=\"og:image:type\" content=\"image\/jpeg\" \/>\n<meta name=\"twitter:card\" content=\"summary_large_image\" \/>\n<meta name=\"twitter:label1\" content=\"Gesch\u00e4tzte Lesezeit\" \/>\n\t<meta name=\"twitter:data1\" content=\"2\u00a0Minuten\" \/>\n<script type=\"application\/ld+json\" class=\"yoast-schema-graph\">{\"@context\":\"https:\\\/\\\/schema.org\",\"@graph\":[{\"@type\":\"WebPage\",\"@id\":\"https:\\\/\\\/sagrinex.com\\\/produit\\\/remorque-sunway-g510pt19-1-essieu-non-freine-ptac-750-kg\\\/\",\"url\":\"https:\\\/\\\/sagrinex.com\\\/produit\\\/remorque-sunway-g510pt19-1-essieu-non-freine-ptac-750-kg\\\/\",\"name\":\"SUNWAY-ANH\u00c4NGER 1 ACHSE UNGEBREMST Gesamtgewicht 750 KG\",\"isPartOf\":{\"@id\":\"https:\\\/\\\/sagrinex.com\\\/#website\"},\"primaryImageOfPage\":{\"@id\":\"https:\\\/\\\/sagrinex.com\\\/produit\\\/remorque-sunway-g510pt19-1-essieu-non-freine-ptac-750-kg\\\/#primaryimage\"},\"image\":{\"@id\":\"https:\\\/\\\/sagrinex.com\\\/produit\\\/remorque-sunway-g510pt19-1-essieu-non-freine-ptac-750-kg\\\/#primaryimage\"},\"thumbnailUrl\":\"https:\\\/\\\/sagrinex.com\\\/wp-content\\\/uploads\\\/2026\\\/03\\\/Image-412-1.jpeg\",\"datePublished\":\"2026-03-16T19:59:13+00:00\",\"dateModified\":\"2026-04-15T21:12:07+00:00\",\"description\":\"Einachsiger ungebremster SUNWAY-Anh\u00e4nger, ausgelegt f\u00fcr Boote bis 4,70 m. Zul\u00e4ssiges Gesamtgewicht bis 750 kg. Ausgestattet mit wasserdichten LED-Leuchten, 450-kg-Winde, Teppichrampen, \u00d6lbadnaben und verstellbarem Anschlag mit Polstern.\",\"breadcrumb\":{\"@id\":\"https:\\\/\\\/sagrinex.com\\\/produit\\\/remorque-sunway-g510pt19-1-essieu-non-freine-ptac-750-kg\\\/#breadcrumb\"},\"inLanguage\":\"de\",\"potentialAction\":[{\"@type\":\"ReadAction\",\"target\":[\"https:\\\/\\\/sagrinex.com\\\/produit\\\/remorque-sunway-g510pt19-1-essieu-non-freine-ptac-750-kg\\\/\"]}]},{\"@type\":\"ImageObject\",\"inLanguage\":\"de\",\"@id\":\"https:\\\/\\\/sagrinex.com\\\/produit\\\/remorque-sunway-g510pt19-1-essieu-non-freine-ptac-750-kg\\\/#primaryimage\",\"url\":\"https:\\\/\\\/sagrinex.com\\\/wp-content\\\/uploads\\\/2026\\\/03\\\/Image-412-1.jpeg\",\"contentUrl\":\"https:\\\/\\\/sagrinex.com\\\/wp-content\\\/uploads\\\/2026\\\/03\\\/Image-412-1.jpeg\",\"width\":500,\"height\":400},{\"@type\":\"BreadcrumbList\",\"@id\":\"https:\\\/\\\/sagrinex.com\\\/produit\\\/remorque-sunway-g510pt19-1-essieu-non-freine-ptac-750-kg\\\/#breadcrumb\",\"itemListElement\":[{\"@type\":\"ListItem\",\"position\":1,\"name\":\"Accueil\",\"item\":\"https:\\\/\\\/sagrinex.com\\\/?lang=de\"},{\"@type\":\"ListItem\",\"position\":2,\"name\":\"Shop\",\"item\":\"https:\\\/\\\/sagrinex.com\\\/shop\\\/\"},{\"@type\":\"ListItem\",\"position\":3,\"name\":\"Sunway-anh\u00c4nger 1 Achse Ungebremst Gesamtgewicht 750 Kg\"}]},{\"@type\":\"WebSite\",\"@id\":\"https:\\\/\\\/sagrinex.com\\\/#website\",\"url\":\"https:\\\/\\\/sagrinex.com\\\/\",\"name\":\"Sagrinex \u2013 Spezialist f\u00fcr Anh\u00e4nger, Container & Landtechnik\",\"description\":\"Anhaenger, Container &amp; Landtechnik \u2014 Online-Verkauf &amp; kostenloses Angebot\",\"publisher\":{\"@id\":\"https:\\\/\\\/sagrinex.com\\\/#organization\"},\"potentialAction\":[{\"@type\":\"SearchAction\",\"target\":{\"@type\":\"EntryPoint\",\"urlTemplate\":\"https:\\\/\\\/sagrinex.com\\\/?s={search_term_string}\"},\"query-input\":{\"@type\":\"PropertyValueSpecification\",\"valueRequired\":true,\"valueName\":\"search_term_string\"}}],\"inLanguage\":\"de\"},{\"@type\":\"Organization\",\"@id\":\"https:\\\/\\\/sagrinex.com\\\/#organization\",\"name\":\"Sagrinex \u2013 Remorques, Conteneurs & Mat\u00e9riel Agricole\",\"url\":\"https:\\\/\\\/sagrinex.com\\\/\",\"logo\":{\"@type\":\"ImageObject\",\"inLanguage\":\"de\",\"@id\":\"https:\\\/\\\/sagrinex.com\\\/#\\\/schema\\\/logo\\\/image\\\/\",\"url\":\"https:\\\/\\\/sagrinex.com\\\/wp-content\\\/uploads\\\/2026\\\/03\\\/7f1ac463-ef5a-425d-bdd6-a5da03a334a9-1024x683.png\",\"contentUrl\":\"https:\\\/\\\/sagrinex.com\\\/wp-content\\\/uploads\\\/2026\\\/03\\\/7f1ac463-ef5a-425d-bdd6-a5da03a334a9-1024x683.png\",\"width\":1024,\"height\":683,\"caption\":\"Sagrinex \u2013 Remorques, Conteneurs & Mat\u00e9riel Agricole\"},\"image\":{\"@id\":\"https:\\\/\\\/sagrinex.com\\\/#\\\/schema\\\/logo\\\/image\\\/\"}}]}<\/script>\n<!-- \/ Yoast SEO plugin. -->","yoast_head_json":{"title":"SUNWAY-ANH\u00c4NGER 1 ACHSE UNGEBREMST Gesamtgewicht 750 KG","description":"Einachsiger ungebremster SUNWAY-Anh\u00e4nger, ausgelegt f\u00fcr Boote bis 4,70 m. Zul\u00e4ssiges Gesamtgewicht bis 750 kg. Ausgestattet mit wasserdichten LED-Leuchten, 450-kg-Winde, Teppichrampen, \u00d6lbadnaben und verstellbarem Anschlag mit Polstern.","robots":{"index":"index","follow":"follow","max-snippet":"max-snippet:-1","max-image-preview":"max-image-preview:large","max-video-preview":"max-video-preview:-1"},"canonical":"https:\/\/sagrinex.com\/produit\/remorque-sunway-g510pt19-1-essieu-non-freine-ptac-750-kg\/","og_locale":"de_DE","og_type":"article","og_title":"SUNWAY-ANH\u00c4NGER 1 ACHSE UNGEBREMST Gesamtgewicht 750 KG","og_description":"Einachsiger ungebremster SUNWAY-Anh\u00e4nger, ausgelegt f\u00fcr Boote bis 4,70 m. Zul\u00e4ssiges Gesamtgewicht bis 750 kg. Ausgestattet mit wasserdichten LED-Leuchten, 450-kg-Winde, Teppichrampen, \u00d6lbadnaben und verstellbarem Anschlag mit Polstern.","og_url":"https:\/\/sagrinex.com\/produit\/remorque-sunway-g510pt19-1-essieu-non-freine-ptac-750-kg\/","og_site_name":"Sagrinex \u2013 Anhaenger, Container &amp; Landtechnik \ud83c\udf3e\ud83d\ude9c","article_modified_time":"2026-04-15T21:12:07+00:00","og_image":[{"width":500,"height":400,"url":"https:\/\/sagrinex.com\/wp-content\/uploads\/2026\/03\/Image-412-1.jpeg","type":"image\/jpeg"}],"twitter_card":"summary_large_image","twitter_misc":{"Gesch\u00e4tzte Lesezeit":"2\u00a0Minuten"},"schema":{"@context":"https:\/\/schema.org","@graph":[{"@type":"WebPage","@id":"https:\/\/sagrinex.com\/produit\/remorque-sunway-g510pt19-1-essieu-non-freine-ptac-750-kg\/","url":"https:\/\/sagrinex.com\/produit\/remorque-sunway-g510pt19-1-essieu-non-freine-ptac-750-kg\/","name":"SUNWAY-ANH\u00c4NGER 1 ACHSE UNGEBREMST Gesamtgewicht 750 KG","isPartOf":{"@id":"https:\/\/sagrinex.com\/#website"},"primaryImageOfPage":{"@id":"https:\/\/sagrinex.com\/produit\/remorque-sunway-g510pt19-1-essieu-non-freine-ptac-750-kg\/#primaryimage"},"image":{"@id":"https:\/\/sagrinex.com\/produit\/remorque-sunway-g510pt19-1-essieu-non-freine-ptac-750-kg\/#primaryimage"},"thumbnailUrl":"https:\/\/sagrinex.com\/wp-content\/uploads\/2026\/03\/Image-412-1.jpeg","datePublished":"2026-03-16T19:59:13+00:00","dateModified":"2026-04-15T21:12:07+00:00","description":"Einachsiger ungebremster SUNWAY-Anh\u00e4nger, ausgelegt f\u00fcr Boote bis 4,70 m. Zul\u00e4ssiges Gesamtgewicht bis 750 kg. Ausgestattet mit wasserdichten LED-Leuchten, 450-kg-Winde, Teppichrampen, \u00d6lbadnaben und verstellbarem Anschlag mit Polstern.","breadcrumb":{"@id":"https:\/\/sagrinex.com\/produit\/remorque-sunway-g510pt19-1-essieu-non-freine-ptac-750-kg\/#breadcrumb"},"inLanguage":"de","potentialAction":[{"@type":"ReadAction","target":["https:\/\/sagrinex.com\/produit\/remorque-sunway-g510pt19-1-essieu-non-freine-ptac-750-kg\/"]}]},{"@type":"ImageObject","inLanguage":"de","@id":"https:\/\/sagrinex.com\/produit\/remorque-sunway-g510pt19-1-essieu-non-freine-ptac-750-kg\/#primaryimage","url":"https:\/\/sagrinex.com\/wp-content\/uploads\/2026\/03\/Image-412-1.jpeg","contentUrl":"https:\/\/sagrinex.com\/wp-content\/uploads\/2026\/03\/Image-412-1.jpeg","width":500,"height":400},{"@type":"BreadcrumbList","@id":"https:\/\/sagrinex.com\/produit\/remorque-sunway-g510pt19-1-essieu-non-freine-ptac-750-kg\/#breadcrumb","itemListElement":[{"@type":"ListItem","position":1,"name":"Accueil","item":"https:\/\/sagrinex.com\/?lang=de"},{"@type":"ListItem","position":2,"name":"Shop","item":"https:\/\/sagrinex.com\/shop\/"},{"@type":"ListItem","position":3,"name":"Sunway-anh\u00c4nger 1 Achse Ungebremst Gesamtgewicht 750 Kg"}]},{"@type":"WebSite","@id":"https:\/\/sagrinex.com\/#website","url":"https:\/\/sagrinex.com\/","name":"Sagrinex \u2013 Spezialist f\u00fcr Anh\u00e4nger, Container & Landtechnik","description":"Anhaenger, Container &amp; Landtechnik \u2014 Online-Verkauf &amp; kostenloses Angebot","publisher":{"@id":"https:\/\/sagrinex.com\/#organization"},"potentialAction":[{"@type":"SearchAction","target":{"@type":"EntryPoint","urlTemplate":"https:\/\/sagrinex.com\/?s={search_term_string}"},"query-input":{"@type":"PropertyValueSpecification","valueRequired":true,"valueName":"search_term_string"}}],"inLanguage":"de"},{"@type":"Organization","@id":"https:\/\/sagrinex.com\/#organization","name":"Sagrinex \u2013 Remorques, Conteneurs & Mat\u00e9riel Agricole","url":"https:\/\/sagrinex.com\/","logo":{"@type":"ImageObject","inLanguage":"de","@id":"https:\/\/sagrinex.com\/#\/schema\/logo\/image\/","url":"https:\/\/sagrinex.com\/wp-content\/uploads\/2026\/03\/7f1ac463-ef5a-425d-bdd6-a5da03a334a9-1024x683.png","contentUrl":"https:\/\/sagrinex.com\/wp-content\/uploads\/2026\/03\/7f1ac463-ef5a-425d-bdd6-a5da03a334a9-1024x683.png","width":1024,"height":683,"caption":"Sagrinex \u2013 Remorques, Conteneurs & Mat\u00e9riel Agricole"},"image":{"@id":"https:\/\/sagrinex.com\/#\/schema\/logo\/image\/"}}]}},"jetpack_sharing_enabled":true,"_links":{"self":[{"href":"https:\/\/sagrinex.com\/de\/wp-json\/wp\/v2\/product\/13779","targetHints":{"allow":["GET"]}}],"collection":[{"href":"https:\/\/sagrinex.com\/de\/wp-json\/wp\/v2\/product"}],"about":[{"href":"https:\/\/sagrinex.com\/de\/wp-json\/wp\/v2\/types\/product"}],"replies":[{"embeddable":true,"href":"https:\/\/sagrinex.com\/de\/wp-json\/wp\/v2\/comments?post=13779"}],"version-history":[{"count":0,"href":"https:\/\/sagrinex.com\/de\/wp-json\/wp\/v2\/product\/13779\/revisions"}],"wp:featuredmedia":[{"embeddable":true,"href":"https:\/\/sagrinex.com\/de\/wp-json\/wp\/v2\/media\/13780"}],"wp:attachment":[{"href":"https:\/\/sagrinex.com\/de\/wp-json\/wp\/v2\/media?parent=13779"}],"wp:term":[{"taxonomy":"product_brand","embeddable":true,"href":"https:\/\/sagrinex.com\/de\/wp-json\/wp\/v2\/product_brand?post=13779"},{"taxonomy":"product_cat","embeddable":true,"href":"https:\/\/sagrinex.com\/de\/wp-json\/wp\/v2\/product_cat?post=13779"},{"taxonomy":"product_tag","embeddable":true,"href":"https:\/\/sagrinex.com\/de\/wp-json\/wp\/v2\/product_tag?post=13779"}],"curies":[{"name":"wp","href":"https:\/\/api.w.org\/{rel}","templated":true}]}}