{"id":13796,"date":"2026-03-15T20:37:38","date_gmt":"2026-03-15T20:37:38","guid":{"rendered":"https:\/\/sagrinex.com\/produit\/gebrauchter-isolierter-20-fuss-container\/"},"modified":"2026-04-15T21:12:07","modified_gmt":"2026-04-15T21:12:07","slug":"gebrauchter-isolierter-20-fuss-container","status":"publish","type":"product","link":"https:\/\/sagrinex.com\/de\/produit\/gebrauchter-isolierter-20-fuss-container\/","title":{"rendered":"Gebrauchter Isolierter 20-fu\u00df-container"},"content":{"rendered":"<h1 data-start=\"131\" data-end=\"238\"><strong data-start=\"136\" data-end=\"238\">20 Fu\u00df isolierter Container \u2013 Die einfache, effiziente und wirtschaftliche K\u00fchllagerl\u00f6sung<\/strong><\/h1>\n<p data-start=\"240\" data-end=\"606\">Entdecken Sie den <strong data-start=\"253\" data-end=\"285\">20 Fu\u00df Isolierbeh\u00e4lter<\/strong>, die ideale L\u00f6sung f\u00fcr die Aufbewahrung Ihrer frischen oder empfindlichen Produkte <strong data-start=\"353\" data-end=\"433\">ohne K\u00fchleinheit, ohne Elektroinstallation und ohne technische Einschr\u00e4nkungen<\/strong>. Dank seiner verst\u00e4rkten Isolierung fungiert dieser Container als <strong data-start=\"502\" data-end=\"528\">passiver K\u00fchlraum<\/strong>, der die Innentemperatur zuverl\u00e4ssig und nachhaltig aufrechterh\u00e4lt.<\/p>\n<p data-start=\"608\" data-end=\"810\">Perfekt f\u00fcr Profis, die eine <strong data-start=\"669\" data-end=\"710\">praktische, robuste und \u00e4u\u00dferst wirtschaftliche L\u00f6sung<\/strong> suchen. Dieses Modell ist <strong data-start=\"740\" data-end=\"760\">\u00fcberholt gebraucht<\/strong>, vollst\u00e4ndig \u00fcberpr\u00fcft, wasserdicht und einsatzbereit.<\/p>\n<p data-start=\"812\" data-end=\"1135\">Aus <strong data-start=\"824\" data-end=\"854\">Cortenstahl auf der Au\u00dfenseite<\/strong> und <strong data-start=\"861\" data-end=\"883\">Edelstahl auf der Innenseite<\/strong> gefertigt, gew\u00e4hrleistet es maximalen Schutz vor St\u00f6\u00dfen, schlechtem Wetter und Zeit. Seine <strong data-start=\"980\" data-end=\"1002\">70-mm-Polyurethanw\u00e4nde<\/strong> garantieren eine au\u00dfergew\u00f6hnliche W\u00e4rmed\u00e4mmung und gew\u00e4hrleisten die Konservierung all Ihrer Lebensmittel und Non-Food-Produkte.<\/p>\n<p data-start=\"1137\" data-end=\"1356\">Mit einem <strong data-start=\"1146\" data-end=\"1167\">Inhalt von 28 m\u00b3<\/strong> und einer <strong data-start=\"1175\" data-end=\"1197\">Oberfl\u00e4che von 14,7 m\u00b2<\/strong> erf\u00fcllt dieser Container perfekt die Bed\u00fcrfnisse von Gastronomen, Gastronomen, G\u00e4rtnern, Landwirten, Logistiker, Gem\u00fcseh\u00e4ndler und sogar Veranstaltungsdienste.<\/p>\n<hr data-start=\"1358\" data-end=\"1361\" \/>\n<h2 data-start=\"1363\" data-end=\"1413\">\u2b50 <strong data-start=\"1368\" data-end=\"1413\">Warum diesen Isolierbeh\u00e4lter w\u00e4hlen?<\/strong><\/h2>\n<ul data-start=\"1415\" data-end=\"1943\">\n<li data-start=\"1415\" data-end=\"1509\">\n<p data-start=\"1417\" data-end=\"1509\">\u2744\ufe0f <strong data-start=\"1420\" data-end=\"1459\">Effektive Temperaturerhaltung<\/strong> \u2013 funktioniert wie eine riesige K\u00fchltasche<\/p>\n<\/li>\n<li data-start=\"1510\" data-end=\"1573\">\n<p data-start=\"1512\" data-end=\"1573\">\ud83d\udcb6 <strong data-start=\"1515\" data-end=\"1538\">Wirtschaftliche L\u00f6sung<\/strong> \u2013 kein Stromverbrauch<\/p>\n<\/li>\n<li data-start=\"1574\" data-end=\"1634\">\n<p data-start=\"1576\" data-end=\"1634\">\ud83d\udd27 <strong data-start=\"1579\" data-end=\"1600\">Robust und langlebig<\/strong> \u2013 Innenraum aus Cortenstahl + Edelstahl<\/p>\n<\/li>\n<li data-start=\"1635\" data-end=\"1716\">\n<p data-start=\"1637\" data-end=\"1716\">\ud83d\udce6 <strong data-start=\"1640\" data-end=\"1661\">28 m\u00b3 Fassungsverm\u00f6gen<\/strong> \u2013 perfekt f\u00fcr verderbliche oder sensible Waren<\/p>\n<\/li>\n<li data-start=\"1717\" data-end=\"1788\">\n<p data-start=\"1719\" data-end=\"1788\">\ud83d\ude9a <strong data-start=\"1722\" data-end=\"1745\">Einfache Installation<\/strong> \u2013 sofort einsatzbereit, \u00fcberall transportierbar<\/p>\n<\/li>\n<li data-start=\"1789\" data-end=\"1862\">\n<p data-start=\"1791\" data-end=\"1862\">\ud83d\udd12 <strong data-start=\"1794\" data-end=\"1823\">Sicher, gepr\u00fcft, wasserdicht<\/strong> \u2013 zuverl\u00e4ssig f\u00fcr den professionellen Einsatz<\/p>\n<\/li>\n<li data-start=\"1863\" data-end=\"1943\">\n<p data-start=\"1865\" data-end=\"1943\">\ud83c\udfd7\ufe0f <strong data-start=\"1869\" data-end=\"1895\">Stapelbar und vielseitig<\/strong> \u2013 ideal f\u00fcr die dauerhafte oder tempor\u00e4re Lagerung<\/p>\n<\/li>\n<\/ul>\n","protected":false},"excerpt":{"rendered":"<p data-start=\"155\" data-end=\"550\">Der 20-Fu\u00df-Isoliercontainer ist eine <strong data-start=\"216\" data-end=\"235\">maschinenlose<\/strong>Aufbewahrungsl\u00f6sung, ideal f\u00fcr die nachhaltige Konservierung Ihrer frischen oder empfindlichen Produkte dank seiner <strong data-start=\"315\" data-end=\"348\">verst\u00e4rkten W\u00e4rmed\u00e4mmung<\/strong>. Nur als <strong data-start=\"375\" data-end=\"395\">\u00fcberholter Gebrauchtwagen<\/strong> erh\u00e4ltlich, verf\u00fcgt er \u00fcber keine K\u00fchleinheit oder elektrisches System, sondern funktioniert wie eine <strong data-start=\"475\" data-end=\"498\">riesige Isoliertasche<\/strong> und h\u00e4lt die Innentemperatur effektiv aufrecht.<\/p>\n<p data-start=\"552\" data-end=\"833\">Mit seiner Struktur aus <strong data-start=\"573\" data-end=\"589\">Cortenstahl<\/strong> und seinem Inneren aus <strong data-start=\"620\" data-end=\"628\">Edelstahl<\/strong> ist es perfekt best\u00e4ndig gegen schlechtes Wetter, St\u00f6\u00dfe und Zeit. Seine <strong data-start=\"708\" data-end=\"730\">70-mm-Polyurethanw\u00e4nde<\/strong> bieten optimale Isolierung f\u00fcr Lebensmittel oder Non-Food, gelegentliche oder dauerhafte Lagerung.<\/p>\n<p data-start=\"835\" data-end=\"1004\">Perfekt f\u00fcr <strong data-start=\"852\" data-end=\"930\">Caterer, Gastronomen, Landwirte, Gem\u00fcseh\u00e4ndler, Zusteller oder Logistiker<\/strong>, dieser Container bietet <strong data-start=\"951\" data-end=\"960\">28 m\u00b3<\/strong> Nutzfl\u00e4che f\u00fcr <strong data-start=\"981\" data-end=\"992\">14,7 m\u00b2<\/strong> Fl\u00e4che.<\/p>\n<p data-start=\"1006\" data-end=\"1112\"><strong data-start=\"1006\" data-end=\"1021\">Vorteile:<\/strong> sicher, wasserdicht, \u00fcberholt, einfache Installation, stapelbar, hervorragende W\u00e4rmed\u00e4mmung.<\/p>\n","protected":false},"featured_media":13797,"comment_status":"open","ping_status":"closed","template":"","meta":[],"product_brand":[],"product_cat":[349,347],"product_tag":[],"class_list":{"0":"post-13796","1":"product","2":"type-product","3":"status-publish","4":"has-post-thumbnail","6":"product_cat-kuehllager","7":"product_cat-unsere-container","9":"first","10":"instock","11":"sale","12":"shipping-taxable","13":"purchasable","14":"product-type-simple"},"yoast_head":"<!-- This site is optimized with the Yoast SEO plugin v27.4 - https:\/\/yoast.com\/product\/yoast-seo-wordpress\/ -->\n<title>Gebrauchter isolierter 20-Fu\u00df-Container<\/title>\n<meta name=\"description\" content=\"Der 20-Fu\u00df-Isoliercontainer ist eine Lagerl\u00f6sung ohne Maschinen und dank seiner verst\u00e4rkten W\u00e4rmeisolierung ideal f\u00fcr die nachhaltige Konservierung Ihrer frischen oder empfindlichen Produkte. Er ist nur als Gebrauchtwagen erh\u00e4ltlich und verf\u00fcgt weder \u00fcber eine K\u00fchleinheit noch \u00fcber ein elektrisches System, sondern funktioniert wie eine riesige Isoliertasche und h\u00e4lt die Innentemperatur effektiv aufrecht. Mit seiner Au\u00dfenstruktur aus Cortenstahl und der Innenseite aus Edelstahl ist es perfekt best\u00e4ndig gegen schlechtes Wetter, St\u00f6\u00dfe und Zeit. Seine 70 mm dicken Polyurethan-W\u00e4nde bieten optimale Isolierung f\u00fcr die einmalige oder dauerhafte Lagerung von Lebensmitteln oder Non-Food. Perfekt f\u00fcr Caterer, Gastronomen, Landwirte, Gem\u00fcseh\u00e4ndler, Zusteller oder Logistiker, dieser Container bietet 28 m\u00b3 Nutzraum bei 14,7 m\u00b2 Grundfl\u00e4che. Vorteile: sicher, wasserdicht, \u00fcberholt, einfache Montage, stapelbar, hervorragende W\u00e4rmed\u00e4mmung.\" \/>\n<meta name=\"robots\" content=\"index, follow, max-snippet:-1, max-image-preview:large, max-video-preview:-1\" \/>\n<link rel=\"canonical\" href=\"https:\/\/sagrinex.com\/produit\/conteneur-isotherme-20-pieds-occasion\/\" \/>\n<meta property=\"og:locale\" content=\"de_DE\" \/>\n<meta property=\"og:type\" content=\"article\" \/>\n<meta property=\"og:title\" content=\"Gebrauchter isolierter 20-Fu\u00df-Container\" \/>\n<meta property=\"og:description\" content=\"Der 20-Fu\u00df-Isoliercontainer ist eine Lagerl\u00f6sung ohne Maschinen und dank seiner verst\u00e4rkten W\u00e4rmeisolierung ideal f\u00fcr die nachhaltige Konservierung Ihrer frischen oder empfindlichen Produkte. Er ist nur als Gebrauchtwagen erh\u00e4ltlich und verf\u00fcgt weder \u00fcber eine K\u00fchleinheit noch \u00fcber ein elektrisches System, sondern funktioniert wie eine riesige Isoliertasche und h\u00e4lt die Innentemperatur effektiv aufrecht. Mit seiner Au\u00dfenstruktur aus Cortenstahl und der Innenseite aus Edelstahl ist es perfekt best\u00e4ndig gegen schlechtes Wetter, St\u00f6\u00dfe und Zeit. Seine 70 mm dicken Polyurethan-W\u00e4nde bieten optimale Isolierung f\u00fcr die einmalige oder dauerhafte Lagerung von Lebensmitteln oder Non-Food. Perfekt f\u00fcr Caterer, Gastronomen, Landwirte, Gem\u00fcseh\u00e4ndler, Zusteller oder Logistiker, dieser Container bietet 28 m\u00b3 Nutzraum bei 14,7 m\u00b2 Grundfl\u00e4che. Vorteile: sicher, wasserdicht, \u00fcberholt, einfache Montage, stapelbar, hervorragende W\u00e4rmed\u00e4mmung.\" \/>\n<meta property=\"og:url\" content=\"https:\/\/sagrinex.com\/produit\/conteneur-isotherme-20-pieds-occasion\/\" \/>\n<meta property=\"og:site_name\" content=\"Sagrinex \u2013 Anhaenger, Container &amp; Landtechnik \ud83c\udf3e\ud83d\ude9c\" \/>\n<meta property=\"article:modified_time\" content=\"2026-04-15T21:12:07+00:00\" \/>\n<meta property=\"og:image\" content=\"https:\/\/sagrinex.com\/wp-content\/uploads\/2026\/03\/Image-220-2.jpeg\" \/>\n\t<meta property=\"og:image:width\" content=\"1213\" \/>\n\t<meta property=\"og:image:height\" content=\"683\" \/>\n\t<meta property=\"og:image:type\" content=\"image\/jpeg\" \/>\n<meta name=\"twitter:card\" content=\"summary_large_image\" \/>\n<meta name=\"twitter:label1\" content=\"Gesch\u00e4tzte Lesezeit\" \/>\n\t<meta name=\"twitter:data1\" content=\"1\u00a0Minute\" \/>\n<script type=\"application\/ld+json\" class=\"yoast-schema-graph\">{\"@context\":\"https:\\\/\\\/schema.org\",\"@graph\":[{\"@type\":\"WebPage\",\"@id\":\"https:\\\/\\\/sagrinex.com\\\/produit\\\/conteneur-isotherme-20-pieds-occasion\\\/\",\"url\":\"https:\\\/\\\/sagrinex.com\\\/produit\\\/conteneur-isotherme-20-pieds-occasion\\\/\",\"name\":\"Gebrauchter isolierter 20-Fu\u00df-Container\",\"isPartOf\":{\"@id\":\"https:\\\/\\\/sagrinex.com\\\/#website\"},\"primaryImageOfPage\":{\"@id\":\"https:\\\/\\\/sagrinex.com\\\/produit\\\/conteneur-isotherme-20-pieds-occasion\\\/#primaryimage\"},\"image\":{\"@id\":\"https:\\\/\\\/sagrinex.com\\\/produit\\\/conteneur-isotherme-20-pieds-occasion\\\/#primaryimage\"},\"thumbnailUrl\":\"https:\\\/\\\/sagrinex.com\\\/wp-content\\\/uploads\\\/2026\\\/03\\\/Image-220-2.jpeg\",\"datePublished\":\"2026-03-15T20:37:38+00:00\",\"dateModified\":\"2026-04-15T21:12:07+00:00\",\"description\":\"Der 20-Fu\u00df-Isoliercontainer ist eine Lagerl\u00f6sung ohne Maschinen und dank seiner verst\u00e4rkten W\u00e4rmeisolierung ideal f\u00fcr die nachhaltige Konservierung Ihrer frischen oder empfindlichen Produkte. Er ist nur als Gebrauchtwagen erh\u00e4ltlich und verf\u00fcgt weder \u00fcber eine K\u00fchleinheit noch \u00fcber ein elektrisches System, sondern funktioniert wie eine riesige Isoliertasche und h\u00e4lt die Innentemperatur effektiv aufrecht. Mit seiner Au\u00dfenstruktur aus Cortenstahl und der Innenseite aus Edelstahl ist es perfekt best\u00e4ndig gegen schlechtes Wetter, St\u00f6\u00dfe und Zeit. Seine 70 mm dicken Polyurethan-W\u00e4nde bieten optimale Isolierung f\u00fcr die einmalige oder dauerhafte Lagerung von Lebensmitteln oder Non-Food. Perfekt f\u00fcr Caterer, Gastronomen, Landwirte, Gem\u00fcseh\u00e4ndler, Zusteller oder Logistiker, dieser Container bietet 28 m\u00b3 Nutzraum bei 14,7 m\u00b2 Grundfl\u00e4che. Vorteile: sicher, wasserdicht, \u00fcberholt, einfache Montage, stapelbar, hervorragende W\u00e4rmed\u00e4mmung.\",\"breadcrumb\":{\"@id\":\"https:\\\/\\\/sagrinex.com\\\/produit\\\/conteneur-isotherme-20-pieds-occasion\\\/#breadcrumb\"},\"inLanguage\":\"de\",\"potentialAction\":[{\"@type\":\"ReadAction\",\"target\":[\"https:\\\/\\\/sagrinex.com\\\/produit\\\/conteneur-isotherme-20-pieds-occasion\\\/\"]}]},{\"@type\":\"ImageObject\",\"inLanguage\":\"de\",\"@id\":\"https:\\\/\\\/sagrinex.com\\\/produit\\\/conteneur-isotherme-20-pieds-occasion\\\/#primaryimage\",\"url\":\"https:\\\/\\\/sagrinex.com\\\/wp-content\\\/uploads\\\/2026\\\/03\\\/Image-220-2.jpeg\",\"contentUrl\":\"https:\\\/\\\/sagrinex.com\\\/wp-content\\\/uploads\\\/2026\\\/03\\\/Image-220-2.jpeg\",\"width\":1213,\"height\":683},{\"@type\":\"BreadcrumbList\",\"@id\":\"https:\\\/\\\/sagrinex.com\\\/produit\\\/conteneur-isotherme-20-pieds-occasion\\\/#breadcrumb\",\"itemListElement\":[{\"@type\":\"ListItem\",\"position\":1,\"name\":\"Accueil\",\"item\":\"https:\\\/\\\/sagrinex.com\\\/?lang=de\"},{\"@type\":\"ListItem\",\"position\":2,\"name\":\"Shop\",\"item\":\"https:\\\/\\\/sagrinex.com\\\/shop\\\/\"},{\"@type\":\"ListItem\",\"position\":3,\"name\":\"Gebrauchter Isolierter 20-fu\u00df-container\"}]},{\"@type\":\"WebSite\",\"@id\":\"https:\\\/\\\/sagrinex.com\\\/#website\",\"url\":\"https:\\\/\\\/sagrinex.com\\\/\",\"name\":\"Sagrinex \u2013 Spezialist f\u00fcr Anh\u00e4nger, Container & Landtechnik\",\"description\":\"Anhaenger, Container &amp; Landtechnik \u2014 Online-Verkauf &amp; kostenloses Angebot\",\"publisher\":{\"@id\":\"https:\\\/\\\/sagrinex.com\\\/#organization\"},\"potentialAction\":[{\"@type\":\"SearchAction\",\"target\":{\"@type\":\"EntryPoint\",\"urlTemplate\":\"https:\\\/\\\/sagrinex.com\\\/?s={search_term_string}\"},\"query-input\":{\"@type\":\"PropertyValueSpecification\",\"valueRequired\":true,\"valueName\":\"search_term_string\"}}],\"inLanguage\":\"de\"},{\"@type\":\"Organization\",\"@id\":\"https:\\\/\\\/sagrinex.com\\\/#organization\",\"name\":\"Sagrinex \u2013 Remorques, Conteneurs & Mat\u00e9riel Agricole\",\"url\":\"https:\\\/\\\/sagrinex.com\\\/\",\"logo\":{\"@type\":\"ImageObject\",\"inLanguage\":\"de\",\"@id\":\"https:\\\/\\\/sagrinex.com\\\/#\\\/schema\\\/logo\\\/image\\\/\",\"url\":\"https:\\\/\\\/sagrinex.com\\\/wp-content\\\/uploads\\\/2026\\\/03\\\/7f1ac463-ef5a-425d-bdd6-a5da03a334a9-1024x683.png\",\"contentUrl\":\"https:\\\/\\\/sagrinex.com\\\/wp-content\\\/uploads\\\/2026\\\/03\\\/7f1ac463-ef5a-425d-bdd6-a5da03a334a9-1024x683.png\",\"width\":1024,\"height\":683,\"caption\":\"Sagrinex \u2013 Remorques, Conteneurs & Mat\u00e9riel Agricole\"},\"image\":{\"@id\":\"https:\\\/\\\/sagrinex.com\\\/#\\\/schema\\\/logo\\\/image\\\/\"}}]}<\/script>\n<!-- \/ Yoast SEO plugin. -->","yoast_head_json":{"title":"Gebrauchter isolierter 20-Fu\u00df-Container","description":"Der 20-Fu\u00df-Isoliercontainer ist eine Lagerl\u00f6sung ohne Maschinen und dank seiner verst\u00e4rkten W\u00e4rmeisolierung ideal f\u00fcr die nachhaltige Konservierung Ihrer frischen oder empfindlichen Produkte. Er ist nur als Gebrauchtwagen erh\u00e4ltlich und verf\u00fcgt weder \u00fcber eine K\u00fchleinheit noch \u00fcber ein elektrisches System, sondern funktioniert wie eine riesige Isoliertasche und h\u00e4lt die Innentemperatur effektiv aufrecht. Mit seiner Au\u00dfenstruktur aus Cortenstahl und der Innenseite aus Edelstahl ist es perfekt best\u00e4ndig gegen schlechtes Wetter, St\u00f6\u00dfe und Zeit. Seine 70 mm dicken Polyurethan-W\u00e4nde bieten optimale Isolierung f\u00fcr die einmalige oder dauerhafte Lagerung von Lebensmitteln oder Non-Food. Perfekt f\u00fcr Caterer, Gastronomen, Landwirte, Gem\u00fcseh\u00e4ndler, Zusteller oder Logistiker, dieser Container bietet 28 m\u00b3 Nutzraum bei 14,7 m\u00b2 Grundfl\u00e4che. Vorteile: sicher, wasserdicht, \u00fcberholt, einfache Montage, stapelbar, hervorragende W\u00e4rmed\u00e4mmung.","robots":{"index":"index","follow":"follow","max-snippet":"max-snippet:-1","max-image-preview":"max-image-preview:large","max-video-preview":"max-video-preview:-1"},"canonical":"https:\/\/sagrinex.com\/produit\/conteneur-isotherme-20-pieds-occasion\/","og_locale":"de_DE","og_type":"article","og_title":"Gebrauchter isolierter 20-Fu\u00df-Container","og_description":"Der 20-Fu\u00df-Isoliercontainer ist eine Lagerl\u00f6sung ohne Maschinen und dank seiner verst\u00e4rkten W\u00e4rmeisolierung ideal f\u00fcr die nachhaltige Konservierung Ihrer frischen oder empfindlichen Produkte. Er ist nur als Gebrauchtwagen erh\u00e4ltlich und verf\u00fcgt weder \u00fcber eine K\u00fchleinheit noch \u00fcber ein elektrisches System, sondern funktioniert wie eine riesige Isoliertasche und h\u00e4lt die Innentemperatur effektiv aufrecht. Mit seiner Au\u00dfenstruktur aus Cortenstahl und der Innenseite aus Edelstahl ist es perfekt best\u00e4ndig gegen schlechtes Wetter, St\u00f6\u00dfe und Zeit. Seine 70 mm dicken Polyurethan-W\u00e4nde bieten optimale Isolierung f\u00fcr die einmalige oder dauerhafte Lagerung von Lebensmitteln oder Non-Food. Perfekt f\u00fcr Caterer, Gastronomen, Landwirte, Gem\u00fcseh\u00e4ndler, Zusteller oder Logistiker, dieser Container bietet 28 m\u00b3 Nutzraum bei 14,7 m\u00b2 Grundfl\u00e4che. Vorteile: sicher, wasserdicht, \u00fcberholt, einfache Montage, stapelbar, hervorragende W\u00e4rmed\u00e4mmung.","og_url":"https:\/\/sagrinex.com\/produit\/conteneur-isotherme-20-pieds-occasion\/","og_site_name":"Sagrinex \u2013 Anhaenger, Container &amp; Landtechnik \ud83c\udf3e\ud83d\ude9c","article_modified_time":"2026-04-15T21:12:07+00:00","og_image":[{"width":1213,"height":683,"url":"https:\/\/sagrinex.com\/wp-content\/uploads\/2026\/03\/Image-220-2.jpeg","type":"image\/jpeg"}],"twitter_card":"summary_large_image","twitter_misc":{"Gesch\u00e4tzte Lesezeit":"1\u00a0Minute"},"schema":{"@context":"https:\/\/schema.org","@graph":[{"@type":"WebPage","@id":"https:\/\/sagrinex.com\/produit\/conteneur-isotherme-20-pieds-occasion\/","url":"https:\/\/sagrinex.com\/produit\/conteneur-isotherme-20-pieds-occasion\/","name":"Gebrauchter isolierter 20-Fu\u00df-Container","isPartOf":{"@id":"https:\/\/sagrinex.com\/#website"},"primaryImageOfPage":{"@id":"https:\/\/sagrinex.com\/produit\/conteneur-isotherme-20-pieds-occasion\/#primaryimage"},"image":{"@id":"https:\/\/sagrinex.com\/produit\/conteneur-isotherme-20-pieds-occasion\/#primaryimage"},"thumbnailUrl":"https:\/\/sagrinex.com\/wp-content\/uploads\/2026\/03\/Image-220-2.jpeg","datePublished":"2026-03-15T20:37:38+00:00","dateModified":"2026-04-15T21:12:07+00:00","description":"Der 20-Fu\u00df-Isoliercontainer ist eine Lagerl\u00f6sung ohne Maschinen und dank seiner verst\u00e4rkten W\u00e4rmeisolierung ideal f\u00fcr die nachhaltige Konservierung Ihrer frischen oder empfindlichen Produkte. Er ist nur als Gebrauchtwagen erh\u00e4ltlich und verf\u00fcgt weder \u00fcber eine K\u00fchleinheit noch \u00fcber ein elektrisches System, sondern funktioniert wie eine riesige Isoliertasche und h\u00e4lt die Innentemperatur effektiv aufrecht. Mit seiner Au\u00dfenstruktur aus Cortenstahl und der Innenseite aus Edelstahl ist es perfekt best\u00e4ndig gegen schlechtes Wetter, St\u00f6\u00dfe und Zeit. Seine 70 mm dicken Polyurethan-W\u00e4nde bieten optimale Isolierung f\u00fcr die einmalige oder dauerhafte Lagerung von Lebensmitteln oder Non-Food. Perfekt f\u00fcr Caterer, Gastronomen, Landwirte, Gem\u00fcseh\u00e4ndler, Zusteller oder Logistiker, dieser Container bietet 28 m\u00b3 Nutzraum bei 14,7 m\u00b2 Grundfl\u00e4che. Vorteile: sicher, wasserdicht, \u00fcberholt, einfache Montage, stapelbar, hervorragende W\u00e4rmed\u00e4mmung.","breadcrumb":{"@id":"https:\/\/sagrinex.com\/produit\/conteneur-isotherme-20-pieds-occasion\/#breadcrumb"},"inLanguage":"de","potentialAction":[{"@type":"ReadAction","target":["https:\/\/sagrinex.com\/produit\/conteneur-isotherme-20-pieds-occasion\/"]}]},{"@type":"ImageObject","inLanguage":"de","@id":"https:\/\/sagrinex.com\/produit\/conteneur-isotherme-20-pieds-occasion\/#primaryimage","url":"https:\/\/sagrinex.com\/wp-content\/uploads\/2026\/03\/Image-220-2.jpeg","contentUrl":"https:\/\/sagrinex.com\/wp-content\/uploads\/2026\/03\/Image-220-2.jpeg","width":1213,"height":683},{"@type":"BreadcrumbList","@id":"https:\/\/sagrinex.com\/produit\/conteneur-isotherme-20-pieds-occasion\/#breadcrumb","itemListElement":[{"@type":"ListItem","position":1,"name":"Accueil","item":"https:\/\/sagrinex.com\/?lang=de"},{"@type":"ListItem","position":2,"name":"Shop","item":"https:\/\/sagrinex.com\/shop\/"},{"@type":"ListItem","position":3,"name":"Gebrauchter Isolierter 20-fu\u00df-container"}]},{"@type":"WebSite","@id":"https:\/\/sagrinex.com\/#website","url":"https:\/\/sagrinex.com\/","name":"Sagrinex \u2013 Spezialist f\u00fcr Anh\u00e4nger, Container & Landtechnik","description":"Anhaenger, Container &amp; Landtechnik \u2014 Online-Verkauf &amp; kostenloses Angebot","publisher":{"@id":"https:\/\/sagrinex.com\/#organization"},"potentialAction":[{"@type":"SearchAction","target":{"@type":"EntryPoint","urlTemplate":"https:\/\/sagrinex.com\/?s={search_term_string}"},"query-input":{"@type":"PropertyValueSpecification","valueRequired":true,"valueName":"search_term_string"}}],"inLanguage":"de"},{"@type":"Organization","@id":"https:\/\/sagrinex.com\/#organization","name":"Sagrinex \u2013 Remorques, Conteneurs & Mat\u00e9riel Agricole","url":"https:\/\/sagrinex.com\/","logo":{"@type":"ImageObject","inLanguage":"de","@id":"https:\/\/sagrinex.com\/#\/schema\/logo\/image\/","url":"https:\/\/sagrinex.com\/wp-content\/uploads\/2026\/03\/7f1ac463-ef5a-425d-bdd6-a5da03a334a9-1024x683.png","contentUrl":"https:\/\/sagrinex.com\/wp-content\/uploads\/2026\/03\/7f1ac463-ef5a-425d-bdd6-a5da03a334a9-1024x683.png","width":1024,"height":683,"caption":"Sagrinex \u2013 Remorques, Conteneurs & Mat\u00e9riel Agricole"},"image":{"@id":"https:\/\/sagrinex.com\/#\/schema\/logo\/image\/"}}]}},"jetpack_sharing_enabled":true,"_links":{"self":[{"href":"https:\/\/sagrinex.com\/de\/wp-json\/wp\/v2\/product\/13796","targetHints":{"allow":["GET"]}}],"collection":[{"href":"https:\/\/sagrinex.com\/de\/wp-json\/wp\/v2\/product"}],"about":[{"href":"https:\/\/sagrinex.com\/de\/wp-json\/wp\/v2\/types\/product"}],"replies":[{"embeddable":true,"href":"https:\/\/sagrinex.com\/de\/wp-json\/wp\/v2\/comments?post=13796"}],"version-history":[{"count":0,"href":"https:\/\/sagrinex.com\/de\/wp-json\/wp\/v2\/product\/13796\/revisions"}],"wp:featuredmedia":[{"embeddable":true,"href":"https:\/\/sagrinex.com\/de\/wp-json\/wp\/v2\/media\/13797"}],"wp:attachment":[{"href":"https:\/\/sagrinex.com\/de\/wp-json\/wp\/v2\/media?parent=13796"}],"wp:term":[{"taxonomy":"product_brand","embeddable":true,"href":"https:\/\/sagrinex.com\/de\/wp-json\/wp\/v2\/product_brand?post=13796"},{"taxonomy":"product_cat","embeddable":true,"href":"https:\/\/sagrinex.com\/de\/wp-json\/wp\/v2\/product_cat?post=13796"},{"taxonomy":"product_tag","embeddable":true,"href":"https:\/\/sagrinex.com\/de\/wp-json\/wp\/v2\/product_tag?post=13796"}],"curies":[{"name":"wp","href":"https:\/\/api.w.org\/{rel}","templated":true}]}}