{"id":13801,"date":"2026-03-15T19:21:59","date_gmt":"2026-03-15T19:21:59","guid":{"rendered":"https:\/\/sagrinex.com\/produit\/40%e2%80%b2-hc-container-mit-offener-seite-und-seitlicher-oeffnung\/"},"modified":"2026-04-15T21:12:07","modified_gmt":"2026-04-15T21:12:07","slug":"40%e2%80%b2-hc-container-mit-offener-seite-und-seitlicher-oeffnung","status":"publish","type":"product","link":"https:\/\/sagrinex.com\/de\/produit\/40%e2%80%b2-hc-container-mit-offener-seite-und-seitlicher-oeffnung\/","title":{"rendered":"40\u2032 Hc-container mit Offener Seite und Seitlicher \u00d6ffnung"},"content":{"rendered":"<h1 data-start=\"140\" data-end=\"213\"><strong data-start=\"145\" data-end=\"211\">Metallbeh\u00e4lter \u2013 seitliche \u00d6ffnung (gro\u00dfes Volumen 67 m\u00b3)<\/strong><\/h1>\n<h3 data-start=\"214\" data-end=\"284\">Ideal f\u00fcr Lagerung, Transport und sperrige Ladungen<\/h3>\n<p data-start=\"286\" data-end=\"565\">Dieser Metallbeh\u00e4lter mit <strong data-start=\"312\" data-end=\"334\">seitlicher \u00d6ffnung<\/strong> bietet ein gro\u00dfes Ladevolumen und optimale Zug\u00e4nglichkeit. Es ist f\u00fcr den intensiven Gebrauch konzipiert und eignet sich perfekt f\u00fcr die Anforderungen der <strong data-start=\"481\" data-end=\"493\">Speicherung<\/strong>, des <strong data-start=\"495\" data-end=\"508\">Transports<\/strong> und der Handhabung, die einen breiten und vereinfachten Zugriff erfordern.<\/p>\n<hr data-start=\"567\" data-end=\"570\" \/>\n<h1 data-start=\"572\" data-end=\"609\">\ud83d\udee0\ufe0f <strong data-start=\"578\" data-end=\"609\">Technische Spezifikationen<\/strong><\/h1>\n<h3 data-start=\"611\" data-end=\"627\"><strong data-start=\"615\" data-end=\"627\">Material<\/strong><\/h3>\n<ul data-start=\"628\" data-end=\"744\">\n<li data-start=\"628\" data-end=\"663\">\n<p data-start=\"630\" data-end=\"663\">100 % <strong data-start=\"645\" data-end=\"663\">verst\u00e4rkte Metallstruktur<\/strong><\/p>\n<\/li>\n<li data-start=\"664\" data-end=\"744\">\n<p data-start=\"666\" data-end=\"744\">Entwickelt f\u00fcr hervorragende Best\u00e4ndigkeit gegen St\u00f6\u00dfe, schlechtes Wetter und schwere Lasten<\/p>\n<\/li>\n<\/ul>\n<h3 data-start=\"746\" data-end=\"770\"><strong data-start=\"750\" data-end=\"770\">\u00d6ffnungstyp<\/strong><\/h3>\n<ul data-start=\"771\" data-end=\"942\">\n<li data-start=\"771\" data-end=\"872\">\n<p data-start=\"773\" data-end=\"872\"><strong data-start=\"773\" data-end=\"804\">Vollst\u00e4ndige seitliche \u00d6ffnung<\/strong> erleichtert das Laden sperriger und langer G\u00fcter<\/p>\n<\/li>\n<li data-start=\"873\" data-end=\"942\">\n<p data-start=\"875\" data-end=\"942\">Gro\u00dfer Zugang f\u00fcr Gabelstapler und professionelles Handling<\/p>\n<\/li>\n<\/ul>\n<h3 data-start=\"944\" data-end=\"964\"><strong data-start=\"948\" data-end=\"964\">Anwendungen<\/strong><\/h3>\n<ul data-start=\"965\" data-end=\"1115\">\n<li data-start=\"965\" data-end=\"988\">\n<p data-start=\"967\" data-end=\"988\">Industriespeicher<\/p>\n<\/li>\n<li data-start=\"989\" data-end=\"1018\">\n<p data-start=\"991\" data-end=\"1018\">Warentransport<\/p>\n<\/li>\n<li data-start=\"1019\" data-end=\"1054\">\n<p data-start=\"1021\" data-end=\"1054\">Logistik und Beschaffung<\/p>\n<\/li>\n<li data-start=\"1055\" data-end=\"1115\">\n<p data-start=\"1057\" data-end=\"1115\">Laden sperriger oder gro\u00dfer Objekte<\/p>\n<\/li>\n<\/ul>\n<hr data-start=\"1117\" data-end=\"1120\" \/>\n<h1 data-start=\"1122\" data-end=\"1150\">\ud83d\udccf <strong data-start=\"1127\" data-end=\"1150\">Abmessungen und Volumen<\/strong><\/h1>\n<h3 data-start=\"1152\" data-end=\"1176\"><strong data-start=\"1156\" data-end=\"1176\">Innenvolumen<\/strong><\/h3>\n<ul data-start=\"1177\" data-end=\"1206\">\n<li data-start=\"1177\" data-end=\"1206\">\n<p data-start=\"1179\" data-end=\"1206\"><strong data-start=\"1179\" data-end=\"1188\">67 m\u00b3<\/strong><br data-start=\"1188\" data-end=\"1191\" \/>(2.366,1 ft\u00b3)<\/p>\n<\/li>\n<\/ul>\n<h3 data-start=\"1208\" data-end=\"1238\"><strong data-start=\"1212\" data-end=\"1238\">Externe Abmessungen<\/strong><\/h3>\n<ul data-start=\"1239\" data-end=\"1353\">\n<li data-start=\"1239\" data-end=\"1278\">\n<p data-start=\"1241\" data-end=\"1278\"><strong data-start=\"1241\" data-end=\"1255\">L\u00e4nge:<\/strong> 6.058 mm (238,50 Zoll)<\/p>\n<\/li>\n<li data-start=\"1279\" data-end=\"1316\">\n<p data-start=\"1281\" data-end=\"1316\"><strong data-start=\"1281\" data-end=\"1294\">Breite:<\/strong> 2.438 mm (95,98 Zoll)<\/p>\n<\/li>\n<li data-start=\"1317\" data-end=\"1353\">\n<p data-start=\"1319\" data-end=\"1353\"><strong data-start=\"1319\" data-end=\"1332\">H\u00f6he:<\/strong> 2.896 mm (114,01 in)<\/p>\n<\/li>\n<\/ul>\n<hr data-start=\"1355\" data-end=\"1358\" \/>\n<h1 data-start=\"1360\" data-end=\"1380\">\u2b50 <strong data-start=\"1364\" data-end=\"1380\">Highlights<\/strong><\/h1>\n<ul data-start=\"1381\" data-end=\"1600\">\n<li data-start=\"1381\" data-end=\"1409\">\n<p data-start=\"1383\" data-end=\"1409\">Gro\u00dfes Fassungsverm\u00f6gen von 67 m\u00b3<\/p>\n<\/li>\n<li data-start=\"1410\" data-end=\"1454\">\n<p data-start=\"1412\" data-end=\"1454\">Praktische und sichere seitliche \u00d6ffnung<\/p>\n<\/li>\n<li data-start=\"1455\" data-end=\"1496\">\n<p data-start=\"1457\" data-end=\"1496\">Ultra-robuste Metallkonstruktion<\/p>\n<\/li>\n<li data-start=\"1497\" data-end=\"1545\">\n<p data-start=\"1499\" data-end=\"1545\">Perfekt f\u00fcr lange und sperrige Ladungen<\/p>\n<\/li>\n<li data-start=\"1546\" data-end=\"1600\">\n<p data-start=\"1548\" data-end=\"1600\">Geeignet f\u00fcr Transport und Langzeitlagerung<\/p>\n<\/li>\n<\/ul>\n","protected":false},"excerpt":{"rendered":"<p>40 Fu\u00df hohe Transportcontainer mit offenen Seiten haben die einzigartige Eigenschaft, dass eine Seite vollst\u00e4ndig mit T\u00fcren ge\u00f6ffnet ist. Diese offene Seite, ohne Zwischenpfosten, erm\u00f6glicht einen einfachen Zugang zum Innenraum und eine einfache Beladung mit Langgut. Dieser Containertyp ist eine vielseitige und robuste L\u00f6sung f\u00fcr Projekte, bei denen Zugang zu Ger\u00e4ten im Container erforderlich ist.<\/p>\n","protected":false},"featured_media":13802,"comment_status":"open","ping_status":"closed","template":"","meta":[],"product_brand":[],"product_cat":[350,347],"product_tag":[],"class_list":{"0":"post-13801","1":"product","2":"type-product","3":"status-publish","4":"has-post-thumbnail","6":"product_cat-spezifischer-speicher","7":"product_cat-unsere-container","9":"first","10":"instock","11":"sale","12":"shipping-taxable","13":"purchasable","14":"product-type-simple"},"yoast_head":"<!-- This site is optimized with the Yoast SEO plugin v27.4 - https:\/\/yoast.com\/product\/yoast-seo-wordpress\/ -->\n<title>40\u2032 HC-Container mit offener Seite und seitlicher \u00d6ffnung<\/title>\n<meta name=\"description\" content=\"40 Fu\u00df hohe Transportcontainer mit offenen Seiten haben die einzigartige Eigenschaft, dass eine Seite vollst\u00e4ndig mit T\u00fcren ge\u00f6ffnet ist. Diese offene Seite, ohne Zwischenpfosten, erm\u00f6glicht einen einfachen Zugang zum Innenraum und eine einfache Beladung mit Langgut. Dieser Containertyp ist eine vielseitige und robuste L\u00f6sung f\u00fcr Projekte, bei denen Zugang zu Ger\u00e4ten im Container erforderlich ist.\" \/>\n<meta name=\"robots\" content=\"index, follow, max-snippet:-1, max-image-preview:large, max-video-preview:-1\" \/>\n<link rel=\"canonical\" href=\"https:\/\/sagrinex.com\/produit\/conteneur-a-ouverture-laterale-40\u2032-hc-open-side\/\" \/>\n<meta property=\"og:locale\" content=\"de_DE\" \/>\n<meta property=\"og:type\" content=\"article\" \/>\n<meta property=\"og:title\" content=\"40\u2032 HC-Container mit offener Seite und seitlicher \u00d6ffnung\" \/>\n<meta property=\"og:description\" content=\"40 Fu\u00df hohe Transportcontainer mit offenen Seiten haben die einzigartige Eigenschaft, dass eine Seite vollst\u00e4ndig mit T\u00fcren ge\u00f6ffnet ist. Diese offene Seite, ohne Zwischenpfosten, erm\u00f6glicht einen einfachen Zugang zum Innenraum und eine einfache Beladung mit Langgut. Dieser Containertyp ist eine vielseitige und robuste L\u00f6sung f\u00fcr Projekte, bei denen Zugang zu Ger\u00e4ten im Container erforderlich ist.\" \/>\n<meta property=\"og:url\" content=\"https:\/\/sagrinex.com\/produit\/conteneur-a-ouverture-laterale-40\u2032-hc-open-side\/\" \/>\n<meta property=\"og:site_name\" content=\"Sagrinex \u2013 Anhaenger, Container &amp; Landtechnik \ud83c\udf3e\ud83d\ude9c\" \/>\n<meta property=\"article:modified_time\" content=\"2026-04-15T21:12:07+00:00\" \/>\n<meta property=\"og:image\" content=\"https:\/\/sagrinex.com\/wp-content\/uploads\/2026\/03\/Image-182-2.jpeg\" \/>\n\t<meta property=\"og:image:width\" content=\"1202\" \/>\n\t<meta property=\"og:image:height\" content=\"673\" \/>\n\t<meta property=\"og:image:type\" content=\"image\/jpeg\" \/>\n<meta name=\"twitter:card\" content=\"summary_large_image\" \/>\n<meta name=\"twitter:label1\" content=\"Gesch\u00e4tzte Lesezeit\" \/>\n\t<meta name=\"twitter:data1\" content=\"1\u00a0Minute\" \/>\n<script type=\"application\/ld+json\" class=\"yoast-schema-graph\">{\"@context\":\"https:\\\/\\\/schema.org\",\"@graph\":[{\"@type\":\"WebPage\",\"@id\":\"https:\\\/\\\/sagrinex.com\\\/produit\\\/conteneur-a-ouverture-laterale-40%e2%80%b2-hc-open-side\\\/\",\"url\":\"https:\\\/\\\/sagrinex.com\\\/produit\\\/conteneur-a-ouverture-laterale-40%e2%80%b2-hc-open-side\\\/\",\"name\":\"40\u2032 HC-Container mit offener Seite und seitlicher \u00d6ffnung\",\"isPartOf\":{\"@id\":\"https:\\\/\\\/sagrinex.com\\\/#website\"},\"primaryImageOfPage\":{\"@id\":\"https:\\\/\\\/sagrinex.com\\\/produit\\\/conteneur-a-ouverture-laterale-40%e2%80%b2-hc-open-side\\\/#primaryimage\"},\"image\":{\"@id\":\"https:\\\/\\\/sagrinex.com\\\/produit\\\/conteneur-a-ouverture-laterale-40%e2%80%b2-hc-open-side\\\/#primaryimage\"},\"thumbnailUrl\":\"https:\\\/\\\/sagrinex.com\\\/wp-content\\\/uploads\\\/2026\\\/03\\\/Image-182-2.jpeg\",\"datePublished\":\"2026-03-15T19:21:59+00:00\",\"dateModified\":\"2026-04-15T21:12:07+00:00\",\"description\":\"40 Fu\u00df hohe Transportcontainer mit offenen Seiten haben die einzigartige Eigenschaft, dass eine Seite vollst\u00e4ndig mit T\u00fcren ge\u00f6ffnet ist. Diese offene Seite, ohne Zwischenpfosten, erm\u00f6glicht einen einfachen Zugang zum Innenraum und eine einfache Beladung mit Langgut. Dieser Containertyp ist eine vielseitige und robuste L\u00f6sung f\u00fcr Projekte, bei denen Zugang zu Ger\u00e4ten im Container erforderlich ist.\",\"breadcrumb\":{\"@id\":\"https:\\\/\\\/sagrinex.com\\\/produit\\\/conteneur-a-ouverture-laterale-40%e2%80%b2-hc-open-side\\\/#breadcrumb\"},\"inLanguage\":\"de\",\"potentialAction\":[{\"@type\":\"ReadAction\",\"target\":[\"https:\\\/\\\/sagrinex.com\\\/produit\\\/conteneur-a-ouverture-laterale-40%e2%80%b2-hc-open-side\\\/\"]}]},{\"@type\":\"ImageObject\",\"inLanguage\":\"de\",\"@id\":\"https:\\\/\\\/sagrinex.com\\\/produit\\\/conteneur-a-ouverture-laterale-40%e2%80%b2-hc-open-side\\\/#primaryimage\",\"url\":\"https:\\\/\\\/sagrinex.com\\\/wp-content\\\/uploads\\\/2026\\\/03\\\/Image-182-2.jpeg\",\"contentUrl\":\"https:\\\/\\\/sagrinex.com\\\/wp-content\\\/uploads\\\/2026\\\/03\\\/Image-182-2.jpeg\",\"width\":1202,\"height\":673},{\"@type\":\"BreadcrumbList\",\"@id\":\"https:\\\/\\\/sagrinex.com\\\/produit\\\/conteneur-a-ouverture-laterale-40%e2%80%b2-hc-open-side\\\/#breadcrumb\",\"itemListElement\":[{\"@type\":\"ListItem\",\"position\":1,\"name\":\"Accueil\",\"item\":\"https:\\\/\\\/sagrinex.com\\\/?lang=de\"},{\"@type\":\"ListItem\",\"position\":2,\"name\":\"Shop\",\"item\":\"https:\\\/\\\/sagrinex.com\\\/shop\\\/\"},{\"@type\":\"ListItem\",\"position\":3,\"name\":\"40\u2032 Hc-container mit Offener Seite und Seitlicher \u00d6ffnung\"}]},{\"@type\":\"WebSite\",\"@id\":\"https:\\\/\\\/sagrinex.com\\\/#website\",\"url\":\"https:\\\/\\\/sagrinex.com\\\/\",\"name\":\"Sagrinex \u2013 Spezialist f\u00fcr Anh\u00e4nger, Container & Landtechnik\",\"description\":\"Anhaenger, Container &amp; Landtechnik \u2014 Online-Verkauf &amp; kostenloses Angebot\",\"publisher\":{\"@id\":\"https:\\\/\\\/sagrinex.com\\\/#organization\"},\"potentialAction\":[{\"@type\":\"SearchAction\",\"target\":{\"@type\":\"EntryPoint\",\"urlTemplate\":\"https:\\\/\\\/sagrinex.com\\\/?s={search_term_string}\"},\"query-input\":{\"@type\":\"PropertyValueSpecification\",\"valueRequired\":true,\"valueName\":\"search_term_string\"}}],\"inLanguage\":\"de\"},{\"@type\":\"Organization\",\"@id\":\"https:\\\/\\\/sagrinex.com\\\/#organization\",\"name\":\"Sagrinex \u2013 Remorques, Conteneurs & Mat\u00e9riel Agricole\",\"url\":\"https:\\\/\\\/sagrinex.com\\\/\",\"logo\":{\"@type\":\"ImageObject\",\"inLanguage\":\"de\",\"@id\":\"https:\\\/\\\/sagrinex.com\\\/#\\\/schema\\\/logo\\\/image\\\/\",\"url\":\"https:\\\/\\\/sagrinex.com\\\/wp-content\\\/uploads\\\/2026\\\/03\\\/7f1ac463-ef5a-425d-bdd6-a5da03a334a9-1024x683.png\",\"contentUrl\":\"https:\\\/\\\/sagrinex.com\\\/wp-content\\\/uploads\\\/2026\\\/03\\\/7f1ac463-ef5a-425d-bdd6-a5da03a334a9-1024x683.png\",\"width\":1024,\"height\":683,\"caption\":\"Sagrinex \u2013 Remorques, Conteneurs & Mat\u00e9riel Agricole\"},\"image\":{\"@id\":\"https:\\\/\\\/sagrinex.com\\\/#\\\/schema\\\/logo\\\/image\\\/\"}}]}<\/script>\n<!-- \/ Yoast SEO plugin. -->","yoast_head_json":{"title":"40\u2032 HC-Container mit offener Seite und seitlicher \u00d6ffnung","description":"40 Fu\u00df hohe Transportcontainer mit offenen Seiten haben die einzigartige Eigenschaft, dass eine Seite vollst\u00e4ndig mit T\u00fcren ge\u00f6ffnet ist. Diese offene Seite, ohne Zwischenpfosten, erm\u00f6glicht einen einfachen Zugang zum Innenraum und eine einfache Beladung mit Langgut. Dieser Containertyp ist eine vielseitige und robuste L\u00f6sung f\u00fcr Projekte, bei denen Zugang zu Ger\u00e4ten im Container erforderlich ist.","robots":{"index":"index","follow":"follow","max-snippet":"max-snippet:-1","max-image-preview":"max-image-preview:large","max-video-preview":"max-video-preview:-1"},"canonical":"https:\/\/sagrinex.com\/produit\/conteneur-a-ouverture-laterale-40\u2032-hc-open-side\/","og_locale":"de_DE","og_type":"article","og_title":"40\u2032 HC-Container mit offener Seite und seitlicher \u00d6ffnung","og_description":"40 Fu\u00df hohe Transportcontainer mit offenen Seiten haben die einzigartige Eigenschaft, dass eine Seite vollst\u00e4ndig mit T\u00fcren ge\u00f6ffnet ist. Diese offene Seite, ohne Zwischenpfosten, erm\u00f6glicht einen einfachen Zugang zum Innenraum und eine einfache Beladung mit Langgut. Dieser Containertyp ist eine vielseitige und robuste L\u00f6sung f\u00fcr Projekte, bei denen Zugang zu Ger\u00e4ten im Container erforderlich ist.","og_url":"https:\/\/sagrinex.com\/produit\/conteneur-a-ouverture-laterale-40\u2032-hc-open-side\/","og_site_name":"Sagrinex \u2013 Anhaenger, Container &amp; Landtechnik \ud83c\udf3e\ud83d\ude9c","article_modified_time":"2026-04-15T21:12:07+00:00","og_image":[{"width":1202,"height":673,"url":"https:\/\/sagrinex.com\/wp-content\/uploads\/2026\/03\/Image-182-2.jpeg","type":"image\/jpeg"}],"twitter_card":"summary_large_image","twitter_misc":{"Gesch\u00e4tzte Lesezeit":"1\u00a0Minute"},"schema":{"@context":"https:\/\/schema.org","@graph":[{"@type":"WebPage","@id":"https:\/\/sagrinex.com\/produit\/conteneur-a-ouverture-laterale-40%e2%80%b2-hc-open-side\/","url":"https:\/\/sagrinex.com\/produit\/conteneur-a-ouverture-laterale-40%e2%80%b2-hc-open-side\/","name":"40\u2032 HC-Container mit offener Seite und seitlicher \u00d6ffnung","isPartOf":{"@id":"https:\/\/sagrinex.com\/#website"},"primaryImageOfPage":{"@id":"https:\/\/sagrinex.com\/produit\/conteneur-a-ouverture-laterale-40%e2%80%b2-hc-open-side\/#primaryimage"},"image":{"@id":"https:\/\/sagrinex.com\/produit\/conteneur-a-ouverture-laterale-40%e2%80%b2-hc-open-side\/#primaryimage"},"thumbnailUrl":"https:\/\/sagrinex.com\/wp-content\/uploads\/2026\/03\/Image-182-2.jpeg","datePublished":"2026-03-15T19:21:59+00:00","dateModified":"2026-04-15T21:12:07+00:00","description":"40 Fu\u00df hohe Transportcontainer mit offenen Seiten haben die einzigartige Eigenschaft, dass eine Seite vollst\u00e4ndig mit T\u00fcren ge\u00f6ffnet ist. Diese offene Seite, ohne Zwischenpfosten, erm\u00f6glicht einen einfachen Zugang zum Innenraum und eine einfache Beladung mit Langgut. Dieser Containertyp ist eine vielseitige und robuste L\u00f6sung f\u00fcr Projekte, bei denen Zugang zu Ger\u00e4ten im Container erforderlich ist.","breadcrumb":{"@id":"https:\/\/sagrinex.com\/produit\/conteneur-a-ouverture-laterale-40%e2%80%b2-hc-open-side\/#breadcrumb"},"inLanguage":"de","potentialAction":[{"@type":"ReadAction","target":["https:\/\/sagrinex.com\/produit\/conteneur-a-ouverture-laterale-40%e2%80%b2-hc-open-side\/"]}]},{"@type":"ImageObject","inLanguage":"de","@id":"https:\/\/sagrinex.com\/produit\/conteneur-a-ouverture-laterale-40%e2%80%b2-hc-open-side\/#primaryimage","url":"https:\/\/sagrinex.com\/wp-content\/uploads\/2026\/03\/Image-182-2.jpeg","contentUrl":"https:\/\/sagrinex.com\/wp-content\/uploads\/2026\/03\/Image-182-2.jpeg","width":1202,"height":673},{"@type":"BreadcrumbList","@id":"https:\/\/sagrinex.com\/produit\/conteneur-a-ouverture-laterale-40%e2%80%b2-hc-open-side\/#breadcrumb","itemListElement":[{"@type":"ListItem","position":1,"name":"Accueil","item":"https:\/\/sagrinex.com\/?lang=de"},{"@type":"ListItem","position":2,"name":"Shop","item":"https:\/\/sagrinex.com\/shop\/"},{"@type":"ListItem","position":3,"name":"40\u2032 Hc-container mit Offener Seite und Seitlicher \u00d6ffnung"}]},{"@type":"WebSite","@id":"https:\/\/sagrinex.com\/#website","url":"https:\/\/sagrinex.com\/","name":"Sagrinex \u2013 Spezialist f\u00fcr Anh\u00e4nger, Container & Landtechnik","description":"Anhaenger, Container &amp; Landtechnik \u2014 Online-Verkauf &amp; kostenloses Angebot","publisher":{"@id":"https:\/\/sagrinex.com\/#organization"},"potentialAction":[{"@type":"SearchAction","target":{"@type":"EntryPoint","urlTemplate":"https:\/\/sagrinex.com\/?s={search_term_string}"},"query-input":{"@type":"PropertyValueSpecification","valueRequired":true,"valueName":"search_term_string"}}],"inLanguage":"de"},{"@type":"Organization","@id":"https:\/\/sagrinex.com\/#organization","name":"Sagrinex \u2013 Remorques, Conteneurs & Mat\u00e9riel Agricole","url":"https:\/\/sagrinex.com\/","logo":{"@type":"ImageObject","inLanguage":"de","@id":"https:\/\/sagrinex.com\/#\/schema\/logo\/image\/","url":"https:\/\/sagrinex.com\/wp-content\/uploads\/2026\/03\/7f1ac463-ef5a-425d-bdd6-a5da03a334a9-1024x683.png","contentUrl":"https:\/\/sagrinex.com\/wp-content\/uploads\/2026\/03\/7f1ac463-ef5a-425d-bdd6-a5da03a334a9-1024x683.png","width":1024,"height":683,"caption":"Sagrinex \u2013 Remorques, Conteneurs & Mat\u00e9riel Agricole"},"image":{"@id":"https:\/\/sagrinex.com\/#\/schema\/logo\/image\/"}}]}},"jetpack_sharing_enabled":true,"_links":{"self":[{"href":"https:\/\/sagrinex.com\/de\/wp-json\/wp\/v2\/product\/13801","targetHints":{"allow":["GET"]}}],"collection":[{"href":"https:\/\/sagrinex.com\/de\/wp-json\/wp\/v2\/product"}],"about":[{"href":"https:\/\/sagrinex.com\/de\/wp-json\/wp\/v2\/types\/product"}],"replies":[{"embeddable":true,"href":"https:\/\/sagrinex.com\/de\/wp-json\/wp\/v2\/comments?post=13801"}],"version-history":[{"count":0,"href":"https:\/\/sagrinex.com\/de\/wp-json\/wp\/v2\/product\/13801\/revisions"}],"wp:featuredmedia":[{"embeddable":true,"href":"https:\/\/sagrinex.com\/de\/wp-json\/wp\/v2\/media\/13802"}],"wp:attachment":[{"href":"https:\/\/sagrinex.com\/de\/wp-json\/wp\/v2\/media?parent=13801"}],"wp:term":[{"taxonomy":"product_brand","embeddable":true,"href":"https:\/\/sagrinex.com\/de\/wp-json\/wp\/v2\/product_brand?post=13801"},{"taxonomy":"product_cat","embeddable":true,"href":"https:\/\/sagrinex.com\/de\/wp-json\/wp\/v2\/product_cat?post=13801"},{"taxonomy":"product_tag","embeddable":true,"href":"https:\/\/sagrinex.com\/de\/wp-json\/wp\/v2\/product_tag?post=13801"}],"curies":[{"name":"wp","href":"https:\/\/api.w.org\/{rel}","templated":true}]}}