{"id":13807,"date":"2026-03-14T23:01:07","date_gmt":"2026-03-14T23:01:07","guid":{"rendered":"https:\/\/sagrinex.com\/produit\/anhaenger-mit-sicherheitshaube-saris-patc-750-kg-255-x-133-x-h-50-cm-1-achse-ungebremst\/"},"modified":"2026-04-15T21:12:07","modified_gmt":"2026-04-15T21:12:07","slug":"anhaenger-mit-sicherheitshaube-saris-patc-750-kg-255-x-133-x-h-50-cm-1-achse-ungebremst","status":"publish","type":"product","link":"https:\/\/sagrinex.com\/de\/produit\/anhaenger-mit-sicherheitshaube-saris-patc-750-kg-255-x-133-x-h-50-cm-1-achse-ungebremst\/","title":{"rendered":"Anh\u00c4nger mit Sicherheitshaube Saris &#8211; Patc 750 Kg &#8211; 255 X 133 X H 50 Cm &#8211; 1 Achse Ungebremst"},"content":{"rendered":"","protected":false},"excerpt":{"rendered":"<p>Gep\u00e4ckanh\u00e4nger SARIS MC 255 133 750 1 C ungebremst (Einachser), 255 \u00d7 133 cm, zGG 750 kg (Nutzlast 530 kg). Aluminiumhaube mit langlebigem GRP-Panel (1695 L, Haubenh\u00f6he 50 cm). Serienausstattung: Sicherheitsverschluss, Alu-Bordw\u00e4nde, Zurr\u00f6sen mit integrierter Schiene, Abschlepphaken, verst\u00e4rkter Boden aus f\u00e4ulnisresistentem Schiffssperrholz in Chassis integriert, feuerverzinkte Komponenten. Gesamtl\u00e4nge 363 cm, Breite 183 cm, Reifen 13&#8243;, kippbare Ladefl\u00e4che optional.<\/p>\n<div class=\"mod_fa_champspersonnalisables_v14_liste\">\n<div class=\"mod_fa_champspersonnalisables_v14_titre\"><strong>zGG: <\/strong><span class=\"mod_fa_champspersonnalisables_v14_valeur\">750 Kg<\/span><\/div>\n<\/div>\n<div class=\"mod_fa_champspersonnalisables_v14_liste\">\n<div class=\"mod_fa_champspersonnalisables_v14_titre\"><strong>Leergewicht: <\/strong><span class=\"mod_fa_champspersonnalisables_v14_valeur\">220 Kg<\/span><\/div>\n<\/div>\n<div class=\"mod_fa_champspersonnalisables_v14_liste\">\n<div class=\"mod_fa_champspersonnalisables_v14_titre\"><strong>Nutzlast: <\/strong><span class=\"mod_fa_champspersonnalisables_v14_valeur\">530 Kg<\/span><\/div>\n<\/div>\n<div class=\"mod_fa_champspersonnalisables_v14_liste\">\n<div class=\"mod_fa_champspersonnalisables_v14_titre\"><strong>Nutzbare Abmessungen: <\/strong><span class=\"mod_fa_champspersonnalisables_v14_valeur\">255 x 133 x H 50 cm<\/span><\/div>\n<\/div>\n<div class=\"mod_fa_champspersonnalisables_v14_liste\">\n<div class=\"mod_fa_champspersonnalisables_v14_titre\"><strong>Nutzbare H\u00f6he \/ Boden: <\/strong><span class=\"mod_fa_champspersonnalisables_v14_valeur\">52 cm<\/span><\/div>\n<\/div>\n<div class=\"mod_fa_champspersonnalisables_v14_liste\">\n<div class=\"mod_fa_champspersonnalisables_v14_titre\"><strong>Achslast: <\/strong><span class=\"mod_fa_champspersonnalisables_v14_valeur\">750 Kg<\/span><\/div>\n<\/div>\n<div class=\"mod_fa_champspersonnalisables_v14_liste\">\n<div class=\"mod_fa_champspersonnalisables_v14_titre\"><strong>Klappbare Bordwand(w\u00e4nde): <\/strong><span class=\"mod_fa_champspersonnalisables_v14_valeur\">Ja<\/span><\/div>\n<\/div>\n<div class=\"mod_fa_champspersonnalisables_v14_liste\">\n<div class=\"mod_fa_champspersonnalisables_v14_titre\"><strong>Boden: <\/strong><span class=\"mod_fa_champspersonnalisables_v14_valeur\">Holz<\/span><\/div>\n<\/div>\n<div class=\"mod_fa_champspersonnalisables_v14_liste\">\n<div class=\"mod_fa_champspersonnalisables_v14_titre\"><strong>Deichsel: <\/strong><span class=\"mod_fa_champspersonnalisables_v14_valeur\">gerade<\/span><\/div>\n<\/div>\n<div class=\"mod_fa_champspersonnalisables_v14_liste\">\n<div class=\"mod_fa_champspersonnalisables_v14_titre\"><strong>Zugdeichsel: <\/strong><span class=\"mod_fa_champspersonnalisables_v14_valeur\">Gerade<\/span><\/div>\n<\/div>\n<div class=\"mod_fa_champspersonnalisables_v14_liste\">\n<div class=\"mod_fa_champspersonnalisables_v14_titre\"><strong>Chassis-Typ: <\/strong><span class=\"mod_fa_champspersonnalisables_v14_valeur\">Feuerverzinkt<\/span><\/div>\n<\/div>\n<div class=\"mod_fa_champspersonnalisables_v14_liste\">\n<div class=\"mod_fa_champspersonnalisables_v14_titre\"><strong>R\u00e4der: <\/strong><span class=\"mod_fa_champspersonnalisables_v14_valeur\">13 Zoll<\/span><\/div>\n<\/div>\n<div class=\"mod_fa_champspersonnalisables_v14_liste\">\n<div class=\"mod_fa_champspersonnalisables_v14_titre\"><strong>Ausstattung: <\/strong><span class=\"mod_fa_champspersonnalisables_v14_valeur\">Haken, Sicherheitsverschluss, Aluminium-Bordw\u00e4nde, Abschlepphaken, verst\u00e4rkter und in Chassis integrierter Boden, Boden aus f\u00e4ulnisresistentem Schiffssperrholz, feuerverzinkte Komponenten, integrierte Schiene f\u00fcr Zurr\u00f6sen, Aluminiumdeckel mit langlebigem GRP-Panel, Stauraum von 1695 L, H\u00f6he mit Deckel 50 cm<\/span><\/div>\n<\/div>\n","protected":false},"featured_media":13808,"comment_status":"open","ping_status":"closed","template":"","meta":[],"product_brand":[],"product_cat":[353,352],"product_tag":[],"class_list":{"0":"post-13807","1":"product","2":"type-product","3":"status-publish","4":"has-post-thumbnail","6":"product_cat-gepaeckanhaenger","7":"product_cat-unsere-trailer","9":"first","10":"instock","11":"shipping-taxable","12":"purchasable","13":"product-type-simple"},"yoast_head":"<!-- This site is optimized with the Yoast SEO plugin v27.4 - https:\/\/yoast.com\/product\/yoast-seo-wordpress\/ -->\n<title>ANH\u00c4NGER MIT SICHERHEITSHAUBE SARIS - PATC 750 KG - 255 X 133 X H 50 CM - 1 ACHSE UNGEBREMST<\/title>\n<meta name=\"description\" content=\"Gep\u00e4ckanh\u00e4nger SARIS MC 255 133 750 1 C ungebremst (Einachser), 255 \u00d7 133 cm, zGG 750 kg (Nutzlast 530 kg). Aluminiumhaube mit langlebigem GRP-Panel (1695 L, Haubenh\u00f6he 50 cm). Serienausstattung: Sicherheitsverschluss, Alu-Bordw\u00e4nde, Zurr\u00f6sen mit integrierter Schiene, Abschlepphaken, verst\u00e4rkter Boden aus f\u00e4ulnisresistentem Marineschichtholz in Rahmen integriert, feuerverzinkte Komponenten. Gesamtl\u00e4nge 363 cm, Breite 183 cm, Reifen 13&quot;, Kippaufbau optional.\" \/>\n<meta name=\"robots\" content=\"index, follow, max-snippet:-1, max-image-preview:large, max-video-preview:-1\" \/>\n<link rel=\"canonical\" href=\"https:\/\/sagrinex.com\/produit\/remorque-avec-capot-securise-saris-patc-750-kg-255-x-133-x-h-50-cm-1-essieu-non-freine\/\" \/>\n<meta property=\"og:locale\" content=\"de_DE\" \/>\n<meta property=\"og:type\" content=\"article\" \/>\n<meta property=\"og:title\" content=\"ANH\u00c4NGER MIT SICHERHEITSHAUBE SARIS - PATC 750 KG - 255 X 133 X H 50 CM - 1 ACHSE UNGEBREMST\" \/>\n<meta property=\"og:description\" content=\"Gep\u00e4ckanh\u00e4nger SARIS MC 255 133 750 1 C ungebremst (Einachser), 255 \u00d7 133 cm, zGG 750 kg (Nutzlast 530 kg). Aluminiumhaube mit langlebigem GRP-Panel (1695 L, Haubenh\u00f6he 50 cm). Serienausstattung: Sicherheitsverschluss, Alu-Bordw\u00e4nde, Zurr\u00f6sen mit integrierter Schiene, Abschlepphaken, verst\u00e4rkter Boden aus f\u00e4ulnisresistentem Marineschichtholz in Rahmen integriert, feuerverzinkte Komponenten. Gesamtl\u00e4nge 363 cm, Breite 183 cm, Reifen 13&quot;, Kippaufbau optional.\" \/>\n<meta property=\"og:url\" content=\"https:\/\/sagrinex.com\/produit\/remorque-avec-capot-securise-saris-patc-750-kg-255-x-133-x-h-50-cm-1-essieu-non-freine\/\" \/>\n<meta property=\"og:site_name\" content=\"Sagrinex \u2013 Anhaenger, Container &amp; Landtechnik \ud83c\udf3e\ud83d\ude9c\" \/>\n<meta property=\"article:modified_time\" content=\"2026-04-15T21:12:07+00:00\" \/>\n<meta property=\"og:image\" content=\"https:\/\/sagrinex.com\/wp-content\/uploads\/2026\/03\/Image-408-1.jpeg\" \/>\n\t<meta property=\"og:image:width\" content=\"1200\" \/>\n\t<meta property=\"og:image:height\" content=\"1200\" \/>\n\t<meta property=\"og:image:type\" content=\"image\/jpeg\" \/>\n<meta name=\"twitter:card\" content=\"summary_large_image\" \/>\n<script type=\"application\/ld+json\" class=\"yoast-schema-graph\">{\"@context\":\"https:\\\/\\\/schema.org\",\"@graph\":[{\"@type\":\"WebPage\",\"@id\":\"https:\\\/\\\/sagrinex.com\\\/produit\\\/remorque-avec-capot-securise-saris-patc-750-kg-255-x-133-x-h-50-cm-1-essieu-non-freine\\\/\",\"url\":\"https:\\\/\\\/sagrinex.com\\\/produit\\\/remorque-avec-capot-securise-saris-patc-750-kg-255-x-133-x-h-50-cm-1-essieu-non-freine\\\/\",\"name\":\"ANH\u00c4NGER MIT SICHERHEITSHAUBE SARIS - PATC 750 KG - 255 X 133 X H 50 CM - 1 ACHSE UNGEBREMST\",\"isPartOf\":{\"@id\":\"https:\\\/\\\/sagrinex.com\\\/#website\"},\"primaryImageOfPage\":{\"@id\":\"https:\\\/\\\/sagrinex.com\\\/produit\\\/remorque-avec-capot-securise-saris-patc-750-kg-255-x-133-x-h-50-cm-1-essieu-non-freine\\\/#primaryimage\"},\"image\":{\"@id\":\"https:\\\/\\\/sagrinex.com\\\/produit\\\/remorque-avec-capot-securise-saris-patc-750-kg-255-x-133-x-h-50-cm-1-essieu-non-freine\\\/#primaryimage\"},\"thumbnailUrl\":\"https:\\\/\\\/sagrinex.com\\\/wp-content\\\/uploads\\\/2026\\\/03\\\/Image-408-1.jpeg\",\"datePublished\":\"2026-03-14T23:01:07+00:00\",\"dateModified\":\"2026-04-15T21:12:07+00:00\",\"description\":\"Gep\u00e4ckanh\u00e4nger SARIS MC 255 133 750 1 C ungebremst (Einachser), 255 \u00d7 133 cm, zGG 750 kg (Nutzlast 530 kg). Aluminiumhaube mit langlebigem GRP-Panel (1695 L, Haubenh\u00f6he 50 cm). Serienausstattung: Sicherheitsverschluss, Alu-Bordw\u00e4nde, Zurr\u00f6sen mit integrierter Schiene, Abschlepphaken, verst\u00e4rkter Boden aus f\u00e4ulnisresistentem Marineschichtholz in Rahmen integriert, feuerverzinkte Komponenten. Gesamtl\u00e4nge 363 cm, Breite 183 cm, Reifen 13\\\", Kippaufbau optional.\",\"breadcrumb\":{\"@id\":\"https:\\\/\\\/sagrinex.com\\\/produit\\\/remorque-avec-capot-securise-saris-patc-750-kg-255-x-133-x-h-50-cm-1-essieu-non-freine\\\/#breadcrumb\"},\"inLanguage\":\"de\",\"potentialAction\":[{\"@type\":\"ReadAction\",\"target\":[\"https:\\\/\\\/sagrinex.com\\\/produit\\\/remorque-avec-capot-securise-saris-patc-750-kg-255-x-133-x-h-50-cm-1-essieu-non-freine\\\/\"]}]},{\"@type\":\"ImageObject\",\"inLanguage\":\"de\",\"@id\":\"https:\\\/\\\/sagrinex.com\\\/produit\\\/remorque-avec-capot-securise-saris-patc-750-kg-255-x-133-x-h-50-cm-1-essieu-non-freine\\\/#primaryimage\",\"url\":\"https:\\\/\\\/sagrinex.com\\\/wp-content\\\/uploads\\\/2026\\\/03\\\/Image-408-1.jpeg\",\"contentUrl\":\"https:\\\/\\\/sagrinex.com\\\/wp-content\\\/uploads\\\/2026\\\/03\\\/Image-408-1.jpeg\",\"width\":1200,\"height\":1200},{\"@type\":\"BreadcrumbList\",\"@id\":\"https:\\\/\\\/sagrinex.com\\\/produit\\\/remorque-avec-capot-securise-saris-patc-750-kg-255-x-133-x-h-50-cm-1-essieu-non-freine\\\/#breadcrumb\",\"itemListElement\":[{\"@type\":\"ListItem\",\"position\":1,\"name\":\"Accueil\",\"item\":\"https:\\\/\\\/sagrinex.com\\\/?lang=de\"},{\"@type\":\"ListItem\",\"position\":2,\"name\":\"Shop\",\"item\":\"https:\\\/\\\/sagrinex.com\\\/shop\\\/\"},{\"@type\":\"ListItem\",\"position\":3,\"name\":\"Anh\u00c4nger mit Sicherheitshaube Saris &#8211; Patc 750 Kg &#8211; 255 X 133 X H 50 Cm &#8211; 1 Achse Ungebremst\"}]},{\"@type\":\"WebSite\",\"@id\":\"https:\\\/\\\/sagrinex.com\\\/#website\",\"url\":\"https:\\\/\\\/sagrinex.com\\\/\",\"name\":\"Sagrinex \u2013 Spezialist f\u00fcr Anh\u00e4nger, Container & Landtechnik\",\"description\":\"Anhaenger, Container &amp; Landtechnik \u2014 Online-Verkauf &amp; kostenloses Angebot\",\"publisher\":{\"@id\":\"https:\\\/\\\/sagrinex.com\\\/#organization\"},\"potentialAction\":[{\"@type\":\"SearchAction\",\"target\":{\"@type\":\"EntryPoint\",\"urlTemplate\":\"https:\\\/\\\/sagrinex.com\\\/?s={search_term_string}\"},\"query-input\":{\"@type\":\"PropertyValueSpecification\",\"valueRequired\":true,\"valueName\":\"search_term_string\"}}],\"inLanguage\":\"de\"},{\"@type\":\"Organization\",\"@id\":\"https:\\\/\\\/sagrinex.com\\\/#organization\",\"name\":\"Sagrinex \u2013 Remorques, Conteneurs & Mat\u00e9riel Agricole\",\"url\":\"https:\\\/\\\/sagrinex.com\\\/\",\"logo\":{\"@type\":\"ImageObject\",\"inLanguage\":\"de\",\"@id\":\"https:\\\/\\\/sagrinex.com\\\/#\\\/schema\\\/logo\\\/image\\\/\",\"url\":\"https:\\\/\\\/sagrinex.com\\\/wp-content\\\/uploads\\\/2026\\\/03\\\/7f1ac463-ef5a-425d-bdd6-a5da03a334a9-1024x683.png\",\"contentUrl\":\"https:\\\/\\\/sagrinex.com\\\/wp-content\\\/uploads\\\/2026\\\/03\\\/7f1ac463-ef5a-425d-bdd6-a5da03a334a9-1024x683.png\",\"width\":1024,\"height\":683,\"caption\":\"Sagrinex \u2013 Remorques, Conteneurs & Mat\u00e9riel Agricole\"},\"image\":{\"@id\":\"https:\\\/\\\/sagrinex.com\\\/#\\\/schema\\\/logo\\\/image\\\/\"}}]}<\/script>\n<!-- \/ Yoast SEO plugin. -->","yoast_head_json":{"title":"ANH\u00c4NGER MIT SICHERHEITSHAUBE SARIS - PATC 750 KG - 255 X 133 X H 50 CM - 1 ACHSE UNGEBREMST","description":"Gep\u00e4ckanh\u00e4nger SARIS MC 255 133 750 1 C ungebremst (Einachser), 255 \u00d7 133 cm, zGG 750 kg (Nutzlast 530 kg). Aluminiumhaube mit langlebigem GRP-Panel (1695 L, Haubenh\u00f6he 50 cm). Serienausstattung: Sicherheitsverschluss, Alu-Bordw\u00e4nde, Zurr\u00f6sen mit integrierter Schiene, Abschlepphaken, verst\u00e4rkter Boden aus f\u00e4ulnisresistentem Marineschichtholz in Rahmen integriert, feuerverzinkte Komponenten. Gesamtl\u00e4nge 363 cm, Breite 183 cm, Reifen 13\", Kippaufbau optional.","robots":{"index":"index","follow":"follow","max-snippet":"max-snippet:-1","max-image-preview":"max-image-preview:large","max-video-preview":"max-video-preview:-1"},"canonical":"https:\/\/sagrinex.com\/produit\/remorque-avec-capot-securise-saris-patc-750-kg-255-x-133-x-h-50-cm-1-essieu-non-freine\/","og_locale":"de_DE","og_type":"article","og_title":"ANH\u00c4NGER MIT SICHERHEITSHAUBE SARIS - PATC 750 KG - 255 X 133 X H 50 CM - 1 ACHSE UNGEBREMST","og_description":"Gep\u00e4ckanh\u00e4nger SARIS MC 255 133 750 1 C ungebremst (Einachser), 255 \u00d7 133 cm, zGG 750 kg (Nutzlast 530 kg). Aluminiumhaube mit langlebigem GRP-Panel (1695 L, Haubenh\u00f6he 50 cm). Serienausstattung: Sicherheitsverschluss, Alu-Bordw\u00e4nde, Zurr\u00f6sen mit integrierter Schiene, Abschlepphaken, verst\u00e4rkter Boden aus f\u00e4ulnisresistentem Marineschichtholz in Rahmen integriert, feuerverzinkte Komponenten. Gesamtl\u00e4nge 363 cm, Breite 183 cm, Reifen 13\", Kippaufbau optional.","og_url":"https:\/\/sagrinex.com\/produit\/remorque-avec-capot-securise-saris-patc-750-kg-255-x-133-x-h-50-cm-1-essieu-non-freine\/","og_site_name":"Sagrinex \u2013 Anhaenger, Container &amp; Landtechnik \ud83c\udf3e\ud83d\ude9c","article_modified_time":"2026-04-15T21:12:07+00:00","og_image":[{"width":1200,"height":1200,"url":"https:\/\/sagrinex.com\/wp-content\/uploads\/2026\/03\/Image-408-1.jpeg","type":"image\/jpeg"}],"twitter_card":"summary_large_image","schema":{"@context":"https:\/\/schema.org","@graph":[{"@type":"WebPage","@id":"https:\/\/sagrinex.com\/produit\/remorque-avec-capot-securise-saris-patc-750-kg-255-x-133-x-h-50-cm-1-essieu-non-freine\/","url":"https:\/\/sagrinex.com\/produit\/remorque-avec-capot-securise-saris-patc-750-kg-255-x-133-x-h-50-cm-1-essieu-non-freine\/","name":"ANH\u00c4NGER MIT SICHERHEITSHAUBE SARIS - PATC 750 KG - 255 X 133 X H 50 CM - 1 ACHSE UNGEBREMST","isPartOf":{"@id":"https:\/\/sagrinex.com\/#website"},"primaryImageOfPage":{"@id":"https:\/\/sagrinex.com\/produit\/remorque-avec-capot-securise-saris-patc-750-kg-255-x-133-x-h-50-cm-1-essieu-non-freine\/#primaryimage"},"image":{"@id":"https:\/\/sagrinex.com\/produit\/remorque-avec-capot-securise-saris-patc-750-kg-255-x-133-x-h-50-cm-1-essieu-non-freine\/#primaryimage"},"thumbnailUrl":"https:\/\/sagrinex.com\/wp-content\/uploads\/2026\/03\/Image-408-1.jpeg","datePublished":"2026-03-14T23:01:07+00:00","dateModified":"2026-04-15T21:12:07+00:00","description":"Gep\u00e4ckanh\u00e4nger SARIS MC 255 133 750 1 C ungebremst (Einachser), 255 \u00d7 133 cm, zGG 750 kg (Nutzlast 530 kg). Aluminiumhaube mit langlebigem GRP-Panel (1695 L, Haubenh\u00f6he 50 cm). Serienausstattung: Sicherheitsverschluss, Alu-Bordw\u00e4nde, Zurr\u00f6sen mit integrierter Schiene, Abschlepphaken, verst\u00e4rkter Boden aus f\u00e4ulnisresistentem Marineschichtholz in Rahmen integriert, feuerverzinkte Komponenten. Gesamtl\u00e4nge 363 cm, Breite 183 cm, Reifen 13\", Kippaufbau optional.","breadcrumb":{"@id":"https:\/\/sagrinex.com\/produit\/remorque-avec-capot-securise-saris-patc-750-kg-255-x-133-x-h-50-cm-1-essieu-non-freine\/#breadcrumb"},"inLanguage":"de","potentialAction":[{"@type":"ReadAction","target":["https:\/\/sagrinex.com\/produit\/remorque-avec-capot-securise-saris-patc-750-kg-255-x-133-x-h-50-cm-1-essieu-non-freine\/"]}]},{"@type":"ImageObject","inLanguage":"de","@id":"https:\/\/sagrinex.com\/produit\/remorque-avec-capot-securise-saris-patc-750-kg-255-x-133-x-h-50-cm-1-essieu-non-freine\/#primaryimage","url":"https:\/\/sagrinex.com\/wp-content\/uploads\/2026\/03\/Image-408-1.jpeg","contentUrl":"https:\/\/sagrinex.com\/wp-content\/uploads\/2026\/03\/Image-408-1.jpeg","width":1200,"height":1200},{"@type":"BreadcrumbList","@id":"https:\/\/sagrinex.com\/produit\/remorque-avec-capot-securise-saris-patc-750-kg-255-x-133-x-h-50-cm-1-essieu-non-freine\/#breadcrumb","itemListElement":[{"@type":"ListItem","position":1,"name":"Accueil","item":"https:\/\/sagrinex.com\/?lang=de"},{"@type":"ListItem","position":2,"name":"Shop","item":"https:\/\/sagrinex.com\/shop\/"},{"@type":"ListItem","position":3,"name":"Anh\u00c4nger mit Sicherheitshaube Saris &#8211; Patc 750 Kg &#8211; 255 X 133 X H 50 Cm &#8211; 1 Achse Ungebremst"}]},{"@type":"WebSite","@id":"https:\/\/sagrinex.com\/#website","url":"https:\/\/sagrinex.com\/","name":"Sagrinex \u2013 Spezialist f\u00fcr Anh\u00e4nger, Container & Landtechnik","description":"Anhaenger, Container &amp; Landtechnik \u2014 Online-Verkauf &amp; kostenloses Angebot","publisher":{"@id":"https:\/\/sagrinex.com\/#organization"},"potentialAction":[{"@type":"SearchAction","target":{"@type":"EntryPoint","urlTemplate":"https:\/\/sagrinex.com\/?s={search_term_string}"},"query-input":{"@type":"PropertyValueSpecification","valueRequired":true,"valueName":"search_term_string"}}],"inLanguage":"de"},{"@type":"Organization","@id":"https:\/\/sagrinex.com\/#organization","name":"Sagrinex \u2013 Remorques, Conteneurs & Mat\u00e9riel Agricole","url":"https:\/\/sagrinex.com\/","logo":{"@type":"ImageObject","inLanguage":"de","@id":"https:\/\/sagrinex.com\/#\/schema\/logo\/image\/","url":"https:\/\/sagrinex.com\/wp-content\/uploads\/2026\/03\/7f1ac463-ef5a-425d-bdd6-a5da03a334a9-1024x683.png","contentUrl":"https:\/\/sagrinex.com\/wp-content\/uploads\/2026\/03\/7f1ac463-ef5a-425d-bdd6-a5da03a334a9-1024x683.png","width":1024,"height":683,"caption":"Sagrinex \u2013 Remorques, Conteneurs & Mat\u00e9riel Agricole"},"image":{"@id":"https:\/\/sagrinex.com\/#\/schema\/logo\/image\/"}}]}},"jetpack_sharing_enabled":true,"_links":{"self":[{"href":"https:\/\/sagrinex.com\/de\/wp-json\/wp\/v2\/product\/13807","targetHints":{"allow":["GET"]}}],"collection":[{"href":"https:\/\/sagrinex.com\/de\/wp-json\/wp\/v2\/product"}],"about":[{"href":"https:\/\/sagrinex.com\/de\/wp-json\/wp\/v2\/types\/product"}],"replies":[{"embeddable":true,"href":"https:\/\/sagrinex.com\/de\/wp-json\/wp\/v2\/comments?post=13807"}],"version-history":[{"count":0,"href":"https:\/\/sagrinex.com\/de\/wp-json\/wp\/v2\/product\/13807\/revisions"}],"wp:featuredmedia":[{"embeddable":true,"href":"https:\/\/sagrinex.com\/de\/wp-json\/wp\/v2\/media\/13808"}],"wp:attachment":[{"href":"https:\/\/sagrinex.com\/de\/wp-json\/wp\/v2\/media?parent=13807"}],"wp:term":[{"taxonomy":"product_brand","embeddable":true,"href":"https:\/\/sagrinex.com\/de\/wp-json\/wp\/v2\/product_brand?post=13807"},{"taxonomy":"product_cat","embeddable":true,"href":"https:\/\/sagrinex.com\/de\/wp-json\/wp\/v2\/product_cat?post=13807"},{"taxonomy":"product_tag","embeddable":true,"href":"https:\/\/sagrinex.com\/de\/wp-json\/wp\/v2\/product_tag?post=13807"}],"curies":[{"name":"wp","href":"https:\/\/api.w.org\/{rel}","templated":true}]}}