{"id":13814,"date":"2026-03-17T23:01:34","date_gmt":"2026-03-17T23:01:34","guid":{"rendered":"https:\/\/sagrinex.com\/produit\/anhaenger-fuer-katamarane-mecanorem-d-305-cata-zulaessiges-gesamtgewicht-400-kg\/"},"modified":"2026-04-15T21:12:07","modified_gmt":"2026-04-15T21:12:07","slug":"anhaenger-fuer-katamarane-mecanorem-d-305-cata-zulaessiges-gesamtgewicht-400-kg","status":"publish","type":"product","link":"https:\/\/sagrinex.com\/de\/produit\/anhaenger-fuer-katamarane-mecanorem-d-305-cata-zulaessiges-gesamtgewicht-400-kg\/","title":{"rendered":"Anh\u00c4nger F\u00dcr Katamarane &#8211; Mecanorem &#8211; D 305 Cata &#8211; Zul\u00c4ssiges Gesamtgewicht: 400 Kg"},"content":{"rendered":"<p>Anh\u00e4nger entwickelt f\u00fcr den <strong>Stra\u00dfentransport und das Zu-Wasser-Lassen<\/strong> Ihres <strong>Katamarans<\/strong>.<br \/>\nDie <strong>Quertr\u00e4ger sind teleskopisch<\/strong> mit <strong>Masthalter<\/strong> und <strong>Angriffskielrollen<\/strong> am hinteren Quertr\u00e4ger.<\/p>\n<p>Hei\u00dfverzinktes Fahrgestell.<\/p>\n<p>Verstellbare verzinkte Achse.<\/p>\n<p>Gummielement-Federung.<\/p>\n<p><strong>Teleskopisches und abnehmbares Kennzeichenschild<\/strong>, das Ihnen den legalen Transport auf franz\u00f6sischen Stra\u00dfen erm\u00f6glicht.<\/p>\n<ul>\n<li>Hei\u00dfverzinktes Fahrgestell<\/li>\n<li>Verstellbare verzinkte Achse<\/li>\n<li>Gummielement-Federungen<\/li>\n<li>Kotfl\u00fcgel aus Polyethylen (rosten nicht)<\/li>\n<\/ul>\n<p>Mit dem gr\u00f6\u00dften <strong>Lager<\/strong> an <strong>Bootsanh\u00e4ngern<\/strong> kann <strong>Sagrinex<\/strong> Sie beim Kauf des <strong>idealen Anh\u00e4ngers<\/strong> f\u00fcr den <strong>Transport<\/strong>, das <strong>Zu-Wasser-Lassen<\/strong> oder die <strong>Handhabung<\/strong> Ihres <strong>Katamarans<\/strong> <strong>beraten<\/strong>.<\/p>\n","protected":false},"excerpt":{"rendered":"<p>Anh\u00e4nger f\u00fcr Katamarane &#8211; MECANOREM &#8211; D 305 CATA &#8211; PTAC : 400 Kg<\/p>\n<div class=\"mod_fa_champspersonnalisables_v14_liste\">\n<div class=\"mod_fa_champspersonnalisables_v14_titre\"><strong>PTAC: <\/strong><span class=\"mod_fa_champspersonnalisables_v14_valeur\">400<\/span><\/div>\n<\/div>\n<div class=\"mod_fa_champspersonnalisables_v14_liste\">\n<div class=\"mod_fa_champspersonnalisables_v14_titre\"><strong>Leergewicht: <\/strong><span class=\"mod_fa_champspersonnalisables_v14_valeur\">150<\/span><\/div>\n<\/div>\n<div class=\"mod_fa_champspersonnalisables_v14_liste\">\n<div class=\"mod_fa_champspersonnalisables_v14_titre\"><strong>Nutzlast: <\/strong><span class=\"mod_fa_champspersonnalisables_v14_valeur\">250<\/span><\/div>\n<\/div>\n<div class=\"mod_fa_champspersonnalisables_v14_liste\">\n<div class=\"mod_fa_champspersonnalisables_v14_titre\"><strong>Nutzbare Abmessungen: <\/strong><span class=\"mod_fa_champspersonnalisables_v14_valeur\">480 x 180 m<\/span><\/div>\n<\/div>\n<div class=\"mod_fa_champspersonnalisables_v14_liste\">\n<div class=\"mod_fa_champspersonnalisables_v14_titre\"><strong>Nutzbare H\u00f6he \/ Boden: <\/strong><span class=\"mod_fa_champspersonnalisables_v14_valeur\">0.58m<\/span><\/div>\n<\/div>\n<div class=\"mod_fa_champspersonnalisables_v14_liste\">\n<div class=\"mod_fa_champspersonnalisables_v14_titre\"><strong>Achslast: <\/strong><span class=\"mod_fa_champspersonnalisables_v14_valeur\">400 kg<\/span><\/div>\n<\/div>\n<div class=\"mod_fa_champspersonnalisables_v14_liste\">\n<div class=\"mod_fa_champspersonnalisables_v14_titre\"><strong>Gebremste Deichsel: <\/strong><span class=\"mod_fa_champspersonnalisables_v14_valeur\">Nein<\/span><\/div>\n<\/div>\n<div class=\"mod_fa_champspersonnalisables_v14_liste\">\n<div class=\"mod_fa_champspersonnalisables_v14_titre\"><strong>R\u00e4der: <\/strong><span class=\"mod_fa_champspersonnalisables_v14_valeur\">450 x 10 in 13 Zoll mit Kotfl\u00fcgel<\/span><\/div>\n<\/div>\n","protected":false},"featured_media":13874,"comment_status":"open","ping_status":"closed","template":"","meta":[],"product_brand":[],"product_cat":[357,352],"product_tag":[],"class_list":{"0":"post-13814","1":"product","2":"type-product","3":"status-publish","4":"has-post-thumbnail","6":"product_cat-nautische-anhaenger","7":"product_cat-unsere-trailer","9":"first","10":"instock","11":"shipping-taxable","12":"purchasable","13":"product-type-simple"},"yoast_head":"<!-- This site is optimized with the Yoast SEO plugin v27.5 - https:\/\/yoast.com\/product\/yoast-seo-wordpress\/ -->\n<title>ANH\u00c4NGER F\u00dcR KATAMARANE - MECANOREM - D 305 CATA - ZUL\u00c4SSIGES GESAMTGEWICHT: 400 KG<\/title>\n<meta name=\"description\" content=\"Anh\u00e4nger f\u00fcr Katamarane - MECANOREM - D 305 CATA - zGG : 400 Kg\" \/>\n<meta name=\"robots\" content=\"index, follow, max-snippet:-1, max-image-preview:large, max-video-preview:-1\" \/>\n<link rel=\"canonical\" href=\"https:\/\/sagrinex.com\/produit\/remorque-pour-catamarans-mecanorem-d-305-cata-ptac-400-kg\/\" \/>\n<meta property=\"og:locale\" content=\"de_DE\" \/>\n<meta property=\"og:type\" content=\"article\" \/>\n<meta property=\"og:title\" content=\"ANH\u00c4NGER F\u00dcR KATAMARANE - MECANOREM - D 305 CATA - ZUL\u00c4SSIGES GESAMTGEWICHT: 400 KG\" \/>\n<meta property=\"og:description\" content=\"Anh\u00e4nger f\u00fcr Katamarane - MECANOREM - D 305 CATA - zGG : 400 Kg\" \/>\n<meta property=\"og:url\" content=\"https:\/\/sagrinex.com\/produit\/remorque-pour-catamarans-mecanorem-d-305-cata-ptac-400-kg\/\" \/>\n<meta property=\"og:site_name\" content=\"Sagrinex \u2013 Anhaenger, Container &amp; Landtechnik \ud83c\udf3e\ud83d\ude9c\" \/>\n<meta property=\"article:modified_time\" content=\"2026-04-15T21:12:07+00:00\" \/>\n<meta property=\"og:image\" content=\"https:\/\/sagrinex.com\/wp-content\/uploads\/2026\/03\/Image-168-5.jpeg\" \/>\n\t<meta property=\"og:image:width\" content=\"1000\" \/>\n\t<meta property=\"og:image:height\" content=\"612\" \/>\n\t<meta property=\"og:image:type\" content=\"image\/jpeg\" \/>\n<meta name=\"twitter:card\" content=\"summary_large_image\" \/>\n<script type=\"application\/ld+json\" class=\"yoast-schema-graph\">{\"@context\":\"https:\\\/\\\/schema.org\",\"@graph\":[{\"@type\":\"WebPage\",\"@id\":\"https:\\\/\\\/sagrinex.com\\\/produit\\\/remorque-pour-catamarans-mecanorem-d-305-cata-ptac-400-kg\\\/\",\"url\":\"https:\\\/\\\/sagrinex.com\\\/produit\\\/remorque-pour-catamarans-mecanorem-d-305-cata-ptac-400-kg\\\/\",\"name\":\"ANH\u00c4NGER F\u00dcR KATAMARANE - MECANOREM - D 305 CATA - ZUL\u00c4SSIGES GESAMTGEWICHT: 400 KG\",\"isPartOf\":{\"@id\":\"https:\\\/\\\/sagrinex.com\\\/#website\"},\"primaryImageOfPage\":{\"@id\":\"https:\\\/\\\/sagrinex.com\\\/produit\\\/remorque-pour-catamarans-mecanorem-d-305-cata-ptac-400-kg\\\/#primaryimage\"},\"image\":{\"@id\":\"https:\\\/\\\/sagrinex.com\\\/produit\\\/remorque-pour-catamarans-mecanorem-d-305-cata-ptac-400-kg\\\/#primaryimage\"},\"thumbnailUrl\":\"https:\\\/\\\/sagrinex.com\\\/wp-content\\\/uploads\\\/2026\\\/03\\\/Image-168-5.jpeg\",\"datePublished\":\"2026-03-17T23:01:34+00:00\",\"dateModified\":\"2026-04-15T21:12:07+00:00\",\"description\":\"Anh\u00e4nger f\u00fcr Katamarane - MECANOREM - D 305 CATA - zGG : 400 Kg\",\"breadcrumb\":{\"@id\":\"https:\\\/\\\/sagrinex.com\\\/produit\\\/remorque-pour-catamarans-mecanorem-d-305-cata-ptac-400-kg\\\/#breadcrumb\"},\"inLanguage\":\"de\",\"potentialAction\":[{\"@type\":\"ReadAction\",\"target\":[\"https:\\\/\\\/sagrinex.com\\\/produit\\\/remorque-pour-catamarans-mecanorem-d-305-cata-ptac-400-kg\\\/\"]}]},{\"@type\":\"ImageObject\",\"inLanguage\":\"de\",\"@id\":\"https:\\\/\\\/sagrinex.com\\\/produit\\\/remorque-pour-catamarans-mecanorem-d-305-cata-ptac-400-kg\\\/#primaryimage\",\"url\":\"https:\\\/\\\/sagrinex.com\\\/wp-content\\\/uploads\\\/2026\\\/03\\\/Image-168-5.jpeg\",\"contentUrl\":\"https:\\\/\\\/sagrinex.com\\\/wp-content\\\/uploads\\\/2026\\\/03\\\/Image-168-5.jpeg\",\"width\":1000,\"height\":612},{\"@type\":\"BreadcrumbList\",\"@id\":\"https:\\\/\\\/sagrinex.com\\\/produit\\\/remorque-pour-catamarans-mecanorem-d-305-cata-ptac-400-kg\\\/#breadcrumb\",\"itemListElement\":[{\"@type\":\"ListItem\",\"position\":1,\"name\":\"Accueil\",\"item\":\"https:\\\/\\\/sagrinex.com\\\/?lang=de\"},{\"@type\":\"ListItem\",\"position\":2,\"name\":\"Shop\",\"item\":\"https:\\\/\\\/sagrinex.com\\\/shop\\\/\"},{\"@type\":\"ListItem\",\"position\":3,\"name\":\"Anh\u00c4nger F\u00dcr Katamarane &#8211; Mecanorem &#8211; D 305 Cata &#8211; Zul\u00c4ssiges Gesamtgewicht: 400 Kg\"}]},{\"@type\":\"WebSite\",\"@id\":\"https:\\\/\\\/sagrinex.com\\\/#website\",\"url\":\"https:\\\/\\\/sagrinex.com\\\/\",\"name\":\"Sagrinex \u2013 Spezialist f\u00fcr Anh\u00e4nger, Container & Landtechnik\",\"description\":\"Anhaenger, Container &amp; Landtechnik \u2014 Online-Verkauf &amp; kostenloses Angebot\",\"publisher\":{\"@id\":\"https:\\\/\\\/sagrinex.com\\\/#organization\"},\"potentialAction\":[{\"@type\":\"SearchAction\",\"target\":{\"@type\":\"EntryPoint\",\"urlTemplate\":\"https:\\\/\\\/sagrinex.com\\\/?s={search_term_string}\"},\"query-input\":{\"@type\":\"PropertyValueSpecification\",\"valueRequired\":true,\"valueName\":\"search_term_string\"}}],\"inLanguage\":\"de\"},{\"@type\":\"Organization\",\"@id\":\"https:\\\/\\\/sagrinex.com\\\/#organization\",\"name\":\"Sagrinex \u2013 Remorques, Conteneurs & Mat\u00e9riel Agricole\",\"url\":\"https:\\\/\\\/sagrinex.com\\\/\",\"logo\":{\"@type\":\"ImageObject\",\"inLanguage\":\"de\",\"@id\":\"https:\\\/\\\/sagrinex.com\\\/#\\\/schema\\\/logo\\\/image\\\/\",\"url\":\"https:\\\/\\\/sagrinex.com\\\/wp-content\\\/uploads\\\/2026\\\/03\\\/7f1ac463-ef5a-425d-bdd6-a5da03a334a9-1024x683.png\",\"contentUrl\":\"https:\\\/\\\/sagrinex.com\\\/wp-content\\\/uploads\\\/2026\\\/03\\\/7f1ac463-ef5a-425d-bdd6-a5da03a334a9-1024x683.png\",\"width\":1024,\"height\":683,\"caption\":\"Sagrinex \u2013 Remorques, Conteneurs & Mat\u00e9riel Agricole\"},\"image\":{\"@id\":\"https:\\\/\\\/sagrinex.com\\\/#\\\/schema\\\/logo\\\/image\\\/\"}}]}<\/script>\n<!-- \/ Yoast SEO plugin. -->","yoast_head_json":{"title":"ANH\u00c4NGER F\u00dcR KATAMARANE - MECANOREM - D 305 CATA - ZUL\u00c4SSIGES GESAMTGEWICHT: 400 KG","description":"Anh\u00e4nger f\u00fcr Katamarane - MECANOREM - D 305 CATA - zGG : 400 Kg","robots":{"index":"index","follow":"follow","max-snippet":"max-snippet:-1","max-image-preview":"max-image-preview:large","max-video-preview":"max-video-preview:-1"},"canonical":"https:\/\/sagrinex.com\/produit\/remorque-pour-catamarans-mecanorem-d-305-cata-ptac-400-kg\/","og_locale":"de_DE","og_type":"article","og_title":"ANH\u00c4NGER F\u00dcR KATAMARANE - MECANOREM - D 305 CATA - ZUL\u00c4SSIGES GESAMTGEWICHT: 400 KG","og_description":"Anh\u00e4nger f\u00fcr Katamarane - MECANOREM - D 305 CATA - zGG : 400 Kg","og_url":"https:\/\/sagrinex.com\/produit\/remorque-pour-catamarans-mecanorem-d-305-cata-ptac-400-kg\/","og_site_name":"Sagrinex \u2013 Anhaenger, Container &amp; Landtechnik \ud83c\udf3e\ud83d\ude9c","article_modified_time":"2026-04-15T21:12:07+00:00","og_image":[{"width":1000,"height":612,"url":"https:\/\/sagrinex.com\/wp-content\/uploads\/2026\/03\/Image-168-5.jpeg","type":"image\/jpeg"}],"twitter_card":"summary_large_image","schema":{"@context":"https:\/\/schema.org","@graph":[{"@type":"WebPage","@id":"https:\/\/sagrinex.com\/produit\/remorque-pour-catamarans-mecanorem-d-305-cata-ptac-400-kg\/","url":"https:\/\/sagrinex.com\/produit\/remorque-pour-catamarans-mecanorem-d-305-cata-ptac-400-kg\/","name":"ANH\u00c4NGER F\u00dcR KATAMARANE - MECANOREM - D 305 CATA - ZUL\u00c4SSIGES GESAMTGEWICHT: 400 KG","isPartOf":{"@id":"https:\/\/sagrinex.com\/#website"},"primaryImageOfPage":{"@id":"https:\/\/sagrinex.com\/produit\/remorque-pour-catamarans-mecanorem-d-305-cata-ptac-400-kg\/#primaryimage"},"image":{"@id":"https:\/\/sagrinex.com\/produit\/remorque-pour-catamarans-mecanorem-d-305-cata-ptac-400-kg\/#primaryimage"},"thumbnailUrl":"https:\/\/sagrinex.com\/wp-content\/uploads\/2026\/03\/Image-168-5.jpeg","datePublished":"2026-03-17T23:01:34+00:00","dateModified":"2026-04-15T21:12:07+00:00","description":"Anh\u00e4nger f\u00fcr Katamarane - MECANOREM - D 305 CATA - zGG : 400 Kg","breadcrumb":{"@id":"https:\/\/sagrinex.com\/produit\/remorque-pour-catamarans-mecanorem-d-305-cata-ptac-400-kg\/#breadcrumb"},"inLanguage":"de","potentialAction":[{"@type":"ReadAction","target":["https:\/\/sagrinex.com\/produit\/remorque-pour-catamarans-mecanorem-d-305-cata-ptac-400-kg\/"]}]},{"@type":"ImageObject","inLanguage":"de","@id":"https:\/\/sagrinex.com\/produit\/remorque-pour-catamarans-mecanorem-d-305-cata-ptac-400-kg\/#primaryimage","url":"https:\/\/sagrinex.com\/wp-content\/uploads\/2026\/03\/Image-168-5.jpeg","contentUrl":"https:\/\/sagrinex.com\/wp-content\/uploads\/2026\/03\/Image-168-5.jpeg","width":1000,"height":612},{"@type":"BreadcrumbList","@id":"https:\/\/sagrinex.com\/produit\/remorque-pour-catamarans-mecanorem-d-305-cata-ptac-400-kg\/#breadcrumb","itemListElement":[{"@type":"ListItem","position":1,"name":"Accueil","item":"https:\/\/sagrinex.com\/?lang=de"},{"@type":"ListItem","position":2,"name":"Shop","item":"https:\/\/sagrinex.com\/shop\/"},{"@type":"ListItem","position":3,"name":"Anh\u00c4nger F\u00dcr Katamarane &#8211; Mecanorem &#8211; D 305 Cata &#8211; Zul\u00c4ssiges Gesamtgewicht: 400 Kg"}]},{"@type":"WebSite","@id":"https:\/\/sagrinex.com\/#website","url":"https:\/\/sagrinex.com\/","name":"Sagrinex \u2013 Spezialist f\u00fcr Anh\u00e4nger, Container & Landtechnik","description":"Anhaenger, Container &amp; Landtechnik \u2014 Online-Verkauf &amp; kostenloses Angebot","publisher":{"@id":"https:\/\/sagrinex.com\/#organization"},"potentialAction":[{"@type":"SearchAction","target":{"@type":"EntryPoint","urlTemplate":"https:\/\/sagrinex.com\/?s={search_term_string}"},"query-input":{"@type":"PropertyValueSpecification","valueRequired":true,"valueName":"search_term_string"}}],"inLanguage":"de"},{"@type":"Organization","@id":"https:\/\/sagrinex.com\/#organization","name":"Sagrinex \u2013 Remorques, Conteneurs & Mat\u00e9riel Agricole","url":"https:\/\/sagrinex.com\/","logo":{"@type":"ImageObject","inLanguage":"de","@id":"https:\/\/sagrinex.com\/#\/schema\/logo\/image\/","url":"https:\/\/sagrinex.com\/wp-content\/uploads\/2026\/03\/7f1ac463-ef5a-425d-bdd6-a5da03a334a9-1024x683.png","contentUrl":"https:\/\/sagrinex.com\/wp-content\/uploads\/2026\/03\/7f1ac463-ef5a-425d-bdd6-a5da03a334a9-1024x683.png","width":1024,"height":683,"caption":"Sagrinex \u2013 Remorques, Conteneurs & Mat\u00e9riel Agricole"},"image":{"@id":"https:\/\/sagrinex.com\/#\/schema\/logo\/image\/"}}]}},"jetpack_sharing_enabled":true,"_links":{"self":[{"href":"https:\/\/sagrinex.com\/de\/wp-json\/wp\/v2\/product\/13814","targetHints":{"allow":["GET"]}}],"collection":[{"href":"https:\/\/sagrinex.com\/de\/wp-json\/wp\/v2\/product"}],"about":[{"href":"https:\/\/sagrinex.com\/de\/wp-json\/wp\/v2\/types\/product"}],"replies":[{"embeddable":true,"href":"https:\/\/sagrinex.com\/de\/wp-json\/wp\/v2\/comments?post=13814"}],"version-history":[{"count":0,"href":"https:\/\/sagrinex.com\/de\/wp-json\/wp\/v2\/product\/13814\/revisions"}],"wp:featuredmedia":[{"embeddable":true,"href":"https:\/\/sagrinex.com\/de\/wp-json\/wp\/v2\/media\/13874"}],"wp:attachment":[{"href":"https:\/\/sagrinex.com\/de\/wp-json\/wp\/v2\/media?parent=13814"}],"wp:term":[{"taxonomy":"product_brand","embeddable":true,"href":"https:\/\/sagrinex.com\/de\/wp-json\/wp\/v2\/product_brand?post=13814"},{"taxonomy":"product_cat","embeddable":true,"href":"https:\/\/sagrinex.com\/de\/wp-json\/wp\/v2\/product_cat?post=13814"},{"taxonomy":"product_tag","embeddable":true,"href":"https:\/\/sagrinex.com\/de\/wp-json\/wp\/v2\/product_tag?post=13814"}],"curies":[{"name":"wp","href":"https:\/\/api.w.org\/{rel}","templated":true}]}}