{"id":13818,"date":"2026-03-15T14:32:24","date_gmt":"2026-03-15T14:32:24","guid":{"rendered":"https:\/\/sagrinex.com\/produit\/15-fuss-lagercontainer-weiss\/"},"modified":"2026-04-07T00:55:39","modified_gmt":"2026-04-07T00:55:39","slug":"15-fuss-lagercontainer-weiss","status":"publish","type":"product","link":"https:\/\/sagrinex.com\/de\/produit\/15-fuss-lagercontainer-weiss\/","title":{"rendered":"15 Fu\u00df Lagercontainer \u2013 Wei\u00df"},"content":{"rendered":"<h1 data-start=\"159\" data-end=\"223\"><strong data-start=\"164\" data-end=\"223\">Container 18 m\u00b3 \u2013 Robust, vielseitig und sofort einsatzbereit<\/strong><\/h1>\n<p data-start=\"225\" data-end=\"518\">Entdecken Sie unseren <strong data-start=\"241\" data-end=\"260\">18 m\u00b3 Container<\/strong>, der f\u00fcr die anspruchsvollsten Lager-, Lagerungs- oder Transportanforderungen konzipiert ist. Seine verst\u00e4rkte Struktur und hochwertige Materialien garantieren eine au\u00dfergew\u00f6hnliche Haltbarkeit, auch unter intensiven Bedingungen oder im Freien.<\/p>\n<hr data-start=\"520\" data-end=\"523\" \/>\n<h2 data-start=\"525\" data-end=\"558\">\ud83d\udccf <strong data-start=\"531\" data-end=\"558\">Containerabmessungen<\/strong><\/h2>\n<h3 data-start=\"560\" data-end=\"604\"><strong data-start=\"564\" data-end=\"602\">Au\u00dfenma\u00dfe (L \u00d7 B \u00d7 H)<\/strong><\/h3>\n<ul data-start=\"605\" data-end=\"709\">\n<li data-start=\"605\" data-end=\"709\">\n<p data-start=\"607\" data-end=\"709\"><strong data-start=\"607\" data-end=\"635\">4,50 m \u00d7 2,20 m \u00d7 2,25 m<\/strong><br data-start=\"635\" data-end=\"638\" \/>Ideal zur Platzoptimierung und gleichzeitig leicht transportierbar.<\/p>\n<\/li>\n<\/ul>\n<h3 data-start=\"711\" data-end=\"755\"><strong data-start=\"715\" data-end=\"753\">Innenma\u00dfe (L \u00d7 B \u00d7 H)<\/strong><\/h3>\n<ul data-start=\"756\" data-end=\"914\">\n<li data-start=\"756\" data-end=\"914\">\n<p data-start=\"758\" data-end=\"914\"><strong data-start=\"758\" data-end=\"786\">4,30 m \u00d7 2,07 m \u00d7 2,02 m<\/strong><br data-start=\"786\" data-end=\"789\" \/>Ein perfekt nutzbares Volumen f\u00fcr die Lagerung von Materialien, Werkzeugen, Holz, Waren oder professioneller Ausr\u00fcstung.<\/p>\n<\/li>\n<\/ul>\n<h3 data-start=\"916\" data-end=\"944\"><strong data-start=\"920\" data-end=\"942\">Gesamtnutzvolumen<\/strong><\/h3>\n<ul data-start=\"945\" data-end=\"956\">\n<li data-start=\"945\" data-end=\"956\">\n<p data-start=\"947\" data-end=\"956\"><strong data-start=\"947\" data-end=\"956\">18 m\u00b3<\/strong><\/p>\n<\/li>\n<\/ul>\n<hr data-start=\"958\" data-end=\"961\" \/>\n<h1 data-start=\"963\" data-end=\"1014\">\ud83d\udee0\ufe0f <strong data-start=\"969\" data-end=\"1014\">Technische Premium-Spezifikationen<\/strong><\/h1>\n<h3 data-start=\"1016\" data-end=\"1032\"><strong data-start=\"1020\" data-end=\"1032\">Frame<\/strong><\/h3>\n<ul data-start=\"1033\" data-end=\"1205\">\n<li data-start=\"1033\" data-end=\"1075\">\n<p data-start=\"1035\" data-end=\"1075\">Struktur aus <strong data-start=\"1048\" data-end=\"1075\">vollst\u00e4ndig geschwei\u00dftem Stahl<\/strong><\/p>\n<\/li>\n<li data-start=\"1076\" data-end=\"1098\">\n<p data-start=\"1078\" data-end=\"1098\">Dicke: <strong data-start=\"1090\" data-end=\"1098\">3 mm<\/strong><\/p>\n<\/li>\n<li data-start=\"1099\" data-end=\"1205\">\n<p data-start=\"1101\" data-end=\"1205\">Gro\u00dfe mechanische Widerstandsf\u00e4higkeit, ausgelegt f\u00fcr hohe Belastungen und intensive Nutzung.<\/p>\n<\/li>\n<\/ul>\n<h3 data-start=\"1207\" data-end=\"1231\"><strong data-start=\"1211\" data-end=\"1231\">W\u00e4nde und Decke<\/strong><\/h3>\n<ul data-start=\"1232\" data-end=\"1364\">\n<li data-start=\"1232\" data-end=\"1277\">\n<p data-start=\"1234\" data-end=\"1277\">Hergestellt aus <strong data-start=\"1246\" data-end=\"1277\">1,5 mm laminiertem Stahlblech<\/strong><\/p>\n<\/li>\n<li data-start=\"1278\" data-end=\"1364\">\n<p data-start=\"1280\" data-end=\"1364\">Zuverl\u00e4ssiger Schutz vor schlechtem Wetter, St\u00f6\u00dfen, Korrosion und rauen Bedingungen.<\/p>\n<\/li>\n<\/ul>\n<h3 data-start=\"1366\" data-end=\"1382\"><strong data-start=\"1370\" data-end=\"1382\">Boden<\/strong><\/h3>\n<ul data-start=\"1383\" data-end=\"1530\">\n<li data-start=\"1383\" data-end=\"1423\">\n<p data-start=\"1385\" data-end=\"1423\"><strong data-start=\"1385\" data-end=\"1400\">Massivholz<\/strong> Anti-Feuchtigkeits-Behandlung<\/p>\n<\/li>\n<li data-start=\"1424\" data-end=\"1447\">\n<p data-start=\"1426\" data-end=\"1447\">Dicke: <strong data-start=\"1438\" data-end=\"1447\">25 mm<\/strong><\/p>\n<\/li>\n<li data-start=\"1448\" data-end=\"1530\">\n<p data-start=\"1450\" data-end=\"1530\">Perfekt f\u00fcr schwere Lasten, industrielle Handhabung oder Langzeitlagerung.<\/p>\n<\/li>\n<\/ul>\n<hr data-start=\"1532\" data-end=\"1535\" \/>\n<h1 data-start=\"1537\" data-end=\"1576\">\u2b50 <strong data-start=\"1541\" data-end=\"1576\">Warum diesen Container w\u00e4hlen?<\/strong><\/h1>\n<ul data-start=\"1577\" data-end=\"1923\">\n<li data-start=\"1577\" data-end=\"1631\">\n<p data-start=\"1579\" data-end=\"1631\"> \u2714 <strong data-start=\"1581\" data-end=\"1598\">Extrem robust<\/strong> dank verst\u00e4rkter Struktur<\/p>\n<\/li>\n<li data-start=\"1632\" data-end=\"1696\">\n<p data-start=\"1634\" data-end=\"1696\"> \u2714 <strong data-start=\"1636\" data-end=\"1656\">Hoher Schutz<\/strong> gegen Feuchtigkeit, schlechtes Wetter und Abnutzung<\/p>\n<\/li>\n<li data-start=\"1697\" data-end=\"1750\">\n<p data-start=\"1699\" data-end=\"1750\"> \u2714 <strong data-start=\"1701\" data-end=\"1720\">Gro\u00dfz\u00fcgiges Volumen<\/strong> und perfekt nutzbar<\/p>\n<\/li>\n<li data-start=\"1751\" data-end=\"1851\">\n<p data-start=\"1753\" data-end=\"1851\"> \u2714 Ideal f\u00fcr: professionelle Lagerung, Baustellen, Landwirtschaft, Holz, Maschinen, Ger\u00e4te usw.<\/p>\n<\/li>\n<li data-start=\"1852\" data-end=\"1923\">\n<p data-start=\"1854\" data-end=\"1923\"> \u2714 <strong data-start=\"1856\" data-end=\"1879\">Lange Lebensdauer<\/strong> dank hochwertiger Stahlverarbeitung<\/p>\n<\/li>\n<\/ul>\n","protected":false},"excerpt":{"rendered":"<p>Unser 15-Fu\u00df-Lagercontainer bietet eine sichere Lagerung f\u00fcr alle Arten von Waren.<br \/>\nSein vollst\u00e4ndig verschwei\u00dfter Rahmen und das Verriegelungssystem mit Klappe zum Schutz vor Vorh\u00e4ngeschl\u00f6ssern erm\u00f6glichen eine sichere Aufbewahrung.<\/p>\n","protected":false},"featured_media":13891,"comment_status":"open","ping_status":"closed","template":"","meta":[],"product_brand":[],"product_cat":[351,347],"product_tag":[],"class_list":{"0":"post-13818","1":"product","2":"type-product","3":"status-publish","4":"has-post-thumbnail","6":"product_cat-standardspeicher","7":"product_cat-unsere-container","9":"first","10":"instock","11":"sale","12":"shipping-taxable","13":"purchasable","14":"product-type-simple"},"yoast_head":"<!-- This site is optimized with the Yoast SEO plugin v27.4 - https:\/\/yoast.com\/product\/yoast-seo-wordpress\/ -->\n<title>15 Fu\u00df Lagercontainer \u2013 Wei\u00df<\/title>\n<meta name=\"description\" content=\"Unser 15-Fu\u00df-Lagercontainer bietet eine sichere Lagerung f\u00fcr alle Arten von Waren. Sein vollst\u00e4ndig verschwei\u00dfter Rahmen und das Verriegelungssystem mit Klappe zum Schutz vor Vorh\u00e4ngeschl\u00f6ssern erm\u00f6glichen eine sichere Aufbewahrung.\" \/>\n<meta name=\"robots\" content=\"index, follow, max-snippet:-1, max-image-preview:large, max-video-preview:-1\" \/>\n<link rel=\"canonical\" href=\"https:\/\/sagrinex.com\/produit\/conteneur-de-stockage-15-pieds-blanc\/\" \/>\n<meta property=\"og:locale\" content=\"de_DE\" \/>\n<meta property=\"og:type\" content=\"article\" \/>\n<meta property=\"og:title\" content=\"15 Fu\u00df Lagercontainer \u2013 Wei\u00df\" \/>\n<meta property=\"og:description\" content=\"Unser 15-Fu\u00df-Lagercontainer bietet eine sichere Lagerung f\u00fcr alle Arten von Waren. Sein vollst\u00e4ndig verschwei\u00dfter Rahmen und das Verriegelungssystem mit Klappe zum Schutz vor Vorh\u00e4ngeschl\u00f6ssern erm\u00f6glichen eine sichere Aufbewahrung.\" \/>\n<meta property=\"og:url\" content=\"https:\/\/sagrinex.com\/produit\/conteneur-de-stockage-15-pieds-blanc\/\" \/>\n<meta property=\"og:site_name\" content=\"Sagrinex \u2013 Anhaenger, Container &amp; Landtechnik \ud83c\udf3e\ud83d\ude9c\" \/>\n<meta property=\"article:modified_time\" content=\"2026-04-07T00:55:39+00:00\" \/>\n<meta property=\"og:image\" content=\"https:\/\/sagrinex.com\/wp-content\/uploads\/2026\/03\/Image-84-3.jpeg\" \/>\n\t<meta property=\"og:image:width\" content=\"1211\" \/>\n\t<meta property=\"og:image:height\" content=\"675\" \/>\n\t<meta property=\"og:image:type\" content=\"image\/jpeg\" \/>\n<meta name=\"twitter:card\" content=\"summary_large_image\" \/>\n<meta name=\"twitter:label1\" content=\"Gesch\u00e4tzte Lesezeit\" \/>\n\t<meta name=\"twitter:data1\" content=\"1\u00a0Minute\" \/>\n<script type=\"application\/ld+json\" class=\"yoast-schema-graph\">{\"@context\":\"https:\\\/\\\/schema.org\",\"@graph\":[{\"@type\":\"WebPage\",\"@id\":\"https:\\\/\\\/sagrinex.com\\\/produit\\\/conteneur-de-stockage-15-pieds-blanc\\\/\",\"url\":\"https:\\\/\\\/sagrinex.com\\\/produit\\\/conteneur-de-stockage-15-pieds-blanc\\\/\",\"name\":\"15 Fu\u00df Lagercontainer \u2013 Wei\u00df\",\"isPartOf\":{\"@id\":\"https:\\\/\\\/sagrinex.com\\\/#website\"},\"primaryImageOfPage\":{\"@id\":\"https:\\\/\\\/sagrinex.com\\\/produit\\\/conteneur-de-stockage-15-pieds-blanc\\\/#primaryimage\"},\"image\":{\"@id\":\"https:\\\/\\\/sagrinex.com\\\/produit\\\/conteneur-de-stockage-15-pieds-blanc\\\/#primaryimage\"},\"thumbnailUrl\":\"https:\\\/\\\/sagrinex.com\\\/wp-content\\\/uploads\\\/2026\\\/03\\\/Image-84-3.jpeg\",\"datePublished\":\"2026-03-15T14:32:24+00:00\",\"dateModified\":\"2026-04-07T00:55:39+00:00\",\"description\":\"Unser 15-Fu\u00df-Lagercontainer bietet eine sichere Lagerung f\u00fcr alle Arten von Waren. Sein vollst\u00e4ndig verschwei\u00dfter Rahmen und das Verriegelungssystem mit Klappe zum Schutz vor Vorh\u00e4ngeschl\u00f6ssern erm\u00f6glichen eine sichere Aufbewahrung.\",\"breadcrumb\":{\"@id\":\"https:\\\/\\\/sagrinex.com\\\/produit\\\/conteneur-de-stockage-15-pieds-blanc\\\/#breadcrumb\"},\"inLanguage\":\"de\",\"potentialAction\":[{\"@type\":\"ReadAction\",\"target\":[\"https:\\\/\\\/sagrinex.com\\\/produit\\\/conteneur-de-stockage-15-pieds-blanc\\\/\"]}]},{\"@type\":\"ImageObject\",\"inLanguage\":\"de\",\"@id\":\"https:\\\/\\\/sagrinex.com\\\/produit\\\/conteneur-de-stockage-15-pieds-blanc\\\/#primaryimage\",\"url\":\"https:\\\/\\\/sagrinex.com\\\/wp-content\\\/uploads\\\/2026\\\/03\\\/Image-84-3.jpeg\",\"contentUrl\":\"https:\\\/\\\/sagrinex.com\\\/wp-content\\\/uploads\\\/2026\\\/03\\\/Image-84-3.jpeg\",\"width\":1211,\"height\":675},{\"@type\":\"BreadcrumbList\",\"@id\":\"https:\\\/\\\/sagrinex.com\\\/produit\\\/conteneur-de-stockage-15-pieds-blanc\\\/#breadcrumb\",\"itemListElement\":[{\"@type\":\"ListItem\",\"position\":1,\"name\":\"Accueil\",\"item\":\"https:\\\/\\\/sagrinex.com\\\/?lang=de\"},{\"@type\":\"ListItem\",\"position\":2,\"name\":\"Shop\",\"item\":\"https:\\\/\\\/sagrinex.com\\\/shop\\\/\"},{\"@type\":\"ListItem\",\"position\":3,\"name\":\"15 Fu\u00df Lagercontainer \u2013 Wei\u00df\"}]},{\"@type\":\"WebSite\",\"@id\":\"https:\\\/\\\/sagrinex.com\\\/#website\",\"url\":\"https:\\\/\\\/sagrinex.com\\\/\",\"name\":\"Sagrinex \u2013 Spezialist f\u00fcr Anh\u00e4nger, Container & Landtechnik\",\"description\":\"Anhaenger, Container &amp; Landtechnik \u2014 Online-Verkauf &amp; kostenloses Angebot\",\"publisher\":{\"@id\":\"https:\\\/\\\/sagrinex.com\\\/#organization\"},\"potentialAction\":[{\"@type\":\"SearchAction\",\"target\":{\"@type\":\"EntryPoint\",\"urlTemplate\":\"https:\\\/\\\/sagrinex.com\\\/?s={search_term_string}\"},\"query-input\":{\"@type\":\"PropertyValueSpecification\",\"valueRequired\":true,\"valueName\":\"search_term_string\"}}],\"inLanguage\":\"de\"},{\"@type\":\"Organization\",\"@id\":\"https:\\\/\\\/sagrinex.com\\\/#organization\",\"name\":\"Sagrinex \u2013 Remorques, Conteneurs & Mat\u00e9riel Agricole\",\"url\":\"https:\\\/\\\/sagrinex.com\\\/\",\"logo\":{\"@type\":\"ImageObject\",\"inLanguage\":\"de\",\"@id\":\"https:\\\/\\\/sagrinex.com\\\/#\\\/schema\\\/logo\\\/image\\\/\",\"url\":\"https:\\\/\\\/sagrinex.com\\\/wp-content\\\/uploads\\\/2026\\\/03\\\/7f1ac463-ef5a-425d-bdd6-a5da03a334a9-1024x683.png\",\"contentUrl\":\"https:\\\/\\\/sagrinex.com\\\/wp-content\\\/uploads\\\/2026\\\/03\\\/7f1ac463-ef5a-425d-bdd6-a5da03a334a9-1024x683.png\",\"width\":1024,\"height\":683,\"caption\":\"Sagrinex \u2013 Remorques, Conteneurs & Mat\u00e9riel Agricole\"},\"image\":{\"@id\":\"https:\\\/\\\/sagrinex.com\\\/#\\\/schema\\\/logo\\\/image\\\/\"}}]}<\/script>\n<!-- \/ Yoast SEO plugin. -->","yoast_head_json":{"title":"15 Fu\u00df Lagercontainer \u2013 Wei\u00df","description":"Unser 15-Fu\u00df-Lagercontainer bietet eine sichere Lagerung f\u00fcr alle Arten von Waren. Sein vollst\u00e4ndig verschwei\u00dfter Rahmen und das Verriegelungssystem mit Klappe zum Schutz vor Vorh\u00e4ngeschl\u00f6ssern erm\u00f6glichen eine sichere Aufbewahrung.","robots":{"index":"index","follow":"follow","max-snippet":"max-snippet:-1","max-image-preview":"max-image-preview:large","max-video-preview":"max-video-preview:-1"},"canonical":"https:\/\/sagrinex.com\/produit\/conteneur-de-stockage-15-pieds-blanc\/","og_locale":"de_DE","og_type":"article","og_title":"15 Fu\u00df Lagercontainer \u2013 Wei\u00df","og_description":"Unser 15-Fu\u00df-Lagercontainer bietet eine sichere Lagerung f\u00fcr alle Arten von Waren. Sein vollst\u00e4ndig verschwei\u00dfter Rahmen und das Verriegelungssystem mit Klappe zum Schutz vor Vorh\u00e4ngeschl\u00f6ssern erm\u00f6glichen eine sichere Aufbewahrung.","og_url":"https:\/\/sagrinex.com\/produit\/conteneur-de-stockage-15-pieds-blanc\/","og_site_name":"Sagrinex \u2013 Anhaenger, Container &amp; Landtechnik \ud83c\udf3e\ud83d\ude9c","article_modified_time":"2026-04-07T00:55:39+00:00","og_image":[{"width":1211,"height":675,"url":"https:\/\/sagrinex.com\/wp-content\/uploads\/2026\/03\/Image-84-3.jpeg","type":"image\/jpeg"}],"twitter_card":"summary_large_image","twitter_misc":{"Gesch\u00e4tzte Lesezeit":"1\u00a0Minute"},"schema":{"@context":"https:\/\/schema.org","@graph":[{"@type":"WebPage","@id":"https:\/\/sagrinex.com\/produit\/conteneur-de-stockage-15-pieds-blanc\/","url":"https:\/\/sagrinex.com\/produit\/conteneur-de-stockage-15-pieds-blanc\/","name":"15 Fu\u00df Lagercontainer \u2013 Wei\u00df","isPartOf":{"@id":"https:\/\/sagrinex.com\/#website"},"primaryImageOfPage":{"@id":"https:\/\/sagrinex.com\/produit\/conteneur-de-stockage-15-pieds-blanc\/#primaryimage"},"image":{"@id":"https:\/\/sagrinex.com\/produit\/conteneur-de-stockage-15-pieds-blanc\/#primaryimage"},"thumbnailUrl":"https:\/\/sagrinex.com\/wp-content\/uploads\/2026\/03\/Image-84-3.jpeg","datePublished":"2026-03-15T14:32:24+00:00","dateModified":"2026-04-07T00:55:39+00:00","description":"Unser 15-Fu\u00df-Lagercontainer bietet eine sichere Lagerung f\u00fcr alle Arten von Waren. Sein vollst\u00e4ndig verschwei\u00dfter Rahmen und das Verriegelungssystem mit Klappe zum Schutz vor Vorh\u00e4ngeschl\u00f6ssern erm\u00f6glichen eine sichere Aufbewahrung.","breadcrumb":{"@id":"https:\/\/sagrinex.com\/produit\/conteneur-de-stockage-15-pieds-blanc\/#breadcrumb"},"inLanguage":"de","potentialAction":[{"@type":"ReadAction","target":["https:\/\/sagrinex.com\/produit\/conteneur-de-stockage-15-pieds-blanc\/"]}]},{"@type":"ImageObject","inLanguage":"de","@id":"https:\/\/sagrinex.com\/produit\/conteneur-de-stockage-15-pieds-blanc\/#primaryimage","url":"https:\/\/sagrinex.com\/wp-content\/uploads\/2026\/03\/Image-84-3.jpeg","contentUrl":"https:\/\/sagrinex.com\/wp-content\/uploads\/2026\/03\/Image-84-3.jpeg","width":1211,"height":675},{"@type":"BreadcrumbList","@id":"https:\/\/sagrinex.com\/produit\/conteneur-de-stockage-15-pieds-blanc\/#breadcrumb","itemListElement":[{"@type":"ListItem","position":1,"name":"Accueil","item":"https:\/\/sagrinex.com\/?lang=de"},{"@type":"ListItem","position":2,"name":"Shop","item":"https:\/\/sagrinex.com\/shop\/"},{"@type":"ListItem","position":3,"name":"15 Fu\u00df Lagercontainer \u2013 Wei\u00df"}]},{"@type":"WebSite","@id":"https:\/\/sagrinex.com\/#website","url":"https:\/\/sagrinex.com\/","name":"Sagrinex \u2013 Spezialist f\u00fcr Anh\u00e4nger, Container & Landtechnik","description":"Anhaenger, Container &amp; Landtechnik \u2014 Online-Verkauf &amp; kostenloses Angebot","publisher":{"@id":"https:\/\/sagrinex.com\/#organization"},"potentialAction":[{"@type":"SearchAction","target":{"@type":"EntryPoint","urlTemplate":"https:\/\/sagrinex.com\/?s={search_term_string}"},"query-input":{"@type":"PropertyValueSpecification","valueRequired":true,"valueName":"search_term_string"}}],"inLanguage":"de"},{"@type":"Organization","@id":"https:\/\/sagrinex.com\/#organization","name":"Sagrinex \u2013 Remorques, Conteneurs & Mat\u00e9riel Agricole","url":"https:\/\/sagrinex.com\/","logo":{"@type":"ImageObject","inLanguage":"de","@id":"https:\/\/sagrinex.com\/#\/schema\/logo\/image\/","url":"https:\/\/sagrinex.com\/wp-content\/uploads\/2026\/03\/7f1ac463-ef5a-425d-bdd6-a5da03a334a9-1024x683.png","contentUrl":"https:\/\/sagrinex.com\/wp-content\/uploads\/2026\/03\/7f1ac463-ef5a-425d-bdd6-a5da03a334a9-1024x683.png","width":1024,"height":683,"caption":"Sagrinex \u2013 Remorques, Conteneurs & Mat\u00e9riel Agricole"},"image":{"@id":"https:\/\/sagrinex.com\/#\/schema\/logo\/image\/"}}]}},"jetpack_sharing_enabled":true,"_links":{"self":[{"href":"https:\/\/sagrinex.com\/de\/wp-json\/wp\/v2\/product\/13818","targetHints":{"allow":["GET"]}}],"collection":[{"href":"https:\/\/sagrinex.com\/de\/wp-json\/wp\/v2\/product"}],"about":[{"href":"https:\/\/sagrinex.com\/de\/wp-json\/wp\/v2\/types\/product"}],"replies":[{"embeddable":true,"href":"https:\/\/sagrinex.com\/de\/wp-json\/wp\/v2\/comments?post=13818"}],"version-history":[{"count":0,"href":"https:\/\/sagrinex.com\/de\/wp-json\/wp\/v2\/product\/13818\/revisions"}],"wp:featuredmedia":[{"embeddable":true,"href":"https:\/\/sagrinex.com\/de\/wp-json\/wp\/v2\/media\/13891"}],"wp:attachment":[{"href":"https:\/\/sagrinex.com\/de\/wp-json\/wp\/v2\/media?parent=13818"}],"wp:term":[{"taxonomy":"product_brand","embeddable":true,"href":"https:\/\/sagrinex.com\/de\/wp-json\/wp\/v2\/product_brand?post=13818"},{"taxonomy":"product_cat","embeddable":true,"href":"https:\/\/sagrinex.com\/de\/wp-json\/wp\/v2\/product_cat?post=13818"},{"taxonomy":"product_tag","embeddable":true,"href":"https:\/\/sagrinex.com\/de\/wp-json\/wp\/v2\/product_tag?post=13818"}],"curies":[{"name":"wp","href":"https:\/\/api.w.org\/{rel}","templated":true}]}}