{"id":13825,"date":"2026-03-16T11:22:21","date_gmt":"2026-03-16T11:22:21","guid":{"rendered":"https:\/\/sagrinex.com\/produit\/20-fuss-kuehlcontainer-gebraucht\/"},"modified":"2026-04-15T21:12:07","modified_gmt":"2026-04-15T21:12:07","slug":"20-fuss-kuehlcontainer-gebraucht","status":"publish","type":"product","link":"https:\/\/sagrinex.com\/de\/produit\/20-fuss-kuehlcontainer-gebraucht\/","title":{"rendered":"20 Fu\u00df K\u00dchlcontainer \u2013 Gebraucht"},"content":{"rendered":"<h1 data-start=\"256\" data-end=\"309\">20 Fu\u00df K\u00fchlcontainer \u2013 gebraucht (K\u00fchlcontainer)<\/h1>\n<p data-start=\"311\" data-end=\"743\">Der gebrauchte 20-Fu\u00df-K\u00fchlcontainer, auch K\u00fchlcontainer genannt, ist die ideale L\u00f6sung f\u00fcr die Lagerung oder den Transport von temperaturgef\u00fchrten Produkten.<br data-start=\"521\" data-end=\"524\" \/>Dieses aus dem vorherigen Einsatz stammende, aber komplett \u00fcberarbeitete und kontrollierte Modell bietet eine hervorragende K\u00fchllagerkapazit\u00e4t f\u00fcr Ihre Lebensmittel, Arzneimittel oder andere sensible G\u00fcter.<\/p>\n<hr data-start=\"745\" data-end=\"748\" \/>\n<h2 data-start=\"750\" data-end=\"776\">Design und Struktur<\/h2>\n<p data-start=\"778\" data-end=\"906\">Der Container basiert auf einem robusten Rahmen aus vollst\u00e4ndig verschwei\u00dften Stahlprofilen, der Stabilit\u00e4t und Haltbarkeit garantiert.<\/p>\n<ul data-start=\"907\" data-end=\"1237\">\n<li data-start=\"907\" data-end=\"1043\">\n<p data-start=\"909\" data-end=\"1043\">W\u00e4nde, Decke und T\u00fcren: isolierende Polyurethan-Sandwichplatten mit einer Dicke von 80\u2013100 mm zur Aufrechterhaltung der Temperaturen.<\/p>\n<\/li>\n<li data-start=\"1044\" data-end=\"1153\">\n<p data-start=\"1046\" data-end=\"1153\">Boden: verzinkter Stahl oder behandeltes Holz, tr\u00e4gt schwere Lasten und erleichtert die Reinigung.<\/p>\n<\/li>\n<li data-start=\"1154\" data-end=\"1237\">\n<p data-start=\"1156\" data-end=\"1237\">Au\u00dfenfarbe: Wei\u00df RAL 9010 oder Anthrazitgrau RAL 7016 (nach Wahl).<\/p>\n<\/li>\n<\/ul>\n<hr data-start=\"1239\" data-end=\"1242\" \/>\n<h2 data-start=\"1244\" data-end=\"1267\">K\u00fchlsystem<\/h2>\n<ul data-start=\"1269\" data-end=\"1650\">\n<li data-start=\"1269\" data-end=\"1474\">\n<p data-start=\"1271\" data-end=\"1346\">Autonome oder reversible K\u00fchleinheit, die Ihnen die Wartung erm\u00f6glicht:<\/p>\n<ul data-start=\"1349\" data-end=\"1474\">\n<li data-start=\"1349\" data-end=\"1408\">\n<p data-start=\"1351\" data-end=\"1408\">Positive Temperatur (+2\u00b0C bis +12\u00b0C) f\u00fcr frische Produkte<\/p>\n<\/li>\n<li data-start=\"1411\" data-end=\"1474\">\n<p data-start=\"1413\" data-end=\"1474\">Negative Temperatur (-18\u00a0\u00b0C bis -25\u00a0\u00b0C) f\u00fcr Tiefk\u00fchlprodukte<\/p>\n<\/li>\n<\/ul>\n<\/li>\n<li data-start=\"1475\" data-end=\"1569\">\n<p data-start=\"1477\" data-end=\"1569\">Digitales Bedienfeld f\u00fcr pr\u00e4zise Temperaturregelung und -\u00fcberwachung.<\/p>\n<\/li>\n<li data-start=\"1570\" data-end=\"1650\">\n<p data-start=\"1572\" data-end=\"1650\">Zwangsluftzirkulation zur Homogenisierung der Temperatur im Inneren.<\/p>\n<\/li>\n<\/ul>\n<hr data-start=\"1652\" data-end=\"1655\" \/>\n<h2 data-start=\"1657\" data-end=\"1682\">Sicherheit und Wasserdichtigkeit<\/h2>\n<ul data-start=\"1684\" data-end=\"1911\">\n<li data-start=\"1684\" data-end=\"1761\">\n<p data-start=\"1686\" data-end=\"1761\">Wasserdichte zweifl\u00fcgelige T\u00fcren mit verst\u00e4rkten Gummidichtungen.<\/p>\n<\/li>\n<li data-start=\"1762\" data-end=\"1835\">\n<p data-start=\"1764\" data-end=\"1835\">Schutzklappe f\u00fcr Vorh\u00e4ngeschloss zur Sicherung Ihrer Waren.<\/p>\n<\/li>\n<li data-start=\"1762\" data-end=\"1835\">\n<p data-start=\"1764\" data-end=\"1835\">Hochleistungs-W\u00e4rmed\u00e4mmung aus 70 mm dickem Polyurethanschaum zur Vermeidung von Energieverlusten.<\/p>\n<\/li>\n<li data-start=\"1762\" data-end=\"1835\">\n<p data-start=\"1764\" data-end=\"1835\">K\u00e4ltemittel R134A<\/p>\n<\/li>\n<li data-start=\"1762\" data-end=\"1835\">\n<p data-start=\"1764\" data-end=\"1835\">380-V-Stromversorgung \u2013 3P-Buchse + 32A-Erde \u2013 Leistung 12 KW<\/p>\n<\/li>\n<\/ul>\n<hr data-start=\"1913\" data-end=\"1916\" \/>\n<h2 data-start=\"1918\" data-end=\"1947\">Handhabung und Umzug<\/h2>\n<ul data-start=\"1949\" data-end=\"2123\">\n<li data-start=\"1949\" data-end=\"2019\">\n<p data-start=\"1951\" data-end=\"2019\"><strong data-start=\"1951\" data-end=\"1959\">Kran<\/strong>: 4 Dachanschl\u00fcsse f\u00fcr Hebehaken oder Schlingen<\/p>\n<\/li>\n<li data-start=\"2020\" data-end=\"2090\">\n<p data-start=\"2022\" data-end=\"2090\"><strong data-start=\"2022\" data-end=\"2043\">Gabelstapler<\/strong>: integrierter Gabeldurchlass, Achsabstand 90 cm<\/p>\n<\/li>\n<li data-start=\"2091\" data-end=\"2123\">\n<p data-start=\"2093\" data-end=\"2123\"><strong data-start=\"2093\" data-end=\"2109\">Leergewicht<\/strong>: ~3.500 kg<\/p>\n<\/li>\n<\/ul>\n<hr data-start=\"2125\" data-end=\"2128\" \/>\n<h2 data-start=\"2130\" data-end=\"2189\">Abmessungen des 20-Fu\u00df-K\u00fchlcontainers \u2013 verwendet<\/h2>\n<div class=\"TyagGW_tableContainer\">\n<div class=\"group TyagGW_tableWrapper flex flex-col-reverse w-fit\">\n<table class=\"w-fit min-w-(--thread-content-width)\" data-start=\"2191\" data-end=\"2570\">\n<thead data-start=\"2191\" data-end=\"2238\">\n<tr data-start=\"2191\" data-end=\"2238\">\n<th data-start=\"2191\" data-end=\"2209\" data-col-size=\"sm\">FEATURE<\/th>\n<th data-start=\"2209\" data-end=\"2238\" data-col-size=\"sm\">UNGEF\u00c4HRE ABMESSUNGEN<\/th>\n<\/tr>\n<\/thead>\n<tbody data-start=\"2286\" data-end=\"2570\">\n<tr data-start=\"2286\" data-end=\"2318\">\n<td data-start=\"2286\" data-end=\"2308\" data-col-size=\"sm\">Innenl\u00e4nge<\/td>\n<td data-col-size=\"sm\" data-start=\"2308\" data-end=\"2318\">5,90 m<\/td>\n<\/tr>\n<tr data-start=\"2319\" data-end=\"2351\">\n<td data-start=\"2319\" data-end=\"2341\" data-col-size=\"sm\">\u00c4u\u00dfere L\u00e4nge<\/td>\n<td data-col-size=\"sm\" data-start=\"2341\" data-end=\"2351\">6,06 m<\/td>\n<\/tr>\n<tr data-start=\"2352\" data-end=\"2383\">\n<td data-start=\"2352\" data-end=\"2373\" data-col-size=\"sm\">Innenbreite<\/td>\n<td data-col-size=\"sm\" data-start=\"2373\" data-end=\"2383\">2,35 m<\/td>\n<\/tr>\n<tr data-start=\"2384\" data-end=\"2415\">\n<td data-start=\"2384\" data-end=\"2405\" data-col-size=\"sm\">Au\u00dfenbreite<\/td>\n<td data-col-size=\"sm\" data-start=\"2405\" data-end=\"2415\">2,44 m<\/td>\n<\/tr>\n<tr data-start=\"2416\" data-end=\"2447\">\n<td data-start=\"2416\" data-end=\"2437\" data-col-size=\"sm\">Innenh\u00f6he<\/td>\n<td data-col-size=\"sm\" data-start=\"2437\" data-end=\"2447\">2,25 m<\/td>\n<\/tr>\n<tr data-start=\"2448\" data-end=\"2479\">\n<td data-start=\"2448\" data-end=\"2469\" data-col-size=\"sm\">Au\u00dfenh\u00f6he<\/td>\n<td data-col-size=\"sm\" data-start=\"2469\" data-end=\"2479\">2,59 m<\/td>\n<\/tr>\n<tr data-start=\"2480\" data-end=\"2512\">\n<td data-start=\"2480\" data-end=\"2501\" data-col-size=\"sm\">Innenfl\u00e4che<\/td>\n<td data-col-size=\"sm\" data-start=\"2501\" data-end=\"2512\">13,3 m\u00b2<\/td>\n<\/tr>\n<tr data-start=\"2513\" data-end=\"2541\">\n<td data-start=\"2513\" data-end=\"2530\" data-col-size=\"sm\">Grundfl\u00e4che<\/td>\n<td data-col-size=\"sm\" data-start=\"2530\" data-end=\"2541\">14,3 m\u00b2<\/td>\n<\/tr>\n<tr data-start=\"2542\" data-end=\"2570\">\n<td data-start=\"2542\" data-end=\"2561\" data-col-size=\"sm\">Innenvolumen<\/td>\n<td data-start=\"2561\" data-end=\"2570\" data-col-size=\"sm\">30 m\u00b3<\/td>\n<\/tr>\n<\/tbody>\n<\/table>\n<\/div>\n<\/div>\n<hr data-start=\"2572\" data-end=\"2575\" \/>\n<h2 data-start=\"2577\" data-end=\"2588\">Kapazit\u00e4t<\/h2>\n<ul data-start=\"2590\" data-end=\"2736\">\n<li data-start=\"2590\" data-end=\"2659\">\n<p data-start=\"2592\" data-end=\"2659\"><strong data-start=\"2592\" data-end=\"2611\">Maximale Belastung<\/strong>: 28\u201330 Tonnen (je nach Boden und Ausstattung)<\/p>\n<\/li>\n<li data-start=\"2660\" data-end=\"2704\">\n<p data-start=\"2662\" data-end=\"2704\"><strong data-start=\"2662\" data-end=\"2691\">Nutzbares K\u00fchlvolumen<\/strong>: 28\u201330 m\u00b3<\/p>\n<\/li>\n<li data-start=\"2705\" data-end=\"2736\">\n<p data-start=\"2707\" data-end=\"2736\"><strong data-start=\"2707\" data-end=\"2726\">Europapaletten<\/strong>: 20\u201322<\/p>\n<\/li>\n<\/ul>\n<hr data-start=\"2738\" data-end=\"2741\" \/>\n<h2 data-start=\"2743\" data-end=\"2765\">Verf\u00fcgbare Optionen<\/h2>\n<ul data-start=\"2767\" data-end=\"3021\">\n<li data-start=\"2767\" data-end=\"2810\">\n<p data-start=\"2769\" data-end=\"2810\">Autonome oder externe K\u00fchleinheit<\/p>\n<\/li>\n<li data-start=\"2811\" data-end=\"2848\">\n<p data-start=\"2813\" data-end=\"2848\">Digitale Temperaturregelung<\/p>\n<\/li>\n<li data-start=\"2849\" data-end=\"2888\">\n<p data-start=\"2851\" data-end=\"2888\">Edelstahl- oder verst\u00e4rkter Aluminiumboden<\/p>\n<\/li>\n<li data-start=\"2889\" data-end=\"2927\">\n<p data-start=\"2891\" data-end=\"2927\">Zusatz- oder Seitent\u00fcren<\/p>\n<\/li>\n<li data-start=\"2928\" data-end=\"2973\">\n<p data-start=\"2930\" data-end=\"2973\">Benutzerdefinierte Farben gem\u00e4\u00df RAL-Palette<\/p>\n<\/li>\n<li data-start=\"2974\" data-end=\"3021\">\n<p data-start=\"2976\" data-end=\"3021\">Vorh\u00e4ngeschl\u00f6sser und elektronisches Sicherheitssystem<\/p>\n<\/li>\n<\/ul>\n<hr data-start=\"3023\" data-end=\"3026\" \/>\n<h2 data-start=\"3028\" data-end=\"3045\">\u2705 Highlights<\/h2>\n<ul data-start=\"3047\" data-end=\"3420\">\n<li data-start=\"3047\" data-end=\"3109\">\n<p data-start=\"3049\" data-end=\"3109\"><strong data-start=\"3049\" data-end=\"3080\">Neueste und \u00fcberarbeitete Verwendung<\/strong>: Leistung und Zuverl\u00e4ssigkeit<\/p>\n<\/li>\n<li data-start=\"3110\" data-end=\"3174\">\n<p data-start=\"3112\" data-end=\"3174\"><strong data-start=\"3112\" data-end=\"3137\">Hochleistungsisolierung<\/strong>: Pr\u00e4zise Temperaturhaltung<\/p>\n<\/li>\n<li data-start=\"3175\" data-end=\"3233\">\n<p data-start=\"3177\" data-end=\"3233\"><strong data-start=\"3177\" data-end=\"3202\">Temperaturgesteuert<\/strong>: frische oder gefrorene Produkte<\/p>\n<\/li>\n<li data-start=\"3234\" data-end=\"3297\">\n<p data-start=\"3236\" data-end=\"3297\"><strong data-start=\"3236\" data-end=\"3258\">Robust und langlebig<\/strong>: Stahlrahmen + verst\u00e4rkter Boden<\/p>\n<\/li>\n<li data-start=\"3298\" data-end=\"3352\">\n<p data-start=\"3300\" data-end=\"3352\"><strong data-start=\"3300\" data-end=\"3322\">Einfache Handhabung<\/strong>: Kran oder Gabelstapler<\/p>\n<\/li>\n<li data-start=\"3353\" data-end=\"3420\">\n<p data-start=\"3355\" data-end=\"3420\"><strong data-start=\"3355\" data-end=\"3378\">Sicher und wasserdicht<\/strong>: isolierende T\u00fcren + Vorh\u00e4ngeschlossklappe<\/p>\n<\/li>\n<\/ul>\n","protected":false},"excerpt":{"rendered":"<p>Gebrauchter 20-Fu\u00df-K\u00fchlcontainer (Reefer), komplett \u00fcberholt, ideal f\u00fcr die Lagerung oder den Transport von temperaturgef\u00fchrten Produkten. Robust, wasserdicht und isoliert, garantiert es die Aufbewahrung frischer oder gefrorener Produkte (Lebensmittel, Arzneimittel oder empfindliche Produkte) bei kontrollierter Temperatur und zu einem hervorragenden Preis-Leistungs-Verh\u00e4ltnis.<\/p>\n","protected":false},"featured_media":13923,"comment_status":"open","ping_status":"closed","template":"","meta":[],"product_brand":[],"product_cat":[349,347],"product_tag":[],"class_list":{"0":"post-13825","1":"product","2":"type-product","3":"status-publish","4":"has-post-thumbnail","6":"product_cat-kuehllager","7":"product_cat-unsere-container","9":"first","10":"instock","11":"shipping-taxable","12":"purchasable","13":"product-type-simple"},"yoast_head":"<!-- This site is optimized with the Yoast SEO plugin v27.4 - https:\/\/yoast.com\/product\/yoast-seo-wordpress\/ -->\n<title>20 Fu\u00df K\u00dcHLCONTAINER \u2013 GEBRAUCHT<\/title>\n<meta name=\"description\" content=\"Gebrauchter 20-Fu\u00df-K\u00fchlcontainer (Reefer), komplett \u00fcberholt, ideal f\u00fcr die Lagerung oder den Transport von temperaturgef\u00fchrten Produkten. Robust, wasserdicht und isoliert, garantiert es die Aufbewahrung frischer oder gefrorener Produkte (Lebensmittel, Arzneimittel oder empfindliche Produkte) bei kontrollierter Temperatur und zu einem hervorragenden Preis-Leistungs-Verh\u00e4ltnis.\" \/>\n<meta name=\"robots\" content=\"index, follow, max-snippet:-1, max-image-preview:large, max-video-preview:-1\" \/>\n<link rel=\"canonical\" href=\"https:\/\/sagrinex.com\/produit\/conteneur-frigorifique-20-pieds-occasions\/\" \/>\n<meta property=\"og:locale\" content=\"de_DE\" \/>\n<meta property=\"og:type\" content=\"article\" \/>\n<meta property=\"og:title\" content=\"20 Fu\u00df K\u00dcHLCONTAINER \u2013 GEBRAUCHT\" \/>\n<meta property=\"og:description\" content=\"Gebrauchter 20-Fu\u00df-K\u00fchlcontainer (Reefer), komplett \u00fcberholt, ideal f\u00fcr die Lagerung oder den Transport von temperaturgef\u00fchrten Produkten. Robust, wasserdicht und isoliert, garantiert es die Aufbewahrung frischer oder gefrorener Produkte (Lebensmittel, Arzneimittel oder empfindliche Produkte) bei kontrollierter Temperatur und zu einem hervorragenden Preis-Leistungs-Verh\u00e4ltnis.\" \/>\n<meta property=\"og:url\" content=\"https:\/\/sagrinex.com\/produit\/conteneur-frigorifique-20-pieds-occasions\/\" \/>\n<meta property=\"og:site_name\" content=\"Sagrinex \u2013 Anhaenger, Container &amp; Landtechnik \ud83c\udf3e\ud83d\ude9c\" \/>\n<meta property=\"article:modified_time\" content=\"2026-04-15T21:12:07+00:00\" \/>\n<meta property=\"og:image\" content=\"https:\/\/sagrinex.com\/wp-content\/uploads\/2026\/03\/Image-304-2.jpeg\" \/>\n\t<meta property=\"og:image:width\" content=\"1065\" \/>\n\t<meta property=\"og:image:height\" content=\"960\" \/>\n\t<meta property=\"og:image:type\" content=\"image\/jpeg\" \/>\n<meta name=\"twitter:card\" content=\"summary_large_image\" \/>\n<meta name=\"twitter:label1\" content=\"Gesch\u00e4tzte Lesezeit\" \/>\n\t<meta name=\"twitter:data1\" content=\"2\u00a0Minuten\" \/>\n<script type=\"application\/ld+json\" class=\"yoast-schema-graph\">{\"@context\":\"https:\\\/\\\/schema.org\",\"@graph\":[{\"@type\":\"WebPage\",\"@id\":\"https:\\\/\\\/sagrinex.com\\\/produit\\\/conteneur-frigorifique-20-pieds-occasions\\\/\",\"url\":\"https:\\\/\\\/sagrinex.com\\\/produit\\\/conteneur-frigorifique-20-pieds-occasions\\\/\",\"name\":\"20 Fu\u00df K\u00dcHLCONTAINER \u2013 GEBRAUCHT\",\"isPartOf\":{\"@id\":\"https:\\\/\\\/sagrinex.com\\\/#website\"},\"primaryImageOfPage\":{\"@id\":\"https:\\\/\\\/sagrinex.com\\\/produit\\\/conteneur-frigorifique-20-pieds-occasions\\\/#primaryimage\"},\"image\":{\"@id\":\"https:\\\/\\\/sagrinex.com\\\/produit\\\/conteneur-frigorifique-20-pieds-occasions\\\/#primaryimage\"},\"thumbnailUrl\":\"https:\\\/\\\/sagrinex.com\\\/wp-content\\\/uploads\\\/2026\\\/03\\\/Image-304-2.jpeg\",\"datePublished\":\"2026-03-16T11:22:21+00:00\",\"dateModified\":\"2026-04-15T21:12:07+00:00\",\"description\":\"Gebrauchter 20-Fu\u00df-K\u00fchlcontainer (Reefer), komplett \u00fcberholt, ideal f\u00fcr die Lagerung oder den Transport von temperaturgef\u00fchrten Produkten. Robust, wasserdicht und isoliert, garantiert es die Aufbewahrung frischer oder gefrorener Produkte (Lebensmittel, Arzneimittel oder empfindliche Produkte) bei kontrollierter Temperatur und zu einem hervorragenden Preis-Leistungs-Verh\u00e4ltnis.\",\"breadcrumb\":{\"@id\":\"https:\\\/\\\/sagrinex.com\\\/produit\\\/conteneur-frigorifique-20-pieds-occasions\\\/#breadcrumb\"},\"inLanguage\":\"de\",\"potentialAction\":[{\"@type\":\"ReadAction\",\"target\":[\"https:\\\/\\\/sagrinex.com\\\/produit\\\/conteneur-frigorifique-20-pieds-occasions\\\/\"]}]},{\"@type\":\"ImageObject\",\"inLanguage\":\"de\",\"@id\":\"https:\\\/\\\/sagrinex.com\\\/produit\\\/conteneur-frigorifique-20-pieds-occasions\\\/#primaryimage\",\"url\":\"https:\\\/\\\/sagrinex.com\\\/wp-content\\\/uploads\\\/2026\\\/03\\\/Image-304-2.jpeg\",\"contentUrl\":\"https:\\\/\\\/sagrinex.com\\\/wp-content\\\/uploads\\\/2026\\\/03\\\/Image-304-2.jpeg\",\"width\":1065,\"height\":960},{\"@type\":\"BreadcrumbList\",\"@id\":\"https:\\\/\\\/sagrinex.com\\\/produit\\\/conteneur-frigorifique-20-pieds-occasions\\\/#breadcrumb\",\"itemListElement\":[{\"@type\":\"ListItem\",\"position\":1,\"name\":\"Accueil\",\"item\":\"https:\\\/\\\/sagrinex.com\\\/?lang=de\"},{\"@type\":\"ListItem\",\"position\":2,\"name\":\"Shop\",\"item\":\"https:\\\/\\\/sagrinex.com\\\/shop\\\/\"},{\"@type\":\"ListItem\",\"position\":3,\"name\":\"20 Fu\u00df K\u00dchlcontainer \u2013 Gebraucht\"}]},{\"@type\":\"WebSite\",\"@id\":\"https:\\\/\\\/sagrinex.com\\\/#website\",\"url\":\"https:\\\/\\\/sagrinex.com\\\/\",\"name\":\"Sagrinex \u2013 Spezialist f\u00fcr Anh\u00e4nger, Container & Landtechnik\",\"description\":\"Anhaenger, Container &amp; Landtechnik \u2014 Online-Verkauf &amp; kostenloses Angebot\",\"publisher\":{\"@id\":\"https:\\\/\\\/sagrinex.com\\\/#organization\"},\"potentialAction\":[{\"@type\":\"SearchAction\",\"target\":{\"@type\":\"EntryPoint\",\"urlTemplate\":\"https:\\\/\\\/sagrinex.com\\\/?s={search_term_string}\"},\"query-input\":{\"@type\":\"PropertyValueSpecification\",\"valueRequired\":true,\"valueName\":\"search_term_string\"}}],\"inLanguage\":\"de\"},{\"@type\":\"Organization\",\"@id\":\"https:\\\/\\\/sagrinex.com\\\/#organization\",\"name\":\"Sagrinex \u2013 Remorques, Conteneurs & Mat\u00e9riel Agricole\",\"url\":\"https:\\\/\\\/sagrinex.com\\\/\",\"logo\":{\"@type\":\"ImageObject\",\"inLanguage\":\"de\",\"@id\":\"https:\\\/\\\/sagrinex.com\\\/#\\\/schema\\\/logo\\\/image\\\/\",\"url\":\"https:\\\/\\\/sagrinex.com\\\/wp-content\\\/uploads\\\/2026\\\/03\\\/7f1ac463-ef5a-425d-bdd6-a5da03a334a9-1024x683.png\",\"contentUrl\":\"https:\\\/\\\/sagrinex.com\\\/wp-content\\\/uploads\\\/2026\\\/03\\\/7f1ac463-ef5a-425d-bdd6-a5da03a334a9-1024x683.png\",\"width\":1024,\"height\":683,\"caption\":\"Sagrinex \u2013 Remorques, Conteneurs & Mat\u00e9riel Agricole\"},\"image\":{\"@id\":\"https:\\\/\\\/sagrinex.com\\\/#\\\/schema\\\/logo\\\/image\\\/\"}}]}<\/script>\n<!-- \/ Yoast SEO plugin. -->","yoast_head_json":{"title":"20 Fu\u00df K\u00dcHLCONTAINER \u2013 GEBRAUCHT","description":"Gebrauchter 20-Fu\u00df-K\u00fchlcontainer (Reefer), komplett \u00fcberholt, ideal f\u00fcr die Lagerung oder den Transport von temperaturgef\u00fchrten Produkten. Robust, wasserdicht und isoliert, garantiert es die Aufbewahrung frischer oder gefrorener Produkte (Lebensmittel, Arzneimittel oder empfindliche Produkte) bei kontrollierter Temperatur und zu einem hervorragenden Preis-Leistungs-Verh\u00e4ltnis.","robots":{"index":"index","follow":"follow","max-snippet":"max-snippet:-1","max-image-preview":"max-image-preview:large","max-video-preview":"max-video-preview:-1"},"canonical":"https:\/\/sagrinex.com\/produit\/conteneur-frigorifique-20-pieds-occasions\/","og_locale":"de_DE","og_type":"article","og_title":"20 Fu\u00df K\u00dcHLCONTAINER \u2013 GEBRAUCHT","og_description":"Gebrauchter 20-Fu\u00df-K\u00fchlcontainer (Reefer), komplett \u00fcberholt, ideal f\u00fcr die Lagerung oder den Transport von temperaturgef\u00fchrten Produkten. Robust, wasserdicht und isoliert, garantiert es die Aufbewahrung frischer oder gefrorener Produkte (Lebensmittel, Arzneimittel oder empfindliche Produkte) bei kontrollierter Temperatur und zu einem hervorragenden Preis-Leistungs-Verh\u00e4ltnis.","og_url":"https:\/\/sagrinex.com\/produit\/conteneur-frigorifique-20-pieds-occasions\/","og_site_name":"Sagrinex \u2013 Anhaenger, Container &amp; Landtechnik \ud83c\udf3e\ud83d\ude9c","article_modified_time":"2026-04-15T21:12:07+00:00","og_image":[{"width":1065,"height":960,"url":"https:\/\/sagrinex.com\/wp-content\/uploads\/2026\/03\/Image-304-2.jpeg","type":"image\/jpeg"}],"twitter_card":"summary_large_image","twitter_misc":{"Gesch\u00e4tzte Lesezeit":"2\u00a0Minuten"},"schema":{"@context":"https:\/\/schema.org","@graph":[{"@type":"WebPage","@id":"https:\/\/sagrinex.com\/produit\/conteneur-frigorifique-20-pieds-occasions\/","url":"https:\/\/sagrinex.com\/produit\/conteneur-frigorifique-20-pieds-occasions\/","name":"20 Fu\u00df K\u00dcHLCONTAINER \u2013 GEBRAUCHT","isPartOf":{"@id":"https:\/\/sagrinex.com\/#website"},"primaryImageOfPage":{"@id":"https:\/\/sagrinex.com\/produit\/conteneur-frigorifique-20-pieds-occasions\/#primaryimage"},"image":{"@id":"https:\/\/sagrinex.com\/produit\/conteneur-frigorifique-20-pieds-occasions\/#primaryimage"},"thumbnailUrl":"https:\/\/sagrinex.com\/wp-content\/uploads\/2026\/03\/Image-304-2.jpeg","datePublished":"2026-03-16T11:22:21+00:00","dateModified":"2026-04-15T21:12:07+00:00","description":"Gebrauchter 20-Fu\u00df-K\u00fchlcontainer (Reefer), komplett \u00fcberholt, ideal f\u00fcr die Lagerung oder den Transport von temperaturgef\u00fchrten Produkten. Robust, wasserdicht und isoliert, garantiert es die Aufbewahrung frischer oder gefrorener Produkte (Lebensmittel, Arzneimittel oder empfindliche Produkte) bei kontrollierter Temperatur und zu einem hervorragenden Preis-Leistungs-Verh\u00e4ltnis.","breadcrumb":{"@id":"https:\/\/sagrinex.com\/produit\/conteneur-frigorifique-20-pieds-occasions\/#breadcrumb"},"inLanguage":"de","potentialAction":[{"@type":"ReadAction","target":["https:\/\/sagrinex.com\/produit\/conteneur-frigorifique-20-pieds-occasions\/"]}]},{"@type":"ImageObject","inLanguage":"de","@id":"https:\/\/sagrinex.com\/produit\/conteneur-frigorifique-20-pieds-occasions\/#primaryimage","url":"https:\/\/sagrinex.com\/wp-content\/uploads\/2026\/03\/Image-304-2.jpeg","contentUrl":"https:\/\/sagrinex.com\/wp-content\/uploads\/2026\/03\/Image-304-2.jpeg","width":1065,"height":960},{"@type":"BreadcrumbList","@id":"https:\/\/sagrinex.com\/produit\/conteneur-frigorifique-20-pieds-occasions\/#breadcrumb","itemListElement":[{"@type":"ListItem","position":1,"name":"Accueil","item":"https:\/\/sagrinex.com\/?lang=de"},{"@type":"ListItem","position":2,"name":"Shop","item":"https:\/\/sagrinex.com\/shop\/"},{"@type":"ListItem","position":3,"name":"20 Fu\u00df K\u00dchlcontainer \u2013 Gebraucht"}]},{"@type":"WebSite","@id":"https:\/\/sagrinex.com\/#website","url":"https:\/\/sagrinex.com\/","name":"Sagrinex \u2013 Spezialist f\u00fcr Anh\u00e4nger, Container & Landtechnik","description":"Anhaenger, Container &amp; Landtechnik \u2014 Online-Verkauf &amp; kostenloses Angebot","publisher":{"@id":"https:\/\/sagrinex.com\/#organization"},"potentialAction":[{"@type":"SearchAction","target":{"@type":"EntryPoint","urlTemplate":"https:\/\/sagrinex.com\/?s={search_term_string}"},"query-input":{"@type":"PropertyValueSpecification","valueRequired":true,"valueName":"search_term_string"}}],"inLanguage":"de"},{"@type":"Organization","@id":"https:\/\/sagrinex.com\/#organization","name":"Sagrinex \u2013 Remorques, Conteneurs & Mat\u00e9riel Agricole","url":"https:\/\/sagrinex.com\/","logo":{"@type":"ImageObject","inLanguage":"de","@id":"https:\/\/sagrinex.com\/#\/schema\/logo\/image\/","url":"https:\/\/sagrinex.com\/wp-content\/uploads\/2026\/03\/7f1ac463-ef5a-425d-bdd6-a5da03a334a9-1024x683.png","contentUrl":"https:\/\/sagrinex.com\/wp-content\/uploads\/2026\/03\/7f1ac463-ef5a-425d-bdd6-a5da03a334a9-1024x683.png","width":1024,"height":683,"caption":"Sagrinex \u2013 Remorques, Conteneurs & Mat\u00e9riel Agricole"},"image":{"@id":"https:\/\/sagrinex.com\/#\/schema\/logo\/image\/"}}]}},"jetpack_sharing_enabled":true,"_links":{"self":[{"href":"https:\/\/sagrinex.com\/de\/wp-json\/wp\/v2\/product\/13825","targetHints":{"allow":["GET"]}}],"collection":[{"href":"https:\/\/sagrinex.com\/de\/wp-json\/wp\/v2\/product"}],"about":[{"href":"https:\/\/sagrinex.com\/de\/wp-json\/wp\/v2\/types\/product"}],"replies":[{"embeddable":true,"href":"https:\/\/sagrinex.com\/de\/wp-json\/wp\/v2\/comments?post=13825"}],"version-history":[{"count":0,"href":"https:\/\/sagrinex.com\/de\/wp-json\/wp\/v2\/product\/13825\/revisions"}],"wp:featuredmedia":[{"embeddable":true,"href":"https:\/\/sagrinex.com\/de\/wp-json\/wp\/v2\/media\/13923"}],"wp:attachment":[{"href":"https:\/\/sagrinex.com\/de\/wp-json\/wp\/v2\/media?parent=13825"}],"wp:term":[{"taxonomy":"product_brand","embeddable":true,"href":"https:\/\/sagrinex.com\/de\/wp-json\/wp\/v2\/product_brand?post=13825"},{"taxonomy":"product_cat","embeddable":true,"href":"https:\/\/sagrinex.com\/de\/wp-json\/wp\/v2\/product_cat?post=13825"},{"taxonomy":"product_tag","embeddable":true,"href":"https:\/\/sagrinex.com\/de\/wp-json\/wp\/v2\/product_tag?post=13825"}],"curies":[{"name":"wp","href":"https:\/\/api.w.org\/{rel}","templated":true}]}}