{"id":13826,"date":"2026-03-17T17:38:42","date_gmt":"2026-03-17T17:38:42","guid":{"rendered":"https:\/\/sagrinex.com\/produit\/versenkbare-bootsanhaenger-sun-way-d2416-ptac-1600kg-rollen-kit-1-gebremste-achse\/"},"modified":"2026-04-15T21:12:07","modified_gmt":"2026-04-15T21:12:07","slug":"versenkbare-bootsanhaenger-sun-way-d2416-ptac-1600kg-rollen-kit-1-gebremste-achse","status":"publish","type":"product","link":"https:\/\/sagrinex.com\/de\/produit\/versenkbare-bootsanhaenger-sun-way-d2416-ptac-1600kg-rollen-kit-1-gebremste-achse\/","title":{"rendered":"Versenkbare Bootsanh\u00c4nger Sun Way &#8211; D2416 &#8211; Zgg : 1600KG &#8211; Rollen-kit &#8211; 1 Gebremste Achse"},"content":{"rendered":"<p>Der <strong>versenkbare Bootstrailer SUN WAY D2416<\/strong> ist darauf ausgelegt, das Zu-Wasser-Lassen und Aus-dem-Wasser-Holen Ihres Bootes zu erleichtern. Geeignet f\u00fcr <strong>V-R\u00fcmpfe<\/strong>, <strong>Jollen<\/strong> und <strong>Schlauchboote<\/strong>, kann er Wasserfahrzeuge bis zu <strong>6,8 Meter L\u00e4nge<\/strong> aufnehmen. Sein zGG ist von 1600 kg auf 1300 kg reduzierbar und bietet gro\u00dfe Flexibilit\u00e4t je nach Ihren Bed\u00fcrfnissen.<\/p>\n<ul>\n<li><strong>zGG:<\/strong> 1300\/1400\/1500\/1600 kg<\/li>\n<li><strong>Leergewicht:<\/strong> 440 kg<\/li>\n<li><strong>Nutzlast:<\/strong> bis zu 1160 kg<\/li>\n<li><strong>Au\u00dfenabmessungen:<\/strong> 657 x 221 x H76 cm<\/li>\n<li><strong>Maximale Bootsl\u00e4nge:<\/strong> 6,8 m<\/li>\n<li><strong>Deichsel:<\/strong> V-f\u00f6rmig, hei\u00dfverzinkt<\/li>\n<li><strong>Gebremste Kupplung:<\/strong> Ja<\/li>\n<li><strong>Fahrgestell:<\/strong> hei\u00dfverzinkt<\/li>\n<li><strong>R\u00e4der:<\/strong> 195\/70R15C<\/li>\n<li><strong>Gleitkufen-Set<\/strong><\/li>\n<\/ul>\n<p>Dieser <strong>Anh\u00e4nger<\/strong> ist mit einer <strong>gebremsten Autoflex waterproof Achse<\/strong> mit Trommeln und dichten Naben im <strong>Fettbad<\/strong> ausgestattet, die ausgezeichnete Zuverl\u00e4ssigkeit und vereinfachte Wartung gew\u00e4hrleistet.<\/p>\n<p>Die <strong>wasserdichten LED-Leuchten<\/strong> sorgen f\u00fcr optimale Sichtbarkeit unter allen Umst\u00e4nden und erh\u00f6hte Langlebigkeit. Ihre wasserdichte Konstruktion erm\u00f6glicht vollst\u00e4ndiges Eintauchen beim Zu-Wasser-Lassen, ohne Besch\u00e4digungsrisiko.<\/p>\n<p>Die <strong>Kotfl\u00fcgel<\/strong> und <strong>Edelstahl-Beschl\u00e4ge<\/strong> bieten au\u00dfergew\u00f6hnliche Korrosionsbest\u00e4ndigkeit und verl\u00e4ngern so die Lebensdauer des Anh\u00e4ngers, auch in Meeresumgebung. Diese Robustheit garantiert eine sorgenfreie und langanhaltende Nutzung.<\/p>\n<p>Die selbstbremsende Zweigang-Winde, kombiniert mit einer verstellbaren Windenhalterung und einem Buganschlag mit 3D-Verstellung, erleichtert die Lade- und Entladevorg\u00e4nge des Bootes erheblich. Diese Konfiguration erm\u00f6glicht eine pr\u00e4zise Anpassung f\u00fcr verschiedene R\u00fcmpfe.<\/p>\n<ul>\n<li>Gleitkufen-Set<\/li>\n<li>Stufen-Rumpf-Set<\/li>\n<li>Ersatzrad<\/li>\n<li>Ersatzradhalterung (am L\u00e4ngstr\u00e4ger oder seitlich am L\u00e4ngstr\u00e4ger)<\/li>\n<li>Steg-Set<\/li>\n<li>Elektrische Winde mit Aluminiumkasten<\/li>\n<li>Aluminiumfelgen-Set<\/li>\n<\/ul>\n<ul>\n<li>Wasserdichte LED-Leuchten<\/li>\n<li>Kotfl\u00fcgel und Beschl\u00e4ge aus Edelstahl<\/li>\n<li>Gebremste Autoflex waterproof Achse mit Trommeln und dichten Naben im Fettbad<\/li>\n<li>F\u00fcr den Stra\u00dfenverkehr zugelassen<\/li>\n<\/ul>\n<p>Mit der Wahl von Sagrinex profitieren Sie von anerkannter Expertise und einem engagierten Kundenservice. Wir bieten Anpassungsoptionen, um den Anh\u00e4nger an Ihre spezifischen Bed\u00fcrfnisse anzupassen und gew\u00e4hrleisten einen reaktionsschnellen Kundendienst f\u00fcr Ihre Seelenruhe.<\/p>\n<p>Dieser Anh\u00e4nger ist f\u00fcr den Stra\u00dfenverkehr zugelassen. Nach geltendem Recht muss ein Anh\u00e4nger mit einem <strong>zGG<\/strong> \u00fcber <strong>500 kg<\/strong> zugelassen werden und \u00fcber einen eigenen Fahrzeugschein verf\u00fcgen. Stellen Sie sicher, dass Sie die \u00f6rtlichen Vorschriften bei der Nutzung dieses Anh\u00e4ngers einhalten.<\/p>\n","protected":false},"excerpt":{"rendered":"<p>Absenkbarer Bootstrailer Sun Way D1616 mit Kufen-Kit, vorgesehen f\u00fcr V-R\u00fcmpfe, Jollen und Schlauchboote bis 6,8 m.<br \/>\nEntdrossel\u00adbares zGG von 1300 bis 1600 kg, Leergewicht 440 kg, Nutzlast bis 1160 kg, Au\u00dfenma\u00dfe 657 x 221 x H76 cm.<br \/>\nHei\u00dfverzinktes Fahrgestell und V-Deichsel, gebremste Autoflex-Achse wasserdicht mit Trommeln und dichten Naben im Fettbad.<br \/>\nR\u00e4der 195\/70R15C, wasserdichte LED-Leuchten, Kotfl\u00fcgel und Beschl\u00e4ge aus Edelstahl, 2-Gang-Winde selbstbremsend mit verstellbarer Halterung und 3D-verstellbarem Buganschlag.<\/p>\n","protected":false},"featured_media":13928,"comment_status":"open","ping_status":"closed","template":"","meta":[],"product_brand":[],"product_cat":[357,352],"product_tag":[],"class_list":{"0":"post-13826","1":"product","2":"type-product","3":"status-publish","4":"has-post-thumbnail","6":"product_cat-nautische-anhaenger","7":"product_cat-unsere-trailer","9":"first","10":"instock","11":"shipping-taxable","12":"purchasable","13":"product-type-simple"},"yoast_head":"<!-- This site is optimized with the Yoast SEO plugin v27.4 - https:\/\/yoast.com\/product\/yoast-seo-wordpress\/ -->\n<title>VERSENKBARE BOOTSANH\u00c4NGER SUN WAY - D2416 - PTAC : 1600KG - ROLLEN-KIT - 1 GEBREMSTE ACHSE<\/title>\n<meta name=\"description\" content=\"Tauchf\u00e4higer Bootstransportanh\u00e4nger Sun Way D1616 mit Kufen-Kit, vorgesehen f\u00fcr V-R\u00fcmpfe, Jollen und Schlauchboote bis 6,8 m. Abstufbares zGG von 1300 bis 1600 kg, Leergewicht 440 kg, Nutzlast bis 1160 kg, Au\u00dfenma\u00dfe 657 x 221 x H76 cm. Hei\u00dfverzinktes V-Fahrgestell und Deichsel, gebremste Autoflex-Achse wasserdicht mit Trommeln und dichten Fettbad-Naben. R\u00e4der 195\/70R15C, wasserdichte LED-Leuchten, Kotfl\u00fcgel und Beschl\u00e4ge aus Edelstahl, 2-Gang-Seilwinde selbstbremsend mit verstellbarer Halterung und 3D-verstellbarem Buganschlag.\" \/>\n<meta name=\"robots\" content=\"index, follow, max-snippet:-1, max-image-preview:large, max-video-preview:-1\" \/>\n<link rel=\"canonical\" href=\"https:\/\/sagrinex.com\/produit\/porte-bateau-immergeable-sun-way-d2416-ptac-1600kg-kit-rouleaux-1-essieu-freine\/\" \/>\n<meta property=\"og:locale\" content=\"de_DE\" \/>\n<meta property=\"og:type\" content=\"article\" \/>\n<meta property=\"og:title\" content=\"VERSENKBARE BOOTSANH\u00c4NGER SUN WAY - D2416 - PTAC : 1600KG - ROLLEN-KIT - 1 GEBREMSTE ACHSE\" \/>\n<meta property=\"og:description\" content=\"Tauchf\u00e4higer Bootstransportanh\u00e4nger Sun Way D1616 mit Kufen-Kit, vorgesehen f\u00fcr V-R\u00fcmpfe, Jollen und Schlauchboote bis 6,8 m. Abstufbares zGG von 1300 bis 1600 kg, Leergewicht 440 kg, Nutzlast bis 1160 kg, Au\u00dfenma\u00dfe 657 x 221 x H76 cm. Hei\u00dfverzinktes V-Fahrgestell und Deichsel, gebremste Autoflex-Achse wasserdicht mit Trommeln und dichten Fettbad-Naben. R\u00e4der 195\/70R15C, wasserdichte LED-Leuchten, Kotfl\u00fcgel und Beschl\u00e4ge aus Edelstahl, 2-Gang-Seilwinde selbstbremsend mit verstellbarer Halterung und 3D-verstellbarem Buganschlag.\" \/>\n<meta property=\"og:url\" content=\"https:\/\/sagrinex.com\/produit\/porte-bateau-immergeable-sun-way-d2416-ptac-1600kg-kit-rouleaux-1-essieu-freine\/\" \/>\n<meta property=\"og:site_name\" content=\"Sagrinex \u2013 Anhaenger, Container &amp; Landtechnik \ud83c\udf3e\ud83d\ude9c\" \/>\n<meta property=\"article:modified_time\" content=\"2026-04-15T21:12:07+00:00\" \/>\n<meta property=\"og:image\" content=\"https:\/\/sagrinex.com\/wp-content\/uploads\/2026\/03\/Image-89-4.jpeg\" \/>\n\t<meta property=\"og:image:width\" content=\"600\" \/>\n\t<meta property=\"og:image:height\" content=\"283\" \/>\n\t<meta property=\"og:image:type\" content=\"image\/jpeg\" \/>\n<meta name=\"twitter:card\" content=\"summary_large_image\" \/>\n<meta name=\"twitter:label1\" content=\"Gesch\u00e4tzte Lesezeit\" \/>\n\t<meta name=\"twitter:data1\" content=\"2\u00a0Minuten\" \/>\n<script type=\"application\/ld+json\" class=\"yoast-schema-graph\">{\"@context\":\"https:\\\/\\\/schema.org\",\"@graph\":[{\"@type\":\"WebPage\",\"@id\":\"https:\\\/\\\/sagrinex.com\\\/produit\\\/porte-bateau-immergeable-sun-way-d2416-ptac-1600kg-kit-rouleaux-1-essieu-freine\\\/\",\"url\":\"https:\\\/\\\/sagrinex.com\\\/produit\\\/porte-bateau-immergeable-sun-way-d2416-ptac-1600kg-kit-rouleaux-1-essieu-freine\\\/\",\"name\":\"VERSENKBARE BOOTSANH\u00c4NGER SUN WAY - D2416 - PTAC : 1600KG - ROLLEN-KIT - 1 GEBREMSTE ACHSE\",\"isPartOf\":{\"@id\":\"https:\\\/\\\/sagrinex.com\\\/#website\"},\"primaryImageOfPage\":{\"@id\":\"https:\\\/\\\/sagrinex.com\\\/produit\\\/porte-bateau-immergeable-sun-way-d2416-ptac-1600kg-kit-rouleaux-1-essieu-freine\\\/#primaryimage\"},\"image\":{\"@id\":\"https:\\\/\\\/sagrinex.com\\\/produit\\\/porte-bateau-immergeable-sun-way-d2416-ptac-1600kg-kit-rouleaux-1-essieu-freine\\\/#primaryimage\"},\"thumbnailUrl\":\"https:\\\/\\\/sagrinex.com\\\/wp-content\\\/uploads\\\/2026\\\/03\\\/Image-89-4.jpeg\",\"datePublished\":\"2026-03-17T17:38:42+00:00\",\"dateModified\":\"2026-04-15T21:12:07+00:00\",\"description\":\"Tauchf\u00e4higer Bootstransportanh\u00e4nger Sun Way D1616 mit Kufen-Kit, vorgesehen f\u00fcr V-R\u00fcmpfe, Jollen und Schlauchboote bis 6,8 m. Abstufbares zGG von 1300 bis 1600 kg, Leergewicht 440 kg, Nutzlast bis 1160 kg, Au\u00dfenma\u00dfe 657 x 221 x H76 cm. Hei\u00dfverzinktes V-Fahrgestell und Deichsel, gebremste Autoflex-Achse wasserdicht mit Trommeln und dichten Fettbad-Naben. R\u00e4der 195\\\/70R15C, wasserdichte LED-Leuchten, Kotfl\u00fcgel und Beschl\u00e4ge aus Edelstahl, 2-Gang-Seilwinde selbstbremsend mit verstellbarer Halterung und 3D-verstellbarem Buganschlag.\",\"breadcrumb\":{\"@id\":\"https:\\\/\\\/sagrinex.com\\\/produit\\\/porte-bateau-immergeable-sun-way-d2416-ptac-1600kg-kit-rouleaux-1-essieu-freine\\\/#breadcrumb\"},\"inLanguage\":\"de\",\"potentialAction\":[{\"@type\":\"ReadAction\",\"target\":[\"https:\\\/\\\/sagrinex.com\\\/produit\\\/porte-bateau-immergeable-sun-way-d2416-ptac-1600kg-kit-rouleaux-1-essieu-freine\\\/\"]}]},{\"@type\":\"ImageObject\",\"inLanguage\":\"de\",\"@id\":\"https:\\\/\\\/sagrinex.com\\\/produit\\\/porte-bateau-immergeable-sun-way-d2416-ptac-1600kg-kit-rouleaux-1-essieu-freine\\\/#primaryimage\",\"url\":\"https:\\\/\\\/sagrinex.com\\\/wp-content\\\/uploads\\\/2026\\\/03\\\/Image-89-4.jpeg\",\"contentUrl\":\"https:\\\/\\\/sagrinex.com\\\/wp-content\\\/uploads\\\/2026\\\/03\\\/Image-89-4.jpeg\",\"width\":600,\"height\":283},{\"@type\":\"BreadcrumbList\",\"@id\":\"https:\\\/\\\/sagrinex.com\\\/produit\\\/porte-bateau-immergeable-sun-way-d2416-ptac-1600kg-kit-rouleaux-1-essieu-freine\\\/#breadcrumb\",\"itemListElement\":[{\"@type\":\"ListItem\",\"position\":1,\"name\":\"Accueil\",\"item\":\"https:\\\/\\\/sagrinex.com\\\/?lang=de\"},{\"@type\":\"ListItem\",\"position\":2,\"name\":\"Shop\",\"item\":\"https:\\\/\\\/sagrinex.com\\\/shop\\\/\"},{\"@type\":\"ListItem\",\"position\":3,\"name\":\"Versenkbare Bootsanh\u00c4nger Sun Way &#8211; D2416 &#8211; Zgg : 1600KG &#8211; Rollen-kit &#8211; 1 Gebremste Achse\"}]},{\"@type\":\"WebSite\",\"@id\":\"https:\\\/\\\/sagrinex.com\\\/#website\",\"url\":\"https:\\\/\\\/sagrinex.com\\\/\",\"name\":\"Sagrinex \u2013 Spezialist f\u00fcr Anh\u00e4nger, Container & Landtechnik\",\"description\":\"Anhaenger, Container &amp; Landtechnik \u2014 Online-Verkauf &amp; kostenloses Angebot\",\"publisher\":{\"@id\":\"https:\\\/\\\/sagrinex.com\\\/#organization\"},\"potentialAction\":[{\"@type\":\"SearchAction\",\"target\":{\"@type\":\"EntryPoint\",\"urlTemplate\":\"https:\\\/\\\/sagrinex.com\\\/?s={search_term_string}\"},\"query-input\":{\"@type\":\"PropertyValueSpecification\",\"valueRequired\":true,\"valueName\":\"search_term_string\"}}],\"inLanguage\":\"de\"},{\"@type\":\"Organization\",\"@id\":\"https:\\\/\\\/sagrinex.com\\\/#organization\",\"name\":\"Sagrinex \u2013 Remorques, Conteneurs & Mat\u00e9riel Agricole\",\"url\":\"https:\\\/\\\/sagrinex.com\\\/\",\"logo\":{\"@type\":\"ImageObject\",\"inLanguage\":\"de\",\"@id\":\"https:\\\/\\\/sagrinex.com\\\/#\\\/schema\\\/logo\\\/image\\\/\",\"url\":\"https:\\\/\\\/sagrinex.com\\\/wp-content\\\/uploads\\\/2026\\\/03\\\/7f1ac463-ef5a-425d-bdd6-a5da03a334a9-1024x683.png\",\"contentUrl\":\"https:\\\/\\\/sagrinex.com\\\/wp-content\\\/uploads\\\/2026\\\/03\\\/7f1ac463-ef5a-425d-bdd6-a5da03a334a9-1024x683.png\",\"width\":1024,\"height\":683,\"caption\":\"Sagrinex \u2013 Remorques, Conteneurs & Mat\u00e9riel Agricole\"},\"image\":{\"@id\":\"https:\\\/\\\/sagrinex.com\\\/#\\\/schema\\\/logo\\\/image\\\/\"}}]}<\/script>\n<!-- \/ Yoast SEO plugin. -->","yoast_head_json":{"title":"VERSENKBARE BOOTSANH\u00c4NGER SUN WAY - D2416 - PTAC : 1600KG - ROLLEN-KIT - 1 GEBREMSTE ACHSE","description":"Tauchf\u00e4higer Bootstransportanh\u00e4nger Sun Way D1616 mit Kufen-Kit, vorgesehen f\u00fcr V-R\u00fcmpfe, Jollen und Schlauchboote bis 6,8 m. Abstufbares zGG von 1300 bis 1600 kg, Leergewicht 440 kg, Nutzlast bis 1160 kg, Au\u00dfenma\u00dfe 657 x 221 x H76 cm. Hei\u00dfverzinktes V-Fahrgestell und Deichsel, gebremste Autoflex-Achse wasserdicht mit Trommeln und dichten Fettbad-Naben. R\u00e4der 195\/70R15C, wasserdichte LED-Leuchten, Kotfl\u00fcgel und Beschl\u00e4ge aus Edelstahl, 2-Gang-Seilwinde selbstbremsend mit verstellbarer Halterung und 3D-verstellbarem Buganschlag.","robots":{"index":"index","follow":"follow","max-snippet":"max-snippet:-1","max-image-preview":"max-image-preview:large","max-video-preview":"max-video-preview:-1"},"canonical":"https:\/\/sagrinex.com\/produit\/porte-bateau-immergeable-sun-way-d2416-ptac-1600kg-kit-rouleaux-1-essieu-freine\/","og_locale":"de_DE","og_type":"article","og_title":"VERSENKBARE BOOTSANH\u00c4NGER SUN WAY - D2416 - PTAC : 1600KG - ROLLEN-KIT - 1 GEBREMSTE ACHSE","og_description":"Tauchf\u00e4higer Bootstransportanh\u00e4nger Sun Way D1616 mit Kufen-Kit, vorgesehen f\u00fcr V-R\u00fcmpfe, Jollen und Schlauchboote bis 6,8 m. Abstufbares zGG von 1300 bis 1600 kg, Leergewicht 440 kg, Nutzlast bis 1160 kg, Au\u00dfenma\u00dfe 657 x 221 x H76 cm. Hei\u00dfverzinktes V-Fahrgestell und Deichsel, gebremste Autoflex-Achse wasserdicht mit Trommeln und dichten Fettbad-Naben. R\u00e4der 195\/70R15C, wasserdichte LED-Leuchten, Kotfl\u00fcgel und Beschl\u00e4ge aus Edelstahl, 2-Gang-Seilwinde selbstbremsend mit verstellbarer Halterung und 3D-verstellbarem Buganschlag.","og_url":"https:\/\/sagrinex.com\/produit\/porte-bateau-immergeable-sun-way-d2416-ptac-1600kg-kit-rouleaux-1-essieu-freine\/","og_site_name":"Sagrinex \u2013 Anhaenger, Container &amp; Landtechnik \ud83c\udf3e\ud83d\ude9c","article_modified_time":"2026-04-15T21:12:07+00:00","og_image":[{"width":600,"height":283,"url":"https:\/\/sagrinex.com\/wp-content\/uploads\/2026\/03\/Image-89-4.jpeg","type":"image\/jpeg"}],"twitter_card":"summary_large_image","twitter_misc":{"Gesch\u00e4tzte Lesezeit":"2\u00a0Minuten"},"schema":{"@context":"https:\/\/schema.org","@graph":[{"@type":"WebPage","@id":"https:\/\/sagrinex.com\/produit\/porte-bateau-immergeable-sun-way-d2416-ptac-1600kg-kit-rouleaux-1-essieu-freine\/","url":"https:\/\/sagrinex.com\/produit\/porte-bateau-immergeable-sun-way-d2416-ptac-1600kg-kit-rouleaux-1-essieu-freine\/","name":"VERSENKBARE BOOTSANH\u00c4NGER SUN WAY - D2416 - PTAC : 1600KG - ROLLEN-KIT - 1 GEBREMSTE ACHSE","isPartOf":{"@id":"https:\/\/sagrinex.com\/#website"},"primaryImageOfPage":{"@id":"https:\/\/sagrinex.com\/produit\/porte-bateau-immergeable-sun-way-d2416-ptac-1600kg-kit-rouleaux-1-essieu-freine\/#primaryimage"},"image":{"@id":"https:\/\/sagrinex.com\/produit\/porte-bateau-immergeable-sun-way-d2416-ptac-1600kg-kit-rouleaux-1-essieu-freine\/#primaryimage"},"thumbnailUrl":"https:\/\/sagrinex.com\/wp-content\/uploads\/2026\/03\/Image-89-4.jpeg","datePublished":"2026-03-17T17:38:42+00:00","dateModified":"2026-04-15T21:12:07+00:00","description":"Tauchf\u00e4higer Bootstransportanh\u00e4nger Sun Way D1616 mit Kufen-Kit, vorgesehen f\u00fcr V-R\u00fcmpfe, Jollen und Schlauchboote bis 6,8 m. Abstufbares zGG von 1300 bis 1600 kg, Leergewicht 440 kg, Nutzlast bis 1160 kg, Au\u00dfenma\u00dfe 657 x 221 x H76 cm. Hei\u00dfverzinktes V-Fahrgestell und Deichsel, gebremste Autoflex-Achse wasserdicht mit Trommeln und dichten Fettbad-Naben. R\u00e4der 195\/70R15C, wasserdichte LED-Leuchten, Kotfl\u00fcgel und Beschl\u00e4ge aus Edelstahl, 2-Gang-Seilwinde selbstbremsend mit verstellbarer Halterung und 3D-verstellbarem Buganschlag.","breadcrumb":{"@id":"https:\/\/sagrinex.com\/produit\/porte-bateau-immergeable-sun-way-d2416-ptac-1600kg-kit-rouleaux-1-essieu-freine\/#breadcrumb"},"inLanguage":"de","potentialAction":[{"@type":"ReadAction","target":["https:\/\/sagrinex.com\/produit\/porte-bateau-immergeable-sun-way-d2416-ptac-1600kg-kit-rouleaux-1-essieu-freine\/"]}]},{"@type":"ImageObject","inLanguage":"de","@id":"https:\/\/sagrinex.com\/produit\/porte-bateau-immergeable-sun-way-d2416-ptac-1600kg-kit-rouleaux-1-essieu-freine\/#primaryimage","url":"https:\/\/sagrinex.com\/wp-content\/uploads\/2026\/03\/Image-89-4.jpeg","contentUrl":"https:\/\/sagrinex.com\/wp-content\/uploads\/2026\/03\/Image-89-4.jpeg","width":600,"height":283},{"@type":"BreadcrumbList","@id":"https:\/\/sagrinex.com\/produit\/porte-bateau-immergeable-sun-way-d2416-ptac-1600kg-kit-rouleaux-1-essieu-freine\/#breadcrumb","itemListElement":[{"@type":"ListItem","position":1,"name":"Accueil","item":"https:\/\/sagrinex.com\/?lang=de"},{"@type":"ListItem","position":2,"name":"Shop","item":"https:\/\/sagrinex.com\/shop\/"},{"@type":"ListItem","position":3,"name":"Versenkbare Bootsanh\u00c4nger Sun Way &#8211; D2416 &#8211; Zgg : 1600KG &#8211; Rollen-kit &#8211; 1 Gebremste Achse"}]},{"@type":"WebSite","@id":"https:\/\/sagrinex.com\/#website","url":"https:\/\/sagrinex.com\/","name":"Sagrinex \u2013 Spezialist f\u00fcr Anh\u00e4nger, Container & Landtechnik","description":"Anhaenger, Container &amp; Landtechnik \u2014 Online-Verkauf &amp; kostenloses Angebot","publisher":{"@id":"https:\/\/sagrinex.com\/#organization"},"potentialAction":[{"@type":"SearchAction","target":{"@type":"EntryPoint","urlTemplate":"https:\/\/sagrinex.com\/?s={search_term_string}"},"query-input":{"@type":"PropertyValueSpecification","valueRequired":true,"valueName":"search_term_string"}}],"inLanguage":"de"},{"@type":"Organization","@id":"https:\/\/sagrinex.com\/#organization","name":"Sagrinex \u2013 Remorques, Conteneurs & Mat\u00e9riel Agricole","url":"https:\/\/sagrinex.com\/","logo":{"@type":"ImageObject","inLanguage":"de","@id":"https:\/\/sagrinex.com\/#\/schema\/logo\/image\/","url":"https:\/\/sagrinex.com\/wp-content\/uploads\/2026\/03\/7f1ac463-ef5a-425d-bdd6-a5da03a334a9-1024x683.png","contentUrl":"https:\/\/sagrinex.com\/wp-content\/uploads\/2026\/03\/7f1ac463-ef5a-425d-bdd6-a5da03a334a9-1024x683.png","width":1024,"height":683,"caption":"Sagrinex \u2013 Remorques, Conteneurs & Mat\u00e9riel Agricole"},"image":{"@id":"https:\/\/sagrinex.com\/#\/schema\/logo\/image\/"}}]}},"jetpack_sharing_enabled":true,"_links":{"self":[{"href":"https:\/\/sagrinex.com\/de\/wp-json\/wp\/v2\/product\/13826","targetHints":{"allow":["GET"]}}],"collection":[{"href":"https:\/\/sagrinex.com\/de\/wp-json\/wp\/v2\/product"}],"about":[{"href":"https:\/\/sagrinex.com\/de\/wp-json\/wp\/v2\/types\/product"}],"replies":[{"embeddable":true,"href":"https:\/\/sagrinex.com\/de\/wp-json\/wp\/v2\/comments?post=13826"}],"version-history":[{"count":0,"href":"https:\/\/sagrinex.com\/de\/wp-json\/wp\/v2\/product\/13826\/revisions"}],"wp:featuredmedia":[{"embeddable":true,"href":"https:\/\/sagrinex.com\/de\/wp-json\/wp\/v2\/media\/13928"}],"wp:attachment":[{"href":"https:\/\/sagrinex.com\/de\/wp-json\/wp\/v2\/media?parent=13826"}],"wp:term":[{"taxonomy":"product_brand","embeddable":true,"href":"https:\/\/sagrinex.com\/de\/wp-json\/wp\/v2\/product_brand?post=13826"},{"taxonomy":"product_cat","embeddable":true,"href":"https:\/\/sagrinex.com\/de\/wp-json\/wp\/v2\/product_cat?post=13826"},{"taxonomy":"product_tag","embeddable":true,"href":"https:\/\/sagrinex.com\/de\/wp-json\/wp\/v2\/product_tag?post=13826"}],"curies":[{"name":"wp","href":"https:\/\/api.w.org\/{rel}","templated":true}]}}