{"id":13827,"date":"2026-03-14T17:27:03","date_gmt":"2026-03-14T17:27:03","guid":{"rendered":"https:\/\/sagrinex.com\/produit\/verstaerkter-lider-mehrzweckanhaenger-aus-holz-1-gebremste-achse-gesamtgewicht-750-kg-251-x-133-cm\/"},"modified":"2026-04-15T21:12:07","modified_gmt":"2026-04-15T21:12:07","slug":"verstaerkter-lider-mehrzweckanhaenger-aus-holz-1-gebremste-achse-gesamtgewicht-750-kg-251-x-133-cm","status":"publish","type":"product","link":"https:\/\/sagrinex.com\/de\/produit\/verstaerkter-lider-mehrzweckanhaenger-aus-holz-1-gebremste-achse-gesamtgewicht-750-kg-251-x-133-cm\/","title":{"rendered":"Verst\u00c4rkter Lider-mehrzweckanh\u00c4nger aus Holz &#8211; 1 Gebremste Achse &#8211; Gesamtgewicht: 750 Kg &#8211; 251 X 133 Cm"},"content":{"rendered":"<p>Mit einem zul\u00e4ssigen Gesamtgewicht von 750 kg eignet sich dieser leichte Mehrzweck-Holzanh\u00e4nger ideal f\u00fcr kleine Renovierungsarbeiten, den Transport von Heimwerkerwerkzeugen und den Transport von Gr\u00fcnabf\u00e4llen.<\/p>\n<p>Sein<strong>kippbares<\/strong> System erm\u00f6glicht dem Benutzer ein vereinfachtes Be- und Entladen. Die Zurr\u00f6sen sorgen f\u00fcr die<strong>Sicherheit<\/strong>und die<strong>Stabilit\u00e4t<\/strong> Ihrer Ladung.<br \/>\nMit einem <strong>Chassis aus feuerverzinktem Stahl, verst\u00e4rkt durch <strong>Quertr\u00e4ger aus verzinktem Stahl<\/strong>, ausgestattet auch beim <strong>Robust 1300 Kg-Anh\u00e4nger<\/strong> der Marke Lider;\u00a0Der Boden verformt sich im Laufe der Zeit nicht und beh\u00e4lt seine urspr\u00fcngliche Robustheit.<\/p>\n<p>F\u00fcr dieses Modell stehen <strong>viele Optionen<\/strong> zur Verf\u00fcgung:<\/p>\n<ul>\n<li><strong>Flache Plane<\/strong> und <strong>80 cm hohe Plane<\/strong> (zum Schutz Ihrer Ladung vor Blicken von au\u00dfen oder schlechtem Wetter).<\/li>\n<li><strong>Ersatzrad + St\u00fctze<\/strong>(zur Vermeidung kleinerer Stra\u00dfenprobleme).<\/li>\n<li><strong>35 cm Lochblechverl\u00e4ngerungen<\/strong> (zur Verdoppelung der Nutzh\u00f6he des Korpus)<\/li>\n<li><strong>60-cm-Maschenverl\u00e4ngerungen<\/strong> (sehr n\u00fctzlich f\u00fcr die Gestaltung von Gr\u00fcnfl\u00e4chen und den Hin- und R\u00fcckweg zum Recyclingzentrum).<\/li>\n<li><strong>120 cm Achstr\u00e4ger + Heckst\u00e4nder<\/strong> (zur Vereinfachung der Verladung von Kleinfahrzeugen wie Motorr\u00e4dern, Quads, Rasenm\u00e4hern etc.)<\/li>\n<\/ul>\n<p><em><strong>F\u00fcr Holzgep\u00e4ck mit einem Gesamtgewicht von mehr als 500 kg ist die Erstellung eines Fahrzeugscheins erforderlich.<\/strong><\/em><\/p>\n<ul>\n<li>Holz<strong>rostet nicht<\/strong><\/li>\n<li>Verformt sich nicht bei St\u00f6\u00dfen<\/li>\n<li><strong>Leichter<\/strong> als ein Modell aus verst\u00e4rktem Stahl<\/li>\n<li>Der Preis<\/li>\n<li><strong>Umweltfreundliche Materialien<\/strong> umweltfreundlich.<\/li>\n<\/ul>\n<p>Alle unsere <strong>Lider-Gep\u00e4ckst\u00fccke<\/strong> werden in<strong>Frankreich<\/strong> zusammengebaut und strengen <strong>Tests und Versuchen<\/strong> unterzogen, um unseren Nutzern Qualit\u00e4t und eine zuverl\u00e4ssige und sichere Verwendung im Laufe der Zeit zu garantieren.<\/p>\n","protected":false},"excerpt":{"rendered":"<p>Dieser widerstandsf\u00e4hige, sichere und vielseitige Lider-Anh\u00e4nger ist ideal f\u00fcr kleine Renovierungsarbeiten oder den Transport von Werkzeugen. Nutzlast: 495 kg<\/p>\n<div class=\"mod_fa_customizablefields_v14_list\">\n<div class=\"mod_fa_champspersonnalisables_v14_titre\"><strong>Zul\u00e4ssiges Gesamtgewicht: <\/strong><span class=\"mod_fa_champspersonnalisables_v14_value\">750 kg<\/span><\/div>\n<\/div>\n<div class=\"mod_fa_customizablefields_v14_list\">\n<div class=\"mod_fa_champspersonnalisables_v14_titre\"><strong>Leermasse: <\/strong><span class=\"mod_fa_champspersonnalisables_v14_value\">255 kg<\/span><\/div>\n<\/div>\n<div class=\"mod_fa_customizablefields_v14_list\">\n<div class=\"mod_fa_champspersonnalisables_v14_titre\"><strong>Nutzlast: <\/strong><span class=\"mod_fa_champspersonnalisables_v14_value\">495 kg<\/span><\/div>\n<\/div>\n<div class=\"mod_fa_customizablefields_v14_list\">\n<div class=\"mod_fa_champspersonnalisables_v14_titre\"><strong>Nutzma\u00dfe: <\/strong><span class=\"mod_fa_champspersonnalisables_v14_value\">251 x 133 cm<\/span><\/div>\n<\/div>\n<div class=\"mod_fa_customizablefields_v14_list\">\n<div class=\"mod_fa_champspersonnalisables_v14_titre\"><strong>Achswiderstand(e): <\/strong><span class=\"mod_fa_champspersonnalisables_v14_value\">750 kg<\/span><\/div>\n<\/div>\n<div class=\"mod_fa_customizablefields_v14_list\">\n<div class=\"mod_fa_champspersonnalisables_v14_titre\"><strong>Pfeil: <\/strong><span class=\"mod_fa_champspersonnalisables_v14_value\">Verst\u00e4rkt und feuerverzinkt<\/span><\/div>\n<\/div>\n<div class=\"mod_fa_customizablefields_v14_list\">\n<div class=\"mod_fa_champspersonnalisables_v14_titre\"><strong>Rahmentyp: <\/strong><span class=\"mod_fa_champspersonnalisables_v14_valeur\">Verst\u00e4rkt und feuerverzinkt<\/span><\/div>\n<\/div>\n<div class=\"mod_fa_customizablefields_v14_list\">\n<div class=\"mod_fa_champspersonnalisables_v14_title\"><strong>R\u00e4der: <\/strong><span class=\"mod_fa_champspersonnalisables_v14_valeur\">155\/70R13<\/span><\/div>\n<\/div>\n<div class=\"mod_fa_customizablefields_v14_list\">\n<div class=\"mod_fa_champspersonalisables_v14_titre\"><strong>Ausstattung: <\/strong><span class=\"mod_fa_champspersonalisables_v14_valeur\">Verst\u00e4rkte Bordw\u00e4nde aus Holz 40 cm \/ Gel\u00e4nder an der Bordwand \/ am Boden befestigte Zurrringe \/ St\u00fctzrad \/ Schlammqualit\u00e4t aus kaltverzinktem Stahl \/ 1 gebremste Achse<\/span><\/div>\n<\/div>\n","protected":false},"featured_media":13930,"comment_status":"open","ping_status":"closed","template":"","meta":[],"product_brand":[],"product_cat":[353,352],"product_tag":[],"class_list":{"0":"post-13827","1":"product","2":"type-product","3":"status-publish","4":"has-post-thumbnail","6":"product_cat-gepaeckanhaenger","7":"product_cat-unsere-trailer","9":"first","10":"instock","11":"shipping-taxable","12":"purchasable","13":"product-type-simple"},"yoast_head":"<!-- This site is optimized with the Yoast SEO plugin v27.4 - https:\/\/yoast.com\/product\/yoast-seo-wordpress\/ -->\n<title>VERST\u00c4RKTER LIDER-MEHRZWECKANH\u00c4NGER AUS HOLZ - 1 GEBREMSTE ACHSE - Gesamtgewicht: 750 kg - 251 x 133 cm<\/title>\n<meta name=\"description\" content=\"Dieser widerstandsf\u00e4hige, sichere und vielseitige Lider-Anh\u00e4nger ist ideal f\u00fcr kleine Renovierungsarbeiten oder den Transport von Werkzeugen. Nutzlast: 495 kg\" \/>\n<meta name=\"robots\" content=\"index, follow, max-snippet:-1, max-image-preview:large, max-video-preview:-1\" \/>\n<link rel=\"canonical\" href=\"https:\/\/sagrinex.com\/produit\/remorque-polyvalente-renforcee-en-bois-lider-1-essieu-freine-ptac-750-kg-251-x-133-cm\/\" \/>\n<meta property=\"og:locale\" content=\"de_DE\" \/>\n<meta property=\"og:type\" content=\"article\" \/>\n<meta property=\"og:title\" content=\"VERST\u00c4RKTER LIDER-MEHRZWECKANH\u00c4NGER AUS HOLZ - 1 GEBREMSTE ACHSE - Gesamtgewicht: 750 kg - 251 x 133 cm\" \/>\n<meta property=\"og:description\" content=\"Dieser widerstandsf\u00e4hige, sichere und vielseitige Lider-Anh\u00e4nger ist ideal f\u00fcr kleine Renovierungsarbeiten oder den Transport von Werkzeugen. Nutzlast: 495 kg\" \/>\n<meta property=\"og:url\" content=\"https:\/\/sagrinex.com\/produit\/remorque-polyvalente-renforcee-en-bois-lider-1-essieu-freine-ptac-750-kg-251-x-133-cm\/\" \/>\n<meta property=\"og:site_name\" content=\"Sagrinex \u2013 Anhaenger, Container &amp; Landtechnik \ud83c\udf3e\ud83d\ude9c\" \/>\n<meta property=\"article:modified_time\" content=\"2026-04-15T21:12:07+00:00\" \/>\n<meta property=\"og:image\" content=\"https:\/\/sagrinex.com\/wp-content\/uploads\/2026\/03\/Image-191-1.jpeg\" \/>\n\t<meta property=\"og:image:width\" content=\"1000\" \/>\n\t<meta property=\"og:image:height\" content=\"654\" \/>\n\t<meta property=\"og:image:type\" content=\"image\/jpeg\" \/>\n<meta name=\"twitter:card\" content=\"summary_large_image\" \/>\n<meta name=\"twitter:label1\" content=\"Gesch\u00e4tzte Lesezeit\" \/>\n\t<meta name=\"twitter:data1\" content=\"1\u00a0Minute\" \/>\n<script type=\"application\/ld+json\" class=\"yoast-schema-graph\">{\"@context\":\"https:\\\/\\\/schema.org\",\"@graph\":[{\"@type\":\"WebPage\",\"@id\":\"https:\\\/\\\/sagrinex.com\\\/produit\\\/remorque-polyvalente-renforcee-en-bois-lider-1-essieu-freine-ptac-750-kg-251-x-133-cm\\\/\",\"url\":\"https:\\\/\\\/sagrinex.com\\\/produit\\\/remorque-polyvalente-renforcee-en-bois-lider-1-essieu-freine-ptac-750-kg-251-x-133-cm\\\/\",\"name\":\"VERST\u00c4RKTER LIDER-MEHRZWECKANH\u00c4NGER AUS HOLZ - 1 GEBREMSTE ACHSE - Gesamtgewicht: 750 kg - 251 x 133 cm\",\"isPartOf\":{\"@id\":\"https:\\\/\\\/sagrinex.com\\\/#website\"},\"primaryImageOfPage\":{\"@id\":\"https:\\\/\\\/sagrinex.com\\\/produit\\\/remorque-polyvalente-renforcee-en-bois-lider-1-essieu-freine-ptac-750-kg-251-x-133-cm\\\/#primaryimage\"},\"image\":{\"@id\":\"https:\\\/\\\/sagrinex.com\\\/produit\\\/remorque-polyvalente-renforcee-en-bois-lider-1-essieu-freine-ptac-750-kg-251-x-133-cm\\\/#primaryimage\"},\"thumbnailUrl\":\"https:\\\/\\\/sagrinex.com\\\/wp-content\\\/uploads\\\/2026\\\/03\\\/Image-191-1.jpeg\",\"datePublished\":\"2026-03-14T17:27:03+00:00\",\"dateModified\":\"2026-04-15T21:12:07+00:00\",\"description\":\"Dieser widerstandsf\u00e4hige, sichere und vielseitige Lider-Anh\u00e4nger ist ideal f\u00fcr kleine Renovierungsarbeiten oder den Transport von Werkzeugen. Nutzlast: 495 kg\",\"breadcrumb\":{\"@id\":\"https:\\\/\\\/sagrinex.com\\\/produit\\\/remorque-polyvalente-renforcee-en-bois-lider-1-essieu-freine-ptac-750-kg-251-x-133-cm\\\/#breadcrumb\"},\"inLanguage\":\"de\",\"potentialAction\":[{\"@type\":\"ReadAction\",\"target\":[\"https:\\\/\\\/sagrinex.com\\\/produit\\\/remorque-polyvalente-renforcee-en-bois-lider-1-essieu-freine-ptac-750-kg-251-x-133-cm\\\/\"]}]},{\"@type\":\"ImageObject\",\"inLanguage\":\"de\",\"@id\":\"https:\\\/\\\/sagrinex.com\\\/produit\\\/remorque-polyvalente-renforcee-en-bois-lider-1-essieu-freine-ptac-750-kg-251-x-133-cm\\\/#primaryimage\",\"url\":\"https:\\\/\\\/sagrinex.com\\\/wp-content\\\/uploads\\\/2026\\\/03\\\/Image-191-1.jpeg\",\"contentUrl\":\"https:\\\/\\\/sagrinex.com\\\/wp-content\\\/uploads\\\/2026\\\/03\\\/Image-191-1.jpeg\",\"width\":1000,\"height\":654},{\"@type\":\"BreadcrumbList\",\"@id\":\"https:\\\/\\\/sagrinex.com\\\/produit\\\/remorque-polyvalente-renforcee-en-bois-lider-1-essieu-freine-ptac-750-kg-251-x-133-cm\\\/#breadcrumb\",\"itemListElement\":[{\"@type\":\"ListItem\",\"position\":1,\"name\":\"Accueil\",\"item\":\"https:\\\/\\\/sagrinex.com\\\/?lang=de\"},{\"@type\":\"ListItem\",\"position\":2,\"name\":\"Shop\",\"item\":\"https:\\\/\\\/sagrinex.com\\\/shop\\\/\"},{\"@type\":\"ListItem\",\"position\":3,\"name\":\"Verst\u00c4rkter Lider-mehrzweckanh\u00c4nger aus Holz &#8211; 1 Gebremste Achse &#8211; Gesamtgewicht: 750 Kg &#8211; 251 X 133 Cm\"}]},{\"@type\":\"WebSite\",\"@id\":\"https:\\\/\\\/sagrinex.com\\\/#website\",\"url\":\"https:\\\/\\\/sagrinex.com\\\/\",\"name\":\"Sagrinex \u2013 Spezialist f\u00fcr Anh\u00e4nger, Container & Landtechnik\",\"description\":\"Anhaenger, Container &amp; Landtechnik \u2014 Online-Verkauf &amp; kostenloses Angebot\",\"publisher\":{\"@id\":\"https:\\\/\\\/sagrinex.com\\\/#organization\"},\"potentialAction\":[{\"@type\":\"SearchAction\",\"target\":{\"@type\":\"EntryPoint\",\"urlTemplate\":\"https:\\\/\\\/sagrinex.com\\\/?s={search_term_string}\"},\"query-input\":{\"@type\":\"PropertyValueSpecification\",\"valueRequired\":true,\"valueName\":\"search_term_string\"}}],\"inLanguage\":\"de\"},{\"@type\":\"Organization\",\"@id\":\"https:\\\/\\\/sagrinex.com\\\/#organization\",\"name\":\"Sagrinex \u2013 Remorques, Conteneurs & Mat\u00e9riel Agricole\",\"url\":\"https:\\\/\\\/sagrinex.com\\\/\",\"logo\":{\"@type\":\"ImageObject\",\"inLanguage\":\"de\",\"@id\":\"https:\\\/\\\/sagrinex.com\\\/#\\\/schema\\\/logo\\\/image\\\/\",\"url\":\"https:\\\/\\\/sagrinex.com\\\/wp-content\\\/uploads\\\/2026\\\/03\\\/7f1ac463-ef5a-425d-bdd6-a5da03a334a9-1024x683.png\",\"contentUrl\":\"https:\\\/\\\/sagrinex.com\\\/wp-content\\\/uploads\\\/2026\\\/03\\\/7f1ac463-ef5a-425d-bdd6-a5da03a334a9-1024x683.png\",\"width\":1024,\"height\":683,\"caption\":\"Sagrinex \u2013 Remorques, Conteneurs & Mat\u00e9riel Agricole\"},\"image\":{\"@id\":\"https:\\\/\\\/sagrinex.com\\\/#\\\/schema\\\/logo\\\/image\\\/\"}}]}<\/script>\n<!-- \/ Yoast SEO plugin. -->","yoast_head_json":{"title":"VERST\u00c4RKTER LIDER-MEHRZWECKANH\u00c4NGER AUS HOLZ - 1 GEBREMSTE ACHSE - Gesamtgewicht: 750 kg - 251 x 133 cm","description":"Dieser widerstandsf\u00e4hige, sichere und vielseitige Lider-Anh\u00e4nger ist ideal f\u00fcr kleine Renovierungsarbeiten oder den Transport von Werkzeugen. Nutzlast: 495 kg","robots":{"index":"index","follow":"follow","max-snippet":"max-snippet:-1","max-image-preview":"max-image-preview:large","max-video-preview":"max-video-preview:-1"},"canonical":"https:\/\/sagrinex.com\/produit\/remorque-polyvalente-renforcee-en-bois-lider-1-essieu-freine-ptac-750-kg-251-x-133-cm\/","og_locale":"de_DE","og_type":"article","og_title":"VERST\u00c4RKTER LIDER-MEHRZWECKANH\u00c4NGER AUS HOLZ - 1 GEBREMSTE ACHSE - Gesamtgewicht: 750 kg - 251 x 133 cm","og_description":"Dieser widerstandsf\u00e4hige, sichere und vielseitige Lider-Anh\u00e4nger ist ideal f\u00fcr kleine Renovierungsarbeiten oder den Transport von Werkzeugen. Nutzlast: 495 kg","og_url":"https:\/\/sagrinex.com\/produit\/remorque-polyvalente-renforcee-en-bois-lider-1-essieu-freine-ptac-750-kg-251-x-133-cm\/","og_site_name":"Sagrinex \u2013 Anhaenger, Container &amp; Landtechnik \ud83c\udf3e\ud83d\ude9c","article_modified_time":"2026-04-15T21:12:07+00:00","og_image":[{"width":1000,"height":654,"url":"https:\/\/sagrinex.com\/wp-content\/uploads\/2026\/03\/Image-191-1.jpeg","type":"image\/jpeg"}],"twitter_card":"summary_large_image","twitter_misc":{"Gesch\u00e4tzte Lesezeit":"1\u00a0Minute"},"schema":{"@context":"https:\/\/schema.org","@graph":[{"@type":"WebPage","@id":"https:\/\/sagrinex.com\/produit\/remorque-polyvalente-renforcee-en-bois-lider-1-essieu-freine-ptac-750-kg-251-x-133-cm\/","url":"https:\/\/sagrinex.com\/produit\/remorque-polyvalente-renforcee-en-bois-lider-1-essieu-freine-ptac-750-kg-251-x-133-cm\/","name":"VERST\u00c4RKTER LIDER-MEHRZWECKANH\u00c4NGER AUS HOLZ - 1 GEBREMSTE ACHSE - Gesamtgewicht: 750 kg - 251 x 133 cm","isPartOf":{"@id":"https:\/\/sagrinex.com\/#website"},"primaryImageOfPage":{"@id":"https:\/\/sagrinex.com\/produit\/remorque-polyvalente-renforcee-en-bois-lider-1-essieu-freine-ptac-750-kg-251-x-133-cm\/#primaryimage"},"image":{"@id":"https:\/\/sagrinex.com\/produit\/remorque-polyvalente-renforcee-en-bois-lider-1-essieu-freine-ptac-750-kg-251-x-133-cm\/#primaryimage"},"thumbnailUrl":"https:\/\/sagrinex.com\/wp-content\/uploads\/2026\/03\/Image-191-1.jpeg","datePublished":"2026-03-14T17:27:03+00:00","dateModified":"2026-04-15T21:12:07+00:00","description":"Dieser widerstandsf\u00e4hige, sichere und vielseitige Lider-Anh\u00e4nger ist ideal f\u00fcr kleine Renovierungsarbeiten oder den Transport von Werkzeugen. Nutzlast: 495 kg","breadcrumb":{"@id":"https:\/\/sagrinex.com\/produit\/remorque-polyvalente-renforcee-en-bois-lider-1-essieu-freine-ptac-750-kg-251-x-133-cm\/#breadcrumb"},"inLanguage":"de","potentialAction":[{"@type":"ReadAction","target":["https:\/\/sagrinex.com\/produit\/remorque-polyvalente-renforcee-en-bois-lider-1-essieu-freine-ptac-750-kg-251-x-133-cm\/"]}]},{"@type":"ImageObject","inLanguage":"de","@id":"https:\/\/sagrinex.com\/produit\/remorque-polyvalente-renforcee-en-bois-lider-1-essieu-freine-ptac-750-kg-251-x-133-cm\/#primaryimage","url":"https:\/\/sagrinex.com\/wp-content\/uploads\/2026\/03\/Image-191-1.jpeg","contentUrl":"https:\/\/sagrinex.com\/wp-content\/uploads\/2026\/03\/Image-191-1.jpeg","width":1000,"height":654},{"@type":"BreadcrumbList","@id":"https:\/\/sagrinex.com\/produit\/remorque-polyvalente-renforcee-en-bois-lider-1-essieu-freine-ptac-750-kg-251-x-133-cm\/#breadcrumb","itemListElement":[{"@type":"ListItem","position":1,"name":"Accueil","item":"https:\/\/sagrinex.com\/?lang=de"},{"@type":"ListItem","position":2,"name":"Shop","item":"https:\/\/sagrinex.com\/shop\/"},{"@type":"ListItem","position":3,"name":"Verst\u00c4rkter Lider-mehrzweckanh\u00c4nger aus Holz &#8211; 1 Gebremste Achse &#8211; Gesamtgewicht: 750 Kg &#8211; 251 X 133 Cm"}]},{"@type":"WebSite","@id":"https:\/\/sagrinex.com\/#website","url":"https:\/\/sagrinex.com\/","name":"Sagrinex \u2013 Spezialist f\u00fcr Anh\u00e4nger, Container & Landtechnik","description":"Anhaenger, Container &amp; Landtechnik \u2014 Online-Verkauf &amp; kostenloses Angebot","publisher":{"@id":"https:\/\/sagrinex.com\/#organization"},"potentialAction":[{"@type":"SearchAction","target":{"@type":"EntryPoint","urlTemplate":"https:\/\/sagrinex.com\/?s={search_term_string}"},"query-input":{"@type":"PropertyValueSpecification","valueRequired":true,"valueName":"search_term_string"}}],"inLanguage":"de"},{"@type":"Organization","@id":"https:\/\/sagrinex.com\/#organization","name":"Sagrinex \u2013 Remorques, Conteneurs & Mat\u00e9riel Agricole","url":"https:\/\/sagrinex.com\/","logo":{"@type":"ImageObject","inLanguage":"de","@id":"https:\/\/sagrinex.com\/#\/schema\/logo\/image\/","url":"https:\/\/sagrinex.com\/wp-content\/uploads\/2026\/03\/7f1ac463-ef5a-425d-bdd6-a5da03a334a9-1024x683.png","contentUrl":"https:\/\/sagrinex.com\/wp-content\/uploads\/2026\/03\/7f1ac463-ef5a-425d-bdd6-a5da03a334a9-1024x683.png","width":1024,"height":683,"caption":"Sagrinex \u2013 Remorques, Conteneurs & Mat\u00e9riel Agricole"},"image":{"@id":"https:\/\/sagrinex.com\/#\/schema\/logo\/image\/"}}]}},"jetpack_sharing_enabled":true,"_links":{"self":[{"href":"https:\/\/sagrinex.com\/de\/wp-json\/wp\/v2\/product\/13827","targetHints":{"allow":["GET"]}}],"collection":[{"href":"https:\/\/sagrinex.com\/de\/wp-json\/wp\/v2\/product"}],"about":[{"href":"https:\/\/sagrinex.com\/de\/wp-json\/wp\/v2\/types\/product"}],"replies":[{"embeddable":true,"href":"https:\/\/sagrinex.com\/de\/wp-json\/wp\/v2\/comments?post=13827"}],"version-history":[{"count":0,"href":"https:\/\/sagrinex.com\/de\/wp-json\/wp\/v2\/product\/13827\/revisions"}],"wp:featuredmedia":[{"embeddable":true,"href":"https:\/\/sagrinex.com\/de\/wp-json\/wp\/v2\/media\/13930"}],"wp:attachment":[{"href":"https:\/\/sagrinex.com\/de\/wp-json\/wp\/v2\/media?parent=13827"}],"wp:term":[{"taxonomy":"product_brand","embeddable":true,"href":"https:\/\/sagrinex.com\/de\/wp-json\/wp\/v2\/product_brand?post=13827"},{"taxonomy":"product_cat","embeddable":true,"href":"https:\/\/sagrinex.com\/de\/wp-json\/wp\/v2\/product_cat?post=13827"},{"taxonomy":"product_tag","embeddable":true,"href":"https:\/\/sagrinex.com\/de\/wp-json\/wp\/v2\/product_tag?post=13827"}],"curies":[{"name":"wp","href":"https:\/\/api.w.org\/{rel}","templated":true}]}}