{"id":13829,"date":"2026-03-16T16:40:48","date_gmt":"2026-03-16T16:40:48","guid":{"rendered":"https:\/\/sagrinex.com\/produit\/galaxy-mehrrollen-boottraeger-gs13-g1000-zulaessiges-gesamtgewicht-1350-kg-1-achse\/"},"modified":"2026-04-15T21:12:07","modified_gmt":"2026-04-15T21:12:07","slug":"galaxy-mehrrollen-boottraeger-gs13-g1000-zulaessiges-gesamtgewicht-1350-kg-1-achse","status":"publish","type":"product","link":"https:\/\/sagrinex.com\/de\/produit\/galaxy-mehrrollen-boottraeger-gs13-g1000-zulaessiges-gesamtgewicht-1350-kg-1-achse\/","title":{"rendered":"Galaxy-mehrrollen-boottr\u00c4ger \u2013 GS13 \/ G1000 \u2013 Zul\u00e4ssiges Gesamtgewicht: 1350 Kg \u2013 1 Achse"},"content":{"rendered":"<p>Der Bootsanh\u00e4nger <strong>GALAXY GS13 \/ G1000<\/strong> ist f\u00fcr den Transport von Booten bis zu <strong>5,52 m Rumpfl\u00e4nge<\/strong> und einem Maximalgewicht von <strong>970 kg<\/strong> konzipiert. Mit einem einstellbaren zul\u00e4ssigen Gesamtgewicht von 1200 bis 1350 kg und einer Nutzlast von 980 kg garantiert es eine robuste und zuverl\u00e4ssige L\u00f6sung f\u00fcr Bootsfahrer.<\/p>\n<p>Dank seiner soliden Struktur und dem <strong>feuerverzinkten Chassis<\/strong> ist dieser Anh\u00e4nger f\u00fcr V-f\u00f6rmige, halbstarre und Beibootr\u00fcmpfe geeignet. Sein <strong>Mehrrollensystem<\/strong> erleichtert das Zu- und Absetzen des Bootes und sch\u00fctzt gleichzeitig den Rumpf.<\/p>\n<ul>\n<li><strong>Wasserdichte LED-Leuchten<\/strong> f\u00fcr bessere Sichtbarkeit und erh\u00f6hte Wasserbest\u00e4ndigkeit.<\/li>\n<li><strong>Schwenkbare Plattenhalterung<\/strong> f\u00fcr einfaches Starten.<\/li>\n<li><strong>2-Gang-Selbstbremswinde<\/strong> f\u00fcr sicheres Beladen des Bootes.<\/li>\n<li><strong>Trommelgebremste Achse<\/strong> f\u00fcr mehr Stabilit\u00e4t und Sicherheit auf der Stra\u00dfe.<\/li>\n<\/ul>\n<ul>\n<li><strong>Elektrische Winde<\/strong> mit wasserdichtem Batteriekasten.<\/li>\n<li><strong>Ersatzrad<\/strong> mit Halterung.<\/li>\n<li><strong>Sp\u00fclset<\/strong> zur Vermeidung von Korrosion nach dem Start.<\/li>\n<li><strong>Diebstahlschutz<\/strong><\/li>\n<li><strong>Riemen<\/strong><\/li>\n<\/ul>\n<ul>\n<li><strong>Zuverl\u00e4ssigkeit und Robustheit<\/strong> dank eines gegen Korrosion behandelten Chassis.<\/li>\n<li><strong>Einfache Bedienung<\/strong> mit verst\u00e4rkten Rollen und selbstbremsender Winde.<\/li>\n<li><strong>Erh\u00f6hte Sicherheit<\/strong> durch LED-Leuchten und ein effizientes Bremssystem.<\/li>\n<\/ul>\n<p>Dieser Anh\u00e4nger erfordert eine <strong>Graue Karte<\/strong> und eine <strong>Zulassung<\/strong>, wenn sein zul\u00e4ssiges Gesamtgewicht 500 kg \u00fcbersteigt.<\/p>\n<p>\u00dcberpr\u00fcfen Sie die Traktionsf\u00e4higkeit Ihres Fahrzeugs f\u00fcr den bestimmungsgem\u00e4\u00dfen Einsatz.<\/p>\n","protected":false},"excerpt":{"rendered":"<p>Dieser Mehrrollen-Bootstr\u00e4ger erm\u00f6glicht den Stra\u00dfentransport eines Bootes mit einer maximalen Rumpfl\u00e4nge von 5,52 m und einem maximalen Gewicht von 970 kg.<\/p>\n<div class=\"mod_fa_customizablefields_v14_list\">\n<div class=\"mod_fa_champspersonnalisables_v14_title\"><strong>Zul\u00e4ssiges Gesamtgewicht: <\/strong><span class=\"mod_fa_champspersonnalisables_v14_value\">1200\/1300\/1350 kg<\/span><\/div>\n<\/div>\n<div class=\"mod_fa_customizablefields_v14_list\">\n<div class=\"mod_fa_champspersonnalisables_v14_titre\"><strong>Leermasse: <\/strong><span class=\"mod_fa_champspersonnalisables_v14_value\">370 kg<\/span><\/div>\n<\/div>\n<div class=\"mod_fa_customizablefields_v14_list\">\n<div class=\"mod_fa_champspersonnalisables_v14_titre\"><strong>Nutzlast: <\/strong><span class=\"mod_fa_champspersonnalisables_v14_value\">maximal 980 kg<\/span><\/div>\n<\/div>\n<div class=\"mod_fa_customizablefields_v14_list\">\n<div class=\"mod_fa_champspersonnalisables_v14_titre\"><strong>Nutzma\u00dfe: <\/strong><span class=\"mod_fa_champspersonnalisables_v14_value\">L\u00e4nge 640 &#8211; 703 cm | Breite 214 cm<\/span><\/div>\n<\/div>\n<div class=\"mod_fa_customizablefields_v14_list\">\n<div class=\"mod_fa_champspersonnalisables_v14_titre\"><strong>Gesamtabmessungen: <\/strong><span class=\"mod_fa_champspersonnalisables_v14_valeur\">2,17 m L x 6,74 m B (Tisch mit Zurrring)<\/span><\/div>\n<\/div>\n<div class=\"mod_fa_customizablefields_v14_list\">\n<div class=\"mod_fa_champspersonnalisables_v14_titre\"><strong>Maximale L\u00e4nge des Bootes: <\/strong><span class=\"mod_fa_champspersonnalisables_v14_value\">5,52 m<\/span><\/div>\n<\/div>\n<div class=\"mod_fa_customizablefields_v14_list\">\n<div class=\"mod_fa_champspersonnalisables_v14_title\"><strong>Pfeil: <\/strong><span class=\"mod_fa_champspersonnalisables_v14_value\">Feuerverzinkt in V<\/span><\/div>\n<\/div>\n<div class=\"mod_fa_customizablefields_v14_list\">\n<div class=\"mod_fa_champspersonnalisables_v14_titre\"><strong>Rahmentyp: <\/strong><span class=\"mod_fa_champspersonnalisables_v14_value\">Feuerverzinkt<\/span><\/div>\n<\/div>\n<div class=\"mod_fa_customizablefields_v14_list\">\n<div class=\"mod_fa_champspersonnalisables_v14_titre\"><strong>R\u00e4der: <\/strong><span class=\"mod_fa_champspersonnalisables_v14_valeur\">165R14C<\/span><\/div>\n<\/div>\n<div class=\"mod_fa_customizablefields_v14_list\">\n<div class=\"mod_fa_champspersonnalisables_v14_titre\"><strong>Ausr\u00fcstung: <\/strong><span class=\"mod_fa_champspersonnalisables_v14_valeur\">Trommelbremsachse | Wasserdichte LED-Leuchten und drehbarer Kennzeichenhalter | Selbstbremsende 2-Gang-Winde | Verstellbare Windenhalterung und 3D-verstellbarer Buganschlag | St\u00fctzraddurchmesser 60<\/span><\/div>\n<\/div>\n","protected":false},"featured_media":13944,"comment_status":"open","ping_status":"closed","template":"","meta":[],"product_brand":[],"product_cat":[357],"product_tag":[],"class_list":{"0":"post-13829","1":"product","2":"type-product","3":"status-publish","4":"has-post-thumbnail","6":"product_cat-nautische-anhaenger","8":"first","9":"instock","10":"shipping-taxable","11":"purchasable","12":"product-type-simple"},"yoast_head":"<!-- This site is optimized with the Yoast SEO plugin v27.5 - https:\/\/yoast.com\/product\/yoast-seo-wordpress\/ -->\n<title>GALAXY-MEHRROLLEN-BOOTTR\u00c4GER \u2013 GS13 \/ G1000 \u2013 zul\u00e4ssiges Gesamtgewicht: 1350 kg \u2013 1 Achse<\/title>\n<meta name=\"description\" content=\"Dieser Mehrrollen-Bootstr\u00e4ger erm\u00f6glicht den Stra\u00dfentransport eines Bootes mit einer maximalen Rumpfl\u00e4nge von 5,52 m und einem maximalen Gewicht von 970 kg.\" \/>\n<meta name=\"robots\" content=\"index, follow, max-snippet:-1, max-image-preview:large, max-video-preview:-1\" \/>\n<link rel=\"canonical\" href=\"https:\/\/sagrinex.com\/produit\/porte-bateau-multi-rouleaux-galaxy-gs13-g1000-ptac-1350kg-1-essieu\/\" \/>\n<meta property=\"og:locale\" content=\"de_DE\" \/>\n<meta property=\"og:type\" content=\"article\" \/>\n<meta property=\"og:title\" content=\"GALAXY-MEHRROLLEN-BOOTTR\u00c4GER \u2013 GS13 \/ G1000 \u2013 zul\u00e4ssiges Gesamtgewicht: 1350 kg \u2013 1 Achse\" \/>\n<meta property=\"og:description\" content=\"Dieser Mehrrollen-Bootstr\u00e4ger erm\u00f6glicht den Stra\u00dfentransport eines Bootes mit einer maximalen Rumpfl\u00e4nge von 5,52 m und einem maximalen Gewicht von 970 kg.\" \/>\n<meta property=\"og:url\" content=\"https:\/\/sagrinex.com\/produit\/porte-bateau-multi-rouleaux-galaxy-gs13-g1000-ptac-1350kg-1-essieu\/\" \/>\n<meta property=\"og:site_name\" content=\"Sagrinex \u2013 Anhaenger, Container &amp; Landtechnik \ud83c\udf3e\ud83d\ude9c\" \/>\n<meta property=\"article:modified_time\" content=\"2026-04-15T21:12:07+00:00\" \/>\n<meta property=\"og:image\" content=\"https:\/\/sagrinex.com\/wp-content\/uploads\/2026\/03\/Image-315-2.jpeg\" \/>\n\t<meta property=\"og:image:width\" content=\"750\" \/>\n\t<meta property=\"og:image:height\" content=\"866\" \/>\n\t<meta property=\"og:image:type\" content=\"image\/jpeg\" \/>\n<meta name=\"twitter:card\" content=\"summary_large_image\" \/>\n<meta name=\"twitter:label1\" content=\"Gesch\u00e4tzte Lesezeit\" \/>\n\t<meta name=\"twitter:data1\" content=\"1\u00a0Minute\" \/>\n<script type=\"application\/ld+json\" class=\"yoast-schema-graph\">{\"@context\":\"https:\\\/\\\/schema.org\",\"@graph\":[{\"@type\":\"WebPage\",\"@id\":\"https:\\\/\\\/sagrinex.com\\\/produit\\\/porte-bateau-multi-rouleaux-galaxy-gs13-g1000-ptac-1350kg-1-essieu\\\/\",\"url\":\"https:\\\/\\\/sagrinex.com\\\/produit\\\/porte-bateau-multi-rouleaux-galaxy-gs13-g1000-ptac-1350kg-1-essieu\\\/\",\"name\":\"GALAXY-MEHRROLLEN-BOOTTR\u00c4GER \u2013 GS13 \\\/ G1000 \u2013 zul\u00e4ssiges Gesamtgewicht: 1350 kg \u2013 1 Achse\",\"isPartOf\":{\"@id\":\"https:\\\/\\\/sagrinex.com\\\/#website\"},\"primaryImageOfPage\":{\"@id\":\"https:\\\/\\\/sagrinex.com\\\/produit\\\/porte-bateau-multi-rouleaux-galaxy-gs13-g1000-ptac-1350kg-1-essieu\\\/#primaryimage\"},\"image\":{\"@id\":\"https:\\\/\\\/sagrinex.com\\\/produit\\\/porte-bateau-multi-rouleaux-galaxy-gs13-g1000-ptac-1350kg-1-essieu\\\/#primaryimage\"},\"thumbnailUrl\":\"https:\\\/\\\/sagrinex.com\\\/wp-content\\\/uploads\\\/2026\\\/03\\\/Image-315-2.jpeg\",\"datePublished\":\"2026-03-16T16:40:48+00:00\",\"dateModified\":\"2026-04-15T21:12:07+00:00\",\"description\":\"Dieser Mehrrollen-Bootstr\u00e4ger erm\u00f6glicht den Stra\u00dfentransport eines Bootes mit einer maximalen Rumpfl\u00e4nge von 5,52 m und einem maximalen Gewicht von 970 kg.\",\"breadcrumb\":{\"@id\":\"https:\\\/\\\/sagrinex.com\\\/produit\\\/porte-bateau-multi-rouleaux-galaxy-gs13-g1000-ptac-1350kg-1-essieu\\\/#breadcrumb\"},\"inLanguage\":\"de\",\"potentialAction\":[{\"@type\":\"ReadAction\",\"target\":[\"https:\\\/\\\/sagrinex.com\\\/produit\\\/porte-bateau-multi-rouleaux-galaxy-gs13-g1000-ptac-1350kg-1-essieu\\\/\"]}]},{\"@type\":\"ImageObject\",\"inLanguage\":\"de\",\"@id\":\"https:\\\/\\\/sagrinex.com\\\/produit\\\/porte-bateau-multi-rouleaux-galaxy-gs13-g1000-ptac-1350kg-1-essieu\\\/#primaryimage\",\"url\":\"https:\\\/\\\/sagrinex.com\\\/wp-content\\\/uploads\\\/2026\\\/03\\\/Image-315-2.jpeg\",\"contentUrl\":\"https:\\\/\\\/sagrinex.com\\\/wp-content\\\/uploads\\\/2026\\\/03\\\/Image-315-2.jpeg\",\"width\":750,\"height\":866},{\"@type\":\"BreadcrumbList\",\"@id\":\"https:\\\/\\\/sagrinex.com\\\/produit\\\/porte-bateau-multi-rouleaux-galaxy-gs13-g1000-ptac-1350kg-1-essieu\\\/#breadcrumb\",\"itemListElement\":[{\"@type\":\"ListItem\",\"position\":1,\"name\":\"Accueil\",\"item\":\"https:\\\/\\\/sagrinex.com\\\/?lang=de\"},{\"@type\":\"ListItem\",\"position\":2,\"name\":\"Shop\",\"item\":\"https:\\\/\\\/sagrinex.com\\\/shop\\\/\"},{\"@type\":\"ListItem\",\"position\":3,\"name\":\"Galaxy-mehrrollen-boottr\u00c4ger \u2013 GS13 \\\/ G1000 \u2013 Zul\u00e4ssiges Gesamtgewicht: 1350 Kg \u2013 1 Achse\"}]},{\"@type\":\"WebSite\",\"@id\":\"https:\\\/\\\/sagrinex.com\\\/#website\",\"url\":\"https:\\\/\\\/sagrinex.com\\\/\",\"name\":\"Sagrinex \u2013 Spezialist f\u00fcr Anh\u00e4nger, Container & Landtechnik\",\"description\":\"Anhaenger, Container &amp; Landtechnik \u2014 Online-Verkauf &amp; kostenloses Angebot\",\"publisher\":{\"@id\":\"https:\\\/\\\/sagrinex.com\\\/#organization\"},\"potentialAction\":[{\"@type\":\"SearchAction\",\"target\":{\"@type\":\"EntryPoint\",\"urlTemplate\":\"https:\\\/\\\/sagrinex.com\\\/?s={search_term_string}\"},\"query-input\":{\"@type\":\"PropertyValueSpecification\",\"valueRequired\":true,\"valueName\":\"search_term_string\"}}],\"inLanguage\":\"de\"},{\"@type\":\"Organization\",\"@id\":\"https:\\\/\\\/sagrinex.com\\\/#organization\",\"name\":\"Sagrinex \u2013 Remorques, Conteneurs & Mat\u00e9riel Agricole\",\"url\":\"https:\\\/\\\/sagrinex.com\\\/\",\"logo\":{\"@type\":\"ImageObject\",\"inLanguage\":\"de\",\"@id\":\"https:\\\/\\\/sagrinex.com\\\/#\\\/schema\\\/logo\\\/image\\\/\",\"url\":\"https:\\\/\\\/sagrinex.com\\\/wp-content\\\/uploads\\\/2026\\\/03\\\/7f1ac463-ef5a-425d-bdd6-a5da03a334a9-1024x683.png\",\"contentUrl\":\"https:\\\/\\\/sagrinex.com\\\/wp-content\\\/uploads\\\/2026\\\/03\\\/7f1ac463-ef5a-425d-bdd6-a5da03a334a9-1024x683.png\",\"width\":1024,\"height\":683,\"caption\":\"Sagrinex \u2013 Remorques, Conteneurs & Mat\u00e9riel Agricole\"},\"image\":{\"@id\":\"https:\\\/\\\/sagrinex.com\\\/#\\\/schema\\\/logo\\\/image\\\/\"}}]}<\/script>\n<!-- \/ Yoast SEO plugin. -->","yoast_head_json":{"title":"GALAXY-MEHRROLLEN-BOOTTR\u00c4GER \u2013 GS13 \/ G1000 \u2013 zul\u00e4ssiges Gesamtgewicht: 1350 kg \u2013 1 Achse","description":"Dieser Mehrrollen-Bootstr\u00e4ger erm\u00f6glicht den Stra\u00dfentransport eines Bootes mit einer maximalen Rumpfl\u00e4nge von 5,52 m und einem maximalen Gewicht von 970 kg.","robots":{"index":"index","follow":"follow","max-snippet":"max-snippet:-1","max-image-preview":"max-image-preview:large","max-video-preview":"max-video-preview:-1"},"canonical":"https:\/\/sagrinex.com\/produit\/porte-bateau-multi-rouleaux-galaxy-gs13-g1000-ptac-1350kg-1-essieu\/","og_locale":"de_DE","og_type":"article","og_title":"GALAXY-MEHRROLLEN-BOOTTR\u00c4GER \u2013 GS13 \/ G1000 \u2013 zul\u00e4ssiges Gesamtgewicht: 1350 kg \u2013 1 Achse","og_description":"Dieser Mehrrollen-Bootstr\u00e4ger erm\u00f6glicht den Stra\u00dfentransport eines Bootes mit einer maximalen Rumpfl\u00e4nge von 5,52 m und einem maximalen Gewicht von 970 kg.","og_url":"https:\/\/sagrinex.com\/produit\/porte-bateau-multi-rouleaux-galaxy-gs13-g1000-ptac-1350kg-1-essieu\/","og_site_name":"Sagrinex \u2013 Anhaenger, Container &amp; Landtechnik \ud83c\udf3e\ud83d\ude9c","article_modified_time":"2026-04-15T21:12:07+00:00","og_image":[{"width":750,"height":866,"url":"https:\/\/sagrinex.com\/wp-content\/uploads\/2026\/03\/Image-315-2.jpeg","type":"image\/jpeg"}],"twitter_card":"summary_large_image","twitter_misc":{"Gesch\u00e4tzte Lesezeit":"1\u00a0Minute"},"schema":{"@context":"https:\/\/schema.org","@graph":[{"@type":"WebPage","@id":"https:\/\/sagrinex.com\/produit\/porte-bateau-multi-rouleaux-galaxy-gs13-g1000-ptac-1350kg-1-essieu\/","url":"https:\/\/sagrinex.com\/produit\/porte-bateau-multi-rouleaux-galaxy-gs13-g1000-ptac-1350kg-1-essieu\/","name":"GALAXY-MEHRROLLEN-BOOTTR\u00c4GER \u2013 GS13 \/ G1000 \u2013 zul\u00e4ssiges Gesamtgewicht: 1350 kg \u2013 1 Achse","isPartOf":{"@id":"https:\/\/sagrinex.com\/#website"},"primaryImageOfPage":{"@id":"https:\/\/sagrinex.com\/produit\/porte-bateau-multi-rouleaux-galaxy-gs13-g1000-ptac-1350kg-1-essieu\/#primaryimage"},"image":{"@id":"https:\/\/sagrinex.com\/produit\/porte-bateau-multi-rouleaux-galaxy-gs13-g1000-ptac-1350kg-1-essieu\/#primaryimage"},"thumbnailUrl":"https:\/\/sagrinex.com\/wp-content\/uploads\/2026\/03\/Image-315-2.jpeg","datePublished":"2026-03-16T16:40:48+00:00","dateModified":"2026-04-15T21:12:07+00:00","description":"Dieser Mehrrollen-Bootstr\u00e4ger erm\u00f6glicht den Stra\u00dfentransport eines Bootes mit einer maximalen Rumpfl\u00e4nge von 5,52 m und einem maximalen Gewicht von 970 kg.","breadcrumb":{"@id":"https:\/\/sagrinex.com\/produit\/porte-bateau-multi-rouleaux-galaxy-gs13-g1000-ptac-1350kg-1-essieu\/#breadcrumb"},"inLanguage":"de","potentialAction":[{"@type":"ReadAction","target":["https:\/\/sagrinex.com\/produit\/porte-bateau-multi-rouleaux-galaxy-gs13-g1000-ptac-1350kg-1-essieu\/"]}]},{"@type":"ImageObject","inLanguage":"de","@id":"https:\/\/sagrinex.com\/produit\/porte-bateau-multi-rouleaux-galaxy-gs13-g1000-ptac-1350kg-1-essieu\/#primaryimage","url":"https:\/\/sagrinex.com\/wp-content\/uploads\/2026\/03\/Image-315-2.jpeg","contentUrl":"https:\/\/sagrinex.com\/wp-content\/uploads\/2026\/03\/Image-315-2.jpeg","width":750,"height":866},{"@type":"BreadcrumbList","@id":"https:\/\/sagrinex.com\/produit\/porte-bateau-multi-rouleaux-galaxy-gs13-g1000-ptac-1350kg-1-essieu\/#breadcrumb","itemListElement":[{"@type":"ListItem","position":1,"name":"Accueil","item":"https:\/\/sagrinex.com\/?lang=de"},{"@type":"ListItem","position":2,"name":"Shop","item":"https:\/\/sagrinex.com\/shop\/"},{"@type":"ListItem","position":3,"name":"Galaxy-mehrrollen-boottr\u00c4ger \u2013 GS13 \/ G1000 \u2013 Zul\u00e4ssiges Gesamtgewicht: 1350 Kg \u2013 1 Achse"}]},{"@type":"WebSite","@id":"https:\/\/sagrinex.com\/#website","url":"https:\/\/sagrinex.com\/","name":"Sagrinex \u2013 Spezialist f\u00fcr Anh\u00e4nger, Container & Landtechnik","description":"Anhaenger, Container &amp; Landtechnik \u2014 Online-Verkauf &amp; kostenloses Angebot","publisher":{"@id":"https:\/\/sagrinex.com\/#organization"},"potentialAction":[{"@type":"SearchAction","target":{"@type":"EntryPoint","urlTemplate":"https:\/\/sagrinex.com\/?s={search_term_string}"},"query-input":{"@type":"PropertyValueSpecification","valueRequired":true,"valueName":"search_term_string"}}],"inLanguage":"de"},{"@type":"Organization","@id":"https:\/\/sagrinex.com\/#organization","name":"Sagrinex \u2013 Remorques, Conteneurs & Mat\u00e9riel Agricole","url":"https:\/\/sagrinex.com\/","logo":{"@type":"ImageObject","inLanguage":"de","@id":"https:\/\/sagrinex.com\/#\/schema\/logo\/image\/","url":"https:\/\/sagrinex.com\/wp-content\/uploads\/2026\/03\/7f1ac463-ef5a-425d-bdd6-a5da03a334a9-1024x683.png","contentUrl":"https:\/\/sagrinex.com\/wp-content\/uploads\/2026\/03\/7f1ac463-ef5a-425d-bdd6-a5da03a334a9-1024x683.png","width":1024,"height":683,"caption":"Sagrinex \u2013 Remorques, Conteneurs & Mat\u00e9riel Agricole"},"image":{"@id":"https:\/\/sagrinex.com\/#\/schema\/logo\/image\/"}}]}},"jetpack_sharing_enabled":true,"_links":{"self":[{"href":"https:\/\/sagrinex.com\/de\/wp-json\/wp\/v2\/product\/13829","targetHints":{"allow":["GET"]}}],"collection":[{"href":"https:\/\/sagrinex.com\/de\/wp-json\/wp\/v2\/product"}],"about":[{"href":"https:\/\/sagrinex.com\/de\/wp-json\/wp\/v2\/types\/product"}],"replies":[{"embeddable":true,"href":"https:\/\/sagrinex.com\/de\/wp-json\/wp\/v2\/comments?post=13829"}],"version-history":[{"count":0,"href":"https:\/\/sagrinex.com\/de\/wp-json\/wp\/v2\/product\/13829\/revisions"}],"wp:featuredmedia":[{"embeddable":true,"href":"https:\/\/sagrinex.com\/de\/wp-json\/wp\/v2\/media\/13944"}],"wp:attachment":[{"href":"https:\/\/sagrinex.com\/de\/wp-json\/wp\/v2\/media?parent=13829"}],"wp:term":[{"taxonomy":"product_brand","embeddable":true,"href":"https:\/\/sagrinex.com\/de\/wp-json\/wp\/v2\/product_brand?post=13829"},{"taxonomy":"product_cat","embeddable":true,"href":"https:\/\/sagrinex.com\/de\/wp-json\/wp\/v2\/product_cat?post=13829"},{"taxonomy":"product_tag","embeddable":true,"href":"https:\/\/sagrinex.com\/de\/wp-json\/wp\/v2\/product_tag?post=13829"}],"curies":[{"name":"wp","href":"https:\/\/api.w.org\/{rel}","templated":true}]}}