{"id":13849,"date":"2026-03-15T21:08:19","date_gmt":"2026-03-15T21:08:19","guid":{"rendered":"https:\/\/sagrinex.com\/produit\/inhalt-thermo-king-20%e2%80%b2-dry\/"},"modified":"2026-04-15T21:12:08","modified_gmt":"2026-04-15T21:12:08","slug":"inhalt-thermo-king-20%e2%80%b2-dry","status":"publish","type":"product","link":"https:\/\/sagrinex.com\/de\/produit\/inhalt-thermo-king-20%e2%80%b2-dry\/","title":{"rendered":"Inhalt Thermo King 20\u2032 Dry"},"content":{"rendered":"<h2 data-start=\"120\" data-end=\"221\"><strong data-start=\"126\" data-end=\"221\">20 FUSS K\u00dcHLCONTAINER \u2013 LEISTUNG, ZUVERL\u00c4SSIGKEIT &#038; PROFESSIONELLE THERMISCHE KONTROLLE<\/strong><\/h2>\n<p data-start=\"223\" data-end=\"586\">Der 20-Fu\u00df-K\u00fchlcontainer ist so konzipiert, dass er die strengsten Anforderungen an die temperaturkontrollierte Lagerung erf\u00fcllt. Mit seiner robusten Struktur aus Corten- und Edelstahl, seiner leistungsstarken K\u00fchleinheit und seiner Hochleistungsisolierung sorgt es f\u00fcr eine perfekt kontrollierte K\u00fchlkette, selbst unter extremsten Bedingungen.<\/p>\n<p data-start=\"588\" data-end=\"823\">Ideal f\u00fcr Lebensmittel-, Pharma-, Event-, Logistik- oder Industrielagerung bietet dieses Modell ein optimales Volumen von <strong data-start=\"717\" data-end=\"728\">28,6 m\u00b3<\/strong>, eine hohe Ladekapazit\u00e4t und einen weiten Temperaturbereich von <strong data-start=\"805\" data-end=\"822\">-22\u00b0C bis +22\u00b0C<\/strong>.<\/p>\n<hr data-start=\"825\" data-end=\"828\" \/>\n<h2 data-start=\"830\" data-end=\"867\">\ud83d\udcd0 <strong data-start=\"836\" data-end=\"867\">Technische Spezifikationen<\/strong><\/h2>\n<h3 data-start=\"869\" data-end=\"887\"><strong data-start=\"873\" data-end=\"887\">Dimensionen<\/strong><\/h3>\n<p data-start=\"888\" data-end=\"907\"><strong data-start=\"888\" data-end=\"905\">Innenraum:<\/strong><\/p>\n<ul data-start=\"908\" data-end=\"989\">\n<li data-start=\"908\" data-end=\"935\">\n<p data-start=\"910\" data-end=\"935\">L\u00e4nge: <strong data-start=\"921\" data-end=\"933\">5.450 mm<\/strong><\/p>\n<\/li>\n<li data-start=\"936\" data-end=\"962\">\n<p data-start=\"938\" data-end=\"962\">Breite: <strong data-start=\"948\" data-end=\"960\">2.275 mm<\/strong><\/p>\n<\/li>\n<li data-start=\"963\" data-end=\"989\">\n<p data-start=\"965\" data-end=\"989\">H\u00f6he: <strong data-start=\"975\" data-end=\"987\">2.292 mm<\/strong><\/p>\n<\/li>\n<\/ul>\n<p data-start=\"991\" data-end=\"1010\"><strong data-start=\"991\" data-end=\"1008\">Extern:<\/strong><\/p>\n<ul data-start=\"1011\" data-end=\"1092\">\n<li data-start=\"1011\" data-end=\"1038\">\n<p data-start=\"1013\" data-end=\"1038\">L\u00e4nge: <strong data-start=\"1024\" data-end=\"1036\">6.058 mm<\/strong><\/p>\n<\/li>\n<li data-start=\"1039\" data-end=\"1065\">\n<p data-start=\"1041\" data-end=\"1065\">Breite: <strong data-start=\"1051\" data-end=\"1063\">2.438 mm<\/strong><\/p>\n<\/li>\n<li data-start=\"1066\" data-end=\"1092\">\n<p data-start=\"1068\" data-end=\"1092\">H\u00f6he: <strong data-start=\"1078\" data-end=\"1090\">2.591 mm<\/strong><\/p>\n<\/li>\n<\/ul>\n<p data-start=\"1094\" data-end=\"1122\"><strong data-start=\"1094\" data-end=\"1120\">T\u00fcren \u00f6ffnen:<\/strong><\/p>\n<ul data-start=\"1123\" data-end=\"1174\">\n<li data-start=\"1123\" data-end=\"1149\">\n<p data-start=\"1125\" data-end=\"1149\">Breite: <strong data-start=\"1135\" data-end=\"1147\">2.288 mm<\/strong><\/p>\n<\/li>\n<li data-start=\"1150\" data-end=\"1174\">\n<p data-start=\"1152\" data-end=\"1174\">H\u00f6he: <strong data-start=\"1162\" data-end=\"1174\">2.221 mm<\/strong><\/p>\n<\/li>\n<\/ul>\n<hr data-start=\"1176\" data-end=\"1179\" \/>\n<h2 data-start=\"1181\" data-end=\"1212\">\ud83d\udce6 <strong data-start=\"1187\" data-end=\"1212\">F\u00e4higkeiten und Struktur<\/strong><\/h2>\n<ul data-start=\"1213\" data-end=\"1514\">\n<li data-start=\"1213\" data-end=\"1243\">\n<p data-start=\"1215\" data-end=\"1243\"><strong data-start=\"1215\" data-end=\"1235\">Grundfl\u00e4che:<\/strong> 12 m\u00b2<\/p>\n<\/li>\n<li data-start=\"1244\" data-end=\"1274\">\n<p data-start=\"1246\" data-end=\"1274\"><strong data-start=\"1246\" data-end=\"1264\">Nutzvolumen:<\/strong> 28,6 m\u00b3<\/p>\n<\/li>\n<li data-start=\"1275\" data-end=\"1313\">\n<p data-start=\"1277\" data-end=\"1313\"><strong data-start=\"1277\" data-end=\"1308\">Anzahl Europaletten:<\/strong> 10<\/p>\n<\/li>\n<li data-start=\"1314\" data-end=\"1405\">\n<p data-start=\"1316\" data-end=\"1405\"><strong data-start=\"1316\" data-end=\"1330\">Boden:<\/strong> Aluminium-T-Schienen (ideal f\u00fcr Kaltluftzirkulation und Handhabung)<\/p>\n<\/li>\n<li data-start=\"1406\" data-end=\"1457\">\n<p data-start=\"1408\" data-end=\"1457\"><strong data-start=\"1408\" data-end=\"1423\">Struktur:<\/strong> CORTEN-Stahl + Edelstahl<\/p>\n<\/li>\n<li data-start=\"1458\" data-end=\"1514\">\n<p data-start=\"1460\" data-end=\"1514\"><strong data-start=\"1460\" data-end=\"1494\">Hochleistungs-Gummidichtungen<\/strong><\/p>\n<\/li>\n<\/ul>\n<hr data-start=\"1516\" data-end=\"1519\" \/>\n<h2 data-start=\"1521\" data-end=\"1557\">\u2699\ufe0f <strong data-start=\"1527\" data-end=\"1557\">K\u00fchlleistung<\/strong><\/h2>\n<ul data-start=\"1558\" data-end=\"1813\">\n<li data-start=\"1558\" data-end=\"1602\">\n<p data-start=\"1560\" data-end=\"1602\"><strong data-start=\"1560\" data-end=\"1586\">Temperaturbereich:<\/strong> -22\u00b0C bis +22\u00b0C<\/p>\n<\/li>\n<li data-start=\"1603\" data-end=\"1637\">\n<p data-start=\"1605\" data-end=\"1637\"><strong data-start=\"1605\" data-end=\"1629\">K\u00e4ltemittel:<\/strong> R134a<\/p>\n<\/li>\n<li data-start=\"1638\" data-end=\"1671\">\n<p data-start=\"1640\" data-end=\"1671\"><strong data-start=\"1640\" data-end=\"1669\">Automatische Abtauung<\/strong><\/p>\n<\/li>\n<li data-start=\"1672\" data-end=\"1737\">\n<p data-start=\"1674\" data-end=\"1737\"><strong data-start=\"1674\" data-end=\"1735\">Elektronische oder mechanische Aufzeichnung von Temperaturen<\/strong><\/p>\n<\/li>\n<li data-start=\"1738\" data-end=\"1774\">\n<p data-start=\"1740\" data-end=\"1774\"><strong data-start=\"1740\" data-end=\"1766\">Erforderliche Leistung:<\/strong> 12 kW<\/p>\n<\/li>\n<li data-start=\"1775\" data-end=\"1813\">\n<p data-start=\"1777\" data-end=\"1813\"><strong data-start=\"1777\" data-end=\"1806\">Stromverbrauch:<\/strong> 16 A<\/p>\n<\/li>\n<\/ul>\n<hr data-start=\"1815\" data-end=\"1818\" \/>\n<h2 data-start=\"1820\" data-end=\"1851\">\ud83d\udd0c <strong data-start=\"1826\" data-end=\"1851\">Elektrische Ausr\u00fcstung<\/strong><\/h2>\n<ul data-start=\"1852\" data-end=\"1952\">\n<li data-start=\"1852\" data-end=\"1892\">\n<p data-start=\"1854\" data-end=\"1892\">Spannung: <strong data-start=\"1864\" data-end=\"1890\">380 \/ 440 V \u2013 50\/60 Hz<\/strong><\/p>\n<\/li>\n<li data-start=\"1893\" data-end=\"1952\">\n<p data-start=\"1895\" data-end=\"1952\">Buchse: <strong data-start=\"1903\" data-end=\"1950\">32A \u2013 5 Pins (3 Phasen + Neutralleiter + Erde)<\/strong><\/p>\n<\/li>\n<\/ul>\n<hr data-start=\"1954\" data-end=\"1957\" \/>\n<h2 data-start=\"1959\" data-end=\"1984\">\u2696\ufe0f <strong data-start=\"1965\" data-end=\"1984\">Gewichte und Lasten<\/strong><\/h2>\n<ul data-start=\"1985\" data-end=\"2088\">\n<li data-start=\"1985\" data-end=\"2016\">\n<p data-start=\"1987\" data-end=\"2016\"><strong data-start=\"1987\" data-end=\"2005\">Leergewicht:<\/strong> 2.900 kg<\/p>\n<\/li>\n<li data-start=\"2017\" data-end=\"2047\">\n<p data-start=\"2019\" data-end=\"2047\"><strong data-start=\"2019\" data-end=\"2035\">Maximale Belastung:<\/strong> 27.580 kg<\/p>\n<\/li>\n<li data-start=\"2048\" data-end=\"2088\">\n<p data-start=\"2050\" data-end=\"2088\"><strong data-start=\"2050\" data-end=\"2076\">Zul\u00e4ssiges Gesamtgewicht:<\/strong> 30.480 kg<\/p>\n<\/li>\n<\/ul>\n<hr data-start=\"2090\" data-end=\"2093\" \/>\n<h2 data-start=\"2095\" data-end=\"2113\">\u2b50 <strong data-start=\"2100\" data-end=\"2113\">Vorteile<\/strong><\/h2>\n<p data-start=\"2114\" data-end=\"2477\"> \u2714 Ideal zur Langzeit- oder Zwischenlagerung<br data-start=\"2162\" data-end=\"2165\" \/> \u2714 Leistungsstarkes und sparsames K\u00fchlger\u00e4t<br data-start=\"2209\" data-end=\"2212\" \/> \u2714 Einfacher Zugang durch breite T\u00fcr\u00f6ffnung<br data-start=\"2260\" data-end=\"2263\" \/> \u2714 Einfache Reinigung Edelstahlw\u00e4nde (Lebensmittelhygiene)<br data-start=\"2317\" data-end=\"2320\" \/> \u2714 Hochleistungsisolierung (stabile Temperaturerhaltung)<br data-start=\"2379\" data-end=\"2382\" \/> \u2714 Geeignet f\u00fcr Lebensmittel-, Pharma-, Logistik- oder Eventprofis<\/p>\n","protected":false},"excerpt":{"rendered":"<p>Dieser Beh\u00e4lter erm\u00f6glicht den Transport von G\u00fctern bei kontrollierter Temperatur. Der Vorteil dieser echten mobilen K\u00fchlzelle besteht darin, dass sie in einem weiten Temperaturbereich arbeiten kann. 20-Fu\u00df-K\u00fchlcontainer sind zuverl\u00e4ssige und robuste Ger\u00e4te. Sie sind so konzipiert, dass sie den Bedingungen des See-, Land- und Lufttransports standhalten.<\/p>\n","protected":false},"featured_media":14072,"comment_status":"open","ping_status":"closed","template":"","meta":[],"product_brand":[],"product_cat":[349,347],"product_tag":[],"class_list":{"0":"post-13849","1":"product","2":"type-product","3":"status-publish","4":"has-post-thumbnail","6":"product_cat-kuehllager","7":"product_cat-unsere-container","9":"first","10":"instock","11":"sale","12":"shipping-taxable","13":"purchasable","14":"product-type-simple"},"yoast_head":"<!-- This site is optimized with the Yoast SEO plugin v27.4 - https:\/\/yoast.com\/product\/yoast-seo-wordpress\/ -->\n<title>Inhalt Thermo King 20\u2032 DRY<\/title>\n<meta name=\"description\" content=\"Dieser Beh\u00e4lter erm\u00f6glicht den Transport von G\u00fctern bei kontrollierter Temperatur. Der Vorteil dieser echten mobilen K\u00fchlzelle besteht darin, dass sie in einem weiten Temperaturbereich arbeiten kann. 20-Fu\u00df-K\u00fchlcontainer sind zuverl\u00e4ssige und robuste Ger\u00e4te. Sie sind so konzipiert, dass sie den Bedingungen des See-, Land- und Lufttransports standhalten.\" \/>\n<meta name=\"robots\" content=\"index, follow, max-snippet:-1, max-image-preview:large, max-video-preview:-1\" \/>\n<link rel=\"canonical\" href=\"https:\/\/sagrinex.com\/produit\/conteneur-thermo-king-20\u2032-dry\/\" \/>\n<meta property=\"og:locale\" content=\"de_DE\" \/>\n<meta property=\"og:type\" content=\"article\" \/>\n<meta property=\"og:title\" content=\"Inhalt Thermo King 20\u2032 DRY\" \/>\n<meta property=\"og:description\" content=\"Dieser Beh\u00e4lter erm\u00f6glicht den Transport von G\u00fctern bei kontrollierter Temperatur. Der Vorteil dieser echten mobilen K\u00fchlzelle besteht darin, dass sie in einem weiten Temperaturbereich arbeiten kann. 20-Fu\u00df-K\u00fchlcontainer sind zuverl\u00e4ssige und robuste Ger\u00e4te. Sie sind so konzipiert, dass sie den Bedingungen des See-, Land- und Lufttransports standhalten.\" \/>\n<meta property=\"og:url\" content=\"https:\/\/sagrinex.com\/produit\/conteneur-thermo-king-20\u2032-dry\/\" \/>\n<meta property=\"og:site_name\" content=\"Sagrinex \u2013 Anhaenger, Container &amp; Landtechnik \ud83c\udf3e\ud83d\ude9c\" \/>\n<meta property=\"article:modified_time\" content=\"2026-04-15T21:12:08+00:00\" \/>\n<meta property=\"og:image\" content=\"https:\/\/sagrinex.com\/wp-content\/uploads\/2026\/03\/Image-226-2.jpeg\" \/>\n\t<meta property=\"og:image:width\" content=\"1215\" \/>\n\t<meta property=\"og:image:height\" content=\"684\" \/>\n\t<meta property=\"og:image:type\" content=\"image\/jpeg\" \/>\n<meta name=\"twitter:card\" content=\"summary_large_image\" \/>\n<meta name=\"twitter:label1\" content=\"Gesch\u00e4tzte Lesezeit\" \/>\n\t<meta name=\"twitter:data1\" content=\"1\u00a0Minute\" \/>\n<script type=\"application\/ld+json\" class=\"yoast-schema-graph\">{\"@context\":\"https:\\\/\\\/schema.org\",\"@graph\":[{\"@type\":\"WebPage\",\"@id\":\"https:\\\/\\\/sagrinex.com\\\/produit\\\/conteneur-thermo-king-20%e2%80%b2-dry\\\/\",\"url\":\"https:\\\/\\\/sagrinex.com\\\/produit\\\/conteneur-thermo-king-20%e2%80%b2-dry\\\/\",\"name\":\"Inhalt Thermo King 20\u2032 DRY\",\"isPartOf\":{\"@id\":\"https:\\\/\\\/sagrinex.com\\\/#website\"},\"primaryImageOfPage\":{\"@id\":\"https:\\\/\\\/sagrinex.com\\\/produit\\\/conteneur-thermo-king-20%e2%80%b2-dry\\\/#primaryimage\"},\"image\":{\"@id\":\"https:\\\/\\\/sagrinex.com\\\/produit\\\/conteneur-thermo-king-20%e2%80%b2-dry\\\/#primaryimage\"},\"thumbnailUrl\":\"https:\\\/\\\/sagrinex.com\\\/wp-content\\\/uploads\\\/2026\\\/03\\\/Image-226-2.jpeg\",\"datePublished\":\"2026-03-15T21:08:19+00:00\",\"dateModified\":\"2026-04-15T21:12:08+00:00\",\"description\":\"Dieser Beh\u00e4lter erm\u00f6glicht den Transport von G\u00fctern bei kontrollierter Temperatur. Der Vorteil dieser echten mobilen K\u00fchlzelle besteht darin, dass sie in einem weiten Temperaturbereich arbeiten kann. 20-Fu\u00df-K\u00fchlcontainer sind zuverl\u00e4ssige und robuste Ger\u00e4te. Sie sind so konzipiert, dass sie den Bedingungen des See-, Land- und Lufttransports standhalten.\",\"breadcrumb\":{\"@id\":\"https:\\\/\\\/sagrinex.com\\\/produit\\\/conteneur-thermo-king-20%e2%80%b2-dry\\\/#breadcrumb\"},\"inLanguage\":\"de\",\"potentialAction\":[{\"@type\":\"ReadAction\",\"target\":[\"https:\\\/\\\/sagrinex.com\\\/produit\\\/conteneur-thermo-king-20%e2%80%b2-dry\\\/\"]}]},{\"@type\":\"ImageObject\",\"inLanguage\":\"de\",\"@id\":\"https:\\\/\\\/sagrinex.com\\\/produit\\\/conteneur-thermo-king-20%e2%80%b2-dry\\\/#primaryimage\",\"url\":\"https:\\\/\\\/sagrinex.com\\\/wp-content\\\/uploads\\\/2026\\\/03\\\/Image-226-2.jpeg\",\"contentUrl\":\"https:\\\/\\\/sagrinex.com\\\/wp-content\\\/uploads\\\/2026\\\/03\\\/Image-226-2.jpeg\",\"width\":1215,\"height\":684},{\"@type\":\"BreadcrumbList\",\"@id\":\"https:\\\/\\\/sagrinex.com\\\/produit\\\/conteneur-thermo-king-20%e2%80%b2-dry\\\/#breadcrumb\",\"itemListElement\":[{\"@type\":\"ListItem\",\"position\":1,\"name\":\"Accueil\",\"item\":\"https:\\\/\\\/sagrinex.com\\\/?lang=de\"},{\"@type\":\"ListItem\",\"position\":2,\"name\":\"Shop\",\"item\":\"https:\\\/\\\/sagrinex.com\\\/shop\\\/\"},{\"@type\":\"ListItem\",\"position\":3,\"name\":\"Inhalt Thermo King 20\u2032 Dry\"}]},{\"@type\":\"WebSite\",\"@id\":\"https:\\\/\\\/sagrinex.com\\\/#website\",\"url\":\"https:\\\/\\\/sagrinex.com\\\/\",\"name\":\"Sagrinex \u2013 Spezialist f\u00fcr Anh\u00e4nger, Container & Landtechnik\",\"description\":\"Anhaenger, Container &amp; Landtechnik \u2014 Online-Verkauf &amp; kostenloses Angebot\",\"publisher\":{\"@id\":\"https:\\\/\\\/sagrinex.com\\\/#organization\"},\"potentialAction\":[{\"@type\":\"SearchAction\",\"target\":{\"@type\":\"EntryPoint\",\"urlTemplate\":\"https:\\\/\\\/sagrinex.com\\\/?s={search_term_string}\"},\"query-input\":{\"@type\":\"PropertyValueSpecification\",\"valueRequired\":true,\"valueName\":\"search_term_string\"}}],\"inLanguage\":\"de\"},{\"@type\":\"Organization\",\"@id\":\"https:\\\/\\\/sagrinex.com\\\/#organization\",\"name\":\"Sagrinex \u2013 Remorques, Conteneurs & Mat\u00e9riel Agricole\",\"url\":\"https:\\\/\\\/sagrinex.com\\\/\",\"logo\":{\"@type\":\"ImageObject\",\"inLanguage\":\"de\",\"@id\":\"https:\\\/\\\/sagrinex.com\\\/#\\\/schema\\\/logo\\\/image\\\/\",\"url\":\"https:\\\/\\\/sagrinex.com\\\/wp-content\\\/uploads\\\/2026\\\/03\\\/7f1ac463-ef5a-425d-bdd6-a5da03a334a9-1024x683.png\",\"contentUrl\":\"https:\\\/\\\/sagrinex.com\\\/wp-content\\\/uploads\\\/2026\\\/03\\\/7f1ac463-ef5a-425d-bdd6-a5da03a334a9-1024x683.png\",\"width\":1024,\"height\":683,\"caption\":\"Sagrinex \u2013 Remorques, Conteneurs & Mat\u00e9riel Agricole\"},\"image\":{\"@id\":\"https:\\\/\\\/sagrinex.com\\\/#\\\/schema\\\/logo\\\/image\\\/\"}}]}<\/script>\n<!-- \/ Yoast SEO plugin. -->","yoast_head_json":{"title":"Inhalt Thermo King 20\u2032 DRY","description":"Dieser Beh\u00e4lter erm\u00f6glicht den Transport von G\u00fctern bei kontrollierter Temperatur. Der Vorteil dieser echten mobilen K\u00fchlzelle besteht darin, dass sie in einem weiten Temperaturbereich arbeiten kann. 20-Fu\u00df-K\u00fchlcontainer sind zuverl\u00e4ssige und robuste Ger\u00e4te. Sie sind so konzipiert, dass sie den Bedingungen des See-, Land- und Lufttransports standhalten.","robots":{"index":"index","follow":"follow","max-snippet":"max-snippet:-1","max-image-preview":"max-image-preview:large","max-video-preview":"max-video-preview:-1"},"canonical":"https:\/\/sagrinex.com\/produit\/conteneur-thermo-king-20\u2032-dry\/","og_locale":"de_DE","og_type":"article","og_title":"Inhalt Thermo King 20\u2032 DRY","og_description":"Dieser Beh\u00e4lter erm\u00f6glicht den Transport von G\u00fctern bei kontrollierter Temperatur. Der Vorteil dieser echten mobilen K\u00fchlzelle besteht darin, dass sie in einem weiten Temperaturbereich arbeiten kann. 20-Fu\u00df-K\u00fchlcontainer sind zuverl\u00e4ssige und robuste Ger\u00e4te. Sie sind so konzipiert, dass sie den Bedingungen des See-, Land- und Lufttransports standhalten.","og_url":"https:\/\/sagrinex.com\/produit\/conteneur-thermo-king-20\u2032-dry\/","og_site_name":"Sagrinex \u2013 Anhaenger, Container &amp; Landtechnik \ud83c\udf3e\ud83d\ude9c","article_modified_time":"2026-04-15T21:12:08+00:00","og_image":[{"width":1215,"height":684,"url":"https:\/\/sagrinex.com\/wp-content\/uploads\/2026\/03\/Image-226-2.jpeg","type":"image\/jpeg"}],"twitter_card":"summary_large_image","twitter_misc":{"Gesch\u00e4tzte Lesezeit":"1\u00a0Minute"},"schema":{"@context":"https:\/\/schema.org","@graph":[{"@type":"WebPage","@id":"https:\/\/sagrinex.com\/produit\/conteneur-thermo-king-20%e2%80%b2-dry\/","url":"https:\/\/sagrinex.com\/produit\/conteneur-thermo-king-20%e2%80%b2-dry\/","name":"Inhalt Thermo King 20\u2032 DRY","isPartOf":{"@id":"https:\/\/sagrinex.com\/#website"},"primaryImageOfPage":{"@id":"https:\/\/sagrinex.com\/produit\/conteneur-thermo-king-20%e2%80%b2-dry\/#primaryimage"},"image":{"@id":"https:\/\/sagrinex.com\/produit\/conteneur-thermo-king-20%e2%80%b2-dry\/#primaryimage"},"thumbnailUrl":"https:\/\/sagrinex.com\/wp-content\/uploads\/2026\/03\/Image-226-2.jpeg","datePublished":"2026-03-15T21:08:19+00:00","dateModified":"2026-04-15T21:12:08+00:00","description":"Dieser Beh\u00e4lter erm\u00f6glicht den Transport von G\u00fctern bei kontrollierter Temperatur. Der Vorteil dieser echten mobilen K\u00fchlzelle besteht darin, dass sie in einem weiten Temperaturbereich arbeiten kann. 20-Fu\u00df-K\u00fchlcontainer sind zuverl\u00e4ssige und robuste Ger\u00e4te. Sie sind so konzipiert, dass sie den Bedingungen des See-, Land- und Lufttransports standhalten.","breadcrumb":{"@id":"https:\/\/sagrinex.com\/produit\/conteneur-thermo-king-20%e2%80%b2-dry\/#breadcrumb"},"inLanguage":"de","potentialAction":[{"@type":"ReadAction","target":["https:\/\/sagrinex.com\/produit\/conteneur-thermo-king-20%e2%80%b2-dry\/"]}]},{"@type":"ImageObject","inLanguage":"de","@id":"https:\/\/sagrinex.com\/produit\/conteneur-thermo-king-20%e2%80%b2-dry\/#primaryimage","url":"https:\/\/sagrinex.com\/wp-content\/uploads\/2026\/03\/Image-226-2.jpeg","contentUrl":"https:\/\/sagrinex.com\/wp-content\/uploads\/2026\/03\/Image-226-2.jpeg","width":1215,"height":684},{"@type":"BreadcrumbList","@id":"https:\/\/sagrinex.com\/produit\/conteneur-thermo-king-20%e2%80%b2-dry\/#breadcrumb","itemListElement":[{"@type":"ListItem","position":1,"name":"Accueil","item":"https:\/\/sagrinex.com\/?lang=de"},{"@type":"ListItem","position":2,"name":"Shop","item":"https:\/\/sagrinex.com\/shop\/"},{"@type":"ListItem","position":3,"name":"Inhalt Thermo King 20\u2032 Dry"}]},{"@type":"WebSite","@id":"https:\/\/sagrinex.com\/#website","url":"https:\/\/sagrinex.com\/","name":"Sagrinex \u2013 Spezialist f\u00fcr Anh\u00e4nger, Container & Landtechnik","description":"Anhaenger, Container &amp; Landtechnik \u2014 Online-Verkauf &amp; kostenloses Angebot","publisher":{"@id":"https:\/\/sagrinex.com\/#organization"},"potentialAction":[{"@type":"SearchAction","target":{"@type":"EntryPoint","urlTemplate":"https:\/\/sagrinex.com\/?s={search_term_string}"},"query-input":{"@type":"PropertyValueSpecification","valueRequired":true,"valueName":"search_term_string"}}],"inLanguage":"de"},{"@type":"Organization","@id":"https:\/\/sagrinex.com\/#organization","name":"Sagrinex \u2013 Remorques, Conteneurs & Mat\u00e9riel Agricole","url":"https:\/\/sagrinex.com\/","logo":{"@type":"ImageObject","inLanguage":"de","@id":"https:\/\/sagrinex.com\/#\/schema\/logo\/image\/","url":"https:\/\/sagrinex.com\/wp-content\/uploads\/2026\/03\/7f1ac463-ef5a-425d-bdd6-a5da03a334a9-1024x683.png","contentUrl":"https:\/\/sagrinex.com\/wp-content\/uploads\/2026\/03\/7f1ac463-ef5a-425d-bdd6-a5da03a334a9-1024x683.png","width":1024,"height":683,"caption":"Sagrinex \u2013 Remorques, Conteneurs & Mat\u00e9riel Agricole"},"image":{"@id":"https:\/\/sagrinex.com\/#\/schema\/logo\/image\/"}}]}},"jetpack_sharing_enabled":true,"_links":{"self":[{"href":"https:\/\/sagrinex.com\/de\/wp-json\/wp\/v2\/product\/13849","targetHints":{"allow":["GET"]}}],"collection":[{"href":"https:\/\/sagrinex.com\/de\/wp-json\/wp\/v2\/product"}],"about":[{"href":"https:\/\/sagrinex.com\/de\/wp-json\/wp\/v2\/types\/product"}],"replies":[{"embeddable":true,"href":"https:\/\/sagrinex.com\/de\/wp-json\/wp\/v2\/comments?post=13849"}],"version-history":[{"count":0,"href":"https:\/\/sagrinex.com\/de\/wp-json\/wp\/v2\/product\/13849\/revisions"}],"wp:featuredmedia":[{"embeddable":true,"href":"https:\/\/sagrinex.com\/de\/wp-json\/wp\/v2\/media\/14072"}],"wp:attachment":[{"href":"https:\/\/sagrinex.com\/de\/wp-json\/wp\/v2\/media?parent=13849"}],"wp:term":[{"taxonomy":"product_brand","embeddable":true,"href":"https:\/\/sagrinex.com\/de\/wp-json\/wp\/v2\/product_brand?post=13849"},{"taxonomy":"product_cat","embeddable":true,"href":"https:\/\/sagrinex.com\/de\/wp-json\/wp\/v2\/product_cat?post=13849"},{"taxonomy":"product_tag","embeddable":true,"href":"https:\/\/sagrinex.com\/de\/wp-json\/wp\/v2\/product_tag?post=13849"}],"curies":[{"name":"wp","href":"https:\/\/api.w.org\/{rel}","templated":true}]}}