{"id":13855,"date":"2026-03-15T20:26:36","date_gmt":"2026-03-15T20:26:36","guid":{"rendered":"https:\/\/sagrinex.com\/produit\/gebrauchter-45%e2%80%b2-kuehlcontainer\/"},"modified":"2026-04-07T00:55:40","modified_gmt":"2026-04-07T00:55:40","slug":"gebrauchter-45%e2%80%b2-kuehlcontainer","status":"publish","type":"product","link":"https:\/\/sagrinex.com\/de\/produit\/gebrauchter-45%e2%80%b2-kuehlcontainer\/","title":{"rendered":"Gebrauchter 45\u2032 K\u00fchlcontainer"},"content":{"rendered":"<h1 data-start=\"161\" data-end=\"220\"><strong data-start=\"163\" data-end=\"220\">45\u2018 HC K\u00fchlcontainer<\/strong><\/h1>\n<p data-start=\"222\" data-end=\"590\">Dieser 45-Fu\u00df-High-Cube-K\u00fchlcontainer ist eine leistungsstarke K\u00fchll\u00f6sung, ideal f\u00fcr den Transport und die Langzeitlagerung sensibler Produkte. Es wurde speziell f\u00fcr die Anforderungen der Lebensmittel-, Pharma- und Logistikbranche entwickelt und bietet gro\u00dfe Kapazit\u00e4t, hervorragende Isolierung und pr\u00e4zise Temperaturregelung.<\/p>\n<hr data-start=\"592\" data-end=\"595\" \/>\n<h2 data-start=\"597\" data-end=\"627\">\u2744\ufe0f <strong data-start=\"603\" data-end=\"627\">Temperaturbereich<\/strong><\/h2>\n<p data-start=\"628\" data-end=\"798\">Das K\u00fchlsystem erm\u00f6glicht eine pr\u00e4zise Temperatureinstellung von <strong data-start=\"698\" data-end=\"715\">-25\u00b0C bis +25\u00b0C<\/strong> und garantiert so eine optimale Lagerung der Waren in einer kontrollierten Umgebung.<\/p>\n<p data-start=\"800\" data-end=\"849\">Der Container kann ganz nach Ihren Bed\u00fcrfnissen ausgestattet werden:<\/p>\n<ul data-start=\"850\" data-end=\"905\">\n<li data-start=\"850\" data-end=\"863\">\n<p data-start=\"852\" data-end=\"863\"><strong data-start=\"852\" data-end=\"861\">R134A<\/strong><\/p>\n<\/li>\n<li data-start=\"864\" data-end=\"876\">\n<p data-start=\"866\" data-end=\"876\"><strong data-start=\"866\" data-end=\"874\">R404<\/strong><\/p>\n<\/li>\n<li data-start=\"877\" data-end=\"905\">\n<p data-start=\"879\" data-end=\"905\"><strong data-start=\"879\" data-end=\"887\">R442<\/strong> <em data-start=\"888\" data-end=\"903\">(auf Anfrage)<\/em><\/p>\n<\/li>\n<\/ul>\n<hr data-start=\"907\" data-end=\"910\" \/>\n<h2 data-start=\"912\" data-end=\"954\">\ud83e\uddca <strong data-start=\"918\" data-end=\"954\">K\u00e4ltemanagementsysteme<\/strong><\/h2>\n<p data-start=\"955\" data-end=\"1011\">Jede Einheit kann mit einer Verwaltungskonsole ausgestattet werden:<\/p>\n<ul data-start=\"1012\" data-end=\"1059\">\n<li data-start=\"1012\" data-end=\"1026\">\n<p data-start=\"1014\" data-end=\"1026\"><strong data-start=\"1014\" data-end=\"1024\">Daikin<\/strong><\/p>\n<\/li>\n<li data-start=\"1027\" data-end=\"1045\">\n<p data-start=\"1029\" data-end=\"1045\"><strong data-start=\"1029\" data-end=\"1043\">Thermokieren<\/strong><\/p>\n<\/li>\n<li data-start=\"1046\" data-end=\"1059\">\n<p data-start=\"1048\" data-end=\"1059\"><strong data-start=\"1048\" data-end=\"1059\">Tr\u00e4ger<\/strong><\/p>\n<\/li>\n<\/ul>\n<p data-start=\"1061\" data-end=\"1086\">Diese Konsolen erm\u00f6glichen:<\/p>\n<ul data-start=\"1087\" data-end=\"1218\">\n<li data-start=\"1087\" data-end=\"1126\">\n<p data-start=\"1089\" data-end=\"1126\">pr\u00e4zises Temperaturmanagement,<\/p>\n<\/li>\n<li data-start=\"1127\" data-end=\"1158\">\n<p data-start=\"1129\" data-end=\"1158\">Kontrolle der Luftfeuchtigkeit<\/p>\n<\/li>\n<li data-start=\"1159\" data-end=\"1218\">\n<p data-start=\"1161\" data-end=\"1218\">kontinuierliche \u00dcberwachung der Containerleistung.<\/p>\n<\/li>\n<\/ul>\n<hr data-start=\"1220\" data-end=\"1223\" \/>\n<h2 data-start=\"1225\" data-end=\"1268\">\ud83d\udce6 <strong data-start=\"1231\" data-end=\"1268\">Speicherabmessungen und -kapazit\u00e4t<\/strong><\/h2>\n<h3 data-start=\"1270\" data-end=\"1300\"><strong data-start=\"1274\" data-end=\"1300\">Innenabmessungen<\/strong><\/h3>\n<ul data-start=\"1301\" data-end=\"1429\">\n<li data-start=\"1301\" data-end=\"1329\">\n<p data-start=\"1303\" data-end=\"1329\"><strong data-start=\"1303\" data-end=\"1317\">L\u00e4nge:<\/strong> 13.316 mm<\/p>\n<\/li>\n<li data-start=\"1330\" data-end=\"1356\">\n<p data-start=\"1332\" data-end=\"1356\"><strong data-start=\"1332\" data-end=\"1345\">Breite:<\/strong> 2.440 mm<\/p>\n<\/li>\n<li data-start=\"1357\" data-end=\"1383\">\n<p data-start=\"1359\" data-end=\"1383\"><strong data-start=\"1359\" data-end=\"1372\">H\u00f6he:<\/strong> 2.569 mm<\/p>\n<\/li>\n<li data-start=\"1384\" data-end=\"1429\">\n<p data-start=\"1386\" data-end=\"1429\"><strong data-start=\"1386\" data-end=\"1418\">Nutzh\u00f6he (maximale Belastung):<\/strong> 2.469 mm<\/p>\n<\/li>\n<\/ul>\n<h3 data-start=\"1431\" data-end=\"1461\"><strong data-start=\"1435\" data-end=\"1461\">Externe Abmessungen<\/strong><\/h3>\n<ul data-start=\"1462\" data-end=\"1544\">\n<li data-start=\"1462\" data-end=\"1490\">\n<p data-start=\"1464\" data-end=\"1490\"><strong data-start=\"1464\" data-end=\"1478\">L\u00e4nge:<\/strong> 13.720 mm<\/p>\n<\/li>\n<li data-start=\"1491\" data-end=\"1517\">\n<p data-start=\"1493\" data-end=\"1517\"><strong data-start=\"1493\" data-end=\"1506\">Breite:<\/strong> 2.550 mm<\/p>\n<\/li>\n<li data-start=\"1518\" data-end=\"1544\">\n<p data-start=\"1520\" data-end=\"1544\"><strong data-start=\"1520\" data-end=\"1533\">H\u00f6he:<\/strong> 2.890 mm<\/p>\n<\/li>\n<\/ul>\n<h3 data-start=\"1546\" data-end=\"1574\"><strong data-start=\"1550\" data-end=\"1574\">T\u00fcren \u00f6ffnen sich<\/strong><\/h3>\n<ul data-start=\"1575\" data-end=\"1628\">\n<li data-start=\"1575\" data-end=\"1601\">\n<p data-start=\"1577\" data-end=\"1601\"><strong data-start=\"1577\" data-end=\"1590\">Breite:<\/strong> 2.440 mm<\/p>\n<\/li>\n<li data-start=\"1602\" data-end=\"1628\">\n<p data-start=\"1604\" data-end=\"1628\"><strong data-start=\"1604\" data-end=\"1617\">H\u00f6he:<\/strong> 2.562 mm<\/p>\n<\/li>\n<\/ul>\n<h3 data-start=\"1630\" data-end=\"1650\"><strong data-start=\"1634\" data-end=\"1650\">Nutzbares Volumen<\/strong><\/h3>\n<ul data-start=\"1651\" data-end=\"1705\">\n<li data-start=\"1651\" data-end=\"1705\">\n<p data-start=\"1653\" data-end=\"1705\"><strong data-start=\"1653\" data-end=\"1662\">83 m\u00b3<\/strong> (bis zur maximalen L\u00fcftungslinie)<\/p>\n<\/li>\n<\/ul>\n<h3 data-start=\"1707\" data-end=\"1732\"><strong data-start=\"1711\" data-end=\"1732\">Palettenkapazit\u00e4t<\/strong><\/h3>\n<ul data-start=\"1733\" data-end=\"1779\">\n<li data-start=\"1733\" data-end=\"1779\">\n<p data-start=\"1735\" data-end=\"1779\">Bis zu <strong data-start=\"1743\" data-end=\"1765\">33 Europaletten<\/strong> (800\u00d71200 mm)<\/p>\n<\/li>\n<\/ul>\n<hr data-start=\"1781\" data-end=\"1784\" \/>\n<h2 data-start=\"1786\" data-end=\"1818\">\ud83d\udd27 <strong data-start=\"1792\" data-end=\"1818\">Struktur und Materialien<\/strong><\/h2>\n<ul data-start=\"1819\" data-end=\"2060\">\n<li data-start=\"1819\" data-end=\"1883\">\n<p data-start=\"1821\" data-end=\"1883\"><strong data-start=\"1821\" data-end=\"1837\">CORTEN-Stahl<\/strong> f\u00fcr maximale Korrosionsbest\u00e4ndigkeit<\/p>\n<\/li>\n<li data-start=\"1884\" data-end=\"1941\">\n<p data-start=\"1886\" data-end=\"1941\"><strong data-start=\"1886\" data-end=\"1894\">Edelstahl<\/strong> f\u00fcr einwandfreie Hygiene im Inneren<\/p>\n<\/li>\n<li data-start=\"1942\" data-end=\"2004\">\n<p data-start=\"1944\" data-end=\"2004\"><strong data-start=\"1944\" data-end=\"1971\">Flacher Aluminiumboden<\/strong>, robust und pflegeleicht<\/p>\n<\/li>\n<li data-start=\"2005\" data-end=\"2060\">\n<p data-start=\"2007\" data-end=\"2060\"><strong data-start=\"2007\" data-end=\"2032\">Zweifl\u00fcgelige T\u00fcren<\/strong>, \u00d6ffnungsweite <strong data-start=\"2052\" data-end=\"2060\">270\u00b0<\/strong><\/p>\n<\/li>\n<\/ul>\n<hr data-start=\"2062\" data-end=\"2065\" \/>\n<h2 data-start=\"2067\" data-end=\"2092\">\u2699\ufe0f <strong data-start=\"2073\" data-end=\"2092\">Gewichte und Lasten<\/strong><\/h2>\n<ul data-start=\"2093\" data-end=\"2206\">\n<li data-start=\"2093\" data-end=\"2124\">\n<p data-start=\"2095\" data-end=\"2124\"><strong data-start=\"2095\" data-end=\"2113\">Leergewicht:<\/strong> 6.180 kg<\/p>\n<\/li>\n<li data-start=\"2125\" data-end=\"2166\">\n<p data-start=\"2127\" data-end=\"2166\"><strong data-start=\"2127\" data-end=\"2154\">Maximale Nutzlast:<\/strong> 27.820 kg<\/p>\n<\/li>\n<li data-start=\"2167\" data-end=\"2206\">\n<p data-start=\"2169\" data-end=\"2206\"><strong data-start=\"2169\" data-end=\"2194\">Maximales Gesamtgewicht:<\/strong> 34.000 kg<\/p>\n<\/li>\n<\/ul>\n<p data-start=\"2208\" data-end=\"2267\"><em data-start=\"2208\" data-end=\"2267\">Werte k\u00f6nnen je nach Hersteller leicht variieren.<\/em><\/p>\n<hr data-start=\"2269\" data-end=\"2272\" \/>\n<h2 data-start=\"2274\" data-end=\"2303\">\u2b50 <strong data-start=\"2279\" data-end=\"2303\">Hauptvorteile<\/strong><\/h2>\n<ul data-start=\"2304\" data-end=\"2607\">\n<li data-start=\"2304\" data-end=\"2334\">\n<p data-start=\"2306\" data-end=\"2334\">Gro\u00dfes Innenvolumen<\/p>\n<\/li>\n<li data-start=\"2335\" data-end=\"2372\">\n<p data-start=\"2337\" data-end=\"2372\">Premium-Materialien (CORTEN + INOX)<\/p>\n<\/li>\n<li data-start=\"2373\" data-end=\"2402\">\n<p data-start=\"2375\" data-end=\"2402\">Pr\u00e4zise Temperaturkontrolle<\/p>\n<\/li>\n<li data-start=\"2403\" data-end=\"2446\">\n<p data-start=\"2405\" data-end=\"2446\">High-End-K\u00fchlger\u00e4te<\/p>\n<\/li>\n<li data-start=\"2447\" data-end=\"2514\">\n<p data-start=\"2449\" data-end=\"2514\">Geeignet f\u00fcr Versand, Stra\u00dfentransport und statische Lagerung<\/p>\n<\/li>\n<li data-start=\"2515\" data-end=\"2607\">\n<p data-start=\"2517\" data-end=\"2607\">Ideal f\u00fcr sensible Produkte: Lebensmittel, Tiefk\u00fchlkost, Arzneimittel, Blumen, Getr\u00e4nke usw.<\/p>\n<\/li>\n<\/ul>\n","protected":false},"excerpt":{"rendered":"<p>Der 45-Fu\u00df-K\u00fchlcontainer ist der gr\u00f6\u00dfte K\u00fchlcontainer und wird h\u00e4ufig f\u00fcr die Langzeitlagerung verschiedener Waren verwendet. Der Container-K\u00fchlraum ICE 45 FEET eignet sich perfekt f\u00fcr die maximale Lagerung von EURO-Paletten mit den Ma\u00dfen 800 mm x 1200 mm. Zus\u00e4tzlich zu dieser Lagerkapazit\u00e4t von 33 Europaletten macht ihn sein betr\u00e4chtliches Volumen zu einem K\u00fchlcontainer maximaler Gr\u00f6\u00dfe. Es ist auch m\u00f6glich, Ausschnitte anzufertigen, um mehrere Beh\u00e4lter zusammenzuf\u00fcgen und einen K\u00fchlraum von mehr als 80 m2 zu schaffen. Der 45\u2018-K\u00fchlcontainer funktioniert mit einer 380-V-Steckdose. Es ist mit Maschinen ausgestattet, die in einem Temperaturbereich von +25 \u00b0C bis -25 \u00b0C arbeiten.<\/p>\n","protected":false},"featured_media":14105,"comment_status":"open","ping_status":"closed","template":"","meta":[],"product_brand":[],"product_cat":[349,347],"product_tag":[],"class_list":{"0":"post-13855","1":"product","2":"type-product","3":"status-publish","4":"has-post-thumbnail","6":"product_cat-kuehllager","7":"product_cat-unsere-container","9":"first","10":"instock","11":"sale","12":"shipping-taxable","13":"purchasable","14":"product-type-simple"},"yoast_head":"<!-- This site is optimized with the Yoast SEO plugin v27.4 - https:\/\/yoast.com\/product\/yoast-seo-wordpress\/ -->\n<title>Container 45\u2032 K\u00fchlcontainer gebraucht<\/title>\n<meta name=\"description\" content=\"Der 45-Fu\u00df-K\u00fchlcontainer ist der gr\u00f6\u00dfte K\u00fchlcontainer und wird h\u00e4ufig f\u00fcr die Langzeitlagerung verschiedener Waren verwendet. Der Container-K\u00fchlraum ICE 45 FEET eignet sich perfekt f\u00fcr die maximale Lagerung von EURO-Paletten mit den Ma\u00dfen 800 mm x 1200 mm. Zus\u00e4tzlich zu dieser Lagerkapazit\u00e4t von 33 Europaletten macht ihn sein betr\u00e4chtliches Volumen zu einem K\u00fchlcontainer maximaler Gr\u00f6\u00dfe. Es ist auch m\u00f6glich, Ausschnitte anzufertigen, um mehrere Beh\u00e4lter zusammenzuf\u00fcgen und einen K\u00fchlraum von mehr als 80 m2 zu schaffen. Der 45\u2018-K\u00fchlcontainer funktioniert mit einer 380-V-Steckdose. Es ist mit Maschinen ausgestattet, die in einem Temperaturbereich von +25 \u00b0C bis -25 \u00b0C arbeiten.\" \/>\n<meta name=\"robots\" content=\"index, follow, max-snippet:-1, max-image-preview:large, max-video-preview:-1\" \/>\n<link rel=\"canonical\" href=\"https:\/\/sagrinex.com\/produit\/container-45\u2032-frigorifique-reefer-occasion\/\" \/>\n<meta property=\"og:locale\" content=\"de_DE\" \/>\n<meta property=\"og:type\" content=\"article\" \/>\n<meta property=\"og:title\" content=\"Container 45\u2032 K\u00fchlcontainer gebraucht\" \/>\n<meta property=\"og:description\" content=\"Der 45-Fu\u00df-K\u00fchlcontainer ist der gr\u00f6\u00dfte K\u00fchlcontainer und wird h\u00e4ufig f\u00fcr die Langzeitlagerung verschiedener Waren verwendet. Der Container-K\u00fchlraum ICE 45 FEET eignet sich perfekt f\u00fcr die maximale Lagerung von EURO-Paletten mit den Ma\u00dfen 800 mm x 1200 mm. Zus\u00e4tzlich zu dieser Lagerkapazit\u00e4t von 33 Europaletten macht ihn sein betr\u00e4chtliches Volumen zu einem K\u00fchlcontainer maximaler Gr\u00f6\u00dfe. Es ist auch m\u00f6glich, Ausschnitte anzufertigen, um mehrere Beh\u00e4lter zusammenzuf\u00fcgen und einen K\u00fchlraum von mehr als 80 m2 zu schaffen. Der 45\u2018-K\u00fchlcontainer funktioniert mit einer 380-V-Steckdose. Es ist mit Maschinen ausgestattet, die in einem Temperaturbereich von +25 \u00b0C bis -25 \u00b0C arbeiten.\" \/>\n<meta property=\"og:url\" content=\"https:\/\/sagrinex.com\/produit\/container-45\u2032-frigorifique-reefer-occasion\/\" \/>\n<meta property=\"og:site_name\" content=\"Sagrinex \u2013 Anhaenger, Container &amp; Landtechnik \ud83c\udf3e\ud83d\ude9c\" \/>\n<meta property=\"article:modified_time\" content=\"2026-04-07T00:55:40+00:00\" \/>\n<meta property=\"og:image\" content=\"https:\/\/sagrinex.com\/wp-content\/uploads\/2026\/03\/Image-210-2.jpeg\" \/>\n\t<meta property=\"og:image:width\" content=\"1024\" \/>\n\t<meta property=\"og:image:height\" content=\"1024\" \/>\n\t<meta property=\"og:image:type\" content=\"image\/jpeg\" \/>\n<meta name=\"twitter:card\" content=\"summary_large_image\" \/>\n<meta name=\"twitter:label1\" content=\"Gesch\u00e4tzte Lesezeit\" \/>\n\t<meta name=\"twitter:data1\" content=\"1\u00a0Minute\" \/>\n<script type=\"application\/ld+json\" class=\"yoast-schema-graph\">{\"@context\":\"https:\\\/\\\/schema.org\",\"@graph\":[{\"@type\":\"WebPage\",\"@id\":\"https:\\\/\\\/sagrinex.com\\\/produit\\\/container-45%e2%80%b2-frigorifique-reefer-occasion\\\/\",\"url\":\"https:\\\/\\\/sagrinex.com\\\/produit\\\/container-45%e2%80%b2-frigorifique-reefer-occasion\\\/\",\"name\":\"Container 45\u2032 K\u00fchlcontainer gebraucht\",\"isPartOf\":{\"@id\":\"https:\\\/\\\/sagrinex.com\\\/#website\"},\"primaryImageOfPage\":{\"@id\":\"https:\\\/\\\/sagrinex.com\\\/produit\\\/container-45%e2%80%b2-frigorifique-reefer-occasion\\\/#primaryimage\"},\"image\":{\"@id\":\"https:\\\/\\\/sagrinex.com\\\/produit\\\/container-45%e2%80%b2-frigorifique-reefer-occasion\\\/#primaryimage\"},\"thumbnailUrl\":\"https:\\\/\\\/sagrinex.com\\\/wp-content\\\/uploads\\\/2026\\\/03\\\/Image-210-2.jpeg\",\"datePublished\":\"2026-03-15T20:26:36+00:00\",\"dateModified\":\"2026-04-07T00:55:40+00:00\",\"description\":\"Der 45-Fu\u00df-K\u00fchlcontainer ist der gr\u00f6\u00dfte K\u00fchlcontainer und wird h\u00e4ufig f\u00fcr die Langzeitlagerung verschiedener Waren verwendet. Der Container-K\u00fchlraum ICE 45 FEET eignet sich perfekt f\u00fcr die maximale Lagerung von EURO-Paletten mit den Ma\u00dfen 800 mm x 1200 mm. Zus\u00e4tzlich zu dieser Lagerkapazit\u00e4t von 33 Europaletten macht ihn sein betr\u00e4chtliches Volumen zu einem K\u00fchlcontainer maximaler Gr\u00f6\u00dfe. Es ist auch m\u00f6glich, Ausschnitte anzufertigen, um mehrere Beh\u00e4lter zusammenzuf\u00fcgen und einen K\u00fchlraum von mehr als 80 m2 zu schaffen. Der 45\u2018-K\u00fchlcontainer funktioniert mit einer 380-V-Steckdose. Es ist mit Maschinen ausgestattet, die in einem Temperaturbereich von +25 \u00b0C bis -25 \u00b0C arbeiten.\",\"breadcrumb\":{\"@id\":\"https:\\\/\\\/sagrinex.com\\\/produit\\\/container-45%e2%80%b2-frigorifique-reefer-occasion\\\/#breadcrumb\"},\"inLanguage\":\"de\",\"potentialAction\":[{\"@type\":\"ReadAction\",\"target\":[\"https:\\\/\\\/sagrinex.com\\\/produit\\\/container-45%e2%80%b2-frigorifique-reefer-occasion\\\/\"]}]},{\"@type\":\"ImageObject\",\"inLanguage\":\"de\",\"@id\":\"https:\\\/\\\/sagrinex.com\\\/produit\\\/container-45%e2%80%b2-frigorifique-reefer-occasion\\\/#primaryimage\",\"url\":\"https:\\\/\\\/sagrinex.com\\\/wp-content\\\/uploads\\\/2026\\\/03\\\/Image-210-2.jpeg\",\"contentUrl\":\"https:\\\/\\\/sagrinex.com\\\/wp-content\\\/uploads\\\/2026\\\/03\\\/Image-210-2.jpeg\",\"width\":1024,\"height\":1024},{\"@type\":\"BreadcrumbList\",\"@id\":\"https:\\\/\\\/sagrinex.com\\\/produit\\\/container-45%e2%80%b2-frigorifique-reefer-occasion\\\/#breadcrumb\",\"itemListElement\":[{\"@type\":\"ListItem\",\"position\":1,\"name\":\"Accueil\",\"item\":\"https:\\\/\\\/sagrinex.com\\\/?lang=de\"},{\"@type\":\"ListItem\",\"position\":2,\"name\":\"Shop\",\"item\":\"https:\\\/\\\/sagrinex.com\\\/shop\\\/\"},{\"@type\":\"ListItem\",\"position\":3,\"name\":\"Gebrauchter 45\u2032 K\u00fchlcontainer\"}]},{\"@type\":\"WebSite\",\"@id\":\"https:\\\/\\\/sagrinex.com\\\/#website\",\"url\":\"https:\\\/\\\/sagrinex.com\\\/\",\"name\":\"Sagrinex \u2013 Spezialist f\u00fcr Anh\u00e4nger, Container & Landtechnik\",\"description\":\"Anhaenger, Container &amp; Landtechnik \u2014 Online-Verkauf &amp; kostenloses Angebot\",\"publisher\":{\"@id\":\"https:\\\/\\\/sagrinex.com\\\/#organization\"},\"potentialAction\":[{\"@type\":\"SearchAction\",\"target\":{\"@type\":\"EntryPoint\",\"urlTemplate\":\"https:\\\/\\\/sagrinex.com\\\/?s={search_term_string}\"},\"query-input\":{\"@type\":\"PropertyValueSpecification\",\"valueRequired\":true,\"valueName\":\"search_term_string\"}}],\"inLanguage\":\"de\"},{\"@type\":\"Organization\",\"@id\":\"https:\\\/\\\/sagrinex.com\\\/#organization\",\"name\":\"Sagrinex \u2013 Remorques, Conteneurs & Mat\u00e9riel Agricole\",\"url\":\"https:\\\/\\\/sagrinex.com\\\/\",\"logo\":{\"@type\":\"ImageObject\",\"inLanguage\":\"de\",\"@id\":\"https:\\\/\\\/sagrinex.com\\\/#\\\/schema\\\/logo\\\/image\\\/\",\"url\":\"https:\\\/\\\/sagrinex.com\\\/wp-content\\\/uploads\\\/2026\\\/03\\\/7f1ac463-ef5a-425d-bdd6-a5da03a334a9-1024x683.png\",\"contentUrl\":\"https:\\\/\\\/sagrinex.com\\\/wp-content\\\/uploads\\\/2026\\\/03\\\/7f1ac463-ef5a-425d-bdd6-a5da03a334a9-1024x683.png\",\"width\":1024,\"height\":683,\"caption\":\"Sagrinex \u2013 Remorques, Conteneurs & Mat\u00e9riel Agricole\"},\"image\":{\"@id\":\"https:\\\/\\\/sagrinex.com\\\/#\\\/schema\\\/logo\\\/image\\\/\"}}]}<\/script>\n<!-- \/ Yoast SEO plugin. -->","yoast_head_json":{"title":"Container 45\u2032 K\u00fchlcontainer gebraucht","description":"Der 45-Fu\u00df-K\u00fchlcontainer ist der gr\u00f6\u00dfte K\u00fchlcontainer und wird h\u00e4ufig f\u00fcr die Langzeitlagerung verschiedener Waren verwendet. Der Container-K\u00fchlraum ICE 45 FEET eignet sich perfekt f\u00fcr die maximale Lagerung von EURO-Paletten mit den Ma\u00dfen 800 mm x 1200 mm. Zus\u00e4tzlich zu dieser Lagerkapazit\u00e4t von 33 Europaletten macht ihn sein betr\u00e4chtliches Volumen zu einem K\u00fchlcontainer maximaler Gr\u00f6\u00dfe. Es ist auch m\u00f6glich, Ausschnitte anzufertigen, um mehrere Beh\u00e4lter zusammenzuf\u00fcgen und einen K\u00fchlraum von mehr als 80 m2 zu schaffen. Der 45\u2018-K\u00fchlcontainer funktioniert mit einer 380-V-Steckdose. Es ist mit Maschinen ausgestattet, die in einem Temperaturbereich von +25 \u00b0C bis -25 \u00b0C arbeiten.","robots":{"index":"index","follow":"follow","max-snippet":"max-snippet:-1","max-image-preview":"max-image-preview:large","max-video-preview":"max-video-preview:-1"},"canonical":"https:\/\/sagrinex.com\/produit\/container-45\u2032-frigorifique-reefer-occasion\/","og_locale":"de_DE","og_type":"article","og_title":"Container 45\u2032 K\u00fchlcontainer gebraucht","og_description":"Der 45-Fu\u00df-K\u00fchlcontainer ist der gr\u00f6\u00dfte K\u00fchlcontainer und wird h\u00e4ufig f\u00fcr die Langzeitlagerung verschiedener Waren verwendet. Der Container-K\u00fchlraum ICE 45 FEET eignet sich perfekt f\u00fcr die maximale Lagerung von EURO-Paletten mit den Ma\u00dfen 800 mm x 1200 mm. Zus\u00e4tzlich zu dieser Lagerkapazit\u00e4t von 33 Europaletten macht ihn sein betr\u00e4chtliches Volumen zu einem K\u00fchlcontainer maximaler Gr\u00f6\u00dfe. Es ist auch m\u00f6glich, Ausschnitte anzufertigen, um mehrere Beh\u00e4lter zusammenzuf\u00fcgen und einen K\u00fchlraum von mehr als 80 m2 zu schaffen. Der 45\u2018-K\u00fchlcontainer funktioniert mit einer 380-V-Steckdose. Es ist mit Maschinen ausgestattet, die in einem Temperaturbereich von +25 \u00b0C bis -25 \u00b0C arbeiten.","og_url":"https:\/\/sagrinex.com\/produit\/container-45\u2032-frigorifique-reefer-occasion\/","og_site_name":"Sagrinex \u2013 Anhaenger, Container &amp; Landtechnik \ud83c\udf3e\ud83d\ude9c","article_modified_time":"2026-04-07T00:55:40+00:00","og_image":[{"width":1024,"height":1024,"url":"https:\/\/sagrinex.com\/wp-content\/uploads\/2026\/03\/Image-210-2.jpeg","type":"image\/jpeg"}],"twitter_card":"summary_large_image","twitter_misc":{"Gesch\u00e4tzte Lesezeit":"1\u00a0Minute"},"schema":{"@context":"https:\/\/schema.org","@graph":[{"@type":"WebPage","@id":"https:\/\/sagrinex.com\/produit\/container-45%e2%80%b2-frigorifique-reefer-occasion\/","url":"https:\/\/sagrinex.com\/produit\/container-45%e2%80%b2-frigorifique-reefer-occasion\/","name":"Container 45\u2032 K\u00fchlcontainer gebraucht","isPartOf":{"@id":"https:\/\/sagrinex.com\/#website"},"primaryImageOfPage":{"@id":"https:\/\/sagrinex.com\/produit\/container-45%e2%80%b2-frigorifique-reefer-occasion\/#primaryimage"},"image":{"@id":"https:\/\/sagrinex.com\/produit\/container-45%e2%80%b2-frigorifique-reefer-occasion\/#primaryimage"},"thumbnailUrl":"https:\/\/sagrinex.com\/wp-content\/uploads\/2026\/03\/Image-210-2.jpeg","datePublished":"2026-03-15T20:26:36+00:00","dateModified":"2026-04-07T00:55:40+00:00","description":"Der 45-Fu\u00df-K\u00fchlcontainer ist der gr\u00f6\u00dfte K\u00fchlcontainer und wird h\u00e4ufig f\u00fcr die Langzeitlagerung verschiedener Waren verwendet. Der Container-K\u00fchlraum ICE 45 FEET eignet sich perfekt f\u00fcr die maximale Lagerung von EURO-Paletten mit den Ma\u00dfen 800 mm x 1200 mm. Zus\u00e4tzlich zu dieser Lagerkapazit\u00e4t von 33 Europaletten macht ihn sein betr\u00e4chtliches Volumen zu einem K\u00fchlcontainer maximaler Gr\u00f6\u00dfe. Es ist auch m\u00f6glich, Ausschnitte anzufertigen, um mehrere Beh\u00e4lter zusammenzuf\u00fcgen und einen K\u00fchlraum von mehr als 80 m2 zu schaffen. Der 45\u2018-K\u00fchlcontainer funktioniert mit einer 380-V-Steckdose. Es ist mit Maschinen ausgestattet, die in einem Temperaturbereich von +25 \u00b0C bis -25 \u00b0C arbeiten.","breadcrumb":{"@id":"https:\/\/sagrinex.com\/produit\/container-45%e2%80%b2-frigorifique-reefer-occasion\/#breadcrumb"},"inLanguage":"de","potentialAction":[{"@type":"ReadAction","target":["https:\/\/sagrinex.com\/produit\/container-45%e2%80%b2-frigorifique-reefer-occasion\/"]}]},{"@type":"ImageObject","inLanguage":"de","@id":"https:\/\/sagrinex.com\/produit\/container-45%e2%80%b2-frigorifique-reefer-occasion\/#primaryimage","url":"https:\/\/sagrinex.com\/wp-content\/uploads\/2026\/03\/Image-210-2.jpeg","contentUrl":"https:\/\/sagrinex.com\/wp-content\/uploads\/2026\/03\/Image-210-2.jpeg","width":1024,"height":1024},{"@type":"BreadcrumbList","@id":"https:\/\/sagrinex.com\/produit\/container-45%e2%80%b2-frigorifique-reefer-occasion\/#breadcrumb","itemListElement":[{"@type":"ListItem","position":1,"name":"Accueil","item":"https:\/\/sagrinex.com\/?lang=de"},{"@type":"ListItem","position":2,"name":"Shop","item":"https:\/\/sagrinex.com\/shop\/"},{"@type":"ListItem","position":3,"name":"Gebrauchter 45\u2032 K\u00fchlcontainer"}]},{"@type":"WebSite","@id":"https:\/\/sagrinex.com\/#website","url":"https:\/\/sagrinex.com\/","name":"Sagrinex \u2013 Spezialist f\u00fcr Anh\u00e4nger, Container & Landtechnik","description":"Anhaenger, Container &amp; Landtechnik \u2014 Online-Verkauf &amp; kostenloses Angebot","publisher":{"@id":"https:\/\/sagrinex.com\/#organization"},"potentialAction":[{"@type":"SearchAction","target":{"@type":"EntryPoint","urlTemplate":"https:\/\/sagrinex.com\/?s={search_term_string}"},"query-input":{"@type":"PropertyValueSpecification","valueRequired":true,"valueName":"search_term_string"}}],"inLanguage":"de"},{"@type":"Organization","@id":"https:\/\/sagrinex.com\/#organization","name":"Sagrinex \u2013 Remorques, Conteneurs & Mat\u00e9riel Agricole","url":"https:\/\/sagrinex.com\/","logo":{"@type":"ImageObject","inLanguage":"de","@id":"https:\/\/sagrinex.com\/#\/schema\/logo\/image\/","url":"https:\/\/sagrinex.com\/wp-content\/uploads\/2026\/03\/7f1ac463-ef5a-425d-bdd6-a5da03a334a9-1024x683.png","contentUrl":"https:\/\/sagrinex.com\/wp-content\/uploads\/2026\/03\/7f1ac463-ef5a-425d-bdd6-a5da03a334a9-1024x683.png","width":1024,"height":683,"caption":"Sagrinex \u2013 Remorques, Conteneurs & Mat\u00e9riel Agricole"},"image":{"@id":"https:\/\/sagrinex.com\/#\/schema\/logo\/image\/"}}]}},"jetpack_sharing_enabled":true,"_links":{"self":[{"href":"https:\/\/sagrinex.com\/de\/wp-json\/wp\/v2\/product\/13855","targetHints":{"allow":["GET"]}}],"collection":[{"href":"https:\/\/sagrinex.com\/de\/wp-json\/wp\/v2\/product"}],"about":[{"href":"https:\/\/sagrinex.com\/de\/wp-json\/wp\/v2\/types\/product"}],"replies":[{"embeddable":true,"href":"https:\/\/sagrinex.com\/de\/wp-json\/wp\/v2\/comments?post=13855"}],"version-history":[{"count":0,"href":"https:\/\/sagrinex.com\/de\/wp-json\/wp\/v2\/product\/13855\/revisions"}],"wp:featuredmedia":[{"embeddable":true,"href":"https:\/\/sagrinex.com\/de\/wp-json\/wp\/v2\/media\/14105"}],"wp:attachment":[{"href":"https:\/\/sagrinex.com\/de\/wp-json\/wp\/v2\/media?parent=13855"}],"wp:term":[{"taxonomy":"product_brand","embeddable":true,"href":"https:\/\/sagrinex.com\/de\/wp-json\/wp\/v2\/product_brand?post=13855"},{"taxonomy":"product_cat","embeddable":true,"href":"https:\/\/sagrinex.com\/de\/wp-json\/wp\/v2\/product_cat?post=13855"},{"taxonomy":"product_tag","embeddable":true,"href":"https:\/\/sagrinex.com\/de\/wp-json\/wp\/v2\/product_tag?post=13855"}],"curies":[{"name":"wp","href":"https:\/\/api.w.org\/{rel}","templated":true}]}}