{"id":14144,"date":"2026-03-17T22:04:20","date_gmt":"2026-03-17T22:04:20","guid":{"rendered":"https:\/\/sagrinex.com\/produit\/galaxy-segelboottraeger-g2572-gd16v-zulaessiges-gesamtgewicht-3200-kg-2-achsen\/"},"modified":"2026-04-15T21:12:08","modified_gmt":"2026-04-15T21:12:08","slug":"galaxy-segelboottraeger-g2572-gd16v-zulaessiges-gesamtgewicht-3200-kg-2-achsen","status":"publish","type":"product","link":"https:\/\/sagrinex.com\/de\/produit\/galaxy-segelboottraeger-g2572-gd16v-zulaessiges-gesamtgewicht-3200-kg-2-achsen\/","title":{"rendered":"Galaxy-segelboottr\u00c4ger \u2013 G2572 \/ GD16V \u2013 Zul\u00e4ssiges Gesamtgewicht: 3200 Kg \u2013 2 Achsen"},"content":{"rendered":"<p>Konzipiert f\u00fcr den <strong>Stra\u00dfentransport von Segelbooten<\/strong> eignet sich dieser Anh\u00e4nger f\u00fcr den privaten und professionellen Einsatz. Es bietet Platz f\u00fcr ein Boot mit einer L\u00e4nge von bis zu <strong>8,5 m<\/strong> und einer <strong>maximalen Nutzlast von 2560 kg<\/strong>. Sein stabiler Aufbau und die Bauweise mit <strong>niedrigem Schwerpunkt<\/strong> sorgen f\u00fcr gutes Handling und mehr Sicherheit beim Fahren.<\/p>\n<ul>\n<li><strong>Zul\u00e4ssiges Gesamtgewicht<\/strong>: 3000 \/ 3200 kg<\/li>\n<li><strong>Leermasse<\/strong>: 640 kg<\/li>\n<li><strong>Nutzlast<\/strong>: bis zu 2560 kg<\/li>\n<li><strong>Nutzma\u00dfe<\/strong>: zwischen 6 und 7 m<\/li>\n<li><strong>Gesamtabmessungen<\/strong>: 857 x 230 x H126 cm<\/li>\n<li><strong>Maximale L\u00e4nge des Bootes<\/strong>: 8,5 m<\/li>\n<li><strong>H\u00f6he der Kerzen<\/strong>: 70 cm<\/li>\n<li><strong>Rahmen und Ausleger<\/strong>: feuerverzinkt<\/li>\n<li><strong>Pinne<\/strong>: behoben<\/li>\n<li><strong>Kopfbremse<\/strong>: ja<\/li>\n<li><strong>R\u00e4der<\/strong>: 185R14C<\/li>\n<li><strong>Inklusive Ausstattung<\/strong>: St\u00fctzrad, abnehmbare Lichtplatte, Tiefgang 60 cm<\/li>\n<\/ul>\n<p>Die <strong>feuerverzinkte Stahlkonstruktion<\/strong> gew\u00e4hrleistet Korrosionsbest\u00e4ndigkeit auch in salzhaltigen Umgebungen und verl\u00e4ngert so die Lebensdauer des Anh\u00e4ngers.<\/p>\n<p>Seine <strong>feste und gebremste Deichsel<\/strong> garantiert zus\u00e4tzliche Stabilit\u00e4t beim Schleppen, insbesondere auf langen Strecken oder bei Seitenwind.<\/p>\n<p>Die <strong>70-cm-Wagenb\u00f6cke<\/strong> bieten sicheren und geeigneten Halt beim Aufr\u00fcsten des Segelboots und reduzieren unerw\u00fcnschte Bewegungen beim Transport.<\/p>\n<p>Kompatibel mit Segelbooten mit <strong>Tiefgang bis 60 cm<\/strong>. F\u00fcr tiefere R\u00fcmpfe ist optional ein <strong>Deep Draft Kit<\/strong> erh\u00e4ltlich.<\/p>\n<ul>\n<li><strong>Ersatzrad<\/strong> mit Halterung<\/li>\n<li><strong>Gro\u00dfer Entwurfssatz<\/strong> f\u00fcr Boote mit tiefem Rumpf<\/li>\n<\/ul>\n<ul>\n<li><strong>Stra\u00dfenzulassung<\/strong> f\u00fcr v\u00f6llig legalen Transport (Zulassungskarte erforderlich)<\/li>\n<li>Speziell entwickelt f\u00fcr den <strong>sicheren Transport von Segelbooten<\/strong><\/li>\n<li>M\u00f6glichkeit, die Ausr\u00fcstung an die Bed\u00fcrfnisse des Bootes anzupassen<\/li>\n<\/ul>\n<p>Wenn Sie sich f\u00fcr Sagrinex entscheiden, profitieren Sie von <strong>individueller Unterst\u00fctzung<\/strong>, um die Kompatibilit\u00e4t zwischen Ihrem Boot und dem Anh\u00e4nger zu ermitteln. Unsere Techniker k\u00f6nnen das <strong>Deep Draft Kit<\/strong> entsprechend dem Rumpfprofil vor Ort installieren. Eine echte Zeit- und Sicherheitsersparnis.<\/p>\n<p>Dieses Anh\u00e4ngermodell mit einem zul\u00e4ssigen Gesamtgewicht von mehr als 500 kg erfordert f\u00fcr den Stra\u00dfenverkehr eine <strong>Zulassung mit Fahrzeugschein<\/strong>. Der Fahrer muss au\u00dferdem \u00fcber einen an die zu ziehende Last angepassten F\u00fchrerschein verf\u00fcgen.<\/p>\n","protected":false},"excerpt":{"rendered":"<p>Segelbootanh\u00e4nger f\u00fcr den Transport eines Segelboots bis zu 8,5 m und 2560 kg. Robuste verzinkte Struktur, 70-cm-Wagenst\u00e4nder, feste, gebremste Deichsel. Geeignet f\u00fcr den Stra\u00dfentransport, je nach Tiefgang sind Optionen verf\u00fcgbar.<\/p>\n<div class=\"mod_fa_customizablefields_v14_list\">\n<div class=\"mod_fa_champspersonnalisables_v14_title\"><strong>Zul\u00e4ssiges Gesamtgewicht: <\/strong><span class=\"mod_fa_champspersonnalisables_v14_value\">3000\/3200 kg<\/span><\/div>\n<\/div>\n<div class=\"mod_fa_customizablefields_v14_list\">\n<div class=\"mod_fa_champspersonnalisables_v14_titre\"><strong>Leermasse: <\/strong><span class=\"mod_fa_champspersonnalisables_v14_value\">640 kg<\/span><\/div>\n<\/div>\n<div class=\"mod_fa_customizablefields_v14_list\">\n<div class=\"mod_fa_champspersonnalisables_v14_titre\"><strong>Nutzlast: <\/strong><span class=\"mod_fa_champspersonnalisables_v14_value\">maximal 2560 kg<\/span><\/div>\n<\/div>\n<div class=\"mod_fa_customizablefields_v14_list\">\n<div class=\"mod_fa_champspersonnalisables_v14_titre\"><strong>N\u00fctzliche Abmessungen: <\/strong><span class=\"mod_fa_champspersonnalisables_v14_value\">Zwischen 6 und 7 m<\/span><\/div>\n<\/div>\n<div class=\"mod_fa_customizablefields_v14_list\">\n<div class=\"mod_fa_champspersonnalisables_v14_titre\"><strong>Gesamtabmessungen: <\/strong><span class=\"mod_fa_champspersonnalisables_v14_value\">857 x 230 x H126 cm<\/span><\/div>\n<\/div>\n<div class=\"mod_fa_customizablefields_v14_list\">\n<div class=\"mod_fa_champspersonnalisables_v14_titre\"><strong>Kerzenh\u00f6he: <\/strong><span class=\"mod_fa_champspersonnalisables_v14_value\">70 cm<\/span><\/div>\n<\/div>\n<div class=\"mod_fa_customizablefields_v14_list\">\n<div class=\"mod_fa_champspersonnalisables_v14_titre\"><strong>Maximale L\u00e4nge des Bootes: <\/strong><span class=\"mod_fa_champspersonnalisables_v14_value\">8,5 m<\/span><\/div>\n<\/div>\n<div class=\"mod_fa_customizablefields_v14_list\">\n<div class=\"mod_fa_champspersonnalisables_v14_title\"><strong>Pfeil: <\/strong><span class=\"mod_fa_champspersonnalisables_v14_value\">Feuerverzinkt in V<\/span><\/div>\n<\/div>\n<div class=\"mod_fa_customizablefields_v14_list\">\n<div class=\"mod_fa_customizablefields_v14_title\"><strong>Band: <\/strong><span class=\"mod_fa_customizablefields_v14_value\">Behoben<\/span><\/div>\n<\/div>\n<div class=\"mod_fa_customizablefields_v14_list\">\n<div class=\"mod_fa_champspersonnalisables_v14_titre\"><strong>Rahmentyp: <\/strong><span class=\"mod_fa_champspersonnalisables_v14_value\">Feuerverzinkt<\/span><\/div>\n<\/div>\n<div class=\"mod_fa_customizablefields_v14_list\">\n<div class=\"mod_fa_champspersonnalisables_v14_titre\"><strong>R\u00e4der: <\/strong><span class=\"mod_fa_champspersonnalisables_v14_valeur\">185R14C<\/span><\/div>\n<\/div>\n<div class=\"mod_fa_customizablefields_v14_list\">\n<div class=\"mod_fa_champspersonnalisables_v14_titre\"><strong>Ausstattung: <\/strong><span class=\"mod_fa_champspersonnalisables_v14_valeur\">Tiefgang (wenn weniger als 60 cm \/ sonst Option verf\u00fcgbar) \/ Abnehmbare Kunststoff-Lichtplatte \/ St\u00fctzrad<\/span><\/div>\n<\/div>\n","protected":false},"featured_media":16675,"comment_status":"open","ping_status":"closed","template":"","meta":[],"product_brand":[],"product_cat":[357,352],"product_tag":[],"class_list":{"0":"post-14144","1":"product","2":"type-product","3":"status-publish","4":"has-post-thumbnail","6":"product_cat-nautische-anhaenger","7":"product_cat-unsere-trailer","9":"first","10":"instock","11":"shipping-taxable","12":"purchasable","13":"product-type-simple"},"yoast_head":"<!-- This site is optimized with the Yoast SEO plugin v27.4 - https:\/\/yoast.com\/product\/yoast-seo-wordpress\/ -->\n<title>GALAXY-SEGELBOOTTR\u00c4GER \u2013 G2572 \/ GD16V \u2013 zul\u00e4ssiges Gesamtgewicht: 3200 kg \u2013 2 Achsen<\/title>\n<meta name=\"description\" content=\"Segelbootanh\u00e4nger f\u00fcr den Transport eines Segelboots bis zu 8,5 m und 2560 kg. Robuste verzinkte Struktur, 70-cm-Wagenst\u00e4nder, feste, gebremste Deichsel. Geeignet f\u00fcr den Stra\u00dfentransport, je nach Tiefgang sind Optionen verf\u00fcgbar.\" \/>\n<meta name=\"robots\" content=\"index, follow, max-snippet:-1, max-image-preview:large, max-video-preview:-1\" \/>\n<link rel=\"canonical\" href=\"https:\/\/sagrinex.com\/produit\/porte-voilier-galaxy-g2572-gd16v-ptac-3200kg-2-essieux\/\" \/>\n<meta property=\"og:locale\" content=\"de_DE\" \/>\n<meta property=\"og:type\" content=\"article\" \/>\n<meta property=\"og:title\" content=\"GALAXY-SEGELBOOTTR\u00c4GER \u2013 G2572 \/ GD16V \u2013 zul\u00e4ssiges Gesamtgewicht: 3200 kg \u2013 2 Achsen\" \/>\n<meta property=\"og:description\" content=\"Segelbootanh\u00e4nger f\u00fcr den Transport eines Segelboots bis zu 8,5 m und 2560 kg. Robuste verzinkte Struktur, 70-cm-Wagenst\u00e4nder, feste, gebremste Deichsel. Geeignet f\u00fcr den Stra\u00dfentransport, je nach Tiefgang sind Optionen verf\u00fcgbar.\" \/>\n<meta property=\"og:url\" content=\"https:\/\/sagrinex.com\/produit\/porte-voilier-galaxy-g2572-gd16v-ptac-3200kg-2-essieux\/\" \/>\n<meta property=\"og:site_name\" content=\"Sagrinex \u2013 Anhaenger, Container &amp; Landtechnik \ud83c\udf3e\ud83d\ude9c\" \/>\n<meta property=\"article:modified_time\" content=\"2026-04-15T21:12:08+00:00\" \/>\n<meta property=\"og:image\" content=\"https:\/\/sagrinex.com\/wp-content\/uploads\/2026\/03\/Image-148-3.jpeg\" \/>\n\t<meta property=\"og:image:width\" content=\"298\" \/>\n\t<meta property=\"og:image:height\" content=\"172\" \/>\n\t<meta property=\"og:image:type\" content=\"image\/jpeg\" \/>\n<meta name=\"twitter:card\" content=\"summary_large_image\" \/>\n<meta name=\"twitter:label1\" content=\"Gesch\u00e4tzte Lesezeit\" \/>\n\t<meta name=\"twitter:data1\" content=\"2\u00a0Minuten\" \/>\n<script type=\"application\/ld+json\" class=\"yoast-schema-graph\">{\"@context\":\"https:\\\/\\\/schema.org\",\"@graph\":[{\"@type\":\"WebPage\",\"@id\":\"https:\\\/\\\/sagrinex.com\\\/produit\\\/porte-voilier-galaxy-g2572-gd16v-ptac-3200kg-2-essieux\\\/\",\"url\":\"https:\\\/\\\/sagrinex.com\\\/produit\\\/porte-voilier-galaxy-g2572-gd16v-ptac-3200kg-2-essieux\\\/\",\"name\":\"GALAXY-SEGELBOOTTR\u00c4GER \u2013 G2572 \\\/ GD16V \u2013 zul\u00e4ssiges Gesamtgewicht: 3200 kg \u2013 2 Achsen\",\"isPartOf\":{\"@id\":\"https:\\\/\\\/sagrinex.com\\\/#website\"},\"primaryImageOfPage\":{\"@id\":\"https:\\\/\\\/sagrinex.com\\\/produit\\\/porte-voilier-galaxy-g2572-gd16v-ptac-3200kg-2-essieux\\\/#primaryimage\"},\"image\":{\"@id\":\"https:\\\/\\\/sagrinex.com\\\/produit\\\/porte-voilier-galaxy-g2572-gd16v-ptac-3200kg-2-essieux\\\/#primaryimage\"},\"thumbnailUrl\":\"https:\\\/\\\/sagrinex.com\\\/wp-content\\\/uploads\\\/2026\\\/03\\\/Image-148-3.jpeg\",\"datePublished\":\"2026-03-17T22:04:20+00:00\",\"dateModified\":\"2026-04-15T21:12:08+00:00\",\"description\":\"Segelbootanh\u00e4nger f\u00fcr den Transport eines Segelboots bis zu 8,5 m und 2560 kg. Robuste verzinkte Struktur, 70-cm-Wagenst\u00e4nder, feste, gebremste Deichsel. Geeignet f\u00fcr den Stra\u00dfentransport, je nach Tiefgang sind Optionen verf\u00fcgbar.\",\"breadcrumb\":{\"@id\":\"https:\\\/\\\/sagrinex.com\\\/produit\\\/porte-voilier-galaxy-g2572-gd16v-ptac-3200kg-2-essieux\\\/#breadcrumb\"},\"inLanguage\":\"de\",\"potentialAction\":[{\"@type\":\"ReadAction\",\"target\":[\"https:\\\/\\\/sagrinex.com\\\/produit\\\/porte-voilier-galaxy-g2572-gd16v-ptac-3200kg-2-essieux\\\/\"]}]},{\"@type\":\"ImageObject\",\"inLanguage\":\"de\",\"@id\":\"https:\\\/\\\/sagrinex.com\\\/produit\\\/porte-voilier-galaxy-g2572-gd16v-ptac-3200kg-2-essieux\\\/#primaryimage\",\"url\":\"https:\\\/\\\/sagrinex.com\\\/wp-content\\\/uploads\\\/2026\\\/03\\\/Image-148-3.jpeg\",\"contentUrl\":\"https:\\\/\\\/sagrinex.com\\\/wp-content\\\/uploads\\\/2026\\\/03\\\/Image-148-3.jpeg\",\"width\":298,\"height\":172},{\"@type\":\"BreadcrumbList\",\"@id\":\"https:\\\/\\\/sagrinex.com\\\/produit\\\/porte-voilier-galaxy-g2572-gd16v-ptac-3200kg-2-essieux\\\/#breadcrumb\",\"itemListElement\":[{\"@type\":\"ListItem\",\"position\":1,\"name\":\"Accueil\",\"item\":\"https:\\\/\\\/sagrinex.com\\\/?lang=de\"},{\"@type\":\"ListItem\",\"position\":2,\"name\":\"Shop\",\"item\":\"https:\\\/\\\/sagrinex.com\\\/shop\\\/\"},{\"@type\":\"ListItem\",\"position\":3,\"name\":\"Galaxy-segelboottr\u00c4ger \u2013 G2572 \\\/ GD16V \u2013 Zul\u00e4ssiges Gesamtgewicht: 3200 Kg \u2013 2 Achsen\"}]},{\"@type\":\"WebSite\",\"@id\":\"https:\\\/\\\/sagrinex.com\\\/#website\",\"url\":\"https:\\\/\\\/sagrinex.com\\\/\",\"name\":\"Sagrinex \u2013 Spezialist f\u00fcr Anh\u00e4nger, Container & Landtechnik\",\"description\":\"Anhaenger, Container &amp; Landtechnik \u2014 Online-Verkauf &amp; kostenloses Angebot\",\"publisher\":{\"@id\":\"https:\\\/\\\/sagrinex.com\\\/#organization\"},\"potentialAction\":[{\"@type\":\"SearchAction\",\"target\":{\"@type\":\"EntryPoint\",\"urlTemplate\":\"https:\\\/\\\/sagrinex.com\\\/?s={search_term_string}\"},\"query-input\":{\"@type\":\"PropertyValueSpecification\",\"valueRequired\":true,\"valueName\":\"search_term_string\"}}],\"inLanguage\":\"de\"},{\"@type\":\"Organization\",\"@id\":\"https:\\\/\\\/sagrinex.com\\\/#organization\",\"name\":\"Sagrinex \u2013 Remorques, Conteneurs & Mat\u00e9riel Agricole\",\"url\":\"https:\\\/\\\/sagrinex.com\\\/\",\"logo\":{\"@type\":\"ImageObject\",\"inLanguage\":\"de\",\"@id\":\"https:\\\/\\\/sagrinex.com\\\/#\\\/schema\\\/logo\\\/image\\\/\",\"url\":\"https:\\\/\\\/sagrinex.com\\\/wp-content\\\/uploads\\\/2026\\\/03\\\/7f1ac463-ef5a-425d-bdd6-a5da03a334a9-1024x683.png\",\"contentUrl\":\"https:\\\/\\\/sagrinex.com\\\/wp-content\\\/uploads\\\/2026\\\/03\\\/7f1ac463-ef5a-425d-bdd6-a5da03a334a9-1024x683.png\",\"width\":1024,\"height\":683,\"caption\":\"Sagrinex \u2013 Remorques, Conteneurs & Mat\u00e9riel Agricole\"},\"image\":{\"@id\":\"https:\\\/\\\/sagrinex.com\\\/#\\\/schema\\\/logo\\\/image\\\/\"}}]}<\/script>\n<!-- \/ Yoast SEO plugin. -->","yoast_head_json":{"title":"GALAXY-SEGELBOOTTR\u00c4GER \u2013 G2572 \/ GD16V \u2013 zul\u00e4ssiges Gesamtgewicht: 3200 kg \u2013 2 Achsen","description":"Segelbootanh\u00e4nger f\u00fcr den Transport eines Segelboots bis zu 8,5 m und 2560 kg. Robuste verzinkte Struktur, 70-cm-Wagenst\u00e4nder, feste, gebremste Deichsel. Geeignet f\u00fcr den Stra\u00dfentransport, je nach Tiefgang sind Optionen verf\u00fcgbar.","robots":{"index":"index","follow":"follow","max-snippet":"max-snippet:-1","max-image-preview":"max-image-preview:large","max-video-preview":"max-video-preview:-1"},"canonical":"https:\/\/sagrinex.com\/produit\/porte-voilier-galaxy-g2572-gd16v-ptac-3200kg-2-essieux\/","og_locale":"de_DE","og_type":"article","og_title":"GALAXY-SEGELBOOTTR\u00c4GER \u2013 G2572 \/ GD16V \u2013 zul\u00e4ssiges Gesamtgewicht: 3200 kg \u2013 2 Achsen","og_description":"Segelbootanh\u00e4nger f\u00fcr den Transport eines Segelboots bis zu 8,5 m und 2560 kg. Robuste verzinkte Struktur, 70-cm-Wagenst\u00e4nder, feste, gebremste Deichsel. Geeignet f\u00fcr den Stra\u00dfentransport, je nach Tiefgang sind Optionen verf\u00fcgbar.","og_url":"https:\/\/sagrinex.com\/produit\/porte-voilier-galaxy-g2572-gd16v-ptac-3200kg-2-essieux\/","og_site_name":"Sagrinex \u2013 Anhaenger, Container &amp; Landtechnik \ud83c\udf3e\ud83d\ude9c","article_modified_time":"2026-04-15T21:12:08+00:00","og_image":[{"width":298,"height":172,"url":"https:\/\/sagrinex.com\/wp-content\/uploads\/2026\/03\/Image-148-3.jpeg","type":"image\/jpeg"}],"twitter_card":"summary_large_image","twitter_misc":{"Gesch\u00e4tzte Lesezeit":"2\u00a0Minuten"},"schema":{"@context":"https:\/\/schema.org","@graph":[{"@type":"WebPage","@id":"https:\/\/sagrinex.com\/produit\/porte-voilier-galaxy-g2572-gd16v-ptac-3200kg-2-essieux\/","url":"https:\/\/sagrinex.com\/produit\/porte-voilier-galaxy-g2572-gd16v-ptac-3200kg-2-essieux\/","name":"GALAXY-SEGELBOOTTR\u00c4GER \u2013 G2572 \/ GD16V \u2013 zul\u00e4ssiges Gesamtgewicht: 3200 kg \u2013 2 Achsen","isPartOf":{"@id":"https:\/\/sagrinex.com\/#website"},"primaryImageOfPage":{"@id":"https:\/\/sagrinex.com\/produit\/porte-voilier-galaxy-g2572-gd16v-ptac-3200kg-2-essieux\/#primaryimage"},"image":{"@id":"https:\/\/sagrinex.com\/produit\/porte-voilier-galaxy-g2572-gd16v-ptac-3200kg-2-essieux\/#primaryimage"},"thumbnailUrl":"https:\/\/sagrinex.com\/wp-content\/uploads\/2026\/03\/Image-148-3.jpeg","datePublished":"2026-03-17T22:04:20+00:00","dateModified":"2026-04-15T21:12:08+00:00","description":"Segelbootanh\u00e4nger f\u00fcr den Transport eines Segelboots bis zu 8,5 m und 2560 kg. Robuste verzinkte Struktur, 70-cm-Wagenst\u00e4nder, feste, gebremste Deichsel. Geeignet f\u00fcr den Stra\u00dfentransport, je nach Tiefgang sind Optionen verf\u00fcgbar.","breadcrumb":{"@id":"https:\/\/sagrinex.com\/produit\/porte-voilier-galaxy-g2572-gd16v-ptac-3200kg-2-essieux\/#breadcrumb"},"inLanguage":"de","potentialAction":[{"@type":"ReadAction","target":["https:\/\/sagrinex.com\/produit\/porte-voilier-galaxy-g2572-gd16v-ptac-3200kg-2-essieux\/"]}]},{"@type":"ImageObject","inLanguage":"de","@id":"https:\/\/sagrinex.com\/produit\/porte-voilier-galaxy-g2572-gd16v-ptac-3200kg-2-essieux\/#primaryimage","url":"https:\/\/sagrinex.com\/wp-content\/uploads\/2026\/03\/Image-148-3.jpeg","contentUrl":"https:\/\/sagrinex.com\/wp-content\/uploads\/2026\/03\/Image-148-3.jpeg","width":298,"height":172},{"@type":"BreadcrumbList","@id":"https:\/\/sagrinex.com\/produit\/porte-voilier-galaxy-g2572-gd16v-ptac-3200kg-2-essieux\/#breadcrumb","itemListElement":[{"@type":"ListItem","position":1,"name":"Accueil","item":"https:\/\/sagrinex.com\/?lang=de"},{"@type":"ListItem","position":2,"name":"Shop","item":"https:\/\/sagrinex.com\/shop\/"},{"@type":"ListItem","position":3,"name":"Galaxy-segelboottr\u00c4ger \u2013 G2572 \/ GD16V \u2013 Zul\u00e4ssiges Gesamtgewicht: 3200 Kg \u2013 2 Achsen"}]},{"@type":"WebSite","@id":"https:\/\/sagrinex.com\/#website","url":"https:\/\/sagrinex.com\/","name":"Sagrinex \u2013 Spezialist f\u00fcr Anh\u00e4nger, Container & Landtechnik","description":"Anhaenger, Container &amp; Landtechnik \u2014 Online-Verkauf &amp; kostenloses Angebot","publisher":{"@id":"https:\/\/sagrinex.com\/#organization"},"potentialAction":[{"@type":"SearchAction","target":{"@type":"EntryPoint","urlTemplate":"https:\/\/sagrinex.com\/?s={search_term_string}"},"query-input":{"@type":"PropertyValueSpecification","valueRequired":true,"valueName":"search_term_string"}}],"inLanguage":"de"},{"@type":"Organization","@id":"https:\/\/sagrinex.com\/#organization","name":"Sagrinex \u2013 Remorques, Conteneurs & Mat\u00e9riel Agricole","url":"https:\/\/sagrinex.com\/","logo":{"@type":"ImageObject","inLanguage":"de","@id":"https:\/\/sagrinex.com\/#\/schema\/logo\/image\/","url":"https:\/\/sagrinex.com\/wp-content\/uploads\/2026\/03\/7f1ac463-ef5a-425d-bdd6-a5da03a334a9-1024x683.png","contentUrl":"https:\/\/sagrinex.com\/wp-content\/uploads\/2026\/03\/7f1ac463-ef5a-425d-bdd6-a5da03a334a9-1024x683.png","width":1024,"height":683,"caption":"Sagrinex \u2013 Remorques, Conteneurs & Mat\u00e9riel Agricole"},"image":{"@id":"https:\/\/sagrinex.com\/#\/schema\/logo\/image\/"}}]}},"jetpack_sharing_enabled":true,"_links":{"self":[{"href":"https:\/\/sagrinex.com\/de\/wp-json\/wp\/v2\/product\/14144","targetHints":{"allow":["GET"]}}],"collection":[{"href":"https:\/\/sagrinex.com\/de\/wp-json\/wp\/v2\/product"}],"about":[{"href":"https:\/\/sagrinex.com\/de\/wp-json\/wp\/v2\/types\/product"}],"replies":[{"embeddable":true,"href":"https:\/\/sagrinex.com\/de\/wp-json\/wp\/v2\/comments?post=14144"}],"version-history":[{"count":0,"href":"https:\/\/sagrinex.com\/de\/wp-json\/wp\/v2\/product\/14144\/revisions"}],"wp:featuredmedia":[{"embeddable":true,"href":"https:\/\/sagrinex.com\/de\/wp-json\/wp\/v2\/media\/16675"}],"wp:attachment":[{"href":"https:\/\/sagrinex.com\/de\/wp-json\/wp\/v2\/media?parent=14144"}],"wp:term":[{"taxonomy":"product_brand","embeddable":true,"href":"https:\/\/sagrinex.com\/de\/wp-json\/wp\/v2\/product_brand?post=14144"},{"taxonomy":"product_cat","embeddable":true,"href":"https:\/\/sagrinex.com\/de\/wp-json\/wp\/v2\/product_cat?post=14144"},{"taxonomy":"product_tag","embeddable":true,"href":"https:\/\/sagrinex.com\/de\/wp-json\/wp\/v2\/product_tag?post=14144"}],"curies":[{"name":"wp","href":"https:\/\/api.w.org\/{rel}","templated":true}]}}