{"id":14145,"date":"2026-03-17T19:00:45","date_gmt":"2026-03-17T19:00:45","guid":{"rendered":"https:\/\/sagrinex.com\/produit\/sun-way-tauchboottraeger-d2413-zulaessiges-gesamtgewicht-1350-kg-skates-set-1-gebremste-achse\/"},"modified":"2026-04-15T21:12:10","modified_gmt":"2026-04-15T21:12:10","slug":"sun-way-tauchboottraeger-d2413-zulaessiges-gesamtgewicht-1350-kg-skates-set-1-gebremste-achse","status":"publish","type":"product","link":"https:\/\/sagrinex.com\/de\/produit\/sun-way-tauchboottraeger-d2413-zulaessiges-gesamtgewicht-1350-kg-skates-set-1-gebremste-achse\/","title":{"rendered":"Sun Way Tauchboottr\u00c4ger \u2013 D2413 \u2013 Zul\u00e4ssiges Gesamtgewicht: 1350 Kg \u2013 Skates-set \u2013 1 Gebremste Achse"},"content":{"rendered":"<p>Der <strong>Sun Way FAST D2413 Range Bootsanh\u00e4nger<\/strong> <strong>Skid Kit<\/strong> ist f\u00fcr den Transport und das Zuwasserlassen von Booten bis ca. <strong>5,20 m<\/strong> konzipiert. F\u00fcr den privaten und semiprofessionellen Einsatz geeignet, erm\u00f6glicht es dank seiner Gesamtabmessungen von ca. <strong>6.284 m x 2.220 m<\/strong> einen zuverl\u00e4ssigen Anh\u00e4ngerbetrieb auf der Stra\u00dfe und ein einfaches Zusetzen. Es richtet sich an anspruchsvolle Benutzer, die einen soliden Anh\u00e4nger f\u00fcr ihre nautischen Ausfl\u00fcge w\u00fcnschen.<\/p>\n<ul>\n<li><strong>M\u00f6gliches zul\u00e4ssiges Gesamtgewicht<\/strong>: 1350 \/ 1300 \/ 1200 \/ 1100 \/ 1000 kg<\/li>\n<li><strong>Leergewicht<\/strong>: 410 kg<\/li>\n<li><strong>Maximale Nutzlast<\/strong>: 940 kg<\/li>\n<li><strong>R\u00e4der<\/strong>: 165R14C 5T140 ET20<\/li>\n<li><strong>Fahrgestelll\u00e4nge<\/strong>: 6,20 m<\/li>\n<li><strong>Rumpfl\u00e4nge<\/strong>: 5,20 m<\/li>\n<li><strong>Zul\u00e4ssige Bootsl\u00e4nge<\/strong>: 5,70 m<\/li>\n<li><strong>Gesamtabmessungen<\/strong>: 6.284 m x 2.220 m<\/li>\n<li><strong>Wasserdichte gebremste Autoflex-Achse<\/strong> mit versiegelten Trommeln und Naben im Fettbad<\/li>\n<li><strong>Bewegliche Teile aus Edelstahl<\/strong> in der Trommel<\/li>\n<li><strong>Integriertes Sp\u00fclset<\/strong><\/li>\n<li><strong>Wasserdichte LED-Leuchten<\/strong><\/li>\n<li><strong>Winde<\/strong> 1 Gang selbstbremsend<\/li>\n<li><strong>Verstellbare Windenhalterung<\/strong> + 3D-verstellbarer Buganschlag<\/li>\n<li><strong>St\u00fctzrad<\/strong> \u00d8 60 mm<\/li>\n<\/ul>\n<p>Dank seiner <strong>wasserfest gebremsten Autoflex-Achse<\/strong> bietet dieser Anh\u00e4nger zuverl\u00e4ssiges Bremsen und vor Wasser und Korrosion gesch\u00fctzte Komponenten. Die in einem Fettbad versiegelten Trommeln und Naben sorgen f\u00fcr eine erh\u00f6hte Haltbarkeit auch bei h\u00e4ufigem nautischen Einsatz.<\/p>\n<p>Die beweglichen Elemente aus <strong>Edelstahl<\/strong> garantieren eine bessere Best\u00e4ndigkeit gegen Abnutzung und Feuchtigkeit. Diese Beachtung der Materialien f\u00fchrt zu einem geringeren Wartungsaufwand und einer l\u00e4ngeren Lebensdauer, was diesen Anh\u00e4nger zu einer relevanten Option f\u00fcr den regelm\u00e4\u00dfigen Gebrauch macht.<\/p>\n<p>Die <strong>selbstbremsende Single-Speed-Winde<\/strong> sorgt in Kombination mit einer verstellbaren Halterung und einem <strong>einstellbaren 3D-Buganschlag<\/strong> f\u00fcr ein vereinfachtes Zuwasserlassen und Beladen des Bootes. Die Ergonomie ist darauf ausgelegt, den Kraftaufwand zu minimieren und die Sicherheit beim Fahren und Man\u00f6vrieren zu optimieren.<\/p>\n<p>Ausstattungen wie das <strong>Sp\u00fclset<\/strong> und die <strong>wasserdichten LED-Leuchten<\/strong> runden das Paket ab und sorgen f\u00fcr eine einfachere Wartung und bessere Sicht. Diese Komponenten sind besonders n\u00fctzlich f\u00fcr Ausfl\u00fcge in eine Meeresumgebung oder Reisen bei nassem Wetter.<\/p>\n<ul>\n<li>Erhebliche Nutzlast von 940 kg erm\u00f6glicht den Transport des Bootes, seines Zubeh\u00f6rs und des Kraftstoffs.<\/li>\n<li>Gro\u00dfz\u00fcgige Abmessungen (Fahrgestelll\u00e4nge 6,20 m), geeignet f\u00fcr 5,70-m-Boote und dennoch einfach zu handhaben.<\/li>\n<li>Hochwertige Materialien mit <strong>Edelstahl<\/strong>-Komponenten und wasserdichten Systemen, die den Wartungsaufwand reduzieren.<\/li>\n<li>Komplette Ausr\u00fcstung (Seilwinde, verstellbarer Stopper, Sp\u00fclset, LED-Leuchten) sofort einsatzbereit, ohne dass sofortige Erg\u00e4nzungen erforderlich sind.<\/li>\n<\/ul>\n<p>Wenn Sie sich f\u00fcr den Anh\u00e4nger <strong>Sun Way FAST D2413<\/strong> von <strong>Sagrinex<\/strong> entscheiden, profitieren Sie von einer pers\u00f6nlichen Betreuung mit einer auf Ihr Boot und Ihren Einsatz abgestimmten Beratung, einem reaktionsschnellen Kundendienst und der Verf\u00fcgbarkeit von Originalteilen. Dar\u00fcber hinaus bieten wir ma\u00dfgeschneiderte Konfigurationen und Registrierungsberatung an, die Ihren Kauf absichern und Ihr Benutzererlebnis verbessern.<\/p>\n","protected":false},"excerpt":{"rendered":"<p>Bootsanh\u00e4nger der Sun Way Fast D2413-Reihe, ausgestattet mit einem Kufensatz, f\u00fcr Boote bis zu 5,70 m (Rumpf 5,20 m).<br \/>\nZul\u00e4ssiges Gesamtgewicht einstellbar von 1000 bis 1350 kg, Leergewicht 410 kg, maximale Zuladung 940 kg.<br \/>\nFahrgestell 6,20 m, Gesamtabmessungen 6,284 x 2,220 m, R\u00e4der 165R14C 5T140 ET20.<br \/>\nWasserdicht gebremste Autoflex-Achse mit versiegelten Trommeln und Naben im Fettbad, Sp\u00fclset und wasserdichten LED-Leuchten.<br \/>\nSelbstbremsende 1-Gang-Winde, verstellbare Windenst\u00fctze, verstellbarer 3D-Buganschlag und \u00d8 60 St\u00fctzrad.<\/p>\n<div class=\"mod_fa_customizablefields_v14_list\">\n<div class=\"mod_fa_champspersonnalisables_v14_title\"><strong>Gesamtgewicht: <\/strong><span class=\"mod_fa_champspersonnalisables_v14_value\">1000\/1100\/1200\/1300\/1350 kg<\/span><\/div>\n<\/div>\n<div class=\"mod_fa_customizablefields_v14_list\">\n<div class=\"mod_fa_champspersonnalisables_v14_titre\"><strong>Leermasse: <\/strong><span class=\"mod_fa_champspersonnalisables_v14_value\">410 kg<\/span><\/div>\n<\/div>\n<div class=\"mod_fa_customizablefields_v14_list\">\n<div class=\"mod_fa_champspersonnalisables_v14_titre\"><strong>Nutzlast: <\/strong><span class=\"mod_fa_champspersonnalisables_v14_value\">940 kg<\/span><\/div>\n<\/div>\n<div class=\"mod_fa_customizablefields_v14_list\">\n<div class=\"mod_fa_champspersonnalisables_v14_titre\"><strong>Gesamtabmessungen: <\/strong><span class=\"mod_fa_champspersonnalisables_v14_valeur\">628 x 219 x H76 cm<\/span><\/div>\n<\/div>\n<div class=\"mod_fa_customizablefields_v14_list\">\n<div class=\"mod_fa_champspersonnalisables_v14_titre\"><strong>Maximale L\u00e4nge des Bootes: <\/strong><span class=\"mod_fa_champspersonnalisables_v14_valeur\">5,20 m<\/span><\/div>\n<\/div>\n<div class=\"mod_fa_customizablefields_v14_list\">\n<div class=\"mod_fa_champspersonnalisables_v14_title\"><strong>Kopf gebremst: <\/strong><span class=\"mod_fa_champspersonnalisables_v14_value\">JA<\/span><\/div>\n<\/div>\n<div class=\"mod_fa_customizablefields_v14_list\">\n<div class=\"mod_fa_champspersonnalisables_v14_titre\"><strong>Rahmentyp: <\/strong><span class=\"mod_fa_champspersonnalisables_v14_value\">Feuerverzinkt<\/span><\/div>\n<\/div>\n<div class=\"mod_fa_customizablefields_v14_list\">\n<div class=\"mod_fa_champspersonnalisables_v14_titre\"><strong>R\u00e4der: <\/strong><span class=\"mod_fa_champspersonnalisables_v14_valeur\">165R14C<\/span><\/div>\n<\/div>\n<div class=\"mod_fa_customizablefields_v14_list\">\n<div class=\"mod_fa_champspersonnalisables_v14_titre\"><strong>Ausstattung: <\/strong><span class=\"mod_fa_champspersonnalisables_v14_valeur\">Wasserdichte gebremste Autoflex-Achse \/ Schrauben, Flansche, Brems\u00fcbertragung und Fl\u00fcgel sind aus Edelstahl in Marinequalit\u00e4t \/ Optik und Anschl\u00fcsse der Lichter wasserdicht bis zum Eintauchen \/ Wasserdichte LED-Lichter \/ Windenunterst\u00fctzung + Goliath-Winde 1200 kg as Standard<\/span><\/div>\n<\/div>\n","protected":false},"featured_media":16642,"comment_status":"open","ping_status":"closed","template":"","meta":[],"product_brand":[],"product_cat":[357,352],"product_tag":[],"class_list":{"0":"post-14145","1":"product","2":"type-product","3":"status-publish","4":"has-post-thumbnail","6":"product_cat-nautische-anhaenger","7":"product_cat-unsere-trailer","9":"first","10":"instock","11":"shipping-taxable","12":"purchasable","13":"product-type-simple"},"yoast_head":"<!-- This site is optimized with the Yoast SEO plugin v27.4 - https:\/\/yoast.com\/product\/yoast-seo-wordpress\/ -->\n<title>SUN WAY TAUCHBOOTTR\u00c4GER \u2013 D2413 \u2013 zul\u00e4ssiges Gesamtgewicht: 1350 kg \u2013 Skates-Set \u2013 1 gebremste Achse<\/title>\n<meta name=\"description\" content=\"Sun Way Fast Range D2413 Bootsanh\u00e4nger mit Kufensatz f\u00fcr Boote bis 5,70 m (Rumpf 5,20 m). Zul\u00e4ssiges Gesamtgewicht einstellbar von 1000 bis 1350 kg, Leergewicht 410 kg, maximale Zuladung 940 kg. Fahrgestell 6,20 m, Gesamtabmessungen 6,284 x 2,220 m, R\u00e4der 165R14C 5T140 ET20. Wasserdicht gebremste Autoflex-Achse mit versiegelten Trommeln und Naben im Fettbad, Sp\u00fclset und wasserdichten LED-Leuchten. Selbstbremsende 1-Gang-Winde, einstellbare Windenhalterung, einstellbarer 3D-Buganschlag und \u00d8 60-St\u00fctzrad.\" \/>\n<meta name=\"robots\" content=\"index, follow, max-snippet:-1, max-image-preview:large, max-video-preview:-1\" \/>\n<link rel=\"canonical\" href=\"https:\/\/sagrinex.com\/produit\/porte-bateau-immergeable-sun-way-d2413-ptac-1350kg-kit-patins-1-essieu-freine\/\" \/>\n<meta property=\"og:locale\" content=\"de_DE\" \/>\n<meta property=\"og:type\" content=\"article\" \/>\n<meta property=\"og:title\" content=\"SUN WAY TAUCHBOOTTR\u00c4GER \u2013 D2413 \u2013 zul\u00e4ssiges Gesamtgewicht: 1350 kg \u2013 Skates-Set \u2013 1 gebremste Achse\" \/>\n<meta property=\"og:description\" content=\"Sun Way Fast Range D2413 Bootsanh\u00e4nger mit Kufensatz f\u00fcr Boote bis 5,70 m (Rumpf 5,20 m). Zul\u00e4ssiges Gesamtgewicht einstellbar von 1000 bis 1350 kg, Leergewicht 410 kg, maximale Zuladung 940 kg. Fahrgestell 6,20 m, Gesamtabmessungen 6,284 x 2,220 m, R\u00e4der 165R14C 5T140 ET20. Wasserdicht gebremste Autoflex-Achse mit versiegelten Trommeln und Naben im Fettbad, Sp\u00fclset und wasserdichten LED-Leuchten. Selbstbremsende 1-Gang-Winde, einstellbare Windenhalterung, einstellbarer 3D-Buganschlag und \u00d8 60-St\u00fctzrad.\" \/>\n<meta property=\"og:url\" content=\"https:\/\/sagrinex.com\/produit\/porte-bateau-immergeable-sun-way-d2413-ptac-1350kg-kit-patins-1-essieu-freine\/\" \/>\n<meta property=\"og:site_name\" content=\"Sagrinex \u2013 Anhaenger, Container &amp; Landtechnik \ud83c\udf3e\ud83d\ude9c\" \/>\n<meta property=\"article:modified_time\" content=\"2026-04-15T21:12:10+00:00\" \/>\n<meta property=\"og:image\" content=\"https:\/\/sagrinex.com\/wp-content\/uploads\/2026\/03\/Image-115-3.jpeg\" \/>\n\t<meta property=\"og:image:width\" content=\"600\" \/>\n\t<meta property=\"og:image:height\" content=\"283\" \/>\n\t<meta property=\"og:image:type\" content=\"image\/jpeg\" \/>\n<meta name=\"twitter:card\" content=\"summary_large_image\" \/>\n<meta name=\"twitter:label1\" content=\"Gesch\u00e4tzte Lesezeit\" \/>\n\t<meta name=\"twitter:data1\" content=\"2\u00a0Minuten\" \/>\n<script type=\"application\/ld+json\" class=\"yoast-schema-graph\">{\"@context\":\"https:\\\/\\\/schema.org\",\"@graph\":[{\"@type\":\"WebPage\",\"@id\":\"https:\\\/\\\/sagrinex.com\\\/produit\\\/porte-bateau-immergeable-sun-way-d2413-ptac-1350kg-kit-patins-1-essieu-freine\\\/\",\"url\":\"https:\\\/\\\/sagrinex.com\\\/produit\\\/porte-bateau-immergeable-sun-way-d2413-ptac-1350kg-kit-patins-1-essieu-freine\\\/\",\"name\":\"SUN WAY TAUCHBOOTTR\u00c4GER \u2013 D2413 \u2013 zul\u00e4ssiges Gesamtgewicht: 1350 kg \u2013 Skates-Set \u2013 1 gebremste Achse\",\"isPartOf\":{\"@id\":\"https:\\\/\\\/sagrinex.com\\\/#website\"},\"primaryImageOfPage\":{\"@id\":\"https:\\\/\\\/sagrinex.com\\\/produit\\\/porte-bateau-immergeable-sun-way-d2413-ptac-1350kg-kit-patins-1-essieu-freine\\\/#primaryimage\"},\"image\":{\"@id\":\"https:\\\/\\\/sagrinex.com\\\/produit\\\/porte-bateau-immergeable-sun-way-d2413-ptac-1350kg-kit-patins-1-essieu-freine\\\/#primaryimage\"},\"thumbnailUrl\":\"https:\\\/\\\/sagrinex.com\\\/wp-content\\\/uploads\\\/2026\\\/03\\\/Image-115-3.jpeg\",\"datePublished\":\"2026-03-17T19:00:45+00:00\",\"dateModified\":\"2026-04-15T21:12:10+00:00\",\"description\":\"Sun Way Fast Range D2413 Bootsanh\u00e4nger mit Kufensatz f\u00fcr Boote bis 5,70 m (Rumpf 5,20 m). Zul\u00e4ssiges Gesamtgewicht einstellbar von 1000 bis 1350 kg, Leergewicht 410 kg, maximale Zuladung 940 kg. Fahrgestell 6,20 m, Gesamtabmessungen 6,284 x 2,220 m, R\u00e4der 165R14C 5T140 ET20. Wasserdicht gebremste Autoflex-Achse mit versiegelten Trommeln und Naben im Fettbad, Sp\u00fclset und wasserdichten LED-Leuchten. Selbstbremsende 1-Gang-Winde, einstellbare Windenhalterung, einstellbarer 3D-Buganschlag und \u00d8 60-St\u00fctzrad.\",\"breadcrumb\":{\"@id\":\"https:\\\/\\\/sagrinex.com\\\/produit\\\/porte-bateau-immergeable-sun-way-d2413-ptac-1350kg-kit-patins-1-essieu-freine\\\/#breadcrumb\"},\"inLanguage\":\"de\",\"potentialAction\":[{\"@type\":\"ReadAction\",\"target\":[\"https:\\\/\\\/sagrinex.com\\\/produit\\\/porte-bateau-immergeable-sun-way-d2413-ptac-1350kg-kit-patins-1-essieu-freine\\\/\"]}]},{\"@type\":\"ImageObject\",\"inLanguage\":\"de\",\"@id\":\"https:\\\/\\\/sagrinex.com\\\/produit\\\/porte-bateau-immergeable-sun-way-d2413-ptac-1350kg-kit-patins-1-essieu-freine\\\/#primaryimage\",\"url\":\"https:\\\/\\\/sagrinex.com\\\/wp-content\\\/uploads\\\/2026\\\/03\\\/Image-115-3.jpeg\",\"contentUrl\":\"https:\\\/\\\/sagrinex.com\\\/wp-content\\\/uploads\\\/2026\\\/03\\\/Image-115-3.jpeg\",\"width\":600,\"height\":283},{\"@type\":\"BreadcrumbList\",\"@id\":\"https:\\\/\\\/sagrinex.com\\\/produit\\\/porte-bateau-immergeable-sun-way-d2413-ptac-1350kg-kit-patins-1-essieu-freine\\\/#breadcrumb\",\"itemListElement\":[{\"@type\":\"ListItem\",\"position\":1,\"name\":\"Accueil\",\"item\":\"https:\\\/\\\/sagrinex.com\\\/?lang=de\"},{\"@type\":\"ListItem\",\"position\":2,\"name\":\"Shop\",\"item\":\"https:\\\/\\\/sagrinex.com\\\/shop\\\/\"},{\"@type\":\"ListItem\",\"position\":3,\"name\":\"Sun Way Tauchboottr\u00c4ger \u2013 D2413 \u2013 Zul\u00e4ssiges Gesamtgewicht: 1350 Kg \u2013 Skates-set \u2013 1 Gebremste Achse\"}]},{\"@type\":\"WebSite\",\"@id\":\"https:\\\/\\\/sagrinex.com\\\/#website\",\"url\":\"https:\\\/\\\/sagrinex.com\\\/\",\"name\":\"Sagrinex \u2013 Spezialist f\u00fcr Anh\u00e4nger, Container & Landtechnik\",\"description\":\"Anhaenger, Container &amp; Landtechnik \u2014 Online-Verkauf &amp; kostenloses Angebot\",\"publisher\":{\"@id\":\"https:\\\/\\\/sagrinex.com\\\/#organization\"},\"potentialAction\":[{\"@type\":\"SearchAction\",\"target\":{\"@type\":\"EntryPoint\",\"urlTemplate\":\"https:\\\/\\\/sagrinex.com\\\/?s={search_term_string}\"},\"query-input\":{\"@type\":\"PropertyValueSpecification\",\"valueRequired\":true,\"valueName\":\"search_term_string\"}}],\"inLanguage\":\"de\"},{\"@type\":\"Organization\",\"@id\":\"https:\\\/\\\/sagrinex.com\\\/#organization\",\"name\":\"Sagrinex \u2013 Remorques, Conteneurs & Mat\u00e9riel Agricole\",\"url\":\"https:\\\/\\\/sagrinex.com\\\/\",\"logo\":{\"@type\":\"ImageObject\",\"inLanguage\":\"de\",\"@id\":\"https:\\\/\\\/sagrinex.com\\\/#\\\/schema\\\/logo\\\/image\\\/\",\"url\":\"https:\\\/\\\/sagrinex.com\\\/wp-content\\\/uploads\\\/2026\\\/03\\\/7f1ac463-ef5a-425d-bdd6-a5da03a334a9-1024x683.png\",\"contentUrl\":\"https:\\\/\\\/sagrinex.com\\\/wp-content\\\/uploads\\\/2026\\\/03\\\/7f1ac463-ef5a-425d-bdd6-a5da03a334a9-1024x683.png\",\"width\":1024,\"height\":683,\"caption\":\"Sagrinex \u2013 Remorques, Conteneurs & Mat\u00e9riel Agricole\"},\"image\":{\"@id\":\"https:\\\/\\\/sagrinex.com\\\/#\\\/schema\\\/logo\\\/image\\\/\"}}]}<\/script>\n<!-- \/ Yoast SEO plugin. -->","yoast_head_json":{"title":"SUN WAY TAUCHBOOTTR\u00c4GER \u2013 D2413 \u2013 zul\u00e4ssiges Gesamtgewicht: 1350 kg \u2013 Skates-Set \u2013 1 gebremste Achse","description":"Sun Way Fast Range D2413 Bootsanh\u00e4nger mit Kufensatz f\u00fcr Boote bis 5,70 m (Rumpf 5,20 m). Zul\u00e4ssiges Gesamtgewicht einstellbar von 1000 bis 1350 kg, Leergewicht 410 kg, maximale Zuladung 940 kg. Fahrgestell 6,20 m, Gesamtabmessungen 6,284 x 2,220 m, R\u00e4der 165R14C 5T140 ET20. Wasserdicht gebremste Autoflex-Achse mit versiegelten Trommeln und Naben im Fettbad, Sp\u00fclset und wasserdichten LED-Leuchten. Selbstbremsende 1-Gang-Winde, einstellbare Windenhalterung, einstellbarer 3D-Buganschlag und \u00d8 60-St\u00fctzrad.","robots":{"index":"index","follow":"follow","max-snippet":"max-snippet:-1","max-image-preview":"max-image-preview:large","max-video-preview":"max-video-preview:-1"},"canonical":"https:\/\/sagrinex.com\/produit\/porte-bateau-immergeable-sun-way-d2413-ptac-1350kg-kit-patins-1-essieu-freine\/","og_locale":"de_DE","og_type":"article","og_title":"SUN WAY TAUCHBOOTTR\u00c4GER \u2013 D2413 \u2013 zul\u00e4ssiges Gesamtgewicht: 1350 kg \u2013 Skates-Set \u2013 1 gebremste Achse","og_description":"Sun Way Fast Range D2413 Bootsanh\u00e4nger mit Kufensatz f\u00fcr Boote bis 5,70 m (Rumpf 5,20 m). Zul\u00e4ssiges Gesamtgewicht einstellbar von 1000 bis 1350 kg, Leergewicht 410 kg, maximale Zuladung 940 kg. Fahrgestell 6,20 m, Gesamtabmessungen 6,284 x 2,220 m, R\u00e4der 165R14C 5T140 ET20. Wasserdicht gebremste Autoflex-Achse mit versiegelten Trommeln und Naben im Fettbad, Sp\u00fclset und wasserdichten LED-Leuchten. Selbstbremsende 1-Gang-Winde, einstellbare Windenhalterung, einstellbarer 3D-Buganschlag und \u00d8 60-St\u00fctzrad.","og_url":"https:\/\/sagrinex.com\/produit\/porte-bateau-immergeable-sun-way-d2413-ptac-1350kg-kit-patins-1-essieu-freine\/","og_site_name":"Sagrinex \u2013 Anhaenger, Container &amp; Landtechnik \ud83c\udf3e\ud83d\ude9c","article_modified_time":"2026-04-15T21:12:10+00:00","og_image":[{"width":600,"height":283,"url":"https:\/\/sagrinex.com\/wp-content\/uploads\/2026\/03\/Image-115-3.jpeg","type":"image\/jpeg"}],"twitter_card":"summary_large_image","twitter_misc":{"Gesch\u00e4tzte Lesezeit":"2\u00a0Minuten"},"schema":{"@context":"https:\/\/schema.org","@graph":[{"@type":"WebPage","@id":"https:\/\/sagrinex.com\/produit\/porte-bateau-immergeable-sun-way-d2413-ptac-1350kg-kit-patins-1-essieu-freine\/","url":"https:\/\/sagrinex.com\/produit\/porte-bateau-immergeable-sun-way-d2413-ptac-1350kg-kit-patins-1-essieu-freine\/","name":"SUN WAY TAUCHBOOTTR\u00c4GER \u2013 D2413 \u2013 zul\u00e4ssiges Gesamtgewicht: 1350 kg \u2013 Skates-Set \u2013 1 gebremste Achse","isPartOf":{"@id":"https:\/\/sagrinex.com\/#website"},"primaryImageOfPage":{"@id":"https:\/\/sagrinex.com\/produit\/porte-bateau-immergeable-sun-way-d2413-ptac-1350kg-kit-patins-1-essieu-freine\/#primaryimage"},"image":{"@id":"https:\/\/sagrinex.com\/produit\/porte-bateau-immergeable-sun-way-d2413-ptac-1350kg-kit-patins-1-essieu-freine\/#primaryimage"},"thumbnailUrl":"https:\/\/sagrinex.com\/wp-content\/uploads\/2026\/03\/Image-115-3.jpeg","datePublished":"2026-03-17T19:00:45+00:00","dateModified":"2026-04-15T21:12:10+00:00","description":"Sun Way Fast Range D2413 Bootsanh\u00e4nger mit Kufensatz f\u00fcr Boote bis 5,70 m (Rumpf 5,20 m). Zul\u00e4ssiges Gesamtgewicht einstellbar von 1000 bis 1350 kg, Leergewicht 410 kg, maximale Zuladung 940 kg. Fahrgestell 6,20 m, Gesamtabmessungen 6,284 x 2,220 m, R\u00e4der 165R14C 5T140 ET20. Wasserdicht gebremste Autoflex-Achse mit versiegelten Trommeln und Naben im Fettbad, Sp\u00fclset und wasserdichten LED-Leuchten. Selbstbremsende 1-Gang-Winde, einstellbare Windenhalterung, einstellbarer 3D-Buganschlag und \u00d8 60-St\u00fctzrad.","breadcrumb":{"@id":"https:\/\/sagrinex.com\/produit\/porte-bateau-immergeable-sun-way-d2413-ptac-1350kg-kit-patins-1-essieu-freine\/#breadcrumb"},"inLanguage":"de","potentialAction":[{"@type":"ReadAction","target":["https:\/\/sagrinex.com\/produit\/porte-bateau-immergeable-sun-way-d2413-ptac-1350kg-kit-patins-1-essieu-freine\/"]}]},{"@type":"ImageObject","inLanguage":"de","@id":"https:\/\/sagrinex.com\/produit\/porte-bateau-immergeable-sun-way-d2413-ptac-1350kg-kit-patins-1-essieu-freine\/#primaryimage","url":"https:\/\/sagrinex.com\/wp-content\/uploads\/2026\/03\/Image-115-3.jpeg","contentUrl":"https:\/\/sagrinex.com\/wp-content\/uploads\/2026\/03\/Image-115-3.jpeg","width":600,"height":283},{"@type":"BreadcrumbList","@id":"https:\/\/sagrinex.com\/produit\/porte-bateau-immergeable-sun-way-d2413-ptac-1350kg-kit-patins-1-essieu-freine\/#breadcrumb","itemListElement":[{"@type":"ListItem","position":1,"name":"Accueil","item":"https:\/\/sagrinex.com\/?lang=de"},{"@type":"ListItem","position":2,"name":"Shop","item":"https:\/\/sagrinex.com\/shop\/"},{"@type":"ListItem","position":3,"name":"Sun Way Tauchboottr\u00c4ger \u2013 D2413 \u2013 Zul\u00e4ssiges Gesamtgewicht: 1350 Kg \u2013 Skates-set \u2013 1 Gebremste Achse"}]},{"@type":"WebSite","@id":"https:\/\/sagrinex.com\/#website","url":"https:\/\/sagrinex.com\/","name":"Sagrinex \u2013 Spezialist f\u00fcr Anh\u00e4nger, Container & Landtechnik","description":"Anhaenger, Container &amp; Landtechnik \u2014 Online-Verkauf &amp; kostenloses Angebot","publisher":{"@id":"https:\/\/sagrinex.com\/#organization"},"potentialAction":[{"@type":"SearchAction","target":{"@type":"EntryPoint","urlTemplate":"https:\/\/sagrinex.com\/?s={search_term_string}"},"query-input":{"@type":"PropertyValueSpecification","valueRequired":true,"valueName":"search_term_string"}}],"inLanguage":"de"},{"@type":"Organization","@id":"https:\/\/sagrinex.com\/#organization","name":"Sagrinex \u2013 Remorques, Conteneurs & Mat\u00e9riel Agricole","url":"https:\/\/sagrinex.com\/","logo":{"@type":"ImageObject","inLanguage":"de","@id":"https:\/\/sagrinex.com\/#\/schema\/logo\/image\/","url":"https:\/\/sagrinex.com\/wp-content\/uploads\/2026\/03\/7f1ac463-ef5a-425d-bdd6-a5da03a334a9-1024x683.png","contentUrl":"https:\/\/sagrinex.com\/wp-content\/uploads\/2026\/03\/7f1ac463-ef5a-425d-bdd6-a5da03a334a9-1024x683.png","width":1024,"height":683,"caption":"Sagrinex \u2013 Remorques, Conteneurs & Mat\u00e9riel Agricole"},"image":{"@id":"https:\/\/sagrinex.com\/#\/schema\/logo\/image\/"}}]}},"jetpack_sharing_enabled":true,"_links":{"self":[{"href":"https:\/\/sagrinex.com\/de\/wp-json\/wp\/v2\/product\/14145","targetHints":{"allow":["GET"]}}],"collection":[{"href":"https:\/\/sagrinex.com\/de\/wp-json\/wp\/v2\/product"}],"about":[{"href":"https:\/\/sagrinex.com\/de\/wp-json\/wp\/v2\/types\/product"}],"replies":[{"embeddable":true,"href":"https:\/\/sagrinex.com\/de\/wp-json\/wp\/v2\/comments?post=14145"}],"version-history":[{"count":0,"href":"https:\/\/sagrinex.com\/de\/wp-json\/wp\/v2\/product\/14145\/revisions"}],"wp:featuredmedia":[{"embeddable":true,"href":"https:\/\/sagrinex.com\/de\/wp-json\/wp\/v2\/media\/16642"}],"wp:attachment":[{"href":"https:\/\/sagrinex.com\/de\/wp-json\/wp\/v2\/media?parent=14145"}],"wp:term":[{"taxonomy":"product_brand","embeddable":true,"href":"https:\/\/sagrinex.com\/de\/wp-json\/wp\/v2\/product_brand?post=14145"},{"taxonomy":"product_cat","embeddable":true,"href":"https:\/\/sagrinex.com\/de\/wp-json\/wp\/v2\/product_cat?post=14145"},{"taxonomy":"product_tag","embeddable":true,"href":"https:\/\/sagrinex.com\/de\/wp-json\/wp\/v2\/product_tag?post=14145"}],"curies":[{"name":"wp","href":"https:\/\/api.w.org\/{rel}","templated":true}]}}