{"id":14148,"date":"2026-03-17T18:26:29","date_gmt":"2026-03-17T18:26:29","guid":{"rendered":"https:\/\/sagrinex.com\/produit\/sun-way-tauchboottraeger-d1611-gesamtgewicht-1000-kg-skates-kit-1-achse\/"},"modified":"2026-04-15T21:12:10","modified_gmt":"2026-04-15T21:12:10","slug":"sun-way-tauchboottraeger-d1611-gesamtgewicht-1000-kg-skates-kit-1-achse","status":"publish","type":"product","link":"https:\/\/sagrinex.com\/de\/produit\/sun-way-tauchboottraeger-d1611-gesamtgewicht-1000-kg-skates-kit-1-achse\/","title":{"rendered":"Sun Way Tauchboottr\u00c4ger \u2013 D1611 \u2013 Gesamtgewicht: 1000 Kg \u2013 Skates-kit \u2013 1 Achse"},"content":{"rendered":"<p>Der Tauchbootanh\u00e4nger SUN WAY D1611 wurde entwickelt, um das Zuwasserlassen und Entfernen Ihres Bootes aus dem Wasser zu erleichtern. Es ist ideal f\u00fcr <strong>V-R\u00fcmpfe<\/strong>, <strong>Jollen<\/strong> oder <strong>halbstarre R\u00fcmpfe mit einer maximalen L\u00e4nge von <strong>4,70 m<\/strong>. Sein zul\u00e4ssiges Gesamtgewicht von 1000 kg erm\u00f6glicht einen vielseitigen Einsatz, der sowohl f\u00fcr Bootsfahrer als auch f\u00fcr Bootsprofis geeignet ist.<\/p>\n<ul>\n<li><strong>Zul\u00e4ssiges Gesamtgewicht:<\/strong> 1000 kg<\/li>\n<li><strong>Leermasse:<\/strong> 340 kg<\/li>\n<li><strong>Nutzlast:<\/strong> bis zu 660 kg<\/li>\n<li><strong>Gesamtabmessungen:<\/strong> 579 x 209 x 74 cm<\/li>\n<li><strong>Maximale L\u00e4nge:<\/strong> 4,70 m<\/li>\n<li><strong>Pfeil:<\/strong> V-f\u00f6rmig, feuerverzinkt<\/li>\n<li><strong>Kopf gebremst:<\/strong> Ja<\/li>\n<li><strong>Fahrgestell:<\/strong> feuerverzinkt<\/li>\n<li><strong>R\u00e4der:<\/strong> 185\/70R13<\/li>\n<li><strong>Ausstattung:<\/strong> Schrauben, Flansche, Bremsgetriebe und Kotfl\u00fcgel aus Edelstahl in Marinequalit\u00e4t; Optiken und Anschl\u00fcsse f\u00fcr tauchwassergesch\u00fctzte Leuchten; wasserdichte LED-Leuchten; Windenunterst\u00fctzung mit 900 kg Goliath-Winde serienm\u00e4\u00dfig<\/li>\n<\/ul>\n<p><strong>Robustheit und Langlebigkeit:<\/strong> Der Anh\u00e4nger SUN WAY D1611 ist mit einem feuerverzinkten Fahrgestell ausgestattet, das eine hervorragende Korrosionsbest\u00e4ndigkeit bietet. Elemente aus Edelstahl in Marinequalit\u00e4t, wie Schrauben, Flansche und Fl\u00fcgel, garantieren eine l\u00e4ngere Lebensdauer, selbst in salzhaltigen Umgebungen.<\/p>\n<p><strong>Hochleistungsbremssystem:<\/strong> Ausgestattet mit einem gebremsten Kopf und Scheibenbremsen mit \u00d6lnaben sorgt dieser Anh\u00e4nger f\u00fcr effizientes und sicheres Bremsen. \u00d6lbadnaben sorgen f\u00fcr eine bessere Lagerschmierung und eine vereinfachte Wartung.<\/p>\n<p><strong>Hochwertige wasserdichte Beleuchtung:<\/strong> Tauchfeste LED-Leuchten garantieren optimale Sicht unter allen Umst\u00e4nden. Ihre robuste Bauweise reduziert das Ausfallrisiko und sorgt f\u00fcr eine lange Lebensdauer.<\/p>\n<p><strong>Einfaches Zuwasserlassen:<\/strong> Dank seines Tauchsystems und seines Kufensatzes vereinfacht der SUN WAY D1611 das Zuwasserlassen und Entfernen Ihres Bootes aus dem Wasser erheblich. Die Polster bieten eine optimale Unterst\u00fctzung des Rumpfes und verringern so das Risiko einer Besch\u00e4digung w\u00e4hrend der Handhabung.<\/p>\n<ul>\n<li>Ersatzrad<\/li>\n<li>Reserveradhalterung<\/li>\n<li>Elektrische Winde mit abnehmbarem St\u00fctzsatz<\/li>\n<li>Aluminiumfelgensatz<\/li>\n<li>Gateway-Kit<\/li>\n<li>Zentrierst\u00e4nder-Kit<\/li>\n<li>Diebstahlschutz<\/li>\n<li>Automatikgurt 3 m \u2013 550 kg<\/li>\n<li>Gurt 9 m \u2013 4 T<\/li>\n<\/ul>\n<ul>\n<li>Wasserdichte LED-Leuchten<\/li>\n<li>Abgedichtete \u00d6lbadnaben<\/li>\n<li>Wasserdichte Bremsscheiben<\/li>\n<li>F\u00fcr den Stra\u00dfenverkehr zugelassen<\/li>\n<\/ul>\n<p>Wenn Sie sich f\u00fcr den Kauf Ihres SUN WAY D1611-Anh\u00e4ngers f\u00fcr Sagrinex entscheiden, profitieren Sie von pers\u00f6nlichem Service und kompetenter Beratung, um Ihren Anh\u00e4nger an Ihre spezifischen Bed\u00fcrfnisse anzupassen. Dar\u00fcber hinaus bieten wir einen reaktionsschnellen Kundendienst und eine schnelle Verf\u00fcgbarkeit von Ersatzteilen, wenn dies f\u00fcr die Wartung oder Reparatur Ihres Anh\u00e4ngers erforderlich ist.<\/p>\n<p>Dieser Anh\u00e4nger ist f\u00fcr den Stra\u00dfenverkehr mit einem zul\u00e4ssigen Gesamtgewicht von 1000 kg zugelassen. Gem\u00e4\u00df der geltenden Gesetzgebung sind f\u00fcr die Fahrt mit diesem Anh\u00e4nger ein bestimmtes Fahrzeugpapier und eine Versicherung erforderlich.<\/p>\n<p>Um die Langlebigkeit des Anh\u00e4ngers zu gew\u00e4hrleisten, ist es wichtig, die Wartungsanweisungen zu befolgen, insbesondere das systematische Sp\u00fclen nach jedem Eintauchen.<\/p>\n","protected":false},"excerpt":{"rendered":"<p>Der Tauchbootanh\u00e4nger SUN WAY D1611 mit Rollenoptionen erleichtert das Zuwasserlassen und Entfernen von Booten oder Beibooten mit V-Rumpf und einer L\u00e4nge von bis zu 4,70 m. Konzipiert f\u00fcr den praktischen und sicheren Einsatz gew\u00e4hrleistet es einen zuverl\u00e4ssigen und zugelassenen Stra\u00dfentransport sowie ein einfaches und schnelles Eintauchen.<\/p>\n<div class=\"mod_fa_customizablefields_v14_list\">\n<div class=\"mod_fa_champspersonnalisables_v14_titre\"><strong>Gesamtgewicht: <\/strong><span class=\"mod_fa_champspersonnalisables_v14_value\">1000 kg<\/span><\/div>\n<\/div>\n<div class=\"mod_fa_customizablefields_v14_list\">\n<div class=\"mod_fa_champspersonnalisables_v14_titre\"><strong>Leermasse: <\/strong><span class=\"mod_fa_champspersonnalisables_v14_value\">340 kg<\/span><\/div>\n<\/div>\n<div class=\"mod_fa_customizablefields_v14_list\">\n<div class=\"mod_fa_champspersonnalisables_v14_titre\"><strong>Nutzlast: <\/strong><span class=\"mod_fa_champspersonnalisables_v14_value\">maximal 660 kg<\/span><\/div>\n<\/div>\n<div class=\"mod_fa_customizablefields_v14_list\">\n<div class=\"mod_fa_champspersonnalisables_v14_titre\"><strong>Gesamtabmessungen: <\/strong><span class=\"mod_fa_champspersonnalisables_v14_value\">579 x 209 x H74 cm<\/span><\/div>\n<\/div>\n<div class=\"mod_fa_customizablefields_v14_list\">\n<div class=\"mod_fa_champspersonnalisables_v14_titre\"><strong>Maximale L\u00e4nge des Bootes: <\/strong><span class=\"mod_fa_champspersonnalisables_v14_value\">4,70 m<\/span><\/div>\n<\/div>\n<div class=\"mod_fa_customizablefields_v14_list\">\n<div class=\"mod_fa_champspersonnalisables_v14_title\"><strong>Pfeil: <\/strong><span class=\"mod_fa_champspersonnalisables_v14_value\">Feuerverzinkt in V<\/span><\/div>\n<\/div>\n<div class=\"mod_fa_customizablefields_v14_list\">\n<div class=\"mod_fa_champspersonnalisables_v14_titre\"><strong>Rahmentyp: <\/strong><span class=\"mod_fa_champspersonnalisables_v14_value\">Feuerverzinkt<\/span><\/div>\n<\/div>\n<div class=\"mod_fa_customizablefields_v14_list\">\n<div class=\"mod_fa_champspersonnalisables_v14_titre\"><strong>R\u00e4der: <\/strong><span class=\"mod_fa_champspersonnalisables_v14_valeur\">185\/70R13<\/span><\/div>\n<\/div>\n<div class=\"mod_fa_customizablefields_v14_list\">\n<div class=\"mod_fa_champspersonnalisables_v14_titre\"><strong>Ausstattung: <\/strong><span class=\"mod_fa_champspersonnalisables_v14_valeur\">Schrauben, Flansche, Bremsgetriebe und Fl\u00fcgel sind aus Edelstahl in Marinequalit\u00e4t gefertigt \/ Optik und Anschl\u00fcsse der Leuchten wasserdicht bis zum Eintauchen \/ Wasserdichte LED-Leuchten \/ Windenunterst\u00fctzung + Goliath 900 kg Windenserie<\/span><\/div>\n<\/div>\n","protected":false},"featured_media":16623,"comment_status":"open","ping_status":"closed","template":"","meta":[],"product_brand":[],"product_cat":[357,352],"product_tag":[],"class_list":{"0":"post-14148","1":"product","2":"type-product","3":"status-publish","4":"has-post-thumbnail","6":"product_cat-nautische-anhaenger","7":"product_cat-unsere-trailer","9":"first","10":"instock","11":"shipping-taxable","12":"purchasable","13":"product-type-simple"},"yoast_head":"<!-- This site is optimized with the Yoast SEO plugin v27.4 - https:\/\/yoast.com\/product\/yoast-seo-wordpress\/ -->\n<title>SUN WAY TAUCHBOOTTR\u00c4GER \u2013 D1611 \u2013 Gesamtgewicht: 1000 kg \u2013 SKATES-KIT \u2013 1 ACHSE<\/title>\n<meta name=\"description\" content=\"Der Tauchbootanh\u00e4nger SUN WAY D1611 mit Rollenoptionen erleichtert das Zuwasserlassen und Entfernen von Booten oder Beibooten mit V-Rumpf und einer L\u00e4nge von bis zu 4,70 m. Konzipiert f\u00fcr den praktischen und sicheren Einsatz gew\u00e4hrleistet es einen zuverl\u00e4ssigen und zugelassenen Stra\u00dfentransport sowie ein einfaches und schnelles Eintauchen.\" \/>\n<meta name=\"robots\" content=\"index, follow, max-snippet:-1, max-image-preview:large, max-video-preview:-1\" \/>\n<link rel=\"canonical\" href=\"https:\/\/sagrinex.com\/produit\/porte-bateau-immergeable-sun-way-d1611-ptac-1000kg-kit-patins-1-essieu\/\" \/>\n<meta property=\"og:locale\" content=\"de_DE\" \/>\n<meta property=\"og:type\" content=\"article\" \/>\n<meta property=\"og:title\" content=\"SUN WAY TAUCHBOOTTR\u00c4GER \u2013 D1611 \u2013 Gesamtgewicht: 1000 kg \u2013 SKATES-KIT \u2013 1 ACHSE\" \/>\n<meta property=\"og:description\" content=\"Der Tauchbootanh\u00e4nger SUN WAY D1611 mit Rollenoptionen erleichtert das Zuwasserlassen und Entfernen von Booten oder Beibooten mit V-Rumpf und einer L\u00e4nge von bis zu 4,70 m. Konzipiert f\u00fcr den praktischen und sicheren Einsatz gew\u00e4hrleistet es einen zuverl\u00e4ssigen und zugelassenen Stra\u00dfentransport sowie ein einfaches und schnelles Eintauchen.\" \/>\n<meta property=\"og:url\" content=\"https:\/\/sagrinex.com\/produit\/porte-bateau-immergeable-sun-way-d1611-ptac-1000kg-kit-patins-1-essieu\/\" \/>\n<meta property=\"og:site_name\" content=\"Sagrinex \u2013 Anhaenger, Container &amp; Landtechnik \ud83c\udf3e\ud83d\ude9c\" \/>\n<meta property=\"article:modified_time\" content=\"2026-04-15T21:12:10+00:00\" \/>\n<meta property=\"og:image\" content=\"https:\/\/sagrinex.com\/wp-content\/uploads\/2026\/03\/Image-96-4.jpeg\" \/>\n\t<meta property=\"og:image:width\" content=\"1000\" \/>\n\t<meta property=\"og:image:height\" content=\"428\" \/>\n\t<meta property=\"og:image:type\" content=\"image\/jpeg\" \/>\n<meta name=\"twitter:card\" content=\"summary_large_image\" \/>\n<meta name=\"twitter:label1\" content=\"Gesch\u00e4tzte Lesezeit\" \/>\n\t<meta name=\"twitter:data1\" content=\"2\u00a0Minuten\" \/>\n<script type=\"application\/ld+json\" class=\"yoast-schema-graph\">{\"@context\":\"https:\\\/\\\/schema.org\",\"@graph\":[{\"@type\":\"WebPage\",\"@id\":\"https:\\\/\\\/sagrinex.com\\\/produit\\\/porte-bateau-immergeable-sun-way-d1611-ptac-1000kg-kit-patins-1-essieu\\\/\",\"url\":\"https:\\\/\\\/sagrinex.com\\\/produit\\\/porte-bateau-immergeable-sun-way-d1611-ptac-1000kg-kit-patins-1-essieu\\\/\",\"name\":\"SUN WAY TAUCHBOOTTR\u00c4GER \u2013 D1611 \u2013 Gesamtgewicht: 1000 kg \u2013 SKATES-KIT \u2013 1 ACHSE\",\"isPartOf\":{\"@id\":\"https:\\\/\\\/sagrinex.com\\\/#website\"},\"primaryImageOfPage\":{\"@id\":\"https:\\\/\\\/sagrinex.com\\\/produit\\\/porte-bateau-immergeable-sun-way-d1611-ptac-1000kg-kit-patins-1-essieu\\\/#primaryimage\"},\"image\":{\"@id\":\"https:\\\/\\\/sagrinex.com\\\/produit\\\/porte-bateau-immergeable-sun-way-d1611-ptac-1000kg-kit-patins-1-essieu\\\/#primaryimage\"},\"thumbnailUrl\":\"https:\\\/\\\/sagrinex.com\\\/wp-content\\\/uploads\\\/2026\\\/03\\\/Image-96-4.jpeg\",\"datePublished\":\"2026-03-17T18:26:29+00:00\",\"dateModified\":\"2026-04-15T21:12:10+00:00\",\"description\":\"Der Tauchbootanh\u00e4nger SUN WAY D1611 mit Rollenoptionen erleichtert das Zuwasserlassen und Entfernen von Booten oder Beibooten mit V-Rumpf und einer L\u00e4nge von bis zu 4,70 m. Konzipiert f\u00fcr den praktischen und sicheren Einsatz gew\u00e4hrleistet es einen zuverl\u00e4ssigen und zugelassenen Stra\u00dfentransport sowie ein einfaches und schnelles Eintauchen.\",\"breadcrumb\":{\"@id\":\"https:\\\/\\\/sagrinex.com\\\/produit\\\/porte-bateau-immergeable-sun-way-d1611-ptac-1000kg-kit-patins-1-essieu\\\/#breadcrumb\"},\"inLanguage\":\"de\",\"potentialAction\":[{\"@type\":\"ReadAction\",\"target\":[\"https:\\\/\\\/sagrinex.com\\\/produit\\\/porte-bateau-immergeable-sun-way-d1611-ptac-1000kg-kit-patins-1-essieu\\\/\"]}]},{\"@type\":\"ImageObject\",\"inLanguage\":\"de\",\"@id\":\"https:\\\/\\\/sagrinex.com\\\/produit\\\/porte-bateau-immergeable-sun-way-d1611-ptac-1000kg-kit-patins-1-essieu\\\/#primaryimage\",\"url\":\"https:\\\/\\\/sagrinex.com\\\/wp-content\\\/uploads\\\/2026\\\/03\\\/Image-96-4.jpeg\",\"contentUrl\":\"https:\\\/\\\/sagrinex.com\\\/wp-content\\\/uploads\\\/2026\\\/03\\\/Image-96-4.jpeg\",\"width\":1000,\"height\":428},{\"@type\":\"BreadcrumbList\",\"@id\":\"https:\\\/\\\/sagrinex.com\\\/produit\\\/porte-bateau-immergeable-sun-way-d1611-ptac-1000kg-kit-patins-1-essieu\\\/#breadcrumb\",\"itemListElement\":[{\"@type\":\"ListItem\",\"position\":1,\"name\":\"Accueil\",\"item\":\"https:\\\/\\\/sagrinex.com\\\/?lang=de\"},{\"@type\":\"ListItem\",\"position\":2,\"name\":\"Shop\",\"item\":\"https:\\\/\\\/sagrinex.com\\\/shop\\\/\"},{\"@type\":\"ListItem\",\"position\":3,\"name\":\"Sun Way Tauchboottr\u00c4ger \u2013 D1611 \u2013 Gesamtgewicht: 1000 Kg \u2013 Skates-kit \u2013 1 Achse\"}]},{\"@type\":\"WebSite\",\"@id\":\"https:\\\/\\\/sagrinex.com\\\/#website\",\"url\":\"https:\\\/\\\/sagrinex.com\\\/\",\"name\":\"Sagrinex \u2013 Spezialist f\u00fcr Anh\u00e4nger, Container & Landtechnik\",\"description\":\"Anhaenger, Container &amp; Landtechnik \u2014 Online-Verkauf &amp; kostenloses Angebot\",\"publisher\":{\"@id\":\"https:\\\/\\\/sagrinex.com\\\/#organization\"},\"potentialAction\":[{\"@type\":\"SearchAction\",\"target\":{\"@type\":\"EntryPoint\",\"urlTemplate\":\"https:\\\/\\\/sagrinex.com\\\/?s={search_term_string}\"},\"query-input\":{\"@type\":\"PropertyValueSpecification\",\"valueRequired\":true,\"valueName\":\"search_term_string\"}}],\"inLanguage\":\"de\"},{\"@type\":\"Organization\",\"@id\":\"https:\\\/\\\/sagrinex.com\\\/#organization\",\"name\":\"Sagrinex \u2013 Remorques, Conteneurs & Mat\u00e9riel Agricole\",\"url\":\"https:\\\/\\\/sagrinex.com\\\/\",\"logo\":{\"@type\":\"ImageObject\",\"inLanguage\":\"de\",\"@id\":\"https:\\\/\\\/sagrinex.com\\\/#\\\/schema\\\/logo\\\/image\\\/\",\"url\":\"https:\\\/\\\/sagrinex.com\\\/wp-content\\\/uploads\\\/2026\\\/03\\\/7f1ac463-ef5a-425d-bdd6-a5da03a334a9-1024x683.png\",\"contentUrl\":\"https:\\\/\\\/sagrinex.com\\\/wp-content\\\/uploads\\\/2026\\\/03\\\/7f1ac463-ef5a-425d-bdd6-a5da03a334a9-1024x683.png\",\"width\":1024,\"height\":683,\"caption\":\"Sagrinex \u2013 Remorques, Conteneurs & Mat\u00e9riel Agricole\"},\"image\":{\"@id\":\"https:\\\/\\\/sagrinex.com\\\/#\\\/schema\\\/logo\\\/image\\\/\"}}]}<\/script>\n<!-- \/ Yoast SEO plugin. -->","yoast_head_json":{"title":"SUN WAY TAUCHBOOTTR\u00c4GER \u2013 D1611 \u2013 Gesamtgewicht: 1000 kg \u2013 SKATES-KIT \u2013 1 ACHSE","description":"Der Tauchbootanh\u00e4nger SUN WAY D1611 mit Rollenoptionen erleichtert das Zuwasserlassen und Entfernen von Booten oder Beibooten mit V-Rumpf und einer L\u00e4nge von bis zu 4,70 m. Konzipiert f\u00fcr den praktischen und sicheren Einsatz gew\u00e4hrleistet es einen zuverl\u00e4ssigen und zugelassenen Stra\u00dfentransport sowie ein einfaches und schnelles Eintauchen.","robots":{"index":"index","follow":"follow","max-snippet":"max-snippet:-1","max-image-preview":"max-image-preview:large","max-video-preview":"max-video-preview:-1"},"canonical":"https:\/\/sagrinex.com\/produit\/porte-bateau-immergeable-sun-way-d1611-ptac-1000kg-kit-patins-1-essieu\/","og_locale":"de_DE","og_type":"article","og_title":"SUN WAY TAUCHBOOTTR\u00c4GER \u2013 D1611 \u2013 Gesamtgewicht: 1000 kg \u2013 SKATES-KIT \u2013 1 ACHSE","og_description":"Der Tauchbootanh\u00e4nger SUN WAY D1611 mit Rollenoptionen erleichtert das Zuwasserlassen und Entfernen von Booten oder Beibooten mit V-Rumpf und einer L\u00e4nge von bis zu 4,70 m. Konzipiert f\u00fcr den praktischen und sicheren Einsatz gew\u00e4hrleistet es einen zuverl\u00e4ssigen und zugelassenen Stra\u00dfentransport sowie ein einfaches und schnelles Eintauchen.","og_url":"https:\/\/sagrinex.com\/produit\/porte-bateau-immergeable-sun-way-d1611-ptac-1000kg-kit-patins-1-essieu\/","og_site_name":"Sagrinex \u2013 Anhaenger, Container &amp; Landtechnik \ud83c\udf3e\ud83d\ude9c","article_modified_time":"2026-04-15T21:12:10+00:00","og_image":[{"width":1000,"height":428,"url":"https:\/\/sagrinex.com\/wp-content\/uploads\/2026\/03\/Image-96-4.jpeg","type":"image\/jpeg"}],"twitter_card":"summary_large_image","twitter_misc":{"Gesch\u00e4tzte Lesezeit":"2\u00a0Minuten"},"schema":{"@context":"https:\/\/schema.org","@graph":[{"@type":"WebPage","@id":"https:\/\/sagrinex.com\/produit\/porte-bateau-immergeable-sun-way-d1611-ptac-1000kg-kit-patins-1-essieu\/","url":"https:\/\/sagrinex.com\/produit\/porte-bateau-immergeable-sun-way-d1611-ptac-1000kg-kit-patins-1-essieu\/","name":"SUN WAY TAUCHBOOTTR\u00c4GER \u2013 D1611 \u2013 Gesamtgewicht: 1000 kg \u2013 SKATES-KIT \u2013 1 ACHSE","isPartOf":{"@id":"https:\/\/sagrinex.com\/#website"},"primaryImageOfPage":{"@id":"https:\/\/sagrinex.com\/produit\/porte-bateau-immergeable-sun-way-d1611-ptac-1000kg-kit-patins-1-essieu\/#primaryimage"},"image":{"@id":"https:\/\/sagrinex.com\/produit\/porte-bateau-immergeable-sun-way-d1611-ptac-1000kg-kit-patins-1-essieu\/#primaryimage"},"thumbnailUrl":"https:\/\/sagrinex.com\/wp-content\/uploads\/2026\/03\/Image-96-4.jpeg","datePublished":"2026-03-17T18:26:29+00:00","dateModified":"2026-04-15T21:12:10+00:00","description":"Der Tauchbootanh\u00e4nger SUN WAY D1611 mit Rollenoptionen erleichtert das Zuwasserlassen und Entfernen von Booten oder Beibooten mit V-Rumpf und einer L\u00e4nge von bis zu 4,70 m. Konzipiert f\u00fcr den praktischen und sicheren Einsatz gew\u00e4hrleistet es einen zuverl\u00e4ssigen und zugelassenen Stra\u00dfentransport sowie ein einfaches und schnelles Eintauchen.","breadcrumb":{"@id":"https:\/\/sagrinex.com\/produit\/porte-bateau-immergeable-sun-way-d1611-ptac-1000kg-kit-patins-1-essieu\/#breadcrumb"},"inLanguage":"de","potentialAction":[{"@type":"ReadAction","target":["https:\/\/sagrinex.com\/produit\/porte-bateau-immergeable-sun-way-d1611-ptac-1000kg-kit-patins-1-essieu\/"]}]},{"@type":"ImageObject","inLanguage":"de","@id":"https:\/\/sagrinex.com\/produit\/porte-bateau-immergeable-sun-way-d1611-ptac-1000kg-kit-patins-1-essieu\/#primaryimage","url":"https:\/\/sagrinex.com\/wp-content\/uploads\/2026\/03\/Image-96-4.jpeg","contentUrl":"https:\/\/sagrinex.com\/wp-content\/uploads\/2026\/03\/Image-96-4.jpeg","width":1000,"height":428},{"@type":"BreadcrumbList","@id":"https:\/\/sagrinex.com\/produit\/porte-bateau-immergeable-sun-way-d1611-ptac-1000kg-kit-patins-1-essieu\/#breadcrumb","itemListElement":[{"@type":"ListItem","position":1,"name":"Accueil","item":"https:\/\/sagrinex.com\/?lang=de"},{"@type":"ListItem","position":2,"name":"Shop","item":"https:\/\/sagrinex.com\/shop\/"},{"@type":"ListItem","position":3,"name":"Sun Way Tauchboottr\u00c4ger \u2013 D1611 \u2013 Gesamtgewicht: 1000 Kg \u2013 Skates-kit \u2013 1 Achse"}]},{"@type":"WebSite","@id":"https:\/\/sagrinex.com\/#website","url":"https:\/\/sagrinex.com\/","name":"Sagrinex \u2013 Spezialist f\u00fcr Anh\u00e4nger, Container & Landtechnik","description":"Anhaenger, Container &amp; Landtechnik \u2014 Online-Verkauf &amp; kostenloses Angebot","publisher":{"@id":"https:\/\/sagrinex.com\/#organization"},"potentialAction":[{"@type":"SearchAction","target":{"@type":"EntryPoint","urlTemplate":"https:\/\/sagrinex.com\/?s={search_term_string}"},"query-input":{"@type":"PropertyValueSpecification","valueRequired":true,"valueName":"search_term_string"}}],"inLanguage":"de"},{"@type":"Organization","@id":"https:\/\/sagrinex.com\/#organization","name":"Sagrinex \u2013 Remorques, Conteneurs & Mat\u00e9riel Agricole","url":"https:\/\/sagrinex.com\/","logo":{"@type":"ImageObject","inLanguage":"de","@id":"https:\/\/sagrinex.com\/#\/schema\/logo\/image\/","url":"https:\/\/sagrinex.com\/wp-content\/uploads\/2026\/03\/7f1ac463-ef5a-425d-bdd6-a5da03a334a9-1024x683.png","contentUrl":"https:\/\/sagrinex.com\/wp-content\/uploads\/2026\/03\/7f1ac463-ef5a-425d-bdd6-a5da03a334a9-1024x683.png","width":1024,"height":683,"caption":"Sagrinex \u2013 Remorques, Conteneurs & Mat\u00e9riel Agricole"},"image":{"@id":"https:\/\/sagrinex.com\/#\/schema\/logo\/image\/"}}]}},"jetpack_sharing_enabled":true,"_links":{"self":[{"href":"https:\/\/sagrinex.com\/de\/wp-json\/wp\/v2\/product\/14148","targetHints":{"allow":["GET"]}}],"collection":[{"href":"https:\/\/sagrinex.com\/de\/wp-json\/wp\/v2\/product"}],"about":[{"href":"https:\/\/sagrinex.com\/de\/wp-json\/wp\/v2\/types\/product"}],"replies":[{"embeddable":true,"href":"https:\/\/sagrinex.com\/de\/wp-json\/wp\/v2\/comments?post=14148"}],"version-history":[{"count":0,"href":"https:\/\/sagrinex.com\/de\/wp-json\/wp\/v2\/product\/14148\/revisions"}],"wp:featuredmedia":[{"embeddable":true,"href":"https:\/\/sagrinex.com\/de\/wp-json\/wp\/v2\/media\/16623"}],"wp:attachment":[{"href":"https:\/\/sagrinex.com\/de\/wp-json\/wp\/v2\/media?parent=14148"}],"wp:term":[{"taxonomy":"product_brand","embeddable":true,"href":"https:\/\/sagrinex.com\/de\/wp-json\/wp\/v2\/product_brand?post=14148"},{"taxonomy":"product_cat","embeddable":true,"href":"https:\/\/sagrinex.com\/de\/wp-json\/wp\/v2\/product_cat?post=14148"},{"taxonomy":"product_tag","embeddable":true,"href":"https:\/\/sagrinex.com\/de\/wp-json\/wp\/v2\/product_tag?post=14148"}],"curies":[{"name":"wp","href":"https:\/\/api.w.org\/{rel}","templated":true}]}}