{"id":14156,"date":"2026-03-17T21:52:20","date_gmt":"2026-03-17T21:52:20","guid":{"rendered":"https:\/\/sagrinex.com\/produit\/galaxy-segelboottraeger-g1942-gd13v-zulaessiges-gesamtgewicht-2700-kg-2-achsen\/"},"modified":"2026-04-15T21:12:10","modified_gmt":"2026-04-15T21:12:10","slug":"galaxy-segelboottraeger-g1942-gd13v-zulaessiges-gesamtgewicht-2700-kg-2-achsen","status":"publish","type":"product","link":"https:\/\/sagrinex.com\/de\/produit\/galaxy-segelboottraeger-g1942-gd13v-zulaessiges-gesamtgewicht-2700-kg-2-achsen\/","title":{"rendered":"Galaxy-segelboottr\u00c4ger \u2013 G1942 \/ GD13V \u2013 Zul\u00e4ssiges Gesamtgewicht: 2700 Kg \u2013 2 Achsen"},"content":{"rendered":"<p>Dieser Anh\u00e4nger ist f\u00fcr den <strong>Stra\u00dfentransport von Segelbooten<\/strong> konzipiert und tr\u00e4gt eine maximale Zuladung von 1945 kg und eine Rumpfl\u00e4nge von bis zu 7,5 m. Seine Konstruktion sorgt f\u00fcr <strong>optimale Stabilit\u00e4t<\/strong> und <strong>erh\u00f6hte Sicherheit<\/strong> beim Transport durch einen niedrigen Schwerpunkt.<\/p>\n<ul>\n<li><strong>Gesamtgewicht:<\/strong> 2.700 kg<\/li>\n<li><strong>Leermasse:<\/strong> 755 kg<\/li>\n<li><strong>Nutzlast:<\/strong> bis zu 1.945 kg<\/li>\n<li><strong>N\u00fctzliche Abmessungen:<\/strong> L\u00e4nge von 5,90 m bis 6,90 m<\/li>\n<li><strong>Gesamtabmessungen:<\/strong> 8,42 m x 2,31 m x 1,24 m (L x B x H)<\/li>\n<li><strong>H\u00f6he der Kerzen:<\/strong> 70 cm<\/li>\n<li><strong>Maximale Bootsl\u00e4nge:<\/strong> 7,5 m<\/li>\n<li><strong>Pfeil:<\/strong> V-f\u00f6rmig, feuerverzinkt<\/li>\n<li><strong>Kopf gebremst:<\/strong> Ja<\/li>\n<li><strong>Pinne:<\/strong> Behoben<\/li>\n<li><strong>Fahrgestell:<\/strong> feuerverzinkt<\/li>\n<li><strong>R\u00e4der:<\/strong> 165R14C<\/li>\n<\/ul>\n<p>Der Anh\u00e4nger ist mit einem Tiefgang ausgestattet, der f\u00fcr Segelboote mit einem Tiefgang von weniger als 60 cm geeignet ist. F\u00fcr Boote mit h\u00f6herem Tiefgang ist eine Option erh\u00e4ltlich, die diesen spezifischen Anforderungen gerecht wird.<\/p>\n<p>Es verf\u00fcgt \u00fcber eine <strong>abnehmbare Kunststoff-Lichtplatte<\/strong>, die den Startvorgang erleichtert und den Schutz der Lichter bei Man\u00f6vern gew\u00e4hrleistet.<\/p>\n<p>Das mitgelieferte <strong>St\u00fctzrad<\/strong> gew\u00e4hrleistet eine einfache Handhabung des Anh\u00e4ngers w\u00e4hrend der Ankuppel- und Leerfahrphase.<\/p>\n<p>Das Fahrgestell aus feuerverzinktem Stahl sorgt f\u00fcr eine <strong>erh\u00f6hte Korrosionsbest\u00e4ndigkeit<\/strong> und verl\u00e4ngert so die Lebensdauer des Anh\u00e4ngers, selbst in Meeresumgebungen.<\/p>\n<ul>\n<li><strong>Reserverad mit Halterung:<\/strong> um unvorhergesehene Ereignisse im Falle einer Reifenpanne auf der Stra\u00dfe zu vermeiden.<\/li>\n<li><strong>Gro\u00dfer Tiefgangssatz:<\/strong> empfohlen f\u00fcr Segelboote mit einem Tiefgang von mehr als 60 cm, um eine perfekte Anpassung des Anh\u00e4ngers an den Bootsrumpf zu gew\u00e4hrleisten.<\/li>\n<\/ul>\n<ul>\n<li><strong>Stra\u00dfenzulassung:<\/strong> Im Gegensatz zu Rollgestellen ist dieser Anh\u00e4nger f\u00fcr den Stra\u00dfenverkehr zugelassen, was Konformit\u00e4t und Sicherheit gew\u00e4hrleistet.<\/li>\n<li><strong>Anpassbarkeit:<\/strong> Dank der verf\u00fcgbaren Optionen kann es so konfiguriert werden, dass es an eine Vielzahl von Segelbooten angepasst werden kann und somit eine gro\u00dfe Vielseitigkeit bietet.<\/li>\n<\/ul>\n<p>Wenn Sie sich f\u00fcr Sagrinex entscheiden, profitieren Sie von einer <strong>pers\u00f6nlichen Beratung<\/strong>, um den Anh\u00e4nger an die Besonderheiten Ihres Segelboots anzupassen. Unser technisches Team kann das Tiefgang-Kit installieren und so eine <strong>perfekte Kompatibilit\u00e4t<\/strong> mit Ihrem Boot und eine <strong>professionelle Installation<\/strong> gew\u00e4hrleisten.<\/p>\n<p>Alle zugelassenen Segelbootanh\u00e4nger mit einem zul\u00e4ssigen Gesamtgewicht von mehr als 500 kg ben\u00f6tigen eine <strong>Graue Karte<\/strong>, um legal auf der Stra\u00dfe fahren zu d\u00fcrfen. Es ist daher unbedingt sicherzustellen, dass die Verwaltungsverfahren vor jeder Nutzung durchgef\u00fchrt werden.<\/p>\n","protected":false},"excerpt":{"rendered":"<p>Erm\u00f6glicht den Stra\u00dfentransport eines Segelbootes mit einer maximalen Zuladung von 1945 kg und einer maximalen Rumpfl\u00e4nge von 7,5 m<\/p>\n<div class=\"mod_fa_customizablefields_v14_list\">\n<div class=\"mod_fa_champspersonnalisables_v14_titre\"><strong>Zul\u00e4ssiges Gesamtgewicht: <\/strong><span class=\"mod_fa_champspersonnalisables_v14_value\">2700 kg<\/span><\/div>\n<\/div>\n<div class=\"mod_fa_customizablefields_v14_list\">\n<div class=\"mod_fa_champspersonnalisables_v14_titre\"><strong>Leermasse: <\/strong><span class=\"mod_fa_champspersonnalisables_v14_value\">755 kg<\/span><\/div>\n<\/div>\n<div class=\"mod_fa_customizablefields_v14_list\">\n<div class=\"mod_fa_champspersonnalisables_v14_titre\"><strong>Nutzlast: <\/strong><span class=\"mod_fa_champspersonnalisables_v14_value\">maximal 2145 kg<\/span><\/div>\n<\/div>\n<div class=\"mod_fa_customizablefields_v14_list\">\n<div class=\"mod_fa_champspersonnalisables_v14_titre\"><strong>Nutzma\u00dfe: <\/strong><span class=\"mod_fa_champspersonnalisables_v14_value\">L\u00e4nge: 5,90 m &#8211; 6,90 m<\/span><\/div>\n<\/div>\n<div class=\"mod_fa_customizablefields_v14_list\">\n<div class=\"mod_fa_champspersonnalisables_v14_titre\"><strong>Gesamtabmessungen: <\/strong><span class=\"mod_fa_champspersonnalisables_v14_value\">842 x 231 x H124 cm<\/span><\/div>\n<\/div>\n<div class=\"mod_fa_customizablefields_v14_list\">\n<div class=\"mod_fa_champspersonnalisables_v14_titre\"><strong>Kerzenh\u00f6he: <\/strong><span class=\"mod_fa_champspersonnalisables_v14_value\">70 cm<\/span><\/div>\n<\/div>\n<div class=\"mod_fa_customizablefields_v14_list\">\n<div class=\"mod_fa_champspersonnalisables_v14_titre\"><strong>Maximale L\u00e4nge des Bootes: <\/strong><span class=\"mod_fa_champspersonnalisables_v14_value\">7,5 m<\/span><\/div>\n<\/div>\n<div class=\"mod_fa_customizablefields_v14_list\">\n<div class=\"mod_fa_champspersonnalisables_v14_title\"><strong>Pfeil: <\/strong><span class=\"mod_fa_champspersonnalisables_v14_value\">Feuerverzinkt in V<\/span><\/div>\n<\/div>\n<div class=\"mod_fa_customizablefields_v14_list\">\n<div class=\"mod_fa_customizablefields_v14_title\"><strong>Band: <\/strong><span class=\"mod_fa_customizablefields_v14_value\">Behoben<\/span><\/div>\n<\/div>\n<div class=\"mod_fa_customizablefields_v14_list\">\n<div class=\"mod_fa_champspersonnalisables_v14_titre\"><strong>Rahmentyp: <\/strong><span class=\"mod_fa_champspersonnalisables_v14_value\">Feuerverzinkt<\/span><\/div>\n<\/div>\n<div class=\"mod_fa_customizablefields_v14_list\">\n<div class=\"mod_fa_champspersonnalisables_v14_titre\"><strong>R\u00e4der: <\/strong><span class=\"mod_fa_champspersonnalisables_v14_valeur\">165R14C<\/span><\/div>\n<\/div>\n<div class=\"mod_fa_customizablefields_v14_list\">\n<div class=\"mod_fa_champspersonnalisables_v14_titre\"><strong>Ausstattung: <\/strong><span class=\"mod_fa_champspersonnalisables_v14_valeur\">Tiefgang (wenn weniger als 60 cm \/ sonst Option verf\u00fcgbar) \/ Abnehmbare Kunststoff-Lichtplatte \/ St\u00fctzrad<\/span><\/div>\n<\/div>\n","protected":false},"featured_media":16673,"comment_status":"open","ping_status":"closed","template":"","meta":[],"product_brand":[],"product_cat":[357,352],"product_tag":[],"class_list":{"0":"post-14156","1":"product","2":"type-product","3":"status-publish","4":"has-post-thumbnail","6":"product_cat-nautische-anhaenger","7":"product_cat-unsere-trailer","9":"first","10":"instock","11":"shipping-taxable","12":"purchasable","13":"product-type-simple"},"yoast_head":"<!-- This site is optimized with the Yoast SEO plugin v27.4 - https:\/\/yoast.com\/product\/yoast-seo-wordpress\/ -->\n<title>GALAXY-SEGELBOOTTR\u00c4GER \u2013 G1942 \/ GD13V \u2013 zul\u00e4ssiges Gesamtgewicht: 2700 kg \u2013 2 Achsen<\/title>\n<meta name=\"description\" content=\"Erm\u00f6glicht den Stra\u00dfentransport eines Segelbootes mit einer maximalen Zuladung von 1945 kg und einer maximalen Rumpfl\u00e4nge von 7,5 m\" \/>\n<meta name=\"robots\" content=\"index, follow, max-snippet:-1, max-image-preview:large, max-video-preview:-1\" \/>\n<link rel=\"canonical\" href=\"https:\/\/sagrinex.com\/produit\/porte-voilier-galaxy-g1942-gd13v-ptac-2700kg-2-essieux\/\" \/>\n<meta property=\"og:locale\" content=\"de_DE\" \/>\n<meta property=\"og:type\" content=\"article\" \/>\n<meta property=\"og:title\" content=\"GALAXY-SEGELBOOTTR\u00c4GER \u2013 G1942 \/ GD13V \u2013 zul\u00e4ssiges Gesamtgewicht: 2700 kg \u2013 2 Achsen\" \/>\n<meta property=\"og:description\" content=\"Erm\u00f6glicht den Stra\u00dfentransport eines Segelbootes mit einer maximalen Zuladung von 1945 kg und einer maximalen Rumpfl\u00e4nge von 7,5 m\" \/>\n<meta property=\"og:url\" content=\"https:\/\/sagrinex.com\/produit\/porte-voilier-galaxy-g1942-gd13v-ptac-2700kg-2-essieux\/\" \/>\n<meta property=\"og:site_name\" content=\"Sagrinex \u2013 Anhaenger, Container &amp; Landtechnik \ud83c\udf3e\ud83d\ude9c\" \/>\n<meta property=\"article:modified_time\" content=\"2026-04-15T21:12:10+00:00\" \/>\n<meta property=\"og:image\" content=\"https:\/\/sagrinex.com\/wp-content\/uploads\/2026\/03\/Image-146-3.jpeg\" \/>\n\t<meta property=\"og:image:width\" content=\"1125\" \/>\n\t<meta property=\"og:image:height\" content=\"1500\" \/>\n\t<meta property=\"og:image:type\" content=\"image\/jpeg\" \/>\n<meta name=\"twitter:card\" content=\"summary_large_image\" \/>\n<meta name=\"twitter:label1\" content=\"Gesch\u00e4tzte Lesezeit\" \/>\n\t<meta name=\"twitter:data1\" content=\"2\u00a0Minuten\" \/>\n<script type=\"application\/ld+json\" class=\"yoast-schema-graph\">{\"@context\":\"https:\\\/\\\/schema.org\",\"@graph\":[{\"@type\":\"WebPage\",\"@id\":\"https:\\\/\\\/sagrinex.com\\\/produit\\\/porte-voilier-galaxy-g1942-gd13v-ptac-2700kg-2-essieux\\\/\",\"url\":\"https:\\\/\\\/sagrinex.com\\\/produit\\\/porte-voilier-galaxy-g1942-gd13v-ptac-2700kg-2-essieux\\\/\",\"name\":\"GALAXY-SEGELBOOTTR\u00c4GER \u2013 G1942 \\\/ GD13V \u2013 zul\u00e4ssiges Gesamtgewicht: 2700 kg \u2013 2 Achsen\",\"isPartOf\":{\"@id\":\"https:\\\/\\\/sagrinex.com\\\/#website\"},\"primaryImageOfPage\":{\"@id\":\"https:\\\/\\\/sagrinex.com\\\/produit\\\/porte-voilier-galaxy-g1942-gd13v-ptac-2700kg-2-essieux\\\/#primaryimage\"},\"image\":{\"@id\":\"https:\\\/\\\/sagrinex.com\\\/produit\\\/porte-voilier-galaxy-g1942-gd13v-ptac-2700kg-2-essieux\\\/#primaryimage\"},\"thumbnailUrl\":\"https:\\\/\\\/sagrinex.com\\\/wp-content\\\/uploads\\\/2026\\\/03\\\/Image-146-3.jpeg\",\"datePublished\":\"2026-03-17T21:52:20+00:00\",\"dateModified\":\"2026-04-15T21:12:10+00:00\",\"description\":\"Erm\u00f6glicht den Stra\u00dfentransport eines Segelbootes mit einer maximalen Zuladung von 1945 kg und einer maximalen Rumpfl\u00e4nge von 7,5 m\",\"breadcrumb\":{\"@id\":\"https:\\\/\\\/sagrinex.com\\\/produit\\\/porte-voilier-galaxy-g1942-gd13v-ptac-2700kg-2-essieux\\\/#breadcrumb\"},\"inLanguage\":\"de\",\"potentialAction\":[{\"@type\":\"ReadAction\",\"target\":[\"https:\\\/\\\/sagrinex.com\\\/produit\\\/porte-voilier-galaxy-g1942-gd13v-ptac-2700kg-2-essieux\\\/\"]}]},{\"@type\":\"ImageObject\",\"inLanguage\":\"de\",\"@id\":\"https:\\\/\\\/sagrinex.com\\\/produit\\\/porte-voilier-galaxy-g1942-gd13v-ptac-2700kg-2-essieux\\\/#primaryimage\",\"url\":\"https:\\\/\\\/sagrinex.com\\\/wp-content\\\/uploads\\\/2026\\\/03\\\/Image-146-3.jpeg\",\"contentUrl\":\"https:\\\/\\\/sagrinex.com\\\/wp-content\\\/uploads\\\/2026\\\/03\\\/Image-146-3.jpeg\",\"width\":1125,\"height\":1500},{\"@type\":\"BreadcrumbList\",\"@id\":\"https:\\\/\\\/sagrinex.com\\\/produit\\\/porte-voilier-galaxy-g1942-gd13v-ptac-2700kg-2-essieux\\\/#breadcrumb\",\"itemListElement\":[{\"@type\":\"ListItem\",\"position\":1,\"name\":\"Accueil\",\"item\":\"https:\\\/\\\/sagrinex.com\\\/?lang=de\"},{\"@type\":\"ListItem\",\"position\":2,\"name\":\"Shop\",\"item\":\"https:\\\/\\\/sagrinex.com\\\/shop\\\/\"},{\"@type\":\"ListItem\",\"position\":3,\"name\":\"Galaxy-segelboottr\u00c4ger \u2013 G1942 \\\/ GD13V \u2013 Zul\u00e4ssiges Gesamtgewicht: 2700 Kg \u2013 2 Achsen\"}]},{\"@type\":\"WebSite\",\"@id\":\"https:\\\/\\\/sagrinex.com\\\/#website\",\"url\":\"https:\\\/\\\/sagrinex.com\\\/\",\"name\":\"Sagrinex \u2013 Spezialist f\u00fcr Anh\u00e4nger, Container & Landtechnik\",\"description\":\"Anhaenger, Container &amp; Landtechnik \u2014 Online-Verkauf &amp; kostenloses Angebot\",\"publisher\":{\"@id\":\"https:\\\/\\\/sagrinex.com\\\/#organization\"},\"potentialAction\":[{\"@type\":\"SearchAction\",\"target\":{\"@type\":\"EntryPoint\",\"urlTemplate\":\"https:\\\/\\\/sagrinex.com\\\/?s={search_term_string}\"},\"query-input\":{\"@type\":\"PropertyValueSpecification\",\"valueRequired\":true,\"valueName\":\"search_term_string\"}}],\"inLanguage\":\"de\"},{\"@type\":\"Organization\",\"@id\":\"https:\\\/\\\/sagrinex.com\\\/#organization\",\"name\":\"Sagrinex \u2013 Remorques, Conteneurs & Mat\u00e9riel Agricole\",\"url\":\"https:\\\/\\\/sagrinex.com\\\/\",\"logo\":{\"@type\":\"ImageObject\",\"inLanguage\":\"de\",\"@id\":\"https:\\\/\\\/sagrinex.com\\\/#\\\/schema\\\/logo\\\/image\\\/\",\"url\":\"https:\\\/\\\/sagrinex.com\\\/wp-content\\\/uploads\\\/2026\\\/03\\\/7f1ac463-ef5a-425d-bdd6-a5da03a334a9-1024x683.png\",\"contentUrl\":\"https:\\\/\\\/sagrinex.com\\\/wp-content\\\/uploads\\\/2026\\\/03\\\/7f1ac463-ef5a-425d-bdd6-a5da03a334a9-1024x683.png\",\"width\":1024,\"height\":683,\"caption\":\"Sagrinex \u2013 Remorques, Conteneurs & Mat\u00e9riel Agricole\"},\"image\":{\"@id\":\"https:\\\/\\\/sagrinex.com\\\/#\\\/schema\\\/logo\\\/image\\\/\"}}]}<\/script>\n<!-- \/ Yoast SEO plugin. -->","yoast_head_json":{"title":"GALAXY-SEGELBOOTTR\u00c4GER \u2013 G1942 \/ GD13V \u2013 zul\u00e4ssiges Gesamtgewicht: 2700 kg \u2013 2 Achsen","description":"Erm\u00f6glicht den Stra\u00dfentransport eines Segelbootes mit einer maximalen Zuladung von 1945 kg und einer maximalen Rumpfl\u00e4nge von 7,5 m","robots":{"index":"index","follow":"follow","max-snippet":"max-snippet:-1","max-image-preview":"max-image-preview:large","max-video-preview":"max-video-preview:-1"},"canonical":"https:\/\/sagrinex.com\/produit\/porte-voilier-galaxy-g1942-gd13v-ptac-2700kg-2-essieux\/","og_locale":"de_DE","og_type":"article","og_title":"GALAXY-SEGELBOOTTR\u00c4GER \u2013 G1942 \/ GD13V \u2013 zul\u00e4ssiges Gesamtgewicht: 2700 kg \u2013 2 Achsen","og_description":"Erm\u00f6glicht den Stra\u00dfentransport eines Segelbootes mit einer maximalen Zuladung von 1945 kg und einer maximalen Rumpfl\u00e4nge von 7,5 m","og_url":"https:\/\/sagrinex.com\/produit\/porte-voilier-galaxy-g1942-gd13v-ptac-2700kg-2-essieux\/","og_site_name":"Sagrinex \u2013 Anhaenger, Container &amp; Landtechnik \ud83c\udf3e\ud83d\ude9c","article_modified_time":"2026-04-15T21:12:10+00:00","og_image":[{"width":1125,"height":1500,"url":"https:\/\/sagrinex.com\/wp-content\/uploads\/2026\/03\/Image-146-3.jpeg","type":"image\/jpeg"}],"twitter_card":"summary_large_image","twitter_misc":{"Gesch\u00e4tzte Lesezeit":"2\u00a0Minuten"},"schema":{"@context":"https:\/\/schema.org","@graph":[{"@type":"WebPage","@id":"https:\/\/sagrinex.com\/produit\/porte-voilier-galaxy-g1942-gd13v-ptac-2700kg-2-essieux\/","url":"https:\/\/sagrinex.com\/produit\/porte-voilier-galaxy-g1942-gd13v-ptac-2700kg-2-essieux\/","name":"GALAXY-SEGELBOOTTR\u00c4GER \u2013 G1942 \/ GD13V \u2013 zul\u00e4ssiges Gesamtgewicht: 2700 kg \u2013 2 Achsen","isPartOf":{"@id":"https:\/\/sagrinex.com\/#website"},"primaryImageOfPage":{"@id":"https:\/\/sagrinex.com\/produit\/porte-voilier-galaxy-g1942-gd13v-ptac-2700kg-2-essieux\/#primaryimage"},"image":{"@id":"https:\/\/sagrinex.com\/produit\/porte-voilier-galaxy-g1942-gd13v-ptac-2700kg-2-essieux\/#primaryimage"},"thumbnailUrl":"https:\/\/sagrinex.com\/wp-content\/uploads\/2026\/03\/Image-146-3.jpeg","datePublished":"2026-03-17T21:52:20+00:00","dateModified":"2026-04-15T21:12:10+00:00","description":"Erm\u00f6glicht den Stra\u00dfentransport eines Segelbootes mit einer maximalen Zuladung von 1945 kg und einer maximalen Rumpfl\u00e4nge von 7,5 m","breadcrumb":{"@id":"https:\/\/sagrinex.com\/produit\/porte-voilier-galaxy-g1942-gd13v-ptac-2700kg-2-essieux\/#breadcrumb"},"inLanguage":"de","potentialAction":[{"@type":"ReadAction","target":["https:\/\/sagrinex.com\/produit\/porte-voilier-galaxy-g1942-gd13v-ptac-2700kg-2-essieux\/"]}]},{"@type":"ImageObject","inLanguage":"de","@id":"https:\/\/sagrinex.com\/produit\/porte-voilier-galaxy-g1942-gd13v-ptac-2700kg-2-essieux\/#primaryimage","url":"https:\/\/sagrinex.com\/wp-content\/uploads\/2026\/03\/Image-146-3.jpeg","contentUrl":"https:\/\/sagrinex.com\/wp-content\/uploads\/2026\/03\/Image-146-3.jpeg","width":1125,"height":1500},{"@type":"BreadcrumbList","@id":"https:\/\/sagrinex.com\/produit\/porte-voilier-galaxy-g1942-gd13v-ptac-2700kg-2-essieux\/#breadcrumb","itemListElement":[{"@type":"ListItem","position":1,"name":"Accueil","item":"https:\/\/sagrinex.com\/?lang=de"},{"@type":"ListItem","position":2,"name":"Shop","item":"https:\/\/sagrinex.com\/shop\/"},{"@type":"ListItem","position":3,"name":"Galaxy-segelboottr\u00c4ger \u2013 G1942 \/ GD13V \u2013 Zul\u00e4ssiges Gesamtgewicht: 2700 Kg \u2013 2 Achsen"}]},{"@type":"WebSite","@id":"https:\/\/sagrinex.com\/#website","url":"https:\/\/sagrinex.com\/","name":"Sagrinex \u2013 Spezialist f\u00fcr Anh\u00e4nger, Container & Landtechnik","description":"Anhaenger, Container &amp; Landtechnik \u2014 Online-Verkauf &amp; kostenloses Angebot","publisher":{"@id":"https:\/\/sagrinex.com\/#organization"},"potentialAction":[{"@type":"SearchAction","target":{"@type":"EntryPoint","urlTemplate":"https:\/\/sagrinex.com\/?s={search_term_string}"},"query-input":{"@type":"PropertyValueSpecification","valueRequired":true,"valueName":"search_term_string"}}],"inLanguage":"de"},{"@type":"Organization","@id":"https:\/\/sagrinex.com\/#organization","name":"Sagrinex \u2013 Remorques, Conteneurs & Mat\u00e9riel Agricole","url":"https:\/\/sagrinex.com\/","logo":{"@type":"ImageObject","inLanguage":"de","@id":"https:\/\/sagrinex.com\/#\/schema\/logo\/image\/","url":"https:\/\/sagrinex.com\/wp-content\/uploads\/2026\/03\/7f1ac463-ef5a-425d-bdd6-a5da03a334a9-1024x683.png","contentUrl":"https:\/\/sagrinex.com\/wp-content\/uploads\/2026\/03\/7f1ac463-ef5a-425d-bdd6-a5da03a334a9-1024x683.png","width":1024,"height":683,"caption":"Sagrinex \u2013 Remorques, Conteneurs & Mat\u00e9riel Agricole"},"image":{"@id":"https:\/\/sagrinex.com\/#\/schema\/logo\/image\/"}}]}},"jetpack_sharing_enabled":true,"_links":{"self":[{"href":"https:\/\/sagrinex.com\/de\/wp-json\/wp\/v2\/product\/14156","targetHints":{"allow":["GET"]}}],"collection":[{"href":"https:\/\/sagrinex.com\/de\/wp-json\/wp\/v2\/product"}],"about":[{"href":"https:\/\/sagrinex.com\/de\/wp-json\/wp\/v2\/types\/product"}],"replies":[{"embeddable":true,"href":"https:\/\/sagrinex.com\/de\/wp-json\/wp\/v2\/comments?post=14156"}],"version-history":[{"count":0,"href":"https:\/\/sagrinex.com\/de\/wp-json\/wp\/v2\/product\/14156\/revisions"}],"wp:featuredmedia":[{"embeddable":true,"href":"https:\/\/sagrinex.com\/de\/wp-json\/wp\/v2\/media\/16673"}],"wp:attachment":[{"href":"https:\/\/sagrinex.com\/de\/wp-json\/wp\/v2\/media?parent=14156"}],"wp:term":[{"taxonomy":"product_brand","embeddable":true,"href":"https:\/\/sagrinex.com\/de\/wp-json\/wp\/v2\/product_brand?post=14156"},{"taxonomy":"product_cat","embeddable":true,"href":"https:\/\/sagrinex.com\/de\/wp-json\/wp\/v2\/product_cat?post=14156"},{"taxonomy":"product_tag","embeddable":true,"href":"https:\/\/sagrinex.com\/de\/wp-json\/wp\/v2\/product_tag?post=14156"}],"curies":[{"name":"wp","href":"https:\/\/api.w.org\/{rel}","templated":true}]}}