{"id":14158,"date":"2026-03-17T18:06:56","date_gmt":"2026-03-17T18:06:56","guid":{"rendered":"https:\/\/sagrinex.com\/produit\/sun-way-tauchboottraeger-d1613-gesamtgewicht-1350-kg-skates-kit-1-achse\/"},"modified":"2026-04-15T21:12:10","modified_gmt":"2026-04-15T21:12:10","slug":"sun-way-tauchboottraeger-d1613-gesamtgewicht-1350-kg-skates-kit-1-achse","status":"publish","type":"product","link":"https:\/\/sagrinex.com\/de\/produit\/sun-way-tauchboottraeger-d1613-gesamtgewicht-1350-kg-skates-kit-1-achse\/","title":{"rendered":"Sun Way Tauchboottr\u00c4ger \u2013 D1613 \u2013 Gesamtgewicht: 1350 Kg \u2013 Skates-kit \u2013 1 Achse"},"content":{"rendered":"<p>Der Tauchbootanh\u00e4nger SUN WAY D1613 wurde entwickelt, um das Zu- und Absetzen von V-Rumpf-Booten, Beibooten oder halbstarren Booten mit einer maximalen L\u00e4nge von 5,20 Metern zu erleichtern. Es eignet sich sowohl f\u00fcr den privaten als auch f\u00fcr den professionellen Einsatz und gew\u00e4hrleistet dank seiner robusten Bauweise und hochwertigen Ausstattung einen sicheren Transport.<\/p>\n<ul>\n<li><strong>Zul\u00e4ssiges Gesamtgewicht:<\/strong> 1350 kg (deklassierbar auf 1300, 1200, 1100 oder 1000 kg)<\/li>\n<li><strong>Leermasse:<\/strong> 410 kg<\/li>\n<li><strong>Maximale Nutzlast:<\/strong> 940 kg<\/li>\n<li><strong>Gesamtabmessungen:<\/strong> 628 x 219 x H76 cm<\/li>\n<li><strong>Maximale L\u00e4nge des Bootes:<\/strong> 5,20 m<\/li>\n<li><strong>Pfeil:<\/strong> V-f\u00f6rmig, feuerverzinkt<\/li>\n<li><strong>Kopf gebremst:<\/strong> Ja<\/li>\n<li><strong>Fahrgestell:<\/strong> Feuerverzinkt<\/li>\n<li><strong>R\u00e4der:<\/strong> 165R14C<\/li>\n<\/ul>\n<p>Der Anh\u00e4nger SUN WAY D1613 ist mit <strong>wasserdichten LED-Leuchten<\/strong> ausgestattet, die optimale Sichtbarkeit und erh\u00f6hte Haltbarkeit bei wiederholtem Eintauchen garantieren. Diese festen Lichter ersparen eine m\u00fchsame Handhabung vor jedem Start und vereinfachen so den t\u00e4glichen Gebrauch.<\/p>\n<p>Dank seiner <strong>abgedichteten \u00d6lbadnaben<\/strong> sorgt dieser Anh\u00e4nger f\u00fcr eine konstante Schmierung der Lager, wodurch der Verschlei\u00df reduziert und die Lebensdauer der Komponenten verl\u00e4ngert wird. Die durch die transparenten Cabochons erleichterte visuelle Inspektion erm\u00f6glicht eine einfache und vorbeugende Wartung.<\/p>\n<p>Das <strong>versiegelte Scheibenbremssystem<\/strong> sorgt f\u00fcr \u00fcberlegene Bremseffizienz und verbesserte Korrosionsbest\u00e4ndigkeit. Dieses innovative Design erm\u00f6glicht ein direktes Sp\u00fclen nach dem Einsatz in einer Meeresumgebung und garantiert so optimale Sicherheit beim Transport.<\/p>\n<p>Der Anh\u00e4nger verf\u00fcgt serienm\u00e4\u00dfig \u00fcber eine <strong>verstellbare Windenhalterung<\/strong> mit einer 1200 kg schweren Goliath-Winde, die die Anpassung an verschiedene R\u00fcmpfe erleichtert und eine sichere Handhabung des Bootes w\u00e4hrend der Zuwasser- und Aufstiegsphase gew\u00e4hrleistet.<\/p>\n<ul>\n<li>Ersatzrad<\/li>\n<li>Sp\u00fclset<\/li>\n<li>Reserveradhalterung (am Holm)<\/li>\n<li>Gateway-Kit<\/li>\n<li>Elektrische Winde und Aluminiumbox<\/li>\n<\/ul>\n<ul>\n<li>Kosteneinsparungen durch nachhaltiges Design<\/li>\n<li>Leichtigkeit erleichtert die Man\u00f6vrierf\u00e4higkeit<\/li>\n<li>Benutzerfreundlichkeit mit ergonomischer Ausstattung<\/li>\n<\/ul>\n<p>Wenn Sie sich f\u00fcr Sagrinex entscheiden, profitieren Sie von einem personalisierten Service mit auf Ihre spezifischen Bed\u00fcrfnisse zugeschnittenen Anpassungsoptionen sowie einem reaktionsschnellen und professionellen After-Sales-Service, um Ihre langfristige Zufriedenheit sicherzustellen.<\/p>\n<p>Dieser Anh\u00e4nger ist f\u00fcr den Stra\u00dfenverkehr zugelassen. Es verf\u00fcgt \u00fcber eine eigene Registrierung und ein spezielles Registrierungsdokument.<\/p>\n<p>Aufgrund seines tauchf\u00e4higen Designs wird jedoch nach jedem Einsatz in Gew\u00e4ssern eine gr\u00fcndliche Wartung empfohlen, um seine Langlebigkeit und Leistung sicherzustellen.<\/p>\n","protected":false},"excerpt":{"rendered":"<p>Der Sun Way-Tauchbootanh\u00e4nger mit Rollenoptionen erm\u00f6glicht das vereinfachte Zu- und Absetzen eines Beiboots mit V-Rumpf und einer maximalen L\u00e4nge von 5,20 m.<\/p>\n<div class=\"mod_fa_customizablefields_v14_list\">\n<div class=\"mod_fa_champspersonnalisables_v14_titre\"><strong>Zul\u00e4ssiges Gesamtgewicht: <\/strong><span class=\"mod_fa_champspersonnalisables_v14_value\">1350 kg<\/span><\/div>\n<\/div>\n<div class=\"mod_fa_customizablefields_v14_list\">\n<div class=\"mod_fa_champspersonnalisables_v14_titre\"><strong>Leermasse: <\/strong><span class=\"mod_fa_champspersonnalisables_v14_value\">410 kg<\/span><\/div>\n<\/div>\n<div class=\"mod_fa_customizablefields_v14_list\">\n<div class=\"mod_fa_champspersonnalisables_v14_titre\"><strong>Nutzlast: <\/strong><span class=\"mod_fa_champspersonnalisables_v14_value\">maximal 940 kg<\/span><\/div>\n<\/div>\n<div class=\"mod_fa_customizablefields_v14_list\">\n<div class=\"mod_fa_champspersonnalisables_v14_titre\"><strong>Gesamtabmessungen: <\/strong><span class=\"mod_fa_champspersonnalisables_v14_valeur\">628 x 219 x H76 cm<\/span><\/div>\n<\/div>\n<div class=\"mod_fa_customizablefields_v14_list\">\n<div class=\"mod_fa_champspersonnalisables_v14_titre\"><strong>Maximale L\u00e4nge des Bootes: <\/strong><span class=\"mod_fa_champspersonnalisables_v14_valeur\">5,20 m<\/span><\/div>\n<\/div>\n<div class=\"mod_fa_customizablefields_v14_list\">\n<div class=\"mod_fa_champspersonnalisables_v14_title\"><strong>Pfeil: <\/strong><span class=\"mod_fa_champspersonnalisables_v14_value\">Feuerverzinkt in V<\/span><\/div>\n<\/div>\n<div class=\"mod_fa_customizablefields_v14_list\">\n<div class=\"mod_fa_champspersonnalisables_v14_titre\"><strong>Rahmentyp: <\/strong><span class=\"mod_fa_champspersonnalisables_v14_value\">Feuerverzinkt<\/span><\/div>\n<\/div>\n<div class=\"mod_fa_customizablefields_v14_list\">\n<div class=\"mod_fa_champspersonnalisables_v14_titre\"><strong>R\u00e4der: <\/strong><span class=\"mod_fa_champspersonnalisables_v14_valeur\">165R14C<\/span><\/div>\n<\/div>\n<div class=\"mod_fa_customizablefields_v14_list\">\n<div class=\"mod_fa_champspersonnalisables_v14_titre\"><strong>Ausstattung: <\/strong><span class=\"mod_fa_champspersonalisables_v14_valeur\">Schrauben, Flansche, Bremsgetriebe und Fl\u00fcgel sind aus Edelstahl in Marinequalit\u00e4t gefertigt \/ Optik und Anschl\u00fcsse der Leuchten wasserdicht bis zum Eintauchen \/ Wasserdichte LED-Leuchten \/ Windenunterst\u00fctzung + Goliath 1200 kg Windenserie<\/span><\/div>\n<\/div>\n","protected":false},"featured_media":16620,"comment_status":"open","ping_status":"closed","template":"","meta":[],"product_brand":[],"product_cat":[357,352],"product_tag":[],"class_list":{"0":"post-14158","1":"product","2":"type-product","3":"status-publish","4":"has-post-thumbnail","6":"product_cat-nautische-anhaenger","7":"product_cat-unsere-trailer","9":"first","10":"instock","11":"shipping-taxable","12":"purchasable","13":"product-type-simple"},"yoast_head":"<!-- This site is optimized with the Yoast SEO plugin v27.5 - https:\/\/yoast.com\/product\/yoast-seo-wordpress\/ -->\n<title>SUN WAY TAUCHBOOTTR\u00c4GER \u2013 D1613 \u2013 Gesamtgewicht: 1350 kg \u2013 SKATES-KIT \u2013 1 ACHSE<\/title>\n<meta name=\"description\" content=\"Der Sun Way-Tauchbootanh\u00e4nger mit Rollenoptionen erm\u00f6glicht das vereinfachte Zu- und Absetzen eines V-Rumpf-Boots oder Beiboots mit einer maximalen L\u00e4nge von 5,20 m.\" \/>\n<meta name=\"robots\" content=\"index, follow, max-snippet:-1, max-image-preview:large, max-video-preview:-1\" \/>\n<link rel=\"canonical\" href=\"https:\/\/sagrinex.com\/produit\/porte-bateau-immergeable-sun-way-d1613-ptac-1350kg-kit-patins-1-essieu\/\" \/>\n<meta property=\"og:locale\" content=\"de_DE\" \/>\n<meta property=\"og:type\" content=\"article\" \/>\n<meta property=\"og:title\" content=\"SUN WAY TAUCHBOOTTR\u00c4GER \u2013 D1613 \u2013 Gesamtgewicht: 1350 kg \u2013 SKATES-KIT \u2013 1 ACHSE\" \/>\n<meta property=\"og:description\" content=\"Der Sun Way-Tauchbootanh\u00e4nger mit Rollenoptionen erm\u00f6glicht das vereinfachte Zu- und Absetzen eines V-Rumpf-Boots oder Beiboots mit einer maximalen L\u00e4nge von 5,20 m.\" \/>\n<meta property=\"og:url\" content=\"https:\/\/sagrinex.com\/produit\/porte-bateau-immergeable-sun-way-d1613-ptac-1350kg-kit-patins-1-essieu\/\" \/>\n<meta property=\"og:site_name\" content=\"Sagrinex \u2013 Anhaenger, Container &amp; Landtechnik \ud83c\udf3e\ud83d\ude9c\" \/>\n<meta property=\"article:modified_time\" content=\"2026-04-15T21:12:10+00:00\" \/>\n<meta property=\"og:image\" content=\"https:\/\/sagrinex.com\/wp-content\/uploads\/2026\/03\/Image-93-4.jpeg\" \/>\n\t<meta property=\"og:image:width\" content=\"1000\" \/>\n\t<meta property=\"og:image:height\" content=\"429\" \/>\n\t<meta property=\"og:image:type\" content=\"image\/jpeg\" \/>\n<meta name=\"twitter:card\" content=\"summary_large_image\" \/>\n<meta name=\"twitter:label1\" content=\"Gesch\u00e4tzte Lesezeit\" \/>\n\t<meta name=\"twitter:data1\" content=\"2\u00a0Minuten\" \/>\n<script type=\"application\/ld+json\" class=\"yoast-schema-graph\">{\"@context\":\"https:\\\/\\\/schema.org\",\"@graph\":[{\"@type\":\"WebPage\",\"@id\":\"https:\\\/\\\/sagrinex.com\\\/produit\\\/porte-bateau-immergeable-sun-way-d1613-ptac-1350kg-kit-patins-1-essieu\\\/\",\"url\":\"https:\\\/\\\/sagrinex.com\\\/produit\\\/porte-bateau-immergeable-sun-way-d1613-ptac-1350kg-kit-patins-1-essieu\\\/\",\"name\":\"SUN WAY TAUCHBOOTTR\u00c4GER \u2013 D1613 \u2013 Gesamtgewicht: 1350 kg \u2013 SKATES-KIT \u2013 1 ACHSE\",\"isPartOf\":{\"@id\":\"https:\\\/\\\/sagrinex.com\\\/#website\"},\"primaryImageOfPage\":{\"@id\":\"https:\\\/\\\/sagrinex.com\\\/produit\\\/porte-bateau-immergeable-sun-way-d1613-ptac-1350kg-kit-patins-1-essieu\\\/#primaryimage\"},\"image\":{\"@id\":\"https:\\\/\\\/sagrinex.com\\\/produit\\\/porte-bateau-immergeable-sun-way-d1613-ptac-1350kg-kit-patins-1-essieu\\\/#primaryimage\"},\"thumbnailUrl\":\"https:\\\/\\\/sagrinex.com\\\/wp-content\\\/uploads\\\/2026\\\/03\\\/Image-93-4.jpeg\",\"datePublished\":\"2026-03-17T18:06:56+00:00\",\"dateModified\":\"2026-04-15T21:12:10+00:00\",\"description\":\"Der Sun Way-Tauchbootanh\u00e4nger mit Rollenoptionen erm\u00f6glicht das vereinfachte Zu- und Absetzen eines V-Rumpf-Boots oder Beiboots mit einer maximalen L\u00e4nge von 5,20 m.\",\"breadcrumb\":{\"@id\":\"https:\\\/\\\/sagrinex.com\\\/produit\\\/porte-bateau-immergeable-sun-way-d1613-ptac-1350kg-kit-patins-1-essieu\\\/#breadcrumb\"},\"inLanguage\":\"de\",\"potentialAction\":[{\"@type\":\"ReadAction\",\"target\":[\"https:\\\/\\\/sagrinex.com\\\/produit\\\/porte-bateau-immergeable-sun-way-d1613-ptac-1350kg-kit-patins-1-essieu\\\/\"]}]},{\"@type\":\"ImageObject\",\"inLanguage\":\"de\",\"@id\":\"https:\\\/\\\/sagrinex.com\\\/produit\\\/porte-bateau-immergeable-sun-way-d1613-ptac-1350kg-kit-patins-1-essieu\\\/#primaryimage\",\"url\":\"https:\\\/\\\/sagrinex.com\\\/wp-content\\\/uploads\\\/2026\\\/03\\\/Image-93-4.jpeg\",\"contentUrl\":\"https:\\\/\\\/sagrinex.com\\\/wp-content\\\/uploads\\\/2026\\\/03\\\/Image-93-4.jpeg\",\"width\":1000,\"height\":429},{\"@type\":\"BreadcrumbList\",\"@id\":\"https:\\\/\\\/sagrinex.com\\\/produit\\\/porte-bateau-immergeable-sun-way-d1613-ptac-1350kg-kit-patins-1-essieu\\\/#breadcrumb\",\"itemListElement\":[{\"@type\":\"ListItem\",\"position\":1,\"name\":\"Accueil\",\"item\":\"https:\\\/\\\/sagrinex.com\\\/?lang=de\"},{\"@type\":\"ListItem\",\"position\":2,\"name\":\"Shop\",\"item\":\"https:\\\/\\\/sagrinex.com\\\/shop\\\/\"},{\"@type\":\"ListItem\",\"position\":3,\"name\":\"Sun Way Tauchboottr\u00c4ger \u2013 D1613 \u2013 Gesamtgewicht: 1350 Kg \u2013 Skates-kit \u2013 1 Achse\"}]},{\"@type\":\"WebSite\",\"@id\":\"https:\\\/\\\/sagrinex.com\\\/#website\",\"url\":\"https:\\\/\\\/sagrinex.com\\\/\",\"name\":\"Sagrinex \u2013 Spezialist f\u00fcr Anh\u00e4nger, Container & Landtechnik\",\"description\":\"Anhaenger, Container &amp; Landtechnik \u2014 Online-Verkauf &amp; kostenloses Angebot\",\"publisher\":{\"@id\":\"https:\\\/\\\/sagrinex.com\\\/#organization\"},\"potentialAction\":[{\"@type\":\"SearchAction\",\"target\":{\"@type\":\"EntryPoint\",\"urlTemplate\":\"https:\\\/\\\/sagrinex.com\\\/?s={search_term_string}\"},\"query-input\":{\"@type\":\"PropertyValueSpecification\",\"valueRequired\":true,\"valueName\":\"search_term_string\"}}],\"inLanguage\":\"de\"},{\"@type\":\"Organization\",\"@id\":\"https:\\\/\\\/sagrinex.com\\\/#organization\",\"name\":\"Sagrinex \u2013 Remorques, Conteneurs & Mat\u00e9riel Agricole\",\"url\":\"https:\\\/\\\/sagrinex.com\\\/\",\"logo\":{\"@type\":\"ImageObject\",\"inLanguage\":\"de\",\"@id\":\"https:\\\/\\\/sagrinex.com\\\/#\\\/schema\\\/logo\\\/image\\\/\",\"url\":\"https:\\\/\\\/sagrinex.com\\\/wp-content\\\/uploads\\\/2026\\\/03\\\/7f1ac463-ef5a-425d-bdd6-a5da03a334a9-1024x683.png\",\"contentUrl\":\"https:\\\/\\\/sagrinex.com\\\/wp-content\\\/uploads\\\/2026\\\/03\\\/7f1ac463-ef5a-425d-bdd6-a5da03a334a9-1024x683.png\",\"width\":1024,\"height\":683,\"caption\":\"Sagrinex \u2013 Remorques, Conteneurs & Mat\u00e9riel Agricole\"},\"image\":{\"@id\":\"https:\\\/\\\/sagrinex.com\\\/#\\\/schema\\\/logo\\\/image\\\/\"}}]}<\/script>\n<!-- \/ Yoast SEO plugin. -->","yoast_head_json":{"title":"SUN WAY TAUCHBOOTTR\u00c4GER \u2013 D1613 \u2013 Gesamtgewicht: 1350 kg \u2013 SKATES-KIT \u2013 1 ACHSE","description":"Der Sun Way-Tauchbootanh\u00e4nger mit Rollenoptionen erm\u00f6glicht das vereinfachte Zu- und Absetzen eines V-Rumpf-Boots oder Beiboots mit einer maximalen L\u00e4nge von 5,20 m.","robots":{"index":"index","follow":"follow","max-snippet":"max-snippet:-1","max-image-preview":"max-image-preview:large","max-video-preview":"max-video-preview:-1"},"canonical":"https:\/\/sagrinex.com\/produit\/porte-bateau-immergeable-sun-way-d1613-ptac-1350kg-kit-patins-1-essieu\/","og_locale":"de_DE","og_type":"article","og_title":"SUN WAY TAUCHBOOTTR\u00c4GER \u2013 D1613 \u2013 Gesamtgewicht: 1350 kg \u2013 SKATES-KIT \u2013 1 ACHSE","og_description":"Der Sun Way-Tauchbootanh\u00e4nger mit Rollenoptionen erm\u00f6glicht das vereinfachte Zu- und Absetzen eines V-Rumpf-Boots oder Beiboots mit einer maximalen L\u00e4nge von 5,20 m.","og_url":"https:\/\/sagrinex.com\/produit\/porte-bateau-immergeable-sun-way-d1613-ptac-1350kg-kit-patins-1-essieu\/","og_site_name":"Sagrinex \u2013 Anhaenger, Container &amp; Landtechnik \ud83c\udf3e\ud83d\ude9c","article_modified_time":"2026-04-15T21:12:10+00:00","og_image":[{"width":1000,"height":429,"url":"https:\/\/sagrinex.com\/wp-content\/uploads\/2026\/03\/Image-93-4.jpeg","type":"image\/jpeg"}],"twitter_card":"summary_large_image","twitter_misc":{"Gesch\u00e4tzte Lesezeit":"2\u00a0Minuten"},"schema":{"@context":"https:\/\/schema.org","@graph":[{"@type":"WebPage","@id":"https:\/\/sagrinex.com\/produit\/porte-bateau-immergeable-sun-way-d1613-ptac-1350kg-kit-patins-1-essieu\/","url":"https:\/\/sagrinex.com\/produit\/porte-bateau-immergeable-sun-way-d1613-ptac-1350kg-kit-patins-1-essieu\/","name":"SUN WAY TAUCHBOOTTR\u00c4GER \u2013 D1613 \u2013 Gesamtgewicht: 1350 kg \u2013 SKATES-KIT \u2013 1 ACHSE","isPartOf":{"@id":"https:\/\/sagrinex.com\/#website"},"primaryImageOfPage":{"@id":"https:\/\/sagrinex.com\/produit\/porte-bateau-immergeable-sun-way-d1613-ptac-1350kg-kit-patins-1-essieu\/#primaryimage"},"image":{"@id":"https:\/\/sagrinex.com\/produit\/porte-bateau-immergeable-sun-way-d1613-ptac-1350kg-kit-patins-1-essieu\/#primaryimage"},"thumbnailUrl":"https:\/\/sagrinex.com\/wp-content\/uploads\/2026\/03\/Image-93-4.jpeg","datePublished":"2026-03-17T18:06:56+00:00","dateModified":"2026-04-15T21:12:10+00:00","description":"Der Sun Way-Tauchbootanh\u00e4nger mit Rollenoptionen erm\u00f6glicht das vereinfachte Zu- und Absetzen eines V-Rumpf-Boots oder Beiboots mit einer maximalen L\u00e4nge von 5,20 m.","breadcrumb":{"@id":"https:\/\/sagrinex.com\/produit\/porte-bateau-immergeable-sun-way-d1613-ptac-1350kg-kit-patins-1-essieu\/#breadcrumb"},"inLanguage":"de","potentialAction":[{"@type":"ReadAction","target":["https:\/\/sagrinex.com\/produit\/porte-bateau-immergeable-sun-way-d1613-ptac-1350kg-kit-patins-1-essieu\/"]}]},{"@type":"ImageObject","inLanguage":"de","@id":"https:\/\/sagrinex.com\/produit\/porte-bateau-immergeable-sun-way-d1613-ptac-1350kg-kit-patins-1-essieu\/#primaryimage","url":"https:\/\/sagrinex.com\/wp-content\/uploads\/2026\/03\/Image-93-4.jpeg","contentUrl":"https:\/\/sagrinex.com\/wp-content\/uploads\/2026\/03\/Image-93-4.jpeg","width":1000,"height":429},{"@type":"BreadcrumbList","@id":"https:\/\/sagrinex.com\/produit\/porte-bateau-immergeable-sun-way-d1613-ptac-1350kg-kit-patins-1-essieu\/#breadcrumb","itemListElement":[{"@type":"ListItem","position":1,"name":"Accueil","item":"https:\/\/sagrinex.com\/?lang=de"},{"@type":"ListItem","position":2,"name":"Shop","item":"https:\/\/sagrinex.com\/shop\/"},{"@type":"ListItem","position":3,"name":"Sun Way Tauchboottr\u00c4ger \u2013 D1613 \u2013 Gesamtgewicht: 1350 Kg \u2013 Skates-kit \u2013 1 Achse"}]},{"@type":"WebSite","@id":"https:\/\/sagrinex.com\/#website","url":"https:\/\/sagrinex.com\/","name":"Sagrinex \u2013 Spezialist f\u00fcr Anh\u00e4nger, Container & Landtechnik","description":"Anhaenger, Container &amp; Landtechnik \u2014 Online-Verkauf &amp; kostenloses Angebot","publisher":{"@id":"https:\/\/sagrinex.com\/#organization"},"potentialAction":[{"@type":"SearchAction","target":{"@type":"EntryPoint","urlTemplate":"https:\/\/sagrinex.com\/?s={search_term_string}"},"query-input":{"@type":"PropertyValueSpecification","valueRequired":true,"valueName":"search_term_string"}}],"inLanguage":"de"},{"@type":"Organization","@id":"https:\/\/sagrinex.com\/#organization","name":"Sagrinex \u2013 Remorques, Conteneurs & Mat\u00e9riel Agricole","url":"https:\/\/sagrinex.com\/","logo":{"@type":"ImageObject","inLanguage":"de","@id":"https:\/\/sagrinex.com\/#\/schema\/logo\/image\/","url":"https:\/\/sagrinex.com\/wp-content\/uploads\/2026\/03\/7f1ac463-ef5a-425d-bdd6-a5da03a334a9-1024x683.png","contentUrl":"https:\/\/sagrinex.com\/wp-content\/uploads\/2026\/03\/7f1ac463-ef5a-425d-bdd6-a5da03a334a9-1024x683.png","width":1024,"height":683,"caption":"Sagrinex \u2013 Remorques, Conteneurs & Mat\u00e9riel Agricole"},"image":{"@id":"https:\/\/sagrinex.com\/#\/schema\/logo\/image\/"}}]}},"jetpack_sharing_enabled":true,"_links":{"self":[{"href":"https:\/\/sagrinex.com\/de\/wp-json\/wp\/v2\/product\/14158","targetHints":{"allow":["GET"]}}],"collection":[{"href":"https:\/\/sagrinex.com\/de\/wp-json\/wp\/v2\/product"}],"about":[{"href":"https:\/\/sagrinex.com\/de\/wp-json\/wp\/v2\/types\/product"}],"replies":[{"embeddable":true,"href":"https:\/\/sagrinex.com\/de\/wp-json\/wp\/v2\/comments?post=14158"}],"version-history":[{"count":0,"href":"https:\/\/sagrinex.com\/de\/wp-json\/wp\/v2\/product\/14158\/revisions"}],"wp:featuredmedia":[{"embeddable":true,"href":"https:\/\/sagrinex.com\/de\/wp-json\/wp\/v2\/media\/16620"}],"wp:attachment":[{"href":"https:\/\/sagrinex.com\/de\/wp-json\/wp\/v2\/media?parent=14158"}],"wp:term":[{"taxonomy":"product_brand","embeddable":true,"href":"https:\/\/sagrinex.com\/de\/wp-json\/wp\/v2\/product_brand?post=14158"},{"taxonomy":"product_cat","embeddable":true,"href":"https:\/\/sagrinex.com\/de\/wp-json\/wp\/v2\/product_cat?post=14158"},{"taxonomy":"product_tag","embeddable":true,"href":"https:\/\/sagrinex.com\/de\/wp-json\/wp\/v2\/product_tag?post=14158"}],"curies":[{"name":"wp","href":"https:\/\/api.w.org\/{rel}","templated":true}]}}