{"id":14159,"date":"2026-03-17T20:50:54","date_gmt":"2026-03-17T20:50:54","guid":{"rendered":"https:\/\/sagrinex.com\/produit\/galaxy-segelboottraeger-g1260v-gs16v-zulaessiges-gesamtgewicht-1600-kg-1-achse\/"},"modified":"2026-04-15T21:12:10","modified_gmt":"2026-04-15T21:12:10","slug":"galaxy-segelboottraeger-g1260v-gs16v-zulaessiges-gesamtgewicht-1600-kg-1-achse","status":"publish","type":"product","link":"https:\/\/sagrinex.com\/de\/produit\/galaxy-segelboottraeger-g1260v-gs16v-zulaessiges-gesamtgewicht-1600-kg-1-achse\/","title":{"rendered":"Galaxy-segelboottr\u00c4ger \u2013 G1260V \/ GS16V \u2013 Zul\u00e4ssiges Gesamtgewicht: 1600 Kg \u2013 1 Achse"},"content":{"rendered":"<p>Der Anh\u00e4nger <strong>Sun Way G1260\/GS16 Galaxy 2.0<\/strong> ist f\u00fcr den <strong>sicheren Transport von Segelbooten<\/strong> bis zu 6,5 Meter Rumpfl\u00e4nge und einem Maximalgewicht von 1200 kg konzipiert. Ideal f\u00fcr Segelbootbesitzer, die eine zuverl\u00e4ssige L\u00f6sung f\u00fcr den Transport ihres Bootes auf der Stra\u00dfe suchen.<\/p>\n<ul>\n<li><strong>Zul\u00e4ssiges Gesamtgewicht:<\/strong> 1300\/1400\/1500\/1600 kg<\/li>\n<li><strong>Leermasse:<\/strong> 400 kg<\/li>\n<li><strong>Nutzlast:<\/strong> bis 1200 kg<\/li>\n<li><strong>Nutzma\u00dfe:<\/strong> von 4,80 bis 5,80 m<\/li>\n<li><strong>Gesamtabmessungen:<\/strong> 703 x 214 x 122 cm<\/li>\n<li><strong>H\u00f6he der Kerzen:<\/strong> 70 cm<\/li>\n<li><strong>Maximale Bootsl\u00e4nge:<\/strong> 6,5 m<\/li>\n<li><strong>Pfeil:<\/strong> feuerverzinktes V<\/li>\n<li><strong>Pinne:<\/strong> behoben<\/li>\n<li><strong>Fahrgestell:<\/strong> feuerverzinkt<\/li>\n<li><strong>R\u00e4der:<\/strong> 185R14C<\/li>\n<\/ul>\n<p>Der Anh\u00e4nger ist mit einem <strong>Trommelbremssystem<\/strong> auf einer Achse ausgestattet, das f\u00fcr <strong>optimale Stabilit\u00e4t<\/strong> und <strong>erh\u00f6hte Sicherheit<\/strong> beim Transport Ihres Segelboots sorgt. Diese Konfiguration garantiert eine hervorragende Stra\u00dfenlage auch auf langen Strecken..<\/p>\n<p>Dank seiner <strong>verst\u00e4rkten<\/strong> Rollen wird das Be- und Entladen des Bootes erleichtert und das Risiko einer Besch\u00e4digung des Rumpfes verringert. <strong>Rollenst\u00fctzen aus Stahlguss<\/strong> bieten im Vergleich zu Blechst\u00fctzen eine <strong>\u00fcberlegene Haltbarkeit<\/strong>.<\/p>\n<p>Der Anh\u00e4nger verf\u00fcgt \u00fcber <strong>wasserdichte LED-Leuchten<\/strong>, sodass die Lichtplatte beim Start nicht entfernt werden muss. Diese Funktion vereinfacht die Bedienung erheblich und gew\u00e4hrleistet eine st\u00e4ndige Sicht auf der Stra\u00dfe.<\/p>\n<p>Die <strong>selbstbremsende Riemenwinde<\/strong> und der 3D-verstellbare Buganschlag erm\u00f6glichen eine <strong>pr\u00e4zise Anpassung<\/strong> an unterschiedliche Rumpfformen und sorgen f\u00fcr einen sicheren Halt des Bootes beim Transport.<\/p>\n<ul>\n<li><strong>Ersatzrad mit Halterung:<\/strong> unerl\u00e4sslich, um im Falle einer Reifenpanne unvorhergesehene Ereignisse zu vermeiden.<\/li>\n<li><strong>Tiefgang-Kit:<\/strong> geeignet f\u00fcr Segelboote mit einem Tiefgang von mehr als 60 cm und bietet verst\u00e4rkte Wagenheberst\u00e4nder f\u00fcr optimalen Halt.<\/li>\n<li><strong>Elektrische Winde:<\/strong> erleichtert das Be- und Entladen ohne manuellen Aufwand.<\/li>\n<li><strong>Gangway:<\/strong> hinzugef\u00fcgt f\u00fcr einfachen Zugang zum Boot beim Zuwasserlassen oder Verlassen.<\/li>\n<\/ul>\n<ul>\n<li><strong>Stra\u00dfenzulassung:<\/strong> Im Gegensatz zu \u00dcberrollk\u00e4figen ist dieser Anh\u00e4nger f\u00fcr den Stra\u00dfenverkehr zugelassen, was die Einhaltung von Vorschriften und die Sicherheit gew\u00e4hrleistet.<\/li>\n<li><strong>Anpassungsf\u00e4higkeit:<\/strong> wurde speziell f\u00fcr den Transport von Segelbooten entwickelt und passt sich verschiedenen Rumpfkonfigurationen und Tiefg\u00e4ngen an.<\/li>\n<li><strong>Haltbarkeit:<\/strong> Die Feuerverzinkung des Fahrgestells und der Deichsel bietet einen verbesserten Korrosionsschutz und verl\u00e4ngert die Lebensdauer des Anh\u00e4ngers.<\/li>\n<\/ul>\n<p>Wenn Sie sich f\u00fcr Sagrinex entscheiden, profitieren Sie von einem <strong>personalisierten Service<\/strong> mit Anpassungsm\u00f6glichkeiten, die an Ihre spezifischen Bed\u00fcrfnisse angepasst sind. Unser Expertenteam sorgt f\u00fcr eine <strong>professionelle Installation<\/strong> von Zubeh\u00f6r und Optionen und garantiert so eine <strong>perfekte Kompatibilit\u00e4t<\/strong> mit Ihrem Boot. Dar\u00fcber hinaus unterst\u00fctzt Sie unser reaktionsschneller <strong>After-Sales-Service<\/strong> bei der Wartung und eventuellen Reparaturen und sorgt so f\u00fcr ein sorgenfreies Reisen.<\/p>\n<p>Dieser Segelbootanh\u00e4nger ist <strong>f\u00fcr den Stra\u00dfenverkehr zugelassen<\/strong>. Da sein <strong>zul\u00e4ssiges Gesamtgewicht<\/strong> 500 kg \u00fcbersteigt, ist eine <strong>Registrierung und die Ausstellung einer Graukarte<\/strong> erforderlich.<\/p>\n<p>Achten Sie au\u00dferdem darauf, die aktuelle Gesetzgebung bez\u00fcglich des erforderlichen F\u00fchrerscheins und der vorgeschriebenen Ausr\u00fcstung zum Abschleppen einzuhalten.<\/p>\n","protected":false},"excerpt":{"rendered":"<p>Der Sun Way G1260\/GS16 Galaxy 2.0 Anh\u00e4nger ist ideal f\u00fcr den sicheren Transport von Segelbooten bis 6,5 m und 1200 kg. Sein verzinktes Fahrgestell, verstellbare St\u00fctzb\u00f6cke und entsprechende Ausstattung garantieren Stabilit\u00e4t und Schutz bei Stra\u00dfenfahrten.<\/p>\n<div class=\"mod_fa_customizablefields_v14_list\">\n<div class=\"mod_fa_champspersonnalisables_v14_title\"><strong>Gesamtgewicht: <\/strong><span class=\"mod_fa_champspersonnalisables_v14_value\">1300\/1400\/1500\/1600 kg<\/span><\/div>\n<\/div>\n<div class=\"mod_fa_customizablefields_v14_list\">\n<div class=\"mod_fa_champspersonnalisables_v14_titre\"><strong>Leermasse: <\/strong><span class=\"mod_fa_champspersonnalisables_v14_value\">400 kg<\/span><\/div>\n<\/div>\n<div class=\"mod_fa_customizablefields_v14_list\">\n<div class=\"mod_fa_champspersonnalisables_v14_titre\"><strong>Nutzlast: <\/strong><span class=\"mod_fa_champspersonnalisables_v14_value\">maximal 1200 kg<\/span><\/div>\n<\/div>\n<div class=\"mod_fa_customizablefields_v14_list\">\n<div class=\"mod_fa_champspersonnalisables_v14_titre\"><strong>N\u00fctzliche Abmessungen: <\/strong><span class=\"mod_fa_champspersonnalisables_v14_value\">Zwischen 4,80 und 5,80 m<\/span><\/div>\n<\/div>\n<div class=\"mod_fa_customizablefields_v14_list\">\n<div class=\"mod_fa_champspersonnalisables_v14_titre\"><strong>Gesamtabmessungen: <\/strong><span class=\"mod_fa_champspersonnalisables_v14_valeur\">703 x 214 x H122 cm<\/span><\/div>\n<\/div>\n<div class=\"mod_fa_customizablefields_v14_list\">\n<div class=\"mod_fa_champspersonnalisables_v14_titre\"><strong>Kerzenh\u00f6he: <\/strong><span class=\"mod_fa_champspersonnalisables_v14_value\">70 cm<\/span><\/div>\n<\/div>\n<div class=\"mod_fa_customizablefields_v14_list\">\n<div class=\"mod_fa_champspersonnalisables_v14_titre\"><strong>Maximale L\u00e4nge des Bootes: <\/strong><span class=\"mod_fa_champspersonnalisables_v14_value\">6,5 m<\/span><\/div>\n<\/div>\n<div class=\"mod_fa_customizablefields_v14_list\">\n<div class=\"mod_fa_champspersonnalisables_v14_title\"><strong>Pfeil: <\/strong><span class=\"mod_fa_champspersonnalisables_v14_value\">Feuerverzinkt in V<\/span><\/div>\n<\/div>\n<div class=\"mod_fa_customizablefields_v14_list\">\n<div class=\"mod_fa_customizablefields_v14_title\"><strong>Band: <\/strong><span class=\"mod_fa_customizablefields_v14_value\">Behoben<\/span><\/div>\n<\/div>\n<div class=\"mod_fa_customizablefields_v14_list\">\n<div class=\"mod_fa_champspersonnalisables_v14_titre\"><strong>Rahmentyp: <\/strong><span class=\"mod_fa_champspersonnalisables_v14_value\">Feuerverzinkt<\/span><\/div>\n<\/div>\n<div class=\"mod_fa_customizablefields_v14_list\">\n<div class=\"mod_fa_champspersonnalisables_v14_titre\"><strong>R\u00e4der: <\/strong><span class=\"mod_fa_champspersonnalisables_v14_valeur\">185R14C<\/span><\/div>\n<\/div>\n<div class=\"mod_fa_customizablefields_v14_list\">\n<div class=\"mod_fa_champspersonnalisables_v14_titre\"><strong>Ausstattung: <\/strong><span class=\"mod_fa_champspersonnalisables_v14_valeur\">Tiefgang (wenn weniger als 60 cm \/ sonst Option verf\u00fcgbar) \/ Abnehmbare Kunststoff-Lichtplatte \/ St\u00fctzrad<\/span><\/div>\n<\/div>\n","protected":false},"featured_media":16654,"comment_status":"open","ping_status":"closed","template":"","meta":[],"product_brand":[],"product_cat":[357,352],"product_tag":[],"class_list":{"0":"post-14159","1":"product","2":"type-product","3":"status-publish","4":"has-post-thumbnail","6":"product_cat-nautische-anhaenger","7":"product_cat-unsere-trailer","9":"first","10":"instock","11":"shipping-taxable","12":"purchasable","13":"product-type-simple"},"yoast_head":"<!-- This site is optimized with the Yoast SEO plugin v27.4 - https:\/\/yoast.com\/product\/yoast-seo-wordpress\/ -->\n<title>GALAXY-SEGELBOOTTR\u00c4GER \u2013 G1260V \/ GS16V \u2013 zul\u00e4ssiges Gesamtgewicht: 1600 kg \u2013 1 Achse<\/title>\n<meta name=\"description\" content=\"Der Sun Way G1260\/GS16 Galaxy 2.0 Anh\u00e4nger ist ideal f\u00fcr den sicheren Transport von Segelbooten bis 6,5 m und 1200 kg. Sein verzinktes Fahrgestell, verstellbare St\u00fctzb\u00f6cke und entsprechende Ausstattung garantieren Stabilit\u00e4t und Schutz bei Stra\u00dfenfahrten.\" \/>\n<meta name=\"robots\" content=\"index, follow, max-snippet:-1, max-image-preview:large, max-video-preview:-1\" \/>\n<link rel=\"canonical\" href=\"https:\/\/sagrinex.com\/produit\/porte-voilier-galaxy-g1260v-gs16v-ptac-1600kg-1-essieu\/\" \/>\n<meta property=\"og:locale\" content=\"de_DE\" \/>\n<meta property=\"og:type\" content=\"article\" \/>\n<meta property=\"og:title\" content=\"GALAXY-SEGELBOOTTR\u00c4GER \u2013 G1260V \/ GS16V \u2013 zul\u00e4ssiges Gesamtgewicht: 1600 kg \u2013 1 Achse\" \/>\n<meta property=\"og:description\" content=\"Der Sun Way G1260\/GS16 Galaxy 2.0 Anh\u00e4nger ist ideal f\u00fcr den sicheren Transport von Segelbooten bis 6,5 m und 1200 kg. Sein verzinktes Fahrgestell, verstellbare St\u00fctzb\u00f6cke und entsprechende Ausstattung garantieren Stabilit\u00e4t und Schutz bei Stra\u00dfenfahrten.\" \/>\n<meta property=\"og:url\" content=\"https:\/\/sagrinex.com\/produit\/porte-voilier-galaxy-g1260v-gs16v-ptac-1600kg-1-essieu\/\" \/>\n<meta property=\"og:site_name\" content=\"Sagrinex \u2013 Anhaenger, Container &amp; Landtechnik \ud83c\udf3e\ud83d\ude9c\" \/>\n<meta property=\"article:modified_time\" content=\"2026-04-15T21:12:10+00:00\" \/>\n<meta property=\"og:image\" content=\"https:\/\/sagrinex.com\/wp-content\/uploads\/2026\/03\/Image-127-3.jpeg\" \/>\n\t<meta property=\"og:image:width\" content=\"480\" \/>\n\t<meta property=\"og:image:height\" content=\"546\" \/>\n\t<meta property=\"og:image:type\" content=\"image\/jpeg\" \/>\n<meta name=\"twitter:card\" content=\"summary_large_image\" \/>\n<meta name=\"twitter:label1\" content=\"Gesch\u00e4tzte Lesezeit\" \/>\n\t<meta name=\"twitter:data1\" content=\"3\u00a0Minuten\" \/>\n<script type=\"application\/ld+json\" class=\"yoast-schema-graph\">{\"@context\":\"https:\\\/\\\/schema.org\",\"@graph\":[{\"@type\":\"WebPage\",\"@id\":\"https:\\\/\\\/sagrinex.com\\\/produit\\\/porte-voilier-galaxy-g1260v-gs16v-ptac-1600kg-1-essieu\\\/\",\"url\":\"https:\\\/\\\/sagrinex.com\\\/produit\\\/porte-voilier-galaxy-g1260v-gs16v-ptac-1600kg-1-essieu\\\/\",\"name\":\"GALAXY-SEGELBOOTTR\u00c4GER \u2013 G1260V \\\/ GS16V \u2013 zul\u00e4ssiges Gesamtgewicht: 1600 kg \u2013 1 Achse\",\"isPartOf\":{\"@id\":\"https:\\\/\\\/sagrinex.com\\\/#website\"},\"primaryImageOfPage\":{\"@id\":\"https:\\\/\\\/sagrinex.com\\\/produit\\\/porte-voilier-galaxy-g1260v-gs16v-ptac-1600kg-1-essieu\\\/#primaryimage\"},\"image\":{\"@id\":\"https:\\\/\\\/sagrinex.com\\\/produit\\\/porte-voilier-galaxy-g1260v-gs16v-ptac-1600kg-1-essieu\\\/#primaryimage\"},\"thumbnailUrl\":\"https:\\\/\\\/sagrinex.com\\\/wp-content\\\/uploads\\\/2026\\\/03\\\/Image-127-3.jpeg\",\"datePublished\":\"2026-03-17T20:50:54+00:00\",\"dateModified\":\"2026-04-15T21:12:10+00:00\",\"description\":\"Der Sun Way G1260\\\/GS16 Galaxy 2.0 Anh\u00e4nger ist ideal f\u00fcr den sicheren Transport von Segelbooten bis 6,5 m und 1200 kg. Sein verzinktes Fahrgestell, verstellbare St\u00fctzb\u00f6cke und entsprechende Ausstattung garantieren Stabilit\u00e4t und Schutz bei Stra\u00dfenfahrten.\",\"breadcrumb\":{\"@id\":\"https:\\\/\\\/sagrinex.com\\\/produit\\\/porte-voilier-galaxy-g1260v-gs16v-ptac-1600kg-1-essieu\\\/#breadcrumb\"},\"inLanguage\":\"de\",\"potentialAction\":[{\"@type\":\"ReadAction\",\"target\":[\"https:\\\/\\\/sagrinex.com\\\/produit\\\/porte-voilier-galaxy-g1260v-gs16v-ptac-1600kg-1-essieu\\\/\"]}]},{\"@type\":\"ImageObject\",\"inLanguage\":\"de\",\"@id\":\"https:\\\/\\\/sagrinex.com\\\/produit\\\/porte-voilier-galaxy-g1260v-gs16v-ptac-1600kg-1-essieu\\\/#primaryimage\",\"url\":\"https:\\\/\\\/sagrinex.com\\\/wp-content\\\/uploads\\\/2026\\\/03\\\/Image-127-3.jpeg\",\"contentUrl\":\"https:\\\/\\\/sagrinex.com\\\/wp-content\\\/uploads\\\/2026\\\/03\\\/Image-127-3.jpeg\",\"width\":480,\"height\":546},{\"@type\":\"BreadcrumbList\",\"@id\":\"https:\\\/\\\/sagrinex.com\\\/produit\\\/porte-voilier-galaxy-g1260v-gs16v-ptac-1600kg-1-essieu\\\/#breadcrumb\",\"itemListElement\":[{\"@type\":\"ListItem\",\"position\":1,\"name\":\"Accueil\",\"item\":\"https:\\\/\\\/sagrinex.com\\\/?lang=de\"},{\"@type\":\"ListItem\",\"position\":2,\"name\":\"Shop\",\"item\":\"https:\\\/\\\/sagrinex.com\\\/shop\\\/\"},{\"@type\":\"ListItem\",\"position\":3,\"name\":\"Galaxy-segelboottr\u00c4ger \u2013 G1260V \\\/ GS16V \u2013 Zul\u00e4ssiges Gesamtgewicht: 1600 Kg \u2013 1 Achse\"}]},{\"@type\":\"WebSite\",\"@id\":\"https:\\\/\\\/sagrinex.com\\\/#website\",\"url\":\"https:\\\/\\\/sagrinex.com\\\/\",\"name\":\"Sagrinex \u2013 Spezialist f\u00fcr Anh\u00e4nger, Container & Landtechnik\",\"description\":\"Anhaenger, Container &amp; Landtechnik \u2014 Online-Verkauf &amp; kostenloses Angebot\",\"publisher\":{\"@id\":\"https:\\\/\\\/sagrinex.com\\\/#organization\"},\"potentialAction\":[{\"@type\":\"SearchAction\",\"target\":{\"@type\":\"EntryPoint\",\"urlTemplate\":\"https:\\\/\\\/sagrinex.com\\\/?s={search_term_string}\"},\"query-input\":{\"@type\":\"PropertyValueSpecification\",\"valueRequired\":true,\"valueName\":\"search_term_string\"}}],\"inLanguage\":\"de\"},{\"@type\":\"Organization\",\"@id\":\"https:\\\/\\\/sagrinex.com\\\/#organization\",\"name\":\"Sagrinex \u2013 Remorques, Conteneurs & Mat\u00e9riel Agricole\",\"url\":\"https:\\\/\\\/sagrinex.com\\\/\",\"logo\":{\"@type\":\"ImageObject\",\"inLanguage\":\"de\",\"@id\":\"https:\\\/\\\/sagrinex.com\\\/#\\\/schema\\\/logo\\\/image\\\/\",\"url\":\"https:\\\/\\\/sagrinex.com\\\/wp-content\\\/uploads\\\/2026\\\/03\\\/7f1ac463-ef5a-425d-bdd6-a5da03a334a9-1024x683.png\",\"contentUrl\":\"https:\\\/\\\/sagrinex.com\\\/wp-content\\\/uploads\\\/2026\\\/03\\\/7f1ac463-ef5a-425d-bdd6-a5da03a334a9-1024x683.png\",\"width\":1024,\"height\":683,\"caption\":\"Sagrinex \u2013 Remorques, Conteneurs & Mat\u00e9riel Agricole\"},\"image\":{\"@id\":\"https:\\\/\\\/sagrinex.com\\\/#\\\/schema\\\/logo\\\/image\\\/\"}}]}<\/script>\n<!-- \/ Yoast SEO plugin. -->","yoast_head_json":{"title":"GALAXY-SEGELBOOTTR\u00c4GER \u2013 G1260V \/ GS16V \u2013 zul\u00e4ssiges Gesamtgewicht: 1600 kg \u2013 1 Achse","description":"Der Sun Way G1260\/GS16 Galaxy 2.0 Anh\u00e4nger ist ideal f\u00fcr den sicheren Transport von Segelbooten bis 6,5 m und 1200 kg. Sein verzinktes Fahrgestell, verstellbare St\u00fctzb\u00f6cke und entsprechende Ausstattung garantieren Stabilit\u00e4t und Schutz bei Stra\u00dfenfahrten.","robots":{"index":"index","follow":"follow","max-snippet":"max-snippet:-1","max-image-preview":"max-image-preview:large","max-video-preview":"max-video-preview:-1"},"canonical":"https:\/\/sagrinex.com\/produit\/porte-voilier-galaxy-g1260v-gs16v-ptac-1600kg-1-essieu\/","og_locale":"de_DE","og_type":"article","og_title":"GALAXY-SEGELBOOTTR\u00c4GER \u2013 G1260V \/ GS16V \u2013 zul\u00e4ssiges Gesamtgewicht: 1600 kg \u2013 1 Achse","og_description":"Der Sun Way G1260\/GS16 Galaxy 2.0 Anh\u00e4nger ist ideal f\u00fcr den sicheren Transport von Segelbooten bis 6,5 m und 1200 kg. Sein verzinktes Fahrgestell, verstellbare St\u00fctzb\u00f6cke und entsprechende Ausstattung garantieren Stabilit\u00e4t und Schutz bei Stra\u00dfenfahrten.","og_url":"https:\/\/sagrinex.com\/produit\/porte-voilier-galaxy-g1260v-gs16v-ptac-1600kg-1-essieu\/","og_site_name":"Sagrinex \u2013 Anhaenger, Container &amp; Landtechnik \ud83c\udf3e\ud83d\ude9c","article_modified_time":"2026-04-15T21:12:10+00:00","og_image":[{"width":480,"height":546,"url":"https:\/\/sagrinex.com\/wp-content\/uploads\/2026\/03\/Image-127-3.jpeg","type":"image\/jpeg"}],"twitter_card":"summary_large_image","twitter_misc":{"Gesch\u00e4tzte Lesezeit":"3\u00a0Minuten"},"schema":{"@context":"https:\/\/schema.org","@graph":[{"@type":"WebPage","@id":"https:\/\/sagrinex.com\/produit\/porte-voilier-galaxy-g1260v-gs16v-ptac-1600kg-1-essieu\/","url":"https:\/\/sagrinex.com\/produit\/porte-voilier-galaxy-g1260v-gs16v-ptac-1600kg-1-essieu\/","name":"GALAXY-SEGELBOOTTR\u00c4GER \u2013 G1260V \/ GS16V \u2013 zul\u00e4ssiges Gesamtgewicht: 1600 kg \u2013 1 Achse","isPartOf":{"@id":"https:\/\/sagrinex.com\/#website"},"primaryImageOfPage":{"@id":"https:\/\/sagrinex.com\/produit\/porte-voilier-galaxy-g1260v-gs16v-ptac-1600kg-1-essieu\/#primaryimage"},"image":{"@id":"https:\/\/sagrinex.com\/produit\/porte-voilier-galaxy-g1260v-gs16v-ptac-1600kg-1-essieu\/#primaryimage"},"thumbnailUrl":"https:\/\/sagrinex.com\/wp-content\/uploads\/2026\/03\/Image-127-3.jpeg","datePublished":"2026-03-17T20:50:54+00:00","dateModified":"2026-04-15T21:12:10+00:00","description":"Der Sun Way G1260\/GS16 Galaxy 2.0 Anh\u00e4nger ist ideal f\u00fcr den sicheren Transport von Segelbooten bis 6,5 m und 1200 kg. Sein verzinktes Fahrgestell, verstellbare St\u00fctzb\u00f6cke und entsprechende Ausstattung garantieren Stabilit\u00e4t und Schutz bei Stra\u00dfenfahrten.","breadcrumb":{"@id":"https:\/\/sagrinex.com\/produit\/porte-voilier-galaxy-g1260v-gs16v-ptac-1600kg-1-essieu\/#breadcrumb"},"inLanguage":"de","potentialAction":[{"@type":"ReadAction","target":["https:\/\/sagrinex.com\/produit\/porte-voilier-galaxy-g1260v-gs16v-ptac-1600kg-1-essieu\/"]}]},{"@type":"ImageObject","inLanguage":"de","@id":"https:\/\/sagrinex.com\/produit\/porte-voilier-galaxy-g1260v-gs16v-ptac-1600kg-1-essieu\/#primaryimage","url":"https:\/\/sagrinex.com\/wp-content\/uploads\/2026\/03\/Image-127-3.jpeg","contentUrl":"https:\/\/sagrinex.com\/wp-content\/uploads\/2026\/03\/Image-127-3.jpeg","width":480,"height":546},{"@type":"BreadcrumbList","@id":"https:\/\/sagrinex.com\/produit\/porte-voilier-galaxy-g1260v-gs16v-ptac-1600kg-1-essieu\/#breadcrumb","itemListElement":[{"@type":"ListItem","position":1,"name":"Accueil","item":"https:\/\/sagrinex.com\/?lang=de"},{"@type":"ListItem","position":2,"name":"Shop","item":"https:\/\/sagrinex.com\/shop\/"},{"@type":"ListItem","position":3,"name":"Galaxy-segelboottr\u00c4ger \u2013 G1260V \/ GS16V \u2013 Zul\u00e4ssiges Gesamtgewicht: 1600 Kg \u2013 1 Achse"}]},{"@type":"WebSite","@id":"https:\/\/sagrinex.com\/#website","url":"https:\/\/sagrinex.com\/","name":"Sagrinex \u2013 Spezialist f\u00fcr Anh\u00e4nger, Container & Landtechnik","description":"Anhaenger, Container &amp; Landtechnik \u2014 Online-Verkauf &amp; kostenloses Angebot","publisher":{"@id":"https:\/\/sagrinex.com\/#organization"},"potentialAction":[{"@type":"SearchAction","target":{"@type":"EntryPoint","urlTemplate":"https:\/\/sagrinex.com\/?s={search_term_string}"},"query-input":{"@type":"PropertyValueSpecification","valueRequired":true,"valueName":"search_term_string"}}],"inLanguage":"de"},{"@type":"Organization","@id":"https:\/\/sagrinex.com\/#organization","name":"Sagrinex \u2013 Remorques, Conteneurs & Mat\u00e9riel Agricole","url":"https:\/\/sagrinex.com\/","logo":{"@type":"ImageObject","inLanguage":"de","@id":"https:\/\/sagrinex.com\/#\/schema\/logo\/image\/","url":"https:\/\/sagrinex.com\/wp-content\/uploads\/2026\/03\/7f1ac463-ef5a-425d-bdd6-a5da03a334a9-1024x683.png","contentUrl":"https:\/\/sagrinex.com\/wp-content\/uploads\/2026\/03\/7f1ac463-ef5a-425d-bdd6-a5da03a334a9-1024x683.png","width":1024,"height":683,"caption":"Sagrinex \u2013 Remorques, Conteneurs & Mat\u00e9riel Agricole"},"image":{"@id":"https:\/\/sagrinex.com\/#\/schema\/logo\/image\/"}}]}},"jetpack_sharing_enabled":true,"_links":{"self":[{"href":"https:\/\/sagrinex.com\/de\/wp-json\/wp\/v2\/product\/14159","targetHints":{"allow":["GET"]}}],"collection":[{"href":"https:\/\/sagrinex.com\/de\/wp-json\/wp\/v2\/product"}],"about":[{"href":"https:\/\/sagrinex.com\/de\/wp-json\/wp\/v2\/types\/product"}],"replies":[{"embeddable":true,"href":"https:\/\/sagrinex.com\/de\/wp-json\/wp\/v2\/comments?post=14159"}],"version-history":[{"count":0,"href":"https:\/\/sagrinex.com\/de\/wp-json\/wp\/v2\/product\/14159\/revisions"}],"wp:featuredmedia":[{"embeddable":true,"href":"https:\/\/sagrinex.com\/de\/wp-json\/wp\/v2\/media\/16654"}],"wp:attachment":[{"href":"https:\/\/sagrinex.com\/de\/wp-json\/wp\/v2\/media?parent=14159"}],"wp:term":[{"taxonomy":"product_brand","embeddable":true,"href":"https:\/\/sagrinex.com\/de\/wp-json\/wp\/v2\/product_brand?post=14159"},{"taxonomy":"product_cat","embeddable":true,"href":"https:\/\/sagrinex.com\/de\/wp-json\/wp\/v2\/product_cat?post=14159"},{"taxonomy":"product_tag","embeddable":true,"href":"https:\/\/sagrinex.com\/de\/wp-json\/wp\/v2\/product_tag?post=14159"}],"curies":[{"name":"wp","href":"https:\/\/api.w.org\/{rel}","templated":true}]}}