{"id":14161,"date":"2026-03-17T20:33:11","date_gmt":"2026-03-17T20:33:11","guid":{"rendered":"https:\/\/sagrinex.com\/produit\/segelboottraeger-galaxy-g1000-gs13v-gesamtgewicht-1350-kg-1-achse\/"},"modified":"2026-04-15T21:12:10","modified_gmt":"2026-04-15T21:12:10","slug":"segelboottraeger-galaxy-g1000-gs13v-gesamtgewicht-1350-kg-1-achse","status":"publish","type":"product","link":"https:\/\/sagrinex.com\/de\/produit\/segelboottraeger-galaxy-g1000-gs13v-gesamtgewicht-1350-kg-1-achse\/","title":{"rendered":"Segelboottr\u00c4ger Galaxy &#8211; G1000 \/ GS13V &#8211; Gesamtgewicht: 1350 Kg &#8211; 1 Achse"},"content":{"rendered":"<p>Konzipiert f\u00fcr den Stra\u00dfentransport von <strong>Segelbooten<\/strong>, erm\u00f6glicht dieser <strong>Anh\u00e4nger<\/strong> den sicheren Transport eines Bootes mit einem Gewicht von bis zu <strong>980 kg<\/strong> und einer L\u00e4nge von <strong>6,2 m<\/strong>. Sein Design gew\u00e4hrleistet eine optimale Unterst\u00fctzung des Segelboots w\u00e4hrend der Fahrt und reduziert das Risiko unerw\u00fcnschter Bewegungen. Seine robuste Struktur und die gut durchdachte Balance garantieren eine hervorragende Stra\u00dfenlage, auch auf langen Fahrten.<\/p>\n<ul>\n<li><strong>Zul\u00e4ssiges Gesamtgewicht<\/strong>: 1000\/1100\/1200\/1300\/1350 kg<\/li>\n<li><strong>Leermasse<\/strong>: 370 kg<\/li>\n<li><strong>Nutzlast<\/strong>: maximal 980 kg<\/li>\n<li><strong>Nutzma\u00dfe<\/strong>: 4,5 bis 5,5 m<\/li>\n<li><strong>Gesamtabmessungen<\/strong>: 703 x 214 x H122 cm<\/li>\n<li><strong>H\u00f6he der Kerzen<\/strong>: 70 cm<\/li>\n<li><strong>Maximale Bootsl\u00e4nge<\/strong>: 6,2 m<\/li>\n<li><strong>Pfeil<\/strong>: V-f\u00f6rmig, feuerverzinkt<\/li>\n<li><strong>Pinne<\/strong>: behoben<\/li>\n<li><strong>Chassis<\/strong>: feuerverzinkter Stahl<\/li>\n<li><strong>R\u00e4der<\/strong>: 165R14C<\/li>\n<\/ul>\n<p>Dank seiner <strong>V-f\u00f6rmigen Deichsel<\/strong> sorgt dieser Anh\u00e4nger f\u00fcr eine bessere Gewichtsverteilung und ein stabileres Fahrverhalten und reduziert die Auswirkungen von Nickbewegungen auf der Stra\u00dfe.<\/p>\n<p>Die 70 cm langen <strong>verstellbaren St\u00fctzb\u00f6cke<\/strong> erm\u00f6glichen eine perfekte Anpassung der St\u00fctze an das Profil des Rumpfes und garantieren so ein sicheres und zuverl\u00e4ssiges Anlegen des Segelbootes.<\/p>\n<p>Durch die <strong>abnehmbare Lichtplatte<\/strong> wird die Wartung des Beleuchtungssystems w\u00e4hrend des Startvorgangs erleichtert und gesch\u00fctzt.<\/p>\n<p>Das integrierte <strong>St\u00fctzrad<\/strong> erleichtert das Bewegen und Ankuppeln des Anh\u00e4ngers und sorgt f\u00fcr zus\u00e4tzlichen Komfort beim Rangieren im Stand.<\/p>\n<ul>\n<li><strong>Reserverad mit Halterung<\/strong>: unverzichtbare Ausr\u00fcstung, um unvorhergesehene Ereignisse auf der Stra\u00dfe zu vermeiden.<\/li>\n<li><strong>Tiefgang-Kit<\/strong>: Entwickelt f\u00fcr Boote mit einem Tiefgang von mehr als 60 cm und bietet optimalen Halt durch verst\u00e4rkte St\u00fctzb\u00f6cke.<\/li>\n<\/ul>\n<ul>\n<li><strong>Zugelassene Verwendung<\/strong>: Im Gegensatz zu Rollgestellen ist dieser Anh\u00e4nger f\u00fcr den Stra\u00dfenverkehr zugelassen.<\/li>\n<li><strong>Anpassungsf\u00e4higkeit<\/strong>: Es wurde speziell f\u00fcr die Anpassung an verschiedene R\u00fcmpfe entwickelt, auch f\u00fcr solche mit starkem Tiefgang.<\/li>\n<\/ul>\n<p>Mit Sagrinex profitieren Sie von <strong>pers\u00f6nlicher Unterst\u00fctzung<\/strong> bei der Auswahl der f\u00fcr Ihr Boot geeigneten Ausr\u00fcstung. Wir bieten auch den Einbau spezifischer Optionen direkt in unseren Werkst\u00e4tten an.<\/p>\n<p>Da dieser Anh\u00e4nger ein <strong>zul\u00e4ssiges Gesamtgewicht<\/strong> von mehr als 500 kg hat, muss er registriert werden und erfordert die Ausstellung einer <strong>Graukarte<\/strong>, um auf der Stra\u00dfe fahren zu k\u00f6nnen.<\/p>\n","protected":false},"excerpt":{"rendered":"<p>Mit diesem Segelbootanh\u00e4nger k\u00f6nnen Sie ein Boot mit einem Gewicht von bis zu 980 kg und einer L\u00e4nge von 6,2 m v\u00f6llig sicher transportieren. Mit seinem verzinkten Fahrgestell, seinen verstellbaren St\u00fctzb\u00f6cken und seiner V-f\u00f6rmigen Deichsel sorgt er f\u00fcr Stabilit\u00e4t und Komfort auf der Stra\u00dfe. F\u00fcr den Stra\u00dfenverkehr zugelassen.<\/p>\n<div class=\"mod_fa_customizablefields_v14_list\">\n<div class=\"mod_fa_champspersonnalisables_v14_title\"><strong>Gesamtgewicht: <\/strong><span class=\"mod_fa_champspersonnalisables_v14_value\">1000\/1100\/1200\/1300\/1350 kg<\/span><\/div>\n<\/div>\n<div class=\"mod_fa_customizablefields_v14_list\">\n<div class=\"mod_fa_champspersonnalisables_v14_titre\"><strong>Leermasse: <\/strong><span class=\"mod_fa_champspersonnalisables_v14_value\">370 kg<\/span><\/div>\n<\/div>\n<div class=\"mod_fa_customizablefields_v14_list\">\n<div class=\"mod_fa_champspersonnalisables_v14_titre\"><strong>Nutzlast: <\/strong><span class=\"mod_fa_champspersonnalisables_v14_value\">maximal 980 kg<\/span><\/div>\n<\/div>\n<div class=\"mod_fa_customizablefields_v14_list\">\n<div class=\"mod_fa_champspersonnalisables_v14_titre\"><strong>N\u00fctzliche Abmessungen: <\/strong><span class=\"mod_fa_champspersonnalisables_v14_value\">Zwischen 4,5 und 5,5 m<\/span><\/div>\n<\/div>\n<div class=\"mod_fa_customizablefields_v14_list\">\n<div class=\"mod_fa_champspersonnalisables_v14_titre\"><strong>Gesamtabmessungen: <\/strong><span class=\"mod_fa_champspersonnalisables_v14_valeur\">703 x 214 x H122 cm<\/span><\/div>\n<\/div>\n<div class=\"mod_fa_customizablefields_v14_list\">\n<div class=\"mod_fa_champspersonnalisables_v14_titre\"><strong>Kerzenh\u00f6he: <\/strong><span class=\"mod_fa_champspersonnalisables_v14_value\">70 cm<\/span><\/div>\n<\/div>\n<div class=\"mod_fa_customizablefields_v14_list\">\n<div class=\"mod_fa_champspersonnalisables_v14_titre\"><strong>Maximale L\u00e4nge des Bootes: <\/strong><span class=\"mod_fa_champspersonnalisables_v14_value\">6,2 m<\/span><\/div>\n<\/div>\n<div class=\"mod_fa_customizablefields_v14_list\">\n<div class=\"mod_fa_champspersonnalisables_v14_title\"><strong>Pfeil: <\/strong><span class=\"mod_fa_champspersonnalisables_v14_value\">Feuerverzinkt in V<\/span><\/div>\n<\/div>\n<div class=\"mod_fa_customizablefields_v14_list\">\n<div class=\"mod_fa_customizablefields_v14_title\"><strong>Band: <\/strong><span class=\"mod_fa_customizablefields_v14_value\">Behoben<\/span><\/div>\n<\/div>\n<div class=\"mod_fa_customizablefields_v14_list\">\n<div class=\"mod_fa_champspersonnalisables_v14_titre\"><strong>Rahmentyp: <\/strong><span class=\"mod_fa_champspersonnalisables_v14_value\">Feuerverzinkt<\/span><\/div>\n<\/div>\n<div class=\"mod_fa_customizablefields_v14_list\">\n<div class=\"mod_fa_champspersonnalisables_v14_titre\"><strong>R\u00e4der: <\/strong><span class=\"mod_fa_champspersonnalisables_v14_valeur\">165R14C<\/span><\/div>\n<\/div>\n<div class=\"mod_fa_customizablefields_v14_list\">\n<div class=\"mod_fa_champspersonnalisables_v14_titre\"><strong>Ausstattung: <\/strong><span class=\"mod_fa_champspersonnalisables_v14_valeur\">Tiefgang (wenn weniger als 60 cm \/ sonst Option verf\u00fcgbar) \/ Abnehmbare Kunststoff-Lichtplatte \/ St\u00fctzrad<\/span><\/div>\n<\/div>\n","protected":false},"featured_media":16646,"comment_status":"open","ping_status":"closed","template":"","meta":[],"product_brand":[],"product_cat":[357,352],"product_tag":[],"class_list":{"0":"post-14161","1":"product","2":"type-product","3":"status-publish","4":"has-post-thumbnail","6":"product_cat-nautische-anhaenger","7":"product_cat-unsere-trailer","9":"first","10":"instock","11":"shipping-taxable","12":"purchasable","13":"product-type-simple"},"yoast_head":"<!-- This site is optimized with the Yoast SEO plugin v27.4 - https:\/\/yoast.com\/product\/yoast-seo-wordpress\/ -->\n<title>SEGELBOOTTR\u00c4GER GALAXY - G1000 \/ GS13V - Gesamtgewicht: 1350 kg - 1 ACHSE<\/title>\n<meta name=\"description\" content=\"Mit diesem Segelbootanh\u00e4nger k\u00f6nnen Sie ein Boot mit einem Gewicht von bis zu 980 kg und einer L\u00e4nge von 6,2 m v\u00f6llig sicher transportieren. Mit seinem verzinkten Fahrgestell, seinen verstellbaren St\u00fctzb\u00f6cken und seiner V-f\u00f6rmigen Deichsel sorgt er f\u00fcr Stabilit\u00e4t und Komfort auf der Stra\u00dfe. F\u00fcr den Stra\u00dfenverkehr zugelassen.\" \/>\n<meta name=\"robots\" content=\"index, follow, max-snippet:-1, max-image-preview:large, max-video-preview:-1\" \/>\n<link rel=\"canonical\" href=\"https:\/\/sagrinex.com\/produit\/porte-voilier-galaxy-g1000-gs13v-ptac-1350kg-1-essieu\/\" \/>\n<meta property=\"og:locale\" content=\"de_DE\" \/>\n<meta property=\"og:type\" content=\"article\" \/>\n<meta property=\"og:title\" content=\"SEGELBOOTTR\u00c4GER GALAXY - G1000 \/ GS13V - Gesamtgewicht: 1350 kg - 1 ACHSE\" \/>\n<meta property=\"og:description\" content=\"Mit diesem Segelbootanh\u00e4nger k\u00f6nnen Sie ein Boot mit einem Gewicht von bis zu 980 kg und einer L\u00e4nge von 6,2 m v\u00f6llig sicher transportieren. Mit seinem verzinkten Fahrgestell, seinen verstellbaren St\u00fctzb\u00f6cken und seiner V-f\u00f6rmigen Deichsel sorgt er f\u00fcr Stabilit\u00e4t und Komfort auf der Stra\u00dfe. F\u00fcr den Stra\u00dfenverkehr zugelassen.\" \/>\n<meta property=\"og:url\" content=\"https:\/\/sagrinex.com\/produit\/porte-voilier-galaxy-g1000-gs13v-ptac-1350kg-1-essieu\/\" \/>\n<meta property=\"og:site_name\" content=\"Sagrinex \u2013 Anhaenger, Container &amp; Landtechnik \ud83c\udf3e\ud83d\ude9c\" \/>\n<meta property=\"article:modified_time\" content=\"2026-04-15T21:12:10+00:00\" \/>\n<meta property=\"og:image\" content=\"https:\/\/sagrinex.com\/wp-content\/uploads\/2026\/03\/Image-119-3.jpeg\" \/>\n\t<meta property=\"og:image:width\" content=\"1000\" \/>\n\t<meta property=\"og:image:height\" content=\"661\" \/>\n\t<meta property=\"og:image:type\" content=\"image\/jpeg\" \/>\n<meta name=\"twitter:card\" content=\"summary_large_image\" \/>\n<meta name=\"twitter:label1\" content=\"Gesch\u00e4tzte Lesezeit\" \/>\n\t<meta name=\"twitter:data1\" content=\"2\u00a0Minuten\" \/>\n<script type=\"application\/ld+json\" class=\"yoast-schema-graph\">{\"@context\":\"https:\\\/\\\/schema.org\",\"@graph\":[{\"@type\":\"WebPage\",\"@id\":\"https:\\\/\\\/sagrinex.com\\\/produit\\\/porte-voilier-galaxy-g1000-gs13v-ptac-1350kg-1-essieu\\\/\",\"url\":\"https:\\\/\\\/sagrinex.com\\\/produit\\\/porte-voilier-galaxy-g1000-gs13v-ptac-1350kg-1-essieu\\\/\",\"name\":\"SEGELBOOTTR\u00c4GER GALAXY - G1000 \\\/ GS13V - Gesamtgewicht: 1350 kg - 1 ACHSE\",\"isPartOf\":{\"@id\":\"https:\\\/\\\/sagrinex.com\\\/#website\"},\"primaryImageOfPage\":{\"@id\":\"https:\\\/\\\/sagrinex.com\\\/produit\\\/porte-voilier-galaxy-g1000-gs13v-ptac-1350kg-1-essieu\\\/#primaryimage\"},\"image\":{\"@id\":\"https:\\\/\\\/sagrinex.com\\\/produit\\\/porte-voilier-galaxy-g1000-gs13v-ptac-1350kg-1-essieu\\\/#primaryimage\"},\"thumbnailUrl\":\"https:\\\/\\\/sagrinex.com\\\/wp-content\\\/uploads\\\/2026\\\/03\\\/Image-119-3.jpeg\",\"datePublished\":\"2026-03-17T20:33:11+00:00\",\"dateModified\":\"2026-04-15T21:12:10+00:00\",\"description\":\"Mit diesem Segelbootanh\u00e4nger k\u00f6nnen Sie ein Boot mit einem Gewicht von bis zu 980 kg und einer L\u00e4nge von 6,2 m v\u00f6llig sicher transportieren. Mit seinem verzinkten Fahrgestell, seinen verstellbaren St\u00fctzb\u00f6cken und seiner V-f\u00f6rmigen Deichsel sorgt er f\u00fcr Stabilit\u00e4t und Komfort auf der Stra\u00dfe. F\u00fcr den Stra\u00dfenverkehr zugelassen.\",\"breadcrumb\":{\"@id\":\"https:\\\/\\\/sagrinex.com\\\/produit\\\/porte-voilier-galaxy-g1000-gs13v-ptac-1350kg-1-essieu\\\/#breadcrumb\"},\"inLanguage\":\"de\",\"potentialAction\":[{\"@type\":\"ReadAction\",\"target\":[\"https:\\\/\\\/sagrinex.com\\\/produit\\\/porte-voilier-galaxy-g1000-gs13v-ptac-1350kg-1-essieu\\\/\"]}]},{\"@type\":\"ImageObject\",\"inLanguage\":\"de\",\"@id\":\"https:\\\/\\\/sagrinex.com\\\/produit\\\/porte-voilier-galaxy-g1000-gs13v-ptac-1350kg-1-essieu\\\/#primaryimage\",\"url\":\"https:\\\/\\\/sagrinex.com\\\/wp-content\\\/uploads\\\/2026\\\/03\\\/Image-119-3.jpeg\",\"contentUrl\":\"https:\\\/\\\/sagrinex.com\\\/wp-content\\\/uploads\\\/2026\\\/03\\\/Image-119-3.jpeg\",\"width\":1000,\"height\":661},{\"@type\":\"BreadcrumbList\",\"@id\":\"https:\\\/\\\/sagrinex.com\\\/produit\\\/porte-voilier-galaxy-g1000-gs13v-ptac-1350kg-1-essieu\\\/#breadcrumb\",\"itemListElement\":[{\"@type\":\"ListItem\",\"position\":1,\"name\":\"Accueil\",\"item\":\"https:\\\/\\\/sagrinex.com\\\/?lang=de\"},{\"@type\":\"ListItem\",\"position\":2,\"name\":\"Shop\",\"item\":\"https:\\\/\\\/sagrinex.com\\\/shop\\\/\"},{\"@type\":\"ListItem\",\"position\":3,\"name\":\"Segelboottr\u00c4ger Galaxy &#8211; G1000 \\\/ GS13V &#8211; Gesamtgewicht: 1350 Kg &#8211; 1 Achse\"}]},{\"@type\":\"WebSite\",\"@id\":\"https:\\\/\\\/sagrinex.com\\\/#website\",\"url\":\"https:\\\/\\\/sagrinex.com\\\/\",\"name\":\"Sagrinex \u2013 Spezialist f\u00fcr Anh\u00e4nger, Container & Landtechnik\",\"description\":\"Anhaenger, Container &amp; Landtechnik \u2014 Online-Verkauf &amp; kostenloses Angebot\",\"publisher\":{\"@id\":\"https:\\\/\\\/sagrinex.com\\\/#organization\"},\"potentialAction\":[{\"@type\":\"SearchAction\",\"target\":{\"@type\":\"EntryPoint\",\"urlTemplate\":\"https:\\\/\\\/sagrinex.com\\\/?s={search_term_string}\"},\"query-input\":{\"@type\":\"PropertyValueSpecification\",\"valueRequired\":true,\"valueName\":\"search_term_string\"}}],\"inLanguage\":\"de\"},{\"@type\":\"Organization\",\"@id\":\"https:\\\/\\\/sagrinex.com\\\/#organization\",\"name\":\"Sagrinex \u2013 Remorques, Conteneurs & Mat\u00e9riel Agricole\",\"url\":\"https:\\\/\\\/sagrinex.com\\\/\",\"logo\":{\"@type\":\"ImageObject\",\"inLanguage\":\"de\",\"@id\":\"https:\\\/\\\/sagrinex.com\\\/#\\\/schema\\\/logo\\\/image\\\/\",\"url\":\"https:\\\/\\\/sagrinex.com\\\/wp-content\\\/uploads\\\/2026\\\/03\\\/7f1ac463-ef5a-425d-bdd6-a5da03a334a9-1024x683.png\",\"contentUrl\":\"https:\\\/\\\/sagrinex.com\\\/wp-content\\\/uploads\\\/2026\\\/03\\\/7f1ac463-ef5a-425d-bdd6-a5da03a334a9-1024x683.png\",\"width\":1024,\"height\":683,\"caption\":\"Sagrinex \u2013 Remorques, Conteneurs & Mat\u00e9riel Agricole\"},\"image\":{\"@id\":\"https:\\\/\\\/sagrinex.com\\\/#\\\/schema\\\/logo\\\/image\\\/\"}}]}<\/script>\n<!-- \/ Yoast SEO plugin. -->","yoast_head_json":{"title":"SEGELBOOTTR\u00c4GER GALAXY - G1000 \/ GS13V - Gesamtgewicht: 1350 kg - 1 ACHSE","description":"Mit diesem Segelbootanh\u00e4nger k\u00f6nnen Sie ein Boot mit einem Gewicht von bis zu 980 kg und einer L\u00e4nge von 6,2 m v\u00f6llig sicher transportieren. Mit seinem verzinkten Fahrgestell, seinen verstellbaren St\u00fctzb\u00f6cken und seiner V-f\u00f6rmigen Deichsel sorgt er f\u00fcr Stabilit\u00e4t und Komfort auf der Stra\u00dfe. F\u00fcr den Stra\u00dfenverkehr zugelassen.","robots":{"index":"index","follow":"follow","max-snippet":"max-snippet:-1","max-image-preview":"max-image-preview:large","max-video-preview":"max-video-preview:-1"},"canonical":"https:\/\/sagrinex.com\/produit\/porte-voilier-galaxy-g1000-gs13v-ptac-1350kg-1-essieu\/","og_locale":"de_DE","og_type":"article","og_title":"SEGELBOOTTR\u00c4GER GALAXY - G1000 \/ GS13V - Gesamtgewicht: 1350 kg - 1 ACHSE","og_description":"Mit diesem Segelbootanh\u00e4nger k\u00f6nnen Sie ein Boot mit einem Gewicht von bis zu 980 kg und einer L\u00e4nge von 6,2 m v\u00f6llig sicher transportieren. Mit seinem verzinkten Fahrgestell, seinen verstellbaren St\u00fctzb\u00f6cken und seiner V-f\u00f6rmigen Deichsel sorgt er f\u00fcr Stabilit\u00e4t und Komfort auf der Stra\u00dfe. F\u00fcr den Stra\u00dfenverkehr zugelassen.","og_url":"https:\/\/sagrinex.com\/produit\/porte-voilier-galaxy-g1000-gs13v-ptac-1350kg-1-essieu\/","og_site_name":"Sagrinex \u2013 Anhaenger, Container &amp; Landtechnik \ud83c\udf3e\ud83d\ude9c","article_modified_time":"2026-04-15T21:12:10+00:00","og_image":[{"width":1000,"height":661,"url":"https:\/\/sagrinex.com\/wp-content\/uploads\/2026\/03\/Image-119-3.jpeg","type":"image\/jpeg"}],"twitter_card":"summary_large_image","twitter_misc":{"Gesch\u00e4tzte Lesezeit":"2\u00a0Minuten"},"schema":{"@context":"https:\/\/schema.org","@graph":[{"@type":"WebPage","@id":"https:\/\/sagrinex.com\/produit\/porte-voilier-galaxy-g1000-gs13v-ptac-1350kg-1-essieu\/","url":"https:\/\/sagrinex.com\/produit\/porte-voilier-galaxy-g1000-gs13v-ptac-1350kg-1-essieu\/","name":"SEGELBOOTTR\u00c4GER GALAXY - G1000 \/ GS13V - Gesamtgewicht: 1350 kg - 1 ACHSE","isPartOf":{"@id":"https:\/\/sagrinex.com\/#website"},"primaryImageOfPage":{"@id":"https:\/\/sagrinex.com\/produit\/porte-voilier-galaxy-g1000-gs13v-ptac-1350kg-1-essieu\/#primaryimage"},"image":{"@id":"https:\/\/sagrinex.com\/produit\/porte-voilier-galaxy-g1000-gs13v-ptac-1350kg-1-essieu\/#primaryimage"},"thumbnailUrl":"https:\/\/sagrinex.com\/wp-content\/uploads\/2026\/03\/Image-119-3.jpeg","datePublished":"2026-03-17T20:33:11+00:00","dateModified":"2026-04-15T21:12:10+00:00","description":"Mit diesem Segelbootanh\u00e4nger k\u00f6nnen Sie ein Boot mit einem Gewicht von bis zu 980 kg und einer L\u00e4nge von 6,2 m v\u00f6llig sicher transportieren. Mit seinem verzinkten Fahrgestell, seinen verstellbaren St\u00fctzb\u00f6cken und seiner V-f\u00f6rmigen Deichsel sorgt er f\u00fcr Stabilit\u00e4t und Komfort auf der Stra\u00dfe. F\u00fcr den Stra\u00dfenverkehr zugelassen.","breadcrumb":{"@id":"https:\/\/sagrinex.com\/produit\/porte-voilier-galaxy-g1000-gs13v-ptac-1350kg-1-essieu\/#breadcrumb"},"inLanguage":"de","potentialAction":[{"@type":"ReadAction","target":["https:\/\/sagrinex.com\/produit\/porte-voilier-galaxy-g1000-gs13v-ptac-1350kg-1-essieu\/"]}]},{"@type":"ImageObject","inLanguage":"de","@id":"https:\/\/sagrinex.com\/produit\/porte-voilier-galaxy-g1000-gs13v-ptac-1350kg-1-essieu\/#primaryimage","url":"https:\/\/sagrinex.com\/wp-content\/uploads\/2026\/03\/Image-119-3.jpeg","contentUrl":"https:\/\/sagrinex.com\/wp-content\/uploads\/2026\/03\/Image-119-3.jpeg","width":1000,"height":661},{"@type":"BreadcrumbList","@id":"https:\/\/sagrinex.com\/produit\/porte-voilier-galaxy-g1000-gs13v-ptac-1350kg-1-essieu\/#breadcrumb","itemListElement":[{"@type":"ListItem","position":1,"name":"Accueil","item":"https:\/\/sagrinex.com\/?lang=de"},{"@type":"ListItem","position":2,"name":"Shop","item":"https:\/\/sagrinex.com\/shop\/"},{"@type":"ListItem","position":3,"name":"Segelboottr\u00c4ger Galaxy &#8211; G1000 \/ GS13V &#8211; Gesamtgewicht: 1350 Kg &#8211; 1 Achse"}]},{"@type":"WebSite","@id":"https:\/\/sagrinex.com\/#website","url":"https:\/\/sagrinex.com\/","name":"Sagrinex \u2013 Spezialist f\u00fcr Anh\u00e4nger, Container & Landtechnik","description":"Anhaenger, Container &amp; Landtechnik \u2014 Online-Verkauf &amp; kostenloses Angebot","publisher":{"@id":"https:\/\/sagrinex.com\/#organization"},"potentialAction":[{"@type":"SearchAction","target":{"@type":"EntryPoint","urlTemplate":"https:\/\/sagrinex.com\/?s={search_term_string}"},"query-input":{"@type":"PropertyValueSpecification","valueRequired":true,"valueName":"search_term_string"}}],"inLanguage":"de"},{"@type":"Organization","@id":"https:\/\/sagrinex.com\/#organization","name":"Sagrinex \u2013 Remorques, Conteneurs & Mat\u00e9riel Agricole","url":"https:\/\/sagrinex.com\/","logo":{"@type":"ImageObject","inLanguage":"de","@id":"https:\/\/sagrinex.com\/#\/schema\/logo\/image\/","url":"https:\/\/sagrinex.com\/wp-content\/uploads\/2026\/03\/7f1ac463-ef5a-425d-bdd6-a5da03a334a9-1024x683.png","contentUrl":"https:\/\/sagrinex.com\/wp-content\/uploads\/2026\/03\/7f1ac463-ef5a-425d-bdd6-a5da03a334a9-1024x683.png","width":1024,"height":683,"caption":"Sagrinex \u2013 Remorques, Conteneurs & Mat\u00e9riel Agricole"},"image":{"@id":"https:\/\/sagrinex.com\/#\/schema\/logo\/image\/"}}]}},"jetpack_sharing_enabled":true,"_links":{"self":[{"href":"https:\/\/sagrinex.com\/de\/wp-json\/wp\/v2\/product\/14161","targetHints":{"allow":["GET"]}}],"collection":[{"href":"https:\/\/sagrinex.com\/de\/wp-json\/wp\/v2\/product"}],"about":[{"href":"https:\/\/sagrinex.com\/de\/wp-json\/wp\/v2\/types\/product"}],"replies":[{"embeddable":true,"href":"https:\/\/sagrinex.com\/de\/wp-json\/wp\/v2\/comments?post=14161"}],"version-history":[{"count":0,"href":"https:\/\/sagrinex.com\/de\/wp-json\/wp\/v2\/product\/14161\/revisions"}],"wp:featuredmedia":[{"embeddable":true,"href":"https:\/\/sagrinex.com\/de\/wp-json\/wp\/v2\/media\/16646"}],"wp:attachment":[{"href":"https:\/\/sagrinex.com\/de\/wp-json\/wp\/v2\/media?parent=14161"}],"wp:term":[{"taxonomy":"product_brand","embeddable":true,"href":"https:\/\/sagrinex.com\/de\/wp-json\/wp\/v2\/product_brand?post=14161"},{"taxonomy":"product_cat","embeddable":true,"href":"https:\/\/sagrinex.com\/de\/wp-json\/wp\/v2\/product_cat?post=14161"},{"taxonomy":"product_tag","embeddable":true,"href":"https:\/\/sagrinex.com\/de\/wp-json\/wp\/v2\/product_tag?post=14161"}],"curies":[{"name":"wp","href":"https:\/\/api.w.org\/{rel}","templated":true}]}}