{"id":14162,"date":"2026-03-17T17:47:18","date_gmt":"2026-03-17T17:47:18","guid":{"rendered":"https:\/\/sagrinex.com\/produit\/sun-way-tauchboottraeger-d2415-gesamtgewicht-1500-kg-rollensatz-1-achse\/"},"modified":"2026-04-15T21:12:10","modified_gmt":"2026-04-15T21:12:10","slug":"sun-way-tauchboottraeger-d2415-gesamtgewicht-1500-kg-rollensatz-1-achse","status":"publish","type":"product","link":"https:\/\/sagrinex.com\/de\/produit\/sun-way-tauchboottraeger-d2415-gesamtgewicht-1500-kg-rollensatz-1-achse\/","title":{"rendered":"Sun Way Tauchboottr\u00c4ger \u2013 D2415 \u2013 Gesamtgewicht: 1500 Kg \u2013 Rollensatz \u2013 1 Achse"},"content":{"rendered":"<p>Der <strong>Sun Way FAST D2415 Range Bootsanh\u00e4nger<\/strong> ist f\u00fcr den Transport und das Zuwasserlassen von Booten mit einer L\u00e4nge von bis zu ca. <strong>6 m<\/strong> konzipiert. Geeignet f\u00fcr den privaten oder semiprofessionellen Einsatz, erm\u00f6glicht er dank seiner Gesamtabmessungen von ~<strong>6,58 m x 2,22 m<\/strong> einen zuverl\u00e4ssigen Anh\u00e4ngerbetrieb auf der Stra\u00dfe und eine einfache Umsetzung. Es richtet sich an diejenigen, die einen <strong>effizienten<\/strong>, <strong>robusten<\/strong> und <strong>eintauchbaren<\/strong> Anh\u00e4nger f\u00fcr ihre nautischen Ausfl\u00fcge w\u00fcnschen.<\/p>\n<ul>\n<li><strong>M\u00f6gliches zul\u00e4ssiges Gesamtgewicht<\/strong>: 1500 \/ 1400 \/ 1300 kg<\/li>\n<li><strong>Leergewicht<\/strong>: 430 kg<\/li>\n<li><strong>Maximale Nutzlast<\/strong>: 1070 kg<\/li>\n<li><strong>R\u00e4der<\/strong>: 175R14C 5T140 ET20<\/li>\n<li><strong>Fahrgestelll\u00e4nge<\/strong>: 6,50 m<\/li>\n<li><strong>Rumpfl\u00e4nge<\/strong>: 5,50 m<\/li>\n<li><strong>Zul\u00e4ssige Bootsl\u00e4nge<\/strong>: 6 m<\/li>\n<li><strong>Gesamtabmessungen<\/strong>: 6,58 m x 2,22 m<\/li>\n<li><strong>Wasserdichte gebremste Autoflex-Achse<\/strong>, mit im Fettbad abgedichteten Trommeln und Naben<\/li>\n<li><strong>Bewegliche Teile aus Edelstahl<\/strong> in den Trommeln<\/li>\n<li><strong>Integriertes Sp\u00fclset<\/strong><\/li>\n<li><strong>Wasserdichte LED-Leuchten<\/strong><\/li>\n<li><strong>Selbstbremsende Single-Speed-Winde<\/strong><\/li>\n<li><strong>Verstellbare Windenhalterung<\/strong> + <strong>3D-verstellbarer Buganschlag<\/strong><\/li>\n<li><strong>St\u00fctzrad<\/strong> \u00d8 60 mm<\/li>\n<\/ul>\n<p>Die Integration einer <strong>wasserfesten Autoflex-Bremsachse<\/strong> mit wasserdichten Komponenten in einem Fettbad verleiht diesem Anh\u00e4nger eine erh\u00f6hte Widerstandsf\u00e4higkeit gegen\u00fcber nautischen Bedingungen. Diese Konfiguration begrenzt Wartungseingriffe und optimiert gleichzeitig die Zuverl\u00e4ssigkeit von Roadtrips und Starts.<\/p>\n<p>Die <strong>bewegten Elemente aus Edelstahl<\/strong> garantieren eine hohe Best\u00e4ndigkeit gegen Feuchtigkeit und Korrosion. Diese Beachtung der Materialien erm\u00f6glicht einen l\u00e4ngeren Einsatz ohne gr\u00f6\u00dfere Leistungseinbu\u00dfen, was besonders f\u00fcr einen Bootsanh\u00e4nger geeignet ist.<\/p>\n<p>Die <strong>selbstbremsende Single-Speed-Winde<\/strong> erleichtert in Kombination mit einer <strong>verstellbaren Halterung<\/strong> und einem <strong>verstellbaren 3D-Buganschlag<\/strong> das Ein- und Aussteigen in das Boot erheblich. Dieses ergonomische System erh\u00f6ht die Sicherheit und verk\u00fcrzt die Ein- und Ausstiegszeit.<\/p>\n<p>Das <strong>integrierte Sp\u00fclset<\/strong> und die <strong>wasserdichten LED-Leuchten<\/strong> runden die Ausstattung ab und sorgen f\u00fcr Praktikabilit\u00e4t und bessere Sichtbarkeit. Diese Komponenten eignen sich besonders f\u00fcr den Einsatz auf See oder in feuchten Umgebungen.<\/p>\n<ul>\n<li><strong>Hohe Nutzlast<\/strong> von 1070 kg erm\u00f6glicht den Transport von Booten, Zubeh\u00f6r und Treibstoff.<\/li>\n<li><strong>Gro\u00dfz\u00fcgige Abmessungen<\/strong> (Fahrgestell 6,50 m) f\u00fcr Boote bis 6 m geeignet und dennoch leicht zu handhaben.<\/li>\n<li>Hochwertige Komponenten mit <strong>Edelstahl<\/strong>-Materialien und <strong>wasserdichten<\/strong> Systemen, die den Wartungsaufwand reduzieren.<\/li>\n<li><strong>Komplette Ausr\u00fcstung betriebsbereit<\/strong> (Winde, verstellbarer Buganschlag, Sp\u00fclset, LED-Leuchten).<\/li>\n<\/ul>\n<p>Wenn Sie sich f\u00fcr diesen <strong>Sun Way FAST D2415 Bootsanh\u00e4nger<\/strong> von <strong>Sagrinex<\/strong> entscheiden, profitieren Sie von pers\u00f6nlichem Support, reaktionsschnellem Kundendienst und der Verf\u00fcgbarkeit von Originalteilen. Unser Team unterst\u00fctzt Sie bei der Auswahl der Optionen, der Registrierung und den Einstellungen, um eine optimale Umsetzung und Sicherheit zu gew\u00e4hrleisten.<\/p>\n","protected":false},"excerpt":{"rendered":"<p>Sun Way Fast D2415 Range Bootsanh\u00e4nger f\u00fcr Boote bis 6 m, Rumpfl\u00e4nge 5,50 m.<br \/>\nEinstellbares Bruttogewicht 1300 bis 1500 kg, Leergewicht 430 kg, maximale Nutzlast 1070 kg.<br \/>\nFahrgestell 6,50 m, Gesamtabmessungen 6,58 x 2,22 m, R\u00e4der 175R14C 5T140 ET20.<br \/>\nWasserdichte Autoflex-Bremsachse mit versiegelten Trommeln und Naben im Fettbad, Sp\u00fclset und wasserdichten LED-Leuchten.<br \/>\nSelbstbremsende 1-Gang-Winde, verstellbare Windenhalterung, 3D-verstellbarer Buganschlag und St\u00fctzrad \u00d8 60.<\/p>\n<div class=\"mod_fa_customizablefields_v14_list\">\n<div class=\"mod_fa_champspersonnalisables_v14_titre\"><strong>Zul\u00e4ssiges Gesamtgewicht: <\/strong><span class=\"mod_fa_champspersonnalisables_v14_value\">1500 kg<\/span><\/div>\n<\/div>\n<div class=\"mod_fa_customizablefields_v14_list\">\n<div class=\"mod_fa_champspersonnalisables_v14_titre\"><strong>Leermasse: <\/strong><span class=\"mod_fa_champspersonnalisables_v14_value\">430 kg<\/span><\/div>\n<\/div>\n<div class=\"mod_fa_customizablefields_v14_list\">\n<div class=\"mod_fa_champspersonnalisables_v14_titre\"><strong>Nutzlast: <\/strong><span class=\"mod_fa_champspersonnalisables_v14_value\">maximal 1070 kg<\/span><\/div>\n<\/div>\n<div class=\"mod_fa_customizablefields_v14_list\">\n<div class=\"mod_fa_champspersonnalisables_v14_titre\"><strong>Gesamtabmessungen: <\/strong><span class=\"mod_fa_champspersonnalisables_v14_value\">658 x 214 x H76 cm<\/span><\/div>\n<\/div>\n<div class=\"mod_fa_customizablefields_v14_list\">\n<div class=\"mod_fa_champspersonnalisables_v14_titre\"><strong>Maximale L\u00e4nge des Bootes: <\/strong><span class=\"mod_fa_champspersonnalisables_v14_valeur\">5,5 m Rumpf<\/span><\/div>\n<\/div>\n<div class=\"mod_fa_customizablefields_v14_list\">\n<div class=\"mod_fa_champspersonnalisables_v14_title\"><strong>Pfeil: <\/strong><span class=\"mod_fa_champspersonnalisables_v14_value\">Feuerverzinkt in V<\/span><\/div>\n<\/div>\n<div class=\"mod_fa_customizablefields_v14_list\">\n<div class=\"mod_fa_champspersonnalisables_v14_titre\"><strong>Rahmentyp: <\/strong><span class=\"mod_fa_champspersonnalisables_v14_value\">Feuerverzinkt<\/span><\/div>\n<\/div>\n<div class=\"mod_fa_customizablefields_v14_list\">\n<div class=\"mod_fa_champspersonnalisables_v14_title\"><strong>R\u00e4der: <\/strong><span class=\"mod_fa_champspersonnalisables_v14_valeur\">175R14C<\/span><\/div>\n<\/div>\n<div class=\"mod_fa_customizablefields_v14_list\">\n<div class=\"mod_fa_champspersonnalisables_v14_titre\"><strong>Ausstattung: <\/strong><span class=\"mod_fa_champspersonnalisables_v14_valeur\">Wasserdichte gebremste Autoflex-Achse mit fettbest\u00e4ndigen Trommeln und Naben, Schrauben, Flansche, Brems\u00fcbertragung und Fl\u00fcgel sind aus Edelstahl in Marinequalit\u00e4t \/ Optik und Anschl\u00fcsse f\u00fcr die Lichter wasserdicht gegen Eintauchen \/ LED-Lichter wasserdicht \/ Windenunterst\u00fctzung + Goliath 1200-kg-Winde als Standard<\/span><\/div>\n<\/div>\n","protected":false},"featured_media":16618,"comment_status":"open","ping_status":"closed","template":"","meta":[],"product_brand":[],"product_cat":[357,352],"product_tag":[],"class_list":{"0":"post-14162","1":"product","2":"type-product","3":"status-publish","4":"has-post-thumbnail","6":"product_cat-nautische-anhaenger","7":"product_cat-unsere-trailer","9":"first","10":"instock","11":"shipping-taxable","12":"purchasable","13":"product-type-simple"},"yoast_head":"<!-- This site is optimized with the Yoast SEO plugin v27.4 - https:\/\/yoast.com\/product\/yoast-seo-wordpress\/ -->\n<title>SUN WAY TAUCHBOOTTR\u00c4GER \u2013 D2415 \u2013 Gesamtgewicht: 1500 kg \u2013 ROLLENSATZ \u2013 1 ACHSE<\/title>\n<meta name=\"description\" content=\"Sun Way Fast Range D2415 Bootsanh\u00e4nger f\u00fcr Boote bis 6 m, Rumpfl\u00e4nge 5,50 m. Einstellbares Bruttogewicht 1300 bis 1500 kg, Leergewicht 430 kg, maximale Nutzlast 1070 kg. Fahrgestell 6,50 m, Gesamtabmessungen 6,58 x 2,22 m, R\u00e4der 175R14C 5T140 ET20. Wasserdichte Autoflex-Bremsachse mit versiegelten Trommeln und Naben im Fettbad, Sp\u00fclset und wasserdichten LED-Leuchten. Selbstbremsende 1-Gang-Winde, einstellbare Windenhalterung, 3D-verstellbarer Buganschlag und \u00d8 60-St\u00fctzrad.\" \/>\n<meta name=\"robots\" content=\"index, follow, max-snippet:-1, max-image-preview:large, max-video-preview:-1\" \/>\n<link rel=\"canonical\" href=\"https:\/\/sagrinex.com\/produit\/porte-bateau-immergeable-sun-way-d2415-ptac-1500kg-kit-rouleaux-1-essieu\/\" \/>\n<meta property=\"og:locale\" content=\"de_DE\" \/>\n<meta property=\"og:type\" content=\"article\" \/>\n<meta property=\"og:title\" content=\"SUN WAY TAUCHBOOTTR\u00c4GER \u2013 D2415 \u2013 Gesamtgewicht: 1500 kg \u2013 ROLLENSATZ \u2013 1 ACHSE\" \/>\n<meta property=\"og:description\" content=\"Sun Way Fast Range D2415 Bootsanh\u00e4nger f\u00fcr Boote bis 6 m, Rumpfl\u00e4nge 5,50 m. Einstellbares Bruttogewicht 1300 bis 1500 kg, Leergewicht 430 kg, maximale Nutzlast 1070 kg. Fahrgestell 6,50 m, Gesamtabmessungen 6,58 x 2,22 m, R\u00e4der 175R14C 5T140 ET20. Wasserdichte Autoflex-Bremsachse mit versiegelten Trommeln und Naben im Fettbad, Sp\u00fclset und wasserdichten LED-Leuchten. Selbstbremsende 1-Gang-Winde, einstellbare Windenhalterung, 3D-verstellbarer Buganschlag und \u00d8 60-St\u00fctzrad.\" \/>\n<meta property=\"og:url\" content=\"https:\/\/sagrinex.com\/produit\/porte-bateau-immergeable-sun-way-d2415-ptac-1500kg-kit-rouleaux-1-essieu\/\" \/>\n<meta property=\"og:site_name\" content=\"Sagrinex \u2013 Anhaenger, Container &amp; Landtechnik \ud83c\udf3e\ud83d\ude9c\" \/>\n<meta property=\"article:modified_time\" content=\"2026-04-15T21:12:10+00:00\" \/>\n<meta property=\"og:image\" content=\"https:\/\/sagrinex.com\/wp-content\/uploads\/2026\/03\/Image-91-3.jpeg\" \/>\n\t<meta property=\"og:image:width\" content=\"1024\" \/>\n\t<meta property=\"og:image:height\" content=\"501\" \/>\n\t<meta property=\"og:image:type\" content=\"image\/jpeg\" \/>\n<meta name=\"twitter:card\" content=\"summary_large_image\" \/>\n<meta name=\"twitter:label1\" content=\"Gesch\u00e4tzte Lesezeit\" \/>\n\t<meta name=\"twitter:data1\" content=\"2\u00a0Minuten\" \/>\n<script type=\"application\/ld+json\" class=\"yoast-schema-graph\">{\"@context\":\"https:\\\/\\\/schema.org\",\"@graph\":[{\"@type\":\"WebPage\",\"@id\":\"https:\\\/\\\/sagrinex.com\\\/produit\\\/porte-bateau-immergeable-sun-way-d2415-ptac-1500kg-kit-rouleaux-1-essieu\\\/\",\"url\":\"https:\\\/\\\/sagrinex.com\\\/produit\\\/porte-bateau-immergeable-sun-way-d2415-ptac-1500kg-kit-rouleaux-1-essieu\\\/\",\"name\":\"SUN WAY TAUCHBOOTTR\u00c4GER \u2013 D2415 \u2013 Gesamtgewicht: 1500 kg \u2013 ROLLENSATZ \u2013 1 ACHSE\",\"isPartOf\":{\"@id\":\"https:\\\/\\\/sagrinex.com\\\/#website\"},\"primaryImageOfPage\":{\"@id\":\"https:\\\/\\\/sagrinex.com\\\/produit\\\/porte-bateau-immergeable-sun-way-d2415-ptac-1500kg-kit-rouleaux-1-essieu\\\/#primaryimage\"},\"image\":{\"@id\":\"https:\\\/\\\/sagrinex.com\\\/produit\\\/porte-bateau-immergeable-sun-way-d2415-ptac-1500kg-kit-rouleaux-1-essieu\\\/#primaryimage\"},\"thumbnailUrl\":\"https:\\\/\\\/sagrinex.com\\\/wp-content\\\/uploads\\\/2026\\\/03\\\/Image-91-3.jpeg\",\"datePublished\":\"2026-03-17T17:47:18+00:00\",\"dateModified\":\"2026-04-15T21:12:10+00:00\",\"description\":\"Sun Way Fast Range D2415 Bootsanh\u00e4nger f\u00fcr Boote bis 6 m, Rumpfl\u00e4nge 5,50 m. Einstellbares Bruttogewicht 1300 bis 1500 kg, Leergewicht 430 kg, maximale Nutzlast 1070 kg. Fahrgestell 6,50 m, Gesamtabmessungen 6,58 x 2,22 m, R\u00e4der 175R14C 5T140 ET20. Wasserdichte Autoflex-Bremsachse mit versiegelten Trommeln und Naben im Fettbad, Sp\u00fclset und wasserdichten LED-Leuchten. Selbstbremsende 1-Gang-Winde, einstellbare Windenhalterung, 3D-verstellbarer Buganschlag und \u00d8 60-St\u00fctzrad.\",\"breadcrumb\":{\"@id\":\"https:\\\/\\\/sagrinex.com\\\/produit\\\/porte-bateau-immergeable-sun-way-d2415-ptac-1500kg-kit-rouleaux-1-essieu\\\/#breadcrumb\"},\"inLanguage\":\"de\",\"potentialAction\":[{\"@type\":\"ReadAction\",\"target\":[\"https:\\\/\\\/sagrinex.com\\\/produit\\\/porte-bateau-immergeable-sun-way-d2415-ptac-1500kg-kit-rouleaux-1-essieu\\\/\"]}]},{\"@type\":\"ImageObject\",\"inLanguage\":\"de\",\"@id\":\"https:\\\/\\\/sagrinex.com\\\/produit\\\/porte-bateau-immergeable-sun-way-d2415-ptac-1500kg-kit-rouleaux-1-essieu\\\/#primaryimage\",\"url\":\"https:\\\/\\\/sagrinex.com\\\/wp-content\\\/uploads\\\/2026\\\/03\\\/Image-91-3.jpeg\",\"contentUrl\":\"https:\\\/\\\/sagrinex.com\\\/wp-content\\\/uploads\\\/2026\\\/03\\\/Image-91-3.jpeg\",\"width\":1024,\"height\":501},{\"@type\":\"BreadcrumbList\",\"@id\":\"https:\\\/\\\/sagrinex.com\\\/produit\\\/porte-bateau-immergeable-sun-way-d2415-ptac-1500kg-kit-rouleaux-1-essieu\\\/#breadcrumb\",\"itemListElement\":[{\"@type\":\"ListItem\",\"position\":1,\"name\":\"Accueil\",\"item\":\"https:\\\/\\\/sagrinex.com\\\/?lang=de\"},{\"@type\":\"ListItem\",\"position\":2,\"name\":\"Shop\",\"item\":\"https:\\\/\\\/sagrinex.com\\\/shop\\\/\"},{\"@type\":\"ListItem\",\"position\":3,\"name\":\"Sun Way Tauchboottr\u00c4ger \u2013 D2415 \u2013 Gesamtgewicht: 1500 Kg \u2013 Rollensatz \u2013 1 Achse\"}]},{\"@type\":\"WebSite\",\"@id\":\"https:\\\/\\\/sagrinex.com\\\/#website\",\"url\":\"https:\\\/\\\/sagrinex.com\\\/\",\"name\":\"Sagrinex \u2013 Spezialist f\u00fcr Anh\u00e4nger, Container & Landtechnik\",\"description\":\"Anhaenger, Container &amp; Landtechnik \u2014 Online-Verkauf &amp; kostenloses Angebot\",\"publisher\":{\"@id\":\"https:\\\/\\\/sagrinex.com\\\/#organization\"},\"potentialAction\":[{\"@type\":\"SearchAction\",\"target\":{\"@type\":\"EntryPoint\",\"urlTemplate\":\"https:\\\/\\\/sagrinex.com\\\/?s={search_term_string}\"},\"query-input\":{\"@type\":\"PropertyValueSpecification\",\"valueRequired\":true,\"valueName\":\"search_term_string\"}}],\"inLanguage\":\"de\"},{\"@type\":\"Organization\",\"@id\":\"https:\\\/\\\/sagrinex.com\\\/#organization\",\"name\":\"Sagrinex \u2013 Remorques, Conteneurs & Mat\u00e9riel Agricole\",\"url\":\"https:\\\/\\\/sagrinex.com\\\/\",\"logo\":{\"@type\":\"ImageObject\",\"inLanguage\":\"de\",\"@id\":\"https:\\\/\\\/sagrinex.com\\\/#\\\/schema\\\/logo\\\/image\\\/\",\"url\":\"https:\\\/\\\/sagrinex.com\\\/wp-content\\\/uploads\\\/2026\\\/03\\\/7f1ac463-ef5a-425d-bdd6-a5da03a334a9-1024x683.png\",\"contentUrl\":\"https:\\\/\\\/sagrinex.com\\\/wp-content\\\/uploads\\\/2026\\\/03\\\/7f1ac463-ef5a-425d-bdd6-a5da03a334a9-1024x683.png\",\"width\":1024,\"height\":683,\"caption\":\"Sagrinex \u2013 Remorques, Conteneurs & Mat\u00e9riel Agricole\"},\"image\":{\"@id\":\"https:\\\/\\\/sagrinex.com\\\/#\\\/schema\\\/logo\\\/image\\\/\"}}]}<\/script>\n<!-- \/ Yoast SEO plugin. -->","yoast_head_json":{"title":"SUN WAY TAUCHBOOTTR\u00c4GER \u2013 D2415 \u2013 Gesamtgewicht: 1500 kg \u2013 ROLLENSATZ \u2013 1 ACHSE","description":"Sun Way Fast Range D2415 Bootsanh\u00e4nger f\u00fcr Boote bis 6 m, Rumpfl\u00e4nge 5,50 m. Einstellbares Bruttogewicht 1300 bis 1500 kg, Leergewicht 430 kg, maximale Nutzlast 1070 kg. Fahrgestell 6,50 m, Gesamtabmessungen 6,58 x 2,22 m, R\u00e4der 175R14C 5T140 ET20. Wasserdichte Autoflex-Bremsachse mit versiegelten Trommeln und Naben im Fettbad, Sp\u00fclset und wasserdichten LED-Leuchten. Selbstbremsende 1-Gang-Winde, einstellbare Windenhalterung, 3D-verstellbarer Buganschlag und \u00d8 60-St\u00fctzrad.","robots":{"index":"index","follow":"follow","max-snippet":"max-snippet:-1","max-image-preview":"max-image-preview:large","max-video-preview":"max-video-preview:-1"},"canonical":"https:\/\/sagrinex.com\/produit\/porte-bateau-immergeable-sun-way-d2415-ptac-1500kg-kit-rouleaux-1-essieu\/","og_locale":"de_DE","og_type":"article","og_title":"SUN WAY TAUCHBOOTTR\u00c4GER \u2013 D2415 \u2013 Gesamtgewicht: 1500 kg \u2013 ROLLENSATZ \u2013 1 ACHSE","og_description":"Sun Way Fast Range D2415 Bootsanh\u00e4nger f\u00fcr Boote bis 6 m, Rumpfl\u00e4nge 5,50 m. Einstellbares Bruttogewicht 1300 bis 1500 kg, Leergewicht 430 kg, maximale Nutzlast 1070 kg. Fahrgestell 6,50 m, Gesamtabmessungen 6,58 x 2,22 m, R\u00e4der 175R14C 5T140 ET20. Wasserdichte Autoflex-Bremsachse mit versiegelten Trommeln und Naben im Fettbad, Sp\u00fclset und wasserdichten LED-Leuchten. Selbstbremsende 1-Gang-Winde, einstellbare Windenhalterung, 3D-verstellbarer Buganschlag und \u00d8 60-St\u00fctzrad.","og_url":"https:\/\/sagrinex.com\/produit\/porte-bateau-immergeable-sun-way-d2415-ptac-1500kg-kit-rouleaux-1-essieu\/","og_site_name":"Sagrinex \u2013 Anhaenger, Container &amp; Landtechnik \ud83c\udf3e\ud83d\ude9c","article_modified_time":"2026-04-15T21:12:10+00:00","og_image":[{"width":1024,"height":501,"url":"https:\/\/sagrinex.com\/wp-content\/uploads\/2026\/03\/Image-91-3.jpeg","type":"image\/jpeg"}],"twitter_card":"summary_large_image","twitter_misc":{"Gesch\u00e4tzte Lesezeit":"2\u00a0Minuten"},"schema":{"@context":"https:\/\/schema.org","@graph":[{"@type":"WebPage","@id":"https:\/\/sagrinex.com\/produit\/porte-bateau-immergeable-sun-way-d2415-ptac-1500kg-kit-rouleaux-1-essieu\/","url":"https:\/\/sagrinex.com\/produit\/porte-bateau-immergeable-sun-way-d2415-ptac-1500kg-kit-rouleaux-1-essieu\/","name":"SUN WAY TAUCHBOOTTR\u00c4GER \u2013 D2415 \u2013 Gesamtgewicht: 1500 kg \u2013 ROLLENSATZ \u2013 1 ACHSE","isPartOf":{"@id":"https:\/\/sagrinex.com\/#website"},"primaryImageOfPage":{"@id":"https:\/\/sagrinex.com\/produit\/porte-bateau-immergeable-sun-way-d2415-ptac-1500kg-kit-rouleaux-1-essieu\/#primaryimage"},"image":{"@id":"https:\/\/sagrinex.com\/produit\/porte-bateau-immergeable-sun-way-d2415-ptac-1500kg-kit-rouleaux-1-essieu\/#primaryimage"},"thumbnailUrl":"https:\/\/sagrinex.com\/wp-content\/uploads\/2026\/03\/Image-91-3.jpeg","datePublished":"2026-03-17T17:47:18+00:00","dateModified":"2026-04-15T21:12:10+00:00","description":"Sun Way Fast Range D2415 Bootsanh\u00e4nger f\u00fcr Boote bis 6 m, Rumpfl\u00e4nge 5,50 m. Einstellbares Bruttogewicht 1300 bis 1500 kg, Leergewicht 430 kg, maximale Nutzlast 1070 kg. Fahrgestell 6,50 m, Gesamtabmessungen 6,58 x 2,22 m, R\u00e4der 175R14C 5T140 ET20. Wasserdichte Autoflex-Bremsachse mit versiegelten Trommeln und Naben im Fettbad, Sp\u00fclset und wasserdichten LED-Leuchten. Selbstbremsende 1-Gang-Winde, einstellbare Windenhalterung, 3D-verstellbarer Buganschlag und \u00d8 60-St\u00fctzrad.","breadcrumb":{"@id":"https:\/\/sagrinex.com\/produit\/porte-bateau-immergeable-sun-way-d2415-ptac-1500kg-kit-rouleaux-1-essieu\/#breadcrumb"},"inLanguage":"de","potentialAction":[{"@type":"ReadAction","target":["https:\/\/sagrinex.com\/produit\/porte-bateau-immergeable-sun-way-d2415-ptac-1500kg-kit-rouleaux-1-essieu\/"]}]},{"@type":"ImageObject","inLanguage":"de","@id":"https:\/\/sagrinex.com\/produit\/porte-bateau-immergeable-sun-way-d2415-ptac-1500kg-kit-rouleaux-1-essieu\/#primaryimage","url":"https:\/\/sagrinex.com\/wp-content\/uploads\/2026\/03\/Image-91-3.jpeg","contentUrl":"https:\/\/sagrinex.com\/wp-content\/uploads\/2026\/03\/Image-91-3.jpeg","width":1024,"height":501},{"@type":"BreadcrumbList","@id":"https:\/\/sagrinex.com\/produit\/porte-bateau-immergeable-sun-way-d2415-ptac-1500kg-kit-rouleaux-1-essieu\/#breadcrumb","itemListElement":[{"@type":"ListItem","position":1,"name":"Accueil","item":"https:\/\/sagrinex.com\/?lang=de"},{"@type":"ListItem","position":2,"name":"Shop","item":"https:\/\/sagrinex.com\/shop\/"},{"@type":"ListItem","position":3,"name":"Sun Way Tauchboottr\u00c4ger \u2013 D2415 \u2013 Gesamtgewicht: 1500 Kg \u2013 Rollensatz \u2013 1 Achse"}]},{"@type":"WebSite","@id":"https:\/\/sagrinex.com\/#website","url":"https:\/\/sagrinex.com\/","name":"Sagrinex \u2013 Spezialist f\u00fcr Anh\u00e4nger, Container & Landtechnik","description":"Anhaenger, Container &amp; Landtechnik \u2014 Online-Verkauf &amp; kostenloses Angebot","publisher":{"@id":"https:\/\/sagrinex.com\/#organization"},"potentialAction":[{"@type":"SearchAction","target":{"@type":"EntryPoint","urlTemplate":"https:\/\/sagrinex.com\/?s={search_term_string}"},"query-input":{"@type":"PropertyValueSpecification","valueRequired":true,"valueName":"search_term_string"}}],"inLanguage":"de"},{"@type":"Organization","@id":"https:\/\/sagrinex.com\/#organization","name":"Sagrinex \u2013 Remorques, Conteneurs & Mat\u00e9riel Agricole","url":"https:\/\/sagrinex.com\/","logo":{"@type":"ImageObject","inLanguage":"de","@id":"https:\/\/sagrinex.com\/#\/schema\/logo\/image\/","url":"https:\/\/sagrinex.com\/wp-content\/uploads\/2026\/03\/7f1ac463-ef5a-425d-bdd6-a5da03a334a9-1024x683.png","contentUrl":"https:\/\/sagrinex.com\/wp-content\/uploads\/2026\/03\/7f1ac463-ef5a-425d-bdd6-a5da03a334a9-1024x683.png","width":1024,"height":683,"caption":"Sagrinex \u2013 Remorques, Conteneurs & Mat\u00e9riel Agricole"},"image":{"@id":"https:\/\/sagrinex.com\/#\/schema\/logo\/image\/"}}]}},"jetpack_sharing_enabled":true,"_links":{"self":[{"href":"https:\/\/sagrinex.com\/de\/wp-json\/wp\/v2\/product\/14162","targetHints":{"allow":["GET"]}}],"collection":[{"href":"https:\/\/sagrinex.com\/de\/wp-json\/wp\/v2\/product"}],"about":[{"href":"https:\/\/sagrinex.com\/de\/wp-json\/wp\/v2\/types\/product"}],"replies":[{"embeddable":true,"href":"https:\/\/sagrinex.com\/de\/wp-json\/wp\/v2\/comments?post=14162"}],"version-history":[{"count":0,"href":"https:\/\/sagrinex.com\/de\/wp-json\/wp\/v2\/product\/14162\/revisions"}],"wp:featuredmedia":[{"embeddable":true,"href":"https:\/\/sagrinex.com\/de\/wp-json\/wp\/v2\/media\/16618"}],"wp:attachment":[{"href":"https:\/\/sagrinex.com\/de\/wp-json\/wp\/v2\/media?parent=14162"}],"wp:term":[{"taxonomy":"product_brand","embeddable":true,"href":"https:\/\/sagrinex.com\/de\/wp-json\/wp\/v2\/product_brand?post=14162"},{"taxonomy":"product_cat","embeddable":true,"href":"https:\/\/sagrinex.com\/de\/wp-json\/wp\/v2\/product_cat?post=14162"},{"taxonomy":"product_tag","embeddable":true,"href":"https:\/\/sagrinex.com\/de\/wp-json\/wp\/v2\/product_tag?post=14162"}],"curies":[{"name":"wp","href":"https:\/\/api.w.org\/{rel}","templated":true}]}}