{"id":14164,"date":"2026-03-17T21:01:40","date_gmt":"2026-03-17T21:01:40","guid":{"rendered":"https:\/\/sagrinex.com\/produit\/galaxy-segelboottraeger-g1382v-gd09v-zulaessiges-gesamtgewicht-1800-kg-2-achsen\/"},"modified":"2026-04-15T21:12:10","modified_gmt":"2026-04-15T21:12:10","slug":"galaxy-segelboottraeger-g1382v-gd09v-zulaessiges-gesamtgewicht-1800-kg-2-achsen","status":"publish","type":"product","link":"https:\/\/sagrinex.com\/de\/produit\/galaxy-segelboottraeger-g1382v-gd09v-zulaessiges-gesamtgewicht-1800-kg-2-achsen\/","title":{"rendered":"Galaxy-segelboottr\u00c4ger \u2013 G1382V \/ GD09V \u2013 Zul\u00e4ssiges Gesamtgewicht: 1800 Kg \u2013 2 Achsen"},"content":{"rendered":"<p>Dieser Anh\u00e4nger ist f\u00fcr den Stra\u00dfentransport von Segelbooten mit einem Gewicht von bis zu 1.290 kg und einer L\u00e4nge von bis zu 6,8 Metern konzipiert. Es sorgt f\u00fcr <strong>optimale Stabilit\u00e4t<\/strong> und <strong>erh\u00f6hte Sicherheit<\/strong> durch einen niedrigen Schwerpunkt und garantiert so eine hervorragende Stra\u00dfenlage.<\/p>\n<ul>\n<li><strong>Gesamtgewicht:<\/strong> 1.600\/1.800 kg<\/li>\n<li><strong>Leermasse:<\/strong> 510 kg<\/li>\n<li><strong>Nutzlast:<\/strong> bis zu 1.290 kg<\/li>\n<li><strong>Nutzma\u00dfe:<\/strong> zwischen 4,50 und 5,50 m<\/li>\n<li><strong>Gesamtabmessungen:<\/strong> 705 x 208 x H122 cm<\/li>\n<li><strong>H\u00f6he der Kerzen:<\/strong> 70 cm<\/li>\n<li><strong>Maximale Bootsl\u00e4nge:<\/strong> 6,8 m<\/li>\n<li><strong>Pfeil:<\/strong> V-f\u00f6rmig, feuerverzinkt<\/li>\n<li><strong>Pinne:<\/strong> behoben<\/li>\n<li><strong>Fahrgestell:<\/strong> feuerverzinkt<\/li>\n<li><strong>R\u00e4der:<\/strong> 175\/70R13<\/li>\n<\/ul>\n<p>Das <strong>feuerverzinkte Chassis<\/strong> bietet <strong>au\u00dfergew\u00f6hnliche Korrosionsbest\u00e4ndigkeit<\/strong> und verl\u00e4ngert die Lebensdauer des Anh\u00e4ngers, selbst in Meeresumgebungen.<\/p>\n<p>Die <strong>verstellbaren St\u00fctzb\u00f6cke<\/strong> erm\u00f6glichen die Anpassung des Anh\u00e4ngers an unterschiedliche Rumpfformen und sorgen so f\u00fcr einen <strong>sicheren Halt<\/strong> des Segelbootes beim Transport.<\/p>\n<p>Ausgestattet mit einer <strong>abnehmbaren Kunststoff-Lichtplatte<\/strong> erleichtert der Anh\u00e4nger das Ein- und Aussteigen aus dem Wasser und sch\u00fctzt gleichzeitig das Beleuchtungssystem.<\/p>\n<p>Die <strong>175\/70R13-R\u00e4der<\/strong> garantieren <strong>erh\u00f6hte Stabilit\u00e4t und Man\u00f6vrierf\u00e4higkeit<\/strong> w\u00e4hrend der Fahrt, auch \u00fcber l\u00e4ngere Strecken.<\/p>\n<ul>\n<li>Ersatzrad mit Halterung<\/li>\n<li>Gro\u00dfes Tiefgangset (f\u00fcr Tiefgang \u00fcber 60 cm)<\/li>\n<\/ul>\n<ul>\n<li>F\u00fcr den Stra\u00dfenverkehr zugelassen<\/li>\n<li>Geeignet f\u00fcr Segelboote mit einem Tiefgang von bis zu 1,60 m, je nach Rumpf<\/li>\n<li>Spezifisches Design f\u00fcr den sicheren Transport von Segelbooten<\/li>\n<\/ul>\n<p>Bei Sagrinex bieten wir den Einbau des <strong>Deep Draft Kits<\/strong> f\u00fcr Segelboote mit einem Tiefgang von mehr als 60 cm an.<\/p>\n<p>Dieser Anh\u00e4nger mit einem zul\u00e4ssigen Gesamtgewicht von mehr als 500 kg erfordert eine <strong>Registrierung<\/strong> und die Erstellung einer <strong>Grauen Karte<\/strong>, um legal auf \u00f6ffentlichen Stra\u00dfen fahren zu d\u00fcrfen.<\/p>\n","protected":false},"excerpt":{"rendered":"<p>Dieser Sun Way Anh\u00e4nger erm\u00f6glicht den sicheren Transport von Segelbooten bis 6,8 m und 1.290 kg. Sein verzinkter Rahmen sorgt f\u00fcr gro\u00dfe Widerstandsf\u00e4higkeit, w\u00e4hrend seine verstellbaren Wagenheberst\u00e4nder optimalen Halt garantieren. Es ist f\u00fcr den Stra\u00dfenverkehr zugelassen und passt sich einem Tiefgang von bis zu 1,60 m an.<\/p>\n<div class=\"mod_fa_customizablefields_v14_list\">\n<div class=\"mod_fa_champspersonnalisables_v14_titre\"><strong>Zul\u00e4ssiges Gesamtgewicht: <\/strong><span class=\"mod_fa_champspersonnalisables_v14_value\">1600\/1800 kg<\/span><\/div>\n<\/div>\n<div class=\"mod_fa_customizablefields_v14_list\">\n<div class=\"mod_fa_champspersonnalisables_v14_titre\"><strong>Leermasse: <\/strong><span class=\"mod_fa_champspersonnalisables_v14_value\">510 kg<\/span><\/div>\n<\/div>\n<div class=\"mod_fa_customizablefields_v14_list\">\n<div class=\"mod_fa_champspersonnalisables_v14_titre\"><strong>Nutzlast: <\/strong><span class=\"mod_fa_champspersonnalisables_v14_value\">maximal 1290 kg<\/span><\/div>\n<\/div>\n<div class=\"mod_fa_customizablefields_v14_list\">\n<div class=\"mod_fa_champspersonnalisables_v14_titre\"><strong>N\u00fctzliche Abmessungen: <\/strong><span class=\"mod_fa_champspersonnalisables_v14_value\">Zwischen 4,50 und 5,50 m<\/span><\/div>\n<\/div>\n<div class=\"mod_fa_customizablefields_v14_list\">\n<div class=\"mod_fa_champspersonnalisables_v14_titre\"><strong>Gesamtabmessungen: <\/strong><span class=\"mod_fa_champspersonnalisables_v14_value\">705 x 208 x H122 cm<\/span><\/div>\n<\/div>\n<div class=\"mod_fa_customizablefields_v14_list\">\n<div class=\"mod_fa_champspersonnalisables_v14_titre\"><strong>Kerzenh\u00f6he: <\/strong><span class=\"mod_fa_champspersonnalisables_v14_value\">70 cm<\/span><\/div>\n<\/div>\n<div class=\"mod_fa_customizablefields_v14_list\">\n<div class=\"mod_fa_champspersonnalisables_v14_titre\"><strong>Maximale L\u00e4nge des Bootes: <\/strong><span class=\"mod_fa_champspersonnalisables_v14_value\">6,8 m<\/span><\/div>\n<\/div>\n<div class=\"mod_fa_customizablefields_v14_list\">\n<div class=\"mod_fa_champspersonnalisables_v14_title\"><strong>Pfeil: <\/strong><span class=\"mod_fa_champspersonnalisables_v14_value\">Feuerverzinkt in V<\/span><\/div>\n<\/div>\n<div class=\"mod_fa_customizablefields_v14_list\">\n<div class=\"mod_fa_customizablefields_v14_title\"><strong>Band: <\/strong><span class=\"mod_fa_customizablefields_v14_value\">Behoben<\/span><\/div>\n<\/div>\n<div class=\"mod_fa_customizablefields_v14_list\">\n<div class=\"mod_fa_champspersonnalisables_v14_titre\"><strong>Rahmentyp: <\/strong><span class=\"mod_fa_champspersonnalisables_v14_value\">Feuerverzinkt<\/span><\/div>\n<\/div>\n<div class=\"mod_fa_customizablefields_v14_list\">\n<div class=\"mod_fa_champspersonnalisables_v14_titre\"><strong>R\u00e4der: <\/strong><span class=\"mod_fa_champspersonnalisables_v14_valeur\">175\/70R13<\/span><\/div>\n<\/div>\n<div class=\"mod_fa_customizablefields_v14_list\">\n<div class=\"mod_fa_champspersonnalisables_v14_titre\"><strong>Ausstattung: <\/strong><span class=\"mod_fa_champspersonnalisables_v14_valeur\">Tiefgang (wenn weniger als 60 cm \/ sonst Option verf\u00fcgbar) \/ Abnehmbare Kunststoff-Lichtplatte \/ St\u00fctzrad<\/span><\/div>\n<\/div>\n","protected":false},"featured_media":16659,"comment_status":"open","ping_status":"closed","template":"","meta":[],"product_brand":[],"product_cat":[357,352],"product_tag":[],"class_list":{"0":"post-14164","1":"product","2":"type-product","3":"status-publish","4":"has-post-thumbnail","6":"product_cat-nautische-anhaenger","7":"product_cat-unsere-trailer","9":"first","10":"instock","11":"shipping-taxable","12":"purchasable","13":"product-type-simple"},"yoast_head":"<!-- This site is optimized with the Yoast SEO plugin v27.4 - https:\/\/yoast.com\/product\/yoast-seo-wordpress\/ -->\n<title>GALAXY-SEGELBOOTTR\u00c4GER \u2013 G1382V \/ GD09V \u2013 zul\u00e4ssiges Gesamtgewicht: 1800 kg \u2013 2 Achsen<\/title>\n<meta name=\"description\" content=\"Dieser Sun Way Anh\u00e4nger erm\u00f6glicht den sicheren Transport von Segelbooten bis 6,8 m und 1.290 kg. Sein verzinkter Rahmen sorgt f\u00fcr gro\u00dfe Widerstandsf\u00e4higkeit, w\u00e4hrend seine verstellbaren Wagenheberst\u00e4nder optimalen Halt garantieren. Es ist f\u00fcr den Stra\u00dfenverkehr zugelassen und passt sich einem Tiefgang von bis zu 1,60 m an.\" \/>\n<meta name=\"robots\" content=\"index, follow, max-snippet:-1, max-image-preview:large, max-video-preview:-1\" \/>\n<link rel=\"canonical\" href=\"https:\/\/sagrinex.com\/produit\/porte-voilier-galaxy-g1382v-gd09v-ptac-1800kg-2-essieux\/\" \/>\n<meta property=\"og:locale\" content=\"de_DE\" \/>\n<meta property=\"og:type\" content=\"article\" \/>\n<meta property=\"og:title\" content=\"GALAXY-SEGELBOOTTR\u00c4GER \u2013 G1382V \/ GD09V \u2013 zul\u00e4ssiges Gesamtgewicht: 1800 kg \u2013 2 Achsen\" \/>\n<meta property=\"og:description\" content=\"Dieser Sun Way Anh\u00e4nger erm\u00f6glicht den sicheren Transport von Segelbooten bis 6,8 m und 1.290 kg. Sein verzinkter Rahmen sorgt f\u00fcr gro\u00dfe Widerstandsf\u00e4higkeit, w\u00e4hrend seine verstellbaren Wagenheberst\u00e4nder optimalen Halt garantieren. Es ist f\u00fcr den Stra\u00dfenverkehr zugelassen und passt sich einem Tiefgang von bis zu 1,60 m an.\" \/>\n<meta property=\"og:url\" content=\"https:\/\/sagrinex.com\/produit\/porte-voilier-galaxy-g1382v-gd09v-ptac-1800kg-2-essieux\/\" \/>\n<meta property=\"og:site_name\" content=\"Sagrinex \u2013 Anhaenger, Container &amp; Landtechnik \ud83c\udf3e\ud83d\ude9c\" \/>\n<meta property=\"article:modified_time\" content=\"2026-04-15T21:12:10+00:00\" \/>\n<meta property=\"og:image\" content=\"https:\/\/sagrinex.com\/wp-content\/uploads\/2026\/03\/Image-132-3.jpeg\" \/>\n\t<meta property=\"og:image:width\" content=\"301\" \/>\n\t<meta property=\"og:image:height\" content=\"180\" \/>\n\t<meta property=\"og:image:type\" content=\"image\/jpeg\" \/>\n<meta name=\"twitter:card\" content=\"summary_large_image\" \/>\n<meta name=\"twitter:label1\" content=\"Gesch\u00e4tzte Lesezeit\" \/>\n\t<meta name=\"twitter:data1\" content=\"1\u00a0Minute\" \/>\n<script type=\"application\/ld+json\" class=\"yoast-schema-graph\">{\"@context\":\"https:\\\/\\\/schema.org\",\"@graph\":[{\"@type\":\"WebPage\",\"@id\":\"https:\\\/\\\/sagrinex.com\\\/produit\\\/porte-voilier-galaxy-g1382v-gd09v-ptac-1800kg-2-essieux\\\/\",\"url\":\"https:\\\/\\\/sagrinex.com\\\/produit\\\/porte-voilier-galaxy-g1382v-gd09v-ptac-1800kg-2-essieux\\\/\",\"name\":\"GALAXY-SEGELBOOTTR\u00c4GER \u2013 G1382V \\\/ GD09V \u2013 zul\u00e4ssiges Gesamtgewicht: 1800 kg \u2013 2 Achsen\",\"isPartOf\":{\"@id\":\"https:\\\/\\\/sagrinex.com\\\/#website\"},\"primaryImageOfPage\":{\"@id\":\"https:\\\/\\\/sagrinex.com\\\/produit\\\/porte-voilier-galaxy-g1382v-gd09v-ptac-1800kg-2-essieux\\\/#primaryimage\"},\"image\":{\"@id\":\"https:\\\/\\\/sagrinex.com\\\/produit\\\/porte-voilier-galaxy-g1382v-gd09v-ptac-1800kg-2-essieux\\\/#primaryimage\"},\"thumbnailUrl\":\"https:\\\/\\\/sagrinex.com\\\/wp-content\\\/uploads\\\/2026\\\/03\\\/Image-132-3.jpeg\",\"datePublished\":\"2026-03-17T21:01:40+00:00\",\"dateModified\":\"2026-04-15T21:12:10+00:00\",\"description\":\"Dieser Sun Way Anh\u00e4nger erm\u00f6glicht den sicheren Transport von Segelbooten bis 6,8 m und 1.290 kg. Sein verzinkter Rahmen sorgt f\u00fcr gro\u00dfe Widerstandsf\u00e4higkeit, w\u00e4hrend seine verstellbaren Wagenheberst\u00e4nder optimalen Halt garantieren. Es ist f\u00fcr den Stra\u00dfenverkehr zugelassen und passt sich einem Tiefgang von bis zu 1,60 m an.\",\"breadcrumb\":{\"@id\":\"https:\\\/\\\/sagrinex.com\\\/produit\\\/porte-voilier-galaxy-g1382v-gd09v-ptac-1800kg-2-essieux\\\/#breadcrumb\"},\"inLanguage\":\"de\",\"potentialAction\":[{\"@type\":\"ReadAction\",\"target\":[\"https:\\\/\\\/sagrinex.com\\\/produit\\\/porte-voilier-galaxy-g1382v-gd09v-ptac-1800kg-2-essieux\\\/\"]}]},{\"@type\":\"ImageObject\",\"inLanguage\":\"de\",\"@id\":\"https:\\\/\\\/sagrinex.com\\\/produit\\\/porte-voilier-galaxy-g1382v-gd09v-ptac-1800kg-2-essieux\\\/#primaryimage\",\"url\":\"https:\\\/\\\/sagrinex.com\\\/wp-content\\\/uploads\\\/2026\\\/03\\\/Image-132-3.jpeg\",\"contentUrl\":\"https:\\\/\\\/sagrinex.com\\\/wp-content\\\/uploads\\\/2026\\\/03\\\/Image-132-3.jpeg\",\"width\":301,\"height\":180},{\"@type\":\"BreadcrumbList\",\"@id\":\"https:\\\/\\\/sagrinex.com\\\/produit\\\/porte-voilier-galaxy-g1382v-gd09v-ptac-1800kg-2-essieux\\\/#breadcrumb\",\"itemListElement\":[{\"@type\":\"ListItem\",\"position\":1,\"name\":\"Accueil\",\"item\":\"https:\\\/\\\/sagrinex.com\\\/?lang=de\"},{\"@type\":\"ListItem\",\"position\":2,\"name\":\"Shop\",\"item\":\"https:\\\/\\\/sagrinex.com\\\/shop\\\/\"},{\"@type\":\"ListItem\",\"position\":3,\"name\":\"Galaxy-segelboottr\u00c4ger \u2013 G1382V \\\/ GD09V \u2013 Zul\u00e4ssiges Gesamtgewicht: 1800 Kg \u2013 2 Achsen\"}]},{\"@type\":\"WebSite\",\"@id\":\"https:\\\/\\\/sagrinex.com\\\/#website\",\"url\":\"https:\\\/\\\/sagrinex.com\\\/\",\"name\":\"Sagrinex \u2013 Spezialist f\u00fcr Anh\u00e4nger, Container & Landtechnik\",\"description\":\"Anhaenger, Container &amp; Landtechnik \u2014 Online-Verkauf &amp; kostenloses Angebot\",\"publisher\":{\"@id\":\"https:\\\/\\\/sagrinex.com\\\/#organization\"},\"potentialAction\":[{\"@type\":\"SearchAction\",\"target\":{\"@type\":\"EntryPoint\",\"urlTemplate\":\"https:\\\/\\\/sagrinex.com\\\/?s={search_term_string}\"},\"query-input\":{\"@type\":\"PropertyValueSpecification\",\"valueRequired\":true,\"valueName\":\"search_term_string\"}}],\"inLanguage\":\"de\"},{\"@type\":\"Organization\",\"@id\":\"https:\\\/\\\/sagrinex.com\\\/#organization\",\"name\":\"Sagrinex \u2013 Remorques, Conteneurs & Mat\u00e9riel Agricole\",\"url\":\"https:\\\/\\\/sagrinex.com\\\/\",\"logo\":{\"@type\":\"ImageObject\",\"inLanguage\":\"de\",\"@id\":\"https:\\\/\\\/sagrinex.com\\\/#\\\/schema\\\/logo\\\/image\\\/\",\"url\":\"https:\\\/\\\/sagrinex.com\\\/wp-content\\\/uploads\\\/2026\\\/03\\\/7f1ac463-ef5a-425d-bdd6-a5da03a334a9-1024x683.png\",\"contentUrl\":\"https:\\\/\\\/sagrinex.com\\\/wp-content\\\/uploads\\\/2026\\\/03\\\/7f1ac463-ef5a-425d-bdd6-a5da03a334a9-1024x683.png\",\"width\":1024,\"height\":683,\"caption\":\"Sagrinex \u2013 Remorques, Conteneurs & Mat\u00e9riel Agricole\"},\"image\":{\"@id\":\"https:\\\/\\\/sagrinex.com\\\/#\\\/schema\\\/logo\\\/image\\\/\"}}]}<\/script>\n<!-- \/ Yoast SEO plugin. -->","yoast_head_json":{"title":"GALAXY-SEGELBOOTTR\u00c4GER \u2013 G1382V \/ GD09V \u2013 zul\u00e4ssiges Gesamtgewicht: 1800 kg \u2013 2 Achsen","description":"Dieser Sun Way Anh\u00e4nger erm\u00f6glicht den sicheren Transport von Segelbooten bis 6,8 m und 1.290 kg. Sein verzinkter Rahmen sorgt f\u00fcr gro\u00dfe Widerstandsf\u00e4higkeit, w\u00e4hrend seine verstellbaren Wagenheberst\u00e4nder optimalen Halt garantieren. Es ist f\u00fcr den Stra\u00dfenverkehr zugelassen und passt sich einem Tiefgang von bis zu 1,60 m an.","robots":{"index":"index","follow":"follow","max-snippet":"max-snippet:-1","max-image-preview":"max-image-preview:large","max-video-preview":"max-video-preview:-1"},"canonical":"https:\/\/sagrinex.com\/produit\/porte-voilier-galaxy-g1382v-gd09v-ptac-1800kg-2-essieux\/","og_locale":"de_DE","og_type":"article","og_title":"GALAXY-SEGELBOOTTR\u00c4GER \u2013 G1382V \/ GD09V \u2013 zul\u00e4ssiges Gesamtgewicht: 1800 kg \u2013 2 Achsen","og_description":"Dieser Sun Way Anh\u00e4nger erm\u00f6glicht den sicheren Transport von Segelbooten bis 6,8 m und 1.290 kg. Sein verzinkter Rahmen sorgt f\u00fcr gro\u00dfe Widerstandsf\u00e4higkeit, w\u00e4hrend seine verstellbaren Wagenheberst\u00e4nder optimalen Halt garantieren. Es ist f\u00fcr den Stra\u00dfenverkehr zugelassen und passt sich einem Tiefgang von bis zu 1,60 m an.","og_url":"https:\/\/sagrinex.com\/produit\/porte-voilier-galaxy-g1382v-gd09v-ptac-1800kg-2-essieux\/","og_site_name":"Sagrinex \u2013 Anhaenger, Container &amp; Landtechnik \ud83c\udf3e\ud83d\ude9c","article_modified_time":"2026-04-15T21:12:10+00:00","og_image":[{"width":301,"height":180,"url":"https:\/\/sagrinex.com\/wp-content\/uploads\/2026\/03\/Image-132-3.jpeg","type":"image\/jpeg"}],"twitter_card":"summary_large_image","twitter_misc":{"Gesch\u00e4tzte Lesezeit":"1\u00a0Minute"},"schema":{"@context":"https:\/\/schema.org","@graph":[{"@type":"WebPage","@id":"https:\/\/sagrinex.com\/produit\/porte-voilier-galaxy-g1382v-gd09v-ptac-1800kg-2-essieux\/","url":"https:\/\/sagrinex.com\/produit\/porte-voilier-galaxy-g1382v-gd09v-ptac-1800kg-2-essieux\/","name":"GALAXY-SEGELBOOTTR\u00c4GER \u2013 G1382V \/ GD09V \u2013 zul\u00e4ssiges Gesamtgewicht: 1800 kg \u2013 2 Achsen","isPartOf":{"@id":"https:\/\/sagrinex.com\/#website"},"primaryImageOfPage":{"@id":"https:\/\/sagrinex.com\/produit\/porte-voilier-galaxy-g1382v-gd09v-ptac-1800kg-2-essieux\/#primaryimage"},"image":{"@id":"https:\/\/sagrinex.com\/produit\/porte-voilier-galaxy-g1382v-gd09v-ptac-1800kg-2-essieux\/#primaryimage"},"thumbnailUrl":"https:\/\/sagrinex.com\/wp-content\/uploads\/2026\/03\/Image-132-3.jpeg","datePublished":"2026-03-17T21:01:40+00:00","dateModified":"2026-04-15T21:12:10+00:00","description":"Dieser Sun Way Anh\u00e4nger erm\u00f6glicht den sicheren Transport von Segelbooten bis 6,8 m und 1.290 kg. Sein verzinkter Rahmen sorgt f\u00fcr gro\u00dfe Widerstandsf\u00e4higkeit, w\u00e4hrend seine verstellbaren Wagenheberst\u00e4nder optimalen Halt garantieren. Es ist f\u00fcr den Stra\u00dfenverkehr zugelassen und passt sich einem Tiefgang von bis zu 1,60 m an.","breadcrumb":{"@id":"https:\/\/sagrinex.com\/produit\/porte-voilier-galaxy-g1382v-gd09v-ptac-1800kg-2-essieux\/#breadcrumb"},"inLanguage":"de","potentialAction":[{"@type":"ReadAction","target":["https:\/\/sagrinex.com\/produit\/porte-voilier-galaxy-g1382v-gd09v-ptac-1800kg-2-essieux\/"]}]},{"@type":"ImageObject","inLanguage":"de","@id":"https:\/\/sagrinex.com\/produit\/porte-voilier-galaxy-g1382v-gd09v-ptac-1800kg-2-essieux\/#primaryimage","url":"https:\/\/sagrinex.com\/wp-content\/uploads\/2026\/03\/Image-132-3.jpeg","contentUrl":"https:\/\/sagrinex.com\/wp-content\/uploads\/2026\/03\/Image-132-3.jpeg","width":301,"height":180},{"@type":"BreadcrumbList","@id":"https:\/\/sagrinex.com\/produit\/porte-voilier-galaxy-g1382v-gd09v-ptac-1800kg-2-essieux\/#breadcrumb","itemListElement":[{"@type":"ListItem","position":1,"name":"Accueil","item":"https:\/\/sagrinex.com\/?lang=de"},{"@type":"ListItem","position":2,"name":"Shop","item":"https:\/\/sagrinex.com\/shop\/"},{"@type":"ListItem","position":3,"name":"Galaxy-segelboottr\u00c4ger \u2013 G1382V \/ GD09V \u2013 Zul\u00e4ssiges Gesamtgewicht: 1800 Kg \u2013 2 Achsen"}]},{"@type":"WebSite","@id":"https:\/\/sagrinex.com\/#website","url":"https:\/\/sagrinex.com\/","name":"Sagrinex \u2013 Spezialist f\u00fcr Anh\u00e4nger, Container & Landtechnik","description":"Anhaenger, Container &amp; Landtechnik \u2014 Online-Verkauf &amp; kostenloses Angebot","publisher":{"@id":"https:\/\/sagrinex.com\/#organization"},"potentialAction":[{"@type":"SearchAction","target":{"@type":"EntryPoint","urlTemplate":"https:\/\/sagrinex.com\/?s={search_term_string}"},"query-input":{"@type":"PropertyValueSpecification","valueRequired":true,"valueName":"search_term_string"}}],"inLanguage":"de"},{"@type":"Organization","@id":"https:\/\/sagrinex.com\/#organization","name":"Sagrinex \u2013 Remorques, Conteneurs & Mat\u00e9riel Agricole","url":"https:\/\/sagrinex.com\/","logo":{"@type":"ImageObject","inLanguage":"de","@id":"https:\/\/sagrinex.com\/#\/schema\/logo\/image\/","url":"https:\/\/sagrinex.com\/wp-content\/uploads\/2026\/03\/7f1ac463-ef5a-425d-bdd6-a5da03a334a9-1024x683.png","contentUrl":"https:\/\/sagrinex.com\/wp-content\/uploads\/2026\/03\/7f1ac463-ef5a-425d-bdd6-a5da03a334a9-1024x683.png","width":1024,"height":683,"caption":"Sagrinex \u2013 Remorques, Conteneurs & Mat\u00e9riel Agricole"},"image":{"@id":"https:\/\/sagrinex.com\/#\/schema\/logo\/image\/"}}]}},"jetpack_sharing_enabled":true,"_links":{"self":[{"href":"https:\/\/sagrinex.com\/de\/wp-json\/wp\/v2\/product\/14164","targetHints":{"allow":["GET"]}}],"collection":[{"href":"https:\/\/sagrinex.com\/de\/wp-json\/wp\/v2\/product"}],"about":[{"href":"https:\/\/sagrinex.com\/de\/wp-json\/wp\/v2\/types\/product"}],"replies":[{"embeddable":true,"href":"https:\/\/sagrinex.com\/de\/wp-json\/wp\/v2\/comments?post=14164"}],"version-history":[{"count":0,"href":"https:\/\/sagrinex.com\/de\/wp-json\/wp\/v2\/product\/14164\/revisions"}],"wp:featuredmedia":[{"embeddable":true,"href":"https:\/\/sagrinex.com\/de\/wp-json\/wp\/v2\/media\/16659"}],"wp:attachment":[{"href":"https:\/\/sagrinex.com\/de\/wp-json\/wp\/v2\/media?parent=14164"}],"wp:term":[{"taxonomy":"product_brand","embeddable":true,"href":"https:\/\/sagrinex.com\/de\/wp-json\/wp\/v2\/product_brand?post=14164"},{"taxonomy":"product_cat","embeddable":true,"href":"https:\/\/sagrinex.com\/de\/wp-json\/wp\/v2\/product_cat?post=14164"},{"taxonomy":"product_tag","embeddable":true,"href":"https:\/\/sagrinex.com\/de\/wp-json\/wp\/v2\/product_tag?post=14164"}],"curies":[{"name":"wp","href":"https:\/\/api.w.org\/{rel}","templated":true}]}}