{"id":14165,"date":"2026-03-17T21:13:56","date_gmt":"2026-03-17T21:13:56","guid":{"rendered":"https:\/\/sagrinex.com\/produit\/galaxy-kran-segelbootwagen-g1602v-gd12v-gesamtgewicht-2400-kg-2-achsen\/"},"modified":"2026-04-15T21:12:10","modified_gmt":"2026-04-15T21:12:10","slug":"galaxy-kran-segelbootwagen-g1602v-gd12v-gesamtgewicht-2400-kg-2-achsen","status":"publish","type":"product","link":"https:\/\/sagrinex.com\/de\/produit\/galaxy-kran-segelbootwagen-g1602v-gd12v-gesamtgewicht-2400-kg-2-achsen\/","title":{"rendered":"Galaxy-kran-segelbootwagen &#8211; G1602V \/ GD12V &#8211; Gesamtgewicht: 2400 Kg &#8211; 2 Achsen"},"content":{"rendered":"<p>Der <strong>Sun Way Galaxy GD12 Segelbootanh\u00e4nger<\/strong> ist f\u00fcr den sicheren Transport von <strong>Segelbooten<\/strong> Kielbooten bis <strong>1860 kg<\/strong> und einer maximalen Rumpfl\u00e4nge von <strong>7,2 Metern<\/strong> konzipiert. Ideal f\u00fcr Segelbootbesitzer, die eine zuverl\u00e4ssige L\u00f6sung f\u00fcr den Transport ihres Bootes auf der Stra\u00dfe suchen.<\/p>\n<ul>\n<li><strong>Gesamtgewicht:<\/strong> 2400 kg<\/li>\n<li><strong>Leermasse:<\/strong> 540 kg<\/li>\n<li><strong>Nutzlast:<\/strong> bis 1860 kg<\/li>\n<li><strong>Nutzma\u00dfe:<\/strong> zwischen 5,40 m und 6,40 m<\/li>\n<li><strong>Gesamtabmessungen:<\/strong> 7,92 m (L\u00e4nge) x 2,31 m (Breite) x 1,22 m (H\u00f6he)<\/li>\n<li><strong>H\u00f6he der Kerzen:<\/strong> 70 cm<\/li>\n<li><strong>Maximale Bootsl\u00e4nge:<\/strong> 7,2 m<\/li>\n<li><strong>Pfeil:<\/strong> V-f\u00f6rmig, feuerverzinkt<\/li>\n<li><strong>Pinne:<\/strong> behoben<\/li>\n<li><strong>Fahrgestell:<\/strong> feuerverzinkt<\/li>\n<li><strong>R\u00e4der:<\/strong> 165R13C<\/li>\n<li><strong>Ausstattung:<\/strong> Tiefgang (wenn weniger als 60 cm, sonst Option verf\u00fcgbar), abnehmbare Lichtplatte aus Kunststoff, St\u00fctzrad<\/li>\n<\/ul>\n<p>Der Anh\u00e4nger ist mit <strong>zwei gebremsten Achsen<\/strong> ausgestattet, die f\u00fcr <strong>optimale Stabilit\u00e4t<\/strong> und <strong>erh\u00f6hte Sicherheit<\/strong> beim Transport Ihres Segelboots sorgen. Diese Konfiguration garantiert eine ausgewogene Lastverteilung und ein vorbildliches Fahrverhalten.<\/p>\n<p>Der Rahmen und der V-Ausleger sind <strong>feuerverzinkt<\/strong> und bieten so eine <strong>au\u00dfergew\u00f6hnliche Korrosionsbest\u00e4ndigkeit<\/strong>. Dieser Schutz ist f\u00fcr Meeresumgebungen unerl\u00e4sslich und verl\u00e4ngert die Lebensdauer des Anh\u00e4ngers.<\/p>\n<p>Die <strong>verstellbaren St\u00fctzb\u00f6cke<\/strong> erm\u00f6glichen die <strong>Anpassung<\/strong> des Anh\u00e4ngers an unterschiedliche Rumpfformen und sorgen so f\u00fcr einen <strong>sicheren Halt<\/strong> des Segelbootes beim Transport. Diese Flexibilit\u00e4t erleichtert auch das Be- und Entladen des Bootes.<\/p>\n<p>Der Anh\u00e4nger ist mit einer <strong>abnehmbaren Lichtplatte<\/strong> ausgestattet, die das Ein- und Aussteigen aus dem Wasser vereinfacht. Diese Ausr\u00fcstung verringert das Risiko einer Besch\u00e4digung der Leuchten w\u00e4hrend der Handhabung.<\/p>\n<ul>\n<li><strong>Ersatzrad mit Halterung:<\/strong> unerl\u00e4sslich, um im Falle einer Reifenpanne unvorhergesehene Ereignisse zu vermeiden.<\/li>\n<li><strong>Tiefgang-Kit:<\/strong> empfohlen f\u00fcr Segelboote mit einem Tiefgang von mehr als 60 cm und bietet eine perfekte Anpassung an Ihr Boot.<\/li>\n<li><strong>Diebstahlschutz<\/strong><\/li>\n<li><strong>Riemen<\/strong><\/li>\n<\/ul>\n<ul>\n<li><strong>Stra\u00dfenzulassung:<\/strong> Im Gegensatz zu Rollgestellen ist dieser Anh\u00e4nger f\u00fcr den Stra\u00dfenverkehr zugelassen, was Konformit\u00e4t und Sicherheit gew\u00e4hrleistet.<\/li>\n<li><strong>Anpassungsf\u00e4higkeit:<\/strong> M\u00f6glichkeit, Segelboote mit einem Tiefgang von mehr als 0,60 m und bis zu 1,60 m je nach Rumpf zu transportieren, dank der Option des gro\u00dfen Tiefgangs-Kits.<\/li>\n<\/ul>\n<p>Wenn Sie sich f\u00fcr Sagrinex entscheiden, profitieren Sie von einem <strong>personalisierten Service<\/strong>. Wenn Ihr Segelboot einen Tiefgang von mehr als 60 cm hat, weist Sie unser Team auf das entsprechende <strong>Tiefgang-Kit<\/strong> hin und installiert es.<\/p>\n<p>Diese Modifikation gew\u00e4hrleistet eine <strong>perfekte Kompatibilit\u00e4t<\/strong> mit Ihrem Boot und erm\u00f6glicht einen v\u00f6llig sorgenfreien Transport.<\/p>\n<p>Um auf \u00f6ffentlichen Stra\u00dfen fahren zu k\u00f6nnen, ben\u00f6tigt dieser Anh\u00e4nger eine <strong>Graue Karte<\/strong>, wobei das zul\u00e4ssige Gesamtgewicht (GVWR) mehr als 500 kg betr\u00e4gt.<\/p>\n<p>Stellen Sie sicher, dass Sie die geltenden Vorschriften f\u00fcr eine gesetzeskonforme und sichere Verwendung einhalten.<\/p>\n","protected":false},"excerpt":{"rendered":"<p>Der Anh\u00e4nger Sun Way Galaxy GD12 erm\u00f6glicht den sicheren Transport von Kielboot-Segelbooten bis 1860 kg und 7,2 m L\u00e4nge. Sein feuerverzinktes Fahrgestell, seine verstellbaren St\u00fctzb\u00f6cke und seine zwei gebremsten Achsen garantieren Stabilit\u00e4t und optimalen Schutz auf der Stra\u00dfe.<\/p>\n<div class=\"mod_fa_customizablefields_v14_list\">\n<div class=\"mod_fa_champspersonnalisables_v14_title\"><strong>Gesamtgewicht: <\/strong><span class=\"mod_fa_champspersonnalisables_v14_value\">2400 KG<\/span><\/div>\n<\/div>\n<div class=\"mod_fa_customizablefields_v14_list\">\n<div class=\"mod_fa_champspersonnalisables_v14_titre\"><strong>Leermasse: <\/strong><span class=\"mod_fa_champspersonnalisables_v14_value\">540 kg<\/span><\/div>\n<\/div>\n<div class=\"mod_fa_customizablefields_v14_list\">\n<div class=\"mod_fa_champspersonnalisables_v14_titre\"><strong>Nutzlast: <\/strong><span class=\"mod_fa_champspersonnalisables_v14_value\">maximal 1860 kg<\/span><\/div>\n<\/div>\n<div class=\"mod_fa_customizablefields_v14_list\">\n<div class=\"mod_fa_champspersonnalisables_v14_titre\"><strong>N\u00fctzliche Abmessungen: <\/strong><span class=\"mod_fa_champspersonnalisables_v14_value\">Zwischen 5,40 und 6,40 m<\/span><\/div>\n<\/div>\n<div class=\"mod_fa_customizablefields_v14_list\">\n<div class=\"mod_fa_champspersonnalisables_v14_titre\"><strong>Gesamtabmessungen: <\/strong><span class=\"mod_fa_champspersonnalisables_v14_value\">792 x 231 x H122 cm<\/span><\/div>\n<\/div>\n<div class=\"mod_fa_customizablefields_v14_list\">\n<div class=\"mod_fa_champspersonnalisables_v14_titre\"><strong>Kerzenh\u00f6he: <\/strong><span class=\"mod_fa_champspersonnalisables_v14_value\">70 cm<\/span><\/div>\n<\/div>\n<div class=\"mod_fa_customizablefields_v14_list\">\n<div class=\"mod_fa_champspersonnalisables_v14_titre\"><strong>Maximale L\u00e4nge des Bootes: <\/strong><span class=\"mod_fa_champspersonnalisables_v14_value\">7,2 m<\/span><\/div>\n<\/div>\n<div class=\"mod_fa_customizablefields_v14_list\">\n<div class=\"mod_fa_champspersonnalisables_v14_title\"><strong>Pfeil: <\/strong><span class=\"mod_fa_champspersonnalisables_v14_value\">Feuerverzinkt in V<\/span><\/div>\n<\/div>\n<div class=\"mod_fa_customizablefields_v14_list\">\n<div class=\"mod_fa_customizablefields_v14_title\"><strong>Band: <\/strong><span class=\"mod_fa_customizablefields_v14_value\">Behoben<\/span><\/div>\n<\/div>\n<div class=\"mod_fa_customizablefields_v14_list\">\n<div class=\"mod_fa_champspersonnalisables_v14_titre\"><strong>Rahmentyp: <\/strong><span class=\"mod_fa_champspersonnalisables_v14_value\">Feuerverzinkt<\/span><\/div>\n<\/div>\n<div class=\"mod_fa_customizablefields_v14_list\">\n<div class=\"mod_fa_champspersonnalisables_v14_titre\"><strong>R\u00e4der: <\/strong><span class=\"mod_fa_champspersonnalisables_v14_valeur\">165R13C<\/span><\/div>\n<\/div>\n<div class=\"mod_fa_customizablefields_v14_list\">\n<div class=\"mod_fa_champspersonnalisables_v14_titre\"><strong>Ausstattung: <\/strong><span class=\"mod_fa_champspersonnalisables_v14_valeur\">Tiefgang (wenn weniger als 60 cm \/ sonst Option verf\u00fcgbar) \/ Abnehmbare Kunststoff-Lichtplatte \/ St\u00fctzrad<\/span><\/div>\n<\/div>\n","protected":false},"featured_media":16662,"comment_status":"open","ping_status":"closed","template":"","meta":[],"product_brand":[],"product_cat":[357,352],"product_tag":[],"class_list":{"0":"post-14165","1":"product","2":"type-product","3":"status-publish","4":"has-post-thumbnail","6":"product_cat-nautische-anhaenger","7":"product_cat-unsere-trailer","9":"first","10":"instock","11":"shipping-taxable","12":"purchasable","13":"product-type-simple"},"yoast_head":"<!-- This site is optimized with the Yoast SEO plugin v27.4 - https:\/\/yoast.com\/product\/yoast-seo-wordpress\/ -->\n<title>GALAXY-KRAN-SEGELBOOTWAGEN - G1602V \/ GD12V - Gesamtgewicht: 2400 kg - 2 ACHSEN<\/title>\n<meta name=\"description\" content=\"Der Anh\u00e4nger Sun Way Galaxy GD12 erm\u00f6glicht den sicheren Transport von Kielboot-Segelbooten bis 1860 kg und 7,2 m L\u00e4nge. Sein feuerverzinktes Fahrgestell, seine verstellbaren St\u00fctzb\u00f6cke und seine zwei gebremsten Achsen garantieren Stabilit\u00e4t und optimalen Schutz auf der Stra\u00dfe.\" \/>\n<meta name=\"robots\" content=\"index, follow, max-snippet:-1, max-image-preview:large, max-video-preview:-1\" \/>\n<link rel=\"canonical\" href=\"https:\/\/sagrinex.com\/produit\/porte-voilier-a-gruter-galaxy-g1602v-gd12v-ptac-2400kg-2-essieux\/\" \/>\n<meta property=\"og:locale\" content=\"de_DE\" \/>\n<meta property=\"og:type\" content=\"article\" \/>\n<meta property=\"og:title\" content=\"GALAXY-KRAN-SEGELBOOTWAGEN - G1602V \/ GD12V - Gesamtgewicht: 2400 kg - 2 ACHSEN\" \/>\n<meta property=\"og:description\" content=\"Der Anh\u00e4nger Sun Way Galaxy GD12 erm\u00f6glicht den sicheren Transport von Kielboot-Segelbooten bis 1860 kg und 7,2 m L\u00e4nge. Sein feuerverzinktes Fahrgestell, seine verstellbaren St\u00fctzb\u00f6cke und seine zwei gebremsten Achsen garantieren Stabilit\u00e4t und optimalen Schutz auf der Stra\u00dfe.\" \/>\n<meta property=\"og:url\" content=\"https:\/\/sagrinex.com\/produit\/porte-voilier-a-gruter-galaxy-g1602v-gd12v-ptac-2400kg-2-essieux\/\" \/>\n<meta property=\"og:site_name\" content=\"Sagrinex \u2013 Anhaenger, Container &amp; Landtechnik \ud83c\udf3e\ud83d\ude9c\" \/>\n<meta property=\"article:modified_time\" content=\"2026-04-15T21:12:10+00:00\" \/>\n<meta property=\"og:image\" content=\"https:\/\/sagrinex.com\/wp-content\/uploads\/2026\/03\/Image-135-3.jpeg\" \/>\n\t<meta property=\"og:image:width\" content=\"1000\" \/>\n\t<meta property=\"og:image:height\" content=\"506\" \/>\n\t<meta property=\"og:image:type\" content=\"image\/jpeg\" \/>\n<meta name=\"twitter:card\" content=\"summary_large_image\" \/>\n<meta name=\"twitter:label1\" content=\"Gesch\u00e4tzte Lesezeit\" \/>\n\t<meta name=\"twitter:data1\" content=\"2\u00a0Minuten\" \/>\n<script type=\"application\/ld+json\" class=\"yoast-schema-graph\">{\"@context\":\"https:\\\/\\\/schema.org\",\"@graph\":[{\"@type\":\"WebPage\",\"@id\":\"https:\\\/\\\/sagrinex.com\\\/produit\\\/porte-voilier-a-gruter-galaxy-g1602v-gd12v-ptac-2400kg-2-essieux\\\/\",\"url\":\"https:\\\/\\\/sagrinex.com\\\/produit\\\/porte-voilier-a-gruter-galaxy-g1602v-gd12v-ptac-2400kg-2-essieux\\\/\",\"name\":\"GALAXY-KRAN-SEGELBOOTWAGEN - G1602V \\\/ GD12V - Gesamtgewicht: 2400 kg - 2 ACHSEN\",\"isPartOf\":{\"@id\":\"https:\\\/\\\/sagrinex.com\\\/#website\"},\"primaryImageOfPage\":{\"@id\":\"https:\\\/\\\/sagrinex.com\\\/produit\\\/porte-voilier-a-gruter-galaxy-g1602v-gd12v-ptac-2400kg-2-essieux\\\/#primaryimage\"},\"image\":{\"@id\":\"https:\\\/\\\/sagrinex.com\\\/produit\\\/porte-voilier-a-gruter-galaxy-g1602v-gd12v-ptac-2400kg-2-essieux\\\/#primaryimage\"},\"thumbnailUrl\":\"https:\\\/\\\/sagrinex.com\\\/wp-content\\\/uploads\\\/2026\\\/03\\\/Image-135-3.jpeg\",\"datePublished\":\"2026-03-17T21:13:56+00:00\",\"dateModified\":\"2026-04-15T21:12:10+00:00\",\"description\":\"Der Anh\u00e4nger Sun Way Galaxy GD12 erm\u00f6glicht den sicheren Transport von Kielboot-Segelbooten bis 1860 kg und 7,2 m L\u00e4nge. Sein feuerverzinktes Fahrgestell, seine verstellbaren St\u00fctzb\u00f6cke und seine zwei gebremsten Achsen garantieren Stabilit\u00e4t und optimalen Schutz auf der Stra\u00dfe.\",\"breadcrumb\":{\"@id\":\"https:\\\/\\\/sagrinex.com\\\/produit\\\/porte-voilier-a-gruter-galaxy-g1602v-gd12v-ptac-2400kg-2-essieux\\\/#breadcrumb\"},\"inLanguage\":\"de\",\"potentialAction\":[{\"@type\":\"ReadAction\",\"target\":[\"https:\\\/\\\/sagrinex.com\\\/produit\\\/porte-voilier-a-gruter-galaxy-g1602v-gd12v-ptac-2400kg-2-essieux\\\/\"]}]},{\"@type\":\"ImageObject\",\"inLanguage\":\"de\",\"@id\":\"https:\\\/\\\/sagrinex.com\\\/produit\\\/porte-voilier-a-gruter-galaxy-g1602v-gd12v-ptac-2400kg-2-essieux\\\/#primaryimage\",\"url\":\"https:\\\/\\\/sagrinex.com\\\/wp-content\\\/uploads\\\/2026\\\/03\\\/Image-135-3.jpeg\",\"contentUrl\":\"https:\\\/\\\/sagrinex.com\\\/wp-content\\\/uploads\\\/2026\\\/03\\\/Image-135-3.jpeg\",\"width\":1000,\"height\":506},{\"@type\":\"BreadcrumbList\",\"@id\":\"https:\\\/\\\/sagrinex.com\\\/produit\\\/porte-voilier-a-gruter-galaxy-g1602v-gd12v-ptac-2400kg-2-essieux\\\/#breadcrumb\",\"itemListElement\":[{\"@type\":\"ListItem\",\"position\":1,\"name\":\"Accueil\",\"item\":\"https:\\\/\\\/sagrinex.com\\\/?lang=de\"},{\"@type\":\"ListItem\",\"position\":2,\"name\":\"Shop\",\"item\":\"https:\\\/\\\/sagrinex.com\\\/shop\\\/\"},{\"@type\":\"ListItem\",\"position\":3,\"name\":\"Galaxy-kran-segelbootwagen &#8211; G1602V \\\/ GD12V &#8211; Gesamtgewicht: 2400 Kg &#8211; 2 Achsen\"}]},{\"@type\":\"WebSite\",\"@id\":\"https:\\\/\\\/sagrinex.com\\\/#website\",\"url\":\"https:\\\/\\\/sagrinex.com\\\/\",\"name\":\"Sagrinex \u2013 Spezialist f\u00fcr Anh\u00e4nger, Container & Landtechnik\",\"description\":\"Anhaenger, Container &amp; Landtechnik \u2014 Online-Verkauf &amp; kostenloses Angebot\",\"publisher\":{\"@id\":\"https:\\\/\\\/sagrinex.com\\\/#organization\"},\"potentialAction\":[{\"@type\":\"SearchAction\",\"target\":{\"@type\":\"EntryPoint\",\"urlTemplate\":\"https:\\\/\\\/sagrinex.com\\\/?s={search_term_string}\"},\"query-input\":{\"@type\":\"PropertyValueSpecification\",\"valueRequired\":true,\"valueName\":\"search_term_string\"}}],\"inLanguage\":\"de\"},{\"@type\":\"Organization\",\"@id\":\"https:\\\/\\\/sagrinex.com\\\/#organization\",\"name\":\"Sagrinex \u2013 Remorques, Conteneurs & Mat\u00e9riel Agricole\",\"url\":\"https:\\\/\\\/sagrinex.com\\\/\",\"logo\":{\"@type\":\"ImageObject\",\"inLanguage\":\"de\",\"@id\":\"https:\\\/\\\/sagrinex.com\\\/#\\\/schema\\\/logo\\\/image\\\/\",\"url\":\"https:\\\/\\\/sagrinex.com\\\/wp-content\\\/uploads\\\/2026\\\/03\\\/7f1ac463-ef5a-425d-bdd6-a5da03a334a9-1024x683.png\",\"contentUrl\":\"https:\\\/\\\/sagrinex.com\\\/wp-content\\\/uploads\\\/2026\\\/03\\\/7f1ac463-ef5a-425d-bdd6-a5da03a334a9-1024x683.png\",\"width\":1024,\"height\":683,\"caption\":\"Sagrinex \u2013 Remorques, Conteneurs & Mat\u00e9riel Agricole\"},\"image\":{\"@id\":\"https:\\\/\\\/sagrinex.com\\\/#\\\/schema\\\/logo\\\/image\\\/\"}}]}<\/script>\n<!-- \/ Yoast SEO plugin. -->","yoast_head_json":{"title":"GALAXY-KRAN-SEGELBOOTWAGEN - G1602V \/ GD12V - Gesamtgewicht: 2400 kg - 2 ACHSEN","description":"Der Anh\u00e4nger Sun Way Galaxy GD12 erm\u00f6glicht den sicheren Transport von Kielboot-Segelbooten bis 1860 kg und 7,2 m L\u00e4nge. Sein feuerverzinktes Fahrgestell, seine verstellbaren St\u00fctzb\u00f6cke und seine zwei gebremsten Achsen garantieren Stabilit\u00e4t und optimalen Schutz auf der Stra\u00dfe.","robots":{"index":"index","follow":"follow","max-snippet":"max-snippet:-1","max-image-preview":"max-image-preview:large","max-video-preview":"max-video-preview:-1"},"canonical":"https:\/\/sagrinex.com\/produit\/porte-voilier-a-gruter-galaxy-g1602v-gd12v-ptac-2400kg-2-essieux\/","og_locale":"de_DE","og_type":"article","og_title":"GALAXY-KRAN-SEGELBOOTWAGEN - G1602V \/ GD12V - Gesamtgewicht: 2400 kg - 2 ACHSEN","og_description":"Der Anh\u00e4nger Sun Way Galaxy GD12 erm\u00f6glicht den sicheren Transport von Kielboot-Segelbooten bis 1860 kg und 7,2 m L\u00e4nge. Sein feuerverzinktes Fahrgestell, seine verstellbaren St\u00fctzb\u00f6cke und seine zwei gebremsten Achsen garantieren Stabilit\u00e4t und optimalen Schutz auf der Stra\u00dfe.","og_url":"https:\/\/sagrinex.com\/produit\/porte-voilier-a-gruter-galaxy-g1602v-gd12v-ptac-2400kg-2-essieux\/","og_site_name":"Sagrinex \u2013 Anhaenger, Container &amp; Landtechnik \ud83c\udf3e\ud83d\ude9c","article_modified_time":"2026-04-15T21:12:10+00:00","og_image":[{"width":1000,"height":506,"url":"https:\/\/sagrinex.com\/wp-content\/uploads\/2026\/03\/Image-135-3.jpeg","type":"image\/jpeg"}],"twitter_card":"summary_large_image","twitter_misc":{"Gesch\u00e4tzte Lesezeit":"2\u00a0Minuten"},"schema":{"@context":"https:\/\/schema.org","@graph":[{"@type":"WebPage","@id":"https:\/\/sagrinex.com\/produit\/porte-voilier-a-gruter-galaxy-g1602v-gd12v-ptac-2400kg-2-essieux\/","url":"https:\/\/sagrinex.com\/produit\/porte-voilier-a-gruter-galaxy-g1602v-gd12v-ptac-2400kg-2-essieux\/","name":"GALAXY-KRAN-SEGELBOOTWAGEN - G1602V \/ GD12V - Gesamtgewicht: 2400 kg - 2 ACHSEN","isPartOf":{"@id":"https:\/\/sagrinex.com\/#website"},"primaryImageOfPage":{"@id":"https:\/\/sagrinex.com\/produit\/porte-voilier-a-gruter-galaxy-g1602v-gd12v-ptac-2400kg-2-essieux\/#primaryimage"},"image":{"@id":"https:\/\/sagrinex.com\/produit\/porte-voilier-a-gruter-galaxy-g1602v-gd12v-ptac-2400kg-2-essieux\/#primaryimage"},"thumbnailUrl":"https:\/\/sagrinex.com\/wp-content\/uploads\/2026\/03\/Image-135-3.jpeg","datePublished":"2026-03-17T21:13:56+00:00","dateModified":"2026-04-15T21:12:10+00:00","description":"Der Anh\u00e4nger Sun Way Galaxy GD12 erm\u00f6glicht den sicheren Transport von Kielboot-Segelbooten bis 1860 kg und 7,2 m L\u00e4nge. Sein feuerverzinktes Fahrgestell, seine verstellbaren St\u00fctzb\u00f6cke und seine zwei gebremsten Achsen garantieren Stabilit\u00e4t und optimalen Schutz auf der Stra\u00dfe.","breadcrumb":{"@id":"https:\/\/sagrinex.com\/produit\/porte-voilier-a-gruter-galaxy-g1602v-gd12v-ptac-2400kg-2-essieux\/#breadcrumb"},"inLanguage":"de","potentialAction":[{"@type":"ReadAction","target":["https:\/\/sagrinex.com\/produit\/porte-voilier-a-gruter-galaxy-g1602v-gd12v-ptac-2400kg-2-essieux\/"]}]},{"@type":"ImageObject","inLanguage":"de","@id":"https:\/\/sagrinex.com\/produit\/porte-voilier-a-gruter-galaxy-g1602v-gd12v-ptac-2400kg-2-essieux\/#primaryimage","url":"https:\/\/sagrinex.com\/wp-content\/uploads\/2026\/03\/Image-135-3.jpeg","contentUrl":"https:\/\/sagrinex.com\/wp-content\/uploads\/2026\/03\/Image-135-3.jpeg","width":1000,"height":506},{"@type":"BreadcrumbList","@id":"https:\/\/sagrinex.com\/produit\/porte-voilier-a-gruter-galaxy-g1602v-gd12v-ptac-2400kg-2-essieux\/#breadcrumb","itemListElement":[{"@type":"ListItem","position":1,"name":"Accueil","item":"https:\/\/sagrinex.com\/?lang=de"},{"@type":"ListItem","position":2,"name":"Shop","item":"https:\/\/sagrinex.com\/shop\/"},{"@type":"ListItem","position":3,"name":"Galaxy-kran-segelbootwagen &#8211; G1602V \/ GD12V &#8211; Gesamtgewicht: 2400 Kg &#8211; 2 Achsen"}]},{"@type":"WebSite","@id":"https:\/\/sagrinex.com\/#website","url":"https:\/\/sagrinex.com\/","name":"Sagrinex \u2013 Spezialist f\u00fcr Anh\u00e4nger, Container & Landtechnik","description":"Anhaenger, Container &amp; Landtechnik \u2014 Online-Verkauf &amp; kostenloses Angebot","publisher":{"@id":"https:\/\/sagrinex.com\/#organization"},"potentialAction":[{"@type":"SearchAction","target":{"@type":"EntryPoint","urlTemplate":"https:\/\/sagrinex.com\/?s={search_term_string}"},"query-input":{"@type":"PropertyValueSpecification","valueRequired":true,"valueName":"search_term_string"}}],"inLanguage":"de"},{"@type":"Organization","@id":"https:\/\/sagrinex.com\/#organization","name":"Sagrinex \u2013 Remorques, Conteneurs & Mat\u00e9riel Agricole","url":"https:\/\/sagrinex.com\/","logo":{"@type":"ImageObject","inLanguage":"de","@id":"https:\/\/sagrinex.com\/#\/schema\/logo\/image\/","url":"https:\/\/sagrinex.com\/wp-content\/uploads\/2026\/03\/7f1ac463-ef5a-425d-bdd6-a5da03a334a9-1024x683.png","contentUrl":"https:\/\/sagrinex.com\/wp-content\/uploads\/2026\/03\/7f1ac463-ef5a-425d-bdd6-a5da03a334a9-1024x683.png","width":1024,"height":683,"caption":"Sagrinex \u2013 Remorques, Conteneurs & Mat\u00e9riel Agricole"},"image":{"@id":"https:\/\/sagrinex.com\/#\/schema\/logo\/image\/"}}]}},"jetpack_sharing_enabled":true,"_links":{"self":[{"href":"https:\/\/sagrinex.com\/de\/wp-json\/wp\/v2\/product\/14165","targetHints":{"allow":["GET"]}}],"collection":[{"href":"https:\/\/sagrinex.com\/de\/wp-json\/wp\/v2\/product"}],"about":[{"href":"https:\/\/sagrinex.com\/de\/wp-json\/wp\/v2\/types\/product"}],"replies":[{"embeddable":true,"href":"https:\/\/sagrinex.com\/de\/wp-json\/wp\/v2\/comments?post=14165"}],"version-history":[{"count":0,"href":"https:\/\/sagrinex.com\/de\/wp-json\/wp\/v2\/product\/14165\/revisions"}],"wp:featuredmedia":[{"embeddable":true,"href":"https:\/\/sagrinex.com\/de\/wp-json\/wp\/v2\/media\/16662"}],"wp:attachment":[{"href":"https:\/\/sagrinex.com\/de\/wp-json\/wp\/v2\/media?parent=14165"}],"wp:term":[{"taxonomy":"product_brand","embeddable":true,"href":"https:\/\/sagrinex.com\/de\/wp-json\/wp\/v2\/product_brand?post=14165"},{"taxonomy":"product_cat","embeddable":true,"href":"https:\/\/sagrinex.com\/de\/wp-json\/wp\/v2\/product_cat?post=14165"},{"taxonomy":"product_tag","embeddable":true,"href":"https:\/\/sagrinex.com\/de\/wp-json\/wp\/v2\/product_tag?post=14165"}],"curies":[{"name":"wp","href":"https:\/\/api.w.org\/{rel}","templated":true}]}}