{"id":14167,"date":"2026-03-16T22:42:52","date_gmt":"2026-03-16T22:42:52","guid":{"rendered":"https:\/\/sagrinex.com\/produit\/bootswagen-kaputter-anhaenger-sw2025-zulaessiges-gesamtgewicht-2500-kg-2-achsen\/"},"modified":"2026-04-15T21:12:11","modified_gmt":"2026-04-15T21:12:11","slug":"bootswagen-kaputter-anhaenger-sw2025-zulaessiges-gesamtgewicht-2500-kg-2-achsen","status":"publish","type":"product","link":"https:\/\/sagrinex.com\/de\/produit\/bootswagen-kaputter-anhaenger-sw2025-zulaessiges-gesamtgewicht-2500-kg-2-achsen\/","title":{"rendered":"Bootswagen \u2013 Kaputter Anh\u00c4nger \u2013 SW2025 \u2013 Zul\u00e4ssiges Gesamtgewicht: 2500 Kg \u2013 2 Achsen"},"content":{"rendered":"<p>Der <strong>Sun Way<\/strong>-Bootsanh\u00e4nger ist speziell f\u00fcr den sicheren Transport von Festrumpf-, Langkiel-Steuermann- oder Halbstarrbooten konzipiert. Dank seiner <strong>neigbaren Deichsel<\/strong> und seiner <strong>zentralen Rollenbahn<\/strong> erleichtert er das Ein- und Ausfahren erheblich, auch auf Slipanlagen mit leichtem Gef\u00e4lle.<\/p>\n<ul>\n<li><strong>Zul\u00e4ssiges Gesamtgewicht:<\/strong> 2000\/2500 kg<\/li>\n<li><strong>Leermasse:<\/strong> 520 kg<\/li>\n<li><strong>Nutzlast:<\/strong> bis 1980 kg<\/li>\n<li><strong>N\u00fctzliche Abmessungen:<\/strong> geeignet f\u00fcr Boote von 6 bis 6,5 m<\/li>\n<li><strong>Gesamtabmessungen:<\/strong> 650 x 204 x H89 cm<\/li>\n<li><strong>Maximale Bootsl\u00e4nge:<\/strong> 6,5 m<\/li>\n<li><strong>Pfeil:<\/strong> gerade feuerverzinkt<\/li>\n<li><strong>Pinne:<\/strong> neigbar<\/li>\n<li><strong>Fahrgestell:<\/strong> feuerverzinkt<\/li>\n<li><strong>R\u00e4der:<\/strong> 165R14C<\/li>\n<\/ul>\n<p>Der Anh\u00e4nger ist mit einer <strong>zentralen Rollenschiene<\/strong> ausgestattet, einer wesentlichen Vorrichtung, die eine <strong>optimale Zentrierung des Bootes<\/strong> w\u00e4hrend der <strong>Lade-<\/strong>&#8211; und <strong>Entladephase<\/strong> gew\u00e4hrleistet. Dieses System erm\u00f6glicht eine nat\u00fcrliche Ausrichtung des Bootes am Anh\u00e4nger und verringert so das Risiko eines <strong>Ungleichgewichts<\/strong> und einer <strong>schlechten Gewichtsverteilung<\/strong>. Dank dieser Konstruktion wird das Beladen vereinfacht und kann v\u00f6llig sicher auch von einer einzelnen Person durchgef\u00fchrt werden. Die pr\u00e4zise Ausrichtung des Bootes auf dem Anh\u00e4nger garantiert zudem ein besseres Handling und vermeidet so parasit\u00e4re Bewegungen, die beim Transport auftreten k\u00f6nnen.<\/p>\n<p>Die <strong>neigbare Deichsel<\/strong> dieses Anh\u00e4ngers stellt einen echten Vorteil dar, um das <strong>Zuwasserlassen<\/strong> und <strong>Austauchen<\/strong> des Bootes zu erleichtern. Durch die zus\u00e4tzliche Neigung wird der Kraftaufwand beim Absenken bzw. Wiederaufsteigen des Bootes erheblich reduziert, insbesondere bei wenig steilen Anlegestellen. Dieser Mechanismus erm\u00f6glicht einen <strong>allm\u00e4hlichen<\/strong> \u00dcbergang zwischen Anh\u00e4nger und Wasser, wodurch die <strong>Reibung<\/strong> begrenzt und die <strong>Integrit\u00e4t<\/strong> des Rumpfes gewahrt bleibt. Dar\u00fcber hinaus erh\u00f6ht diese Kippfunktion die Sicherheit des Man\u00f6vers, indem sie St\u00f6\u00dfe vermeidet und eine bessere Kontrolle beim Ein- und Aussteigen aus dem Boot erm\u00f6glicht.<\/p>\n<p>Dieser auf Langlebigkeit ausgelegte Anh\u00e4nger ist mit einem <strong>feuerverzinkten Stahlchassis<\/strong> ausgestattet, einem Verfahren, das ihm einen hervorragenden <strong>Schutz gegen Korrosion<\/strong> und <strong>Verschlei\u00df<\/strong> bei intensiver Nutzung in einer <strong>Meeresumgebung<\/strong> verleiht. Regelm\u00e4\u00dfige Einwirkung von <strong>Salzwasser<\/strong> und <strong>schlechtem Wetter<\/strong> ist oft f\u00fcr eine <strong>schnelle Verschlechterung<\/strong> der Materialien verantwortlich, aber dank dieser <strong>Verzinkung<\/strong> wird die Metallstruktur vor <strong>Rost<\/strong> gesch\u00fctzt, was die <strong>Lebensdauer<\/strong> des Anh\u00e4ngers erheblich verl\u00e4ngert. Diese <strong>Robustheit<\/strong> erm\u00f6glicht es Benutzern, von <strong>zuverl\u00e4ssigen<\/strong> und <strong>langlebigen<\/strong> Ger\u00e4ten zu profitieren, die an die <strong>anspruchsvollsten Bedingungen<\/strong> angepasst sind.<\/p>\n<p>Um einen <strong>sicheren Transport<\/strong> zu gew\u00e4hrleisten, ist der Anh\u00e4nger mit <strong>Zurrhaken<\/strong> ausgestattet, die direkt am <strong>Fahrgestell<\/strong> angeschwei\u00dft sind. Diese soliden <strong>Ankerpunkte<\/strong> erm\u00f6glichen eine sichere Sicherung des Bootes und verhindern so jegliche <strong>Verschiebung<\/strong> oder <strong>Instabilit\u00e4t<\/strong> w\u00e4hrend der Fahrt. Die Verwendung von <strong>Gurtb\u00e4ndern<\/strong>, die gut an diesen <strong>Haken<\/strong> verteilt sind, gew\u00e4hrleistet eine perfekte <strong>Immobilisierung<\/strong> des Bootes, auch bei <strong>Langstreckenfahrten<\/strong> oder auf <strong>kurvigen Stra\u00dfen<\/strong>. Dank dieser <strong>Sicherheitselemente<\/strong> erfolgt der Transport mit absoluter Sicherheit, wodurch das Risiko von Sch\u00e4den sowohl f\u00fcr das <strong>Boot<\/strong> als auch f\u00fcr den <strong>Anh\u00e4nger<\/strong> selbst minimiert wird.<\/p>\n<ul>\n<li><strong>Sp\u00fclset:<\/strong> zum Reinigen und Sp\u00fclen der Achse nach dem Eintauchen in oder aus dem Wasser, um Korrosion durch Salzr\u00fcckst\u00e4nde zu vermeiden.<\/li>\n<li><strong>Reserverad mit Halterung:<\/strong> f\u00fcr schnelles Eingreifen bei einer Reifenpanne unterwegs.<\/li>\n<li><strong>Elektrische Winde mit wasserdichtem Batteriespeicher:<\/strong> f\u00fcr m\u00fcheloses und sicheres Zu- und Aussteigen aus dem Wasser.<\/li>\n<\/ul>\n<ul>\n<li>Standardm\u00e4\u00dfig mit <strong>Goliath-Winden<\/strong> und <strong>St\u00fctzr\u00e4dern<\/strong> f\u00fcr eine einfache Bedienung ausgestattet.<\/li>\n<li><strong>Hochwertige Fertigung<\/strong> f\u00fcr Langlebigkeit und Leistung.<\/li>\n<li><strong>R\u00fccklichtplatte aus Kunststoff<\/strong>, um Rost und vorzeitigen Verschlei\u00df zu verhindern.<\/li>\n<\/ul>\n<p>Bei <strong>Sagrinex<\/strong> verf\u00fcgen wir \u00fcber den gr\u00f6\u00dften Bestand an Anh\u00e4ngern. Unsere Experten stehen Ihnen beratend zur Seite und bieten Ihnen das ideale Modell passend zu Ihrem Boot an.<\/p>\n<p>F\u00fcr kippbare Bootsanh\u00e4nger mit Deichsel wie dem <strong>Sun Way<\/strong> ist f\u00fcr die Fahrt auf der Stra\u00dfe eine Zulassungskarte (zul\u00e4ssiges Gesamtgewicht > 500 kg) erforderlich.<\/p>\n<p>Beachten Sie beim Betrieb dieses Anh\u00e4ngers unbedingt die geltenden Vorschriften bez\u00fcglich F\u00fchrerschein und Gewichtsbeschr\u00e4nkungen.<\/p>\n","protected":false},"excerpt":{"rendered":"<p>Der Sun Way Bootsanh\u00e4nger mit neigbarer Deichsel erm\u00f6glicht einfaches Beladen und sicheren Transport von Booten bis 6,5 m. Sein verzinkter Rahmen sorgt f\u00fcr optimale Korrosionsbest\u00e4ndigkeit und erh\u00f6hte Haltbarkeit.<\/p>\n<div class=\"mod_fa_customizablefields_v14_list\">\n<div class=\"mod_fa_champspersonnalisables_v14_titre\"><strong>Zul\u00e4ssiges Gesamtgewicht: <\/strong><span class=\"mod_fa_champspersonnalisables_v14_value\">2000\/2500 kg<\/span><\/div>\n<\/div>\n<div class=\"mod_fa_customizablefields_v14_list\">\n<div class=\"mod_fa_champspersonnalisables_v14_titre\"><strong>Leermasse: <\/strong><span class=\"mod_fa_champspersonnalisables_v14_value\">520 kg<\/span><\/div>\n<\/div>\n<div class=\"mod_fa_customizablefields_v14_list\">\n<div class=\"mod_fa_champspersonnalisables_v14_titre\"><strong>Nutzlast: <\/strong><span class=\"mod_fa_champspersonnalisables_v14_value\">maximal 1980 kg<\/span><\/div>\n<\/div>\n<div class=\"mod_fa_customizablefields_v14_list\">\n<div class=\"mod_fa_champspersonnalisables_v14_titre\"><strong>N\u00fctzliche Abmessungen: <\/strong><span class=\"mod_fa_champspersonnalisables_v14_value\">Zwischen 6 und 6,5 m<\/span><\/div>\n<\/div>\n<div class=\"mod_fa_customizablefields_v14_list\">\n<div class=\"mod_fa_champspersonnalisables_v14_titre\"><strong>Gesamtabmessungen: <\/strong><span class=\"mod_fa_champspersonnalisables_v14_value\">650 x 204 x H89 cm<\/span><\/div>\n<\/div>\n<div class=\"mod_fa_customizablefields_v14_list\">\n<div class=\"mod_fa_champspersonnalisables_v14_titre\"><strong>Maximale L\u00e4nge des Bootes: <\/strong><span class=\"mod_fa_champspersonnalisables_v14_valeur\">6,5 m Rumpf<\/span><\/div>\n<\/div>\n<div class=\"mod_fa_customizablefields_v14_list\">\n<div class=\"mod_fa_champspersonnalisables_v14_title\"><strong>Pfeil: <\/strong><span class=\"mod_fa_champspersonnalisables_v14_value\">Rechts feuerverzinkt<\/span><\/div>\n<\/div>\n<div class=\"mod_fa_customizablefields_v14_list\">\n<div class=\"mod_fa_champspersonnalisables_v14_title\"><strong>Schublade: <\/strong><span class=\"mod_fa_champspersonnalisables_v14_value\">Kippbar<\/span><\/div>\n<\/div>\n<div class=\"mod_fa_customizablefields_v14_list\">\n<div class=\"mod_fa_champspersonnalisables_v14_titre\"><strong>Rahmentyp: <\/strong><span class=\"mod_fa_champspersonnalisables_v14_value\">Feuerverzinkt<\/span><\/div>\n<\/div>\n<div class=\"mod_fa_customizablefields_v14_list\">\n<div class=\"mod_fa_champspersonnalisables_v14_titre\"><strong>R\u00e4der: <\/strong><span class=\"mod_fa_champspersonnalisables_v14_valeur\">165R14C<\/span><\/div>\n<\/div>\n<div class=\"mod_fa_customizablefields_v14_list\">\n<div class=\"mod_fa_champspersonnalisables_v14_titre\"><strong>Ausstattung: <\/strong><span class=\"mod_fa_champspersonnalisables_v14_valeur\">Windenhalterung + Standard-Gurtwinde \/ Standard-R\u00fccklichtplatte aus Kunststoff \/ An das Chassis geschwei\u00dfte Zurrhaken<\/span><\/div>\n<\/div>\n","protected":false},"featured_media":16479,"comment_status":"open","ping_status":"closed","template":"","meta":[],"product_brand":[],"product_cat":[357,352],"product_tag":[],"class_list":{"0":"post-14167","1":"product","2":"type-product","3":"status-publish","4":"has-post-thumbnail","6":"product_cat-nautische-anhaenger","7":"product_cat-unsere-trailer","9":"first","10":"instock","11":"shipping-taxable","12":"purchasable","13":"product-type-simple"},"yoast_head":"<!-- This site is optimized with the Yoast SEO plugin v27.4 - https:\/\/yoast.com\/product\/yoast-seo-wordpress\/ -->\n<title>BOOTSWAGEN \u2013 KAPUTTER ANH\u00c4NGER \u2013 SW2025 \u2013 zul\u00e4ssiges Gesamtgewicht: 2500 kg \u2013 2 Achsen<\/title>\n<meta name=\"description\" content=\"Der Sun Way Bootsanh\u00e4nger mit neigbarer Deichsel erm\u00f6glicht einfaches Beladen und sicheren Transport von Booten bis 6,5 m. Sein verzinkter Rahmen sorgt f\u00fcr optimale Korrosionsbest\u00e4ndigkeit und erh\u00f6hte Haltbarkeit.\" \/>\n<meta name=\"robots\" content=\"index, follow, max-snippet:-1, max-image-preview:large, max-video-preview:-1\" \/>\n<link rel=\"canonical\" href=\"https:\/\/sagrinex.com\/produit\/porte-bateau-remorque-cassante-sw2025-ptac-2500kg-2-essieux\/\" \/>\n<meta property=\"og:locale\" content=\"de_DE\" \/>\n<meta property=\"og:type\" content=\"article\" \/>\n<meta property=\"og:title\" content=\"BOOTSWAGEN \u2013 KAPUTTER ANH\u00c4NGER \u2013 SW2025 \u2013 zul\u00e4ssiges Gesamtgewicht: 2500 kg \u2013 2 Achsen\" \/>\n<meta property=\"og:description\" content=\"Der Sun Way Bootsanh\u00e4nger mit neigbarer Deichsel erm\u00f6glicht einfaches Beladen und sicheren Transport von Booten bis 6,5 m. Sein verzinkter Rahmen sorgt f\u00fcr optimale Korrosionsbest\u00e4ndigkeit und erh\u00f6hte Haltbarkeit.\" \/>\n<meta property=\"og:url\" content=\"https:\/\/sagrinex.com\/produit\/porte-bateau-remorque-cassante-sw2025-ptac-2500kg-2-essieux\/\" \/>\n<meta property=\"og:site_name\" content=\"Sagrinex \u2013 Anhaenger, Container &amp; Landtechnik \ud83c\udf3e\ud83d\ude9c\" \/>\n<meta property=\"article:modified_time\" content=\"2026-04-15T21:12:11+00:00\" \/>\n<meta property=\"og:image\" content=\"https:\/\/sagrinex.com\/wp-content\/uploads\/2026\/03\/Image-466-1.jpeg\" \/>\n\t<meta property=\"og:image:width\" content=\"1024\" \/>\n\t<meta property=\"og:image:height\" content=\"675\" \/>\n\t<meta property=\"og:image:type\" content=\"image\/jpeg\" \/>\n<meta name=\"twitter:card\" content=\"summary_large_image\" \/>\n<meta name=\"twitter:label1\" content=\"Gesch\u00e4tzte Lesezeit\" \/>\n\t<meta name=\"twitter:data1\" content=\"3\u00a0Minuten\" \/>\n<script type=\"application\/ld+json\" class=\"yoast-schema-graph\">{\"@context\":\"https:\\\/\\\/schema.org\",\"@graph\":[{\"@type\":\"WebPage\",\"@id\":\"https:\\\/\\\/sagrinex.com\\\/produit\\\/porte-bateau-remorque-cassante-sw2025-ptac-2500kg-2-essieux\\\/\",\"url\":\"https:\\\/\\\/sagrinex.com\\\/produit\\\/porte-bateau-remorque-cassante-sw2025-ptac-2500kg-2-essieux\\\/\",\"name\":\"BOOTSWAGEN \u2013 KAPUTTER ANH\u00c4NGER \u2013 SW2025 \u2013 zul\u00e4ssiges Gesamtgewicht: 2500 kg \u2013 2 Achsen\",\"isPartOf\":{\"@id\":\"https:\\\/\\\/sagrinex.com\\\/#website\"},\"primaryImageOfPage\":{\"@id\":\"https:\\\/\\\/sagrinex.com\\\/produit\\\/porte-bateau-remorque-cassante-sw2025-ptac-2500kg-2-essieux\\\/#primaryimage\"},\"image\":{\"@id\":\"https:\\\/\\\/sagrinex.com\\\/produit\\\/porte-bateau-remorque-cassante-sw2025-ptac-2500kg-2-essieux\\\/#primaryimage\"},\"thumbnailUrl\":\"https:\\\/\\\/sagrinex.com\\\/wp-content\\\/uploads\\\/2026\\\/03\\\/Image-466-1.jpeg\",\"datePublished\":\"2026-03-16T22:42:52+00:00\",\"dateModified\":\"2026-04-15T21:12:11+00:00\",\"description\":\"Der Sun Way Bootsanh\u00e4nger mit neigbarer Deichsel erm\u00f6glicht einfaches Beladen und sicheren Transport von Booten bis 6,5 m. Sein verzinkter Rahmen sorgt f\u00fcr optimale Korrosionsbest\u00e4ndigkeit und erh\u00f6hte Haltbarkeit.\",\"breadcrumb\":{\"@id\":\"https:\\\/\\\/sagrinex.com\\\/produit\\\/porte-bateau-remorque-cassante-sw2025-ptac-2500kg-2-essieux\\\/#breadcrumb\"},\"inLanguage\":\"de\",\"potentialAction\":[{\"@type\":\"ReadAction\",\"target\":[\"https:\\\/\\\/sagrinex.com\\\/produit\\\/porte-bateau-remorque-cassante-sw2025-ptac-2500kg-2-essieux\\\/\"]}]},{\"@type\":\"ImageObject\",\"inLanguage\":\"de\",\"@id\":\"https:\\\/\\\/sagrinex.com\\\/produit\\\/porte-bateau-remorque-cassante-sw2025-ptac-2500kg-2-essieux\\\/#primaryimage\",\"url\":\"https:\\\/\\\/sagrinex.com\\\/wp-content\\\/uploads\\\/2026\\\/03\\\/Image-466-1.jpeg\",\"contentUrl\":\"https:\\\/\\\/sagrinex.com\\\/wp-content\\\/uploads\\\/2026\\\/03\\\/Image-466-1.jpeg\",\"width\":1024,\"height\":675},{\"@type\":\"BreadcrumbList\",\"@id\":\"https:\\\/\\\/sagrinex.com\\\/produit\\\/porte-bateau-remorque-cassante-sw2025-ptac-2500kg-2-essieux\\\/#breadcrumb\",\"itemListElement\":[{\"@type\":\"ListItem\",\"position\":1,\"name\":\"Accueil\",\"item\":\"https:\\\/\\\/sagrinex.com\\\/?lang=de\"},{\"@type\":\"ListItem\",\"position\":2,\"name\":\"Shop\",\"item\":\"https:\\\/\\\/sagrinex.com\\\/shop\\\/\"},{\"@type\":\"ListItem\",\"position\":3,\"name\":\"Bootswagen \u2013 Kaputter Anh\u00c4nger \u2013 SW2025 \u2013 Zul\u00e4ssiges Gesamtgewicht: 2500 Kg \u2013 2 Achsen\"}]},{\"@type\":\"WebSite\",\"@id\":\"https:\\\/\\\/sagrinex.com\\\/#website\",\"url\":\"https:\\\/\\\/sagrinex.com\\\/\",\"name\":\"Sagrinex \u2013 Spezialist f\u00fcr Anh\u00e4nger, Container & Landtechnik\",\"description\":\"Anhaenger, Container &amp; Landtechnik \u2014 Online-Verkauf &amp; kostenloses Angebot\",\"publisher\":{\"@id\":\"https:\\\/\\\/sagrinex.com\\\/#organization\"},\"potentialAction\":[{\"@type\":\"SearchAction\",\"target\":{\"@type\":\"EntryPoint\",\"urlTemplate\":\"https:\\\/\\\/sagrinex.com\\\/?s={search_term_string}\"},\"query-input\":{\"@type\":\"PropertyValueSpecification\",\"valueRequired\":true,\"valueName\":\"search_term_string\"}}],\"inLanguage\":\"de\"},{\"@type\":\"Organization\",\"@id\":\"https:\\\/\\\/sagrinex.com\\\/#organization\",\"name\":\"Sagrinex \u2013 Remorques, Conteneurs & Mat\u00e9riel Agricole\",\"url\":\"https:\\\/\\\/sagrinex.com\\\/\",\"logo\":{\"@type\":\"ImageObject\",\"inLanguage\":\"de\",\"@id\":\"https:\\\/\\\/sagrinex.com\\\/#\\\/schema\\\/logo\\\/image\\\/\",\"url\":\"https:\\\/\\\/sagrinex.com\\\/wp-content\\\/uploads\\\/2026\\\/03\\\/7f1ac463-ef5a-425d-bdd6-a5da03a334a9-1024x683.png\",\"contentUrl\":\"https:\\\/\\\/sagrinex.com\\\/wp-content\\\/uploads\\\/2026\\\/03\\\/7f1ac463-ef5a-425d-bdd6-a5da03a334a9-1024x683.png\",\"width\":1024,\"height\":683,\"caption\":\"Sagrinex \u2013 Remorques, Conteneurs & Mat\u00e9riel Agricole\"},\"image\":{\"@id\":\"https:\\\/\\\/sagrinex.com\\\/#\\\/schema\\\/logo\\\/image\\\/\"}}]}<\/script>\n<!-- \/ Yoast SEO plugin. -->","yoast_head_json":{"title":"BOOTSWAGEN \u2013 KAPUTTER ANH\u00c4NGER \u2013 SW2025 \u2013 zul\u00e4ssiges Gesamtgewicht: 2500 kg \u2013 2 Achsen","description":"Der Sun Way Bootsanh\u00e4nger mit neigbarer Deichsel erm\u00f6glicht einfaches Beladen und sicheren Transport von Booten bis 6,5 m. Sein verzinkter Rahmen sorgt f\u00fcr optimale Korrosionsbest\u00e4ndigkeit und erh\u00f6hte Haltbarkeit.","robots":{"index":"index","follow":"follow","max-snippet":"max-snippet:-1","max-image-preview":"max-image-preview:large","max-video-preview":"max-video-preview:-1"},"canonical":"https:\/\/sagrinex.com\/produit\/porte-bateau-remorque-cassante-sw2025-ptac-2500kg-2-essieux\/","og_locale":"de_DE","og_type":"article","og_title":"BOOTSWAGEN \u2013 KAPUTTER ANH\u00c4NGER \u2013 SW2025 \u2013 zul\u00e4ssiges Gesamtgewicht: 2500 kg \u2013 2 Achsen","og_description":"Der Sun Way Bootsanh\u00e4nger mit neigbarer Deichsel erm\u00f6glicht einfaches Beladen und sicheren Transport von Booten bis 6,5 m. Sein verzinkter Rahmen sorgt f\u00fcr optimale Korrosionsbest\u00e4ndigkeit und erh\u00f6hte Haltbarkeit.","og_url":"https:\/\/sagrinex.com\/produit\/porte-bateau-remorque-cassante-sw2025-ptac-2500kg-2-essieux\/","og_site_name":"Sagrinex \u2013 Anhaenger, Container &amp; Landtechnik \ud83c\udf3e\ud83d\ude9c","article_modified_time":"2026-04-15T21:12:11+00:00","og_image":[{"width":1024,"height":675,"url":"https:\/\/sagrinex.com\/wp-content\/uploads\/2026\/03\/Image-466-1.jpeg","type":"image\/jpeg"}],"twitter_card":"summary_large_image","twitter_misc":{"Gesch\u00e4tzte Lesezeit":"3\u00a0Minuten"},"schema":{"@context":"https:\/\/schema.org","@graph":[{"@type":"WebPage","@id":"https:\/\/sagrinex.com\/produit\/porte-bateau-remorque-cassante-sw2025-ptac-2500kg-2-essieux\/","url":"https:\/\/sagrinex.com\/produit\/porte-bateau-remorque-cassante-sw2025-ptac-2500kg-2-essieux\/","name":"BOOTSWAGEN \u2013 KAPUTTER ANH\u00c4NGER \u2013 SW2025 \u2013 zul\u00e4ssiges Gesamtgewicht: 2500 kg \u2013 2 Achsen","isPartOf":{"@id":"https:\/\/sagrinex.com\/#website"},"primaryImageOfPage":{"@id":"https:\/\/sagrinex.com\/produit\/porte-bateau-remorque-cassante-sw2025-ptac-2500kg-2-essieux\/#primaryimage"},"image":{"@id":"https:\/\/sagrinex.com\/produit\/porte-bateau-remorque-cassante-sw2025-ptac-2500kg-2-essieux\/#primaryimage"},"thumbnailUrl":"https:\/\/sagrinex.com\/wp-content\/uploads\/2026\/03\/Image-466-1.jpeg","datePublished":"2026-03-16T22:42:52+00:00","dateModified":"2026-04-15T21:12:11+00:00","description":"Der Sun Way Bootsanh\u00e4nger mit neigbarer Deichsel erm\u00f6glicht einfaches Beladen und sicheren Transport von Booten bis 6,5 m. Sein verzinkter Rahmen sorgt f\u00fcr optimale Korrosionsbest\u00e4ndigkeit und erh\u00f6hte Haltbarkeit.","breadcrumb":{"@id":"https:\/\/sagrinex.com\/produit\/porte-bateau-remorque-cassante-sw2025-ptac-2500kg-2-essieux\/#breadcrumb"},"inLanguage":"de","potentialAction":[{"@type":"ReadAction","target":["https:\/\/sagrinex.com\/produit\/porte-bateau-remorque-cassante-sw2025-ptac-2500kg-2-essieux\/"]}]},{"@type":"ImageObject","inLanguage":"de","@id":"https:\/\/sagrinex.com\/produit\/porte-bateau-remorque-cassante-sw2025-ptac-2500kg-2-essieux\/#primaryimage","url":"https:\/\/sagrinex.com\/wp-content\/uploads\/2026\/03\/Image-466-1.jpeg","contentUrl":"https:\/\/sagrinex.com\/wp-content\/uploads\/2026\/03\/Image-466-1.jpeg","width":1024,"height":675},{"@type":"BreadcrumbList","@id":"https:\/\/sagrinex.com\/produit\/porte-bateau-remorque-cassante-sw2025-ptac-2500kg-2-essieux\/#breadcrumb","itemListElement":[{"@type":"ListItem","position":1,"name":"Accueil","item":"https:\/\/sagrinex.com\/?lang=de"},{"@type":"ListItem","position":2,"name":"Shop","item":"https:\/\/sagrinex.com\/shop\/"},{"@type":"ListItem","position":3,"name":"Bootswagen \u2013 Kaputter Anh\u00c4nger \u2013 SW2025 \u2013 Zul\u00e4ssiges Gesamtgewicht: 2500 Kg \u2013 2 Achsen"}]},{"@type":"WebSite","@id":"https:\/\/sagrinex.com\/#website","url":"https:\/\/sagrinex.com\/","name":"Sagrinex \u2013 Spezialist f\u00fcr Anh\u00e4nger, Container & Landtechnik","description":"Anhaenger, Container &amp; Landtechnik \u2014 Online-Verkauf &amp; kostenloses Angebot","publisher":{"@id":"https:\/\/sagrinex.com\/#organization"},"potentialAction":[{"@type":"SearchAction","target":{"@type":"EntryPoint","urlTemplate":"https:\/\/sagrinex.com\/?s={search_term_string}"},"query-input":{"@type":"PropertyValueSpecification","valueRequired":true,"valueName":"search_term_string"}}],"inLanguage":"de"},{"@type":"Organization","@id":"https:\/\/sagrinex.com\/#organization","name":"Sagrinex \u2013 Remorques, Conteneurs & Mat\u00e9riel Agricole","url":"https:\/\/sagrinex.com\/","logo":{"@type":"ImageObject","inLanguage":"de","@id":"https:\/\/sagrinex.com\/#\/schema\/logo\/image\/","url":"https:\/\/sagrinex.com\/wp-content\/uploads\/2026\/03\/7f1ac463-ef5a-425d-bdd6-a5da03a334a9-1024x683.png","contentUrl":"https:\/\/sagrinex.com\/wp-content\/uploads\/2026\/03\/7f1ac463-ef5a-425d-bdd6-a5da03a334a9-1024x683.png","width":1024,"height":683,"caption":"Sagrinex \u2013 Remorques, Conteneurs & Mat\u00e9riel Agricole"},"image":{"@id":"https:\/\/sagrinex.com\/#\/schema\/logo\/image\/"}}]}},"jetpack_sharing_enabled":true,"_links":{"self":[{"href":"https:\/\/sagrinex.com\/de\/wp-json\/wp\/v2\/product\/14167","targetHints":{"allow":["GET"]}}],"collection":[{"href":"https:\/\/sagrinex.com\/de\/wp-json\/wp\/v2\/product"}],"about":[{"href":"https:\/\/sagrinex.com\/de\/wp-json\/wp\/v2\/types\/product"}],"replies":[{"embeddable":true,"href":"https:\/\/sagrinex.com\/de\/wp-json\/wp\/v2\/comments?post=14167"}],"version-history":[{"count":0,"href":"https:\/\/sagrinex.com\/de\/wp-json\/wp\/v2\/product\/14167\/revisions"}],"wp:featuredmedia":[{"embeddable":true,"href":"https:\/\/sagrinex.com\/de\/wp-json\/wp\/v2\/media\/16479"}],"wp:attachment":[{"href":"https:\/\/sagrinex.com\/de\/wp-json\/wp\/v2\/media?parent=14167"}],"wp:term":[{"taxonomy":"product_brand","embeddable":true,"href":"https:\/\/sagrinex.com\/de\/wp-json\/wp\/v2\/product_brand?post=14167"},{"taxonomy":"product_cat","embeddable":true,"href":"https:\/\/sagrinex.com\/de\/wp-json\/wp\/v2\/product_cat?post=14167"},{"taxonomy":"product_tag","embeddable":true,"href":"https:\/\/sagrinex.com\/de\/wp-json\/wp\/v2\/product_tag?post=14167"}],"curies":[{"name":"wp","href":"https:\/\/api.w.org\/{rel}","templated":true}]}}