{"id":14169,"date":"2026-03-16T11:09:56","date_gmt":"2026-03-16T11:09:56","guid":{"rendered":"https:\/\/sagrinex.com\/produit\/40-fuss-lagercontainer-high-cube-gebraucht\/"},"modified":"2026-04-15T21:12:11","modified_gmt":"2026-04-15T21:12:11","slug":"40-fuss-lagercontainer-high-cube-gebraucht","status":"publish","type":"product","link":"https:\/\/sagrinex.com\/de\/produit\/40-fuss-lagercontainer-high-cube-gebraucht\/","title":{"rendered":"40 Fu\u00df Lagercontainer \u2013 High Cube \u2013 Gebraucht"},"content":{"rendered":"<h1 data-start=\"156\" data-end=\"211\">40 Fu\u00df Lagercontainer \u2013 High Cube \u2013 Gebraucht<\/h1>\n<p data-start=\"213\" data-end=\"669\">Unsere gebrauchten 40-Fu\u00df-High-Cube-Lagercontainer sind so konzipiert, dass sie die Anforderungen an eine sichere Lagerung auf Baustellen, in Lagerhallen, auf Au\u00dfendepots, landwirtschaftlichen Fl\u00e4chen oder zu Hause effektiv erf\u00fcllen.<br data-start=\"449\" data-end=\"452\" \/>Diese sorgf\u00e4ltig ausgew\u00e4hlten und \u00fcberarbeiteten Gebrauchtcontainer garantieren Robustheit, Sicherheit und Wasserdichtigkeit und bieten gleichzeitig eine wirtschaftliche und langlebige L\u00f6sung, geeignet f\u00fcr Beruf und Privat verwendet.<\/p>\n<hr data-start=\"671\" data-end=\"674\" \/>\n<h2 data-start=\"676\" data-end=\"708\">Erh\u00f6hte Lautst\u00e4rke und Zug\u00e4nglichkeit<\/h2>\n<p data-start=\"710\" data-end=\"1270\">Das High Cube-Modell zeichnet sich durch seine Innenh\u00f6he aus, die gr\u00f6\u00dfer ist als die eines Standardcontainers (2,69 m statt 2,39 m) und zus\u00e4tzliches Volumen f\u00fcr die Lagerung von sperrigen oder palettierten G\u00fctern bietet.<br data-start=\"946\" data-end=\"949\" \/>Diese erh\u00f6hte H\u00f6he erm\u00f6glicht auch die Installation zus\u00e4tzlicher Regale oder die Optimierung des Raums f\u00fcr modulare Projekte.<br data-start=\"1094\" data-end=\"1097\" \/>Der Container beh\u00e4lt seine doppelfl\u00fcgeligen Vordert\u00fcren, die einen direkten Zugang zum gesamten Innenvolumen bieten und das Be- und Entladen erleichtern.<\/p>\n<p data-start=\"1272\" data-end=\"1433\">F\u00fcr spezielle Anforderungen kann auch eine Open Side 40 Fu\u00df High Cube-Version angeboten werden, die vollen seitlichen Zugang \u00fcber die gesamte L\u00e4nge erm\u00f6glicht.<\/p>\n<hr data-start=\"1435\" data-end=\"1438\" \/>\n<h2 data-start=\"1440\" data-end=\"1473\">Vielseitige und kreative Einsatzm\u00f6glichkeiten<\/h2>\n<p data-start=\"1475\" data-end=\"1557\">Der gebrauchte 40-Fu\u00df-High-Cube-Container ist f\u00fcr viele Einsatzzwecke geeignet:<\/p>\n<ul data-start=\"1558\" data-end=\"1818\">\n<li data-start=\"1558\" data-end=\"1649\">\n<p data-start=\"1560\" data-end=\"1649\">Lagerung von palettierten Waren, sperrigen Ger\u00e4ten oder sensiblen Materialien<\/p>\n<\/li>\n<li data-start=\"1650\" data-end=\"1734\">\n<p data-start=\"1652\" data-end=\"1734\">Erstellung von tempor\u00e4ren Werkst\u00e4tten, Ausstellungsr\u00e4umen, Poolh\u00e4usern oder modularen Anbauten<\/p>\n<\/li>\n<li data-start=\"1735\" data-end=\"1818\">\n<p data-start=\"1737\" data-end=\"1818\">Basis f\u00fcr spezifische Anordnungen, die viel vertikalen Platz erfordern<\/p>\n<\/li>\n<\/ul>\n<p data-start=\"1820\" data-end=\"1939\">Seine gro\u00dfe Innenh\u00f6he macht ihn ideal zur Optimierung des Stauraums und zur Handhabung hoher Lasten.<\/p>\n<hr data-start=\"1941\" data-end=\"1944\" \/>\n<h2 data-start=\"1946\" data-end=\"1972\">Design und Struktur<\/h2>\n<p data-start=\"1974\" data-end=\"2147\">Der Container basiert auf einem Rahmen aus vollst\u00e4ndig geschwei\u00dften Stahlprofilen mit einer Dicke von 3 mm, die trotz fr\u00fcherer Nutzung Stabilit\u00e4t und Haltbarkeit gew\u00e4hrleisten.<\/p>\n<ul data-start=\"2149\" data-end=\"2519\">\n<li data-start=\"2149\" data-end=\"2267\">\n<p data-start=\"2151\" data-end=\"2267\">W\u00e4nde und Decke: 1,5 mm laminiertes Stahlblech, das Stabilit\u00e4t und Schutz vor schlechtem Wetter garantiert<\/p>\n<\/li>\n<li data-start=\"2268\" data-end=\"2368\">\n<p data-start=\"2270\" data-end=\"2368\">Boden: Massivholz mit Anti-Feuchtigkeits-Behandlung behandelt, 25 mm dick, tr\u00e4gt schwere Lasten<\/p>\n<\/li>\n<li data-start=\"2369\" data-end=\"2437\">\n<p data-start=\"2371\" data-end=\"2437\">Schutzklappe f\u00fcr Vorh\u00e4ngeschloss: sichert Waren<\/p>\n<\/li>\n<li data-start=\"2438\" data-end=\"2519\">\n<p data-start=\"2440\" data-end=\"2519\">Farben: Wei\u00df RAL9010 oder Anthrazitgrau RAL7016 (je nach Verf\u00fcgbarkeit)<\/p>\n<\/li>\n<\/ul>\n<hr data-start=\"2521\" data-end=\"2524\" \/>\n<h2 data-start=\"2526\" data-end=\"2551\">Sicherheit und Wasserdichtigkeit<\/h2>\n<ul data-start=\"2553\" data-end=\"2791\">\n<li data-start=\"2553\" data-end=\"2649\">\n<p data-start=\"2555\" data-end=\"2649\">Zweifl\u00fcgelige Vordert\u00fcren, wasserdicht und mit verst\u00e4rkten Gummidichtungen ausgestattet<\/p>\n<\/li>\n<li data-start=\"2650\" data-end=\"2723\">\n<p data-start=\"2652\" data-end=\"2723\">Wirksamer Schutz vor Wasser, Staub und schlechtem Wetter<\/p>\n<\/li>\n<li data-start=\"2724\" data-end=\"2791\">\n<p data-start=\"2726\" data-end=\"2791\">Robustes Schlie\u00dfsystem zur Sicherung Ihrer Waren<\/p>\n<\/li>\n<\/ul>\n<hr data-start=\"2793\" data-end=\"2796\" \/>\n<h2 data-start=\"2798\" data-end=\"2827\">Handhabung und Umzug<\/h2>\n<p data-start=\"2829\" data-end=\"2930\">Der gebrauchte 40-Fu\u00df-High-Cube-Container ist f\u00fcr einfaches und vielseitiges Handling konzipiert:<\/p>\n<ul data-start=\"2932\" data-end=\"3197\">\n<li data-start=\"2932\" data-end=\"3010\">\n<p data-start=\"2934\" data-end=\"3010\">Mit dem Kran: 4 Steckdosen auf dem Dach f\u00fcr Hebehaken oder Schlingen<\/p>\n<\/li>\n<li data-start=\"3011\" data-end=\"3106\">\n<p data-start=\"3013\" data-end=\"3106\">Mit dem Gabelstapler: Gabeldurchgang im Sockel integriert, Achsabstand 90cm<\/p>\n<\/li>\n<li data-start=\"3107\" data-end=\"3197\">\n<p data-start=\"3109\" data-end=\"3197\">Kompatibel mit Stra\u00dfentransport und Logistik, gem\u00e4\u00df ISO-Standards<\/p>\n<\/li>\n<\/ul>\n<hr data-start=\"3199\" data-end=\"3202\" \/>\n<h2 data-start=\"3204\" data-end=\"3260\">Abmessungen des 40 Fu\u00df hohen W\u00fcrfelcontainers \u2013 verwendet<\/h2>\n<div class=\"TyagGW_tableContainer\">\n<div class=\"group TyagGW_tableWrapper flex flex-col-reverse w-fit\">\n<table class=\"w-fit min-w-(--thread-content-width)\" data-start=\"3262\" data-end=\"3614\">\n<thead data-start=\"3262\" data-end=\"3309\">\n<tr data-start=\"3262\" data-end=\"3309\">\n<th data-start=\"3262\" data-end=\"3280\" data-col-size=\"sm\">FEATURE<\/th>\n<th data-start=\"3280\" data-end=\"3309\" data-col-size=\"sm\">UNGEF\u00c4HRE ABMESSUNGEN<\/th>\n<\/tr>\n<\/thead>\n<tbody data-start=\"3357\" data-end=\"3614\">\n<tr data-start=\"3357\" data-end=\"3390\">\n<td data-start=\"3357\" data-end=\"3379\" data-col-size=\"sm\">\u00c4u\u00dfere L\u00e4nge<\/td>\n<td data-col-size=\"sm\" data-start=\"3379\" data-end=\"3390\">12,19 m<\/td>\n<\/tr>\n<tr data-start=\"3391\" data-end=\"3422\">\n<td data-start=\"3391\" data-end=\"3412\" data-col-size=\"sm\">Au\u00dfenbreite<\/td>\n<td data-start=\"3412\" data-end=\"3422\" data-col-size=\"sm\">2,44\u00a0m<\/td>\n<\/tr>\n<tr data-start=\"3423\" data-end=\"3454\">\n<td data-start=\"3423\" data-end=\"3444\" data-col-size=\"sm\">Au\u00dfenh\u00f6he<\/td>\n<td data-start=\"3444\" data-end=\"3454\" data-col-size=\"sm\">2,89 m<\/td>\n<\/tr>\n<tr data-start=\"3455\" data-end=\"3488\">\n<td data-start=\"3455\" data-end=\"3477\" data-col-size=\"sm\">Innenl\u00e4nge<\/td>\n<td data-col-size=\"sm\" data-start=\"3477\" data-end=\"3488\">12,03 m<\/td>\n<\/tr>\n<tr data-start=\"3489\" data-end=\"3520\">\n<td data-start=\"3489\" data-end=\"3510\" data-col-size=\"sm\">Innenbreite<\/td>\n<td data-col-size=\"sm\" data-start=\"3510\" data-end=\"3520\">2,35\u00a0m<\/td>\n<\/tr>\n<tr data-start=\"3521\" data-end=\"3552\">\n<td data-start=\"3521\" data-end=\"3542\" data-col-size=\"sm\">Innenh\u00f6he<\/td>\n<td data-start=\"3542\" data-end=\"3552\" data-col-size=\"sm\">2,69 m<\/td>\n<\/tr>\n<tr data-start=\"3553\" data-end=\"3584\">\n<td data-start=\"3553\" data-end=\"3574\" data-col-size=\"sm\">Innenfl\u00e4che<\/td>\n<td data-col-size=\"sm\" data-start=\"3574\" data-end=\"3584\">~28m\u00b2<\/td>\n<\/tr>\n<tr data-start=\"3585\" data-end=\"3614\">\n<td data-start=\"3585\" data-end=\"3604\" data-col-size=\"sm\">Innenvolumen<\/td>\n<td data-start=\"3604\" data-end=\"3614\" data-col-size=\"sm\">~74m\u00b3<\/td>\n<\/tr>\n<\/tbody>\n<\/table>\n<\/div>\n<\/div>\n<hr data-start=\"3616\" data-end=\"3619\" \/>\n<h2 data-start=\"3621\" data-end=\"3632\">Kapazit\u00e4t<\/h2>\n<ul data-start=\"3634\" data-end=\"3796\">\n<li data-start=\"3634\" data-end=\"3690\">\n<p data-start=\"3636\" data-end=\"3690\"><strong data-start=\"3636\" data-end=\"3661\">Maximale Nutzlast<\/strong>: ungef\u00e4hr <strong data-start=\"3672\" data-end=\"3688\">26\u201328 Tonnen<\/strong><\/p>\n<\/li>\n<li data-start=\"3691\" data-end=\"3723\">\n<p data-start=\"3693\" data-end=\"3723\"><strong data-start=\"3693\" data-end=\"3709\">Leergewicht<\/strong>: ~3900 kg<\/p>\n<\/li>\n<li data-start=\"3724\" data-end=\"3796\">\n<p data-start=\"3726\" data-end=\"3796\"><strong data-start=\"3726\" data-end=\"3745\">Europ\u00e4ische Paletten<\/strong>: bis zu 25\u201326 Paletten, leicht zug\u00e4nglich<\/p>\n<\/li>\n<\/ul>\n<hr data-start=\"3798\" data-end=\"3801\" \/>\n<h2 data-start=\"3803\" data-end=\"3825\">Verf\u00fcgbare Optionen<\/h2>\n<ul data-start=\"3827\" data-end=\"4034\">\n<li data-start=\"3827\" data-end=\"3867\">\n<p data-start=\"3829\" data-end=\"3867\">Benutzerdefinierte Farbe (RAL-Palette)<\/p>\n<\/li>\n<li data-start=\"3868\" data-end=\"3895\">\n<p data-start=\"3870\" data-end=\"3895\">Verst\u00e4rkter Stahlboden<\/p>\n<\/li>\n<li data-start=\"3896\" data-end=\"3944\">\n<p data-start=\"3898\" data-end=\"3944\">Verst\u00e4rktes Diebstahlschutzsystem (Schlie\u00dffach, Vorh\u00e4ngeschloss)<\/p>\n<\/li>\n<li data-start=\"3945\" data-end=\"3992\">\n<p data-start=\"3947\" data-end=\"3992\">Elektroinstallation (Beleuchtung, Steckdosen)<\/p>\n<\/li>\n<li data-start=\"3993\" data-end=\"4034\">\n<p data-start=\"3995\" data-end=\"4034\">Regale und Innenausstattung<\/p>\n<\/li>\n<\/ul>\n","protected":false},"excerpt":{"rendered":"<p>Der gebrauchte 40-Fu\u00df-High-Cube-Container bietet eine modulare und sichere Lagerl\u00f6sung mit erh\u00f6hter Innenh\u00f6he (~2,69 m), ideal f\u00fcr sperrige G\u00fcter, palettierte Ausr\u00fcstung oder modulare Projekte.<br data-start=\"419\" data-end=\"422\" \/>Innenvolumen: ~74 m\u00b3 \u2013 Nutzlast: ~26\u201328 t \u2013 Europaletten: 25\u201326.<br data-start=\"508\" data-end=\"511\" \/>Robust, \u00fcberarbeitet und wasserdicht, perfekt f\u00fcr Baustellen, Lagerhallen oder modulare Eins\u00e4tze.<\/p>\n","protected":false},"featured_media":16338,"comment_status":"open","ping_status":"closed","template":"","meta":[],"product_brand":[],"product_cat":[351,347],"product_tag":[],"class_list":{"0":"post-14169","1":"product","2":"type-product","3":"status-publish","4":"has-post-thumbnail","6":"product_cat-standardspeicher","7":"product_cat-unsere-container","9":"first","10":"instock","11":"shipping-taxable","12":"purchasable","13":"product-type-simple"},"yoast_head":"<!-- This site is optimized with the Yoast SEO plugin v27.4 - https:\/\/yoast.com\/product\/yoast-seo-wordpress\/ -->\n<title>40 Fu\u00df LAGERCONTAINER \u2013 HIGH CUBE \u2013 GEBRAUCHT<\/title>\n<meta name=\"description\" content=\"Der gebrauchte 40-Fu\u00df-High-Cube-Container bietet eine modulare und sichere Lagerl\u00f6sung mit erh\u00f6hter Innenh\u00f6he (~2,69 m), ideal f\u00fcr sperrige G\u00fcter, palettierte Ger\u00e4te oder modulare Projekte. Innenvolumen: ~74m\u00b3 \u2013 Nutzlast: ~26\u201328t \u2013 Europaletten: 25\u201326. Robust, general\u00fcberholt und wasserdicht, perfekt f\u00fcr Baustellen, Lagerhallen oder modulare Eins\u00e4tze.\" \/>\n<meta name=\"robots\" content=\"index, follow, max-snippet:-1, max-image-preview:large, max-video-preview:-1\" \/>\n<link rel=\"canonical\" href=\"https:\/\/sagrinex.com\/produit\/conteneur-de-stockage-40-pieds-high-cube-occasions\/\" \/>\n<meta property=\"og:locale\" content=\"de_DE\" \/>\n<meta property=\"og:type\" content=\"article\" \/>\n<meta property=\"og:title\" content=\"40 Fu\u00df LAGERCONTAINER \u2013 HIGH CUBE \u2013 GEBRAUCHT\" \/>\n<meta property=\"og:description\" content=\"Der gebrauchte 40-Fu\u00df-High-Cube-Container bietet eine modulare und sichere Lagerl\u00f6sung mit erh\u00f6hter Innenh\u00f6he (~2,69 m), ideal f\u00fcr sperrige G\u00fcter, palettierte Ger\u00e4te oder modulare Projekte. Innenvolumen: ~74m\u00b3 \u2013 Nutzlast: ~26\u201328t \u2013 Europaletten: 25\u201326. Robust, general\u00fcberholt und wasserdicht, perfekt f\u00fcr Baustellen, Lagerhallen oder modulare Eins\u00e4tze.\" \/>\n<meta property=\"og:url\" content=\"https:\/\/sagrinex.com\/produit\/conteneur-de-stockage-40-pieds-high-cube-occasions\/\" \/>\n<meta property=\"og:site_name\" content=\"Sagrinex \u2013 Anhaenger, Container &amp; Landtechnik \ud83c\udf3e\ud83d\ude9c\" \/>\n<meta property=\"article:modified_time\" content=\"2026-04-15T21:12:11+00:00\" \/>\n<meta property=\"og:image\" content=\"https:\/\/sagrinex.com\/wp-content\/uploads\/2026\/03\/Image-293-2.jpeg\" \/>\n\t<meta property=\"og:image:width\" content=\"577\" \/>\n\t<meta property=\"og:image:height\" content=\"433\" \/>\n\t<meta property=\"og:image:type\" content=\"image\/jpeg\" \/>\n<meta name=\"twitter:card\" content=\"summary_large_image\" \/>\n<meta name=\"twitter:label1\" content=\"Gesch\u00e4tzte Lesezeit\" \/>\n\t<meta name=\"twitter:data1\" content=\"2\u00a0Minuten\" \/>\n<script type=\"application\/ld+json\" class=\"yoast-schema-graph\">{\"@context\":\"https:\\\/\\\/schema.org\",\"@graph\":[{\"@type\":\"WebPage\",\"@id\":\"https:\\\/\\\/sagrinex.com\\\/produit\\\/conteneur-de-stockage-40-pieds-high-cube-occasions\\\/\",\"url\":\"https:\\\/\\\/sagrinex.com\\\/produit\\\/conteneur-de-stockage-40-pieds-high-cube-occasions\\\/\",\"name\":\"40 Fu\u00df LAGERCONTAINER \u2013 HIGH CUBE \u2013 GEBRAUCHT\",\"isPartOf\":{\"@id\":\"https:\\\/\\\/sagrinex.com\\\/#website\"},\"primaryImageOfPage\":{\"@id\":\"https:\\\/\\\/sagrinex.com\\\/produit\\\/conteneur-de-stockage-40-pieds-high-cube-occasions\\\/#primaryimage\"},\"image\":{\"@id\":\"https:\\\/\\\/sagrinex.com\\\/produit\\\/conteneur-de-stockage-40-pieds-high-cube-occasions\\\/#primaryimage\"},\"thumbnailUrl\":\"https:\\\/\\\/sagrinex.com\\\/wp-content\\\/uploads\\\/2026\\\/03\\\/Image-293-2.jpeg\",\"datePublished\":\"2026-03-16T11:09:56+00:00\",\"dateModified\":\"2026-04-15T21:12:11+00:00\",\"description\":\"Der gebrauchte 40-Fu\u00df-High-Cube-Container bietet eine modulare und sichere Lagerl\u00f6sung mit erh\u00f6hter Innenh\u00f6he (~2,69 m), ideal f\u00fcr sperrige G\u00fcter, palettierte Ger\u00e4te oder modulare Projekte. Innenvolumen: ~74m\u00b3 \u2013 Nutzlast: ~26\u201328t \u2013 Europaletten: 25\u201326. Robust, general\u00fcberholt und wasserdicht, perfekt f\u00fcr Baustellen, Lagerhallen oder modulare Eins\u00e4tze.\",\"breadcrumb\":{\"@id\":\"https:\\\/\\\/sagrinex.com\\\/produit\\\/conteneur-de-stockage-40-pieds-high-cube-occasions\\\/#breadcrumb\"},\"inLanguage\":\"de\",\"potentialAction\":[{\"@type\":\"ReadAction\",\"target\":[\"https:\\\/\\\/sagrinex.com\\\/produit\\\/conteneur-de-stockage-40-pieds-high-cube-occasions\\\/\"]}]},{\"@type\":\"ImageObject\",\"inLanguage\":\"de\",\"@id\":\"https:\\\/\\\/sagrinex.com\\\/produit\\\/conteneur-de-stockage-40-pieds-high-cube-occasions\\\/#primaryimage\",\"url\":\"https:\\\/\\\/sagrinex.com\\\/wp-content\\\/uploads\\\/2026\\\/03\\\/Image-293-2.jpeg\",\"contentUrl\":\"https:\\\/\\\/sagrinex.com\\\/wp-content\\\/uploads\\\/2026\\\/03\\\/Image-293-2.jpeg\",\"width\":577,\"height\":433},{\"@type\":\"BreadcrumbList\",\"@id\":\"https:\\\/\\\/sagrinex.com\\\/produit\\\/conteneur-de-stockage-40-pieds-high-cube-occasions\\\/#breadcrumb\",\"itemListElement\":[{\"@type\":\"ListItem\",\"position\":1,\"name\":\"Accueil\",\"item\":\"https:\\\/\\\/sagrinex.com\\\/?lang=de\"},{\"@type\":\"ListItem\",\"position\":2,\"name\":\"Shop\",\"item\":\"https:\\\/\\\/sagrinex.com\\\/shop\\\/\"},{\"@type\":\"ListItem\",\"position\":3,\"name\":\"40 Fu\u00df Lagercontainer \u2013 High Cube \u2013 Gebraucht\"}]},{\"@type\":\"WebSite\",\"@id\":\"https:\\\/\\\/sagrinex.com\\\/#website\",\"url\":\"https:\\\/\\\/sagrinex.com\\\/\",\"name\":\"Sagrinex \u2013 Spezialist f\u00fcr Anh\u00e4nger, Container & Landtechnik\",\"description\":\"Anhaenger, Container &amp; Landtechnik \u2014 Online-Verkauf &amp; kostenloses Angebot\",\"publisher\":{\"@id\":\"https:\\\/\\\/sagrinex.com\\\/#organization\"},\"potentialAction\":[{\"@type\":\"SearchAction\",\"target\":{\"@type\":\"EntryPoint\",\"urlTemplate\":\"https:\\\/\\\/sagrinex.com\\\/?s={search_term_string}\"},\"query-input\":{\"@type\":\"PropertyValueSpecification\",\"valueRequired\":true,\"valueName\":\"search_term_string\"}}],\"inLanguage\":\"de\"},{\"@type\":\"Organization\",\"@id\":\"https:\\\/\\\/sagrinex.com\\\/#organization\",\"name\":\"Sagrinex \u2013 Remorques, Conteneurs & Mat\u00e9riel Agricole\",\"url\":\"https:\\\/\\\/sagrinex.com\\\/\",\"logo\":{\"@type\":\"ImageObject\",\"inLanguage\":\"de\",\"@id\":\"https:\\\/\\\/sagrinex.com\\\/#\\\/schema\\\/logo\\\/image\\\/\",\"url\":\"https:\\\/\\\/sagrinex.com\\\/wp-content\\\/uploads\\\/2026\\\/03\\\/7f1ac463-ef5a-425d-bdd6-a5da03a334a9-1024x683.png\",\"contentUrl\":\"https:\\\/\\\/sagrinex.com\\\/wp-content\\\/uploads\\\/2026\\\/03\\\/7f1ac463-ef5a-425d-bdd6-a5da03a334a9-1024x683.png\",\"width\":1024,\"height\":683,\"caption\":\"Sagrinex \u2013 Remorques, Conteneurs & Mat\u00e9riel Agricole\"},\"image\":{\"@id\":\"https:\\\/\\\/sagrinex.com\\\/#\\\/schema\\\/logo\\\/image\\\/\"}}]}<\/script>\n<!-- \/ Yoast SEO plugin. -->","yoast_head_json":{"title":"40 Fu\u00df LAGERCONTAINER \u2013 HIGH CUBE \u2013 GEBRAUCHT","description":"Der gebrauchte 40-Fu\u00df-High-Cube-Container bietet eine modulare und sichere Lagerl\u00f6sung mit erh\u00f6hter Innenh\u00f6he (~2,69 m), ideal f\u00fcr sperrige G\u00fcter, palettierte Ger\u00e4te oder modulare Projekte. Innenvolumen: ~74m\u00b3 \u2013 Nutzlast: ~26\u201328t \u2013 Europaletten: 25\u201326. Robust, general\u00fcberholt und wasserdicht, perfekt f\u00fcr Baustellen, Lagerhallen oder modulare Eins\u00e4tze.","robots":{"index":"index","follow":"follow","max-snippet":"max-snippet:-1","max-image-preview":"max-image-preview:large","max-video-preview":"max-video-preview:-1"},"canonical":"https:\/\/sagrinex.com\/produit\/conteneur-de-stockage-40-pieds-high-cube-occasions\/","og_locale":"de_DE","og_type":"article","og_title":"40 Fu\u00df LAGERCONTAINER \u2013 HIGH CUBE \u2013 GEBRAUCHT","og_description":"Der gebrauchte 40-Fu\u00df-High-Cube-Container bietet eine modulare und sichere Lagerl\u00f6sung mit erh\u00f6hter Innenh\u00f6he (~2,69 m), ideal f\u00fcr sperrige G\u00fcter, palettierte Ger\u00e4te oder modulare Projekte. Innenvolumen: ~74m\u00b3 \u2013 Nutzlast: ~26\u201328t \u2013 Europaletten: 25\u201326. Robust, general\u00fcberholt und wasserdicht, perfekt f\u00fcr Baustellen, Lagerhallen oder modulare Eins\u00e4tze.","og_url":"https:\/\/sagrinex.com\/produit\/conteneur-de-stockage-40-pieds-high-cube-occasions\/","og_site_name":"Sagrinex \u2013 Anhaenger, Container &amp; Landtechnik \ud83c\udf3e\ud83d\ude9c","article_modified_time":"2026-04-15T21:12:11+00:00","og_image":[{"width":577,"height":433,"url":"https:\/\/sagrinex.com\/wp-content\/uploads\/2026\/03\/Image-293-2.jpeg","type":"image\/jpeg"}],"twitter_card":"summary_large_image","twitter_misc":{"Gesch\u00e4tzte Lesezeit":"2\u00a0Minuten"},"schema":{"@context":"https:\/\/schema.org","@graph":[{"@type":"WebPage","@id":"https:\/\/sagrinex.com\/produit\/conteneur-de-stockage-40-pieds-high-cube-occasions\/","url":"https:\/\/sagrinex.com\/produit\/conteneur-de-stockage-40-pieds-high-cube-occasions\/","name":"40 Fu\u00df LAGERCONTAINER \u2013 HIGH CUBE \u2013 GEBRAUCHT","isPartOf":{"@id":"https:\/\/sagrinex.com\/#website"},"primaryImageOfPage":{"@id":"https:\/\/sagrinex.com\/produit\/conteneur-de-stockage-40-pieds-high-cube-occasions\/#primaryimage"},"image":{"@id":"https:\/\/sagrinex.com\/produit\/conteneur-de-stockage-40-pieds-high-cube-occasions\/#primaryimage"},"thumbnailUrl":"https:\/\/sagrinex.com\/wp-content\/uploads\/2026\/03\/Image-293-2.jpeg","datePublished":"2026-03-16T11:09:56+00:00","dateModified":"2026-04-15T21:12:11+00:00","description":"Der gebrauchte 40-Fu\u00df-High-Cube-Container bietet eine modulare und sichere Lagerl\u00f6sung mit erh\u00f6hter Innenh\u00f6he (~2,69 m), ideal f\u00fcr sperrige G\u00fcter, palettierte Ger\u00e4te oder modulare Projekte. Innenvolumen: ~74m\u00b3 \u2013 Nutzlast: ~26\u201328t \u2013 Europaletten: 25\u201326. Robust, general\u00fcberholt und wasserdicht, perfekt f\u00fcr Baustellen, Lagerhallen oder modulare Eins\u00e4tze.","breadcrumb":{"@id":"https:\/\/sagrinex.com\/produit\/conteneur-de-stockage-40-pieds-high-cube-occasions\/#breadcrumb"},"inLanguage":"de","potentialAction":[{"@type":"ReadAction","target":["https:\/\/sagrinex.com\/produit\/conteneur-de-stockage-40-pieds-high-cube-occasions\/"]}]},{"@type":"ImageObject","inLanguage":"de","@id":"https:\/\/sagrinex.com\/produit\/conteneur-de-stockage-40-pieds-high-cube-occasions\/#primaryimage","url":"https:\/\/sagrinex.com\/wp-content\/uploads\/2026\/03\/Image-293-2.jpeg","contentUrl":"https:\/\/sagrinex.com\/wp-content\/uploads\/2026\/03\/Image-293-2.jpeg","width":577,"height":433},{"@type":"BreadcrumbList","@id":"https:\/\/sagrinex.com\/produit\/conteneur-de-stockage-40-pieds-high-cube-occasions\/#breadcrumb","itemListElement":[{"@type":"ListItem","position":1,"name":"Accueil","item":"https:\/\/sagrinex.com\/?lang=de"},{"@type":"ListItem","position":2,"name":"Shop","item":"https:\/\/sagrinex.com\/shop\/"},{"@type":"ListItem","position":3,"name":"40 Fu\u00df Lagercontainer \u2013 High Cube \u2013 Gebraucht"}]},{"@type":"WebSite","@id":"https:\/\/sagrinex.com\/#website","url":"https:\/\/sagrinex.com\/","name":"Sagrinex \u2013 Spezialist f\u00fcr Anh\u00e4nger, Container & Landtechnik","description":"Anhaenger, Container &amp; Landtechnik \u2014 Online-Verkauf &amp; kostenloses Angebot","publisher":{"@id":"https:\/\/sagrinex.com\/#organization"},"potentialAction":[{"@type":"SearchAction","target":{"@type":"EntryPoint","urlTemplate":"https:\/\/sagrinex.com\/?s={search_term_string}"},"query-input":{"@type":"PropertyValueSpecification","valueRequired":true,"valueName":"search_term_string"}}],"inLanguage":"de"},{"@type":"Organization","@id":"https:\/\/sagrinex.com\/#organization","name":"Sagrinex \u2013 Remorques, Conteneurs & Mat\u00e9riel Agricole","url":"https:\/\/sagrinex.com\/","logo":{"@type":"ImageObject","inLanguage":"de","@id":"https:\/\/sagrinex.com\/#\/schema\/logo\/image\/","url":"https:\/\/sagrinex.com\/wp-content\/uploads\/2026\/03\/7f1ac463-ef5a-425d-bdd6-a5da03a334a9-1024x683.png","contentUrl":"https:\/\/sagrinex.com\/wp-content\/uploads\/2026\/03\/7f1ac463-ef5a-425d-bdd6-a5da03a334a9-1024x683.png","width":1024,"height":683,"caption":"Sagrinex \u2013 Remorques, Conteneurs & Mat\u00e9riel Agricole"},"image":{"@id":"https:\/\/sagrinex.com\/#\/schema\/logo\/image\/"}}]}},"jetpack_sharing_enabled":true,"_links":{"self":[{"href":"https:\/\/sagrinex.com\/de\/wp-json\/wp\/v2\/product\/14169","targetHints":{"allow":["GET"]}}],"collection":[{"href":"https:\/\/sagrinex.com\/de\/wp-json\/wp\/v2\/product"}],"about":[{"href":"https:\/\/sagrinex.com\/de\/wp-json\/wp\/v2\/types\/product"}],"replies":[{"embeddable":true,"href":"https:\/\/sagrinex.com\/de\/wp-json\/wp\/v2\/comments?post=14169"}],"version-history":[{"count":0,"href":"https:\/\/sagrinex.com\/de\/wp-json\/wp\/v2\/product\/14169\/revisions"}],"wp:featuredmedia":[{"embeddable":true,"href":"https:\/\/sagrinex.com\/de\/wp-json\/wp\/v2\/media\/16338"}],"wp:attachment":[{"href":"https:\/\/sagrinex.com\/de\/wp-json\/wp\/v2\/media?parent=14169"}],"wp:term":[{"taxonomy":"product_brand","embeddable":true,"href":"https:\/\/sagrinex.com\/de\/wp-json\/wp\/v2\/product_brand?post=14169"},{"taxonomy":"product_cat","embeddable":true,"href":"https:\/\/sagrinex.com\/de\/wp-json\/wp\/v2\/product_cat?post=14169"},{"taxonomy":"product_tag","embeddable":true,"href":"https:\/\/sagrinex.com\/de\/wp-json\/wp\/v2\/product_tag?post=14169"}],"curies":[{"name":"wp","href":"https:\/\/api.w.org\/{rel}","templated":true}]}}